{"id":23016,"date":"2023-11-17T23:37:36","date_gmt":"2023-11-17T22:37:36","guid":{"rendered":"https:\/\/iguanasmoke.com\/?post_type=product&#038;p=23016"},"modified":"2026-03-15T18:00:09","modified_gmt":"2026-03-15T17:00:09","slug":"cartuccia-di-cbd-a-spettro-completo-di-gorilla-glue","status":"publish","type":"product","link":"https:\/\/iguanasmoke.com\/it\/producto\/cartucho-cbd-full-spectrum-gorilla-glue\/","title":{"rendered":"Cartuccia di CBD a spettro completo - Gorilla Glue"},"content":{"rendered":"<h1><span style=\"font-weight: 400\">Cartuccia di CBD a spettro completo: Colla Gorilla<\/span><\/h1>\n<p><span style=\"font-weight: 400\">Scoprire il <strong>CBD Gorilla Glue Cartuccia di CBD a spettro completo <\/strong>, un gioiello di benessere a disposizione <strong>esclusivamente presso Iguana Smoke<\/strong>. <\/span><span style=\"font-weight: 400\">Progettato per chi \u00e8 alla ricerca di un <strong>esperienza di svapo completa<\/strong>, <strong>naturale e potente<\/strong>, questo <strong>Consumatore di CBD<\/strong> combina il potere terapeutico del cannabidiolo con l'inconfondibile aroma del cannabidiolo.\u00a0<\/span><\/p>\n<p><span style=\"font-weight: 400\">Esatto, il nostro <strong>Cartuccia di CBD<\/strong> \u00e8 realizzato con <strong>Estratto di canapa biologico a spettro completo<\/strong>, Contiene tutti i cannabinoidi e i terpeni della pianta. Contiene anche <strong>700mg CBD\/1400mg CBD<\/strong> (70% di concentrazione) e fornisce tra <strong>300(1ml)<\/strong> y <strong>600 (2ml) soffi<\/strong>. <\/span><\/p>\n<p><span style=\"font-weight: 400\">Godetevi un <strong>sollievo rapido e duraturo<\/strong>, ideale per accompagnarvi nei momenti di stress, ansia o riposo.<\/span><\/p>\n<p>&nbsp;<\/p>\n<h2><strong>Caratteristiche principali:<\/strong><\/h2>\n<ul>\n<li><span style=\"font-weight: 400\"><strong>Spettro completo di CBD di alta qualit\u00e0<\/strong>, con un profilo naturale di cannabinoidi.<\/span><\/li>\n<li><span style=\"font-weight: 400\"><strong>Estratto di canapa biologico<\/strong>, privo di additivi e solventi <\/span><\/li>\n<li><span style=\"font-weight: 400\">Disponibile in <strong>1ml e 2ml<\/strong>. <\/span><\/li>\n<li><span style=\"font-weight: 400\">A <strong>300 soffi (1ml) e 600 soffi (2ml)<\/strong>. <\/span><\/li>\n<li><span style=\"font-weight: 400\"><strong>Nessun THC rilevabile<\/strong>. <\/span><\/li>\n<li><span style=\"font-weight: 400\"><strong>Qualit\u00e0 garantita da Iguana Smoke<\/strong>.<\/span><\/li>\n<\/ul>\n<p>&nbsp;<\/p>\n<h2><strong>Vantaggi:<\/strong><\/h2>\n<ul>\n<li><span style=\"font-weight: 400\"><strong>Sollievo rapido ed efficace<\/strong>, grazie alla biodisponibilit\u00e0 del vaping.<\/span><\/li>\n<li><span style=\"font-weight: 400\">Promuove la <strong>rilassamento<\/strong> e il <strong>benessere<\/strong> generale.<\/span><\/li>\n<li><span style=\"font-weight: 400\"><strong>Nessun effetto psicoattivo indesiderato<\/strong>.<\/span><\/li>\n<li><span style=\"font-weight: 400\">Ideale per <strong>uso quotidiano<\/strong>, in casa o in trasferta, <strong>nessun odore, nessuna combustione<\/strong>.<\/span><\/li>\n<\/ul>\n<p><span style=\"font-weight: 400\">Il <strong>Consumatore di CBD<\/strong> \u00e8 il modo pi\u00f9 comodo e pulito per godere di tutti i vantaggi della <strong>benefici del cannabidiolo<\/strong>, nessuna manutenzione, nessun problema, nessuna seccatura.\u00a0<\/span><\/p>\n<p>&nbsp;<\/p>\n<h2><strong>Che cos'\u00e8 una cartuccia di CBD monouso?<\/strong><\/h2>\n<p><span style=\"font-weight: 400\">A <strong>Cartuccia CBD monouso<\/strong> \u00e8 un piccolo cilindro con <strong>510, attacco da 1ml o 2ml<\/strong> che viene fornita con liquido CBD a spettro completo. La grande differenza con altri tipi di cartucce \u00e8 che non ha bisogno di essere ricaricata o rifornita: <strong>quando si esaurisce viene semplicemente scartato<\/strong>.\u00a0<\/span><\/p>\n<p><span style=\"font-weight: 400\">Ci sono anche <a href=\"https:\/\/iguanasmoke.com\/it\/categoria\/cbd\/spettro-completo\/\">Vapori monouso a spettro completo di CBD<\/a> (all-in-one) con batteria e cartuccia integrate, pronto all'uso subito dopo l'acquisto.\u00a0<\/span><\/p>\n<p>&nbsp;<\/p>\n<h2><span style=\"font-weight: 400\"><strong>Batterie per la cartuccia Full Spectrum Gorilla Glue CBD<\/strong>:<\/span><\/h2>\n<p><span style=\"font-weight: 400\">Non dimenticate di acquistare un <strong>batteria 510<\/strong> <strong>affidabile<\/strong>, <strong>di lunga durata<\/strong> y <strong>adattato al vostro stile di consumo<\/strong>. Ecco perch\u00e9 in <strong>Fumo di iguana<\/strong> vi offriamo diversi modelli progettati per garantire una <strong>nebbia uniforme<\/strong>, a <strong>gusto pulito<\/strong> e un <strong>esperienza di vaping confortevole e sicura<\/strong>.<\/span><\/p>\n<ul>\n<li><span style=\"font-weight: 400\"><a href=\"https:\/\/iguanasmoke.com\/it\/prodotto\/batteria-iguana-power-510-per-cartucce-da-1-ml-2\/\"><strong>Batteria 510 con filettatura per cartucce da 1 ml<\/strong><\/a>Le dimensioni compatte li rendono discreti e facili da trasportare, e la loro potenza \u00e8 perfettamente calibrata per estrarre il profilo aromatico completo del CBD a spettro completo senza surriscaldare il liquido. Se cercate la convenienza, questo <a href=\"https:\/\/iguanasmoke.com\/it\/prodotto\/batteria-iguana-power-510-per-cartucce-da-1-ml-2\/\">Batteria da 1 ml<\/a> \u00e8 la scelta ideale per le cartucce da 1 ml. <em>Ha una potenza di 320 mAh.<\/em><\/span><\/li>\n<li><span style=\"font-weight: 400\"><a href=\"https:\/\/iguanasmoke.com\/it\/prodotto\/batteria-iguana-power-510-per-cartucce-da-2-ml-2\/\"><strong>Batteria 510 con filettatura per cartucce da 2 ml<\/strong><\/a>Se preferite una capacit\u00e0 maggiore e una durata pi\u00f9 lunga, questa fa al caso vostro. Offrono un'autonomia superiore, pensata per gli utenti che amano le sessioni pi\u00f9 lunghe o preferiscono cambiare le cartucce di CBD meno frequentemente. Garantiscono <strong>potenza stabile e prestazioni costanti<\/strong>, mantenendo la purezza e i terpeni dell'estratto. Acquistate ora il vostro <a href=\"https:\/\/iguanasmoke.com\/it\/prodotto\/batteria-iguana-power-510-per-cartucce-da-2-ml-2\/\">Batteria da 2 ml<\/a> e iniziare a svapare. <em>Ha una potenza di 400 mAh<\/em>.\u00a0<\/span><\/li>\n<li><a href=\"https:\/\/iguanasmoke.com\/it\/prodotto\/iguana-power-cartbox-battery-bateria-510-para-cartuchos\/\">Batteria tascabile Cartbox con filettatura 510<\/a>; Compatibilit\u00e0 2-in-1: <strong><span style=\"font-weight: 400\">E se siete alla ricerca di versatilit\u00e0, il nostro <a href=\"https:\/\/iguanasmoke.com\/it\/prodotto\/iguana-power-cartbox-battery-bateria-510-para-cartuchos\/\">Carrello 510<\/a> \u00e8 quello che state cercando. Questo modello \u00e8 compatibile con cartucce da 1 e 2 ml e offre un design robusto ed elegante che combina autonomia, discrezione e potenza regolabile. Ideale per chi utilizza diversi tipi di cartucce e desidera un dispositivo che si adatti a tutti. <em>Ha una potenza di 650 mAh<\/em>.\u00a0<\/span><\/strong><\/li>\n<\/ul>\n<div class=\"ewd-ufaq-faq-body\">\n<p>&nbsp;<\/p>\n<h3><b>Perch\u00e9 acquistare le cartucce di CBD <\/b>Spettro completo <b>nel fumo di iguana?<\/b><\/h3>\n<p><span style=\"font-weight: 400\">A <strong>Fumo di iguana<\/strong>, Siamo sempre impegnati nella qualit\u00e0 e nella trasparenza.  Il nostro <strong>Cartucce di CBD a spettro completo<\/strong> sono a base di estratti naturali e biologici. <\/span><\/p>\n<p><span style=\"font-weight: 400\">Quando acquistate con noi, scegliete un <strong>cartuccia di CBD sicura, potente e a spettro completo<\/strong>, che conserva tutti i cannabinoidi e i terpeni essenziali della pianta. Come nel caso della nostra <strong>CBD Gorilla Glue Cartuccia di CBD a spettro completo<\/strong>, che si distingue per il suo intenso sapore di cannabis.<\/span><\/p>\n<p><span style=\"font-weight: 400\">Questo \u00e8 il vostro posto sicuro per <strong>acquistare CBD vaper online in Spagna.<\/strong> Tutti i nostri prodotti sono approvati dall'UE, a garanzia della loro legalit\u00e0 e sicurezza. Il nostro <strong>Vaper CBD senza THC <\/strong>\u00e8 conforme agli standard di qualit\u00e0, le cui analisi di laboratorio possono essere consultate su<\/span><span style=\"font-weight: 400\"><a href=\"https:\/\/iguanasmoke.com\/it\/analitica\/\">qui<\/a>. Essendo privo di THC, \u00e8 possibile godere dei numerosi benefici del CBD senza gli effetti psicoattivi della cannabis.<\/span><\/p>\n<p><span style=\"font-weight: 400\">Non dimenticate di esplorare altri vapers di CBD come il <a href=\"https:\/\/iguanasmoke.com\/it\/prodotto\/vaper-cbd-iguana-pod-pocket-gelato-3ml\/\">Gelato CBD tascabile<\/a> o il <a href=\"https:\/\/iguanasmoke.com\/it\/prodotto\/cartuccia-di-cbd-full-spectrum-al-mango\/\">Cartuccia CBD Mango a spettro completo<\/a>, Quello che so \u00e8 che lei <\/span><span style=\"font-weight: 400\">assicuriamo che il <strong>Cartuccia di CBD a spettro completo<\/strong><strong>Colla Gorilla <\/strong>vi piacer\u00e0. Inoltre, non dimenticate di provare altri <strong>Prodotti TOP<\/strong> come il <a href=\"https:\/\/iguanasmoke.com\/it\/prodotto\/hash-cbd-frozen-golden-cider\/\">hash CBD Frozen Golden<\/a> o il <a href=\"https:\/\/iguanasmoke.com\/it\/prodotto\/vape-cbd-full-spectrum-iguana-pod-amnesia\/\">CBD Spettro Completo Amnesia Vaper<\/a>. <\/span><span style=\"font-weight: 400\">In breve, esplorate la nostra variet\u00e0 e trovate subito i vostri preferiti.\u00a0<\/span><\/p>\n<p>&nbsp;<\/p>\n<h3><b>Iguana Smoke \u00e8 il vostro negozio online di CBD di fiducia<\/b><\/h3>\n<p><span style=\"font-weight: 400\">Noi di Iguana Smoke crediamo che il consumo di CBD debba essere un'esperienza sicura e piacevole. Ecco perch\u00e9 abbiamo prodotti di alta qualit\u00e0 che si rivolgono alle nuove generazioni: persone che cercano un benessere senza complicazioni, con marchi autentici e affidabili.\u00a0<\/span><\/p>\n<p>La nostra missione \u00e8 chiara: offrirvi il meglio del mondo dei cannabinoidi a un prezzo equo, con la tranquillit\u00e0 che deriva dalla consapevolezza di scegliere un prodotto certificato, efficace e legale. Siamo all'avanguardia nei prodotti a base di CBD.<\/p>\n<p>Ancora dubbi? Scriveteci e saremo lieti di aiutarvi a trovare il prodotto giusto per voi.<\/p>\n<\/div>\n<p>&nbsp;<\/p>\n<p><em><span style=\"font-weight: 400\">*Nota bene: il suo utilizzo \u00e8 destinato alla raccolta o all'aromaterapia secondo la legge spagnola.<\/span><\/em><\/p>\n<p><em><span style=\"font-weight: 400\">**Tutti i nostri prodotti sono derivati da canapa industriale certificata. Contengono meno dello 0,3 di THC e non contengono cannabinoidi illegali come HHC, HHC-P, THCP, THCP-O, H4CBD e quelli inclusi nell'Allegato I del Regio Decreto 2829\/1977, n\u00e9 sostanze controllate dalle convenzioni internazionali.\u00a0<\/span><\/em><\/p>","protected":false},"excerpt":{"rendered":"<ul>\n<li>Terpeni naturali di alta qualit\u00e0<\/li>\n<li>Connessione: tipo 510<\/li>\n<li>Capacit\u00e0: <span style=\"font-size: 16px\">1 ml (300 soffi) \/ 2 ml (600 soffi)<\/span><\/li>\n<li>CBD: <span style=\"font-size: 16px\"> 70% \/ 700mg \/ 1400mg\u00a0<\/span><\/li>\n<li>THC e nicotina: 0%<\/li>\n<li>Non contiene VG, PG, PEG, MCT o altri agenti di taglio.<\/li>\n<\/ul>\n<p><span style=\"font-weight: 400\">Inoltre, se si desidera, \u00e8 possibile consultare<strong> <a href=\"https:\/\/iguanasmoke.com\/it\/analitica\/\">analisi di laboratorio.<\/a><\/strong><\/span><\/p>","protected":false},"featured_media":55750,"comment_status":"open","ping_status":"closed","template":"","meta":{"_acf_changed":false,"site-sidebar-layout":"default","site-content-layout":"default","ast-site-content-layout":"default","site-content-style":"default","site-sidebar-style":"default","ast-global-header-display":"","ast-banner-title-visibility":"","ast-main-header-display":"","ast-hfb-above-header-display":"","ast-hfb-below-header-display":"","ast-hfb-mobile-header-display":"","site-post-title":"","ast-breadcrumbs-content":"","ast-featured-img":"","footer-sml-layout":"","theme-transparent-header-meta":"default","adv-header-id-meta":"","stick-header-meta":"","header-above-stick-meta":"","header-main-stick-meta":"","header-below-stick-meta":"","astra-migrate-meta-layouts":"set","ast-page-background-enabled":"default","ast-page-background-meta":{"desktop":{"background-color":"var(--ast-global-color-4)","background-image":"","background-repeat":"repeat","background-position":"center center","background-size":"auto","background-attachment":"scroll","background-type":"","background-media":"","overlay-type":"","overlay-color":"","overlay-opacity":"","overlay-gradient":""},"tablet":{"background-color":"","background-image":"","background-repeat":"repeat","background-position":"center center","background-size":"auto","background-attachment":"scroll","background-type":"","background-media":"","overlay-type":"","overlay-color":"","overlay-opacity":"","overlay-gradient":""},"mobile":{"background-color":"","background-image":"","background-repeat":"repeat","background-position":"center center","background-size":"auto","background-attachment":"scroll","background-type":"","background-media":"","overlay-type":"","overlay-color":"","overlay-opacity":"","overlay-gradient":""}},"ast-content-background-meta":{"desktop":{"background-color":"var(--ast-global-color-5)","background-image":"","background-repeat":"repeat","background-position":"center center","background-size":"auto","background-attachment":"scroll","background-type":"","background-media":"","overlay-type":"","overlay-color":"","overlay-opacity":"","overlay-gradient":""},"tablet":{"background-color":"var(--ast-global-color-5)","background-image":"","background-repeat":"repeat","background-position":"center center","background-size":"auto","background-attachment":"scroll","background-type":"","background-media":"","overlay-type":"","overlay-color":"","overlay-opacity":"","overlay-gradient":""},"mobile":{"background-color":"var(--ast-global-color-5)","background-image":"","background-repeat":"repeat","background-position":"center center","background-size":"auto","background-attachment":"scroll","background-type":"","background-media":"","overlay-type":"","overlay-color":"","overlay-opacity":"","overlay-gradient":""}}},"product_brand":[],"product_cat":[419,981,418],"product_tag":[],"class_list":{"0":"post-23016","1":"product","2":"type-product","3":"status-publish","4":"has-post-thumbnail","6":"product_cat-cartuchos-cbd","7":"product_cat-cbd-full-spectrum","8":"product_cat-vaper-cbd","9":"desktop-align-center","10":"tablet-align-center","11":"mobile-align-center","13":"first","14":"instock","15":"taxable","16":"shipping-taxable","17":"purchasable","18":"product-type-variable"},"acf":[],"yoast_head":"<!-- This site is optimized with the Yoast SEO Premium plugin v27.3 (Yoast SEO v27.3) - https:\/\/yoast.com\/product\/yoast-seo-premium-wordpress\/ -->\n<title>Cartucho CBD Gorilla Glue Full Spectrum | Iguana Smoke<\/title>\n<meta name=\"description\" content=\"Prueba ya este vaper CBD en formato cartucho CBD Gorilla Glue Full Spectrum. Disponible en 1ml\/2ml, 300\/600 caladas y con una concentraci\u00f3n del 70% de CBD.\" \/>\n<meta name=\"robots\" content=\"index, follow, max-snippet:-1, max-image-preview:large, max-video-preview:-1\" \/>\n<link rel=\"canonical\" href=\"https:\/\/iguanasmoke.com\/it\/prodotto\/cartuccia-di-cbd-a-spettro-completo-di-gorilla-glue\/\" \/>\n<meta property=\"og:locale\" content=\"it_IT\" \/>\n<meta property=\"og:type\" content=\"article\" \/>\n<meta property=\"og:title\" content=\"Cartucho CBD Full Spectrum - Gorilla Glue\" \/>\n<meta property=\"og:description\" content=\"Terpenos naturales de alta calidad  Conexi\u00f3n: tipo 510  Capacidad: 1 ml (300 caladas)\/ 2 ml (600 caladas)  CBD: 70% \/ 700mg \/ 1400mg\u00a0  THC y Nicotina: 0%  No contiene VG, PG, PEG, MCT o cualquier otro agente de corte  Adem\u00e1s, si quieres puedes consultar el an\u00e1lisis de laboratorio.\" \/>\n<meta property=\"og:url\" content=\"https:\/\/iguanasmoke.com\/it\/prodotto\/cartuccia-di-cbd-a-spettro-completo-di-gorilla-glue\/\" \/>\n<meta property=\"og:site_name\" content=\"Iguana Smoke\" \/>\n<meta property=\"article:publisher\" content=\"https:\/\/www.facebook.com\/iguanasmoke\" \/>\n<meta property=\"article:modified_time\" content=\"2026-03-15T17:00:09+00:00\" \/>\n<meta property=\"og:image\" content=\"https:\/\/iguanasmoke.com\/wp-content\/uploads\/2023\/11\/Bolsa-con-cartucho-Vape-Full-Spectrum-2ml-Gorilla-Glue-2025.webp\" \/>\n\t<meta property=\"og:image:width\" content=\"1000\" \/>\n\t<meta property=\"og:image:height\" content=\"1000\" \/>\n\t<meta property=\"og:image:type\" content=\"image\/webp\" \/>\n<meta name=\"twitter:card\" content=\"summary_large_image\" \/>\n<meta name=\"twitter:label1\" content=\"Disponibilit\u00e0\" \/>\n\t<meta name=\"twitter:data1\" content=\"In stock\" \/>\n<meta property=\"product:brand\" content=\"variable\" \/>\n<meta property=\"og:availability\" content=\"instock\" \/>\n<meta property=\"product:availability\" content=\"instock\" \/>\n<meta property=\"product:condition\" content=\"new\" \/>\n<!-- \/ Yoast SEO Premium plugin. -->","yoast_head_json":{"title":"CBD Gorilla Glue Cartuccia di CBD a spettro completo | Iguana Smoke","description":"Provate questo vaper al CBD in formato cartuccia CBD Gorilla Glue Full Spectrum CBD. Disponibile in formato 1ml\/2ml, 300\/600 puff e con una concentrazione di 70% di CBD.","robots":{"index":"index","follow":"follow","max-snippet":"max-snippet:-1","max-image-preview":"max-image-preview:large","max-video-preview":"max-video-preview:-1"},"canonical":"https:\/\/iguanasmoke.com\/it\/prodotto\/cartuccia-di-cbd-a-spettro-completo-di-gorilla-glue\/","og_locale":"it_IT","og_type":"article","og_title":"Cartucho CBD Full Spectrum - Gorilla Glue","og_description":"Terpenos naturales de alta calidad  Conexi\u00f3n: tipo 510  Capacidad: 1 ml (300 caladas)\/ 2 ml (600 caladas)  CBD: 70% \/ 700mg \/ 1400mg\u00a0  THC y Nicotina: 0%  No contiene VG, PG, PEG, MCT o cualquier otro agente de corte  Adem\u00e1s, si quieres puedes consultar el an\u00e1lisis de laboratorio.","og_url":"https:\/\/iguanasmoke.com\/it\/prodotto\/cartuccia-di-cbd-a-spettro-completo-di-gorilla-glue\/","og_site_name":"Iguana Smoke","article_publisher":"https:\/\/www.facebook.com\/iguanasmoke","article_modified_time":"2026-03-15T17:00:09+00:00","og_image":[{"width":1000,"height":1000,"url":"https:\/\/iguanasmoke.com\/wp-content\/uploads\/2023\/11\/Bolsa-con-cartucho-Vape-Full-Spectrum-2ml-Gorilla-Glue-2025.webp","type":"image\/webp"}],"twitter_card":"summary_large_image","twitter_misc":{"Disponibilit\u00e0":"In stock"},"schema":{"@context":"https:\/\/schema.org","@graph":[{"@type":"WebPage","@id":"https:\/\/iguanasmoke.com\/producto\/cartucho-cbd-full-spectrum-gorilla-glue\/","url":"https:\/\/iguanasmoke.com\/producto\/cartucho-cbd-full-spectrum-gorilla-glue\/","name":"CBD Gorilla Glue Cartuccia di CBD a spettro completo | Iguana Smoke","isPartOf":{"@id":"https:\/\/iguanasmoke.com\/#website"},"primaryImageOfPage":{"@id":"https:\/\/iguanasmoke.com\/producto\/cartucho-cbd-full-spectrum-gorilla-glue\/#primaryimage"},"image":{"@id":"https:\/\/iguanasmoke.com\/producto\/cartucho-cbd-full-spectrum-gorilla-glue\/#primaryimage"},"thumbnailUrl":"https:\/\/iguanasmoke.com\/wp-content\/uploads\/2023\/11\/Bolsa-con-cartucho-Vape-Full-Spectrum-2ml-Gorilla-Glue-2025.webp","datePublished":"2023-11-17T22:37:36+00:00","dateModified":"2026-03-15T17:00:09+00:00","description":"Provate questo vaper al CBD in formato cartuccia CBD Gorilla Glue Full Spectrum CBD. Disponibile in formato 1ml\/2ml, 300\/600 puff e con una concentrazione di 70% di CBD.","breadcrumb":{"@id":"https:\/\/iguanasmoke.com\/producto\/cartucho-cbd-full-spectrum-gorilla-glue\/#breadcrumb"},"inLanguage":"it-IT","potentialAction":[{"@type":"ReadAction","target":["https:\/\/iguanasmoke.com\/producto\/cartucho-cbd-full-spectrum-gorilla-glue\/"]}]},{"@type":"ImageObject","inLanguage":"it-IT","@id":"https:\/\/iguanasmoke.com\/producto\/cartucho-cbd-full-spectrum-gorilla-glue\/#primaryimage","url":"https:\/\/iguanasmoke.com\/wp-content\/uploads\/2023\/11\/Bolsa-con-cartucho-Vape-Full-Spectrum-2ml-Gorilla-Glue-2025.webp","contentUrl":"https:\/\/iguanasmoke.com\/wp-content\/uploads\/2023\/11\/Bolsa-con-cartucho-Vape-Full-Spectrum-2ml-Gorilla-Glue-2025.webp","width":1000,"height":1000,"caption":"cartucho con bolsa de gorilla glue CBD Full spectrum"},{"@type":"BreadcrumbList","@id":"https:\/\/iguanasmoke.com\/producto\/cartucho-cbd-full-spectrum-gorilla-glue\/#breadcrumb","itemListElement":[{"@type":"ListItem","position":1,"name":"home","item":"https:\/\/iguanasmoke.com\/"},{"@type":"ListItem","position":2,"name":"Tienda","item":"https:\/\/iguanasmoke.com\/tienda\/"},{"@type":"ListItem","position":3,"name":"Vaper CBD","item":"https:\/\/iguanasmoke.com\/categoria\/vaper-cbd\/"},{"@type":"ListItem","position":4,"name":"Cartucho CBD Full Spectrum &#8211; Gorilla Glue"}]},{"@type":"WebSite","@id":"https:\/\/iguanasmoke.com\/#website","url":"https:\/\/iguanasmoke.com\/","name":"Fumo di iguana","description":"Acquistare CBD online al miglior prezzo","publisher":{"@id":"https:\/\/iguanasmoke.com\/#organization"},"potentialAction":[{"@type":"SearchAction","target":{"@type":"EntryPoint","urlTemplate":"https:\/\/iguanasmoke.com\/?s={search_term_string}"},"query-input":{"@type":"PropertyValueSpecification","valueRequired":true,"valueName":"search_term_string"}}],"inLanguage":"it-IT"},{"@type":"Organization","@id":"https:\/\/iguanasmoke.com\/#organization","name":"Fumo di iguana","url":"https:\/\/iguanasmoke.com\/","logo":{"@type":"ImageObject","inLanguage":"it-IT","@id":"https:\/\/iguanasmoke.com\/#\/schema\/logo\/image\/","url":"https:\/\/iguanasmoke.com\/wp-content\/uploads\/2025\/01\/logoiguana-favi-1.png","contentUrl":"https:\/\/iguanasmoke.com\/wp-content\/uploads\/2025\/01\/logoiguana-favi-1.png","width":512,"height":512,"caption":"Iguana Smoke"},"image":{"@id":"https:\/\/iguanasmoke.com\/#\/schema\/logo\/image\/"},"sameAs":["https:\/\/www.facebook.com\/iguanasmoke","https:\/\/www.instagram.com\/iguanasmoke\/"]}]},"product_brand":"variable","og_availability":"instock","product_availability":"instock","product_condition":"new"},"_links":{"self":[{"href":"https:\/\/iguanasmoke.com\/it\/wp-json\/wp\/v2\/product\/23016","targetHints":{"allow":["GET"]}}],"collection":[{"href":"https:\/\/iguanasmoke.com\/it\/wp-json\/wp\/v2\/product"}],"about":[{"href":"https:\/\/iguanasmoke.com\/it\/wp-json\/wp\/v2\/types\/product"}],"replies":[{"embeddable":true,"href":"https:\/\/iguanasmoke.com\/it\/wp-json\/wp\/v2\/comments?post=23016"}],"wp:featuredmedia":[{"embeddable":true,"href":"https:\/\/iguanasmoke.com\/it\/wp-json\/wp\/v2\/media\/55750"}],"wp:attachment":[{"href":"https:\/\/iguanasmoke.com\/it\/wp-json\/wp\/v2\/media?parent=23016"}],"wp:term":[{"taxonomy":"product_brand","embeddable":true,"href":"https:\/\/iguanasmoke.com\/it\/wp-json\/wp\/v2\/product_brand?post=23016"},{"taxonomy":"product_cat","embeddable":true,"href":"https:\/\/iguanasmoke.com\/it\/wp-json\/wp\/v2\/product_cat?post=23016"},{"taxonomy":"product_tag","embeddable":true,"href":"https:\/\/iguanasmoke.com\/it\/wp-json\/wp\/v2\/product_tag?post=23016"}],"curies":[{"name":"wp","href":"https:\/\/api.w.org\/{rel}","templated":true}]}}