{"id":25695,"date":"2023-12-07T17:39:25","date_gmt":"2023-12-07T16:39:25","guid":{"rendered":"https:\/\/iguanasmoke.com\/?post_type=product&#038;p=25695"},"modified":"2026-03-20T13:21:26","modified_gmt":"2026-03-20T12:21:26","slug":"hashish-cbd-lemon-haze-20","status":"publish","type":"product","link":"https:\/\/iguanasmoke.com\/it\/producto\/hash-cbd-lemon-haze-20\/","title":{"rendered":"Hash CBD Polline Lemon Haze 20%"},"content":{"rendered":"<h1><span style=\"font-weight: 400;\">Polen Lemon Haze Hash 20% CBD: l'hashish dei pi\u00f9 esperti<\/span><\/h1>\n<p><span style=\"font-weight: 400;\">Se state cercando <strong>Hashish privo di THC con elevato contenuto di CBD<\/strong>, siete nel posto giusto. Il nostro <strong>Hash CBD Lemon Haze 20% <\/strong>\u00a0\u00e8 un <strong>resina<\/strong> <strong>premio<\/strong> che offre un'esperienza unica sia per gli utenti abituali che per coloro che desiderano <strong>provare l'hashish CBD per la prima volta<\/strong>. Aroma intenso, consistenza perfetta ed effetto rilassante: dovete provare questo polline. <\/span><\/p>\n<p><span style=\"font-weight: 400;\">Ordinate oggi stesso e godetevi la migliore <strong>hashish CBD online<\/strong>!<\/span><\/p>\n<p>&nbsp;<\/p>\n<h2>Caratteristiche dell'Hash CBD Lemon Haze 20%:<\/h2>\n<ul>\n<li><b>Aspetto e consistenza: <\/b>visivamente, si distingue per la sua t<strong>estura morbida e malleabile<\/strong>, invitando a un'esperienza tattile piacevole quanto il suo effetto. La sua colorazione e la sua consistenza testimoniano la sua alta qualit\u00e0.<\/li>\n<li><span style=\"font-size: 16px; font-weight: 400;\"><strong>Aroma e gusto:<\/strong> L'aroma \u00e8 sottile <strong>agrumi<\/strong> di questa resina \u00e8 un vero e proprio <strong>piacere olfattivo<\/strong>. Questa caratteristica la rende una scelta unica per chi cerca una resina con un profilo aromatico distintivo e avvolgente.<\/span><\/li>\n<li><strong>Origine e purezza:<\/strong> Selezionata e lavorata con cura, questa resina proviene da fonti affidabili che garantiscono purezza e qualit\u00e0. <span style=\"font-size: 16px; font-weight: 400;\">Questa attenzione per i dettagli garantisce un prodotto equilibrato, fondamentale per chi desidera <strong>CBD economico<\/strong> ma non si vuole compromettere la qualit\u00e0 della <strong>CBD Lemon Haze hashish<\/strong>.<\/span><\/li>\n<\/ul>\n<p>&nbsp;<\/p>\n<h3><b>Perch\u00e9 acquistare hashish e resina di CBD da Iguana Smoke?<\/b><\/h3>\n<p><span style=\"font-weight: 400;\">Noi di Iguana Smoke ci impegniamo per la qualit\u00e0. I nostri prodotti di hashish CBD sono 100% naturali e biologici, senza sostanze chimiche o pesticidi. Ci\u00f2 significa che quando acquistate da noi, scegliete hashish e resina CBD puri e sicuri. Come nel caso dei nostri <span style=\"font-size: 16px; font-weight: 400;\"><strong>CBD Lemon Haze hashish<\/strong><\/span> <strong>20%.<\/strong><\/span><\/p>\n<p><span style=\"font-weight: 400;\">Senza dubbio, questo \u00e8 il luogo sicuro <strong>dove acquistare CBD hashish in Spagna<\/strong> poich\u00e9 tutti i nostri prodotti sono approvati dall'UE, a garanzia della loro legalit\u00e0 e sicurezza. Con meno di 0,3 % di THC, il nostro hashish e la nostra resina di CBD permettono di godere dei numerosi benefici del CBD senza gli effetti psicoattivi. P<\/span><span style=\"font-weight: 400;\">\u00e8 possibile consultare l'analisi della qualit\u00e0 di questo hashish <a href=\"https:\/\/iguanasmoke.com\/it\/analitica\/\">qui<\/a>.\u00a0<\/span><\/p>\n<p><em><span style=\"font-weight: 400;\">Ricordate: il suo uso \u00e8 destinato al collezionismo o all'aromaterapia secondo la legge spagnola.\u00a0<\/span><\/em><\/p>\n<p><span style=\"font-weight: 400;\">Inoltre, se amate le altre nostre resine come<a href=\"https:\/\/iguanasmoke.com\/it\/prodotto\/spazio-hash-marocchino-stv-sativanol\/\">\u00a0lo spazio Hash marocchino STV <\/a> o il <a href=\"https:\/\/iguanasmoke.com\/it\/prodotto\/ice-hash-cbd-60\/\">ghiaccio90<\/a> di CBD, vi assicuriamo che il <strong>Hash CBD Lemon Haze 20%<\/strong> risveglier\u00e0 i vostri sensi. Inoltre, non dimenticate di esplorare altri prodotti popolari, come il <a href=\"https:\/\/iguanasmoke.com\/it\/categoria\/vapers\/vapes-cbd-tascabili\/\">vapes CBD tascabili<\/a> e il <a href=\"https:\/\/iguanasmoke.com\/it\/categoria\/acquistare-gemme-di-fiori-di-cbd-online\/\">Fiori di CBD.<\/a> <\/span><span style=\"font-weight: 400;\">Esplorate la nostra gamma oggi stesso e trovate il vostro preferito.\u00a0<\/span><\/p>\n<p>&nbsp;<\/p>\n<h3><b>Iguana Smoke \u00e8 sinonimo di qualit\u00e0 e affidabilit\u00e0.<\/b><\/h3>\n<p><span style=\"font-weight: 400;\">Noi di Iguana Smoke crediamo che il consumo di CBD debba essere un'esperienza sicura, accessibile e piacevole. Ecco perch\u00e9 abbiamo prodotti di alta qualit\u00e0 che si rivolgono alle nuove generazioni: persone che cercano un benessere senza complicazioni, con marchi autentici e affidabili. Ricordate che tutti i nostri prodotti sono <strong>Hashish privo di THC con elevato contenuto di CBD<\/strong>, come il <strong>CBD Lemon Haze hashish <\/strong>si sta acquistando.<\/span><\/p>\n<p>In altre parole, la nostra missione \u00e8 chiara: offrirvi il meglio del CBD a un prezzo equo, con la tranquillit\u00e0 di sapere che state scegliendo un prodotto certificato, efficace e legale 100%. Siamo all'avanguardia nel settore dei prodotti a base di CBD.<\/p>\n<p>Avete domande? Scriveteci e saremo lieti di aiutarvi a trovare il prodotto giusto per voi.<\/p>","protected":false},"excerpt":{"rendered":"<p>Esplorate il nostro Lemon Haze Hash 20% CBD, una resina di CBD che si distingue per il suo aroma morbido e terroso. Il suo odore agrumato ma morbido la rende incredibile nel mondo dell'hashish.<\/p>\n<ul>\n<li>CBD: 20% \/ THC: &lt;0,3%<\/li>\n<li>Aroma forte con toni agrumati<\/li>\n<li>100% legale in Europa<\/li>\n<\/ul>\n<p>Analisi della qualit\u00e0: clicca <a href=\"https:\/\/iguanasmoke.com\/it\/analitica\/\">qui<\/a><\/p>","protected":false},"featured_media":81867,"comment_status":"open","ping_status":"closed","template":"","meta":{"_acf_changed":false,"site-sidebar-layout":"default","site-content-layout":"default","ast-site-content-layout":"default","site-content-style":"default","site-sidebar-style":"default","ast-global-header-display":"","ast-banner-title-visibility":"","ast-main-header-display":"","ast-hfb-above-header-display":"","ast-hfb-below-header-display":"","ast-hfb-mobile-header-display":"","site-post-title":"","ast-breadcrumbs-content":"","ast-featured-img":"","footer-sml-layout":"","theme-transparent-header-meta":"default","adv-header-id-meta":"","stick-header-meta":"","header-above-stick-meta":"","header-main-stick-meta":"","header-below-stick-meta":"","astra-migrate-meta-layouts":"set","ast-page-background-enabled":"default","ast-page-background-meta":{"desktop":{"background-color":"var(--ast-global-color-4)","background-image":"","background-repeat":"repeat","background-position":"center center","background-size":"auto","background-attachment":"scroll","background-type":"","background-media":"","overlay-type":"","overlay-color":"","overlay-opacity":"","overlay-gradient":""},"tablet":{"background-color":"","background-image":"","background-repeat":"repeat","background-position":"center center","background-size":"auto","background-attachment":"scroll","background-type":"","background-media":"","overlay-type":"","overlay-color":"","overlay-opacity":"","overlay-gradient":""},"mobile":{"background-color":"","background-image":"","background-repeat":"repeat","background-position":"center center","background-size":"auto","background-attachment":"scroll","background-type":"","background-media":"","overlay-type":"","overlay-color":"","overlay-opacity":"","overlay-gradient":""}},"ast-content-background-meta":{"desktop":{"background-color":"var(--ast-global-color-5)","background-image":"","background-repeat":"repeat","background-position":"center center","background-size":"auto","background-attachment":"scroll","background-type":"","background-media":"","overlay-type":"","overlay-color":"","overlay-opacity":"","overlay-gradient":""},"tablet":{"background-color":"var(--ast-global-color-5)","background-image":"","background-repeat":"repeat","background-position":"center center","background-size":"auto","background-attachment":"scroll","background-type":"","background-media":"","overlay-type":"","overlay-color":"","overlay-opacity":"","overlay-gradient":""},"mobile":{"background-color":"var(--ast-global-color-5)","background-image":"","background-repeat":"repeat","background-position":"center center","background-size":"auto","background-attachment":"scroll","background-type":"","background-media":"","overlay-type":"","overlay-color":"","overlay-opacity":"","overlay-gradient":""}}},"product_brand":[],"product_cat":[397],"product_tag":[],"class_list":{"0":"post-25695","1":"product","2":"type-product","3":"status-publish","4":"has-post-thumbnail","6":"product_cat-hash-cbd","7":"desktop-align-center","8":"tablet-align-center","9":"mobile-align-center","11":"first","12":"instock","13":"taxable","14":"shipping-taxable","15":"purchasable","16":"product-type-variable"},"acf":[],"yoast_head":"<!-- This site is optimized with the Yoast SEO Premium plugin v27.3 (Yoast SEO v27.3) - https:\/\/yoast.com\/product\/yoast-seo-premium-wordpress\/ -->\n<title>Hash CBD Lemon Haze: Comprar Hash CBD Espa\u00f1a | Iguana Smoke<\/title>\n<meta name=\"description\" content=\"Compra Lemon Haze Hash CBD 20% al mejor precio en Iguana Smoke. Tu lugar de confianza para comprar Hash sin THC con alto contenido en CBD en Espa\u00f1a.\" \/>\n<meta name=\"robots\" content=\"index, follow, max-snippet:-1, max-image-preview:large, max-video-preview:-1\" \/>\n<link rel=\"canonical\" href=\"https:\/\/iguanasmoke.com\/it\/prodotto\/hashish-cbd-lemon-haze-20\/\" \/>\n<meta property=\"og:locale\" content=\"it_IT\" \/>\n<meta property=\"og:type\" content=\"article\" \/>\n<meta property=\"og:title\" content=\"Hash CBD Polen Lemon Haze 20%\" \/>\n<meta property=\"og:description\" content=\"Explora nuestro Lemon Haze Hash 20% CBD, una resina CBD que destaca por su suavidad y aroma terroso. Su olor c\u00edtrico pero suave lo hace incre\u00edble en el mundo del hach\u00eds.   CBD: 20% \/ THC: &lt;0,3%  Aroma fuerte con tonos c\u00edtricos  100% legal en Europa  An\u00e1lisis de calidad: pincha aqu\u00ed\" \/>\n<meta property=\"og:url\" content=\"https:\/\/iguanasmoke.com\/it\/prodotto\/hashish-cbd-lemon-haze-20\/\" \/>\n<meta property=\"og:site_name\" content=\"Iguana Smoke\" \/>\n<meta property=\"article:publisher\" content=\"https:\/\/www.facebook.com\/iguanasmoke\" \/>\n<meta property=\"article:modified_time\" content=\"2026-03-20T12:21:26+00:00\" \/>\n<meta property=\"og:image\" content=\"https:\/\/iguanasmoke.com\/wp-content\/uploads\/2023\/12\/Lemon-Haze-2g-con-hash.webp\" \/>\n\t<meta property=\"og:image:width\" content=\"1000\" \/>\n\t<meta property=\"og:image:height\" content=\"1000\" \/>\n\t<meta property=\"og:image:type\" content=\"image\/webp\" \/>\n<meta name=\"twitter:card\" content=\"summary_large_image\" \/>\n<meta name=\"twitter:label1\" content=\"Disponibilit\u00e0\" \/>\n\t<meta name=\"twitter:data1\" content=\"In stock\" \/>\n<meta property=\"product:brand\" content=\"variable\" \/>\n<meta property=\"og:availability\" content=\"instock\" \/>\n<meta property=\"product:availability\" content=\"instock\" \/>\n<meta property=\"product:condition\" content=\"new\" \/>\n<!-- \/ Yoast SEO Premium plugin. -->","yoast_head_json":{"title":"Hash CBD Lemon Haze: Acquistare Hash CBD in Italia : Iguana Smoke","description":"Acquistare Lemon Haze Hash CBD 20% al miglior prezzo in Iguana Smoke. Il tuo posto di fiducia per acquistare Hash senza THC con un alto contenuto di CBD in Spagna.","robots":{"index":"index","follow":"follow","max-snippet":"max-snippet:-1","max-image-preview":"max-image-preview:large","max-video-preview":"max-video-preview:-1"},"canonical":"https:\/\/iguanasmoke.com\/it\/prodotto\/hashish-cbd-lemon-haze-20\/","og_locale":"it_IT","og_type":"article","og_title":"Hash CBD Polen Lemon Haze 20%","og_description":"Explora nuestro Lemon Haze Hash 20% CBD, una resina CBD que destaca por su suavidad y aroma terroso. Su olor c\u00edtrico pero suave lo hace incre\u00edble en el mundo del hach\u00eds.   CBD: 20% \/ THC: &lt;0,3%  Aroma fuerte con tonos c\u00edtricos  100% legal en Europa  An\u00e1lisis de calidad: pincha aqu\u00ed","og_url":"https:\/\/iguanasmoke.com\/it\/prodotto\/hashish-cbd-lemon-haze-20\/","og_site_name":"Iguana Smoke","article_publisher":"https:\/\/www.facebook.com\/iguanasmoke","article_modified_time":"2026-03-20T12:21:26+00:00","og_image":[{"width":1000,"height":1000,"url":"https:\/\/iguanasmoke.com\/wp-content\/uploads\/2023\/12\/Lemon-Haze-2g-con-hash.webp","type":"image\/webp"}],"twitter_card":"summary_large_image","twitter_misc":{"Disponibilit\u00e0":"In stock"},"schema":{"@context":"https:\/\/schema.org","@graph":[{"@type":"WebPage","@id":"https:\/\/iguanasmoke.com\/producto\/hash-cbd-lemon-haze-20\/","url":"https:\/\/iguanasmoke.com\/producto\/hash-cbd-lemon-haze-20\/","name":"Hash CBD Lemon Haze: Acquistare Hash CBD in Italia : Iguana Smoke","isPartOf":{"@id":"https:\/\/iguanasmoke.com\/#website"},"primaryImageOfPage":{"@id":"https:\/\/iguanasmoke.com\/producto\/hash-cbd-lemon-haze-20\/#primaryimage"},"image":{"@id":"https:\/\/iguanasmoke.com\/producto\/hash-cbd-lemon-haze-20\/#primaryimage"},"thumbnailUrl":"https:\/\/iguanasmoke.com\/wp-content\/uploads\/2023\/12\/Lemon-Haze-2g-con-hash.webp","datePublished":"2023-12-07T16:39:25+00:00","dateModified":"2026-03-20T12:21:26+00:00","description":"Acquistare Lemon Haze Hash CBD 20% al miglior prezzo in Iguana Smoke. Il tuo posto di fiducia per acquistare Hash senza THC con un alto contenuto di CBD in Spagna.","breadcrumb":{"@id":"https:\/\/iguanasmoke.com\/producto\/hash-cbd-lemon-haze-20\/#breadcrumb"},"inLanguage":"it-IT","potentialAction":[{"@type":"ReadAction","target":["https:\/\/iguanasmoke.com\/producto\/hash-cbd-lemon-haze-20\/"]}]},{"@type":"ImageObject","inLanguage":"it-IT","@id":"https:\/\/iguanasmoke.com\/producto\/hash-cbd-lemon-haze-20\/#primaryimage","url":"https:\/\/iguanasmoke.com\/wp-content\/uploads\/2023\/12\/Lemon-Haze-2g-con-hash.webp","contentUrl":"https:\/\/iguanasmoke.com\/wp-content\/uploads\/2023\/12\/Lemon-Haze-2g-con-hash.webp","width":1000,"height":1000,"caption":"Hash CBD Lemon Haze 2g"},{"@type":"BreadcrumbList","@id":"https:\/\/iguanasmoke.com\/producto\/hash-cbd-lemon-haze-20\/#breadcrumb","itemListElement":[{"@type":"ListItem","position":1,"name":"home","item":"https:\/\/iguanasmoke.com\/"},{"@type":"ListItem","position":2,"name":"Tienda","item":"https:\/\/iguanasmoke.com\/tienda\/"},{"@type":"ListItem","position":3,"name":"Hash CBD","item":"https:\/\/iguanasmoke.com\/categoria\/hash-cbd\/"},{"@type":"ListItem","position":4,"name":"Hash CBD Polen Lemon Haze 20%"}]},{"@type":"WebSite","@id":"https:\/\/iguanasmoke.com\/#website","url":"https:\/\/iguanasmoke.com\/","name":"Fumo di iguana","description":"Acquistare CBD online al miglior prezzo","publisher":{"@id":"https:\/\/iguanasmoke.com\/#organization"},"potentialAction":[{"@type":"SearchAction","target":{"@type":"EntryPoint","urlTemplate":"https:\/\/iguanasmoke.com\/?s={search_term_string}"},"query-input":{"@type":"PropertyValueSpecification","valueRequired":true,"valueName":"search_term_string"}}],"inLanguage":"it-IT"},{"@type":"Organization","@id":"https:\/\/iguanasmoke.com\/#organization","name":"Fumo di iguana","url":"https:\/\/iguanasmoke.com\/","logo":{"@type":"ImageObject","inLanguage":"it-IT","@id":"https:\/\/iguanasmoke.com\/#\/schema\/logo\/image\/","url":"https:\/\/iguanasmoke.com\/wp-content\/uploads\/2025\/01\/logoiguana-favi-1.png","contentUrl":"https:\/\/iguanasmoke.com\/wp-content\/uploads\/2025\/01\/logoiguana-favi-1.png","width":512,"height":512,"caption":"Iguana Smoke"},"image":{"@id":"https:\/\/iguanasmoke.com\/#\/schema\/logo\/image\/"},"sameAs":["https:\/\/www.facebook.com\/iguanasmoke","https:\/\/www.instagram.com\/iguanasmoke\/"]}]},"product_brand":"variable","og_availability":"instock","product_availability":"instock","product_condition":"new"},"_links":{"self":[{"href":"https:\/\/iguanasmoke.com\/it\/wp-json\/wp\/v2\/product\/25695","targetHints":{"allow":["GET"]}}],"collection":[{"href":"https:\/\/iguanasmoke.com\/it\/wp-json\/wp\/v2\/product"}],"about":[{"href":"https:\/\/iguanasmoke.com\/it\/wp-json\/wp\/v2\/types\/product"}],"replies":[{"embeddable":true,"href":"https:\/\/iguanasmoke.com\/it\/wp-json\/wp\/v2\/comments?post=25695"}],"wp:featuredmedia":[{"embeddable":true,"href":"https:\/\/iguanasmoke.com\/it\/wp-json\/wp\/v2\/media\/81867"}],"wp:attachment":[{"href":"https:\/\/iguanasmoke.com\/it\/wp-json\/wp\/v2\/media?parent=25695"}],"wp:term":[{"taxonomy":"product_brand","embeddable":true,"href":"https:\/\/iguanasmoke.com\/it\/wp-json\/wp\/v2\/product_brand?post=25695"},{"taxonomy":"product_cat","embeddable":true,"href":"https:\/\/iguanasmoke.com\/it\/wp-json\/wp\/v2\/product_cat?post=25695"},{"taxonomy":"product_tag","embeddable":true,"href":"https:\/\/iguanasmoke.com\/it\/wp-json\/wp\/v2\/product_tag?post=25695"}],"curies":[{"name":"wp","href":"https:\/\/api.w.org\/{rel}","templated":true}]}}