{"id":26057,"date":"2023-12-12T17:47:47","date_gmt":"2023-12-12T16:47:47","guid":{"rendered":"https:\/\/iguanasmoke.com\/?post_type=product&#038;p=26057"},"modified":"2026-04-06T12:34:16","modified_gmt":"2026-04-06T10:34:16","slug":"batteria-iguana-power-510-per-cartucce-da-1-ml-2","status":"publish","type":"product","link":"https:\/\/iguanasmoke.com\/it\/producto\/iguana-power-bateria-510-para-cartuchos-de-1ml\/","title":{"rendered":"Iguana Power Slim 510 Batteria 1ml"},"content":{"rendered":"<h1><span style=\"font-weight: 400\">Batteria 510 Iguana Power Slim 1ml - 320<em> mAh<\/em><\/span><\/h1>\n<p><span style=\"font-weight: 400\">Scoprite l'incredibile potenza e versatilit\u00e0 del <strong>Batteria Iguana Power Slim 510 di Iguana Smoke<\/strong> speciale per il <strong>cartucce<\/strong> da <strong>1ml<\/strong>. Progettato per soddisfare i pi\u00f9 appassionati di <strong>vaping<\/strong>, questo <strong>dispositivo all'avanguardia<\/strong> offre prestazioni affidabili e un'esperienza senza pari. <\/span><\/p>\n<p><span style=\"font-weight: 400\">Le sue dimensioni compatte, discrete e facili da trasportare lo rendono ideale per l'uso quotidiano. Il suo <strong>la potenza \u00e8 perfettamente calibrata<\/strong> per estrarre il profilo aromatico completo dei vapori senza surriscaldare il liquido. Con la batteria 510 Iguana Power Slim acquistate ora la vostra <a href=\"https:\/\/iguanasmoke.com\/it\/categoria\/cbd-vaper-2\/cartuchos-de-vapeo\/\">cartucce\u00a0<\/a> e iniziare a svapare. <em>Ha una potenza di 320 mAh<\/em>.\u00a0<\/span><\/p>\n<p>&nbsp;<\/p>\n<h2><strong>Caratteristiche della batteria 510 Iguana Power Slim:<\/strong><\/h2>\n<ul>\n<li><span style=\"font-weight: 400\"><strong>Compatibilit\u00e0 universale:<\/strong> Iguana Power Slim \u00e8 compatibile con un'ampia gamma di cartucce e atomizzatori, dandovi la libert\u00e0 di scegliere i vostri accessori preferiti. \u00c8 possibile utilizzare il <a href=\"https:\/\/iguanasmoke.com\/it\/categoria\/cbd-vaper-2\/cartuchos-de-vapeo\/\">Cartucce da 1 e 2 ml<\/a> da <strong>Fumo di iguana<\/strong> con questa batteria.<\/span><\/li>\n<li>Display con indicazione della quantit\u00e0 di batteria.<\/li>\n<li><span style=\"font-weight: 400\"><strong>Portabilit\u00e0 e durata<\/strong>Il design compatto e resistente lo rende il compagno ideale per le vostre avventure quotidiane. Portatela con voi con fiducia, sapendo che \u00e8 stata costruita per resistere a un uso costante. Ideale per chi apprezza il proprio 510 Iguana Power Slim.<\/span><\/li>\n<li>Pulsante di attivazione: Il pulsante di accensione ha 3 diverse funzioni a seconda di quante volte viene premuto:\n<ul>\n<li style=\"list-style-type: none\">\n<ul>\n<li>5 volte: si accende.<\/li>\n<li>3 volte: si cambia tensione e potenza.<\/li>\n<li>2 volte: preriscaldare (15 secondi).<\/li>\n<\/ul>\n<\/li>\n<\/ul>\n<\/li>\n<\/ul>\n<p>&nbsp;<\/p>\n<h2><strong>Che cos'\u00e8 una cartuccia monouso?<\/strong><\/h2>\n<p><span style=\"font-weight: 400\">A <strong>cartuccia monouso<\/strong> \u00e8 un piccolo cilindro con <strong>510, attacco da 1ml o 2ml<\/strong> che viene riempita di liquido. La grande differenza rispetto ad altri tipi di cartucce \u00e8 che non \u00e8 necessario ricaricarle o riempirle: <strong>quando si esaurisce viene semplicemente scartato<\/strong>. La 510 Iguana Power Slim \u00e8 compatibile con questi dispositivi e offre una grande versatilit\u00e0.<\/span><\/p>\n<p><span style=\"font-weight: 400\">Ci sono anche <a href=\"https:\/\/iguanasmoke.com\/it\/categoria\/cbd-vaper-2\/\">Vapers usa e getta<\/a> (all-in-one) con batteria e cartuccia integrate, pronto all'uso subito dopo l'acquisto.\u00a0<\/span><\/p>\n<p>&nbsp;<\/p>\n<div class=\"ewd-ufaq-faq-body\">\n<h3><b>Iguana Smoke \u00e8 il vostro negozio online di CBD di fiducia<\/b><\/h3>\n<p><span style=\"font-weight: 400\">Noi di Iguana Smoke crediamo che il consumo di CBD debba essere un'esperienza sicura e piacevole. Ecco perch\u00e9 abbiamo prodotti di alta qualit\u00e0 che si rivolgono alle nuove generazioni: persone che cercano un benessere senza complicazioni, con marchi autentici e affidabili. Acquistate subito la batteria Iguana Power Slim 510.<\/span><\/p>\n<p>La nostra missione \u00e8 chiara: offrirvi il meglio del mondo dei cannabinoidi a un prezzo equo, con la tranquillit\u00e0 che deriva dalla consapevolezza di scegliere un prodotto certificato, efficace e legale. Siamo all'avanguardia nei prodotti a base di CBD.<\/p>\n<p>Ancora dubbi? Scriveteci e saremo lieti di aiutarvi a trovare il prodotto giusto per voi.<\/p>\n<\/div>\n<p>&nbsp;<\/p>\n<p><em><span style=\"font-weight: 400\">*Nota bene: il suo utilizzo \u00e8 destinato alla raccolta o all'aromaterapia secondo la legge spagnola.<\/span><\/em><\/p>\n<p><em><span style=\"font-weight: 400\">**Tutti i nostri prodotti sono derivati da canapa industriale certificata. Contengono meno dello 0,3 di THC e non contengono cannabinoidi illegali come HHC, HHC-P, THCP, THCP-O, H4CBD e quelli inclusi nell'Allegato I del Regio Decreto 2829\/1977, n\u00e9 sostanze controllate dalle convenzioni internazionali.\u00a0<\/span><\/em><\/p>","protected":false},"excerpt":{"rendered":"<ul>\n<li>Batteria 510 per cartucce larghe da 1ml, 2ml o pi\u00f9: <em>320 MaH<\/em><\/li>\n<li>Tensione: 2,7v - 3,1v - 3,6v<\/li>\n<li>Funzione di riscaldamento di 15 secondi<\/li>\n<li>Attacco standard compatibile con tutte le cartucce 510<\/li>\n<li>Connessione: USB-C<\/li>\n<\/ul>","protected":false},"featured_media":53875,"comment_status":"open","ping_status":"closed","template":"","meta":{"_acf_changed":false,"site-sidebar-layout":"default","site-content-layout":"default","ast-site-content-layout":"default","site-content-style":"default","site-sidebar-style":"default","ast-global-header-display":"","ast-banner-title-visibility":"","ast-main-header-display":"","ast-hfb-above-header-display":"","ast-hfb-below-header-display":"","ast-hfb-mobile-header-display":"","site-post-title":"","ast-breadcrumbs-content":"","ast-featured-img":"","footer-sml-layout":"","theme-transparent-header-meta":"default","adv-header-id-meta":"","stick-header-meta":"","header-above-stick-meta":"","header-main-stick-meta":"","header-below-stick-meta":"","astra-migrate-meta-layouts":"set","ast-page-background-enabled":"default","ast-page-background-meta":{"desktop":{"background-color":"var(--ast-global-color-4)","background-image":"","background-repeat":"repeat","background-position":"center center","background-size":"auto","background-attachment":"scroll","background-type":"","background-media":"","overlay-type":"","overlay-color":"","overlay-opacity":"","overlay-gradient":""},"tablet":{"background-color":"","background-image":"","background-repeat":"repeat","background-position":"center center","background-size":"auto","background-attachment":"scroll","background-type":"","background-media":"","overlay-type":"","overlay-color":"","overlay-opacity":"","overlay-gradient":""},"mobile":{"background-color":"","background-image":"","background-repeat":"repeat","background-position":"center center","background-size":"auto","background-attachment":"scroll","background-type":"","background-media":"","overlay-type":"","overlay-color":"","overlay-opacity":"","overlay-gradient":""}},"ast-content-background-meta":{"desktop":{"background-color":"var(--ast-global-color-5)","background-image":"","background-repeat":"repeat","background-position":"center center","background-size":"auto","background-attachment":"scroll","background-type":"","background-media":"","overlay-type":"","overlay-color":"","overlay-opacity":"","overlay-gradient":""},"tablet":{"background-color":"var(--ast-global-color-5)","background-image":"","background-repeat":"repeat","background-position":"center center","background-size":"auto","background-attachment":"scroll","background-type":"","background-media":"","overlay-type":"","overlay-color":"","overlay-opacity":"","overlay-gradient":""},"mobile":{"background-color":"var(--ast-global-color-5)","background-image":"","background-repeat":"repeat","background-position":"center center","background-size":"auto","background-attachment":"scroll","background-type":"","background-media":"","overlay-type":"","overlay-color":"","overlay-opacity":"","overlay-gradient":""}}},"product_brand":[],"product_cat":[984,419,981,418],"product_tag":[],"class_list":{"0":"post-26057","1":"product","2":"type-product","3":"status-publish","4":"has-post-thumbnail","6":"product_cat-baterias-y-kits-de-vapeo","7":"product_cat-cartuchos-cbd","8":"product_cat-cbd-full-spectrum","9":"product_cat-vaper-cbd","10":"desktop-align-center","11":"tablet-align-center","12":"mobile-align-center","14":"first","15":"instock","16":"taxable","17":"shipping-taxable","18":"purchasable","19":"product-type-simple"},"acf":[],"yoast_head":"<!-- This site is optimized with the Yoast SEO Premium plugin v27.3 (Yoast SEO v27.3) - https:\/\/yoast.com\/product\/yoast-seo-premium-wordpress\/ -->\n<title>Bateria 510 Iguana Power Slim | Iguana Smoke<\/title>\n<meta name=\"description\" content=\"La Bateria 510 Iguana Power Slim combina rendimiento y facilidad de transporte. Ideal para los entusiastas del vapeo que desean un dispositivo discreto.\" \/>\n<meta name=\"robots\" content=\"index, follow, max-snippet:-1, max-image-preview:large, max-video-preview:-1\" \/>\n<link rel=\"canonical\" href=\"https:\/\/iguanasmoke.com\/it\/prodotto\/batteria-iguana-power-510-per-cartucce-da-1-ml-2\/\" \/>\n<meta property=\"og:locale\" content=\"it_IT\" \/>\n<meta property=\"og:type\" content=\"article\" \/>\n<meta property=\"og:title\" content=\"Bateria 510 Iguana Power Slim 1ml\" \/>\n<meta property=\"og:description\" content=\"Bateria 510 para cartuchos anchos de 1ml, 2ml o m\u00e1s: 320 MaH  Voltaje: 2,7v - 3,1v - 3,6v  Funci\u00f3n precalentamiento de 15 segundos  Conexi\u00f3n standard compatible con todos los cartuchos 510  Conexi\u00f3n: USB-C\" \/>\n<meta property=\"og:url\" content=\"https:\/\/iguanasmoke.com\/it\/prodotto\/batteria-iguana-power-510-per-cartucce-da-1-ml-2\/\" \/>\n<meta property=\"og:site_name\" content=\"Iguana Smoke\" \/>\n<meta property=\"article:publisher\" content=\"https:\/\/www.facebook.com\/iguanasmoke\" \/>\n<meta property=\"article:modified_time\" content=\"2026-04-06T10:34:16+00:00\" \/>\n<meta property=\"og:image\" content=\"https:\/\/iguanasmoke.com\/wp-content\/uploads\/2023\/12\/Pen-Battery-Slim.webp\" \/>\n\t<meta property=\"og:image:width\" content=\"1000\" \/>\n\t<meta property=\"og:image:height\" content=\"1000\" \/>\n\t<meta property=\"og:image:type\" content=\"image\/webp\" \/>\n<meta name=\"twitter:card\" content=\"summary_large_image\" \/>\n<meta name=\"twitter:label1\" content=\"Prezzo\" \/>\n\t<meta name=\"twitter:data1\" content=\"12,90&nbsp;&euro;\" \/>\n\t<meta name=\"twitter:label2\" content=\"Disponibilit\u00e0\" \/>\n\t<meta name=\"twitter:data2\" content=\"In stock\" \/>\n<meta property=\"product:brand\" content=\"simple\" \/>\n<meta property=\"product:price:amount\" content=\"12.90\" \/>\n<meta property=\"product:price:currency\" content=\"EUR\" \/>\n<meta property=\"og:availability\" content=\"instock\" \/>\n<meta property=\"product:availability\" content=\"instock\" \/>\n<meta property=\"product:retailer_item_id\" content=\"IS-BAT510-PENBLACK\" \/>\n<meta property=\"product:condition\" content=\"new\" \/>\n<!-- \/ Yoast SEO Premium plugin. -->","yoast_head_json":{"title":"Batteria 510 Iguana Power Slim | Iguana Smoke","description":"La batteria Iguana Power Slim 510 combina prestazioni e portabilit\u00e0. Ideale per gli appassionati di vaping che desiderano un dispositivo discreto.","robots":{"index":"index","follow":"follow","max-snippet":"max-snippet:-1","max-image-preview":"max-image-preview:large","max-video-preview":"max-video-preview:-1"},"canonical":"https:\/\/iguanasmoke.com\/it\/prodotto\/batteria-iguana-power-510-per-cartucce-da-1-ml-2\/","og_locale":"it_IT","og_type":"article","og_title":"Bateria 510 Iguana Power Slim 1ml","og_description":"Bateria 510 para cartuchos anchos de 1ml, 2ml o m\u00e1s: 320 MaH  Voltaje: 2,7v - 3,1v - 3,6v  Funci\u00f3n precalentamiento de 15 segundos  Conexi\u00f3n standard compatible con todos los cartuchos 510  Conexi\u00f3n: USB-C","og_url":"https:\/\/iguanasmoke.com\/it\/prodotto\/batteria-iguana-power-510-per-cartucce-da-1-ml-2\/","og_site_name":"Iguana Smoke","article_publisher":"https:\/\/www.facebook.com\/iguanasmoke","article_modified_time":"2026-04-06T10:34:16+00:00","og_image":[{"width":1000,"height":1000,"url":"https:\/\/iguanasmoke.com\/wp-content\/uploads\/2023\/12\/Pen-Battery-Slim.webp","type":"image\/webp"}],"twitter_card":"summary_large_image","twitter_misc":{"Prezzo":"12,90&nbsp;&euro;","Disponibilit\u00e0":"In stock"},"schema":{"@context":"https:\/\/schema.org","@graph":[{"@type":"WebPage","@id":"https:\/\/iguanasmoke.com\/producto\/iguana-power-bateria-510-para-cartuchos-de-1ml\/","url":"https:\/\/iguanasmoke.com\/producto\/iguana-power-bateria-510-para-cartuchos-de-1ml\/","name":"Batteria 510 Iguana Power Slim | Iguana Smoke","isPartOf":{"@id":"https:\/\/iguanasmoke.com\/#website"},"primaryImageOfPage":{"@id":"https:\/\/iguanasmoke.com\/producto\/iguana-power-bateria-510-para-cartuchos-de-1ml\/#primaryimage"},"image":{"@id":"https:\/\/iguanasmoke.com\/producto\/iguana-power-bateria-510-para-cartuchos-de-1ml\/#primaryimage"},"thumbnailUrl":"https:\/\/iguanasmoke.com\/wp-content\/uploads\/2023\/12\/Pen-Battery-Slim.webp","datePublished":"2023-12-12T16:47:47+00:00","dateModified":"2026-04-06T10:34:16+00:00","description":"La batteria Iguana Power Slim 510 combina prestazioni e portabilit\u00e0. Ideale per gli appassionati di vaping che desiderano un dispositivo discreto.","breadcrumb":{"@id":"https:\/\/iguanasmoke.com\/producto\/iguana-power-bateria-510-para-cartuchos-de-1ml\/#breadcrumb"},"inLanguage":"it-IT","potentialAction":[{"@type":"ReadAction","target":["https:\/\/iguanasmoke.com\/producto\/iguana-power-bateria-510-para-cartuchos-de-1ml\/"]}]},{"@type":"ImageObject","inLanguage":"it-IT","@id":"https:\/\/iguanasmoke.com\/producto\/iguana-power-bateria-510-para-cartuchos-de-1ml\/#primaryimage","url":"https:\/\/iguanasmoke.com\/wp-content\/uploads\/2023\/12\/Pen-Battery-Slim.webp","contentUrl":"https:\/\/iguanasmoke.com\/wp-content\/uploads\/2023\/12\/Pen-Battery-Slim.webp","width":1000,"height":1000,"caption":"bateria 510 iguana power slim vaper cartucho"},{"@type":"BreadcrumbList","@id":"https:\/\/iguanasmoke.com\/producto\/iguana-power-bateria-510-para-cartuchos-de-1ml\/#breadcrumb","itemListElement":[{"@type":"ListItem","position":1,"name":"home","item":"https:\/\/iguanasmoke.com\/"},{"@type":"ListItem","position":2,"name":"Tienda","item":"https:\/\/iguanasmoke.com\/tienda\/"},{"@type":"ListItem","position":3,"name":"Vaper CBD","item":"https:\/\/iguanasmoke.com\/categoria\/vaper-cbd\/"},{"@type":"ListItem","position":4,"name":"Cartuchos","item":"https:\/\/iguanasmoke.com\/categoria\/vaper-cbd\/cartuchos-cbd\/"},{"@type":"ListItem","position":5,"name":"Bater\u00edas y Kits de Vapeo","item":"https:\/\/iguanasmoke.com\/categoria\/vaper-cbd\/cartuchos-cbd\/baterias-y-kits-de-vapeo\/"},{"@type":"ListItem","position":6,"name":"Bateria 510 Iguana Power Slim 1ml"}]},{"@type":"WebSite","@id":"https:\/\/iguanasmoke.com\/#website","url":"https:\/\/iguanasmoke.com\/","name":"Fumo di iguana","description":"Acquistare CBD online al miglior prezzo","publisher":{"@id":"https:\/\/iguanasmoke.com\/#organization"},"potentialAction":[{"@type":"SearchAction","target":{"@type":"EntryPoint","urlTemplate":"https:\/\/iguanasmoke.com\/?s={search_term_string}"},"query-input":{"@type":"PropertyValueSpecification","valueRequired":true,"valueName":"search_term_string"}}],"inLanguage":"it-IT"},{"@type":"Organization","@id":"https:\/\/iguanasmoke.com\/#organization","name":"Fumo di iguana","url":"https:\/\/iguanasmoke.com\/","logo":{"@type":"ImageObject","inLanguage":"it-IT","@id":"https:\/\/iguanasmoke.com\/#\/schema\/logo\/image\/","url":"https:\/\/iguanasmoke.com\/wp-content\/uploads\/2025\/01\/logoiguana-favi-1.png","contentUrl":"https:\/\/iguanasmoke.com\/wp-content\/uploads\/2025\/01\/logoiguana-favi-1.png","width":512,"height":512,"caption":"Iguana Smoke"},"image":{"@id":"https:\/\/iguanasmoke.com\/#\/schema\/logo\/image\/"},"sameAs":["https:\/\/www.facebook.com\/iguanasmoke","https:\/\/www.instagram.com\/iguanasmoke\/"]}]},"product_brand":"simple","product_price_amount":"12.90","product_price_currency":"EUR","og_availability":"instock","product_availability":"instock","product_retailer_item_id":"IS-BAT510-PENBLACK","product_condition":"new"},"_links":{"self":[{"href":"https:\/\/iguanasmoke.com\/it\/wp-json\/wp\/v2\/product\/26057","targetHints":{"allow":["GET"]}}],"collection":[{"href":"https:\/\/iguanasmoke.com\/it\/wp-json\/wp\/v2\/product"}],"about":[{"href":"https:\/\/iguanasmoke.com\/it\/wp-json\/wp\/v2\/types\/product"}],"replies":[{"embeddable":true,"href":"https:\/\/iguanasmoke.com\/it\/wp-json\/wp\/v2\/comments?post=26057"}],"wp:featuredmedia":[{"embeddable":true,"href":"https:\/\/iguanasmoke.com\/it\/wp-json\/wp\/v2\/media\/53875"}],"wp:attachment":[{"href":"https:\/\/iguanasmoke.com\/it\/wp-json\/wp\/v2\/media?parent=26057"}],"wp:term":[{"taxonomy":"product_brand","embeddable":true,"href":"https:\/\/iguanasmoke.com\/it\/wp-json\/wp\/v2\/product_brand?post=26057"},{"taxonomy":"product_cat","embeddable":true,"href":"https:\/\/iguanasmoke.com\/it\/wp-json\/wp\/v2\/product_cat?post=26057"},{"taxonomy":"product_tag","embeddable":true,"href":"https:\/\/iguanasmoke.com\/it\/wp-json\/wp\/v2\/product_tag?post=26057"}],"curies":[{"name":"wp","href":"https:\/\/api.w.org\/{rel}","templated":true}]}}