{"id":26505,"date":"2023-12-19T17:08:44","date_gmt":"2023-12-19T16:08:44","guid":{"rendered":"https:\/\/iguanasmoke.com\/?post_type=product&#038;p=26505"},"modified":"2026-03-15T18:52:43","modified_gmt":"2026-03-15T17:52:43","slug":"vassoio-iguana-giappone","status":"publish","type":"product","link":"https:\/\/iguanasmoke.com\/it\/producto\/bandeja-iguana-japan\/","title":{"rendered":"Vassoio arrotolabile Iguana Japan"},"content":{"rendered":"<h1><span style=\"font-weight: 400;\">Vassoio rotante - Iguana Japan<\/span><\/h1>\n<p><span style=\"font-weight: 400;\">Scoprire il<strong> vassoio rotante Iguana Japan<\/strong>, progettato per chi apprezza precisione, design e qualit\u00e0 in ogni sessione. Pensato per chi ama l'arte di rollare, questo vassoio combina funzionalit\u00e0 e stile in un formato premium che fa la differenza.\u00a0<\/span><\/p>\n<p><span style=\"font-weight: 400;\">Disponibile in <strong>quattro design esclusivi,<\/strong> ogni vassoio si distingue per la propria identit\u00e0, conferendo personalit\u00e0 e carattere al vostro spazio.<\/span><\/p>\n<p>&nbsp;<\/p>\n<h3><strong>Quale sar\u00e0 il vostro vassoio di rotolamento preferito?<\/strong><\/h3>\n<ol>\n<li><a href=\"https:\/\/iguanasmoke.com\/it\/prodotto\/vassoio-iguana-giappone\/\">Vassoio arrotolabile Iguana Japan<\/a><\/li>\n<li><a href=\"https:\/\/iguanasmoke.com\/it\/prodotto\/vassoio-per-iguana\/\">Vassoio rotante Iguana Rocks<\/a><\/li>\n<li><a href=\"https:\/\/iguanasmoke.com\/it\/prodotto\/vassoio-da-spiaggia-iguana\/\">Vassoio rotante Iguana Beach<\/a><\/li>\n<li><a href=\"https:\/\/iguanasmoke.com\/it\/prodotto\/vassoio-per-iguana-amnesia\/\">Vassoio rotante Iguana Amnesia<\/a><\/li>\n<\/ol>\n<p><span style=\"font-weight: 400;\">Il tuo<strong> illustrazioni accuratamente selezionate<\/strong>, che spaziano da stili moderni a dettagli pi\u00f9 elaborati, rendono ogni modello un pezzo visivamente accattivante e stimolante.<\/span><\/p>\n<p><span style=\"font-weight: 400;\">Realizzato in <strong>materiali resistenti e durevoli,<\/strong> Il vassoio arrotolabile Iguana Japan \u00e8 stato progettato per l'uso quotidiano. Il suo <strong>Superficie facile da pulire e dimensioni ottimali<\/strong> offrono lo spazio ideale per organizzare i fiori o i bud tritati, le carte da rollare e gli accessori come i grinder. Il tutto garantendo un<strong> processo di impacchettamento comodo e ordinato<\/strong> e senza distrazioni.\u00a0\u00a0<\/span><\/p>\n<p>&nbsp;<\/p>\n<h2><b>Dove acquistare online il vassoio rotante Iguana Japan<\/b><b>?<\/b><\/h2>\n<p><span style=\"font-weight: 400;\">A <strong>Fumo di iguana<\/strong>, Diamo priorit\u00e0 alla qualit\u00e0 e alla trasparenza di ogni prodotto.\u00a0<\/span><span style=\"font-weight: 400;\">Questo \u00e8 il vostro posto sicuro per <strong>acquistare online il vassoio rotante Iguana Japan <\/strong>in Spagna<strong>.<\/strong> Tutti i nostri prodotti sono approvati dall'UE, a garanzia della loro legalit\u00e0 e sicurezza.\u00a0<\/span><\/p>\n<p><span style=\"font-weight: 400;\">Si tratta di un pratico accessorio indispensabile per tenere tutto pulito e al suo posto e per sfruttare al meglio prodotti come il nuovo <strong>Pronti a partire<\/strong>:<strong> <a href=\"https:\/\/iguanasmoke.com\/it\/prodotto\/fiori-di-cbd-pronti-a-rotolare-super-skunk-15gr\/\">Super Skunk<\/a>, <a href=\"https:\/\/iguanasmoke.com\/it\/prodotto\/fiori-di-cbd-pronti-a-rotolare-zkittlez-15gr\/\">Zkittlez<\/a>, <a href=\"https:\/\/iguanasmoke.com\/it\/prodotto\/fiori-di-cbd-pronti-a-rotolare-lemon-haze-15gr\/\">Limone Haze<\/a>, <a href=\"https:\/\/iguanasmoke.com\/it\/prodotto\/fiori-di-cbd-pronti-a-rotolare-amnesia-15gr\/\">Amnesia<\/a><\/strong>. Scopri anche <\/span><span style=\"font-weight: 400;\">altro <strong>Prodotti TOP<\/strong> come il <a href=\"https:\/\/iguanasmoke.com\/it\/prodotto\/comprar-flor-cbd-pop-corn-sour-tsunami-25gr-cogollos-online\/\"><strong>Pop Corn 25g<\/strong><\/a>. <\/span><\/p>\n<p><span style=\"font-weight: 400;\">\u00c8 possibile completare il kit con il nostro<strong><a href=\"https:\/\/iguanasmoke.com\/it\/categoria\/carta-da-rotolo\/\"> carte da rotolo di canapa<\/a><\/strong> e un<strong> <a href=\"https:\/\/iguanasmoke.com\/it\/categoria\/smerigliatrici\/\">pratico macinino<\/a>,<\/strong> e sarete pronti per iniziare a godere del mondo del CBD. Esplorate la nostra gamma e trovate subito il vostro vassoio da rollare Iguana Japan nel design che preferite.<\/span><span style=\"font-weight: 400;\">\u00a0<\/span><\/p>\n<p>Consegna rapida, grande attenzione e un negozio con un imballaggio discreto e sicuro che va avanti, solo per farvelo gustare!<\/p>\n<p>&nbsp;<\/p>\n<h3><b>Iguana Smoke \u00e8 sinonimo di qualit\u00e0 e affidabilit\u00e0.<\/b><\/h3>\n<p><span style=\"font-weight: 400;\">Noi di Iguana Smoke crediamo che il consumo di CBD debba essere un'esperienza sicura, accessibile e piacevole. Ecco perch\u00e9 abbiamo prodotti di alta qualit\u00e0, compresi i nostri vassoi da rollare, che si rivolgono alle nuove generazioni: persone che cercano un benessere senza complicazioni, con marchi autentici e affidabili.\u00a0<\/span><\/p>\n<p>In altre parole, la nostra missione \u00e8 chiara: offrirvi il meglio del CBD a un prezzo equo, con la tranquillit\u00e0 di sapere che state scegliendo un prodotto certificato, efficace, legale per la canapa e la 100%. Siamo all'avanguardia nei prodotti a base di CBD.<\/p>\n<p>Avete domande? Scriveteci e saremo lieti di aiutarvi a trovare il prodotto giusto per voi.<\/p>","protected":false},"excerpt":{"rendered":"<p><strong data-start=\"60\" data-end=\"84\">Vassoio Iguana Japan:<\/strong><\/p>\n<ul>\n<li><strong data-start=\"88\" data-end=\"111\">Alluminio resistente<\/strong>,<\/li>\n<li>Con misure <strong data-start=\"125\" data-end=\"139\">14 x 18 cm<\/strong>.<\/li>\n<li>Dimensioni perfette per organizzare carta, fiori e accessori.<\/li>\n<li>Leggero, resistente e facile da pulire, ideale per rotolare comodamente.<\/li>\n<\/ul>","protected":false},"featured_media":26499,"comment_status":"open","ping_status":"closed","template":"","meta":{"_acf_changed":false,"site-sidebar-layout":"default","site-content-layout":"","ast-site-content-layout":"default","site-content-style":"default","site-sidebar-style":"default","ast-global-header-display":"","ast-banner-title-visibility":"","ast-main-header-display":"","ast-hfb-above-header-display":"","ast-hfb-below-header-display":"","ast-hfb-mobile-header-display":"","site-post-title":"","ast-breadcrumbs-content":"","ast-featured-img":"","footer-sml-layout":"","theme-transparent-header-meta":"default","adv-header-id-meta":"","stick-header-meta":"","header-above-stick-meta":"","header-main-stick-meta":"","header-below-stick-meta":"","astra-migrate-meta-layouts":"set","ast-page-background-enabled":"default","ast-page-background-meta":{"desktop":{"background-color":"var(--ast-global-color-4)","background-image":"","background-repeat":"repeat","background-position":"center center","background-size":"auto","background-attachment":"scroll","background-type":"","background-media":"","overlay-type":"","overlay-color":"","overlay-opacity":"","overlay-gradient":""},"tablet":{"background-color":"","background-image":"","background-repeat":"repeat","background-position":"center center","background-size":"auto","background-attachment":"scroll","background-type":"","background-media":"","overlay-type":"","overlay-color":"","overlay-opacity":"","overlay-gradient":""},"mobile":{"background-color":"","background-image":"","background-repeat":"repeat","background-position":"center center","background-size":"auto","background-attachment":"scroll","background-type":"","background-media":"","overlay-type":"","overlay-color":"","overlay-opacity":"","overlay-gradient":""}},"ast-content-background-meta":{"desktop":{"background-color":"var(--ast-global-color-5)","background-image":"","background-repeat":"repeat","background-position":"center center","background-size":"auto","background-attachment":"scroll","background-type":"","background-media":"","overlay-type":"","overlay-color":"","overlay-opacity":"","overlay-gradient":""},"tablet":{"background-color":"var(--ast-global-color-5)","background-image":"","background-repeat":"repeat","background-position":"center center","background-size":"auto","background-attachment":"scroll","background-type":"","background-media":"","overlay-type":"","overlay-color":"","overlay-opacity":"","overlay-gradient":""},"mobile":{"background-color":"var(--ast-global-color-5)","background-image":"","background-repeat":"repeat","background-position":"center center","background-size":"auto","background-attachment":"scroll","background-type":"","background-media":"","overlay-type":"","overlay-color":"","overlay-opacity":"","overlay-gradient":""}}},"product_brand":[],"product_cat":[437,436,405],"product_tag":[],"class_list":{"0":"post-26505","1":"product","2":"type-product","3":"status-publish","4":"has-post-thumbnail","6":"product_cat-bandejas-de-liar","7":"product_cat-merchandise-de-iguana-smoke","8":"product_cat-ropa-y-accesorios","9":"desktop-align-center","10":"tablet-align-center","11":"mobile-align-center","13":"first","14":"instock","15":"taxable","16":"shipping-taxable","17":"purchasable","18":"product-type-simple"},"acf":[],"yoast_head":"<!-- This site is optimized with the Yoast SEO Premium plugin v27.3 (Yoast SEO v27.3) - https:\/\/yoast.com\/product\/yoast-seo-premium-wordpress\/ -->\n<title>Bandeja de liar Iguana Japan | Iguana Smoke<\/title>\n<meta name=\"description\" content=\"Consigue tu Bandeja de liar Iguana Japan de Iguana Smoke. Fabricada con los mejores matierales en 4 dise\u00f1os distintos. Elige el que mas te guste.\" \/>\n<meta name=\"robots\" content=\"index, follow, max-snippet:-1, max-image-preview:large, max-video-preview:-1\" \/>\n<link rel=\"canonical\" href=\"https:\/\/iguanasmoke.com\/it\/prodotto\/vassoio-iguana-giappone\/\" \/>\n<meta property=\"og:locale\" content=\"it_IT\" \/>\n<meta property=\"og:type\" content=\"article\" \/>\n<meta property=\"og:title\" content=\"Bandeja de liar Iguana Japan\" \/>\n<meta property=\"og:description\" content=\"Bandeja Iguana Japan:   Aluminio resistente,  Con medidas 14 x 18 cm.  Tama\u00f1o perfecto para organizar papel, flores y accesorios.  Ligera, duradera y f\u00e1cil de limpiar, ideal para un liado c\u00f3modo.\" \/>\n<meta property=\"og:url\" content=\"https:\/\/iguanasmoke.com\/it\/prodotto\/vassoio-iguana-giappone\/\" \/>\n<meta property=\"og:site_name\" content=\"Iguana Smoke\" \/>\n<meta property=\"article:publisher\" content=\"https:\/\/www.facebook.com\/iguanasmoke\" \/>\n<meta property=\"article:modified_time\" content=\"2026-03-15T17:52:43+00:00\" \/>\n<meta property=\"og:image\" content=\"https:\/\/iguanasmoke.com\/wp-content\/uploads\/2023\/12\/Bandeja-Iguana-Japan.webp\" \/>\n\t<meta property=\"og:image:width\" content=\"500\" \/>\n\t<meta property=\"og:image:height\" content=\"500\" \/>\n\t<meta property=\"og:image:type\" content=\"image\/webp\" \/>\n<meta name=\"twitter:card\" content=\"summary_large_image\" \/>\n<meta name=\"twitter:label1\" content=\"Prezzo\" \/>\n\t<meta name=\"twitter:data1\" content=\"6,00&nbsp;&euro;\" \/>\n\t<meta name=\"twitter:label2\" content=\"Disponibilit\u00e0\" \/>\n\t<meta name=\"twitter:data2\" content=\"In stock\" \/>\n<meta property=\"product:brand\" content=\"simple\" \/>\n<meta property=\"product:price:amount\" content=\"6.00\" \/>\n<meta property=\"product:price:currency\" content=\"EUR\" \/>\n<meta property=\"og:availability\" content=\"instock\" \/>\n<meta property=\"product:availability\" content=\"instock\" \/>\n<meta property=\"product:retailer_item_id\" content=\"IS-TRAY-JAPAN\" \/>\n<meta property=\"product:condition\" content=\"new\" \/>\n<!-- \/ Yoast SEO Premium plugin. -->","yoast_head_json":{"title":"Iguana Japan | Iguana Smoke vassoio di laminazione","description":"Prendete il vostro vassoio per rollare Iguana Japan di Iguana Smoke. Realizzato con i migliori materiali in 4 diversi design. Scegliete quello che vi piace di pi\u00f9.","robots":{"index":"index","follow":"follow","max-snippet":"max-snippet:-1","max-image-preview":"max-image-preview:large","max-video-preview":"max-video-preview:-1"},"canonical":"https:\/\/iguanasmoke.com\/it\/prodotto\/vassoio-iguana-giappone\/","og_locale":"it_IT","og_type":"article","og_title":"Bandeja de liar Iguana Japan","og_description":"Bandeja Iguana Japan:   Aluminio resistente,  Con medidas 14 x 18 cm.  Tama\u00f1o perfecto para organizar papel, flores y accesorios.  Ligera, duradera y f\u00e1cil de limpiar, ideal para un liado c\u00f3modo.","og_url":"https:\/\/iguanasmoke.com\/it\/prodotto\/vassoio-iguana-giappone\/","og_site_name":"Iguana Smoke","article_publisher":"https:\/\/www.facebook.com\/iguanasmoke","article_modified_time":"2026-03-15T17:52:43+00:00","og_image":[{"width":500,"height":500,"url":"https:\/\/iguanasmoke.com\/wp-content\/uploads\/2023\/12\/Bandeja-Iguana-Japan.webp","type":"image\/webp"}],"twitter_card":"summary_large_image","twitter_misc":{"Prezzo":"6,00&nbsp;&euro;","Disponibilit\u00e0":"In stock"},"schema":{"@context":"https:\/\/schema.org","@graph":[{"@type":"WebPage","@id":"https:\/\/iguanasmoke.com\/producto\/bandeja-iguana-japan\/","url":"https:\/\/iguanasmoke.com\/producto\/bandeja-iguana-japan\/","name":"Iguana Japan | Iguana Smoke vassoio di laminazione","isPartOf":{"@id":"https:\/\/iguanasmoke.com\/#website"},"primaryImageOfPage":{"@id":"https:\/\/iguanasmoke.com\/producto\/bandeja-iguana-japan\/#primaryimage"},"image":{"@id":"https:\/\/iguanasmoke.com\/producto\/bandeja-iguana-japan\/#primaryimage"},"thumbnailUrl":"https:\/\/iguanasmoke.com\/wp-content\/uploads\/2023\/12\/Bandeja-Iguana-Japan.webp","datePublished":"2023-12-19T16:08:44+00:00","dateModified":"2026-03-15T17:52:43+00:00","description":"Prendete il vostro vassoio per rollare Iguana Japan di Iguana Smoke. Realizzato con i migliori materiali in 4 diversi design. Scegliete quello che vi piace di pi\u00f9.","breadcrumb":{"@id":"https:\/\/iguanasmoke.com\/producto\/bandeja-iguana-japan\/#breadcrumb"},"inLanguage":"it-IT","potentialAction":[{"@type":"ReadAction","target":["https:\/\/iguanasmoke.com\/producto\/bandeja-iguana-japan\/"]}]},{"@type":"ImageObject","inLanguage":"it-IT","@id":"https:\/\/iguanasmoke.com\/producto\/bandeja-iguana-japan\/#primaryimage","url":"https:\/\/iguanasmoke.com\/wp-content\/uploads\/2023\/12\/Bandeja-Iguana-Japan.webp","contentUrl":"https:\/\/iguanasmoke.com\/wp-content\/uploads\/2023\/12\/Bandeja-Iguana-Japan.webp","width":500,"height":500,"caption":"bandeja para liar marihuana japon y Kit Playero de Supervivencia CBD"},{"@type":"BreadcrumbList","@id":"https:\/\/iguanasmoke.com\/producto\/bandeja-iguana-japan\/#breadcrumb","itemListElement":[{"@type":"ListItem","position":1,"name":"home","item":"https:\/\/iguanasmoke.com\/"},{"@type":"ListItem","position":2,"name":"Tienda","item":"https:\/\/iguanasmoke.com\/tienda\/"},{"@type":"ListItem","position":3,"name":"Bandejas de liar","item":"https:\/\/iguanasmoke.com\/categoria\/bandejas-de-liar\/"},{"@type":"ListItem","position":4,"name":"Bandeja de liar Iguana Japan"}]},{"@type":"WebSite","@id":"https:\/\/iguanasmoke.com\/#website","url":"https:\/\/iguanasmoke.com\/","name":"Fumo di iguana","description":"Acquistare CBD online al miglior prezzo","publisher":{"@id":"https:\/\/iguanasmoke.com\/#organization"},"potentialAction":[{"@type":"SearchAction","target":{"@type":"EntryPoint","urlTemplate":"https:\/\/iguanasmoke.com\/?s={search_term_string}"},"query-input":{"@type":"PropertyValueSpecification","valueRequired":true,"valueName":"search_term_string"}}],"inLanguage":"it-IT"},{"@type":"Organization","@id":"https:\/\/iguanasmoke.com\/#organization","name":"Fumo di iguana","url":"https:\/\/iguanasmoke.com\/","logo":{"@type":"ImageObject","inLanguage":"it-IT","@id":"https:\/\/iguanasmoke.com\/#\/schema\/logo\/image\/","url":"https:\/\/iguanasmoke.com\/wp-content\/uploads\/2025\/01\/logoiguana-favi-1.png","contentUrl":"https:\/\/iguanasmoke.com\/wp-content\/uploads\/2025\/01\/logoiguana-favi-1.png","width":512,"height":512,"caption":"Iguana Smoke"},"image":{"@id":"https:\/\/iguanasmoke.com\/#\/schema\/logo\/image\/"},"sameAs":["https:\/\/www.facebook.com\/iguanasmoke","https:\/\/www.instagram.com\/iguanasmoke\/"]}]},"product_brand":"simple","product_price_amount":"6.00","product_price_currency":"EUR","og_availability":"instock","product_availability":"instock","product_retailer_item_id":"IS-TRAY-JAPAN","product_condition":"new"},"_links":{"self":[{"href":"https:\/\/iguanasmoke.com\/it\/wp-json\/wp\/v2\/product\/26505","targetHints":{"allow":["GET"]}}],"collection":[{"href":"https:\/\/iguanasmoke.com\/it\/wp-json\/wp\/v2\/product"}],"about":[{"href":"https:\/\/iguanasmoke.com\/it\/wp-json\/wp\/v2\/types\/product"}],"replies":[{"embeddable":true,"href":"https:\/\/iguanasmoke.com\/it\/wp-json\/wp\/v2\/comments?post=26505"}],"wp:featuredmedia":[{"embeddable":true,"href":"https:\/\/iguanasmoke.com\/it\/wp-json\/wp\/v2\/media\/26499"}],"wp:attachment":[{"href":"https:\/\/iguanasmoke.com\/it\/wp-json\/wp\/v2\/media?parent=26505"}],"wp:term":[{"taxonomy":"product_brand","embeddable":true,"href":"https:\/\/iguanasmoke.com\/it\/wp-json\/wp\/v2\/product_brand?post=26505"},{"taxonomy":"product_cat","embeddable":true,"href":"https:\/\/iguanasmoke.com\/it\/wp-json\/wp\/v2\/product_cat?post=26505"},{"taxonomy":"product_tag","embeddable":true,"href":"https:\/\/iguanasmoke.com\/it\/wp-json\/wp\/v2\/product_tag?post=26505"}],"curies":[{"name":"wp","href":"https:\/\/api.w.org\/{rel}","templated":true}]}}