{"id":26621,"date":"2023-12-21T14:19:20","date_gmt":"2023-12-21T13:19:20","guid":{"rendered":"https:\/\/iguanasmoke.com\/?post_type=product&#038;p=26621"},"modified":"2026-03-15T21:23:58","modified_gmt":"2026-03-15T20:23:58","slug":"mini-macinatore-di-fumo-per-iguana","status":"publish","type":"product","link":"https:\/\/iguanasmoke.com\/it\/producto\/grinder-mini-iguana-smoke\/","title":{"rendered":"Grinder Mini Iguana Smoke"},"content":{"rendered":"<h1><span style=\"font-weight: 400;\">Grinder Mini Iguana Smoke\u00a0<\/span><\/h1>\n<p><span style=\"font-weight: 400;\">Scoprire il <strong>Grinder Mini Iguana Smoke<\/strong>, la scelta perfetta per chi \u00e8 alla ricerca di un equilibrio fra <strong>prestazioni, design e funzionalit\u00e0 in un formato ridotto<\/strong>.\u00a0<\/span><\/p>\n<p><span style=\"font-weight: 400;\">Il suo design compatto e robusto assicura una <strong>macinazione omogenea<\/strong>, Il macinino \u00e8 facile da usare ogni giorno, sia a casa che in viaggio. Grazie ai suoi denti affilati, il macinino permette di triturare il contenuto in modo rapido e uniforme, migliorando l'esperienza ad ogni utilizzo.\u00a0<\/span><\/p>\n<p><span style=\"font-weight: 400;\">Non si distingue solo per la sua funzionalit\u00e0, ma anche per la sua estetica moderna e colorata. \u00c8 disponibile in 6 diversi colori vivaci - nero, rosso, blu, arancione, bianco e verde - in modo da poter scegliere quello che meglio si adatta al vostro stile personale. <\/span><\/p>\n<p><strong>Scegliete il vostro colore preferito ed elevate la vostra esperienza con Iguana Smoke.\u00a0<\/strong><\/p>\n<h2><b>Dove acquistare online il tuo <span style=\"font-weight: 400;\"><strong>Grinder Mini Iguana Smoke<\/strong><\/span><\/b><b>?<\/b><\/h2>\n<p><span style=\"font-weight: 400;\">A <strong>Fumo di iguana<\/strong>, Diamo priorit\u00e0 alla qualit\u00e0 e alla trasparenza di ogni prodotto.\u00a0<\/span><span style=\"font-weight: 400;\">Questo \u00e8 il vostro posto sicuro per <strong>acquistare il vostro<\/strong> <strong>Mini Iguana Smoke grinder online <\/strong>in Spagna<strong>.<\/strong> Tutti i nostri prodotti sono approvati dall'UE, a garanzia della loro legalit\u00e0 e sicurezza.\u00a0<\/span><\/p>\n<p><span style=\"font-weight: 400;\">Questo \u00e8 il vostro pratico accessorio che non pu\u00f2 mancare insieme al vostro <strong><a href=\"https:\/\/iguanasmoke.com\/it\/categoria\/vassoi-avvolgibili\/\">vassoi avvolgibili<\/a><\/strong>, per avere tutto pronto. Scoprite anche <\/span><span style=\"font-weight: 400;\">altro <strong>Prodotti TOP<\/strong> come il <strong><a href=\"https:\/\/iguanasmoke.com\/it\/prodotto\/comprar-flor-cbd-pop-corn-sour-tsunami-25gr-cogollos-online\/\">Pop Corn 15g. <\/a><\/strong>Approfittate ora per acquistare il mini macinino Iguana Smoke e completare i vostri strumenti per fumare. <\/span><\/p>\n<p><span style=\"font-weight: 400;\">\u00c8 inoltre possibile completare il kit con il nostro<strong><a href=\"https:\/\/iguanasmoke.com\/it\/categoria\/carta-da-rotolo\/\"> carte da rotolo di canapa<\/a><\/strong> e sarete pronti per iniziare a godere del mondo del CBD. Esplorate la nostra gamma e trovate subito il vostro grinder preferito.<\/span><span style=\"font-weight: 400;\">\u00a0<\/span><\/p>\n<p>Consegna rapida, grande attenzione e un negozio con un imballaggio discreto e sicuro che va avanti, solo per farvelo gustare!<\/p>\n<p>&nbsp;<\/p>\n<h3><b>Iguana Smoke \u00e8 sinonimo di qualit\u00e0 e affidabilit\u00e0.<\/b><\/h3>\n<p><span style=\"font-weight: 400;\">Noi di Iguana Smoke crediamo che il consumo di CBD debba essere un'esperienza sicura, accessibile e piacevole. Ecco perch\u00e9 abbiamo prodotti di alta qualit\u00e0, compresi i nostri Grinders, che si rivolgono alle nuove generazioni: persone che cercano un benessere senza complicazioni, con marchi autentici e affidabili.\u00a0<\/span><\/p>\n<p>In altre parole, la nostra missione \u00e8 chiara: offrirvi il meglio del CBD a un prezzo equo, con la tranquillit\u00e0 di sapere che state scegliendo un prodotto certificato, efficace, legale per la canapa e la 100%. Siamo all'avanguardia nei prodotti CBD, compreso il Mini Iguana Smoke Grinder.<\/p>\n<p>Avete domande? Scriveteci e saremo lieti di aiutarvi a trovare il prodotto giusto per voi.<\/p>","protected":false},"excerpt":{"rendered":"<p>Scoprite questo nuovo Mini Iguana Smoke Grinder:<\/p>\n<ul>\n<li>Dimensioni: 42 mm<\/li>\n<li>Compatto, pratico e robusto<\/li>\n<li>Dimensioni ridotte<\/li>\n<li>Disponibile in 6 colori vivaci: nero, rosso, blu, arancione, bianco e verde.<\/li>\n<\/ul>","protected":false},"featured_media":27068,"comment_status":"open","ping_status":"closed","template":"","meta":{"_acf_changed":false,"site-sidebar-layout":"default","site-content-layout":"","ast-site-content-layout":"default","site-content-style":"default","site-sidebar-style":"default","ast-global-header-display":"","ast-banner-title-visibility":"","ast-main-header-display":"","ast-hfb-above-header-display":"","ast-hfb-below-header-display":"","ast-hfb-mobile-header-display":"","site-post-title":"","ast-breadcrumbs-content":"","ast-featured-img":"","footer-sml-layout":"","theme-transparent-header-meta":"default","adv-header-id-meta":"","stick-header-meta":"","header-above-stick-meta":"","header-main-stick-meta":"","header-below-stick-meta":"","astra-migrate-meta-layouts":"set","ast-page-background-enabled":"default","ast-page-background-meta":{"desktop":{"background-color":"var(--ast-global-color-4)","background-image":"","background-repeat":"repeat","background-position":"center center","background-size":"auto","background-attachment":"scroll","background-type":"","background-media":"","overlay-type":"","overlay-color":"","overlay-opacity":"","overlay-gradient":""},"tablet":{"background-color":"","background-image":"","background-repeat":"repeat","background-position":"center center","background-size":"auto","background-attachment":"scroll","background-type":"","background-media":"","overlay-type":"","overlay-color":"","overlay-opacity":"","overlay-gradient":""},"mobile":{"background-color":"","background-image":"","background-repeat":"repeat","background-position":"center center","background-size":"auto","background-attachment":"scroll","background-type":"","background-media":"","overlay-type":"","overlay-color":"","overlay-opacity":"","overlay-gradient":""}},"ast-content-background-meta":{"desktop":{"background-color":"var(--ast-global-color-5)","background-image":"","background-repeat":"repeat","background-position":"center center","background-size":"auto","background-attachment":"scroll","background-type":"","background-media":"","overlay-type":"","overlay-color":"","overlay-opacity":"","overlay-gradient":""},"tablet":{"background-color":"var(--ast-global-color-5)","background-image":"","background-repeat":"repeat","background-position":"center center","background-size":"auto","background-attachment":"scroll","background-type":"","background-media":"","overlay-type":"","overlay-color":"","overlay-opacity":"","overlay-gradient":""},"mobile":{"background-color":"var(--ast-global-color-5)","background-image":"","background-repeat":"repeat","background-position":"center center","background-size":"auto","background-attachment":"scroll","background-type":"","background-media":"","overlay-type":"","overlay-color":"","overlay-opacity":"","overlay-gradient":""}}},"product_brand":[],"product_cat":[439,436,405],"product_tag":[],"class_list":{"0":"post-26621","1":"product","2":"type-product","3":"status-publish","4":"has-post-thumbnail","6":"product_cat-grinders","7":"product_cat-merchandise-de-iguana-smoke","8":"product_cat-ropa-y-accesorios","9":"desktop-align-center","10":"tablet-align-center","11":"mobile-align-center","13":"first","14":"instock","15":"taxable","16":"shipping-taxable","17":"purchasable","18":"product-type-variable"},"acf":[],"yoast_head":"<!-- This site is optimized with the Yoast SEO Premium plugin v27.3 (Yoast SEO v27.3) - https:\/\/yoast.com\/product\/yoast-seo-premium-wordpress\/ -->\n<title>Grinder Mini Iguana Smoke | Iguana Smoke<\/title>\n<meta name=\"description\" content=\"Compra el Grinder Mini Iguana Smoke al mejor precio y con una calidad inigualable en Iguana Smoke. Env\u00edo gratuito en Espa\u00f1a y Portugal a partir de 40\u20ac.\" \/>\n<meta name=\"robots\" content=\"index, follow, max-snippet:-1, max-image-preview:large, max-video-preview:-1\" \/>\n<link rel=\"canonical\" href=\"https:\/\/iguanasmoke.com\/it\/prodotto\/mini-macinatore-di-fumo-per-iguana\/\" \/>\n<meta property=\"og:locale\" content=\"it_IT\" \/>\n<meta property=\"og:type\" content=\"article\" \/>\n<meta property=\"og:title\" content=\"Grinder Mini Iguana Smoke\" \/>\n<meta property=\"og:description\" content=\"Descubre este nuevo Grinder Mini Iguana Smoke:   Tama\u00f1o: 42mm  Compacto, pr\u00e1ctico y resistente  Tama\u00f1o peque\u00f1o  Disponible en 6 vibrantes colores: Negro, Rojo, Azul, Naranja, Blanco y Verde\" \/>\n<meta property=\"og:url\" content=\"https:\/\/iguanasmoke.com\/it\/prodotto\/mini-macinatore-di-fumo-per-iguana\/\" \/>\n<meta property=\"og:site_name\" content=\"Iguana Smoke\" \/>\n<meta property=\"article:publisher\" content=\"https:\/\/www.facebook.com\/iguanasmoke\" \/>\n<meta property=\"article:modified_time\" content=\"2026-03-15T20:23:58+00:00\" \/>\n<meta property=\"og:image\" content=\"https:\/\/iguanasmoke.com\/wp-content\/uploads\/2023\/12\/Grinders-peque-webp.webp\" \/>\n\t<meta property=\"og:image:width\" content=\"500\" \/>\n\t<meta property=\"og:image:height\" content=\"500\" \/>\n\t<meta property=\"og:image:type\" content=\"image\/webp\" \/>\n<meta name=\"twitter:card\" content=\"summary_large_image\" \/>\n<meta name=\"twitter:label1\" content=\"Disponibilit\u00e0\" \/>\n\t<meta name=\"twitter:data1\" content=\"In stock\" \/>\n<meta property=\"product:brand\" content=\"variable\" \/>\n<meta property=\"og:availability\" content=\"instock\" \/>\n<meta property=\"product:availability\" content=\"instock\" \/>\n<meta property=\"product:condition\" content=\"new\" \/>\n<!-- \/ Yoast SEO Premium plugin. -->","yoast_head_json":{"title":"Grinder Mini Iguana Smoke : Iguana Smoke","description":"Acquistate il Mini Grinder Iguana Smoke al miglior prezzo e con una qualit\u00e0 imbattibile su Iguana Smoke. Spedizione gratuita in Spagna e Portogallo a partire da 40\u20ac.","robots":{"index":"index","follow":"follow","max-snippet":"max-snippet:-1","max-image-preview":"max-image-preview:large","max-video-preview":"max-video-preview:-1"},"canonical":"https:\/\/iguanasmoke.com\/it\/prodotto\/mini-macinatore-di-fumo-per-iguana\/","og_locale":"it_IT","og_type":"article","og_title":"Grinder Mini Iguana Smoke","og_description":"Descubre este nuevo Grinder Mini Iguana Smoke:   Tama\u00f1o: 42mm  Compacto, pr\u00e1ctico y resistente  Tama\u00f1o peque\u00f1o  Disponible en 6 vibrantes colores: Negro, Rojo, Azul, Naranja, Blanco y Verde","og_url":"https:\/\/iguanasmoke.com\/it\/prodotto\/mini-macinatore-di-fumo-per-iguana\/","og_site_name":"Iguana Smoke","article_publisher":"https:\/\/www.facebook.com\/iguanasmoke","article_modified_time":"2026-03-15T20:23:58+00:00","og_image":[{"width":500,"height":500,"url":"https:\/\/iguanasmoke.com\/wp-content\/uploads\/2023\/12\/Grinders-peque-webp.webp","type":"image\/webp"}],"twitter_card":"summary_large_image","twitter_misc":{"Disponibilit\u00e0":"In stock"},"schema":{"@context":"https:\/\/schema.org","@graph":[{"@type":"WebPage","@id":"https:\/\/iguanasmoke.com\/producto\/grinder-mini-iguana-smoke\/","url":"https:\/\/iguanasmoke.com\/producto\/grinder-mini-iguana-smoke\/","name":"Grinder Mini Iguana Smoke : Iguana Smoke","isPartOf":{"@id":"https:\/\/iguanasmoke.com\/#website"},"primaryImageOfPage":{"@id":"https:\/\/iguanasmoke.com\/producto\/grinder-mini-iguana-smoke\/#primaryimage"},"image":{"@id":"https:\/\/iguanasmoke.com\/producto\/grinder-mini-iguana-smoke\/#primaryimage"},"thumbnailUrl":"https:\/\/iguanasmoke.com\/wp-content\/uploads\/2023\/12\/Grinders-peque-webp.webp","datePublished":"2023-12-21T13:19:20+00:00","dateModified":"2026-03-15T20:23:58+00:00","description":"Acquistate il Mini Grinder Iguana Smoke al miglior prezzo e con una qualit\u00e0 imbattibile su Iguana Smoke. Spedizione gratuita in Spagna e Portogallo a partire da 40\u20ac.","breadcrumb":{"@id":"https:\/\/iguanasmoke.com\/producto\/grinder-mini-iguana-smoke\/#breadcrumb"},"inLanguage":"it-IT","potentialAction":[{"@type":"ReadAction","target":["https:\/\/iguanasmoke.com\/producto\/grinder-mini-iguana-smoke\/"]}]},{"@type":"ImageObject","inLanguage":"it-IT","@id":"https:\/\/iguanasmoke.com\/producto\/grinder-mini-iguana-smoke\/#primaryimage","url":"https:\/\/iguanasmoke.com\/wp-content\/uploads\/2023\/12\/Grinders-peque-webp.webp","contentUrl":"https:\/\/iguanasmoke.com\/wp-content\/uploads\/2023\/12\/Grinders-peque-webp.webp","width":500,"height":500,"caption":"grinders peque\u00f1o portable iguana"},{"@type":"BreadcrumbList","@id":"https:\/\/iguanasmoke.com\/producto\/grinder-mini-iguana-smoke\/#breadcrumb","itemListElement":[{"@type":"ListItem","position":1,"name":"home","item":"https:\/\/iguanasmoke.com\/"},{"@type":"ListItem","position":2,"name":"Tienda","item":"https:\/\/iguanasmoke.com\/tienda\/"},{"@type":"ListItem","position":3,"name":"Grinders","item":"https:\/\/iguanasmoke.com\/categoria\/grinders\/"},{"@type":"ListItem","position":4,"name":"Grinder Mini Iguana Smoke"}]},{"@type":"WebSite","@id":"https:\/\/iguanasmoke.com\/#website","url":"https:\/\/iguanasmoke.com\/","name":"Fumo di iguana","description":"Acquistare CBD online al miglior prezzo","publisher":{"@id":"https:\/\/iguanasmoke.com\/#organization"},"potentialAction":[{"@type":"SearchAction","target":{"@type":"EntryPoint","urlTemplate":"https:\/\/iguanasmoke.com\/?s={search_term_string}"},"query-input":{"@type":"PropertyValueSpecification","valueRequired":true,"valueName":"search_term_string"}}],"inLanguage":"it-IT"},{"@type":"Organization","@id":"https:\/\/iguanasmoke.com\/#organization","name":"Fumo di iguana","url":"https:\/\/iguanasmoke.com\/","logo":{"@type":"ImageObject","inLanguage":"it-IT","@id":"https:\/\/iguanasmoke.com\/#\/schema\/logo\/image\/","url":"https:\/\/iguanasmoke.com\/wp-content\/uploads\/2025\/01\/logoiguana-favi-1.png","contentUrl":"https:\/\/iguanasmoke.com\/wp-content\/uploads\/2025\/01\/logoiguana-favi-1.png","width":512,"height":512,"caption":"Iguana Smoke"},"image":{"@id":"https:\/\/iguanasmoke.com\/#\/schema\/logo\/image\/"},"sameAs":["https:\/\/www.facebook.com\/iguanasmoke","https:\/\/www.instagram.com\/iguanasmoke\/"]}]},"product_brand":"variable","og_availability":"instock","product_availability":"instock","product_condition":"new"},"_links":{"self":[{"href":"https:\/\/iguanasmoke.com\/it\/wp-json\/wp\/v2\/product\/26621","targetHints":{"allow":["GET"]}}],"collection":[{"href":"https:\/\/iguanasmoke.com\/it\/wp-json\/wp\/v2\/product"}],"about":[{"href":"https:\/\/iguanasmoke.com\/it\/wp-json\/wp\/v2\/types\/product"}],"replies":[{"embeddable":true,"href":"https:\/\/iguanasmoke.com\/it\/wp-json\/wp\/v2\/comments?post=26621"}],"wp:featuredmedia":[{"embeddable":true,"href":"https:\/\/iguanasmoke.com\/it\/wp-json\/wp\/v2\/media\/27068"}],"wp:attachment":[{"href":"https:\/\/iguanasmoke.com\/it\/wp-json\/wp\/v2\/media?parent=26621"}],"wp:term":[{"taxonomy":"product_brand","embeddable":true,"href":"https:\/\/iguanasmoke.com\/it\/wp-json\/wp\/v2\/product_brand?post=26621"},{"taxonomy":"product_cat","embeddable":true,"href":"https:\/\/iguanasmoke.com\/it\/wp-json\/wp\/v2\/product_cat?post=26621"},{"taxonomy":"product_tag","embeddable":true,"href":"https:\/\/iguanasmoke.com\/it\/wp-json\/wp\/v2\/product_tag?post=26621"}],"curies":[{"name":"wp","href":"https:\/\/api.w.org\/{rel}","templated":true}]}}