{"id":27142,"date":"2023-12-27T17:57:53","date_gmt":"2023-12-27T16:57:53","guid":{"rendered":"https:\/\/iguanasmoke.com\/?post_type=product&#038;p=27142"},"modified":"2026-02-10T10:25:16","modified_gmt":"2026-02-10T09:25:16","slug":"scatola-iguana-confezione-fumeta-cbd","status":"publish","type":"product","link":"https:\/\/iguanasmoke.com\/it\/producto\/iguana-box-pack-fumeta-cbd\/","title":{"rendered":"Iguana Box Pack Fumeta CBD"},"content":{"rendered":"<h1 data-start=\"1609\" data-end=\"1642\"><span style=\"font-weight: 400;\">Iguana Box Pack Fumeta CBD: <em>Il vostro super pacchetto<\/em><\/span><\/h1>\n<p data-start=\"273\" data-end=\"578\"><span style=\"font-weight: 400;\">Se vi piace variare, scoprire nuovi aromi e godere di fiori di CBD di alta qualit\u00e0, allora il <strong>Iguana Box Pack Fumeta CBD <\/strong>\u00e8 per voi. Abbiamo creato questo pacchetto esclusivo per permettervi di provare alcuni dei prodotti pi\u00f9 popolari. <strong>genetica pi\u00f9 richiesta e popolare<\/strong>, tutti accuratamente selezionati e coltivati secondo gli standard europei.<\/span><\/p>\n<p data-start=\"273\" data-end=\"578\"><span style=\"font-weight: 400;\">Inoltre, questa scatola viene fornita con 3 g di fiori di CBD (<strong>10-15% di CBD e meno di 0,3% di THC<\/strong>), completamente<strong> legale in Spagna<\/strong>, ideale per chi cerca esperienze aromatiche equilibrate senza effetti psicoattivi.<\/span><\/p>\n<p>&nbsp;<\/p>\n<p>&nbsp;<\/p>\n<h2 data-start=\"273\" data-end=\"578\"><strong>Cosa comprende l'Iguana Box Pack Fumeta CBD? <\/strong><\/h2>\n<p data-start=\"273\" data-end=\"578\"><span style=\"font-weight: 400;\">Innanzitutto, in questa confezione potete scegliere fino a 2 bustine da 3 grammi di fiori di CBD delle seguenti variet\u00e0: <\/span><\/p>\n<ul>\n<li style=\"list-style-type: none;\">\n<ul>\n<li data-start=\"273\" data-end=\"578\"><span style=\"font-weight: 400;\"><strong><a href=\"https:\/\/iguanasmoke.com\/it\/prodotto\/acquistare-gemme-di-fiori-di-cbd-di-flower-sour-tsunami-online\/\">Tsunami acido<\/a>:<\/strong> Fresco, agrumato, perfetto per chi \u00e8 alla ricerca di sensazioni morbide e pulite. <\/span><\/li>\n<li data-start=\"273\" data-end=\"578\"><span style=\"font-weight: 400;\"><strong><a href=\"https:\/\/iguanasmoke.com\/it\/prodotto\/acquistare-gemme-di-fiori-di-cbd-flor-gelato-online\/\">Gelato<\/a>:<\/strong> Dolce e cremoso, \u00e8 il preferito per il suo aroma intenso. <\/span><\/li>\n<li data-start=\"273\" data-end=\"578\"><span style=\"font-weight: 400;\"><strong><a href=\"https:\/\/iguanasmoke.com\/it\/prodotto\/comprare-fiori-ak-47-cbd-buds-online\/\">AK-47<\/a>:<\/strong> Potente nelle sfumature, con un profilo classico e speziato.<\/span><\/li>\n<li data-start=\"273\" data-end=\"578\"><span style=\"font-weight: 400;\"><a href=\"https:\/\/iguanasmoke.com\/it\/prodotto\/acquistare-gemme-di-cbd-di-shelby-flower-online\/\"><strong>Shelby<\/strong><\/a>Elegante ed equilibrato, ideale per ogni momento della giornata. <\/span><\/li>\n<li data-start=\"273\" data-end=\"578\"><span style=\"font-weight: 400;\"><a href=\"https:\/\/iguanasmoke.com\/it\/prodotto\/comprare-fiori-amnesia-cbd-cbd-buds-online\/\"><strong>Amnesia<\/strong><\/a>Inconfondibile, con forti note agrumate ed erbacee. <\/span><\/li>\n<li data-start=\"273\" data-end=\"578\"><span style=\"font-weight: 400;\"><a href=\"https:\/\/iguanasmoke.com\/it\/prodotto\/acquistare-fiori-colla-di-gorilla-cbd-cbd-buds-online\/\"><strong>Gorilla<\/strong> <strong>Colla<\/strong><\/a>Terroso e profondo, con una presenza aromatica brutale. <\/span><\/li>\n<li data-start=\"273\" data-end=\"578\"><span style=\"font-weight: 400;\"><a href=\"https:\/\/iguanasmoke.com\/it\/prodotto\/acquistare-gemme-di-fiori-di-cbd-diesel-sour-online\/\"><strong>Aspro<\/strong> <strong>Diesel<\/strong><\/a>Acida e penetrante, genetica mitica che non viene mai meno<\/span><\/li>\n<li data-start=\"273\" data-end=\"578\"><span style=\"font-weight: 400;\"><strong><a href=\"https:\/\/iguanasmoke.com\/it\/prodotto\/acquistare-gemme-di-cbd-flower-cherry-haze-online\/\">Ciliegia Haze<\/a>:<\/strong> Dolce e fruttato in parti uguali. <\/span><\/li>\n<li data-start=\"273\" data-end=\"578\"><span style=\"font-weight: 400;\"><strong><a href=\"https:\/\/iguanasmoke.com\/it\/prodotto\/comprare-gemme-di-cbd-online\/\">Alieno OG<\/a>:<\/strong> Intenso, terroso e in qualche modo puzzolente di formaggio. <\/span><\/li>\n<li data-start=\"273\" data-end=\"578\"><span style=\"font-weight: 400;\"><a href=\"https:\/\/iguanasmoke.com\/it\/prodotto\/acquistare-online-le-gemme-di-cbd-dei-fiori-tropicali\/\"><strong>Biscotti tropicali:<\/strong><\/a> Esotico e gourmand, non delude. <\/span><\/li>\n<li data-start=\"273\" data-end=\"578\"><span style=\"font-weight: 400;\"><strong><a href=\"https:\/\/iguanasmoke.com\/it\/prodotto\/comprare-fiori-super-skunk-cbd-cbd-buds-online\/\">Super Skunk<\/a>:<\/strong> Il pi\u00f9 puzzolente e potente, preparatevi. <\/span><\/li>\n<li data-start=\"273\" data-end=\"578\"><span style=\"font-weight: 400;\"><strong><a href=\"https:\/\/iguanasmoke.com\/it\/prodotto\/comprare-fiori-iguana-kush-cbd-cbd-buds-online\/\">Iguana Kush<\/a>:<\/strong> Il tesoro della casa, il pi\u00f9 unico: profondo e rilassante.<\/span><\/li>\n<\/ul>\n<\/li>\n<\/ul>\n<p><span style=\"font-weight: 400;\">Inoltre, siete voi a scegliere come godervi il vostro <strong>Iguana Box Pack Fumeta CBD<\/strong>, Per completare la vostra confezione di fiori CBD, scegliete tra i diversi colori dei nostri <strong><a href=\"https:\/\/iguanasmoke.com\/it\/prodotto\/macinatore-di-fumo-iguana\/\">Smerigliatrici 3 parti<\/a>, <\/strong>a <a href=\"https:\/\/iguanasmoke.com\/it\/categoria\/vassoi-avvolgibili\/\"><strong>vassoio di rotolamento<\/strong><\/a> con design sorprendenti e, ultimo ma non meno importante, potete scegliere il vostro <a href=\"https:\/\/iguanasmoke.com\/it\/categoria\/carta-da-rotolo\/\"><strong>Cartine da 1,1\/4\" in canapa<\/strong><\/a>.<\/span><\/p>\n<p data-start=\"273\" data-end=\"578\"><span style=\"font-weight: 400;\">Il tutto \u00e8 stato progettato in modo che l'unica cosa da fare sia aprire la scatola e godersela.<\/span><\/p>\n<p>&nbsp;<\/p>\n<h2 data-start=\"273\" data-end=\"578\"><strong>Perch\u00e9 scegliere l'Iguana Box Pack Fumeta CBD? <\/strong><\/h2>\n<ul>\n<li data-start=\"273\" data-end=\"578\"><span style=\"font-weight: 400;\">Selezione assortita di fiori CBD di prima qualit\u00e0 <\/span><\/li>\n<li data-start=\"273\" data-end=\"578\"><span style=\"font-weight: 400;\">Ideale per testare diverse genetiche in un'unica confezione. <\/span><\/li>\n<li data-start=\"273\" data-end=\"578\"><span style=\"font-weight: 400;\">CBD tra 10 e 15% e THC inferiore a 0,3% <\/span><\/li>\n<li data-start=\"273\" data-end=\"578\"><span style=\"font-weight: 400;\">Prodotto legale, sicuro e testato <\/span><\/li>\n<li data-start=\"273\" data-end=\"578\"><span style=\"font-weight: 400;\">Perfetto come regalo... o come regalo per se stessi. <\/span><\/li>\n<\/ul>\n<p><span style=\"font-weight: 400;\">Il <strong>Iguana Box Pack Fumeta CBD<\/strong>\u00a0Non \u00e8 solo una confezione, \u00e8 un'esperienza completa per chi apprezza il CBD di qualit\u00e0. Scoprite, confrontate e trovate il vostro preferito.<\/span><\/p>\n<p>&nbsp;<\/p>\n<h3><b>Iguana Smoke \u00e8 il vostro negozio online di CBD\u00a0<\/b><\/h3>\n<p><span style=\"font-weight: 400;\">A<strong> Fumo di iguana<\/strong>, Crediamo che il consumo di CBD debba essere un'esperienza sicura. Ecco perch\u00e9 abbiamo prodotti come questo <strong>Iguana Box Pack Fumeta CBD<\/strong>, Il marchio si rivolge alle nuove generazioni: persone che cercano un benessere senza complicazioni, con marchi autentici e affidabili.\u00a0<\/span><\/p>\n<p>La nostra missione \u00e8 chiara: offrirvi il meglio del mondo dei cannabinoidi a un prezzo equo. Inoltre, vi diamo la tranquillit\u00e0 che deriva dal sapere che state scegliendo un prodotto certificato, efficace e 100% legale. Il vostro momento di relax inizia qui da noi con i nostri fiori di CBD.<\/p>\n<p>Ancora dubbi? Scriveteci e saremo lieti di aiutarvi a trovare il prodotto giusto per voi.<\/p>\n<p>&nbsp;<\/p>\n<h6>\u2139\ufe0f<strong> Informazioni legali<\/strong><\/h6>\n<p><em><span style=\"font-weight: 400;\">*Prodotto destinato alla raccolta o all'aromaterapia, in conformit\u00e0 alla legislazione spagnola vigente. <\/span><\/em><\/p>\n<p><em><span style=\"font-weight: 400;\">**Derivato da canapa industriale certificata. Contiene meno dello 0,3 di THC e non contiene cannabinoidi illegali come HHC, HHC-P, THCP, THCP-O, H4CBD o sostanze elencate nell'Allegato I del Regio Decreto 2829\/1977, n\u00e9 sostanze controllate da convenzioni internazionali.\u00a0\u00a0<\/span><\/em><\/p>","protected":false},"excerpt":{"rendered":"<p><span style=\"font-size: 16px; font-weight: 400;\">Prep\u00e1rate porque esta Iguana Box viene cargadita de flores de CBD (10-15%CBD y &lt;0,3%THC) de 3g:<\/span><\/p>\n<ul>\n<li>2 bustine di fiori di CBD da 3 g a scelta<\/li>\n<li>1 x macinino in 3 parti con contenitore a scelta<\/li>\n<li>1 x Vassoio di rotolamento a scelta<\/li>\n<li>1 x Carta bugiarda di canapa 1. 1\/4 con filtri a scelta<\/li>\n<\/ul>\n<p><em><span style=\"font-weight: 400;\">Prezzo senza sconto: 42,50\u20ac | prezzo del pacchetto di sconto: 25,00\u20ac =&gt; <strong>risparmio di 17,50\u20ac con uno sconto di 41%<\/strong><\/span>\u00a0<\/em><\/p>\n<p><span style=\"font-weight: 400;\">Consultazione<strong>\u00a0<a href=\"https:\/\/iguanasmoke.com\/it\/analitica\/\">analisi di laboratorio.<\/a><\/strong><\/span><\/p>","protected":false},"featured_media":77334,"comment_status":"open","ping_status":"closed","template":"","meta":{"_acf_changed":false,"site-sidebar-layout":"default","site-content-layout":"","ast-site-content-layout":"default","site-content-style":"default","site-sidebar-style":"default","ast-global-header-display":"","ast-banner-title-visibility":"","ast-main-header-display":"","ast-hfb-above-header-display":"","ast-hfb-below-header-display":"","ast-hfb-mobile-header-display":"","site-post-title":"","ast-breadcrumbs-content":"","ast-featured-img":"","footer-sml-layout":"","theme-transparent-header-meta":"default","adv-header-id-meta":"","stick-header-meta":"","header-above-stick-meta":"","header-main-stick-meta":"","header-below-stick-meta":"","astra-migrate-meta-layouts":"set","ast-page-background-enabled":"default","ast-page-background-meta":{"desktop":{"background-color":"var(--ast-global-color-4)","background-image":"","background-repeat":"repeat","background-position":"center center","background-size":"auto","background-attachment":"scroll","background-type":"","background-media":"","overlay-type":"","overlay-color":"","overlay-opacity":"","overlay-gradient":""},"tablet":{"background-color":"","background-image":"","background-repeat":"repeat","background-position":"center center","background-size":"auto","background-attachment":"scroll","background-type":"","background-media":"","overlay-type":"","overlay-color":"","overlay-opacity":"","overlay-gradient":""},"mobile":{"background-color":"","background-image":"","background-repeat":"repeat","background-position":"center center","background-size":"auto","background-attachment":"scroll","background-type":"","background-media":"","overlay-type":"","overlay-color":"","overlay-opacity":"","overlay-gradient":""}},"ast-content-background-meta":{"desktop":{"background-color":"var(--ast-global-color-5)","background-image":"","background-repeat":"repeat","background-position":"center center","background-size":"auto","background-attachment":"scroll","background-type":"","background-media":"","overlay-type":"","overlay-color":"","overlay-opacity":"","overlay-gradient":""},"tablet":{"background-color":"var(--ast-global-color-5)","background-image":"","background-repeat":"repeat","background-position":"center center","background-size":"auto","background-attachment":"scroll","background-type":"","background-media":"","overlay-type":"","overlay-color":"","overlay-opacity":"","overlay-gradient":""},"mobile":{"background-color":"var(--ast-global-color-5)","background-image":"","background-repeat":"repeat","background-position":"center center","background-size":"auto","background-attachment":"scroll","background-type":"","background-media":"","overlay-type":"","overlay-color":"","overlay-opacity":"","overlay-gradient":""}}},"product_brand":[],"product_cat":[349],"product_tag":[],"class_list":{"0":"post-27142","1":"product","2":"type-product","3":"status-publish","4":"has-post-thumbnail","6":"product_cat-packs-y-ofertas-cbd","7":"desktop-align-center","8":"tablet-align-center","9":"mobile-align-center","11":"first","12":"instock","13":"sale","14":"taxable","15":"shipping-taxable","16":"purchasable","17":"product-type-composite"},"acf":[],"yoast_head":"<!-- This site is optimized with the Yoast SEO Premium plugin v27.3 (Yoast SEO v27.3) - https:\/\/yoast.com\/product\/yoast-seo-premium-wordpress\/ -->\n<title>Iguana Box Pack Fumeta CBD | Iguana Smoke<\/title>\n<meta name=\"description\" content=\"Compra la Iguana Box Pack Fumeta CBD al mejor precio y con una calidad inigualable en Iguana Smoke. Env\u00edo gratuito en Espa\u00f1a y Portugal a partir de 35\u20ac.\" \/>\n<meta name=\"robots\" content=\"index, follow, max-snippet:-1, max-image-preview:large, max-video-preview:-1\" \/>\n<link rel=\"canonical\" href=\"https:\/\/iguanasmoke.com\/it\/prodotto\/scatola-iguana-confezione-fumeta-cbd\/\" \/>\n<meta property=\"og:locale\" content=\"it_IT\" \/>\n<meta property=\"og:type\" content=\"article\" \/>\n<meta property=\"og:title\" content=\"Iguana Box Pack Fumeta CBD\" \/>\n<meta property=\"og:description\" content=\"Prep\u00e1rate porque esta Iguana Box viene cargadita de flores de CBD (10-15%CBD y &lt;0,3%THC) de 3g:   2 x bolsas de flores CBD 3g a tu elecci\u00f3n  1 x Grinder 3 partes con almacenamiento a tu elecci\u00f3n  1 x Bandeja de liar a tu elecci\u00f3n  1 x Papel de Liar de c\u00e1\u00f1amo 1. 1\/4 con filtros a tu elecci\u00f3n  Precio sin descuento: 42,50\u20ac | precio pack descuento: 25,00\u20ac =&gt; ahorro de 17,50\u20ac con un descuento del 41%\u00a0  Consulta\u00a0el an\u00e1lisis de laboratorio.\" \/>\n<meta property=\"og:url\" content=\"https:\/\/iguanasmoke.com\/it\/prodotto\/scatola-iguana-confezione-fumeta-cbd\/\" \/>\n<meta property=\"og:site_name\" content=\"Iguana Smoke\" \/>\n<meta property=\"article:publisher\" content=\"https:\/\/www.facebook.com\/iguanasmoke\" \/>\n<meta property=\"article:modified_time\" content=\"2026-02-10T09:25:16+00:00\" \/>\n<meta property=\"og:image\" content=\"https:\/\/iguanasmoke.com\/wp-content\/uploads\/2023\/12\/Iguana-Oferta-Pack-5.webp\" \/>\n\t<meta property=\"og:image:width\" content=\"1002\" \/>\n\t<meta property=\"og:image:height\" content=\"1000\" \/>\n\t<meta property=\"og:image:type\" content=\"image\/webp\" \/>\n<meta name=\"twitter:card\" content=\"summary_large_image\" \/>\n<meta name=\"twitter:label1\" content=\"Prezzo\" \/>\n\t<meta name=\"twitter:data1\" content=\"25,00&nbsp;&euro;\" \/>\n\t<meta name=\"twitter:label2\" content=\"Disponibilit\u00e0\" \/>\n\t<meta name=\"twitter:data2\" content=\"In stock\" \/>\n<meta property=\"product:brand\" content=\"composite\" \/>\n<meta property=\"product:price:amount\" content=\"25.00\" \/>\n<meta property=\"product:price:currency\" content=\"EUR\" \/>\n<meta property=\"og:availability\" content=\"instock\" \/>\n<meta property=\"product:availability\" content=\"instock\" \/>\n<meta property=\"product:retailer_item_id\" content=\"IS-PACKFUMETA\" \/>\n<meta property=\"product:condition\" content=\"new\" \/>\n<!-- \/ Yoast SEO Premium plugin. -->","yoast_head_json":{"title":"Iguana Box Pack Fumeta CBD | Iguana Smoke","description":"Acquistate l'Iguana Box Pack Fumeta CBD al miglior prezzo e con una qualit\u00e0 imbattibile su Iguana Smoke. Spedizione gratuita in Spagna e Portogallo a partire da 35\u20ac.","robots":{"index":"index","follow":"follow","max-snippet":"max-snippet:-1","max-image-preview":"max-image-preview:large","max-video-preview":"max-video-preview:-1"},"canonical":"https:\/\/iguanasmoke.com\/it\/prodotto\/scatola-iguana-confezione-fumeta-cbd\/","og_locale":"it_IT","og_type":"article","og_title":"Iguana Box Pack Fumeta CBD","og_description":"Prep\u00e1rate porque esta Iguana Box viene cargadita de flores de CBD (10-15%CBD y &lt;0,3%THC) de 3g:   2 x bolsas de flores CBD 3g a tu elecci\u00f3n  1 x Grinder 3 partes con almacenamiento a tu elecci\u00f3n  1 x Bandeja de liar a tu elecci\u00f3n  1 x Papel de Liar de c\u00e1\u00f1amo 1. 1\/4 con filtros a tu elecci\u00f3n  Precio sin descuento: 42,50\u20ac | precio pack descuento: 25,00\u20ac =&gt; ahorro de 17,50\u20ac con un descuento del 41%\u00a0  Consulta\u00a0el an\u00e1lisis de laboratorio.","og_url":"https:\/\/iguanasmoke.com\/it\/prodotto\/scatola-iguana-confezione-fumeta-cbd\/","og_site_name":"Iguana Smoke","article_publisher":"https:\/\/www.facebook.com\/iguanasmoke","article_modified_time":"2026-02-10T09:25:16+00:00","og_image":[{"width":1002,"height":1000,"url":"https:\/\/iguanasmoke.com\/wp-content\/uploads\/2023\/12\/Iguana-Oferta-Pack-5.webp","type":"image\/webp"}],"twitter_card":"summary_large_image","twitter_misc":{"Prezzo":"25,00&nbsp;&euro;","Disponibilit\u00e0":"In stock"},"schema":{"@context":"https:\/\/schema.org","@graph":[{"@type":"WebPage","@id":"https:\/\/iguanasmoke.com\/producto\/iguana-box-pack-fumeta-cbd\/","url":"https:\/\/iguanasmoke.com\/producto\/iguana-box-pack-fumeta-cbd\/","name":"Iguana Box Pack Fumeta CBD | Iguana Smoke","isPartOf":{"@id":"https:\/\/iguanasmoke.com\/#website"},"primaryImageOfPage":{"@id":"https:\/\/iguanasmoke.com\/producto\/iguana-box-pack-fumeta-cbd\/#primaryimage"},"image":{"@id":"https:\/\/iguanasmoke.com\/producto\/iguana-box-pack-fumeta-cbd\/#primaryimage"},"thumbnailUrl":"https:\/\/iguanasmoke.com\/wp-content\/uploads\/2023\/12\/Iguana-Oferta-Pack-5.webp","datePublished":"2023-12-27T16:57:53+00:00","dateModified":"2026-02-10T09:25:16+00:00","description":"Acquistate l'Iguana Box Pack Fumeta CBD al miglior prezzo e con una qualit\u00e0 imbattibile su Iguana Smoke. Spedizione gratuita in Spagna e Portogallo a partire da 35\u20ac.","breadcrumb":{"@id":"https:\/\/iguanasmoke.com\/producto\/iguana-box-pack-fumeta-cbd\/#breadcrumb"},"inLanguage":"it-IT","potentialAction":[{"@type":"ReadAction","target":["https:\/\/iguanasmoke.com\/producto\/iguana-box-pack-fumeta-cbd\/"]}]},{"@type":"ImageObject","inLanguage":"it-IT","@id":"https:\/\/iguanasmoke.com\/producto\/iguana-box-pack-fumeta-cbd\/#primaryimage","url":"https:\/\/iguanasmoke.com\/wp-content\/uploads\/2023\/12\/Iguana-Oferta-Pack-5.webp","contentUrl":"https:\/\/iguanasmoke.com\/wp-content\/uploads\/2023\/12\/Iguana-Oferta-Pack-5.webp","width":1002,"height":1000,"caption":"Iguana Box Pack Fumeta CBD"},{"@type":"BreadcrumbList","@id":"https:\/\/iguanasmoke.com\/producto\/iguana-box-pack-fumeta-cbd\/#breadcrumb","itemListElement":[{"@type":"ListItem","position":1,"name":"home","item":"https:\/\/iguanasmoke.com\/"},{"@type":"ListItem","position":2,"name":"Tienda","item":"https:\/\/iguanasmoke.com\/tienda\/"},{"@type":"ListItem","position":3,"name":"Packs y Ofertas","item":"https:\/\/iguanasmoke.com\/categoria\/packs-y-ofertas-cbd\/"},{"@type":"ListItem","position":4,"name":"Iguana Box Pack Fumeta CBD"}]},{"@type":"WebSite","@id":"https:\/\/iguanasmoke.com\/#website","url":"https:\/\/iguanasmoke.com\/","name":"Fumo di iguana","description":"Acquistare CBD online al miglior prezzo","publisher":{"@id":"https:\/\/iguanasmoke.com\/#organization"},"potentialAction":[{"@type":"SearchAction","target":{"@type":"EntryPoint","urlTemplate":"https:\/\/iguanasmoke.com\/?s={search_term_string}"},"query-input":{"@type":"PropertyValueSpecification","valueRequired":true,"valueName":"search_term_string"}}],"inLanguage":"it-IT"},{"@type":"Organization","@id":"https:\/\/iguanasmoke.com\/#organization","name":"Fumo di iguana","url":"https:\/\/iguanasmoke.com\/","logo":{"@type":"ImageObject","inLanguage":"it-IT","@id":"https:\/\/iguanasmoke.com\/#\/schema\/logo\/image\/","url":"https:\/\/iguanasmoke.com\/wp-content\/uploads\/2025\/01\/logoiguana-favi-1.png","contentUrl":"https:\/\/iguanasmoke.com\/wp-content\/uploads\/2025\/01\/logoiguana-favi-1.png","width":512,"height":512,"caption":"Iguana Smoke"},"image":{"@id":"https:\/\/iguanasmoke.com\/#\/schema\/logo\/image\/"},"sameAs":["https:\/\/www.facebook.com\/iguanasmoke","https:\/\/www.instagram.com\/iguanasmoke\/"]}]},"product_brand":"composite","product_price_amount":"25.00","product_price_currency":"EUR","og_availability":"instock","product_availability":"instock","product_retailer_item_id":"IS-PACKFUMETA","product_condition":"new"},"_links":{"self":[{"href":"https:\/\/iguanasmoke.com\/it\/wp-json\/wp\/v2\/product\/27142","targetHints":{"allow":["GET"]}}],"collection":[{"href":"https:\/\/iguanasmoke.com\/it\/wp-json\/wp\/v2\/product"}],"about":[{"href":"https:\/\/iguanasmoke.com\/it\/wp-json\/wp\/v2\/types\/product"}],"replies":[{"embeddable":true,"href":"https:\/\/iguanasmoke.com\/it\/wp-json\/wp\/v2\/comments?post=27142"}],"wp:featuredmedia":[{"embeddable":true,"href":"https:\/\/iguanasmoke.com\/it\/wp-json\/wp\/v2\/media\/77334"}],"wp:attachment":[{"href":"https:\/\/iguanasmoke.com\/it\/wp-json\/wp\/v2\/media?parent=27142"}],"wp:term":[{"taxonomy":"product_brand","embeddable":true,"href":"https:\/\/iguanasmoke.com\/it\/wp-json\/wp\/v2\/product_brand?post=27142"},{"taxonomy":"product_cat","embeddable":true,"href":"https:\/\/iguanasmoke.com\/it\/wp-json\/wp\/v2\/product_cat?post=27142"},{"taxonomy":"product_tag","embeddable":true,"href":"https:\/\/iguanasmoke.com\/it\/wp-json\/wp\/v2\/product_tag?post=27142"}],"curies":[{"name":"wp","href":"https:\/\/api.w.org\/{rel}","templated":true}]}}