{"id":27224,"date":"2023-12-28T16:47:28","date_gmt":"2023-12-28T15:47:28","guid":{"rendered":"https:\/\/iguanasmoke.com\/?post_type=product&#038;p=27224"},"modified":"2026-04-15T12:14:47","modified_gmt":"2026-04-15T10:14:47","slug":"adesivi-iguana-x3","status":"publish","type":"product","link":"https:\/\/iguanasmoke.com\/it\/producto\/stickers-iguana-x3\/","title":{"rendered":"Adesivi fumogeni Iguana x3"},"content":{"rendered":"<h1><span style=\"font-weight: 400;\">Adesivi fumogeni Iguana x3<\/span><\/h1>\n<p><span style=\"font-weight: 400;\">Aggiungere un<strong> un tocco di stile unico<\/strong> ai vostri effetti personali con il <strong>Adesivi fumogeni Iguana x3<\/strong>. Questo set esclusivo riunisce fino a <strong>5 diversi design di adesivi premium<\/strong>, pensata per chi ama i piccoli dettagli e la propria identit\u00e0. Ogni confezione comprende un <strong>design selezionato in modo casuale<\/strong>, Il tocco nuovo e sorprendente in ogni unit\u00e0. <\/span><\/p>\n<p><span style=\"font-weight: 400;\">Inoltre, sono realizzati in <strong>materiali resistenti e di alta qualit\u00e0<\/strong> (alcuni di essi sono <strong>olografico<\/strong> e <strong>cangiante<\/strong>), sono perfetti per personalizzare l'ambiente con lo stile e l'estetica inconfondibili di Iguana Smoke. <\/span><\/p>\n<p><span style=\"font-weight: 400;\">Per tutti questi motivi, sono l'ideale per chi vive la <strong>cultura del vaping ed espressione creativa<\/strong> come parte del suo stile. <\/span><\/p>\n<p><span style=\"font-weight: 400;\">Scoprite la variet\u00e0, condividete l'atteggiamento e portate con voi l'essenza vibrante di Iguana Smoke in ogni momento. <strong>Adesivi fumogeni Iguana x3<\/strong>. <\/span><\/p>\n<p>&nbsp;<\/p>\n<h3><b>Iguana Smoke \u00e8 sinonimo di qualit\u00e0 e affidabilit\u00e0.<\/b><\/h3>\n<p><span style=\"font-weight: 400;\">Noi di Iguana Smoke crediamo che il consumo di CBD debba essere un'esperienza sicura, accessibile e piacevole. Ecco perch\u00e9 disponiamo di prodotti di alta qualit\u00e0, tra cui il <strong>Adesivi fumogeni Iguana x3<\/strong>, La nuova generazione cerca un benessere senza complicazioni, con marchi autentici e affidabili.\u00a0<\/span><\/p>\n<p>In altre parole, la nostra missione \u00e8 chiara: offrirvi il meglio del CBD a un prezzo equo, con la tranquillit\u00e0 di sapere che state scegliendo un prodotto certificato, efficace, legale per la canapa e la 100%. Siamo all'avanguardia nei prodotti a base di CBD.<\/p>\n<p>Avete domande? Scriveteci e saremo lieti di aiutarvi a trovare il prodotto giusto per voi.<\/p>","protected":false},"excerpt":{"rendered":"<ul>\n<li><strong data-start=\"364\" data-end=\"402\">Collezione di 5 disegni esclusivi.<\/strong><br data-start=\"402\" data-end=\"405\" \/>Il modello ricevuto viene scelto a caso, aggiungendo un fattore di sorpresa a ogni ordine.<\/li>\n<\/ul>","protected":false},"featured_media":27225,"comment_status":"open","ping_status":"closed","template":"","meta":{"_acf_changed":false,"site-sidebar-layout":"default","site-content-layout":"","ast-site-content-layout":"default","site-content-style":"default","site-sidebar-style":"default","ast-global-header-display":"","ast-banner-title-visibility":"","ast-main-header-display":"","ast-hfb-above-header-display":"","ast-hfb-below-header-display":"","ast-hfb-mobile-header-display":"","site-post-title":"","ast-breadcrumbs-content":"","ast-featured-img":"","footer-sml-layout":"","theme-transparent-header-meta":"default","adv-header-id-meta":"","stick-header-meta":"","header-above-stick-meta":"","header-main-stick-meta":"","header-below-stick-meta":"","astra-migrate-meta-layouts":"set","ast-page-background-enabled":"default","ast-page-background-meta":{"desktop":{"background-color":"var(--ast-global-color-4)","background-image":"","background-repeat":"repeat","background-position":"center center","background-size":"auto","background-attachment":"scroll","background-type":"","background-media":"","overlay-type":"","overlay-color":"","overlay-opacity":"","overlay-gradient":""},"tablet":{"background-color":"","background-image":"","background-repeat":"repeat","background-position":"center center","background-size":"auto","background-attachment":"scroll","background-type":"","background-media":"","overlay-type":"","overlay-color":"","overlay-opacity":"","overlay-gradient":""},"mobile":{"background-color":"","background-image":"","background-repeat":"repeat","background-position":"center center","background-size":"auto","background-attachment":"scroll","background-type":"","background-media":"","overlay-type":"","overlay-color":"","overlay-opacity":"","overlay-gradient":""}},"ast-content-background-meta":{"desktop":{"background-color":"var(--ast-global-color-5)","background-image":"","background-repeat":"repeat","background-position":"center center","background-size":"auto","background-attachment":"scroll","background-type":"","background-media":"","overlay-type":"","overlay-color":"","overlay-opacity":"","overlay-gradient":""},"tablet":{"background-color":"var(--ast-global-color-5)","background-image":"","background-repeat":"repeat","background-position":"center center","background-size":"auto","background-attachment":"scroll","background-type":"","background-media":"","overlay-type":"","overlay-color":"","overlay-opacity":"","overlay-gradient":""},"mobile":{"background-color":"var(--ast-global-color-5)","background-image":"","background-repeat":"repeat","background-position":"center center","background-size":"auto","background-attachment":"scroll","background-type":"","background-media":"","overlay-type":"","overlay-color":"","overlay-opacity":"","overlay-gradient":""}}},"product_brand":[],"product_cat":[436,985],"product_tag":[],"class_list":{"0":"post-27224","1":"product","2":"type-product","3":"status-publish","4":"has-post-thumbnail","6":"product_cat-merchandise-de-iguana-smoke","7":"product_cat-parafernalia","8":"desktop-align-center","9":"tablet-align-center","10":"mobile-align-center","12":"first","13":"instock","14":"taxable","15":"shipping-taxable","16":"purchasable","17":"product-type-simple"},"acf":[],"yoast_head":"<!-- This site is optimized with the Yoast SEO Premium plugin v27.3 (Yoast SEO v27.3) - https:\/\/yoast.com\/product\/yoast-seo-premium-wordpress\/ -->\n<title>Stickers Iguana Smoke x3 | Iguana Smoke<\/title>\n<meta name=\"description\" content=\"Compra Stickers Iguana x3 al mejor precio y con una calidad inigualable en Iguana Smoke. Env\u00edo gratuito en Espa\u00f1a y Portugal a partir de 40\u20ac.\" \/>\n<meta name=\"robots\" content=\"index, follow, max-snippet:-1, max-image-preview:large, max-video-preview:-1\" \/>\n<link rel=\"canonical\" href=\"https:\/\/iguanasmoke.com\/it\/prodotto\/adesivi-iguana-x3\/\" \/>\n<meta property=\"og:locale\" content=\"it_IT\" \/>\n<meta property=\"og:type\" content=\"article\" \/>\n<meta property=\"og:title\" content=\"Stickers Iguana Smoke x3\" \/>\n<meta property=\"og:description\" content=\"Colecci\u00f3n de 5 dise\u00f1os exclusivos.El modelo recibido se selecciona de manera aleatoria, a\u00f1adiendo un factor sorpresa a cada pedido.\" \/>\n<meta property=\"og:url\" content=\"https:\/\/iguanasmoke.com\/it\/prodotto\/adesivi-iguana-x3\/\" \/>\n<meta property=\"og:site_name\" content=\"Iguana Smoke\" \/>\n<meta property=\"article:publisher\" content=\"https:\/\/www.facebook.com\/iguanasmoke\" \/>\n<meta property=\"article:modified_time\" content=\"2026-04-15T10:14:47+00:00\" \/>\n<meta property=\"og:image\" content=\"https:\/\/iguanasmoke.com\/wp-content\/uploads\/2023\/12\/stickers-iguana-webp-1.webp\" \/>\n\t<meta property=\"og:image:width\" content=\"500\" \/>\n\t<meta property=\"og:image:height\" content=\"500\" \/>\n\t<meta property=\"og:image:type\" content=\"image\/webp\" \/>\n<meta name=\"twitter:card\" content=\"summary_large_image\" \/>\n<meta name=\"twitter:label1\" content=\"Prezzo\" \/>\n\t<meta name=\"twitter:data1\" content=\"1,00&nbsp;&euro;\" \/>\n\t<meta name=\"twitter:label2\" content=\"Disponibilit\u00e0\" \/>\n\t<meta name=\"twitter:data2\" content=\"In stock\" \/>\n<meta property=\"product:brand\" content=\"simple\" \/>\n<meta property=\"product:price:amount\" content=\"1.00\" \/>\n<meta property=\"product:price:currency\" content=\"EUR\" \/>\n<meta property=\"og:availability\" content=\"instock\" \/>\n<meta property=\"product:availability\" content=\"instock\" \/>\n<meta property=\"product:retailer_item_id\" content=\"IS-STCKRX3\" \/>\n<meta property=\"product:condition\" content=\"new\" \/>\n<!-- \/ Yoast SEO Premium plugin. -->","yoast_head_json":{"title":"Adesivi Iguana Smoke x3 : Iguana Smoke","description":"Acquista gli adesivi Iguana x3 al miglior prezzo e con una qualit\u00e0 imbattibile su Iguana Smoke. Spedizione gratuita in Spagna e Portogallo a partire da 40\u20ac.","robots":{"index":"index","follow":"follow","max-snippet":"max-snippet:-1","max-image-preview":"max-image-preview:large","max-video-preview":"max-video-preview:-1"},"canonical":"https:\/\/iguanasmoke.com\/it\/prodotto\/adesivi-iguana-x3\/","og_locale":"it_IT","og_type":"article","og_title":"Stickers Iguana Smoke x3","og_description":"Colecci\u00f3n de 5 dise\u00f1os exclusivos.El modelo recibido se selecciona de manera aleatoria, a\u00f1adiendo un factor sorpresa a cada pedido.","og_url":"https:\/\/iguanasmoke.com\/it\/prodotto\/adesivi-iguana-x3\/","og_site_name":"Iguana Smoke","article_publisher":"https:\/\/www.facebook.com\/iguanasmoke","article_modified_time":"2026-04-15T10:14:47+00:00","og_image":[{"width":500,"height":500,"url":"https:\/\/iguanasmoke.com\/wp-content\/uploads\/2023\/12\/stickers-iguana-webp-1.webp","type":"image\/webp"}],"twitter_card":"summary_large_image","twitter_misc":{"Prezzo":"1,00&nbsp;&euro;","Disponibilit\u00e0":"In stock"},"schema":{"@context":"https:\/\/schema.org","@graph":[{"@type":"WebPage","@id":"https:\/\/iguanasmoke.com\/producto\/stickers-iguana-x3\/","url":"https:\/\/iguanasmoke.com\/producto\/stickers-iguana-x3\/","name":"Adesivi Iguana Smoke x3 : Iguana Smoke","isPartOf":{"@id":"https:\/\/iguanasmoke.com\/#website"},"primaryImageOfPage":{"@id":"https:\/\/iguanasmoke.com\/producto\/stickers-iguana-x3\/#primaryimage"},"image":{"@id":"https:\/\/iguanasmoke.com\/producto\/stickers-iguana-x3\/#primaryimage"},"thumbnailUrl":"https:\/\/iguanasmoke.com\/wp-content\/uploads\/2023\/12\/stickers-iguana-webp-1.webp","datePublished":"2023-12-28T15:47:28+00:00","dateModified":"2026-04-15T10:14:47+00:00","description":"Acquista gli adesivi Iguana x3 al miglior prezzo e con una qualit\u00e0 imbattibile su Iguana Smoke. Spedizione gratuita in Spagna e Portogallo a partire da 40\u20ac.","breadcrumb":{"@id":"https:\/\/iguanasmoke.com\/producto\/stickers-iguana-x3\/#breadcrumb"},"inLanguage":"it-IT","potentialAction":[{"@type":"ReadAction","target":["https:\/\/iguanasmoke.com\/producto\/stickers-iguana-x3\/"]}]},{"@type":"ImageObject","inLanguage":"it-IT","@id":"https:\/\/iguanasmoke.com\/producto\/stickers-iguana-x3\/#primaryimage","url":"https:\/\/iguanasmoke.com\/wp-content\/uploads\/2023\/12\/stickers-iguana-webp-1.webp","contentUrl":"https:\/\/iguanasmoke.com\/wp-content\/uploads\/2023\/12\/stickers-iguana-webp-1.webp","width":500,"height":500,"caption":"pack stickers iguana"},{"@type":"BreadcrumbList","@id":"https:\/\/iguanasmoke.com\/producto\/stickers-iguana-x3\/#breadcrumb","itemListElement":[{"@type":"ListItem","position":1,"name":"home","item":"https:\/\/iguanasmoke.com\/"},{"@type":"ListItem","position":2,"name":"Tienda","item":"https:\/\/iguanasmoke.com\/tienda\/"},{"@type":"ListItem","position":3,"name":"Merch","item":"https:\/\/iguanasmoke.com\/categoria\/merchandise-de-iguana-smoke\/"},{"@type":"ListItem","position":4,"name":"Parafernalia","item":"https:\/\/iguanasmoke.com\/categoria\/merchandise-de-iguana-smoke\/parafernalia\/"},{"@type":"ListItem","position":5,"name":"Stickers Iguana Smoke x3"}]},{"@type":"WebSite","@id":"https:\/\/iguanasmoke.com\/#website","url":"https:\/\/iguanasmoke.com\/","name":"Fumo di iguana","description":"Acquistare CBD online al miglior prezzo","publisher":{"@id":"https:\/\/iguanasmoke.com\/#organization"},"potentialAction":[{"@type":"SearchAction","target":{"@type":"EntryPoint","urlTemplate":"https:\/\/iguanasmoke.com\/?s={search_term_string}"},"query-input":{"@type":"PropertyValueSpecification","valueRequired":true,"valueName":"search_term_string"}}],"inLanguage":"it-IT"},{"@type":"Organization","@id":"https:\/\/iguanasmoke.com\/#organization","name":"Fumo di iguana","url":"https:\/\/iguanasmoke.com\/","logo":{"@type":"ImageObject","inLanguage":"it-IT","@id":"https:\/\/iguanasmoke.com\/#\/schema\/logo\/image\/","url":"https:\/\/iguanasmoke.com\/wp-content\/uploads\/2025\/01\/logoiguana-favi-1.png","contentUrl":"https:\/\/iguanasmoke.com\/wp-content\/uploads\/2025\/01\/logoiguana-favi-1.png","width":512,"height":512,"caption":"Iguana Smoke"},"image":{"@id":"https:\/\/iguanasmoke.com\/#\/schema\/logo\/image\/"},"sameAs":["https:\/\/www.facebook.com\/iguanasmoke","https:\/\/www.instagram.com\/iguanasmoke\/"]}]},"product_brand":"simple","product_price_amount":"1.00","product_price_currency":"EUR","og_availability":"instock","product_availability":"instock","product_retailer_item_id":"IS-STCKRX3","product_condition":"new"},"_links":{"self":[{"href":"https:\/\/iguanasmoke.com\/it\/wp-json\/wp\/v2\/product\/27224","targetHints":{"allow":["GET"]}}],"collection":[{"href":"https:\/\/iguanasmoke.com\/it\/wp-json\/wp\/v2\/product"}],"about":[{"href":"https:\/\/iguanasmoke.com\/it\/wp-json\/wp\/v2\/types\/product"}],"replies":[{"embeddable":true,"href":"https:\/\/iguanasmoke.com\/it\/wp-json\/wp\/v2\/comments?post=27224"}],"wp:featuredmedia":[{"embeddable":true,"href":"https:\/\/iguanasmoke.com\/it\/wp-json\/wp\/v2\/media\/27225"}],"wp:attachment":[{"href":"https:\/\/iguanasmoke.com\/it\/wp-json\/wp\/v2\/media?parent=27224"}],"wp:term":[{"taxonomy":"product_brand","embeddable":true,"href":"https:\/\/iguanasmoke.com\/it\/wp-json\/wp\/v2\/product_brand?post=27224"},{"taxonomy":"product_cat","embeddable":true,"href":"https:\/\/iguanasmoke.com\/it\/wp-json\/wp\/v2\/product_cat?post=27224"},{"taxonomy":"product_tag","embeddable":true,"href":"https:\/\/iguanasmoke.com\/it\/wp-json\/wp\/v2\/product_tag?post=27224"}],"curies":[{"name":"wp","href":"https:\/\/api.w.org\/{rel}","templated":true}]}}