{"id":31971,"date":"2024-03-27T19:09:04","date_gmt":"2024-03-27T18:09:04","guid":{"rendered":"https:\/\/iguanasmoke.com\/?post_type=product&#038;p=31971"},"modified":"2026-03-24T09:50:52","modified_gmt":"2026-03-24T08:50:52","slug":"arnica-cbd-gel-400mg-50ml-2","status":"publish","type":"product","link":"https:\/\/iguanasmoke.com\/it\/producto\/gel-arnica-cbd-400mg-50ml\/","title":{"rendered":"Arnica CBD Gel 400mg 50ml"},"content":{"rendered":"<h3>Gel di Arnica CBD<\/h3>\n<p>Scoprite un sollievo naturale ed efficace con il nostro Gel all'Arnica infuso con 400 mg di CBD puro. THE LYF LABS \u00e8 orgogliosa di presentare questo potente gel in un comodo flacone da 50 ml. Questo prodotto unico combina le propriet\u00e0 curative dell'Arnica con i benefici rilassanti del CBD, fornendo un rapido sollievo a muscoli e articolazioni. La nostra formula avanzata \u00e8 perfetta per lenire il disagio e migliorare il recupero. Provate il benessere in ogni applicazione con THE LYF LABS Arnica CBD Gel, il vostro alleato naturale per una vita attiva ed equilibrata.<\/p>\n<p><strong>Come si usa<\/strong>Uso topico. 1-2 applicazioni con un leggero massaggio. Evitare il contatto con gli occhi. In caso di irritazione, interrompere l'uso. Non ingerire. Tenere fuori dalla portata dei bambini. Conservare in un luogo fresco e buio. Consultare un professionista in caso di gravidanza o di condizioni mediche specifiche prima dell'uso.<\/p>","protected":false},"excerpt":{"rendered":"<ul>\n<li>400 mg di CBD<\/li>\n<li>Flacone da 50 ml<\/li>\n<\/ul>","protected":false},"featured_media":34052,"comment_status":"open","ping_status":"closed","template":"","meta":{"_acf_changed":false,"site-sidebar-layout":"default","site-content-layout":"","ast-site-content-layout":"default","site-content-style":"default","site-sidebar-style":"default","ast-global-header-display":"","ast-banner-title-visibility":"","ast-main-header-display":"","ast-hfb-above-header-display":"","ast-hfb-below-header-display":"","ast-hfb-mobile-header-display":"","site-post-title":"","ast-breadcrumbs-content":"","ast-featured-img":"","footer-sml-layout":"","theme-transparent-header-meta":"default","adv-header-id-meta":"","stick-header-meta":"","header-above-stick-meta":"","header-main-stick-meta":"","header-below-stick-meta":"","astra-migrate-meta-layouts":"set","ast-page-background-enabled":"default","ast-page-background-meta":{"desktop":{"background-color":"var(--ast-global-color-4)","background-image":"","background-repeat":"repeat","background-position":"center center","background-size":"auto","background-attachment":"scroll","background-type":"","background-media":"","overlay-type":"","overlay-color":"","overlay-opacity":"","overlay-gradient":""},"tablet":{"background-color":"","background-image":"","background-repeat":"repeat","background-position":"center center","background-size":"auto","background-attachment":"scroll","background-type":"","background-media":"","overlay-type":"","overlay-color":"","overlay-opacity":"","overlay-gradient":""},"mobile":{"background-color":"","background-image":"","background-repeat":"repeat","background-position":"center center","background-size":"auto","background-attachment":"scroll","background-type":"","background-media":"","overlay-type":"","overlay-color":"","overlay-opacity":"","overlay-gradient":""}},"ast-content-background-meta":{"desktop":{"background-color":"var(--ast-global-color-5)","background-image":"","background-repeat":"repeat","background-position":"center center","background-size":"auto","background-attachment":"scroll","background-type":"","background-media":"","overlay-type":"","overlay-color":"","overlay-opacity":"","overlay-gradient":""},"tablet":{"background-color":"var(--ast-global-color-5)","background-image":"","background-repeat":"repeat","background-position":"center center","background-size":"auto","background-attachment":"scroll","background-type":"","background-media":"","overlay-type":"","overlay-color":"","overlay-opacity":"","overlay-gradient":""},"mobile":{"background-color":"var(--ast-global-color-5)","background-image":"","background-repeat":"repeat","background-position":"center center","background-size":"auto","background-attachment":"scroll","background-type":"","background-media":"","overlay-type":"","overlay-color":"","overlay-opacity":"","overlay-gradient":""}}},"product_brand":[],"product_cat":[455,456,458],"product_tag":[],"class_list":{"0":"post-31971","1":"product","2":"type-product","3":"status-publish","4":"has-post-thumbnail","6":"product_cat-cosmeticos-cbd","7":"product_cat-lyf","8":"product_cat-marios-market","9":"desktop-align-center","10":"tablet-align-center","11":"mobile-align-center","13":"first","14":"outofstock","15":"taxable","16":"shipping-taxable","17":"purchasable","18":"product-type-simple"},"acf":[],"yoast_head":"<!-- This site is optimized with the Yoast SEO Premium plugin v27.3 (Yoast SEO v27.3) - https:\/\/yoast.com\/product\/yoast-seo-premium-wordpress\/ -->\n<title>Gel \u00c1rnica CBD 400mg 50ml | Gel CBD para Dolor Muscular | Iguana Smoke<\/title>\n<meta name=\"description\" content=\"Consigue tu Gel \u00c1rnica CBD en THE LYF LABS con 400 mg de CBD. Alivio natural del dolor y tensi\u00f3n en m\u00fasculos y articulaciones. Solo ingredientes naturales.\" \/>\n<meta name=\"robots\" content=\"index, follow, max-snippet:-1, max-image-preview:large, max-video-preview:-1\" \/>\n<link rel=\"canonical\" href=\"https:\/\/iguanasmoke.com\/it\/prodotto\/arnica-cbd-gel-400mg-50ml-2\/\" \/>\n<meta property=\"og:locale\" content=\"it_IT\" \/>\n<meta property=\"og:type\" content=\"article\" \/>\n<meta property=\"og:title\" content=\"Gel \u00c1rnica CBD 400mg 50ml\" \/>\n<meta property=\"og:description\" content=\"400mg de CBD  Envase de 50ml\" \/>\n<meta property=\"og:url\" content=\"https:\/\/iguanasmoke.com\/it\/prodotto\/arnica-cbd-gel-400mg-50ml-2\/\" \/>\n<meta property=\"og:site_name\" content=\"Iguana Smoke\" \/>\n<meta property=\"article:publisher\" content=\"https:\/\/www.facebook.com\/iguanasmoke\" \/>\n<meta property=\"article:modified_time\" content=\"2026-03-24T08:50:52+00:00\" \/>\n<meta property=\"og:image\" content=\"https:\/\/iguanasmoke.com\/wp-content\/uploads\/2024\/03\/Gel-arnica.webp\" \/>\n\t<meta property=\"og:image:width\" content=\"500\" \/>\n\t<meta property=\"og:image:height\" content=\"500\" \/>\n\t<meta property=\"og:image:type\" content=\"image\/webp\" \/>\n<meta name=\"twitter:card\" content=\"summary_large_image\" \/>\n<meta name=\"twitter:label1\" content=\"Prezzo\" \/>\n\t<meta name=\"twitter:data1\" content=\"19,90&nbsp;&euro;\" \/>\n\t<meta name=\"twitter:label2\" content=\"Disponibilit\u00e0\" \/>\n\t<meta name=\"twitter:data2\" content=\"Esaurito\" \/>\n<meta property=\"product:brand\" content=\"simple\" \/>\n<meta property=\"product:price:amount\" content=\"19.90\" \/>\n<meta property=\"product:price:currency\" content=\"EUR\" \/>\n<meta property=\"og:availability\" content=\"out of stock\" \/>\n<meta property=\"product:availability\" content=\"out of stock\" \/>\n<meta property=\"product:retailer_item_id\" content=\"LYF-ARNICA\" \/>\n<meta property=\"product:condition\" content=\"new\" \/>\n<!-- \/ Yoast SEO Premium plugin. -->","yoast_head_json":{"title":"Arnica CBD Gel 400mg 50ml | CBD Gel per dolori muscolari | Iguana Smoke","description":"Procuratevi il gel di Arnica CBD di THE LYF LABS con 400 mg di CBD. Sollievo naturale dal dolore e dalla tensione per muscoli e articolazioni. Solo ingredienti naturali.","robots":{"index":"index","follow":"follow","max-snippet":"max-snippet:-1","max-image-preview":"max-image-preview:large","max-video-preview":"max-video-preview:-1"},"canonical":"https:\/\/iguanasmoke.com\/it\/prodotto\/arnica-cbd-gel-400mg-50ml-2\/","og_locale":"it_IT","og_type":"article","og_title":"Gel \u00c1rnica CBD 400mg 50ml","og_description":"400mg de CBD  Envase de 50ml","og_url":"https:\/\/iguanasmoke.com\/it\/prodotto\/arnica-cbd-gel-400mg-50ml-2\/","og_site_name":"Iguana Smoke","article_publisher":"https:\/\/www.facebook.com\/iguanasmoke","article_modified_time":"2026-03-24T08:50:52+00:00","og_image":[{"width":500,"height":500,"url":"https:\/\/iguanasmoke.com\/wp-content\/uploads\/2024\/03\/Gel-arnica.webp","type":"image\/webp"}],"twitter_card":"summary_large_image","twitter_misc":{"Prezzo":"19,90&nbsp;&euro;","Disponibilit\u00e0":"Esaurito"},"schema":{"@context":"https:\/\/schema.org","@graph":[{"@type":"WebPage","@id":"https:\/\/iguanasmoke.com\/producto\/gel-arnica-cbd-400mg-50ml\/","url":"https:\/\/iguanasmoke.com\/producto\/gel-arnica-cbd-400mg-50ml\/","name":"Arnica CBD Gel 400mg 50ml | CBD Gel per dolori muscolari | Iguana Smoke","isPartOf":{"@id":"https:\/\/iguanasmoke.com\/#website"},"primaryImageOfPage":{"@id":"https:\/\/iguanasmoke.com\/producto\/gel-arnica-cbd-400mg-50ml\/#primaryimage"},"image":{"@id":"https:\/\/iguanasmoke.com\/producto\/gel-arnica-cbd-400mg-50ml\/#primaryimage"},"thumbnailUrl":"https:\/\/iguanasmoke.com\/wp-content\/uploads\/2024\/03\/Gel-arnica.webp","datePublished":"2024-03-27T18:09:04+00:00","dateModified":"2026-03-24T08:50:52+00:00","description":"Procuratevi il gel di Arnica CBD di THE LYF LABS con 400 mg di CBD. Sollievo naturale dal dolore e dalla tensione per muscoli e articolazioni. Solo ingredienti naturali.","breadcrumb":{"@id":"https:\/\/iguanasmoke.com\/producto\/gel-arnica-cbd-400mg-50ml\/#breadcrumb"},"inLanguage":"it-IT","potentialAction":[{"@type":"ReadAction","target":["https:\/\/iguanasmoke.com\/producto\/gel-arnica-cbd-400mg-50ml\/"]}]},{"@type":"ImageObject","inLanguage":"it-IT","@id":"https:\/\/iguanasmoke.com\/producto\/gel-arnica-cbd-400mg-50ml\/#primaryimage","url":"https:\/\/iguanasmoke.com\/wp-content\/uploads\/2024\/03\/Gel-arnica.webp","contentUrl":"https:\/\/iguanasmoke.com\/wp-content\/uploads\/2024\/03\/Gel-arnica.webp","width":500,"height":500,"caption":"gel arnica para piel"},{"@type":"BreadcrumbList","@id":"https:\/\/iguanasmoke.com\/producto\/gel-arnica-cbd-400mg-50ml\/#breadcrumb","itemListElement":[{"@type":"ListItem","position":1,"name":"home","item":"https:\/\/iguanasmoke.com\/"},{"@type":"ListItem","position":2,"name":"Tienda","item":"https:\/\/iguanasmoke.com\/tienda\/"},{"@type":"ListItem","position":3,"name":"Mario's Market","item":"https:\/\/iguanasmoke.com\/categoria\/marios-market\/"},{"@type":"ListItem","position":4,"name":"Gel \u00c1rnica CBD 400mg 50ml"}]},{"@type":"WebSite","@id":"https:\/\/iguanasmoke.com\/#website","url":"https:\/\/iguanasmoke.com\/","name":"Fumo di iguana","description":"Acquistare CBD online al miglior prezzo","publisher":{"@id":"https:\/\/iguanasmoke.com\/#organization"},"potentialAction":[{"@type":"SearchAction","target":{"@type":"EntryPoint","urlTemplate":"https:\/\/iguanasmoke.com\/?s={search_term_string}"},"query-input":{"@type":"PropertyValueSpecification","valueRequired":true,"valueName":"search_term_string"}}],"inLanguage":"it-IT"},{"@type":"Organization","@id":"https:\/\/iguanasmoke.com\/#organization","name":"Fumo di iguana","url":"https:\/\/iguanasmoke.com\/","logo":{"@type":"ImageObject","inLanguage":"it-IT","@id":"https:\/\/iguanasmoke.com\/#\/schema\/logo\/image\/","url":"https:\/\/iguanasmoke.com\/wp-content\/uploads\/2025\/01\/logoiguana-favi-1.png","contentUrl":"https:\/\/iguanasmoke.com\/wp-content\/uploads\/2025\/01\/logoiguana-favi-1.png","width":512,"height":512,"caption":"Iguana Smoke"},"image":{"@id":"https:\/\/iguanasmoke.com\/#\/schema\/logo\/image\/"},"sameAs":["https:\/\/www.facebook.com\/iguanasmoke","https:\/\/www.instagram.com\/iguanasmoke\/"]}]},"product_brand":"simple","product_price_amount":"19.90","product_price_currency":"EUR","og_availability":"out of stock","product_availability":"out of stock","product_retailer_item_id":"LYF-ARNICA","product_condition":"new"},"_links":{"self":[{"href":"https:\/\/iguanasmoke.com\/it\/wp-json\/wp\/v2\/product\/31971","targetHints":{"allow":["GET"]}}],"collection":[{"href":"https:\/\/iguanasmoke.com\/it\/wp-json\/wp\/v2\/product"}],"about":[{"href":"https:\/\/iguanasmoke.com\/it\/wp-json\/wp\/v2\/types\/product"}],"replies":[{"embeddable":true,"href":"https:\/\/iguanasmoke.com\/it\/wp-json\/wp\/v2\/comments?post=31971"}],"wp:featuredmedia":[{"embeddable":true,"href":"https:\/\/iguanasmoke.com\/it\/wp-json\/wp\/v2\/media\/34052"}],"wp:attachment":[{"href":"https:\/\/iguanasmoke.com\/it\/wp-json\/wp\/v2\/media?parent=31971"}],"wp:term":[{"taxonomy":"product_brand","embeddable":true,"href":"https:\/\/iguanasmoke.com\/it\/wp-json\/wp\/v2\/product_brand?post=31971"},{"taxonomy":"product_cat","embeddable":true,"href":"https:\/\/iguanasmoke.com\/it\/wp-json\/wp\/v2\/product_cat?post=31971"},{"taxonomy":"product_tag","embeddable":true,"href":"https:\/\/iguanasmoke.com\/it\/wp-json\/wp\/v2\/product_tag?post=31971"}],"curies":[{"name":"wp","href":"https:\/\/api.w.org\/{rel}","templated":true}]}}