{"id":31973,"date":"2024-03-27T19:09:05","date_gmt":"2024-03-27T18:09:05","guid":{"rendered":"https:\/\/iguanasmoke.com\/?post_type=product&#038;p=31973"},"modified":"2025-12-26T15:55:53","modified_gmt":"2025-12-26T14:55:53","slug":"migradol-cbd-90mg-10ml","status":"publish","type":"product","link":"https:\/\/iguanasmoke.com\/it\/producto\/migradol-cbd-90mg-10ml\/","title":{"rendered":"Migradol CBD 90mg 10ml"},"content":{"rendered":"<h1><span style=\"font-weight: 400;\">Migradol CBD 90 mg<\/span><\/h1>\n<p data-start=\"292\" data-end=\"627\"><strong data-start=\"292\" data-end=\"308\">Migradol CBD<\/strong> da <strong data-start=\"312\" data-end=\"328\">I LABORATORI LYF<\/strong> \u00e8 una soluzione topica innovativa studiata per la <strong data-start=\"380\" data-end=\"446\">sollievo naturale da emicrania e cefalea tensiva<\/strong>. Grazie alla sua formula avanzata con <strong data-start=\"482\" data-end=\"498\">90 mg di CBD<\/strong> e una miscela di oli essenziali accuratamente selezionati, agisce rapidamente e localmente per aiutarvi a ritrovare il vostro benessere quotidiano. Infatti, Migradol CBD 90 mg \u00e8 molto apprezzato per la sua efficacia.<\/p>\n<p data-start=\"629\" data-end=\"909\">Inoltre, la sua pratica <strong data-start=\"649\" data-end=\"677\">Formato Roll-On da 10 ml<\/strong> consente un'applicazione precisa, comoda e pulita, sempre e ovunque. Questo rende Migradol CBD l'alleato ideale per chi cerca un'alternativa naturale, efficace e senza farmaci all'emicrania. Con Migradol CBD 90 mg, l'applicazione \u00e8 semplice ed efficace.<\/p>\n<h2 data-start=\"629\" data-end=\"909\"><strong>Come agisce Migradol CBD contro l'emicrania?<\/strong><\/h2>\n<p data-start=\"964\" data-end=\"1304\">L'efficacia di <strong data-start=\"979\" data-end=\"995\">Migradol CBD<\/strong> si basa sulla <strong data-start=\"1010\" data-end=\"1065\">sinergia tra cannabidiolo ed estratti naturali<\/strong> accuratamente selezionati. Da un lato, il <strong data-start=\"1112\" data-end=\"1119\">CBD<\/strong> aiuta a rilassare e lenire l'area applicata; d'altro canto, ingredienti quali <strong data-start=\"1194\" data-end=\"1216\">menta e lavanda<\/strong> forniscono un effetto rinfrescante e lenitivo che favorisce la sensazione di sollievo immediato. Questa combinazione rende Migradol CBD 90 mg la scelta preferita da molti.<\/p>\n<p data-start=\"1306\" data-end=\"1335\">Di conseguenza, Migradol CBD:<\/p>\n<ul>\n<li data-start=\"1338\" data-end=\"1385\">Contribuisce a ridurre la tensione alle tempie e alla testa<\/li>\n<li data-start=\"1338\" data-end=\"1385\">Dona una sensazione di freschezza e relax<\/li>\n<li data-start=\"1338\" data-end=\"1385\">Aiuta ad alleviare progressivamente i disagi associati all'emicrania.<\/li>\n<\/ul>\n<h2><strong>Benefici di Migradol CBD 90mg<\/strong><\/h2>\n<p data-start=\"1551\" data-end=\"1644\">Grazie alla sua formulazione naturale ed equilibrata, <strong data-start=\"1599\" data-end=\"1615\">Migradol CBD<\/strong> offre molteplici vantaggi:<\/p>\n<ul data-start=\"1646\" data-end=\"1945\">\n<li data-start=\"1646\" data-end=\"1704\">\n<p data-start=\"1648\" data-end=\"1704\">\u2714\ufe0f <strong data-start=\"1651\" data-end=\"1681\">Sollievo localizzato e rapido<\/strong> di emicranie e cefalee<\/p>\n<\/li>\n<li data-start=\"1705\" data-end=\"1760\">\n<p data-start=\"1707\" data-end=\"1760\">\u2714\ufe0f <strong data-start=\"1710\" data-end=\"1726\">90 mg di CBD<\/strong> per potenziare l'effetto lenitivo<\/p>\n<\/li>\n<li data-start=\"1761\" data-end=\"1811\">\n<p data-start=\"1763\" data-end=\"1811\">\u2714\ufe0f <strong data-start=\"1766\" data-end=\"1785\">Formato Roll-On<\/strong>, pratico e facile da usare<\/p>\n<\/li>\n<li data-start=\"1812\" data-end=\"1851\">\n<p data-start=\"1814\" data-end=\"1851\">\u2714\ufe0f <strong data-start=\"1817\" data-end=\"1851\">Effetto rinfrescante e rilassante<\/strong><\/p>\n<\/li>\n<li data-start=\"1852\" data-end=\"1897\">\n<p data-start=\"1854\" data-end=\"1897\">\u2714\ufe0f Preparato con <strong data-start=\"1871\" data-end=\"1897\">ingredienti naturali<\/strong><\/p>\n<\/li>\n<li data-start=\"1898\" data-end=\"1945\">\n<p data-start=\"1900\" data-end=\"1945\">\u2714\ufe0f Ideale per l'uso quotidiano e ovunque.<\/p>\n<\/li>\n<\/ul>\n<h2 data-start=\"1952\" data-end=\"1982\">Come utilizzare Migradol CBD 90 mg<\/h2>\n<p data-start=\"1984\" data-end=\"2046\">Per ottenere risultati ottimali, seguire le seguenti linee guida:<\/p>\n<ul data-start=\"2048\" data-end=\"2198\">\n<li data-start=\"2048\" data-end=\"2079\">\n<p data-start=\"2050\" data-end=\"2079\">Utilizzo <strong data-start=\"2054\" data-end=\"2079\">esclusivamente topico<\/strong><\/p>\n<\/li>\n<li data-start=\"2080\" data-end=\"2145\">\n<p data-start=\"2082\" data-end=\"2145\">Applicare <strong data-start=\"2090\" data-end=\"2117\">1-2 colpi di roll-on<\/strong> su entrambi i lati delle tempie<\/p>\n<\/li>\n<li data-start=\"2146\" data-end=\"2198\">\n<p data-start=\"2148\" data-end=\"2198\">Massaggiare delicatamente, se lo si desidera, fino all'assorbimento.<\/p>\n<\/li>\n<\/ul>\n<h2 data-start=\"2509\" data-end=\"2551\">Per chi \u00e8 indicato Migradol CBD 90 mg?<\/h2>\n<p data-start=\"2553\" data-end=\"2584\"><strong data-start=\"2553\" data-end=\"2569\">Migradol CBD<\/strong> \u00e8 ideale per:<\/p>\n<ul>\n<li data-start=\"2587\" data-end=\"2631\">Persone che soffrono <strong data-start=\"2607\" data-end=\"2631\">emicranie ricorrenti<\/strong><\/li>\n<li data-start=\"2587\" data-end=\"2631\">Gli utenti che cercano un <strong data-start=\"2658\" data-end=\"2681\">alternativa naturale<\/strong> all'uso di antidolorifici<\/li>\n<li data-start=\"2587\" data-end=\"2631\">Persone con stress o tensioni accumulate nell'area cranica<\/li>\n<li data-start=\"2587\" data-end=\"2631\">Chi vuole un prodotto <strong data-start=\"2794\" data-end=\"2823\">conveniente, discreto ed efficace<\/strong><\/li>\n<\/ul>\n<h2 data-start=\"2830\" data-end=\"2861\">Ingredienti del Migradol CBD<\/h2>\n<p data-start=\"2863\" data-end=\"2949\">La formula per <strong data-start=\"2877\" data-end=\"2893\">Migradol CBD<\/strong> combina oli vegetali ed essenziali di alta qualit\u00e0:<\/p>\n<p data-start=\"2951\" data-end=\"3260\">Trigliceride caprilico\/caprico, olio di Prunus Amygdalus Dulcis, olio di Mentha Piperita, L-Mentolo, <strong data-start=\"3042\" data-end=\"3063\">Cannabidiolo (CBD)<\/strong> derivato da estratto, tintura o resina di cannabis, olio di Melaleuca Leucadendron Cajaput, olio di foglie di Eugenia Caryophyllus, tocoferolo, olio di semi di Helianthus Annuus, limonene, linalolo, citrale ed eugenolo. Grazie a tutti questi ingredienti, Migradol CBD 90 mg offre molteplici benefici.<\/p>\n<h3><b>Iguana Smoke \u00e8 il vostro negozio online di CBD di fiducia<\/b><\/h3>\n<p><span style=\"font-weight: 400;\">A<strong> Fumo di iguana<\/strong>, Crediamo che il consumo di CBD debba essere un'esperienza sicura e piacevole. Per questo abbiamo prodotti che si rivolgono alle nuove generazioni: persone che cercano un benessere senza complicazioni, con marchi autentici e affidabili.\u00a0<\/span><\/p>\n<p>La nostra missione \u00e8 chiara: offrirvi il meglio del mondo dei cannabinoidi a un prezzo equo. Inoltre, vi diamo la tranquillit\u00e0 di sapere che state scegliendo un prodotto certificato, efficace e 100% legale. Il vostro momento di relax inizia qui con noi.<\/p>\n<p>Ancora dubbi? Scriveteci e saremo lieti di aiutarvi a trovare il prodotto giusto per voi.<\/p>","protected":false},"excerpt":{"rendered":"<p><strong data-start=\"159\" data-end=\"175\">Migradol CBD<\/strong> \u00e8 un roll-on topico con <strong data-start=\"201\" data-end=\"225\">90 mg di cannabidiolo:<\/strong><\/p>\n<ul>\n<li><strong data-start=\"245\" data-end=\"307\" data-is-only-node=\"\">Per un sollievo rapido e localizzato di emicranie e cefalee<\/strong><\/li>\n<li>Combinazione di <strong data-start=\"337\" data-end=\"365\">CBD e oli essenziali<\/strong><\/li>\n<li>Sensazione rinfrescante e lenitiva<\/li>\n<li><span data-start=\"441\" data-end=\"470\">F<\/span><strong data-start=\"441\" data-end=\"470\">10 ml di ormato compatto<\/strong><\/li>\n<\/ul>","protected":false},"featured_media":34049,"comment_status":"open","ping_status":"closed","template":"","meta":{"_acf_changed":false,"site-sidebar-layout":"default","site-content-layout":"","ast-site-content-layout":"default","site-content-style":"default","site-sidebar-style":"default","ast-global-header-display":"","ast-banner-title-visibility":"","ast-main-header-display":"","ast-hfb-above-header-display":"","ast-hfb-below-header-display":"","ast-hfb-mobile-header-display":"","site-post-title":"","ast-breadcrumbs-content":"","ast-featured-img":"","footer-sml-layout":"","theme-transparent-header-meta":"default","adv-header-id-meta":"","stick-header-meta":"","header-above-stick-meta":"","header-main-stick-meta":"","header-below-stick-meta":"","astra-migrate-meta-layouts":"set","ast-page-background-enabled":"default","ast-page-background-meta":{"desktop":{"background-color":"var(--ast-global-color-4)","background-image":"","background-repeat":"repeat","background-position":"center center","background-size":"auto","background-attachment":"scroll","background-type":"","background-media":"","overlay-type":"","overlay-color":"","overlay-opacity":"","overlay-gradient":""},"tablet":{"background-color":"","background-image":"","background-repeat":"repeat","background-position":"center center","background-size":"auto","background-attachment":"scroll","background-type":"","background-media":"","overlay-type":"","overlay-color":"","overlay-opacity":"","overlay-gradient":""},"mobile":{"background-color":"","background-image":"","background-repeat":"repeat","background-position":"center center","background-size":"auto","background-attachment":"scroll","background-type":"","background-media":"","overlay-type":"","overlay-color":"","overlay-opacity":"","overlay-gradient":""}},"ast-content-background-meta":{"desktop":{"background-color":"var(--ast-global-color-5)","background-image":"","background-repeat":"repeat","background-position":"center center","background-size":"auto","background-attachment":"scroll","background-type":"","background-media":"","overlay-type":"","overlay-color":"","overlay-opacity":"","overlay-gradient":""},"tablet":{"background-color":"var(--ast-global-color-5)","background-image":"","background-repeat":"repeat","background-position":"center center","background-size":"auto","background-attachment":"scroll","background-type":"","background-media":"","overlay-type":"","overlay-color":"","overlay-opacity":"","overlay-gradient":""},"mobile":{"background-color":"var(--ast-global-color-5)","background-image":"","background-repeat":"repeat","background-position":"center center","background-size":"auto","background-attachment":"scroll","background-type":"","background-media":"","overlay-type":"","overlay-color":"","overlay-opacity":"","overlay-gradient":""}}},"product_brand":[],"product_cat":[455,456,458],"product_tag":[],"class_list":{"0":"post-31973","1":"product","2":"type-product","3":"status-publish","4":"has-post-thumbnail","6":"product_cat-cosmeticos-cbd","7":"product_cat-lyf","8":"product_cat-marios-market","9":"desktop-align-center","10":"tablet-align-center","11":"mobile-align-center","13":"first","14":"outofstock","15":"taxable","16":"shipping-taxable","17":"purchasable","18":"product-type-simple"},"acf":[],"yoast_head":"<!-- This site is optimized with the Yoast SEO Premium plugin v27.3 (Yoast SEO v27.3) - https:\/\/yoast.com\/product\/yoast-seo-premium-wordpress\/ -->\n<title>Migradol CBD 90mg | Iguana Smoke<\/title>\n<meta name=\"description\" content=\"Consigue tu Migradol CBD 90mg en THE LYF LABS, un producto natural e innovador para el alivio de las migra\u00f1as en un pr\u00e1ctico formato Roll-On.\" \/>\n<meta name=\"robots\" content=\"index, follow, max-snippet:-1, max-image-preview:large, max-video-preview:-1\" \/>\n<link rel=\"canonical\" href=\"https:\/\/iguanasmoke.com\/it\/prodotto\/migradol-cbd-90mg-10ml\/\" \/>\n<meta property=\"og:locale\" content=\"it_IT\" \/>\n<meta property=\"og:type\" content=\"article\" \/>\n<meta property=\"og:title\" content=\"Migradol CBD 90mg 10ml\" \/>\n<meta property=\"og:description\" content=\"Migradol CBD es un roll-on t\u00f3pico con 90 mg de cannabidiol:   Para el alivio r\u00e1pido y localizado de migra\u00f1as y dolores de cabeza  Combinaci\u00f3n de CBD y aceites esenciales  Sensaci\u00f3n refrescante y calmante  Formato compacto de 10 ml\" \/>\n<meta property=\"og:url\" content=\"https:\/\/iguanasmoke.com\/it\/prodotto\/migradol-cbd-90mg-10ml\/\" \/>\n<meta property=\"og:site_name\" content=\"Iguana Smoke\" \/>\n<meta property=\"article:publisher\" content=\"https:\/\/www.facebook.com\/iguanasmoke\" \/>\n<meta property=\"article:modified_time\" content=\"2025-12-26T14:55:53+00:00\" \/>\n<meta property=\"og:image\" content=\"https:\/\/iguanasmoke.com\/wp-content\/uploads\/2024\/03\/migradol.webp\" \/>\n\t<meta property=\"og:image:width\" content=\"500\" \/>\n\t<meta property=\"og:image:height\" content=\"500\" \/>\n\t<meta property=\"og:image:type\" content=\"image\/webp\" \/>\n<meta name=\"twitter:card\" content=\"summary_large_image\" \/>\n<meta name=\"twitter:label1\" content=\"Prezzo\" \/>\n\t<meta name=\"twitter:data1\" content=\"15,90&nbsp;&euro;\" \/>\n\t<meta name=\"twitter:label2\" content=\"Disponibilit\u00e0\" \/>\n\t<meta name=\"twitter:data2\" content=\"Esaurito\" \/>\n<meta property=\"product:brand\" content=\"simple\" \/>\n<meta property=\"product:price:amount\" content=\"15.90\" \/>\n<meta property=\"product:price:currency\" content=\"EUR\" \/>\n<meta property=\"og:availability\" content=\"out of stock\" \/>\n<meta property=\"product:availability\" content=\"out of stock\" \/>\n<meta property=\"product:retailer_item_id\" content=\"LYF-MIGRADOL\" \/>\n<meta property=\"product:condition\" content=\"new\" \/>\n<!-- \/ Yoast SEO Premium plugin. -->","yoast_head_json":{"title":"Migradol CBD 90mg | Iguana Smoke","description":"Acquista il tuo Migradol CBD 90mg presso THE LYF LABS, un prodotto naturale e innovativo per alleviare l'emicrania in un comodo formato Roll-On.","robots":{"index":"index","follow":"follow","max-snippet":"max-snippet:-1","max-image-preview":"max-image-preview:large","max-video-preview":"max-video-preview:-1"},"canonical":"https:\/\/iguanasmoke.com\/it\/prodotto\/migradol-cbd-90mg-10ml\/","og_locale":"it_IT","og_type":"article","og_title":"Migradol CBD 90mg 10ml","og_description":"Migradol CBD es un roll-on t\u00f3pico con 90 mg de cannabidiol:   Para el alivio r\u00e1pido y localizado de migra\u00f1as y dolores de cabeza  Combinaci\u00f3n de CBD y aceites esenciales  Sensaci\u00f3n refrescante y calmante  Formato compacto de 10 ml","og_url":"https:\/\/iguanasmoke.com\/it\/prodotto\/migradol-cbd-90mg-10ml\/","og_site_name":"Iguana Smoke","article_publisher":"https:\/\/www.facebook.com\/iguanasmoke","article_modified_time":"2025-12-26T14:55:53+00:00","og_image":[{"width":500,"height":500,"url":"https:\/\/iguanasmoke.com\/wp-content\/uploads\/2024\/03\/migradol.webp","type":"image\/webp"}],"twitter_card":"summary_large_image","twitter_misc":{"Prezzo":"15,90&nbsp;&euro;","Disponibilit\u00e0":"Esaurito"},"schema":{"@context":"https:\/\/schema.org","@graph":[{"@type":"WebPage","@id":"https:\/\/iguanasmoke.com\/producto\/migradol-cbd-90mg-10ml\/","url":"https:\/\/iguanasmoke.com\/producto\/migradol-cbd-90mg-10ml\/","name":"Migradol CBD 90mg | Iguana Smoke","isPartOf":{"@id":"https:\/\/iguanasmoke.com\/#website"},"primaryImageOfPage":{"@id":"https:\/\/iguanasmoke.com\/producto\/migradol-cbd-90mg-10ml\/#primaryimage"},"image":{"@id":"https:\/\/iguanasmoke.com\/producto\/migradol-cbd-90mg-10ml\/#primaryimage"},"thumbnailUrl":"https:\/\/iguanasmoke.com\/wp-content\/uploads\/2024\/03\/migradol.webp","datePublished":"2024-03-27T18:09:05+00:00","dateModified":"2025-12-26T14:55:53+00:00","description":"Acquista il tuo Migradol CBD 90mg presso THE LYF LABS, un prodotto naturale e innovativo per alleviare l'emicrania in un comodo formato Roll-On.","breadcrumb":{"@id":"https:\/\/iguanasmoke.com\/producto\/migradol-cbd-90mg-10ml\/#breadcrumb"},"inLanguage":"it-IT","potentialAction":[{"@type":"ReadAction","target":["https:\/\/iguanasmoke.com\/producto\/migradol-cbd-90mg-10ml\/"]}]},{"@type":"ImageObject","inLanguage":"it-IT","@id":"https:\/\/iguanasmoke.com\/producto\/migradol-cbd-90mg-10ml\/#primaryimage","url":"https:\/\/iguanasmoke.com\/wp-content\/uploads\/2024\/03\/migradol.webp","contentUrl":"https:\/\/iguanasmoke.com\/wp-content\/uploads\/2024\/03\/migradol.webp","width":500,"height":500,"caption":"gel dolor lyf Migradol CBD 90mg"},{"@type":"BreadcrumbList","@id":"https:\/\/iguanasmoke.com\/producto\/migradol-cbd-90mg-10ml\/#breadcrumb","itemListElement":[{"@type":"ListItem","position":1,"name":"home","item":"https:\/\/iguanasmoke.com\/"},{"@type":"ListItem","position":2,"name":"Tienda","item":"https:\/\/iguanasmoke.com\/tienda\/"},{"@type":"ListItem","position":3,"name":"Mario's Market","item":"https:\/\/iguanasmoke.com\/categoria\/marios-market\/"},{"@type":"ListItem","position":4,"name":"Migradol CBD 90mg 10ml"}]},{"@type":"WebSite","@id":"https:\/\/iguanasmoke.com\/#website","url":"https:\/\/iguanasmoke.com\/","name":"Fumo di iguana","description":"Acquistare CBD online al miglior prezzo","publisher":{"@id":"https:\/\/iguanasmoke.com\/#organization"},"potentialAction":[{"@type":"SearchAction","target":{"@type":"EntryPoint","urlTemplate":"https:\/\/iguanasmoke.com\/?s={search_term_string}"},"query-input":{"@type":"PropertyValueSpecification","valueRequired":true,"valueName":"search_term_string"}}],"inLanguage":"it-IT"},{"@type":"Organization","@id":"https:\/\/iguanasmoke.com\/#organization","name":"Fumo di iguana","url":"https:\/\/iguanasmoke.com\/","logo":{"@type":"ImageObject","inLanguage":"it-IT","@id":"https:\/\/iguanasmoke.com\/#\/schema\/logo\/image\/","url":"https:\/\/iguanasmoke.com\/wp-content\/uploads\/2025\/01\/logoiguana-favi-1.png","contentUrl":"https:\/\/iguanasmoke.com\/wp-content\/uploads\/2025\/01\/logoiguana-favi-1.png","width":512,"height":512,"caption":"Iguana Smoke"},"image":{"@id":"https:\/\/iguanasmoke.com\/#\/schema\/logo\/image\/"},"sameAs":["https:\/\/www.facebook.com\/iguanasmoke","https:\/\/www.instagram.com\/iguanasmoke\/"]}]},"product_brand":"simple","product_price_amount":"15.90","product_price_currency":"EUR","og_availability":"out of stock","product_availability":"out of stock","product_retailer_item_id":"LYF-MIGRADOL","product_condition":"new"},"_links":{"self":[{"href":"https:\/\/iguanasmoke.com\/it\/wp-json\/wp\/v2\/product\/31973","targetHints":{"allow":["GET"]}}],"collection":[{"href":"https:\/\/iguanasmoke.com\/it\/wp-json\/wp\/v2\/product"}],"about":[{"href":"https:\/\/iguanasmoke.com\/it\/wp-json\/wp\/v2\/types\/product"}],"replies":[{"embeddable":true,"href":"https:\/\/iguanasmoke.com\/it\/wp-json\/wp\/v2\/comments?post=31973"}],"wp:featuredmedia":[{"embeddable":true,"href":"https:\/\/iguanasmoke.com\/it\/wp-json\/wp\/v2\/media\/34049"}],"wp:attachment":[{"href":"https:\/\/iguanasmoke.com\/it\/wp-json\/wp\/v2\/media?parent=31973"}],"wp:term":[{"taxonomy":"product_brand","embeddable":true,"href":"https:\/\/iguanasmoke.com\/it\/wp-json\/wp\/v2\/product_brand?post=31973"},{"taxonomy":"product_cat","embeddable":true,"href":"https:\/\/iguanasmoke.com\/it\/wp-json\/wp\/v2\/product_cat?post=31973"},{"taxonomy":"product_tag","embeddable":true,"href":"https:\/\/iguanasmoke.com\/it\/wp-json\/wp\/v2\/product_tag?post=31973"}],"curies":[{"name":"wp","href":"https:\/\/api.w.org\/{rel}","templated":true}]}}