{"id":32459,"date":"2024-04-08T20:51:13","date_gmt":"2024-04-08T18:51:13","guid":{"rendered":"https:\/\/iguanasmoke.com\/?post_type=product&#038;p=32459"},"modified":"2026-03-15T22:23:25","modified_gmt":"2026-03-15T21:23:25","slug":"acquistare-cbd-fiore-pungiglione-cbd-pronto-a-rotolare-30gr","status":"publish","type":"product","link":"https:\/\/iguanasmoke.com\/it\/producto\/comprar-cbd-picadura-flores-cbd-ready-to-roll-30gr\/","title":{"rendered":"Pungiglione di fiori di CBD - Pronto da rollare 30g"},"content":{"rendered":"<h1 data-start=\"2843\" data-end=\"2962\"><span style=\"font-size: 32px; font-weight: 400;\">CBD Flower Sting senza Trim - Pronto da rollare 30g\u00a0<\/span><\/h1>\n<p><span style=\"font-weight: 400;\">Questo <strong>Pronti a partire<\/strong> \u00e8 uno dei nostri prodotti TOP: <strong>Puntura del fiore di CBD<\/strong> <strong>30g<\/strong> pronto all'uso. I nostri fiori di CBD provengono da <strong>fiori di canapa certificati<\/strong> dall'UE. Sono la scelta perfetta per chi vuole acquistare<strong> puntura di canapa <\/strong>da<strong> fiori di CBD di alta qualit\u00e0<\/strong> in un formato pi\u00f9 comodo e pratico, senza Trim CBD.\u00a0<\/span><\/p>\n<p><span style=\"font-weight: 400;\">Questo <strong>Il fiore di CBD pungente non \u00e8 un semplice CBD Trim<\/strong>Si tratta di una questione di <strong>gemme reali<\/strong>, selezionati a mano e <strong>carne macinata<\/strong> per preservarne gli aromi e le propriet\u00e0 naturali. Con questo <strong>Pronti a partire senza Trim CBD<\/strong>, godere di un'esperienza premium non \u00e8 mai stato cos\u00ec facile.<\/span><\/p>\n<p><span style=\"font-weight: 400;\">Non dovrete pi\u00f9 macinare o preparare le gemme, perch\u00e9 noi ve lo rendiamo molto semplice: baster\u00e0 <strong>aprire l'astuccio e godersi il momento<\/strong>. L'acquisto di fiori di CBD in questo formato \u00e8 sinonimo di efficienza e piacere immediato. <\/span><\/p>\n<p><span style=\"font-weight: 400;\">Inoltre, i nostri fiori sono coltivati in modo biologico, senza pesticidi n\u00e9 OGM. Perfetti per i consumatori consapevoli e gli amanti delle buone vibrazioni.\u00a0<\/span><\/p>\n<p data-start=\"998\" data-end=\"1107\"><strong data-start=\"1001\" data-end=\"1106\">Scoprite altre variet\u00e0 nel nostro <a class=\"decorated-link cursor-pointer\" href=\"https:\/\/iguanasmoke.com\/it\/categoria\/fiori\/fiori-di-cbd-4\/\" rel=\"noopener\" data-start=\"1049\" data-end=\"1104\">Fiori di CBD<\/a><\/strong>.<\/p>\n<h2><\/h2>\n<p>&nbsp;<\/p>\n<h2><\/h2>\n<h2>Perch\u00e9 scegliere Picadura de Flores CBD 30g- Ready To Roll per acquistare fiori di CBD?<\/h2>\n<p data-start=\"1459\" data-end=\"1612\"><span style=\"font-weight: 400;\">A <strong>Fumo di iguana<\/strong>, Siamo consapevoli che, quando si tratta di acquistare fiori di CBD, non si vuole una cosa qualsiasi. Ecco perch\u00e9 vi offriamo la <strong>Pronti a partire<\/strong>. Questo CBD flower sting 30g proviene da fiori dominanti. <strong>Sativa,<\/strong> e contiene un <strong>15% di CBD<\/strong> y <strong>inferiore a 0,3%<\/strong> <strong>THC,<\/strong> che li rende legali in Spagna e in Europa.\u00a0<\/span><\/p>\n<p data-start=\"1459\" data-end=\"1612\"><span style=\"font-weight: 400;\">Questo <strong>pungiglione<\/strong> viene fornito in una<strong> sacchetto antiodore<\/strong> super pratico e unico, perfetto per un trasporto spensierato. Il suo <strong>aroma forte, con note dolci e sentori di agrumi o mentolo<\/strong>, la rende una scelta TOP per gli amanti del CBD e dei fiori di CBD.<\/span><\/p>\n<h2 data-start=\"2473\" data-end=\"2533\"><\/h2>\n<h2 data-start=\"2473\" data-end=\"2533\">Consigli per l'acquisto di Ready To Roll e altri fiori di CBD<\/h2>\n<ul>\n<li><span style=\"font-weight: 400;\"><strong>Controllare il contenuto di CBD e THC.<\/strong>Questa Ready To Roll ha 15% di CBD e meno di 0,3%THC, il che garantisce un'esperienza intensa senza effetti psicoattivi. <\/span><\/li>\n<li>Acquistate sempre da un venditore affidabile: <span style=\"font-weight: 400;\">Noi di Iguana Smoke vi offriamo fiori di CBD economici e di qualit\u00e0, con una totale trasparenza nella loro composizione.\u00a0<\/span><\/li>\n<li>Guarda cosa dicono gli altri clienti: <span style=\"font-weight: 400;\">La nostra comunit\u00e0 condivide la propria esperienza per aiutarvi a scegliere il meglio.\u00a0<\/span><\/li>\n<\/ul>\n<p>&nbsp;<\/p>\n<h2><b>Dove acquistare online il CBD Flower Sting 30g senza Trim CBD<\/b><b>?<\/b><\/h2>\n<p><span style=\"font-weight: 400;\">A <strong>Fumo di iguana<\/strong>, Diamo priorit\u00e0 alla qualit\u00e0 e alla trasparenza di ogni prodotto. Il nostro <strong>CBD Flower Sting 30g senza Trim CBD<\/strong> \u00e8 realizzato in vera <strong>fiori di canapa<\/strong>. Sono stati accuratamente selezionati e <strong>morsi<\/strong> per preservare tutto il suo aroma, la sua potenza e le sue propriet\u00e0 naturali. <\/span><span style=\"font-weight: 400;\">Come nel caso del nostro <strong>Pronti a partire<\/strong>, Il nuovo design, comodo e pratico, \u00e8 un vero e proprio colpo d'occhio.<\/span><\/p>\n<p><span style=\"font-weight: 400;\">Questo \u00e8 il vostro posto sicuro per <strong>acquistare Picadura de Flores CBD 30g senza Trim CBD online in Spagna.<\/strong> Tutti i nostri prodotti sono approvati dall'UE, a garanzia della loro legalit\u00e0 e sicurezza. Inoltre, se volete potete consultare<\/span><strong> <a href=\"https:\/\/iguanasmoke.com\/it\/analitica\/\">analisi di laboratorio.<\/a>\u00a0<\/strong><\/p>\n<p><span style=\"font-weight: 400;\">Non dimenticate di provare i nuovi gusti del <strong>Pronti a partire<\/strong>:<strong> <a href=\"https:\/\/iguanasmoke.com\/it\/prodotto\/fiori-di-cbd-pronti-a-rotolare-super-skunk-15gr\/\">Super Skunk<\/a>, <a href=\"https:\/\/iguanasmoke.com\/it\/prodotto\/fiori-di-cbd-pronti-a-rotolare-zkittlez-15gr\/\">Zkittlez<\/a>, <a href=\"https:\/\/iguanasmoke.com\/it\/prodotto\/fiori-di-cbd-pronti-a-rotolare-lemon-haze-15gr\/\">Limone Haze<\/a>, <a href=\"https:\/\/iguanasmoke.com\/it\/prodotto\/fiori-di-cbd-pronti-a-rotolare-amnesia-15gr\/\">Amnesia<\/a><\/strong>. Scopri anche <\/span><span style=\"font-weight: 400;\">altro <strong>Prodotti TOP<\/strong> come il <a href=\"https:\/\/iguanasmoke.com\/it\/prodotto\/comprar-flor-cbd-pop-corn-sour-tsunami-25gr-cogollos-online\/\"><strong>Pop Corn 25g<\/strong><\/a>. <\/span><span style=\"font-weight: 400;\">Esplorate la nostra gamma e trovate subito i vostri preferiti.<\/span><span style=\"font-weight: 400;\">\u00a0<\/span><\/p>\n<p>Consegna rapida, grande attenzione e un negozio con un imballaggio discreto e sicuro che va avanti, solo per farvelo gustare!<\/p>\n<p>&nbsp;<\/p>\n<h3><b>Iguana Smoke \u00e8 il vostro negozio online di CBD di fiducia<\/b><\/h3>\n<p><span style=\"font-weight: 400;\">A<strong> Fumo di iguana<\/strong>, Crediamo che il consumo di CBD debba essere un'esperienza sicura e piacevole. Ecco perch\u00e9 abbiamo prodotti come questo pungiglione di canapa di alta qualit\u00e0, che si rivolge alle nuove generazioni: persone che cercano un benessere senza complicazioni, con marchi autentici e affidabili. Questo \u00e8 il vostro Ready to Roll.<\/span><\/p>\n<p>La nostra missione \u00e8 chiara: offrirvi il meglio del mondo dei cannabinoidi a un prezzo equo. Inoltre, vi diamo la tranquillit\u00e0 di sapere che state scegliendo un prodotto certificato, efficace e 100% legale. Il vostro momento di relax inizia qui con noi.<\/p>\n<p>Ancora dubbi? Scriveteci e saremo lieti di aiutarvi a trovare il prodotto giusto per voi.<\/p>\n<p>&nbsp;<\/p>\n<p><em><span style=\"font-weight: 400;\">*Nota bene: il suo utilizzo \u00e8 destinato alla raccolta o all'aromaterapia secondo la legge spagnola. <\/span><\/em><\/p>\n<p><em><span style=\"font-weight: 400;\">**Tutti i nostri prodotti sono derivati da canapa industriale certificata. Contengono meno dello 0,3 di THC e non contengono cannabinoidi illegali come HHC, HHC-P, THCP, THCP-O, H4CBD e quelli inclusi nell'Allegato I del Regio Decreto 2829\/1977, n\u00e9 sostanze controllate dalle convenzioni internazionali.\u00a0\u00a0<\/span><\/em><\/p>","protected":false},"excerpt":{"rendered":"<ul>\n<li>Formato Ready To Roll, 30 g.<\/li>\n<li>Fiori di CBD tritati da canapa biologica<\/li>\n<li>Nessun taglio o setaccio<\/li>\n<li>CBD: 15% \/ THC: &lt; 0,3%<\/li>\n<li>Sacchetto pronto all'uso, antiodore e trasportabile<\/li>\n<li>A dominante sativa: aroma forte - toni dolci<\/li>\n<li><span style=\"font-size: 16px;\">100% legale in Spagna e in Europa<\/span><\/li>\n<li>Consultare il <a style=\"font-size: 16px; background-color: #ffffff;\" href=\"https:\/\/iguanasmoke.com\/wp-content\/uploads\/2018\/02\/Flor-Sour-Tsunami.pdf\" target=\"_blank\" rel=\"noopener\">analisi della qualit\u00e0<\/a><\/li>\n<\/ul>","protected":false},"featured_media":59477,"comment_status":"open","ping_status":"closed","template":"","meta":{"_acf_changed":false,"site-sidebar-layout":"default","site-content-layout":"default","ast-site-content-layout":"default","site-content-style":"default","site-sidebar-style":"default","ast-global-header-display":"","ast-banner-title-visibility":"","ast-main-header-display":"","ast-hfb-above-header-display":"","ast-hfb-below-header-display":"","ast-hfb-mobile-header-display":"","site-post-title":"","ast-breadcrumbs-content":"","ast-featured-img":"","footer-sml-layout":"","theme-transparent-header-meta":"default","adv-header-id-meta":"","stick-header-meta":"","header-above-stick-meta":"","header-main-stick-meta":"","header-below-stick-meta":"","astra-migrate-meta-layouts":"set","ast-page-background-enabled":"default","ast-page-background-meta":{"desktop":{"background-color":"var(--ast-global-color-4)","background-image":"","background-repeat":"repeat","background-position":"center center","background-size":"auto","background-attachment":"scroll","background-type":"","background-media":"","overlay-type":"","overlay-color":"","overlay-opacity":"","overlay-gradient":""},"tablet":{"background-color":"","background-image":"","background-repeat":"repeat","background-position":"center center","background-size":"auto","background-attachment":"scroll","background-type":"","background-media":"","overlay-type":"","overlay-color":"","overlay-opacity":"","overlay-gradient":""},"mobile":{"background-color":"","background-image":"","background-repeat":"repeat","background-position":"center center","background-size":"auto","background-attachment":"scroll","background-type":"","background-media":"","overlay-type":"","overlay-color":"","overlay-opacity":"","overlay-gradient":""}},"ast-content-background-meta":{"desktop":{"background-color":"var(--ast-global-color-5)","background-image":"","background-repeat":"repeat","background-position":"center center","background-size":"auto","background-attachment":"scroll","background-type":"","background-media":"","overlay-type":"","overlay-color":"","overlay-opacity":"","overlay-gradient":""},"tablet":{"background-color":"var(--ast-global-color-5)","background-image":"","background-repeat":"repeat","background-position":"center center","background-size":"auto","background-attachment":"scroll","background-type":"","background-media":"","overlay-type":"","overlay-color":"","overlay-opacity":"","overlay-gradient":""},"mobile":{"background-color":"var(--ast-global-color-5)","background-image":"","background-repeat":"repeat","background-position":"center center","background-size":"auto","background-attachment":"scroll","background-type":"","background-media":"","overlay-type":"","overlay-color":"","overlay-opacity":"","overlay-gradient":""}}},"product_brand":[],"product_cat":[328,457],"product_tag":[],"class_list":{"0":"post-32459","1":"product","2":"type-product","3":"status-publish","4":"has-post-thumbnail","6":"product_cat-comprar-flores-de-cbd-y-cogollos-de-cbd","7":"product_cat-ready-to-roll","8":"desktop-align-center","9":"tablet-align-center","10":"mobile-align-center","12":"first","13":"instock","14":"taxable","15":"shipping-taxable","16":"purchasable","17":"product-type-simple"},"acf":[],"yoast_head":"<!-- This site is optimized with the Yoast SEO Premium plugin v27.3 (Yoast SEO v27.3) - https:\/\/yoast.com\/product\/yoast-seo-premium-wordpress\/ -->\n<title>Picadura de Flores CBD 30g sin Trim | Iguana Smoke<\/title>\n<meta name=\"description\" content=\"Simplifica tu rutina con tu Ready to Roll: Picadura de Flores CBD 30g sin Trim CBD. Nuestra Picadura de c\u00e1\u00f1amo seleccionado listo para usarla.\" \/>\n<meta name=\"robots\" content=\"index, follow, max-snippet:-1, max-image-preview:large, max-video-preview:-1\" \/>\n<link rel=\"canonical\" href=\"https:\/\/iguanasmoke.com\/it\/prodotto\/acquistare-cbd-fiore-pungiglione-cbd-pronto-a-rotolare-30gr\/\" \/>\n<meta property=\"og:locale\" content=\"it_IT\" \/>\n<meta property=\"og:type\" content=\"article\" \/>\n<meta property=\"og:title\" content=\"Picadura de Flores CBD | Ready to Roll 30gr\" \/>\n<meta property=\"og:description\" content=\"Formato Ready To Roll, 30g.  Flores Picadas de CBD de c\u00e1\u00f1amo org\u00e1nico  No es Trim ni Tamizado  CBD: 15% \/ THC: &lt; 0,3%  Pouch transportable anti-olor listo para usar  Dominante Sativa: aroma fuerte - tonos dulces  100% legal en Espa\u00f1a y Europa  Consulta el an\u00e1lisis de calidad\" \/>\n<meta property=\"og:url\" content=\"https:\/\/iguanasmoke.com\/it\/prodotto\/acquistare-cbd-fiore-pungiglione-cbd-pronto-a-rotolare-30gr\/\" \/>\n<meta property=\"og:site_name\" content=\"Iguana Smoke\" \/>\n<meta property=\"article:publisher\" content=\"https:\/\/www.facebook.com\/iguanasmoke\" \/>\n<meta property=\"article:modified_time\" content=\"2026-03-15T21:23:25+00:00\" \/>\n<meta property=\"og:image\" content=\"https:\/\/iguanasmoke.com\/wp-content\/uploads\/2024\/04\/parte-atras-2-con-monton-scaled.webp\" \/>\n\t<meta property=\"og:image:width\" content=\"2560\" \/>\n\t<meta property=\"og:image:height\" content=\"2560\" \/>\n\t<meta property=\"og:image:type\" content=\"image\/webp\" \/>\n<meta name=\"twitter:card\" content=\"summary_large_image\" \/>\n<meta name=\"twitter:label1\" content=\"Prezzo\" \/>\n\t<meta name=\"twitter:data1\" content=\"25,00&nbsp;&euro;\" \/>\n\t<meta name=\"twitter:label2\" content=\"Disponibilit\u00e0\" \/>\n\t<meta name=\"twitter:data2\" content=\"In stock\" \/>\n<meta property=\"product:brand\" content=\"simple\" \/>\n<meta property=\"product:price:amount\" content=\"25.00\" \/>\n<meta property=\"product:price:currency\" content=\"EUR\" \/>\n<meta property=\"og:availability\" content=\"instock\" \/>\n<meta property=\"product:availability\" content=\"instock\" \/>\n<meta property=\"product:retailer_item_id\" content=\"IS-READYTOPOUCH-30G\" \/>\n<meta property=\"product:condition\" content=\"new\" \/>\n<!-- \/ Yoast SEO Premium plugin. -->","yoast_head_json":{"title":"CBD Flower Sting 30g senza Trim | Iguana Smoke","description":"Semplificate la vostra routine con il vostro Ready to Roll: CBD Flower Sting 30g senza CBD Trim. La nostra scorta di canapa selezionata pronta da rollare.","robots":{"index":"index","follow":"follow","max-snippet":"max-snippet:-1","max-image-preview":"max-image-preview:large","max-video-preview":"max-video-preview:-1"},"canonical":"https:\/\/iguanasmoke.com\/it\/prodotto\/acquistare-cbd-fiore-pungiglione-cbd-pronto-a-rotolare-30gr\/","og_locale":"it_IT","og_type":"article","og_title":"Picadura de Flores CBD | Ready to Roll 30gr","og_description":"Formato Ready To Roll, 30g.  Flores Picadas de CBD de c\u00e1\u00f1amo org\u00e1nico  No es Trim ni Tamizado  CBD: 15% \/ THC: &lt; 0,3%  Pouch transportable anti-olor listo para usar  Dominante Sativa: aroma fuerte - tonos dulces  100% legal en Espa\u00f1a y Europa  Consulta el an\u00e1lisis de calidad","og_url":"https:\/\/iguanasmoke.com\/it\/prodotto\/acquistare-cbd-fiore-pungiglione-cbd-pronto-a-rotolare-30gr\/","og_site_name":"Iguana Smoke","article_publisher":"https:\/\/www.facebook.com\/iguanasmoke","article_modified_time":"2026-03-15T21:23:25+00:00","og_image":[{"width":2560,"height":2560,"url":"https:\/\/iguanasmoke.com\/wp-content\/uploads\/2024\/04\/parte-atras-2-con-monton-scaled.webp","type":"image\/webp"}],"twitter_card":"summary_large_image","twitter_misc":{"Prezzo":"25,00&nbsp;&euro;","Disponibilit\u00e0":"In stock"},"schema":{"@context":"https:\/\/schema.org","@graph":[{"@type":"WebPage","@id":"https:\/\/iguanasmoke.com\/producto\/comprar-cbd-picadura-flores-cbd-ready-to-roll-30gr\/","url":"https:\/\/iguanasmoke.com\/producto\/comprar-cbd-picadura-flores-cbd-ready-to-roll-30gr\/","name":"CBD Flower Sting 30g senza Trim | Iguana Smoke","isPartOf":{"@id":"https:\/\/iguanasmoke.com\/#website"},"primaryImageOfPage":{"@id":"https:\/\/iguanasmoke.com\/producto\/comprar-cbd-picadura-flores-cbd-ready-to-roll-30gr\/#primaryimage"},"image":{"@id":"https:\/\/iguanasmoke.com\/producto\/comprar-cbd-picadura-flores-cbd-ready-to-roll-30gr\/#primaryimage"},"thumbnailUrl":"https:\/\/iguanasmoke.com\/wp-content\/uploads\/2024\/04\/parte-atras-2-con-monton-scaled.webp","datePublished":"2024-04-08T18:51:13+00:00","dateModified":"2026-03-15T21:23:25+00:00","description":"Semplificate la vostra routine con il vostro Ready to Roll: CBD Flower Sting 30g senza CBD Trim. La nostra scorta di canapa selezionata pronta da rollare.","breadcrumb":{"@id":"https:\/\/iguanasmoke.com\/producto\/comprar-cbd-picadura-flores-cbd-ready-to-roll-30gr\/#breadcrumb"},"inLanguage":"it-IT","potentialAction":[{"@type":"ReadAction","target":["https:\/\/iguanasmoke.com\/producto\/comprar-cbd-picadura-flores-cbd-ready-to-roll-30gr\/"]}]},{"@type":"ImageObject","inLanguage":"it-IT","@id":"https:\/\/iguanasmoke.com\/producto\/comprar-cbd-picadura-flores-cbd-ready-to-roll-30gr\/#primaryimage","url":"https:\/\/iguanasmoke.com\/wp-content\/uploads\/2024\/04\/parte-atras-2-con-monton-scaled.webp","contentUrl":"https:\/\/iguanasmoke.com\/wp-content\/uploads\/2024\/04\/parte-atras-2-con-monton-scaled.webp","width":2560,"height":2560,"caption":"Picadura de flores CBD sin trim cbd"},{"@type":"BreadcrumbList","@id":"https:\/\/iguanasmoke.com\/producto\/comprar-cbd-picadura-flores-cbd-ready-to-roll-30gr\/#breadcrumb","itemListElement":[{"@type":"ListItem","position":1,"name":"home","item":"https:\/\/iguanasmoke.com\/"},{"@type":"ListItem","position":2,"name":"Tienda","item":"https:\/\/iguanasmoke.com\/tienda\/"},{"@type":"ListItem","position":3,"name":"Ready to Roll","item":"https:\/\/iguanasmoke.com\/categoria\/ready-to-roll\/"},{"@type":"ListItem","position":4,"name":"Picadura de Flores CBD | Ready to Roll 30gr"}]},{"@type":"WebSite","@id":"https:\/\/iguanasmoke.com\/#website","url":"https:\/\/iguanasmoke.com\/","name":"Fumo di iguana","description":"Acquistare CBD online al miglior prezzo","publisher":{"@id":"https:\/\/iguanasmoke.com\/#organization"},"potentialAction":[{"@type":"SearchAction","target":{"@type":"EntryPoint","urlTemplate":"https:\/\/iguanasmoke.com\/?s={search_term_string}"},"query-input":{"@type":"PropertyValueSpecification","valueRequired":true,"valueName":"search_term_string"}}],"inLanguage":"it-IT"},{"@type":"Organization","@id":"https:\/\/iguanasmoke.com\/#organization","name":"Fumo di iguana","url":"https:\/\/iguanasmoke.com\/","logo":{"@type":"ImageObject","inLanguage":"it-IT","@id":"https:\/\/iguanasmoke.com\/#\/schema\/logo\/image\/","url":"https:\/\/iguanasmoke.com\/wp-content\/uploads\/2025\/01\/logoiguana-favi-1.png","contentUrl":"https:\/\/iguanasmoke.com\/wp-content\/uploads\/2025\/01\/logoiguana-favi-1.png","width":512,"height":512,"caption":"Iguana Smoke"},"image":{"@id":"https:\/\/iguanasmoke.com\/#\/schema\/logo\/image\/"},"sameAs":["https:\/\/www.facebook.com\/iguanasmoke","https:\/\/www.instagram.com\/iguanasmoke\/"]}]},"product_brand":"simple","product_price_amount":"25.00","product_price_currency":"EUR","og_availability":"instock","product_availability":"instock","product_retailer_item_id":"IS-READYTOPOUCH-30G","product_condition":"new"},"_links":{"self":[{"href":"https:\/\/iguanasmoke.com\/it\/wp-json\/wp\/v2\/product\/32459","targetHints":{"allow":["GET"]}}],"collection":[{"href":"https:\/\/iguanasmoke.com\/it\/wp-json\/wp\/v2\/product"}],"about":[{"href":"https:\/\/iguanasmoke.com\/it\/wp-json\/wp\/v2\/types\/product"}],"replies":[{"embeddable":true,"href":"https:\/\/iguanasmoke.com\/it\/wp-json\/wp\/v2\/comments?post=32459"}],"wp:featuredmedia":[{"embeddable":true,"href":"https:\/\/iguanasmoke.com\/it\/wp-json\/wp\/v2\/media\/59477"}],"wp:attachment":[{"href":"https:\/\/iguanasmoke.com\/it\/wp-json\/wp\/v2\/media?parent=32459"}],"wp:term":[{"taxonomy":"product_brand","embeddable":true,"href":"https:\/\/iguanasmoke.com\/it\/wp-json\/wp\/v2\/product_brand?post=32459"},{"taxonomy":"product_cat","embeddable":true,"href":"https:\/\/iguanasmoke.com\/it\/wp-json\/wp\/v2\/product_cat?post=32459"},{"taxonomy":"product_tag","embeddable":true,"href":"https:\/\/iguanasmoke.com\/it\/wp-json\/wp\/v2\/product_tag?post=32459"}],"curies":[{"name":"wp","href":"https:\/\/api.w.org\/{rel}","templated":true}]}}