{"id":35473,"date":"2024-06-12T19:02:28","date_gmt":"2024-06-12T17:02:28","guid":{"rendered":"https:\/\/iguanasmoke.com\/?post_type=product&#038;p=35473"},"modified":"2025-07-07T13:24:31","modified_gmt":"2025-07-07T11:24:31","slug":"cannabis-bakehouse-gomma-da-masticare-cannabis-sativa-lime","status":"publish","type":"product","link":"https:\/\/iguanasmoke.com\/it\/producto\/cannabis-bakehouse-chicle-cannabis-sativa-lima\/","title":{"rendered":"Cannabis Bakehouse Bubble Gum Cannabis Sativa Lima"},"content":{"rendered":"<p>Con 10 pezzi in ogni confezione, la gomma da masticare Cannabis Bakehouse di Cannabis Sativa Lima offre convenienza e valore. Se i vostri clienti sono in viaggio o semplicemente hanno bisogno di un modo veloce per rilassare e calmare la mente e il corpo, questa gomma \u00e8 la soluzione perfetta. Il rinfrescante sapore di lime rinvigorir\u00e0 i sensi dei vostri clienti e migliorer\u00e0 la loro concentrazione. Nel frattempo, gli estratti di cannabis sativa contenuti in questa gomma aiuteranno i clienti a rilassarsi e a ridurre lo stress. \u00c8 una combinazione vincente che far\u00e0 tornare i vostri clienti a chiederne ancora.<\/p>","protected":false},"excerpt":{"rendered":"<p>Ingredienti:<\/p>\n<ul>\n<li>\n<div class=\"wd-single-content wd-wpb wd-rs-646250fbcc05b vc_custom_1684164859680\">\n<p>Edulcoranti: sorbitolo, isomalto, sciroppo opaco, kesulfame K, saccarosio, gomma da masticare (con antiossidante: E 306); umettanti: E 422. E 1518; aromi naturali; acidificanti: acido citrico, acido malico; addensanti: gomma arabica; agente di rivestimento: cera di carnauba; aroma naturale di cannabis, estratto di cartamo, concentrato di spirutina.<\/p>\n<\/div>\n<\/li>\n<\/ul>","protected":false},"featured_media":35474,"comment_status":"open","ping_status":"closed","template":"","meta":{"_acf_changed":false,"site-sidebar-layout":"default","site-content-layout":"","ast-site-content-layout":"default","site-content-style":"default","site-sidebar-style":"default","ast-global-header-display":"","ast-banner-title-visibility":"","ast-main-header-display":"","ast-hfb-above-header-display":"","ast-hfb-below-header-display":"","ast-hfb-mobile-header-display":"","site-post-title":"","ast-breadcrumbs-content":"","ast-featured-img":"","footer-sml-layout":"","theme-transparent-header-meta":"default","adv-header-id-meta":"","stick-header-meta":"","header-above-stick-meta":"","header-main-stick-meta":"","header-below-stick-meta":"","astra-migrate-meta-layouts":"set","ast-page-background-enabled":"default","ast-page-background-meta":{"desktop":{"background-color":"var(--ast-global-color-4)","background-image":"","background-repeat":"repeat","background-position":"center center","background-size":"auto","background-attachment":"scroll","background-type":"","background-media":"","overlay-type":"","overlay-color":"","overlay-opacity":"","overlay-gradient":""},"tablet":{"background-color":"","background-image":"","background-repeat":"repeat","background-position":"center center","background-size":"auto","background-attachment":"scroll","background-type":"","background-media":"","overlay-type":"","overlay-color":"","overlay-opacity":"","overlay-gradient":""},"mobile":{"background-color":"","background-image":"","background-repeat":"repeat","background-position":"center center","background-size":"auto","background-attachment":"scroll","background-type":"","background-media":"","overlay-type":"","overlay-color":"","overlay-opacity":"","overlay-gradient":""}},"ast-content-background-meta":{"desktop":{"background-color":"var(--ast-global-color-5)","background-image":"","background-repeat":"repeat","background-position":"center center","background-size":"auto","background-attachment":"scroll","background-type":"","background-media":"","overlay-type":"","overlay-color":"","overlay-opacity":"","overlay-gradient":""},"tablet":{"background-color":"var(--ast-global-color-5)","background-image":"","background-repeat":"repeat","background-position":"center center","background-size":"auto","background-attachment":"scroll","background-type":"","background-media":"","overlay-type":"","overlay-color":"","overlay-opacity":"","overlay-gradient":""},"mobile":{"background-color":"var(--ast-global-color-5)","background-image":"","background-repeat":"repeat","background-position":"center center","background-size":"auto","background-attachment":"scroll","background-type":"","background-media":"","overlay-type":"","overlay-color":"","overlay-opacity":"","overlay-gradient":""}}},"product_brand":[],"product_cat":[458],"product_tag":[],"class_list":{"0":"post-35473","1":"product","2":"type-product","3":"status-publish","4":"has-post-thumbnail","6":"product_cat-marios-market","7":"desktop-align-center","8":"tablet-align-center","9":"mobile-align-center","11":"first","12":"outofstock","13":"taxable","14":"shipping-taxable","15":"purchasable","16":"product-type-simple"},"acf":[],"yoast_head":"<!-- This site is optimized with the Yoast SEO Premium plugin v27.3 (Yoast SEO v27.3) - https:\/\/yoast.com\/product\/yoast-seo-premium-wordpress\/ -->\n<title>Cannabis Bakehouse Chicle Cannabis Sativa Lima | Iguana Smoke<\/title>\n<meta name=\"robots\" content=\"index, follow, max-snippet:-1, max-image-preview:large, max-video-preview:-1\" \/>\n<link rel=\"canonical\" href=\"https:\/\/iguanasmoke.com\/it\/prodotto\/cannabis-bakehouse-gomma-da-masticare-cannabis-sativa-lime\/\" \/>\n<meta property=\"og:locale\" content=\"it_IT\" \/>\n<meta property=\"og:type\" content=\"article\" \/>\n<meta property=\"og:title\" content=\"Cannabis Bakehouse Chicle Cannabis Sativa Lima\" \/>\n<meta property=\"og:description\" content=\"Ingredientes:      Edulcorantes, sorbitol, isomalt, jarabe mate, kesulfamo K, sucratosa, goma de mascar (con antioxidante: E 306); humectantes: E 422. E 1518; aromas naturales; acidulantes: \u00e1cido c\u00edtrico, \u00e1cido m\u00e1lico; espesantes: goma ar\u00e1biga; agente de glaseado: cera de carnauba; aroma natural de cannabis, extracto de c\u00e1rtamo, concentrado de espirutina.\" \/>\n<meta property=\"og:url\" content=\"https:\/\/iguanasmoke.com\/it\/prodotto\/cannabis-bakehouse-gomma-da-masticare-cannabis-sativa-lime\/\" \/>\n<meta property=\"og:site_name\" content=\"Iguana Smoke\" \/>\n<meta property=\"article:publisher\" content=\"https:\/\/www.facebook.com\/iguanasmoke\" \/>\n<meta property=\"article:modified_time\" content=\"2025-07-07T11:24:31+00:00\" \/>\n<meta property=\"og:image\" content=\"https:\/\/i0.wp.com\/iguanasmoke.com\/wp-content\/uploads\/2024\/06\/chicle-webp-lima.webp?fit=500%2C500&ssl=1\" \/>\n\t<meta property=\"og:image:width\" content=\"500\" \/>\n\t<meta property=\"og:image:height\" content=\"500\" \/>\n\t<meta property=\"og:image:type\" content=\"image\/webp\" \/>\n<meta name=\"twitter:card\" content=\"summary_large_image\" \/>\n<meta name=\"twitter:label1\" content=\"Prezzo\" \/>\n\t<meta name=\"twitter:data1\" content=\"3,00&nbsp;&euro;\" \/>\n\t<meta name=\"twitter:label2\" content=\"Disponibilit\u00e0\" \/>\n\t<meta name=\"twitter:data2\" content=\"Esaurito\" \/>\n<meta property=\"product:brand\" content=\"simple\" \/>\n<meta property=\"product:price:amount\" content=\"3.00\" \/>\n<meta property=\"product:price:currency\" content=\"EUR\" \/>\n<meta property=\"og:availability\" content=\"out of stock\" \/>\n<meta property=\"product:availability\" content=\"out of stock\" \/>\n<meta property=\"product:retailer_item_id\" content=\"CB-GUM-LIM\" \/>\n<meta property=\"product:condition\" content=\"new\" \/>\n<!-- \/ Yoast SEO Premium plugin. -->","yoast_head_json":{"title":"Cannabis Bakehouse Bubble Gum Cannabis Sativa Lima | Iguana Smoke","robots":{"index":"index","follow":"follow","max-snippet":"max-snippet:-1","max-image-preview":"max-image-preview:large","max-video-preview":"max-video-preview:-1"},"canonical":"https:\/\/iguanasmoke.com\/it\/prodotto\/cannabis-bakehouse-gomma-da-masticare-cannabis-sativa-lime\/","og_locale":"it_IT","og_type":"article","og_title":"Cannabis Bakehouse Chicle Cannabis Sativa Lima","og_description":"Ingredientes:      Edulcorantes, sorbitol, isomalt, jarabe mate, kesulfamo K, sucratosa, goma de mascar (con antioxidante: E 306); humectantes: E 422. E 1518; aromas naturales; acidulantes: \u00e1cido c\u00edtrico, \u00e1cido m\u00e1lico; espesantes: goma ar\u00e1biga; agente de glaseado: cera de carnauba; aroma natural de cannabis, extracto de c\u00e1rtamo, concentrado de espirutina.","og_url":"https:\/\/iguanasmoke.com\/it\/prodotto\/cannabis-bakehouse-gomma-da-masticare-cannabis-sativa-lime\/","og_site_name":"Iguana Smoke","article_publisher":"https:\/\/www.facebook.com\/iguanasmoke","article_modified_time":"2025-07-07T11:24:31+00:00","og_image":[{"width":500,"height":500,"url":"https:\/\/i0.wp.com\/iguanasmoke.com\/wp-content\/uploads\/2024\/06\/chicle-webp-lima.webp?fit=500%2C500&ssl=1","type":"image\/webp"}],"twitter_card":"summary_large_image","twitter_misc":{"Prezzo":"3,00&nbsp;&euro;","Disponibilit\u00e0":"Esaurito"},"schema":{"@context":"https:\/\/schema.org","@graph":[{"@type":"WebPage","@id":"https:\/\/iguanasmoke.com\/producto\/cannabis-bakehouse-chicle-cannabis-sativa-lima\/","url":"https:\/\/iguanasmoke.com\/producto\/cannabis-bakehouse-chicle-cannabis-sativa-lima\/","name":"Cannabis Bakehouse Bubble Gum Cannabis Sativa Lima | Iguana Smoke","isPartOf":{"@id":"https:\/\/iguanasmoke.com\/#website"},"primaryImageOfPage":{"@id":"https:\/\/iguanasmoke.com\/producto\/cannabis-bakehouse-chicle-cannabis-sativa-lima\/#primaryimage"},"image":{"@id":"https:\/\/iguanasmoke.com\/producto\/cannabis-bakehouse-chicle-cannabis-sativa-lima\/#primaryimage"},"thumbnailUrl":"https:\/\/iguanasmoke.com\/wp-content\/uploads\/2024\/06\/chicle-webp-lima.webp","datePublished":"2024-06-12T17:02:28+00:00","dateModified":"2025-07-07T11:24:31+00:00","breadcrumb":{"@id":"https:\/\/iguanasmoke.com\/producto\/cannabis-bakehouse-chicle-cannabis-sativa-lima\/#breadcrumb"},"inLanguage":"it-IT","potentialAction":[{"@type":"ReadAction","target":["https:\/\/iguanasmoke.com\/producto\/cannabis-bakehouse-chicle-cannabis-sativa-lima\/"]}]},{"@type":"ImageObject","inLanguage":"it-IT","@id":"https:\/\/iguanasmoke.com\/producto\/cannabis-bakehouse-chicle-cannabis-sativa-lima\/#primaryimage","url":"https:\/\/iguanasmoke.com\/wp-content\/uploads\/2024\/06\/chicle-webp-lima.webp","contentUrl":"https:\/\/iguanasmoke.com\/wp-content\/uploads\/2024\/06\/chicle-webp-lima.webp","width":500,"height":500,"caption":"chicle cannabis sativa"},{"@type":"BreadcrumbList","@id":"https:\/\/iguanasmoke.com\/producto\/cannabis-bakehouse-chicle-cannabis-sativa-lima\/#breadcrumb","itemListElement":[{"@type":"ListItem","position":1,"name":"home","item":"https:\/\/iguanasmoke.com\/"},{"@type":"ListItem","position":2,"name":"Tienda","item":"https:\/\/iguanasmoke.com\/tienda\/"},{"@type":"ListItem","position":3,"name":"Mario's Market","item":"https:\/\/iguanasmoke.com\/categoria\/marios-market\/"},{"@type":"ListItem","position":4,"name":"Cannabis Bakehouse Chicle Cannabis Sativa Lima"}]},{"@type":"WebSite","@id":"https:\/\/iguanasmoke.com\/#website","url":"https:\/\/iguanasmoke.com\/","name":"Fumo di iguana","description":"Acquistare CBD online al miglior prezzo","publisher":{"@id":"https:\/\/iguanasmoke.com\/#organization"},"potentialAction":[{"@type":"SearchAction","target":{"@type":"EntryPoint","urlTemplate":"https:\/\/iguanasmoke.com\/?s={search_term_string}"},"query-input":{"@type":"PropertyValueSpecification","valueRequired":true,"valueName":"search_term_string"}}],"inLanguage":"it-IT"},{"@type":"Organization","@id":"https:\/\/iguanasmoke.com\/#organization","name":"Fumo di iguana","url":"https:\/\/iguanasmoke.com\/","logo":{"@type":"ImageObject","inLanguage":"it-IT","@id":"https:\/\/iguanasmoke.com\/#\/schema\/logo\/image\/","url":"https:\/\/iguanasmoke.com\/wp-content\/uploads\/2025\/01\/logoiguana-favi-1.png","contentUrl":"https:\/\/iguanasmoke.com\/wp-content\/uploads\/2025\/01\/logoiguana-favi-1.png","width":512,"height":512,"caption":"Iguana Smoke"},"image":{"@id":"https:\/\/iguanasmoke.com\/#\/schema\/logo\/image\/"},"sameAs":["https:\/\/www.facebook.com\/iguanasmoke","https:\/\/www.instagram.com\/iguanasmoke\/"]}]},"product_brand":"simple","product_price_amount":"3.00","product_price_currency":"EUR","og_availability":"out of stock","product_availability":"out of stock","product_retailer_item_id":"CB-GUM-LIM","product_condition":"new"},"_links":{"self":[{"href":"https:\/\/iguanasmoke.com\/it\/wp-json\/wp\/v2\/product\/35473","targetHints":{"allow":["GET"]}}],"collection":[{"href":"https:\/\/iguanasmoke.com\/it\/wp-json\/wp\/v2\/product"}],"about":[{"href":"https:\/\/iguanasmoke.com\/it\/wp-json\/wp\/v2\/types\/product"}],"replies":[{"embeddable":true,"href":"https:\/\/iguanasmoke.com\/it\/wp-json\/wp\/v2\/comments?post=35473"}],"wp:featuredmedia":[{"embeddable":true,"href":"https:\/\/iguanasmoke.com\/it\/wp-json\/wp\/v2\/media\/35474"}],"wp:attachment":[{"href":"https:\/\/iguanasmoke.com\/it\/wp-json\/wp\/v2\/media?parent=35473"}],"wp:term":[{"taxonomy":"product_brand","embeddable":true,"href":"https:\/\/iguanasmoke.com\/it\/wp-json\/wp\/v2\/product_brand?post=35473"},{"taxonomy":"product_cat","embeddable":true,"href":"https:\/\/iguanasmoke.com\/it\/wp-json\/wp\/v2\/product_cat?post=35473"},{"taxonomy":"product_tag","embeddable":true,"href":"https:\/\/iguanasmoke.com\/it\/wp-json\/wp\/v2\/product_tag?post=35473"}],"curies":[{"name":"wp","href":"https:\/\/api.w.org\/{rel}","templated":true}]}}