{"id":37099,"date":"2024-07-10T20:16:00","date_gmt":"2024-07-10T18:16:00","guid":{"rendered":"https:\/\/iguanasmoke.com\/?post_type=product&#038;p=37099"},"modified":"2026-03-15T21:16:02","modified_gmt":"2026-03-15T20:16:02","slug":"vaper-cbd-iguana-pod-pocket-watermelon-3ml","status":"publish","type":"product","link":"https:\/\/iguanasmoke.com\/it\/producto\/vaper-cbd-iguana-pod-pocket-watermelon-3ml\/","title":{"rendered":"Vaper CBD - Iguana Pod Pocket CBD Watermelon 3ml"},"content":{"rendered":"<h1><span style=\"font-weight: 400;\">Iguana Pod Pocket CBD Watermelon 3ml - Vaper CBD usa e getta<\/span><\/h1>\n<p><span style=\"font-weight: 400;\">Il <strong>Iguana Pod Pocket CBD Watermelon <\/strong>\u00e8 un <strong>tasca monouso per vape CBD<\/strong> progettato per chi cerca un modo comodo e discreto di consumare il CBD nella vita di tutti i giorni.<\/span><\/p>\n<p><span style=\"font-weight: 400;\">Inoltre, questo <strong>vaper pod pocket CBD<\/strong> combina un <strong>design ergonomico, leggero e compatto<\/strong> con una finitura di alta qualit\u00e0. Questo lo rende ideale da portare in tasca o in borsa senza compromettere lo stile o il comfort. <\/span><\/p>\n<p><span style=\"font-weight: 400;\">Inoltre, il suo <strong>formato CBD vaper monouso senza necessit\u00e0 di ricariche<\/strong> nessuna manutenzione. \u00c8 sufficiente aprire il dispositivo e iniziare a usarlo.<\/span><\/p>\n<p>&nbsp;<\/p>\n<h2><strong>Aroma anguria: esperienza rinfrescante e dolce<\/strong><\/h2>\n<p><span style=\"font-weight: 400;\">Questa variet\u00e0 \u00e8 caratterizzata da <strong>aroma fruttato e vibrante di anguria, al sapore d'estate<\/strong>. Ha un <strong>perfetto equilibrio tra dolcezza e freschezza<\/strong>, vi sembrer\u00e0 di mangiare una <strong>anguria<\/strong> perch\u00e9 vi far\u00e0 venire l'acquolina in bocca. Il tutto si traduce in una sensazione di freschezza e rivitalizzazione.<\/span><\/p>\n<p><span style=\"font-weight: 400;\">Grazie a questo profilo aromatico equilibrato e dolce, il <strong>Iguana Pod Pocket CBD Watermelon<\/strong>\u00a0\u00e8 una scelta ideale nel mondo dei vaper CBD pocket pod, soprattutto per chi cerca sapori freschi e leggeri.<\/span><\/p>\n<p>&nbsp;<\/p>\n<h2><strong>Vaper Pod Pocket CBD: pratico e senza complicazioni <\/strong><\/h2>\n<p><span style=\"font-weight: 400;\">Grazie al suo formato <strong>Vape Pocket CBD monouso<\/strong>, Questo vaporizzatore monouso di CBD \u00e8 perfetto sia per i neofiti del vaping di CBD che per gli utenti abituali in cerca di praticit\u00e0 e velocit\u00e0. <\/span><\/p>\n<p><span style=\"font-weight: 400;\">Inoltre, <strong>Non c'\u00e8 bisogno di pulsanti, impostazioni o ricariche<\/strong>. Non resta quindi che scegliere il gusto preferito, aprire il dispositivo e gustarlo.\u00a0<\/span><\/p>\n<p>&nbsp;<\/p>\n<h2><b>Dove acquistare il vostro vaper CBD usa e getta <span style=\"font-weight: 400;\"><strong>Tasca a baccello di iguana <\/strong><\/span>online<\/b><b>?<\/b><\/h2>\n<p><span style=\"font-weight: 400;\">Se state cercando <strong>acquistare una capsula CBD tascabile<\/strong><strong>, <\/strong>questo \u00e8 il tuo posto sicuro per <strong>acquistare vaper CBD monouso in Spagna.<\/strong> Tutti i nostri prodotti sono approvati dall'UE, a garanzia della loro legalit\u00e0 e sicurezza. Inoltre, se volete potete consultare<\/span><strong> <a href=\"https:\/\/iguanasmoke.com\/it\/analitica\/\">analisi di laboratorio.<\/a><\/strong><\/p>\n<p><span style=\"font-weight: 400;\">Non dimenticate di provare gli altri fantastici gusti di Pods Pockets<strong>\u00a0<\/strong>come il <strong><a href=\"https:\/\/iguanasmoke.com\/it\/prodotto\/iguana-cbd-pod-monouso-pocket-pod-lemon-haze-ampio-spettro-750mg\/\">Iguana Pod Pocket CBD Lemon Haze ad ampio spettro<\/a>,<\/strong> su <a href=\"https:\/\/iguanasmoke.com\/it\/prodotto\/vaper-cbd-iguana-pod-pocket-melone-menta-3ml\/\"><strong>Iguana Pod Pocket CBD Melon Mint<\/strong><\/a> e il <strong><a href=\"https:\/\/iguanasmoke.com\/it\/prodotto\/iguana-cbd-pod-monouso-pocket-pod-bacche-rosse-3ml\/\">Iguana Pod Pocket CBD Bacche Rosse<\/a><\/strong>. Se il CBD vaping \u00e8 la vostra passione, avete gi\u00e0 provato i vapori di CBD?<\/span><span style=\"font-weight: 400;\">\u00a0<a href=\"https:\/\/iguanasmoke.com\/it\/categoria\/cbd\/liquido-e-cbd\/\"><strong>Liquidi elettronici a base di CBD isolato e CBD ad ampio spettro<\/strong><\/a>e osare avventurarsi nel mondo della <a href=\"https:\/\/iguanasmoke.com\/it\/categoria\/fiori-di-cbd-4\/\"><strong>Fiori di CBD<\/strong><\/a>. <\/span><span style=\"font-weight: 400;\">Esplorate la nostra variet\u00e0 e lasciatevi stupire.\u00a0<\/span><\/p>\n<p><strong data-start=\"303\" data-end=\"345\">Consegna rapida e discreta in tutta la Spagna<\/strong>, con <strong data-start=\"351\" data-end=\"387\">attenzione stretta e personalizzata<\/strong> per rispondere a qualsiasi domanda prima e dopo l'acquisto.<\/p>\n<p>&nbsp;<\/p>\n<h3><b>Iguana Smoke \u00e8 il vostro negozio online di CBD\u00a0<\/b><\/h3>\n<p><span style=\"font-weight: 400;\">A<strong> Fumo di iguana<\/strong>, Crediamo che il consumo di CBD debba essere un'esperienza sicura. Ecco perch\u00e9 abbiamo prodotti come questo <strong>Iguana Pod Pocket CBD Watermelon <\/strong>, Il marchio si rivolge alle nuove generazioni: persone che cercano un benessere senza complicazioni, con marchi autentici e affidabili.\u00a0<\/span><\/p>\n<p>La nostra missione \u00e8 chiara: offrirvi il meglio del mondo dei cannabinoidi a un prezzo equo. Inoltre, vi diamo la tranquillit\u00e0 di sapere che state scegliendo un prodotto certificato, efficace e 100% legale. Il vostro momento di relax inizia qui con noi.<\/p>\n<p>Ancora dubbi? Scriveteci e saremo lieti di aiutarvi a trovare il prodotto giusto per voi.<\/p>\n<p>&nbsp;<\/p>\n<h6>\u2139\ufe0f<strong> Informazioni legali<\/strong><\/h6>\n<p><em><span style=\"font-weight: 400;\">*Prodotto destinato alla raccolta o all'aromaterapia, in conformit\u00e0 alla legislazione spagnola vigente. <\/span><\/em><\/p>\n<p><em><span style=\"font-weight: 400;\">**Derivato da canapa industriale certificata. Contiene meno dello 0,3 di THC e non contiene cannabinoidi illegali come HHC, HHC-P, THCP, THCP-O, H4CBD o sostanze elencate nell'Allegato I del Regio Decreto 2829\/1977, n\u00e9 sostanze controllate da convenzioni internazionali.\u00a0\u00a0<\/span><\/em><\/p>","protected":false},"excerpt":{"rendered":"<p><span style=\"font-weight: 400;\">Caratteristiche tecniche del <strong>Pod Pocket CBD - Consumatore di CBD monouso<\/strong>: <\/span><\/p>\n<ul>\n<li><span style=\"font-weight: 400;\">Dimensioni: <strong>65,5 x 35 x 12 mm<\/strong> (altezza x larghezza x profondit\u00e0) <\/span><\/li>\n<li><span style=\"font-weight: 400;\">Batteria: <strong>550 mAh <\/strong><\/span><\/li>\n<li><span style=\"font-weight: 400;\">Capacit\u00e0: <strong>3ml <\/strong><\/span><\/li>\n<li><span style=\"font-weight: 400;\">Caladas: <strong>fino a 900 <\/strong><\/span><\/li>\n<li><span style=\"font-weight: 400;\">CBD: <strong>225\/3ml <\/strong><\/span><\/li>\n<li><span style=\"font-weight: 400;\">THC: <strong>0% <\/strong><\/span><\/li>\n<li><span style=\"font-weight: 400;\">Nicotina: <strong>0%\u00a0<\/strong>\u00a0<\/span><\/li>\n<\/ul>\n<p><span style=\"font-weight: 400;\">Inoltre, se si desidera, \u00e8 possibile consultare<strong> <a href=\"https:\/\/iguanasmoke.com\/it\/analitica\/\">analisi di laboratorio.<\/a><\/strong><\/span><\/p>","protected":false},"featured_media":37068,"comment_status":"open","ping_status":"closed","template":"","meta":{"_acf_changed":false,"site-sidebar-layout":"default","site-content-layout":"default","ast-site-content-layout":"default","site-content-style":"default","site-sidebar-style":"default","ast-global-header-display":"","ast-banner-title-visibility":"","ast-main-header-display":"","ast-hfb-above-header-display":"","ast-hfb-below-header-display":"","ast-hfb-mobile-header-display":"","site-post-title":"","ast-breadcrumbs-content":"","ast-featured-img":"","footer-sml-layout":"","theme-transparent-header-meta":"default","adv-header-id-meta":"","stick-header-meta":"","header-above-stick-meta":"","header-main-stick-meta":"","header-below-stick-meta":"","astra-migrate-meta-layouts":"set","ast-page-background-enabled":"default","ast-page-background-meta":{"desktop":{"background-color":"var(--ast-global-color-4)","background-image":"","background-repeat":"repeat","background-position":"center center","background-size":"auto","background-attachment":"scroll","background-type":"","background-media":"","overlay-type":"","overlay-color":"","overlay-opacity":"","overlay-gradient":""},"tablet":{"background-color":"","background-image":"","background-repeat":"repeat","background-position":"center center","background-size":"auto","background-attachment":"scroll","background-type":"","background-media":"","overlay-type":"","overlay-color":"","overlay-opacity":"","overlay-gradient":""},"mobile":{"background-color":"","background-image":"","background-repeat":"repeat","background-position":"center center","background-size":"auto","background-attachment":"scroll","background-type":"","background-media":"","overlay-type":"","overlay-color":"","overlay-opacity":"","overlay-gradient":""}},"ast-content-background-meta":{"desktop":{"background-color":"var(--ast-global-color-5)","background-image":"","background-repeat":"repeat","background-position":"center center","background-size":"auto","background-attachment":"scroll","background-type":"","background-media":"","overlay-type":"","overlay-color":"","overlay-opacity":"","overlay-gradient":""},"tablet":{"background-color":"var(--ast-global-color-5)","background-image":"","background-repeat":"repeat","background-position":"center center","background-size":"auto","background-attachment":"scroll","background-type":"","background-media":"","overlay-type":"","overlay-color":"","overlay-opacity":"","overlay-gradient":""},"mobile":{"background-color":"var(--ast-global-color-5)","background-image":"","background-repeat":"repeat","background-position":"center center","background-size":"auto","background-attachment":"scroll","background-type":"","background-media":"","overlay-type":"","overlay-color":"","overlay-opacity":"","overlay-gradient":""}}},"product_brand":[],"product_cat":[426,420,418,513],"product_tag":[],"class_list":{"0":"post-37099","1":"product","2":"type-product","3":"status-publish","4":"has-post-thumbnail","6":"product_cat-pods","7":"product_cat-vaper-pocket-cbd","8":"product_cat-vaper-cbd","9":"product_cat-cbd-vapes","10":"desktop-align-center","11":"tablet-align-center","12":"mobile-align-center","14":"first","15":"instock","16":"taxable","17":"shipping-taxable","18":"purchasable","19":"product-type-simple"},"acf":[],"yoast_head":"<!-- This site is optimized with the Yoast SEO Premium plugin v27.3 (Yoast SEO v27.3) - https:\/\/yoast.com\/product\/yoast-seo-premium-wordpress\/ -->\n<title>Iguana Pod Pocket CBD Watermelon - Vape Pocket Desechable| Iguana Smoke<\/title>\n<meta name=\"description\" content=\"Consigue tu Iguana Pod Pocket CBD Watermelon 225mg\/3ml. El Vape Pocket CBD Desechable te ofrece hasta 900 caladas y no contiene THC ni nicotina.\" \/>\n<meta name=\"robots\" content=\"index, follow, max-snippet:-1, max-image-preview:large, max-video-preview:-1\" \/>\n<link rel=\"canonical\" href=\"https:\/\/iguanasmoke.com\/it\/prodotto\/vaper-cbd-iguana-pod-pocket-watermelon-3ml\/\" \/>\n<meta property=\"og:locale\" content=\"it_IT\" \/>\n<meta property=\"og:type\" content=\"article\" \/>\n<meta property=\"og:title\" content=\"Vaper CBD - Iguana Pod Pocket CBD Watermelon 3ml\" \/>\n<meta property=\"og:description\" content=\"Caracter\u00edsticas t\u00e9cnicas del Pod Pocket CBD - Vaper CBD desechable:    Dimensiones: 65,5 x 35 x 12 mm (alto x ancho x profundo)   Bater\u00eda: 550 mAh   Capacidad: 3ml   Caladas: hasta 900   CBD: 225\/3ml   THC: 0%   Nicotina: 0%\u00a0\u00a0  Adem\u00e1s, si quieres puedes consultar el an\u00e1lisis de laboratorio.\" \/>\n<meta property=\"og:url\" content=\"https:\/\/iguanasmoke.com\/it\/prodotto\/vaper-cbd-iguana-pod-pocket-watermelon-3ml\/\" \/>\n<meta property=\"og:site_name\" content=\"Iguana Smoke\" \/>\n<meta property=\"article:publisher\" content=\"https:\/\/www.facebook.com\/iguanasmoke\" \/>\n<meta property=\"article:modified_time\" content=\"2026-03-15T20:16:02+00:00\" \/>\n<meta property=\"og:image\" content=\"https:\/\/iguanasmoke.com\/wp-content\/uploads\/2023\/08\/caja-y-vape-watermelon-webp.webp\" \/>\n\t<meta property=\"og:image:width\" content=\"500\" \/>\n\t<meta property=\"og:image:height\" content=\"500\" \/>\n\t<meta property=\"og:image:type\" content=\"image\/webp\" \/>\n<meta name=\"twitter:card\" content=\"summary_large_image\" \/>\n<meta name=\"twitter:label1\" content=\"Prezzo\" \/>\n\t<meta name=\"twitter:data1\" content=\"12,90&nbsp;&euro;\" \/>\n\t<meta name=\"twitter:label2\" content=\"Disponibilit\u00e0\" \/>\n\t<meta name=\"twitter:data2\" content=\"In stock\" \/>\n<meta property=\"product:brand\" content=\"simple\" \/>\n<meta property=\"product:price:amount\" content=\"12.90\" \/>\n<meta property=\"product:price:currency\" content=\"EUR\" \/>\n<meta property=\"og:availability\" content=\"instock\" \/>\n<meta property=\"product:availability\" content=\"instock\" \/>\n<meta property=\"product:retailer_item_id\" content=\"IS-POD-WATERMELONPCKT-900\" \/>\n<meta property=\"product:condition\" content=\"new\" \/>\n<!-- \/ Yoast SEO Premium plugin. -->","yoast_head_json":{"title":"Iguana Pod Pocket CBD Watermelon - Vape Pocket usa e getta| Iguana Smoke","description":"Ottenete la vostra Iguana Pod Pocket CBD Watermelon 225mg\/3ml. La Vape Pocket CBD usa e getta offre fino a 900 boccate ed \u00e8 priva di THC e nicotina.","robots":{"index":"index","follow":"follow","max-snippet":"max-snippet:-1","max-image-preview":"max-image-preview:large","max-video-preview":"max-video-preview:-1"},"canonical":"https:\/\/iguanasmoke.com\/it\/prodotto\/vaper-cbd-iguana-pod-pocket-watermelon-3ml\/","og_locale":"it_IT","og_type":"article","og_title":"Vaper CBD - Iguana Pod Pocket CBD Watermelon 3ml","og_description":"Caracter\u00edsticas t\u00e9cnicas del Pod Pocket CBD - Vaper CBD desechable:    Dimensiones: 65,5 x 35 x 12 mm (alto x ancho x profundo)   Bater\u00eda: 550 mAh   Capacidad: 3ml   Caladas: hasta 900   CBD: 225\/3ml   THC: 0%   Nicotina: 0%\u00a0\u00a0  Adem\u00e1s, si quieres puedes consultar el an\u00e1lisis de laboratorio.","og_url":"https:\/\/iguanasmoke.com\/it\/prodotto\/vaper-cbd-iguana-pod-pocket-watermelon-3ml\/","og_site_name":"Iguana Smoke","article_publisher":"https:\/\/www.facebook.com\/iguanasmoke","article_modified_time":"2026-03-15T20:16:02+00:00","og_image":[{"width":500,"height":500,"url":"https:\/\/iguanasmoke.com\/wp-content\/uploads\/2023\/08\/caja-y-vape-watermelon-webp.webp","type":"image\/webp"}],"twitter_card":"summary_large_image","twitter_misc":{"Prezzo":"12,90&nbsp;&euro;","Disponibilit\u00e0":"In stock"},"schema":{"@context":"https:\/\/schema.org","@graph":[{"@type":"WebPage","@id":"https:\/\/iguanasmoke.com\/producto\/vaper-cbd-iguana-pod-pocket-watermelon-3ml\/","url":"https:\/\/iguanasmoke.com\/producto\/vaper-cbd-iguana-pod-pocket-watermelon-3ml\/","name":"Iguana Pod Pocket CBD Watermelon - Vape Pocket usa e getta| Iguana Smoke","isPartOf":{"@id":"https:\/\/iguanasmoke.com\/#website"},"primaryImageOfPage":{"@id":"https:\/\/iguanasmoke.com\/producto\/vaper-cbd-iguana-pod-pocket-watermelon-3ml\/#primaryimage"},"image":{"@id":"https:\/\/iguanasmoke.com\/producto\/vaper-cbd-iguana-pod-pocket-watermelon-3ml\/#primaryimage"},"thumbnailUrl":"https:\/\/iguanasmoke.com\/wp-content\/uploads\/2023\/08\/caja-y-vape-watermelon-webp.webp","datePublished":"2024-07-10T18:16:00+00:00","dateModified":"2026-03-15T20:16:02+00:00","description":"Ottenete la vostra Iguana Pod Pocket CBD Watermelon 225mg\/3ml. La Vape Pocket CBD usa e getta offre fino a 900 boccate ed \u00e8 priva di THC e nicotina.","breadcrumb":{"@id":"https:\/\/iguanasmoke.com\/producto\/vaper-cbd-iguana-pod-pocket-watermelon-3ml\/#breadcrumb"},"inLanguage":"it-IT","potentialAction":[{"@type":"ReadAction","target":["https:\/\/iguanasmoke.com\/producto\/vaper-cbd-iguana-pod-pocket-watermelon-3ml\/"]}]},{"@type":"ImageObject","inLanguage":"it-IT","@id":"https:\/\/iguanasmoke.com\/producto\/vaper-cbd-iguana-pod-pocket-watermelon-3ml\/#primaryimage","url":"https:\/\/iguanasmoke.com\/wp-content\/uploads\/2023\/08\/caja-y-vape-watermelon-webp.webp","contentUrl":"https:\/\/iguanasmoke.com\/wp-content\/uploads\/2023\/08\/caja-y-vape-watermelon-webp.webp","width":500,"height":500,"caption":"pod cbd watermelon"},{"@type":"BreadcrumbList","@id":"https:\/\/iguanasmoke.com\/producto\/vaper-cbd-iguana-pod-pocket-watermelon-3ml\/#breadcrumb","itemListElement":[{"@type":"ListItem","position":1,"name":"home","item":"https:\/\/iguanasmoke.com\/"},{"@type":"ListItem","position":2,"name":"Tienda","item":"https:\/\/iguanasmoke.com\/tienda\/"},{"@type":"ListItem","position":3,"name":"Vaper CBD","item":"https:\/\/iguanasmoke.com\/categoria\/vaper-cbd\/"},{"@type":"ListItem","position":4,"name":"Pods","item":"https:\/\/iguanasmoke.com\/categoria\/vaper-cbd\/pods\/"},{"@type":"ListItem","position":5,"name":"Vaper CBD &#8211; Iguana Pod Pocket CBD Watermelon 3ml"}]},{"@type":"WebSite","@id":"https:\/\/iguanasmoke.com\/#website","url":"https:\/\/iguanasmoke.com\/","name":"Fumo di iguana","description":"Acquistare CBD online al miglior prezzo","publisher":{"@id":"https:\/\/iguanasmoke.com\/#organization"},"potentialAction":[{"@type":"SearchAction","target":{"@type":"EntryPoint","urlTemplate":"https:\/\/iguanasmoke.com\/?s={search_term_string}"},"query-input":{"@type":"PropertyValueSpecification","valueRequired":true,"valueName":"search_term_string"}}],"inLanguage":"it-IT"},{"@type":"Organization","@id":"https:\/\/iguanasmoke.com\/#organization","name":"Fumo di iguana","url":"https:\/\/iguanasmoke.com\/","logo":{"@type":"ImageObject","inLanguage":"it-IT","@id":"https:\/\/iguanasmoke.com\/#\/schema\/logo\/image\/","url":"https:\/\/iguanasmoke.com\/wp-content\/uploads\/2025\/01\/logoiguana-favi-1.png","contentUrl":"https:\/\/iguanasmoke.com\/wp-content\/uploads\/2025\/01\/logoiguana-favi-1.png","width":512,"height":512,"caption":"Iguana Smoke"},"image":{"@id":"https:\/\/iguanasmoke.com\/#\/schema\/logo\/image\/"},"sameAs":["https:\/\/www.facebook.com\/iguanasmoke","https:\/\/www.instagram.com\/iguanasmoke\/"]}]},"product_brand":"simple","product_price_amount":"12.90","product_price_currency":"EUR","og_availability":"instock","product_availability":"instock","product_retailer_item_id":"IS-POD-WATERMELONPCKT-900","product_condition":"new"},"_links":{"self":[{"href":"https:\/\/iguanasmoke.com\/it\/wp-json\/wp\/v2\/product\/37099","targetHints":{"allow":["GET"]}}],"collection":[{"href":"https:\/\/iguanasmoke.com\/it\/wp-json\/wp\/v2\/product"}],"about":[{"href":"https:\/\/iguanasmoke.com\/it\/wp-json\/wp\/v2\/types\/product"}],"replies":[{"embeddable":true,"href":"https:\/\/iguanasmoke.com\/it\/wp-json\/wp\/v2\/comments?post=37099"}],"wp:featuredmedia":[{"embeddable":true,"href":"https:\/\/iguanasmoke.com\/it\/wp-json\/wp\/v2\/media\/37068"}],"wp:attachment":[{"href":"https:\/\/iguanasmoke.com\/it\/wp-json\/wp\/v2\/media?parent=37099"}],"wp:term":[{"taxonomy":"product_brand","embeddable":true,"href":"https:\/\/iguanasmoke.com\/it\/wp-json\/wp\/v2\/product_brand?post=37099"},{"taxonomy":"product_cat","embeddable":true,"href":"https:\/\/iguanasmoke.com\/it\/wp-json\/wp\/v2\/product_cat?post=37099"},{"taxonomy":"product_tag","embeddable":true,"href":"https:\/\/iguanasmoke.com\/it\/wp-json\/wp\/v2\/product_tag?post=37099"}],"curies":[{"name":"wp","href":"https:\/\/api.w.org\/{rel}","templated":true}]}}