{"id":37521,"date":"2024-07-16T11:32:01","date_gmt":"2024-07-16T09:32:01","guid":{"rendered":"https:\/\/iguanasmoke.com\/?post_type=product&#038;p=37521"},"modified":"2026-04-01T10:30:43","modified_gmt":"2026-04-01T08:30:43","slug":"comprare-cbd-pop-corn-fiore-indoor-15gr-cbd-piccoli-germogli","status":"publish","type":"product","link":"https:\/\/iguanasmoke.com\/it\/producto\/comprar-flor-cbd-pop-corn-indoor-15gr-cogollos-pequenos-cbd\/","title":{"rendered":"Pop Corn - Piccole gemme CBD Indoor 15gr"},"content":{"rendered":"<h1><b>Pop Corn CBD - Piccole gemme CBD Indoor 15g (Mini gemme CBD)<\/b><\/h1>\n<p><span style=\"font-weight: 400\">Scoprite un nuovo modo di gustare la cannabis legale con il nostro esclusivo <strong>gemme piccole CBD Indoor 15g<\/strong> con 15% di CBD e un aroma delizioso. Questo formato <strong>Pop Corn CBD<\/strong>, conosciuto anche come <strong>Mini gemme CBD<\/strong>, offre un perfetto equilibrio tra prezzo, qualit\u00e0 e convenienza per i consumatori abituali di CBD. <\/span><\/p>\n<p><span style=\"font-weight: 400\">Nonostante le dimensioni compatte, simili a quelle di un popcorn, ogni gemma \u00e8 un gioiello denso e potente, perfetto per gli amanti del CBD. <\/span><\/p>\n<p><span style=\"font-weight: 400\">A <strong>Fumo di iguana<\/strong>, Siamo orgogliosi di offrirvi questi fiori di qualit\u00e0 eccezionale, coltivati con cura al chiuso per garantire purezza, potenza e aroma ineguagliabili.<\/span><\/p>\n<p>&nbsp;<\/p>\n<h2>Cosa sono le cime piccole CBD Indoor 15g?<\/h2>\n<p><span style=\"font-weight: 400\">Il<strong> piccoli boccioli CBD Indoor 15g sono fiori di piccole dimensioni<\/strong> che si formano nella parte inferiore della pianta, nel <strong>Fumo di iguana<\/strong> li chiamiamo <strong>Pop Corn CBD o Mini Buds CBD, <\/strong>perch\u00e9 hanno le dimensioni e la forma dei popcorn. <\/span><\/p>\n<p><span style=\"font-weight: 400\">Hanno la stessa potenza aromatica e la stessa qualit\u00e0 delle gemme premium, ma con una <strong>dimensioni compatte<\/strong> che consente di offrire <strong>pi\u00f9 quantit\u00e0 a un prezzo migliore<\/strong>, senza compromettere il sapore o il profilo dei cannabinoidi.<\/span><\/p>\n<p>&nbsp;<\/p>\n<h2><b>Caratteristiche delle cime piccole CBD Indoor 15g:\u00a0<\/b><\/h2>\n<p><span style=\"font-weight: 400\">Il nostro<strong> Pop Corn<\/strong> <strong>CBD<\/strong> sono caratterizzati da una struttura densa e ben compattata, sono <strong>gemme dense e compatte<\/strong>, con tonalit\u00e0 che vanno dal verde intenso alle delicate sfumature del viola. In ogni borsa troverete <strong>gemme piccole CBD Indoor 15g<\/strong>\u00a0scelti da una selezione omogenea di piccoli fiori accuratamente curati per garantire un aroma intenso e una <strong>un'esperienza incredibile<\/strong>.<\/span><\/p>\n<p>&nbsp;<\/p>\n<h4><span style=\"font-weight: 400\">La purezza della coltivazione indoor<\/span><\/h4>\n<p><span style=\"font-weight: 400\">I nostri fiori di CBD sono coltivati al chiuso, in un ambiente <strong>ambiente completamente controllato<\/strong>. In questo modo, possiamo assicurarci che ogni pianta riceva esattamente ci\u00f2 di cui ha bisogno in ogni momento, dalla luce alle sostanze nutritive. Il risultato \u00e8 che le nostre cime di cannabis legale hanno una <strong>qualit\u00e0 superiore<\/strong>. <\/span><\/p>\n<p><span style=\"font-weight: 400\">Non essendo esposte ai cambiamenti climatici e ai parassiti, queste piante si sviluppano perfettamente. Di conseguenza, otteniamo <strong>gemme pi\u00f9 dense<\/strong>, <strong>ricco di cannabinoidi<\/strong> e con un <strong>aroma<\/strong> y <strong>Il sapore<\/strong> molto <strong>pi\u00f9 intenso<\/strong>. In breve, la coltivazione indoor garantisce un prodotto pi\u00f9 pulito, pi\u00f9 puro e pi\u00f9 potente da gustare.\u00a0<\/span><\/p>\n<ul>\n<li><b>Coltivazione indoor di alto livello:<\/b> Ogni fiore viene coltivato in un ambiente controllato, dove temperatura, umidit\u00e0 e luce sono regolate con precisione. Questo garantisce un prodotto finale di altissima qualit\u00e0, con un profilo di cannabinoidi e terpeni ottimizzato.<\/li>\n<\/ul>\n<p>&nbsp;<\/p>\n<h2><b>Aroma e profilo terpenico<\/b><\/h2>\n<p><span style=\"font-weight: 400\">Il <strong>Mini gemme CBD di Iguana Smoke<\/strong> offrono un profilo olfattivo complesso e profondamente attraente. Troverete una miscela equilibrata di:<\/span><\/p>\n<ul>\n<li><em><span style=\"font-weight: 400\">note dolci\u00a0<\/span><\/em><\/li>\n<li><em><span style=\"font-weight: 400\">un tocco distintivo di gasolio<\/span><\/em><\/li>\n<li><em><span style=\"font-weight: 400\">sfumature di agrumi<\/span><\/em><\/li>\n<li><em><span style=\"font-weight: 400\">uno sfondo morbido e terroso<\/span><\/em><\/li>\n<\/ul>\n<p>Un aroma profondo e avvolgente, ideale per chi cerca fiori con personalit\u00e0.<\/p>\n<p>&nbsp;<\/p>\n<h2><b>Valutazione complessiva di Mini Buds CBD Indoor<\/b><\/h2>\n<p><span style=\"font-weight: 400\">Il<strong> gemme piccole CBD Indoor 15g <\/strong>da <strong>Fumo di iguana<\/strong>, Rappresentano il meglio del mondo CBD. Sono un'alternativa perfetta per coloro che desiderano <strong>acquistare fiori di CBD online<\/strong> con un eccellente rapporto qualit\u00e0-prezzo. Sono fiori<strong> legale, sicuro e ricco di terpeni<\/strong>, I nuovi prodotti sono ideali sia per l'uso occasionale che per i consumatori abituali.\u00a0<\/span><\/p>\n<p>&nbsp;<\/p>\n<h2><b>Acquista i fiori di CBD e le piccole gemme CBD Indoor 15g presso Iguana Smoke<\/b><\/h2>\n<p><span style=\"font-weight: 400\">Lavoriamo con agricoltori che coltivano cannabis industriale in modo biologico, <strong>senza pesticidi o sostanze chimiche OGM<\/strong>. Tutti i nostri fiori provengono da variet\u00e0 di <strong><em>Cannabis Sativa<\/em><\/strong> approvato dall'UE e contenente <strong>meno di 0,3% di THC<\/strong>, e quindi sono totalmente <strong>legale<\/strong> e non producono effetti psicoattivi. <\/span><\/p>\n<p><span style=\"font-weight: 400\"> L'uso di <strong>metodi di agricoltura biologica<\/strong> promuove la sostenibilit\u00e0 e la responsabilit\u00e0 ambientale, rendendo il prodotto interessante per i consumatori attenti all'ambiente. Inoltre, se volete potete consultare<strong> <a href=\"https:\/\/iguanasmoke.com\/it\/analitica\/\">analisi di laboratorio.<\/a>\u00a0<\/strong><\/span><\/p>\n<p><span style=\"font-weight: 400\">Se vi piace questo fiore, vi invitiamo a scoprire altri fiori CBD per uso interno come il <strong><a href=\"https:\/\/iguanasmoke.com\/it\/prodotto\/fiore-cbd-white-widow-indoor\/\">Fiore White Widow CBD per uso interno<\/a><\/strong> o il <strong><a href=\"https:\/\/iguanasmoke.com\/it\/prodotto\/fiore-cbd-amnesia-indoor-2\/\">Fiore Amnesia CBD per uso interno<\/a><\/strong>. E s<\/span><span style=\"font-weight: 400\">Se desiderate esplorare altri prodotti, date un'occhiata al nostro sito web <a href=\"https:\/\/iguanasmoke.com\/it\/categoria\/cbd\/pronto-a-partire\/\"><span style=\"text-decoration: underline\"><strong>Pronti a partire <\/strong><\/span><\/a>o<a href=\"https:\/\/iguanasmoke.com\/it\/categoria\/cbd-vape-3\/cartucce\/\"><span style=\"text-decoration: underline\"> <strong>cartucce <\/strong>.<\/span><\/a> <\/span><span style=\"font-weight: 400\">Esplorate la nostra gamma e trovate subito i vostri preferiti.<\/span><span style=\"font-weight: 400\">\u00a0<\/span><\/p>\n<p>Consegna rapida, grande attenzione e un negozio con un imballaggio discreto e sicuro che va avanti, solo per farvelo gustare!<\/p>\n<h2><span style=\"color: #ffffff\">acquistare flore<\/span><\/h2>\n<h3><b>Iguana Smoke \u00e8 il vostro negozio online di CBD di fiducia<\/b><\/h3>\n<p><span style=\"font-weight: 400\">A<strong> Fumo di iguana<\/strong>, Crediamo che il consumo di CBD debba essere un'esperienza sicura e piacevole. Ecco perch\u00e9 abbiamo prodotti come le piccole cime di CBD Indoor 15g di alta qualit\u00e0 che si rivolgono alle nuove generazioni: persone che cercano un benessere senza complicazioni con marchi autentici e affidabili.\u00a0<\/span><\/p>\n<p>La nostra missione \u00e8 chiara: offrirvi il meglio del mondo dei cannabinoidi a un prezzo equo. Inoltre, vi diamo la tranquillit\u00e0 di sapere che state scegliendo un prodotto certificato, efficace e 100% legale. Il vostro momento di relax inizia qui con noi.<\/p>\n<p>Ancora dubbi? Scriveteci e saremo lieti di aiutarvi a trovare il prodotto giusto per voi.<\/p>\n<p>&nbsp;<\/p>\n<p><em><span style=\"font-weight: 400\">*Nota bene: il suo utilizzo \u00e8 destinato alla raccolta o all'aromaterapia secondo la legge spagnola. <\/span><\/em><\/p>\n<p><em><span style=\"font-weight: 400\">**Tutti i nostri prodotti sono derivati da canapa industriale certificata. Contengono meno dello 0,3 di THC e non contengono cannabinoidi illegali come HHC, HHC-P, THCP, THCP-O, H4CBD e quelli inclusi nell'Allegato I del Regio Decreto 2829\/1977, n\u00e9 sostanze controllate dalle convenzioni internazionali.\u00a0\u00a0<\/span><\/em><\/p>","protected":false},"excerpt":{"rendered":"<p><span style=\"font-weight: 400\">Accuratamente selezionati per soddisfare le esigenze aromatiche dei consumatori di fiori di CBD per uso interno.<\/span><\/p>\n<ul>\n<li>CBD: 15% \/ THC: &lt; 0,3%<\/li>\n<li>Boccioli piccoli (Mini Boccioli)<\/li>\n<li>A dominanza sativa<\/li>\n<li>15g Interno<\/li>\n<li>Coltivazione indoor di alto livello<\/li>\n<li>Forte aroma di gasolio, con sfumature dolci.<\/li>\n<li>100% legale in Europa<\/li>\n<li>Analisi della qualit\u00e0 <a style=\"font-size: 16px;background-color: #ffffff\" href=\"https:\/\/iguanasmoke.com\/wp-content\/uploads\/2018\/02\/Flor-Sour-Tsunami.pdf\" target=\"_blank\" rel=\"noopener\">qui<\/a><\/li>\n<\/ul>","protected":false},"featured_media":37527,"comment_status":"open","ping_status":"closed","template":"","meta":{"_acf_changed":false,"site-sidebar-layout":"default","site-content-layout":"default","ast-site-content-layout":"default","site-content-style":"default","site-sidebar-style":"default","ast-global-header-display":"","ast-banner-title-visibility":"","ast-main-header-display":"","ast-hfb-above-header-display":"","ast-hfb-below-header-display":"","ast-hfb-mobile-header-display":"","site-post-title":"","ast-breadcrumbs-content":"","ast-featured-img":"","footer-sml-layout":"","theme-transparent-header-meta":"default","adv-header-id-meta":"","stick-header-meta":"","header-above-stick-meta":"","header-main-stick-meta":"","header-below-stick-meta":"","astra-migrate-meta-layouts":"set","ast-page-background-enabled":"default","ast-page-background-meta":{"desktop":{"background-color":"var(--ast-global-color-4)","background-image":"","background-repeat":"repeat","background-position":"center center","background-size":"auto","background-attachment":"scroll","background-type":"","background-media":"","overlay-type":"","overlay-color":"","overlay-opacity":"","overlay-gradient":""},"tablet":{"background-color":"","background-image":"","background-repeat":"repeat","background-position":"center center","background-size":"auto","background-attachment":"scroll","background-type":"","background-media":"","overlay-type":"","overlay-color":"","overlay-opacity":"","overlay-gradient":""},"mobile":{"background-color":"","background-image":"","background-repeat":"repeat","background-position":"center center","background-size":"auto","background-attachment":"scroll","background-type":"","background-media":"","overlay-type":"","overlay-color":"","overlay-opacity":"","overlay-gradient":""}},"ast-content-background-meta":{"desktop":{"background-color":"var(--ast-global-color-5)","background-image":"","background-repeat":"repeat","background-position":"center center","background-size":"auto","background-attachment":"scroll","background-type":"","background-media":"","overlay-type":"","overlay-color":"","overlay-opacity":"","overlay-gradient":""},"tablet":{"background-color":"var(--ast-global-color-5)","background-image":"","background-repeat":"repeat","background-position":"center center","background-size":"auto","background-attachment":"scroll","background-type":"","background-media":"","overlay-type":"","overlay-color":"","overlay-opacity":"","overlay-gradient":""},"mobile":{"background-color":"var(--ast-global-color-5)","background-image":"","background-repeat":"repeat","background-position":"center center","background-size":"auto","background-attachment":"scroll","background-type":"","background-media":"","overlay-type":"","overlay-color":"","overlay-opacity":"","overlay-gradient":""}}},"product_brand":[],"product_cat":[328,447],"product_tag":[],"class_list":{"0":"post-37521","1":"product","2":"type-product","3":"status-publish","4":"has-post-thumbnail","6":"product_cat-comprar-flores-de-cbd-y-cogollos-de-cbd","7":"product_cat-pop-corn-cbd-cogollos-pequenos-cbd-mini-buds-cbd","8":"desktop-align-center","9":"tablet-align-center","10":"mobile-align-center","12":"first","13":"instock","14":"taxable","15":"shipping-taxable","16":"purchasable","17":"product-type-simple"},"acf":[],"yoast_head":"<!-- This site is optimized with the Yoast SEO Premium plugin v27.3 (Yoast SEO v27.3) - https:\/\/yoast.com\/product\/yoast-seo-premium-wordpress\/ -->\n<title>Cogollos peque\u00f1os CBD Indoor 15g - Pop Corn CBD (Mini buds)<\/title>\n<meta name=\"description\" content=\"Disfruta de la experiencia del cannabis legal con nuestros cogollos peque\u00f1os CBD Indoor 15g. Tus Pop Corn Mini Buds CBD Indoor favoritos te esperan.\" \/>\n<meta name=\"robots\" content=\"index, follow, max-snippet:-1, max-image-preview:large, max-video-preview:-1\" \/>\n<link rel=\"canonical\" href=\"https:\/\/iguanasmoke.com\/it\/prodotto\/comprare-cbd-pop-corn-fiore-indoor-15gr-cbd-piccoli-germogli\/\" \/>\n<meta property=\"og:locale\" content=\"it_IT\" \/>\n<meta property=\"og:type\" content=\"article\" \/>\n<meta property=\"og:title\" content=\"Pop Corn - Cogollos peque\u00f1os CBD Indoor 15gr\" \/>\n<meta property=\"og:description\" content=\"Seleccionados cuidadosamente para satisfacer las necesidades arom\u00e1ticas de los consumidores de Flores CBD de Interior.   CBD: 15% \/ THC: &lt; 0,3%  Cogollos peque\u00f1os (Mini Buds)  Dominante Sativa  15g Indoor  Cultivo interior premium  Aroma fuerte a combustible diesel, con tonos dulces  100% legal en Europa  An\u00e1lisis de calidad aqu\u00ed\" \/>\n<meta property=\"og:url\" content=\"https:\/\/iguanasmoke.com\/it\/prodotto\/comprare-cbd-pop-corn-fiore-indoor-15gr-cbd-piccoli-germogli\/\" \/>\n<meta property=\"og:site_name\" content=\"Iguana Smoke\" \/>\n<meta property=\"article:publisher\" content=\"https:\/\/www.facebook.com\/iguanasmoke\" \/>\n<meta property=\"article:modified_time\" content=\"2026-04-01T08:30:43+00:00\" \/>\n<meta property=\"og:image\" content=\"https:\/\/iguanasmoke.com\/wp-content\/uploads\/2024\/07\/Pop-corn-negativo-15g.webp\" \/>\n\t<meta property=\"og:image:width\" content=\"1000\" \/>\n\t<meta property=\"og:image:height\" content=\"1000\" \/>\n\t<meta property=\"og:image:type\" content=\"image\/webp\" \/>\n<meta name=\"twitter:card\" content=\"summary_large_image\" \/>\n<meta name=\"twitter:label1\" content=\"Prezzo\" \/>\n\t<meta name=\"twitter:data1\" content=\"30,00&nbsp;&euro;\" \/>\n\t<meta name=\"twitter:label2\" content=\"Disponibilit\u00e0\" \/>\n\t<meta name=\"twitter:data2\" content=\"In stock\" \/>\n<meta property=\"product:brand\" content=\"simple\" \/>\n<meta property=\"product:price:amount\" content=\"30.00\" \/>\n<meta property=\"product:price:currency\" content=\"EUR\" \/>\n<meta property=\"og:availability\" content=\"instock\" \/>\n<meta property=\"product:availability\" content=\"instock\" \/>\n<meta property=\"product:retailer_item_id\" content=\"IS-POP-SOURTIND-15G\" \/>\n<meta property=\"product:condition\" content=\"new\" \/>\n<!-- \/ Yoast SEO Premium plugin. -->","yoast_head_json":{"title":"Piccole gemme CBD Indoor 15g - Pop Corn CBD (Mini gemme)","description":"Godetevi l'esperienza della cannabis legale con le nostre CBD Indoor 15g small buds. Le vostre Pop Corn Mini Buds CBD Indoor preferite vi aspettano.","robots":{"index":"index","follow":"follow","max-snippet":"max-snippet:-1","max-image-preview":"max-image-preview:large","max-video-preview":"max-video-preview:-1"},"canonical":"https:\/\/iguanasmoke.com\/it\/prodotto\/comprare-cbd-pop-corn-fiore-indoor-15gr-cbd-piccoli-germogli\/","og_locale":"it_IT","og_type":"article","og_title":"Pop Corn - Cogollos peque\u00f1os CBD Indoor 15gr","og_description":"Seleccionados cuidadosamente para satisfacer las necesidades arom\u00e1ticas de los consumidores de Flores CBD de Interior.   CBD: 15% \/ THC: &lt; 0,3%  Cogollos peque\u00f1os (Mini Buds)  Dominante Sativa  15g Indoor  Cultivo interior premium  Aroma fuerte a combustible diesel, con tonos dulces  100% legal en Europa  An\u00e1lisis de calidad aqu\u00ed","og_url":"https:\/\/iguanasmoke.com\/it\/prodotto\/comprare-cbd-pop-corn-fiore-indoor-15gr-cbd-piccoli-germogli\/","og_site_name":"Iguana Smoke","article_publisher":"https:\/\/www.facebook.com\/iguanasmoke","article_modified_time":"2026-04-01T08:30:43+00:00","og_image":[{"width":1000,"height":1000,"url":"https:\/\/iguanasmoke.com\/wp-content\/uploads\/2024\/07\/Pop-corn-negativo-15g.webp","type":"image\/webp"}],"twitter_card":"summary_large_image","twitter_misc":{"Prezzo":"30,00&nbsp;&euro;","Disponibilit\u00e0":"In stock"},"schema":{"@context":"https:\/\/schema.org","@graph":[{"@type":"WebPage","@id":"https:\/\/iguanasmoke.com\/producto\/comprar-flor-cbd-pop-corn-indoor-15gr-cogollos-pequenos-cbd\/","url":"https:\/\/iguanasmoke.com\/producto\/comprar-flor-cbd-pop-corn-indoor-15gr-cogollos-pequenos-cbd\/","name":"Piccole gemme CBD Indoor 15g - Pop Corn CBD (Mini gemme)","isPartOf":{"@id":"https:\/\/iguanasmoke.com\/#website"},"primaryImageOfPage":{"@id":"https:\/\/iguanasmoke.com\/producto\/comprar-flor-cbd-pop-corn-indoor-15gr-cogollos-pequenos-cbd\/#primaryimage"},"image":{"@id":"https:\/\/iguanasmoke.com\/producto\/comprar-flor-cbd-pop-corn-indoor-15gr-cogollos-pequenos-cbd\/#primaryimage"},"thumbnailUrl":"https:\/\/iguanasmoke.com\/wp-content\/uploads\/2024\/07\/Pop-corn-negativo-15g.webp","datePublished":"2024-07-16T09:32:01+00:00","dateModified":"2026-04-01T08:30:43+00:00","description":"Godetevi l'esperienza della cannabis legale con le nostre CBD Indoor 15g small buds. Le vostre Pop Corn Mini Buds CBD Indoor preferite vi aspettano.","breadcrumb":{"@id":"https:\/\/iguanasmoke.com\/producto\/comprar-flor-cbd-pop-corn-indoor-15gr-cogollos-pequenos-cbd\/#breadcrumb"},"inLanguage":"it-IT","potentialAction":[{"@type":"ReadAction","target":["https:\/\/iguanasmoke.com\/producto\/comprar-flor-cbd-pop-corn-indoor-15gr-cogollos-pequenos-cbd\/"]}]},{"@type":"ImageObject","inLanguage":"it-IT","@id":"https:\/\/iguanasmoke.com\/producto\/comprar-flor-cbd-pop-corn-indoor-15gr-cogollos-pequenos-cbd\/#primaryimage","url":"https:\/\/iguanasmoke.com\/wp-content\/uploads\/2024\/07\/Pop-corn-negativo-15g.webp","contentUrl":"https:\/\/iguanasmoke.com\/wp-content\/uploads\/2024\/07\/Pop-corn-negativo-15g.webp","width":1000,"height":1000,"caption":"pop corn indoor cbd 15 gramos mini buds"},{"@type":"BreadcrumbList","@id":"https:\/\/iguanasmoke.com\/producto\/comprar-flor-cbd-pop-corn-indoor-15gr-cogollos-pequenos-cbd\/#breadcrumb","itemListElement":[{"@type":"ListItem","position":1,"name":"home","item":"https:\/\/iguanasmoke.com\/"},{"@type":"ListItem","position":2,"name":"Tienda","item":"https:\/\/iguanasmoke.com\/tienda\/"},{"@type":"ListItem","position":3,"name":"Flores de CBD","item":"https:\/\/iguanasmoke.com\/categoria\/comprar-flores-de-cbd-y-cogollos-de-cbd\/"},{"@type":"ListItem","position":4,"name":"Pop Corn &#8211; Cogollos peque\u00f1os CBD Indoor 15gr"}]},{"@type":"WebSite","@id":"https:\/\/iguanasmoke.com\/#website","url":"https:\/\/iguanasmoke.com\/","name":"Fumo di iguana","description":"Acquistare CBD online al miglior prezzo","publisher":{"@id":"https:\/\/iguanasmoke.com\/#organization"},"potentialAction":[{"@type":"SearchAction","target":{"@type":"EntryPoint","urlTemplate":"https:\/\/iguanasmoke.com\/?s={search_term_string}"},"query-input":{"@type":"PropertyValueSpecification","valueRequired":true,"valueName":"search_term_string"}}],"inLanguage":"it-IT"},{"@type":"Organization","@id":"https:\/\/iguanasmoke.com\/#organization","name":"Fumo di iguana","url":"https:\/\/iguanasmoke.com\/","logo":{"@type":"ImageObject","inLanguage":"it-IT","@id":"https:\/\/iguanasmoke.com\/#\/schema\/logo\/image\/","url":"https:\/\/iguanasmoke.com\/wp-content\/uploads\/2025\/01\/logoiguana-favi-1.png","contentUrl":"https:\/\/iguanasmoke.com\/wp-content\/uploads\/2025\/01\/logoiguana-favi-1.png","width":512,"height":512,"caption":"Iguana Smoke"},"image":{"@id":"https:\/\/iguanasmoke.com\/#\/schema\/logo\/image\/"},"sameAs":["https:\/\/www.facebook.com\/iguanasmoke","https:\/\/www.instagram.com\/iguanasmoke\/"]}]},"product_brand":"simple","product_price_amount":"30.00","product_price_currency":"EUR","og_availability":"instock","product_availability":"instock","product_retailer_item_id":"IS-POP-SOURTIND-15G","product_condition":"new"},"_links":{"self":[{"href":"https:\/\/iguanasmoke.com\/it\/wp-json\/wp\/v2\/product\/37521","targetHints":{"allow":["GET"]}}],"collection":[{"href":"https:\/\/iguanasmoke.com\/it\/wp-json\/wp\/v2\/product"}],"about":[{"href":"https:\/\/iguanasmoke.com\/it\/wp-json\/wp\/v2\/types\/product"}],"replies":[{"embeddable":true,"href":"https:\/\/iguanasmoke.com\/it\/wp-json\/wp\/v2\/comments?post=37521"}],"wp:featuredmedia":[{"embeddable":true,"href":"https:\/\/iguanasmoke.com\/it\/wp-json\/wp\/v2\/media\/37527"}],"wp:attachment":[{"href":"https:\/\/iguanasmoke.com\/it\/wp-json\/wp\/v2\/media?parent=37521"}],"wp:term":[{"taxonomy":"product_brand","embeddable":true,"href":"https:\/\/iguanasmoke.com\/it\/wp-json\/wp\/v2\/product_brand?post=37521"},{"taxonomy":"product_cat","embeddable":true,"href":"https:\/\/iguanasmoke.com\/it\/wp-json\/wp\/v2\/product_cat?post=37521"},{"taxonomy":"product_tag","embeddable":true,"href":"https:\/\/iguanasmoke.com\/it\/wp-json\/wp\/v2\/product_tag?post=37521"}],"curies":[{"name":"wp","href":"https:\/\/api.w.org\/{rel}","templated":true}]}}