{"id":41435,"date":"2024-10-08T14:08:19","date_gmt":"2024-10-08T12:08:19","guid":{"rendered":"https:\/\/iguanasmoke.com\/?post_type=product&#038;p=41435"},"modified":"2026-03-22T15:38:22","modified_gmt":"2026-03-22T14:38:22","slug":"bando-boyz-cbd-vaper-di-kidd-keo","status":"publish","type":"product","link":"https:\/\/iguanasmoke.com\/it\/producto\/bando-boyz-cbd-vaper-by-kidd-keo\/","title":{"rendered":"Bando Boyz Vape Pocket CBD di Kidd Keo"},"content":{"rendered":"<h1><span style=\"font-weight: 400;\">Bando Boyz Vape Pocket CBD di Kidd Keo - Edizione limitata<\/span><\/h1>\n<h2><span style=\"font-weight: 400;\">Puro flow, attitudine alla strada e CBD Premium<\/span><\/h2>\n<p><span style=\"font-weight: 400;\">Dopo il successo della precedente collaborazione con il nostro raccoglitore di stracci preferito, p<\/span><span style=\"font-weight: 400;\">preparatevi a volare perch\u00e9 il <strong>Bando Boyz Vape Pocket CBD<\/strong>\u00a0- <strong>Edizione limitata<\/strong> si ispira all'iconico <strong>Collezione Bando Boyz<\/strong> dell'artista spagnolo Kidd Keo. <\/span><\/p>\n<p><span style=\"font-weight: 400;\">Un dispositivo creato per chi vive lo stile di vita di strada e desidera questa collaborazione esclusiva tra Iguana Smoke e Kidd Keo, uno dei pi\u00f9 noti e famosi <strong>le icone pi\u00f9 influenti del rap e della trap spagnola<\/strong>. A <strong>edizione limitata di CBD vaper<\/strong> che unisce design, potenza e cultura urbana, dando vita a un vape CBD monouso che riflette perfettamente lo stile senza filtri di Keo.<\/span><\/p>\n<p style=\"padding-left: 40px;\"><strong data-start=\"1022\" data-end=\"1042\">\u26a0\ufe0fEdici\u00f3n limited<\/strong>. Quando si esaurisce, non torna indietro.<\/p>\n<p>&nbsp;<\/p>\n<h2><strong>Caratteristiche del Bando Boyz Vape Pocket CBD <\/strong><\/h2>\n<ul>\n<li><span style=\"font-weight: 400;\">CBD totale: <strong>600 mg <\/strong><\/span><\/li>\n<li><span style=\"font-weight: 400;\">Capacit\u00e0 del serbatoio: <strong>10ml<\/strong><\/span><\/li>\n<li>Vape usa e getta<\/li>\n<li><span style=\"font-weight: 400;\">Correnti d'aria: fino a <strong>3000 potenti boccate <\/strong><\/span><\/li>\n<li><span style=\"font-weight: 400;\">Aroma: <strong>Esclusivo Bando Boyz<\/strong><\/span><\/li>\n<li><span style=\"font-weight: 400;\">Batteria: <strong>500mAh ricaricabile USB Tipo-C <\/strong><\/span><\/li>\n<li><span style=\"font-weight: 400;\">Dimensione<strong> 82 x 49 x 22 mm <\/strong><\/span><\/li>\n<li><span style=\"font-weight: 400;\">THC: <strong>0% <\/strong><\/span><\/li>\n<li><span style=\"font-weight: 400;\">Nicotina: <strong>0% <\/strong><\/span><\/li>\n<\/ul>\n<p><span style=\"font-weight: 400;\">A <strong>CBD compatto, potente e di lunga durata CBD pocket vape<\/strong> che unisce <strong>CBD premium<\/strong> con un'estetica di strada indimenticabile. Questo \u00e8 il <strong>Bando Boyz<\/strong> pi\u00f9 stracciati.\u00a0<\/span><\/p>\n<p>&nbsp;<\/p>\n<h2><strong>Perch\u00e9 tutti vogliono questo vaper Kidd Keo CBD? <\/strong><\/h2>\n<p><span style=\"font-weight: 400;\">Perch\u00e9 <strong>non c'\u00e8 niente di simile<\/strong>. <\/span><\/p>\n<p><span style=\"font-weight: 400;\">Il <strong>Bando Boyz Vape Pocket CBD<\/strong> \u00e8 il risultato di una collaborazione tra<strong> Kidd Keo x Iguana Smoke<\/strong>, dove design, musica e stile di vita si fondono nuovamente in un unico prodotto. <\/span><\/p>\n<p><span style=\"font-weight: 400;\">Grazie alla sua <strong>serbatoio XXL da 10 ml e 600 mg di CBD<\/strong>, offre una vita molto pi\u00f9 lunga della media. Di conseguenza, \u00e8 uno dei migliori al mondo.<strong>Gli esaltatori di sapidit\u00e0 al CBD pi\u00f9 potenti e duraturi sul mercato<\/strong>.<\/span><\/p>\n<p><span style=\"font-weight: 400;\"> Inoltre, da <strong>non contengono THC o nicotina<\/strong>, Se state cercando di rilassarvi o di staccare dalla routine quotidiana, potete godervi il CBD legale in Spagna in tutta tranquillit\u00e0. <\/span><\/p>\n<p>&nbsp;<\/p>\n<h2><strong>Design esclusivo ispirato alla collezione Bando Boyz<\/strong><\/h2>\n<p><span style=\"font-weight: 400;\">Il <strong>Bando Boyz Vape Pocket CBD<\/strong> non passa inosservato. La sua estetica urbana, diretta e di grande impatto <strong>riflette il DNA di Kidd Keo e del suo universo creativo.<\/strong>. Compatto, leggero e con un design che parla da solo, diventa molto pi\u00f9 di una svapata: <strong>\u00e8 un accessorio di stile<\/strong>. <\/span><\/p>\n<p><span style=\"font-weight: 400;\">Portatelo con voi e fate la differenza. Perch\u00e9 non tutti svapano allo stesso modo.<\/span><\/p>\n<p>&nbsp;<\/p>\n<h3><strong>Acquista ora il tuo Bando Boyz Vape Pocket CBD di Kidd Keo <\/strong><\/h3>\n<p><span style=\"font-weight: 400;\">Non lasciatevi sfuggire l'occasione. Mettete le mani su questa edizione limitata prima che scompaia dalla mappa. <\/span><\/p>\n<p><span style=\"font-weight: 400;\">Scegliere <strong>potenza<\/strong>. <\/span><\/p>\n<p><span style=\"font-weight: 400;\">Scegliere <strong>streetstyle<\/strong>. <\/span><\/p>\n<p><span style=\"font-weight: 400;\">Scegliere <strong>Kidd Keo x Iguana Smoke<\/strong> - Scegliete un vaporizzatore di CBD con una personalit\u00e0 propria.<\/span><\/p>\n<p>&nbsp;<\/p>\n<h3><b>Iguana Smoke \u00e8 il vostro negozio online di CBD\u00a0<\/b><\/h3>\n<p><span style=\"font-weight: 400;\">A<strong> Fumo di iguana<\/strong>, Crediamo che il consumo di CBD debba essere un'esperienza sicura. Ecco perch\u00e9 abbiamo prodotti come questo <strong>Bando Boyz Vape Pocket CBD di Kidd Keo<\/strong>, Il marchio si rivolge alle nuove generazioni: persone che cercano un benessere senza complicazioni, con marchi autentici e affidabili.\u00a0<\/span><\/p>\n<p>La nostra missione \u00e8 chiara: offrirvi il meglio del mondo dei cannabinoidi a un prezzo equo. Inoltre, vi diamo la tranquillit\u00e0 di sapere che state scegliendo un prodotto certificato, efficace e 100% legale. Il vostro momento di relax inizia qui con noi.<\/p>\n<p>Ancora dubbi? Scriveteci e saremo lieti di aiutarvi a trovare il prodotto giusto per voi.<\/p>\n<p>&nbsp;<\/p>\n<h6>\u2139\ufe0f<strong> Informazioni legali<\/strong><\/h6>\n<p><em><span style=\"font-weight: 400;\">*Prodotto destinato alla raccolta o all'aromaterapia, in conformit\u00e0 alla legislazione spagnola vigente. <\/span><\/em><\/p>\n<p><em><span style=\"font-weight: 400;\">**Derivato da canapa industriale certificata. Contiene meno dello 0,3 di THC e non contiene cannabinoidi illegali come HHC, HHC-P, THCP, THCP-O, H4CBD o sostanze elencate nell'Allegato I del Regio Decreto 2829\/1977, n\u00e9 sostanze controllate da convenzioni internazionali.\u00a0\u00a0<\/span><\/em><\/p>","protected":false},"excerpt":{"rendered":"<p><span style=\"font-weight: 400;\">Caratteristiche<strong>: <\/strong><\/span><\/p>\n<ul>\n<li><span style=\"font-weight: 400;\">Vape CBD monouso<\/span><\/li>\n<li><span style=\"font-weight: 400;\">Dimensioni: <strong>82 x 49x 22 mm<\/strong>\u00a0<\/span><\/li>\n<li><span style=\"font-weight: 400;\">Batteria: <strong>550 mAh USB-C<\/strong><\/span><\/li>\n<li>Aroma: <strong>Bando Boyz<\/strong><\/li>\n<li><span style=\"font-weight: 400;\">Capacit\u00e0: <strong>10ml <\/strong><\/span><\/li>\n<li><span style=\"font-weight: 400;\">Caladas: <strong>fino a 3000 <\/strong><\/span><\/li>\n<li><span style=\"font-weight: 400;\">CBD: <strong>600\/10ml <\/strong><\/span><\/li>\n<li><span style=\"font-weight: 400;\">THC: <strong>0% <\/strong><\/span><\/li>\n<li><span style=\"font-weight: 400;\">Nicotina: <strong>0%\u00a0<\/strong>\u00a0<\/span><\/li>\n<li>Include adesivo <em>Bando Boyz olografico<\/em> gratuito con l'acquisto di un'unit\u00e0.<\/li>\n<\/ul>\n<p><span style=\"font-weight: 400;\">Inoltre, se si desidera, \u00e8 possibile consultare<strong> <a href=\"https:\/\/iguanasmoke.com\/it\/analitica\/\">analisi di laboratorio.<\/a><\/strong><\/span><\/p>","protected":false},"featured_media":41437,"comment_status":"open","ping_status":"closed","template":"","meta":{"_acf_changed":false,"site-sidebar-layout":"default","site-content-layout":"default","ast-site-content-layout":"default","site-content-style":"default","site-sidebar-style":"default","ast-global-header-display":"","ast-banner-title-visibility":"","ast-main-header-display":"","ast-hfb-above-header-display":"","ast-hfb-below-header-display":"","ast-hfb-mobile-header-display":"","site-post-title":"","ast-breadcrumbs-content":"","ast-featured-img":"","footer-sml-layout":"","theme-transparent-header-meta":"default","adv-header-id-meta":"","stick-header-meta":"","header-above-stick-meta":"","header-main-stick-meta":"","header-below-stick-meta":"","astra-migrate-meta-layouts":"set","ast-page-background-enabled":"default","ast-page-background-meta":{"desktop":{"background-color":"var(--ast-global-color-4)","background-image":"","background-repeat":"repeat","background-position":"center center","background-size":"auto","background-attachment":"scroll","background-type":"","background-media":"","overlay-type":"","overlay-color":"","overlay-opacity":"","overlay-gradient":""},"tablet":{"background-color":"","background-image":"","background-repeat":"repeat","background-position":"center center","background-size":"auto","background-attachment":"scroll","background-type":"","background-media":"","overlay-type":"","overlay-color":"","overlay-opacity":"","overlay-gradient":""},"mobile":{"background-color":"","background-image":"","background-repeat":"repeat","background-position":"center center","background-size":"auto","background-attachment":"scroll","background-type":"","background-media":"","overlay-type":"","overlay-color":"","overlay-opacity":"","overlay-gradient":""}},"ast-content-background-meta":{"desktop":{"background-color":"var(--ast-global-color-5)","background-image":"","background-repeat":"repeat","background-position":"center center","background-size":"auto","background-attachment":"scroll","background-type":"","background-media":"","overlay-type":"","overlay-color":"","overlay-opacity":"","overlay-gradient":""},"tablet":{"background-color":"var(--ast-global-color-5)","background-image":"","background-repeat":"repeat","background-position":"center center","background-size":"auto","background-attachment":"scroll","background-type":"","background-media":"","overlay-type":"","overlay-color":"","overlay-opacity":"","overlay-gradient":""},"mobile":{"background-color":"var(--ast-global-color-5)","background-image":"","background-repeat":"repeat","background-position":"center center","background-size":"auto","background-attachment":"scroll","background-type":"","background-media":"","overlay-type":"","overlay-color":"","overlay-opacity":"","overlay-gradient":""}}},"product_brand":[],"product_cat":[426,420],"product_tag":[],"class_list":{"0":"post-41435","1":"product","2":"type-product","3":"status-publish","4":"has-post-thumbnail","6":"product_cat-pods","7":"product_cat-vaper-pocket-cbd","8":"desktop-align-center","9":"tablet-align-center","10":"mobile-align-center","12":"first","13":"instock","14":"taxable","15":"shipping-taxable","16":"purchasable","17":"product-type-simple"},"acf":[],"yoast_head":"<!-- This site is optimized with the Yoast SEO Premium plugin v27.3 (Yoast SEO v27.3) - https:\/\/yoast.com\/product\/yoast-seo-premium-wordpress\/ -->\n<title>Bando Boyz Vape Pocket CBD by Kidd Keo - Edici\u00f3n Limitada | Iguana Smoke<\/title>\n<meta name=\"description\" content=\"Descubre el Bando Boyz Vape Pocket CBD by Kidd Keo, edici\u00f3n limitada Collection. 3000 caladas, 600mg CBD, 0% THC. \u00a1Compra tu vaper CBD exclusivo ahora!\" \/>\n<meta name=\"robots\" content=\"index, follow, max-snippet:-1, max-image-preview:large, max-video-preview:-1\" \/>\n<link rel=\"canonical\" href=\"https:\/\/iguanasmoke.com\/it\/prodotto\/bando-boyz-cbd-vaper-di-kidd-keo\/\" \/>\n<meta property=\"og:locale\" content=\"it_IT\" \/>\n<meta property=\"og:type\" content=\"article\" \/>\n<meta property=\"og:title\" content=\"Bando Boyz Vape Pocket CBD by Kidd Keo\" \/>\n<meta property=\"og:description\" content=\"Caracter\u00edsticas:    Vape CBD desechable  Dimensiones: 82 x 49x 22 mm\u00a0  Bater\u00eda: 550 mAh USB-C  Aroma: Bando Boyz  Capacidad: 10ml   Caladas: hasta 3000   CBD: 600\/10ml   THC: 0%   Nicotina: 0%\u00a0\u00a0  Incluye pegatina hologr\u00e1fica Bando Boyz gratis por la compra de una unidad.  Adem\u00e1s, si quieres puedes consultar el an\u00e1lisis de laboratorio.\" \/>\n<meta property=\"og:url\" content=\"https:\/\/iguanasmoke.com\/it\/prodotto\/bando-boyz-cbd-vaper-di-kidd-keo\/\" \/>\n<meta property=\"og:site_name\" content=\"Iguana Smoke\" \/>\n<meta property=\"article:publisher\" content=\"https:\/\/www.facebook.com\/iguanasmoke\" \/>\n<meta property=\"article:modified_time\" content=\"2026-03-22T14:38:22+00:00\" \/>\n<meta property=\"og:image\" content=\"https:\/\/iguanasmoke.com\/wp-content\/uploads\/2024\/10\/Mockup-bando-der.webp\" \/>\n\t<meta property=\"og:image:width\" content=\"826\" \/>\n\t<meta property=\"og:image:height\" content=\"736\" \/>\n\t<meta property=\"og:image:type\" content=\"image\/webp\" \/>\n<meta name=\"twitter:card\" content=\"summary_large_image\" \/>\n<meta name=\"twitter:label1\" content=\"Prezzo\" \/>\n\t<meta name=\"twitter:data1\" content=\"29,90&nbsp;&euro;\" \/>\n\t<meta name=\"twitter:label2\" content=\"Disponibilit\u00e0\" \/>\n\t<meta name=\"twitter:data2\" content=\"In stock\" \/>\n<meta property=\"product:brand\" content=\"simple\" \/>\n<meta property=\"product:price:amount\" content=\"29.90\" \/>\n<meta property=\"product:price:currency\" content=\"EUR\" \/>\n<meta property=\"og:availability\" content=\"instock\" \/>\n<meta property=\"product:availability\" content=\"instock\" \/>\n<meta property=\"product:retailer_item_id\" content=\"IS-BANDO-3000\" \/>\n<meta property=\"product:condition\" content=\"new\" \/>\n<!-- \/ Yoast SEO Premium plugin. -->","yoast_head_json":{"title":"Bando Boyz Vape Pocket CBD di Kidd Keo - Edizione limitata | Iguana Smoke","description":"Scopri il Bando Boyz Vape Pocket CBD di Kidd Keo, collezione in edizione limitata. 3000 boccate, 600 mg di CBD, 0% di THC. Acquista subito il tuo esclusivo CBD vaper!","robots":{"index":"index","follow":"follow","max-snippet":"max-snippet:-1","max-image-preview":"max-image-preview:large","max-video-preview":"max-video-preview:-1"},"canonical":"https:\/\/iguanasmoke.com\/it\/prodotto\/bando-boyz-cbd-vaper-di-kidd-keo\/","og_locale":"it_IT","og_type":"article","og_title":"Bando Boyz Vape Pocket CBD by Kidd Keo","og_description":"Caracter\u00edsticas:    Vape CBD desechable  Dimensiones: 82 x 49x 22 mm\u00a0  Bater\u00eda: 550 mAh USB-C  Aroma: Bando Boyz  Capacidad: 10ml   Caladas: hasta 3000   CBD: 600\/10ml   THC: 0%   Nicotina: 0%\u00a0\u00a0  Incluye pegatina hologr\u00e1fica Bando Boyz gratis por la compra de una unidad.  Adem\u00e1s, si quieres puedes consultar el an\u00e1lisis de laboratorio.","og_url":"https:\/\/iguanasmoke.com\/it\/prodotto\/bando-boyz-cbd-vaper-di-kidd-keo\/","og_site_name":"Iguana Smoke","article_publisher":"https:\/\/www.facebook.com\/iguanasmoke","article_modified_time":"2026-03-22T14:38:22+00:00","og_image":[{"width":826,"height":736,"url":"https:\/\/iguanasmoke.com\/wp-content\/uploads\/2024\/10\/Mockup-bando-der.webp","type":"image\/webp"}],"twitter_card":"summary_large_image","twitter_misc":{"Prezzo":"29,90&nbsp;&euro;","Disponibilit\u00e0":"In stock"},"schema":{"@context":"https:\/\/schema.org","@graph":[{"@type":"WebPage","@id":"https:\/\/iguanasmoke.com\/producto\/bando-boyz-cbd-vaper-by-kidd-keo\/","url":"https:\/\/iguanasmoke.com\/producto\/bando-boyz-cbd-vaper-by-kidd-keo\/","name":"Bando Boyz Vape Pocket CBD di Kidd Keo - Edizione limitata | Iguana Smoke","isPartOf":{"@id":"https:\/\/iguanasmoke.com\/#website"},"primaryImageOfPage":{"@id":"https:\/\/iguanasmoke.com\/producto\/bando-boyz-cbd-vaper-by-kidd-keo\/#primaryimage"},"image":{"@id":"https:\/\/iguanasmoke.com\/producto\/bando-boyz-cbd-vaper-by-kidd-keo\/#primaryimage"},"thumbnailUrl":"https:\/\/iguanasmoke.com\/wp-content\/uploads\/2024\/10\/Mockup-bando-der.webp","datePublished":"2024-10-08T12:08:19+00:00","dateModified":"2026-03-22T14:38:22+00:00","description":"Scopri il Bando Boyz Vape Pocket CBD di Kidd Keo, collezione in edizione limitata. 3000 boccate, 600 mg di CBD, 0% di THC. Acquista subito il tuo esclusivo CBD vaper!","breadcrumb":{"@id":"https:\/\/iguanasmoke.com\/producto\/bando-boyz-cbd-vaper-by-kidd-keo\/#breadcrumb"},"inLanguage":"it-IT","potentialAction":[{"@type":"ReadAction","target":["https:\/\/iguanasmoke.com\/producto\/bando-boyz-cbd-vaper-by-kidd-keo\/"]}]},{"@type":"ImageObject","inLanguage":"it-IT","@id":"https:\/\/iguanasmoke.com\/producto\/bando-boyz-cbd-vaper-by-kidd-keo\/#primaryimage","url":"https:\/\/iguanasmoke.com\/wp-content\/uploads\/2024\/10\/Mockup-bando-der.webp","contentUrl":"https:\/\/iguanasmoke.com\/wp-content\/uploads\/2024\/10\/Mockup-bando-der.webp","width":826,"height":736,"caption":"vaper cbd"},{"@type":"BreadcrumbList","@id":"https:\/\/iguanasmoke.com\/producto\/bando-boyz-cbd-vaper-by-kidd-keo\/#breadcrumb","itemListElement":[{"@type":"ListItem","position":1,"name":"home","item":"https:\/\/iguanasmoke.com\/"},{"@type":"ListItem","position":2,"name":"Tienda","item":"https:\/\/iguanasmoke.com\/tienda\/"},{"@type":"ListItem","position":3,"name":"Vaper CBD","item":"https:\/\/iguanasmoke.com\/categoria\/vaper-cbd\/"},{"@type":"ListItem","position":4,"name":"Pods","item":"https:\/\/iguanasmoke.com\/categoria\/vaper-cbd\/pods\/"},{"@type":"ListItem","position":5,"name":"Bando Boyz Vape Pocket CBD by Kidd Keo"}]},{"@type":"WebSite","@id":"https:\/\/iguanasmoke.com\/#website","url":"https:\/\/iguanasmoke.com\/","name":"Fumo di iguana","description":"Acquistare CBD online al miglior prezzo","publisher":{"@id":"https:\/\/iguanasmoke.com\/#organization"},"potentialAction":[{"@type":"SearchAction","target":{"@type":"EntryPoint","urlTemplate":"https:\/\/iguanasmoke.com\/?s={search_term_string}"},"query-input":{"@type":"PropertyValueSpecification","valueRequired":true,"valueName":"search_term_string"}}],"inLanguage":"it-IT"},{"@type":"Organization","@id":"https:\/\/iguanasmoke.com\/#organization","name":"Fumo di iguana","url":"https:\/\/iguanasmoke.com\/","logo":{"@type":"ImageObject","inLanguage":"it-IT","@id":"https:\/\/iguanasmoke.com\/#\/schema\/logo\/image\/","url":"https:\/\/iguanasmoke.com\/wp-content\/uploads\/2025\/01\/logoiguana-favi-1.png","contentUrl":"https:\/\/iguanasmoke.com\/wp-content\/uploads\/2025\/01\/logoiguana-favi-1.png","width":512,"height":512,"caption":"Iguana Smoke"},"image":{"@id":"https:\/\/iguanasmoke.com\/#\/schema\/logo\/image\/"},"sameAs":["https:\/\/www.facebook.com\/iguanasmoke","https:\/\/www.instagram.com\/iguanasmoke\/"]}]},"product_brand":"simple","product_price_amount":"29.90","product_price_currency":"EUR","og_availability":"instock","product_availability":"instock","product_retailer_item_id":"IS-BANDO-3000","product_condition":"new"},"_links":{"self":[{"href":"https:\/\/iguanasmoke.com\/it\/wp-json\/wp\/v2\/product\/41435","targetHints":{"allow":["GET"]}}],"collection":[{"href":"https:\/\/iguanasmoke.com\/it\/wp-json\/wp\/v2\/product"}],"about":[{"href":"https:\/\/iguanasmoke.com\/it\/wp-json\/wp\/v2\/types\/product"}],"replies":[{"embeddable":true,"href":"https:\/\/iguanasmoke.com\/it\/wp-json\/wp\/v2\/comments?post=41435"}],"wp:featuredmedia":[{"embeddable":true,"href":"https:\/\/iguanasmoke.com\/it\/wp-json\/wp\/v2\/media\/41437"}],"wp:attachment":[{"href":"https:\/\/iguanasmoke.com\/it\/wp-json\/wp\/v2\/media?parent=41435"}],"wp:term":[{"taxonomy":"product_brand","embeddable":true,"href":"https:\/\/iguanasmoke.com\/it\/wp-json\/wp\/v2\/product_brand?post=41435"},{"taxonomy":"product_cat","embeddable":true,"href":"https:\/\/iguanasmoke.com\/it\/wp-json\/wp\/v2\/product_cat?post=41435"},{"taxonomy":"product_tag","embeddable":true,"href":"https:\/\/iguanasmoke.com\/it\/wp-json\/wp\/v2\/product_tag?post=41435"}],"curies":[{"name":"wp","href":"https:\/\/api.w.org\/{rel}","templated":true}]}}