{"id":46370,"date":"2024-12-27T18:57:51","date_gmt":"2024-12-27T17:57:51","guid":{"rendered":"https:\/\/iguanasmoke.com\/?post_type=product&#038;p=46370"},"modified":"2026-02-13T14:30:56","modified_gmt":"2026-02-13T13:30:56","slug":"coltello-caldo-dabber-fumo-di-iguana","status":"publish","type":"product","link":"https:\/\/iguanasmoke.com\/it\/producto\/hot-knife-dabber-iguana-smoke\/","title":{"rendered":"Coltello caldo Dabber Iguana Smoke"},"content":{"rendered":"<section class=\"product-description\">\n<h1>Hot Knife Dabber Iguana Smoke: <em>Precisione, pulizia e potenza in ogni tamponamento<\/em><\/h1>\n<p>Se siete amanti del <strong>tamponare<\/strong>, Sapete che la qualit\u00e0 dei vostri utensili fa la differenza. Ecco perch\u00e9 il <strong>Coltello caldo Dabber Iguana Smoke<\/strong> diventa un accessorio essenziale per gestire resine ed estratti con la massima precisione, pulizia ed efficienza.<\/p>\n<p>Questo <strong>coltello caldo per tamponare<\/strong> \u00e8 stato progettato per facilitare il caricamento di estratti quali <strong>cera, shatter, colofonia o resina viva<\/strong>, evitare gli sprechi e mantenere sempre pulito il vostro spazio.<\/p>\n<\/section>\n<p>&nbsp;<\/p>\n<section class=\"product-description\">\n<h2>Che cos'\u00e8 un tampone per coltelli caldi e perch\u00e9 ne avete bisogno?<\/h2>\n<p>A <strong>Coltello caldo Dabber elettronico<\/strong> \u00e8 un \u201ccoltello caldo\u201d, cio\u00e8 uno strumento innovativo che incorpora una punta riscaldata elettronicamente per una manipolazione facile e precisa dei concentrati.<\/p>\n<p>A differenza dei tamponi tradizionali, questo coltello caldo <strong>Coltello caldo Dabber Iguana Smoke<\/strong> permette:<\/p>\n<ul>\n<li>Separare facilmente i concentrati appiccicosi<\/li>\n<li>Depositare il materiale direttamente nel chiodo o nel banger.<\/li>\n<li>Riduzione degli sprechi e dei rifiuti<\/li>\n<li>Migliorare l'esperienza complessiva del dabbing<\/li>\n<\/ul>\n<p>Di conseguenza, si ottengono sessioni pi\u00f9 pulite, pi\u00f9 veloci e pi\u00f9 professionali.<\/p>\n<\/section>\n<p>&nbsp;<\/p>\n<section class=\"product-description\">\n<h2>A cosa serve un coltello da tampone caldo?<\/h2>\n<p>Il <strong>Coltello caldo Dabber Iguana Smoke<\/strong> \u00e8 stato appositamente studiato per lavorare con estratti viscosi come:<\/p>\n<ul>\n<li>Cera<\/li>\n<li>Frantumi<\/li>\n<li>Rosina<\/li>\n<li>Resina viva<\/li>\n<li>Altri concentrati densi come resine e hashish<\/li>\n<\/ul>\n<p>Grazie alla punta termica, il concentrato viene rilasciato senza sforzo e cade direttamente nel contenitore. <strong>trabiccolo caldo<\/strong>. In questo modo si evita che il materiale si attacchi all'utensile e si sfrutta al massimo ogni milligrammo di prodotto.<\/p>\n<\/section>\n<p>&nbsp;<\/p>\n<section class=\"product-description\">\n<h2>Come si usa l'Hot Knife Dabber Iguana Smoke?<\/h2>\n<ol>\n<li><strong>Caricare il dispositivo:<\/strong> Assicurarsi che il dabber elettronico sia carico per garantire un riscaldamento efficiente.<\/li>\n<li><strong>Attivare il riscaldamento:<\/strong> Premere il pulsante e attendere qualche secondo finch\u00e9 la punta non raggiunge la temperatura ideale.<\/li>\n<li><strong>Raccogliere il concentrato:<\/strong> Toccare delicatamente l'estratto con la punta calda. Aderir\u00e0 senza sforzo<\/li>\n<li><strong>Deposito nel chiodo o nel trabiccolo:<\/strong> Il materiale scivola in modo pulito e preciso grazie al calore.<\/li>\n<li><strong>Godetevi la sessione:<\/strong> Provate a tamponare in modo pi\u00f9 pulito, efficiente e senza sprechi.<\/li>\n<\/ol>\n<p>&nbsp;<\/p>\n<h2>Vantaggi del coltello caldo Dabber Iguana Smoke<\/h2>\n<h3>Precisione assoluta<\/h3>\n<p>Permette di posizionare il concentrato esattamente dove serve, senza inutili perdite.<\/p>\n<h3>\u2705 Massima pulizia<\/h3>\n<p>Riduce i residui appiccicosi e previene le fuoriuscite nell'area di lavoro.<\/p>\n<h3>\u2705 Riscaldamento rapido<\/h3>\n<p>Grazie al suo design elettronico, raggiunge la temperatura ideale in pochi secondi.<\/p>\n<h3>\u2705 Risparmio di materiale<\/h3>\n<p>Ogni goccia \u00e8 importante. Questo coltello a caldo riduce al minimo gli sprechi di estratto.<\/p>\n<h3>Design compatto e portatile<\/h3>\n<p>Perfetto sia per l'uso domestico che da portare con s\u00e9.<\/p>\n<h3>\u2705 Materiali resistenti e durevoli<\/h3>\n<p>Realizzato con componenti di alta qualit\u00e0 per una lunga durata.<\/p>\n<p>&nbsp;<\/p>\n<h2>Perch\u00e9 scegliere il coltello a caldo Iguana Smoke?<\/h2>\n<p>Perch\u00e9 non si tratta di un semplice strumento, ma di un vero e proprio miglioramento della vostra esperienza di dabbing. Oltre a fornire comfort ed efficienza, questo <strong>coltello a caldo per concentrati<\/strong> ottimizzare le prestazioni dei vostri estratti e aumentare il livello di ogni sessione.<\/p>\n<p>In breve, se siete alla ricerca di un <strong>dabber elettronico potente, pulito e facile da usare<\/strong>, il <strong>Coltello caldo Dabber Iguana Smoke<\/strong>\u00a0\u00e8 l'accessorio indispensabile della vostra collezione.<\/p>\n<\/section>","protected":false},"excerpt":{"rendered":"<p>Questo <strong>coltello caldo per tamponare<\/strong> semplifica ogni fase, offrendo precisione, pulizia e il massimo sfruttamento degli estratti.<\/p>\n<h3>Caratteristiche:<\/h3>\n<ul>\n<li>Batteria da 320 mAh<\/li>\n<li>Ricarica rapida USB-C e preriscaldamento in pochi secondi<\/li>\n<li>Punta calda per lo scorrimento dei concentrati<\/li>\n<\/ul>","protected":false},"featured_media":46372,"comment_status":"open","ping_status":"closed","template":"","meta":{"_acf_changed":false,"site-sidebar-layout":"default","site-content-layout":"","ast-site-content-layout":"default","site-content-style":"default","site-sidebar-style":"default","ast-global-header-display":"","ast-banner-title-visibility":"","ast-main-header-display":"","ast-hfb-above-header-display":"","ast-hfb-below-header-display":"","ast-hfb-mobile-header-display":"","site-post-title":"","ast-breadcrumbs-content":"","ast-featured-img":"","footer-sml-layout":"","theme-transparent-header-meta":"default","adv-header-id-meta":"","stick-header-meta":"","header-above-stick-meta":"","header-main-stick-meta":"","header-below-stick-meta":"","astra-migrate-meta-layouts":"set","ast-page-background-enabled":"default","ast-page-background-meta":{"desktop":{"background-color":"var(--ast-global-color-4)","background-image":"","background-repeat":"repeat","background-position":"center center","background-size":"auto","background-attachment":"scroll","background-type":"","background-media":"","overlay-type":"","overlay-color":"","overlay-opacity":"","overlay-gradient":""},"tablet":{"background-color":"","background-image":"","background-repeat":"repeat","background-position":"center center","background-size":"auto","background-attachment":"scroll","background-type":"","background-media":"","overlay-type":"","overlay-color":"","overlay-opacity":"","overlay-gradient":""},"mobile":{"background-color":"","background-image":"","background-repeat":"repeat","background-position":"center center","background-size":"auto","background-attachment":"scroll","background-type":"","background-media":"","overlay-type":"","overlay-color":"","overlay-opacity":"","overlay-gradient":""}},"ast-content-background-meta":{"desktop":{"background-color":"var(--ast-global-color-5)","background-image":"","background-repeat":"repeat","background-position":"center center","background-size":"auto","background-attachment":"scroll","background-type":"","background-media":"","overlay-type":"","overlay-color":"","overlay-opacity":"","overlay-gradient":""},"tablet":{"background-color":"var(--ast-global-color-5)","background-image":"","background-repeat":"repeat","background-position":"center center","background-size":"auto","background-attachment":"scroll","background-type":"","background-media":"","overlay-type":"","overlay-color":"","overlay-opacity":"","overlay-gradient":""},"mobile":{"background-color":"var(--ast-global-color-5)","background-image":"","background-repeat":"repeat","background-position":"center center","background-size":"auto","background-attachment":"scroll","background-type":"","background-media":"","overlay-type":"","overlay-color":"","overlay-opacity":"","overlay-gradient":""}}},"product_brand":[],"product_cat":[462,397,405],"product_tag":[],"class_list":{"0":"post-46370","1":"product","2":"type-product","3":"status-publish","4":"has-post-thumbnail","6":"product_cat-extractos-cbd","7":"product_cat-hash-cbd","8":"product_cat-ropa-y-accesorios","9":"desktop-align-center","10":"tablet-align-center","11":"mobile-align-center","13":"first","14":"instock","15":"taxable","16":"shipping-taxable","17":"purchasable","18":"product-type-simple"},"acf":[],"yoast_head":"<!-- This site is optimized with the Yoast SEO Premium plugin v27.3 (Yoast SEO v27.3) - https:\/\/yoast.com\/product\/yoast-seo-premium-wordpress\/ -->\n<title>Hot Knife Dabber Iguana Smoke | Iguana Smoke<\/title>\n<meta name=\"description\" content=\"Descubre el Hot Knife Dabber Iguana Smoke, la herramienta ideal para dabbing. Precisi\u00f3n, limpieza y eficiencia para manejar tus extractos sin desperdicios.\" \/>\n<meta name=\"robots\" content=\"index, follow, max-snippet:-1, max-image-preview:large, max-video-preview:-1\" \/>\n<link rel=\"canonical\" href=\"https:\/\/iguanasmoke.com\/it\/prodotto\/coltello-caldo-dabber-fumo-di-iguana\/\" \/>\n<meta property=\"og:locale\" content=\"it_IT\" \/>\n<meta property=\"og:type\" content=\"article\" \/>\n<meta property=\"og:title\" content=\"Hot Knife Dabber Iguana Smoke\" \/>\n<meta property=\"og:description\" content=\"Este cuchillo caliente para dab simplifica cada paso, ofreciendo precisi\u00f3n, limpieza y m\u00e1ximo aprovechamiento de tus extractos. Caracter\u00edsticas:   Bater\u00eda de 320 mAh  Carga r\u00e1pida USB-C y precalentamiento en segundos  Punta caliente que favorece el deslizamiento de concentrados\" \/>\n<meta property=\"og:url\" content=\"https:\/\/iguanasmoke.com\/it\/prodotto\/coltello-caldo-dabber-fumo-di-iguana\/\" \/>\n<meta property=\"og:site_name\" content=\"Iguana Smoke\" \/>\n<meta property=\"article:publisher\" content=\"https:\/\/www.facebook.com\/iguanasmoke\" \/>\n<meta property=\"article:modified_time\" content=\"2026-02-13T13:30:56+00:00\" \/>\n<meta property=\"og:image\" content=\"https:\/\/iguanasmoke.com\/wp-content\/uploads\/2024\/12\/knife-1.png\" \/>\n\t<meta property=\"og:image:width\" content=\"800\" \/>\n\t<meta property=\"og:image:height\" content=\"800\" \/>\n\t<meta property=\"og:image:type\" content=\"image\/png\" \/>\n<meta name=\"twitter:card\" content=\"summary_large_image\" \/>\n<meta name=\"twitter:label1\" content=\"Prezzo\" \/>\n\t<meta name=\"twitter:data1\" content=\"29,90&nbsp;&euro;\" \/>\n\t<meta name=\"twitter:label2\" content=\"Disponibilit\u00e0\" \/>\n\t<meta name=\"twitter:data2\" content=\"In stock\" \/>\n<meta property=\"product:brand\" content=\"simple\" \/>\n<meta property=\"product:price:amount\" content=\"29.90\" \/>\n<meta property=\"product:price:currency\" content=\"EUR\" \/>\n<meta property=\"og:availability\" content=\"instock\" \/>\n<meta property=\"product:availability\" content=\"instock\" \/>\n<meta property=\"product:retailer_item_id\" content=\"IS-KNIFE\" \/>\n<meta property=\"product:condition\" content=\"new\" \/>\n<!-- \/ Yoast SEO Premium plugin. -->","yoast_head_json":{"title":"Coltello caldo Dabber Iguana Smoke | Iguana Smoke","description":"Scoprite l'Hot Knife Dabber Iguana Smoke, lo strumento ideale per il dabbing. Precisione, pulizia ed efficienza per gestire gli estratti senza sprechi.","robots":{"index":"index","follow":"follow","max-snippet":"max-snippet:-1","max-image-preview":"max-image-preview:large","max-video-preview":"max-video-preview:-1"},"canonical":"https:\/\/iguanasmoke.com\/it\/prodotto\/coltello-caldo-dabber-fumo-di-iguana\/","og_locale":"it_IT","og_type":"article","og_title":"Hot Knife Dabber Iguana Smoke","og_description":"Este cuchillo caliente para dab simplifica cada paso, ofreciendo precisi\u00f3n, limpieza y m\u00e1ximo aprovechamiento de tus extractos. Caracter\u00edsticas:   Bater\u00eda de 320 mAh  Carga r\u00e1pida USB-C y precalentamiento en segundos  Punta caliente que favorece el deslizamiento de concentrados","og_url":"https:\/\/iguanasmoke.com\/it\/prodotto\/coltello-caldo-dabber-fumo-di-iguana\/","og_site_name":"Iguana Smoke","article_publisher":"https:\/\/www.facebook.com\/iguanasmoke","article_modified_time":"2026-02-13T13:30:56+00:00","og_image":[{"width":800,"height":800,"url":"https:\/\/iguanasmoke.com\/wp-content\/uploads\/2024\/12\/knife-1.png","type":"image\/png"}],"twitter_card":"summary_large_image","twitter_misc":{"Prezzo":"29,90&nbsp;&euro;","Disponibilit\u00e0":"In stock"},"schema":{"@context":"https:\/\/schema.org","@graph":[{"@type":"WebPage","@id":"https:\/\/iguanasmoke.com\/producto\/hot-knife-dabber-iguana-smoke\/","url":"https:\/\/iguanasmoke.com\/producto\/hot-knife-dabber-iguana-smoke\/","name":"Coltello caldo Dabber Iguana Smoke | Iguana Smoke","isPartOf":{"@id":"https:\/\/iguanasmoke.com\/#website"},"primaryImageOfPage":{"@id":"https:\/\/iguanasmoke.com\/producto\/hot-knife-dabber-iguana-smoke\/#primaryimage"},"image":{"@id":"https:\/\/iguanasmoke.com\/producto\/hot-knife-dabber-iguana-smoke\/#primaryimage"},"thumbnailUrl":"https:\/\/iguanasmoke.com\/wp-content\/uploads\/2024\/12\/knife-1.png","datePublished":"2024-12-27T17:57:51+00:00","dateModified":"2026-02-13T13:30:56+00:00","description":"Scoprite l'Hot Knife Dabber Iguana Smoke, lo strumento ideale per il dabbing. Precisione, pulizia ed efficienza per gestire gli estratti senza sprechi.","breadcrumb":{"@id":"https:\/\/iguanasmoke.com\/producto\/hot-knife-dabber-iguana-smoke\/#breadcrumb"},"inLanguage":"it-IT","potentialAction":[{"@type":"ReadAction","target":["https:\/\/iguanasmoke.com\/producto\/hot-knife-dabber-iguana-smoke\/"]}]},{"@type":"ImageObject","inLanguage":"it-IT","@id":"https:\/\/iguanasmoke.com\/producto\/hot-knife-dabber-iguana-smoke\/#primaryimage","url":"https:\/\/iguanasmoke.com\/wp-content\/uploads\/2024\/12\/knife-1.png","contentUrl":"https:\/\/iguanasmoke.com\/wp-content\/uploads\/2024\/12\/knife-1.png","width":800,"height":800,"caption":"hot knife dabber"},{"@type":"BreadcrumbList","@id":"https:\/\/iguanasmoke.com\/producto\/hot-knife-dabber-iguana-smoke\/#breadcrumb","itemListElement":[{"@type":"ListItem","position":1,"name":"home","item":"https:\/\/iguanasmoke.com\/"},{"@type":"ListItem","position":2,"name":"Tienda","item":"https:\/\/iguanasmoke.com\/tienda\/"},{"@type":"ListItem","position":3,"name":"Ropa y Accesorios","item":"https:\/\/iguanasmoke.com\/categoria\/ropa-y-accesorios\/"},{"@type":"ListItem","position":4,"name":"Hot Knife Dabber Iguana Smoke"}]},{"@type":"WebSite","@id":"https:\/\/iguanasmoke.com\/#website","url":"https:\/\/iguanasmoke.com\/","name":"Fumo di iguana","description":"Acquistare CBD online al miglior prezzo","publisher":{"@id":"https:\/\/iguanasmoke.com\/#organization"},"potentialAction":[{"@type":"SearchAction","target":{"@type":"EntryPoint","urlTemplate":"https:\/\/iguanasmoke.com\/?s={search_term_string}"},"query-input":{"@type":"PropertyValueSpecification","valueRequired":true,"valueName":"search_term_string"}}],"inLanguage":"it-IT"},{"@type":"Organization","@id":"https:\/\/iguanasmoke.com\/#organization","name":"Fumo di iguana","url":"https:\/\/iguanasmoke.com\/","logo":{"@type":"ImageObject","inLanguage":"it-IT","@id":"https:\/\/iguanasmoke.com\/#\/schema\/logo\/image\/","url":"https:\/\/iguanasmoke.com\/wp-content\/uploads\/2025\/01\/logoiguana-favi-1.png","contentUrl":"https:\/\/iguanasmoke.com\/wp-content\/uploads\/2025\/01\/logoiguana-favi-1.png","width":512,"height":512,"caption":"Iguana Smoke"},"image":{"@id":"https:\/\/iguanasmoke.com\/#\/schema\/logo\/image\/"},"sameAs":["https:\/\/www.facebook.com\/iguanasmoke","https:\/\/www.instagram.com\/iguanasmoke\/"]}]},"product_brand":"simple","product_price_amount":"29.90","product_price_currency":"EUR","og_availability":"instock","product_availability":"instock","product_retailer_item_id":"IS-KNIFE","product_condition":"new"},"_links":{"self":[{"href":"https:\/\/iguanasmoke.com\/it\/wp-json\/wp\/v2\/product\/46370","targetHints":{"allow":["GET"]}}],"collection":[{"href":"https:\/\/iguanasmoke.com\/it\/wp-json\/wp\/v2\/product"}],"about":[{"href":"https:\/\/iguanasmoke.com\/it\/wp-json\/wp\/v2\/types\/product"}],"replies":[{"embeddable":true,"href":"https:\/\/iguanasmoke.com\/it\/wp-json\/wp\/v2\/comments?post=46370"}],"wp:featuredmedia":[{"embeddable":true,"href":"https:\/\/iguanasmoke.com\/it\/wp-json\/wp\/v2\/media\/46372"}],"wp:attachment":[{"href":"https:\/\/iguanasmoke.com\/it\/wp-json\/wp\/v2\/media?parent=46370"}],"wp:term":[{"taxonomy":"product_brand","embeddable":true,"href":"https:\/\/iguanasmoke.com\/it\/wp-json\/wp\/v2\/product_brand?post=46370"},{"taxonomy":"product_cat","embeddable":true,"href":"https:\/\/iguanasmoke.com\/it\/wp-json\/wp\/v2\/product_cat?post=46370"},{"taxonomy":"product_tag","embeddable":true,"href":"https:\/\/iguanasmoke.com\/it\/wp-json\/wp\/v2\/product_tag?post=46370"}],"curies":[{"name":"wp","href":"https:\/\/api.w.org\/{rel}","templated":true}]}}