{"id":46413,"date":"2024-12-28T13:33:13","date_gmt":"2024-12-28T12:33:13","guid":{"rendered":"https:\/\/iguanasmoke.com\/?post_type=product&#038;p=46413"},"modified":"2025-09-15T17:22:36","modified_gmt":"2025-09-15T15:22:36","slug":"estratto-di-funghi-sonno","status":"publish","type":"product","link":"https:\/\/iguanasmoke.com\/it\/producto\/extracto-de-hongos-sleep\/","title":{"rendered":"Estratto di fungo del sonno"},"content":{"rendered":"<h2>Estratto di fungo del sonno<\/h2>\n<p>La mancanza di sonno pu\u00f2 influire significativamente sulla nostra salute e sul nostro benessere, poich\u00e9 un sonno sufficiente \u00e8 fondamentale per il funzionamento, l'energia e il recupero. Gli studi dimostrano che una buona notte di sonno, bench\u00e9 assolutamente necessaria e naturale, sfugge a un terzo della popolazione.<\/p>\n<p>Il\u00a0<strong>Tintura del sonno<\/strong>\u00a0\u00e8 una miscela dei migliori estratti di funghi adattogeni e rimedi erboristici, studiata per aiutare ad addormentarsi e, soprattutto, a mantenere un sonno ristoratore.<\/p>\n<h3>Principi attivi:<\/h3>\n<h4><strong>Funghi adattogeni:<\/strong><\/h4>\n<ul>\n<li><strong>Reishi:<\/strong> Il supereroe del sonno non-REM che prolunga il tempo in questa fase cruciale, determinando un sonno di qualit\u00e0.<\/li>\n<li><strong>Cordyceps:<\/strong>\u00a0Regola il ritmo circadiano e pu\u00f2 aumentare i livelli di serotonina e melatonina, entrambi essenziali per il processo del sonno.<\/li>\n<li><strong>Criniera di leone:<\/strong>\u00a0Promuove l'aumento naturale del BDNF, la cui carenza \u00e8 associata a problemi di sonno, secondo gli studi.<\/li>\n<li><strong>Chaga:<\/strong> Regola il sistema di risposta allo stress e, allo stesso tempo, riduce l'infiammazione, il colesterolo e i livelli di zucchero nel sangue.<\/li>\n<\/ul>\n<h4><strong>Rimedi floreali:<\/strong><\/h4>\n<ul>\n<li><strong>Rio de Agua del Este:<\/strong>\u00a0Aiuta a liberare vecchi sentimenti ed emozioni.<\/li>\n<li><strong>Campanellino:<\/strong>\u00a0Facilita il dipanarsi di pensieri complessi.<\/li>\n<li><strong>Quercia:<\/strong>\u00a0Favorisce l'immobilit\u00e0 e il riposo.<\/li>\n<li><strong>Veronica:<\/strong>\u00a0Favorisce la decelerazione mentale.<\/li>\n<li><strong>Aglio selvatico:<\/strong>\u00a0Fornisce un sostegno universale e aiuta a lasciar andare le paure.<\/li>\n<li><strong>Castagno rosso:<\/strong>\u00a0Aiuta a liberarsi dalle preoccupazioni per gli altri e per ci\u00f2 che non si pu\u00f2 cambiare.<\/li>\n<li><strong>Castagno bianco:<\/strong>\u00a0Facilita l'abbandono dei pensieri indesiderati.<\/li>\n<\/ul>\n<p>Il\u00a0<strong>Bussola dei sogni<\/strong> aiuta a rilassare la mente e il corpo, preparando il sonno, e lo accompagna per tutta la notte in modo da mantenere un sonno profondo e riposante.<\/p>\n<h3>Avvertenze:<\/h3>\n<ul>\n<li>Tenere lontano dagli occhi.<\/li>\n<li>Consultare un professionista in caso di gravidanza o allattamento.<\/li>\n<li>Tenere fuori dalla portata dei bambini.<\/li>\n<\/ul>","protected":false},"excerpt":{"rendered":"<p><strong>La bussola per ritrovare la calma in una mente inquieta e interrompere il fastidioso ciclo di pensieri ripetitivi: trovare il sonno desiderato.<\/strong><\/p>\n<p><strong>Dimensioni:<\/strong>\u00a050 ml<br \/>\n<strong>Porzioni:<\/strong>\u00a030 (5-6 spruzzi al giorno)<\/p>","protected":false},"featured_media":46426,"comment_status":"open","ping_status":"closed","template":"","meta":{"_acf_changed":false,"site-sidebar-layout":"default","site-content-layout":"","ast-site-content-layout":"default","site-content-style":"default","site-sidebar-style":"default","ast-global-header-display":"","ast-banner-title-visibility":"","ast-main-header-display":"","ast-hfb-above-header-display":"","ast-hfb-below-header-display":"","ast-hfb-mobile-header-display":"","site-post-title":"","ast-breadcrumbs-content":"","ast-featured-img":"","footer-sml-layout":"","theme-transparent-header-meta":"default","adv-header-id-meta":"","stick-header-meta":"","header-above-stick-meta":"","header-main-stick-meta":"","header-below-stick-meta":"","astra-migrate-meta-layouts":"set","ast-page-background-enabled":"default","ast-page-background-meta":{"desktop":{"background-color":"var(--ast-global-color-4)","background-image":"","background-repeat":"repeat","background-position":"center center","background-size":"auto","background-attachment":"scroll","background-type":"","background-media":"","overlay-type":"","overlay-color":"","overlay-opacity":"","overlay-gradient":""},"tablet":{"background-color":"","background-image":"","background-repeat":"repeat","background-position":"center center","background-size":"auto","background-attachment":"scroll","background-type":"","background-media":"","overlay-type":"","overlay-color":"","overlay-opacity":"","overlay-gradient":""},"mobile":{"background-color":"","background-image":"","background-repeat":"repeat","background-position":"center center","background-size":"auto","background-attachment":"scroll","background-type":"","background-media":"","overlay-type":"","overlay-color":"","overlay-opacity":"","overlay-gradient":""}},"ast-content-background-meta":{"desktop":{"background-color":"var(--ast-global-color-5)","background-image":"","background-repeat":"repeat","background-position":"center center","background-size":"auto","background-attachment":"scroll","background-type":"","background-media":"","overlay-type":"","overlay-color":"","overlay-opacity":"","overlay-gradient":""},"tablet":{"background-color":"var(--ast-global-color-5)","background-image":"","background-repeat":"repeat","background-position":"center center","background-size":"auto","background-attachment":"scroll","background-type":"","background-media":"","overlay-type":"","overlay-color":"","overlay-opacity":"","overlay-gradient":""},"mobile":{"background-color":"var(--ast-global-color-5)","background-image":"","background-repeat":"repeat","background-position":"center center","background-size":"auto","background-attachment":"scroll","background-type":"","background-media":"","overlay-type":"","overlay-color":"","overlay-opacity":"","overlay-gradient":""}}},"product_brand":[],"product_cat":[458],"product_tag":[],"class_list":{"0":"post-46413","1":"product","2":"type-product","3":"status-publish","4":"has-post-thumbnail","6":"product_cat-marios-market","7":"desktop-align-center","8":"tablet-align-center","9":"mobile-align-center","11":"first","12":"outofstock","13":"taxable","14":"shipping-taxable","15":"purchasable","16":"product-type-simple"},"acf":[],"yoast_head":"<!-- This site is optimized with the Yoast SEO Premium plugin v27.3 (Yoast SEO v27.3) - https:\/\/yoast.com\/product\/yoast-seo-premium-wordpress\/ -->\n<title>Extracto de Hongos Sleep | Suplemento para Dormir | Iguana Smoke<\/title>\n<meta name=\"description\" content=\"Mejora tu descanso con el extracto org\u00e1nico de hongo Sleep. Formulado con hongos adapt\u00f3genos para ayudarte a conciliar el sue\u00f1o y mantener un descanso profundo. \u00a1Compra ahora y disfruta de noches reparadoras!\" \/>\n<meta name=\"robots\" content=\"index, follow, max-snippet:-1, max-image-preview:large, max-video-preview:-1\" \/>\n<link rel=\"canonical\" href=\"https:\/\/iguanasmoke.com\/it\/prodotto\/estratto-di-funghi-sonno\/\" \/>\n<meta property=\"og:locale\" content=\"it_IT\" \/>\n<meta property=\"og:type\" content=\"article\" \/>\n<meta property=\"og:title\" content=\"Extracto de Hongos Sleep\" \/>\n<meta property=\"og:description\" content=\"La br\u00fajula para encontrar la calma en una mente inquieta y detener el molesto ciclo de pensamientos repetitivos: encuentra el deseado sue\u00f1o.  Tama\u00f1o:\u00a050 ml Porciones:\u00a030 (5\u20136 sprays al d\u00eda)\" \/>\n<meta property=\"og:url\" content=\"https:\/\/iguanasmoke.com\/it\/prodotto\/estratto-di-funghi-sonno\/\" \/>\n<meta property=\"og:site_name\" content=\"Iguana Smoke\" \/>\n<meta property=\"article:publisher\" content=\"https:\/\/www.facebook.com\/iguanasmoke\" \/>\n<meta property=\"article:modified_time\" content=\"2025-09-15T15:22:36+00:00\" \/>\n<meta property=\"og:image\" content=\"https:\/\/i0.wp.com\/iguanasmoke.com\/wp-content\/uploads\/2024\/12\/5-1.webp?fit=1409%2C2000&ssl=1\" \/>\n\t<meta property=\"og:image:width\" content=\"1409\" \/>\n\t<meta property=\"og:image:height\" content=\"2000\" \/>\n\t<meta property=\"og:image:type\" content=\"image\/webp\" \/>\n<meta name=\"twitter:card\" content=\"summary_large_image\" \/>\n<meta name=\"twitter:label1\" content=\"Prezzo\" \/>\n\t<meta name=\"twitter:data1\" content=\"34,90&nbsp;&euro;\" \/>\n\t<meta name=\"twitter:label2\" content=\"Disponibilit\u00e0\" \/>\n\t<meta name=\"twitter:data2\" content=\"Esaurito\" \/>\n<meta property=\"product:brand\" content=\"simple\" \/>\n<meta property=\"product:price:amount\" content=\"34.90\" \/>\n<meta property=\"product:price:currency\" content=\"EUR\" \/>\n<meta property=\"og:availability\" content=\"out of stock\" \/>\n<meta property=\"product:availability\" content=\"out of stock\" \/>\n<meta property=\"product:retailer_item_id\" content=\"LYF-SPRAY-SLP\" \/>\n<meta property=\"product:condition\" content=\"new\" \/>\n<!-- \/ Yoast SEO Premium plugin. -->","yoast_head_json":{"title":"Estratto di funghi del sonno - Fumo di iguana - Integratore per il sonno","description":"Migliorate il vostro sonno con l'estratto di funghi organici Sleep. Formulato con funghi adattogeni per aiutarvi ad addormentarvi e a mantenere un riposo profondo, acquistatelo ora e godetevi notti riposanti!","robots":{"index":"index","follow":"follow","max-snippet":"max-snippet:-1","max-image-preview":"max-image-preview:large","max-video-preview":"max-video-preview:-1"},"canonical":"https:\/\/iguanasmoke.com\/it\/prodotto\/estratto-di-funghi-sonno\/","og_locale":"it_IT","og_type":"article","og_title":"Extracto de Hongos Sleep","og_description":"La br\u00fajula para encontrar la calma en una mente inquieta y detener el molesto ciclo de pensamientos repetitivos: encuentra el deseado sue\u00f1o.  Tama\u00f1o:\u00a050 ml Porciones:\u00a030 (5\u20136 sprays al d\u00eda)","og_url":"https:\/\/iguanasmoke.com\/it\/prodotto\/estratto-di-funghi-sonno\/","og_site_name":"Iguana Smoke","article_publisher":"https:\/\/www.facebook.com\/iguanasmoke","article_modified_time":"2025-09-15T15:22:36+00:00","og_image":[{"width":1409,"height":2000,"url":"https:\/\/i0.wp.com\/iguanasmoke.com\/wp-content\/uploads\/2024\/12\/5-1.webp?fit=1409%2C2000&ssl=1","type":"image\/webp"}],"twitter_card":"summary_large_image","twitter_misc":{"Prezzo":"34,90&nbsp;&euro;","Disponibilit\u00e0":"Esaurito"},"schema":{"@context":"https:\/\/schema.org","@graph":[{"@type":"WebPage","@id":"https:\/\/iguanasmoke.com\/producto\/extracto-de-hongos-sleep\/","url":"https:\/\/iguanasmoke.com\/producto\/extracto-de-hongos-sleep\/","name":"Estratto di funghi del sonno - Fumo di iguana - Integratore per il sonno","isPartOf":{"@id":"https:\/\/iguanasmoke.com\/#website"},"primaryImageOfPage":{"@id":"https:\/\/iguanasmoke.com\/producto\/extracto-de-hongos-sleep\/#primaryimage"},"image":{"@id":"https:\/\/iguanasmoke.com\/producto\/extracto-de-hongos-sleep\/#primaryimage"},"thumbnailUrl":"https:\/\/iguanasmoke.com\/wp-content\/uploads\/2024\/12\/5-1.webp","datePublished":"2024-12-28T12:33:13+00:00","dateModified":"2025-09-15T15:22:36+00:00","description":"Migliorate il vostro sonno con l'estratto di funghi organici Sleep. Formulato con funghi adattogeni per aiutarvi ad addormentarvi e a mantenere un riposo profondo, acquistatelo ora e godetevi notti riposanti!","breadcrumb":{"@id":"https:\/\/iguanasmoke.com\/producto\/extracto-de-hongos-sleep\/#breadcrumb"},"inLanguage":"it-IT","potentialAction":[{"@type":"ReadAction","target":["https:\/\/iguanasmoke.com\/producto\/extracto-de-hongos-sleep\/"]}]},{"@type":"ImageObject","inLanguage":"it-IT","@id":"https:\/\/iguanasmoke.com\/producto\/extracto-de-hongos-sleep\/#primaryimage","url":"https:\/\/iguanasmoke.com\/wp-content\/uploads\/2024\/12\/5-1.webp","contentUrl":"https:\/\/iguanasmoke.com\/wp-content\/uploads\/2024\/12\/5-1.webp","width":1409,"height":2000},{"@type":"BreadcrumbList","@id":"https:\/\/iguanasmoke.com\/producto\/extracto-de-hongos-sleep\/#breadcrumb","itemListElement":[{"@type":"ListItem","position":1,"name":"home","item":"https:\/\/iguanasmoke.com\/"},{"@type":"ListItem","position":2,"name":"Tienda","item":"https:\/\/iguanasmoke.com\/tienda\/"},{"@type":"ListItem","position":3,"name":"Mario's Market","item":"https:\/\/iguanasmoke.com\/categoria\/marios-market\/"},{"@type":"ListItem","position":4,"name":"Extracto de Hongos Sleep"}]},{"@type":"WebSite","@id":"https:\/\/iguanasmoke.com\/#website","url":"https:\/\/iguanasmoke.com\/","name":"Fumo di iguana","description":"Acquistare CBD online al miglior prezzo","publisher":{"@id":"https:\/\/iguanasmoke.com\/#organization"},"potentialAction":[{"@type":"SearchAction","target":{"@type":"EntryPoint","urlTemplate":"https:\/\/iguanasmoke.com\/?s={search_term_string}"},"query-input":{"@type":"PropertyValueSpecification","valueRequired":true,"valueName":"search_term_string"}}],"inLanguage":"it-IT"},{"@type":"Organization","@id":"https:\/\/iguanasmoke.com\/#organization","name":"Fumo di iguana","url":"https:\/\/iguanasmoke.com\/","logo":{"@type":"ImageObject","inLanguage":"it-IT","@id":"https:\/\/iguanasmoke.com\/#\/schema\/logo\/image\/","url":"https:\/\/iguanasmoke.com\/wp-content\/uploads\/2025\/01\/logoiguana-favi-1.png","contentUrl":"https:\/\/iguanasmoke.com\/wp-content\/uploads\/2025\/01\/logoiguana-favi-1.png","width":512,"height":512,"caption":"Iguana Smoke"},"image":{"@id":"https:\/\/iguanasmoke.com\/#\/schema\/logo\/image\/"},"sameAs":["https:\/\/www.facebook.com\/iguanasmoke","https:\/\/www.instagram.com\/iguanasmoke\/"]}]},"product_brand":"simple","product_price_amount":"34.90","product_price_currency":"EUR","og_availability":"out of stock","product_availability":"out of stock","product_retailer_item_id":"LYF-SPRAY-SLP","product_condition":"new"},"_links":{"self":[{"href":"https:\/\/iguanasmoke.com\/it\/wp-json\/wp\/v2\/product\/46413","targetHints":{"allow":["GET"]}}],"collection":[{"href":"https:\/\/iguanasmoke.com\/it\/wp-json\/wp\/v2\/product"}],"about":[{"href":"https:\/\/iguanasmoke.com\/it\/wp-json\/wp\/v2\/types\/product"}],"replies":[{"embeddable":true,"href":"https:\/\/iguanasmoke.com\/it\/wp-json\/wp\/v2\/comments?post=46413"}],"wp:featuredmedia":[{"embeddable":true,"href":"https:\/\/iguanasmoke.com\/it\/wp-json\/wp\/v2\/media\/46426"}],"wp:attachment":[{"href":"https:\/\/iguanasmoke.com\/it\/wp-json\/wp\/v2\/media?parent=46413"}],"wp:term":[{"taxonomy":"product_brand","embeddable":true,"href":"https:\/\/iguanasmoke.com\/it\/wp-json\/wp\/v2\/product_brand?post=46413"},{"taxonomy":"product_cat","embeddable":true,"href":"https:\/\/iguanasmoke.com\/it\/wp-json\/wp\/v2\/product_cat?post=46413"},{"taxonomy":"product_tag","embeddable":true,"href":"https:\/\/iguanasmoke.com\/it\/wp-json\/wp\/v2\/product_tag?post=46413"}],"curies":[{"name":"wp","href":"https:\/\/api.w.org\/{rel}","templated":true}]}}