{"id":46431,"date":"2024-12-28T13:35:55","date_gmt":"2024-12-28T12:35:55","guid":{"rendered":"https:\/\/iguanasmoke.com\/?post_type=product&#038;p=46431"},"modified":"2025-09-15T17:22:23","modified_gmt":"2025-09-15T15:22:23","slug":"estratto-di-reishi-biologico","status":"publish","type":"product","link":"https:\/\/iguanasmoke.com\/it\/producto\/extracto-organico-de-reishi\/","title":{"rendered":"Estratto di Reishi biologico"},"content":{"rendered":"<h2><strong>Estratto di Reishi biologico (doppio estratto)<\/strong><\/h2>\n<p>Il\u00a0<em>estratto di Reishi biologico<\/em> \u00e8 un integratore alimentare puro e concentrato, prodotto negli Stati Uniti, studiato per fornire molteplici benefici alla salute.<\/p>\n<ul>\n<li><strong>Potente estratto doppio 20:1<\/strong><\/li>\n<li>1 flacone contiene l'equivalente di 150 g di Reishi crudo, essiccato e certificato biologico.<\/li>\n<\/ul>\n<h3>Benefici dell'estratto di Reishi<\/h3>\n<ol>\n<li><strong>Rafforzare il sistema immunitario<\/strong>Il Reishi rafforza le difese dell'organismo e aumenta la resistenza alle infezioni e alle malattie.<\/li>\n<li><strong>Propriet\u00e0 antinfiammatorie<\/strong>Aiuta a ridurre l'infiammazione ed \u00e8 utile per patologie come l'artrite.<\/li>\n<li><strong>Riduzione dello stress e dell'ansia<\/strong>Favorisce il rilassamento, migliora il sonno e riduce lo stress.<\/li>\n<li><strong>Migliorare la salute cardiovascolare<\/strong>Aiuta ad abbassare la pressione sanguigna e il colesterolo, migliorando la salute del cuore.<\/li>\n<li><strong>Propriet\u00e0 antiossidanti<\/strong>Protegge dall'invecchiamento precoce e dalle malattie croniche combattendo i radicali liberi.<\/li>\n<li><strong>Supporto alla salute del fegato<\/strong>Favorisce inoltre la funzione epatica contribuendo alla disintossicazione dell'organismo.<\/li>\n<li><strong>Potenziale anticancro<\/strong>Le ricerche suggeriscono che pu\u00f2 inibire la crescita delle cellule tumorali.<\/li>\n<li><strong>Regolazione degli zuccheri nel sangue<\/strong>Contribuisce a mantenere sani i livelli di glucosio.<\/li>\n<li><strong>Benefici per la pelle<\/strong>Migliora la salute della pelle, combattendo acne e infiammazioni.<\/li>\n<li><strong>Aumento dell'energia e della resistenza<\/strong>Migliora le prestazioni fisiche e la vitalit\u00e0.<\/li>\n<\/ol>\n<p>Questo estratto di Reishi fornisce un supporto completo al benessere, supportato dalla scienza e dall'agricoltura biologica certificata.<\/p>\n<p>&nbsp;<\/p>","protected":false},"excerpt":{"rendered":"<h3>CARATTERISTICHE DELL'ESTRATTO DI REISHI BIOLOGICO<\/h3>\n<ul>\n<li>Flacone contagocce in vetro viola da 50 ml di alta qualit\u00e0.<\/li>\n<li>Facile da usare: aggiungere tre contagocce in un bicchiere d'acqua o direttamente sotto la lingua.<\/li>\n<li>Estratto con acqua calda e alcol (doppio estratto) da Reishi biologico raccolto in modo sostenibile.<\/li>\n<li>Contiene circa 25% di alcol.<\/li>\n<li>Contiene composti idrosolubili e non idrosolubili.<\/li>\n<li>Realizzato con\u00a0<strong>estratto &gt;30% Beta-glucani 1,3\/1,6<\/strong>.<\/li>\n<li>Senza amido aggiunto, cereali o altri riempitivi.<\/li>\n<li>Certificato biologico dall'UE.<\/li>\n<li>Senza glutine, non OGM, vegano.<\/li>\n<li>Qualit\u00e0 premium: testata in laboratori terzi accreditati.<\/li>\n<li>Senza micelio, si utilizzano solo corpi fruttiferi organici.<\/li>\n<li>Imbottigliato in vetro biopotonico Miron.<\/li>\n<\/ul>","protected":false},"featured_media":46423,"comment_status":"open","ping_status":"closed","template":"","meta":{"_acf_changed":false,"site-sidebar-layout":"default","site-content-layout":"","ast-site-content-layout":"default","site-content-style":"default","site-sidebar-style":"default","ast-global-header-display":"","ast-banner-title-visibility":"","ast-main-header-display":"","ast-hfb-above-header-display":"","ast-hfb-below-header-display":"","ast-hfb-mobile-header-display":"","site-post-title":"","ast-breadcrumbs-content":"","ast-featured-img":"","footer-sml-layout":"","theme-transparent-header-meta":"default","adv-header-id-meta":"","stick-header-meta":"","header-above-stick-meta":"","header-main-stick-meta":"","header-below-stick-meta":"","astra-migrate-meta-layouts":"set","ast-page-background-enabled":"default","ast-page-background-meta":{"desktop":{"background-color":"var(--ast-global-color-4)","background-image":"","background-repeat":"repeat","background-position":"center center","background-size":"auto","background-attachment":"scroll","background-type":"","background-media":"","overlay-type":"","overlay-color":"","overlay-opacity":"","overlay-gradient":""},"tablet":{"background-color":"","background-image":"","background-repeat":"repeat","background-position":"center center","background-size":"auto","background-attachment":"scroll","background-type":"","background-media":"","overlay-type":"","overlay-color":"","overlay-opacity":"","overlay-gradient":""},"mobile":{"background-color":"","background-image":"","background-repeat":"repeat","background-position":"center center","background-size":"auto","background-attachment":"scroll","background-type":"","background-media":"","overlay-type":"","overlay-color":"","overlay-opacity":"","overlay-gradient":""}},"ast-content-background-meta":{"desktop":{"background-color":"var(--ast-global-color-5)","background-image":"","background-repeat":"repeat","background-position":"center center","background-size":"auto","background-attachment":"scroll","background-type":"","background-media":"","overlay-type":"","overlay-color":"","overlay-opacity":"","overlay-gradient":""},"tablet":{"background-color":"var(--ast-global-color-5)","background-image":"","background-repeat":"repeat","background-position":"center center","background-size":"auto","background-attachment":"scroll","background-type":"","background-media":"","overlay-type":"","overlay-color":"","overlay-opacity":"","overlay-gradient":""},"mobile":{"background-color":"var(--ast-global-color-5)","background-image":"","background-repeat":"repeat","background-position":"center center","background-size":"auto","background-attachment":"scroll","background-type":"","background-media":"","overlay-type":"","overlay-color":"","overlay-opacity":"","overlay-gradient":""}}},"product_brand":[],"product_cat":[458],"product_tag":[],"class_list":{"0":"post-46431","1":"product","2":"type-product","3":"status-publish","4":"has-post-thumbnail","6":"product_cat-marios-market","7":"desktop-align-center","8":"tablet-align-center","9":"mobile-align-center","11":"first","12":"outofstock","13":"taxable","14":"shipping-taxable","15":"purchasable","16":"product-type-simple"},"acf":[],"yoast_head":"<!-- This site is optimized with the Yoast SEO Premium plugin v27.3 (Yoast SEO v27.3) - https:\/\/yoast.com\/product\/yoast-seo-premium-wordpress\/ -->\n<title>Extracto Org\u00e1nico de Reishi | Suplemento Natural | Iguana Smoke<\/title>\n<meta name=\"description\" content=\"Compra extracto org\u00e1nico de Reishi. Potente suplemento con propiedades antioxidantes y antiinflamatorias que fortalece el sistema inmunol\u00f3gico. Sin gluten, vegano y certificado.\" \/>\n<meta name=\"robots\" content=\"index, follow, max-snippet:-1, max-image-preview:large, max-video-preview:-1\" \/>\n<link rel=\"canonical\" href=\"https:\/\/iguanasmoke.com\/it\/prodotto\/estratto-di-reishi-biologico\/\" \/>\n<meta property=\"og:locale\" content=\"it_IT\" \/>\n<meta property=\"og:type\" content=\"article\" \/>\n<meta property=\"og:title\" content=\"Extracto Org\u00e1nico de Reishi\" \/>\n<meta property=\"og:description\" content=\"CARACTER\u00cdSTICAS DEL EXTRACTO ORG\u00c1NICO DE REISHI   Botella cuentagotas de vidrio violeta de 50 ml de alta calidad.  F\u00e1cil de usar: A\u00f1ade tres goteros a un vaso de agua o directamente debajo de la lengua.  Extra\u00eddo con agua caliente y alcohol (extracto dual) de Reishi org\u00e1nico cosechado de forma sostenible.  Contiene aproximadamente un 25% de alcohol.  Contiene compuestos solubles y no solubles en agua.  Elaborado con\u00a0extracto &gt;30% Beta-glucanos 1,3\/1,6.  Sin almid\u00f3n a\u00f1adido, sin cereales ni otros rellenos.  Certificado org\u00e1nico por la UE.  Sin gluten, no modificado gen\u00e9ticamente (non-GMO), vegano.  Calidad premium: Probado en laboratorios acreditados de terceros.  Sin micelio, solo se utilizan cuerpos fruct\u00edferos org\u00e1nicos.  Embotellado en vidrio biopot\u00f3nico Miron.\" \/>\n<meta property=\"og:url\" content=\"https:\/\/iguanasmoke.com\/it\/prodotto\/estratto-di-reishi-biologico\/\" \/>\n<meta property=\"og:site_name\" content=\"Iguana Smoke\" \/>\n<meta property=\"article:publisher\" content=\"https:\/\/www.facebook.com\/iguanasmoke\" \/>\n<meta property=\"article:modified_time\" content=\"2025-09-15T15:22:23+00:00\" \/>\n<meta property=\"og:image\" content=\"https:\/\/i0.wp.com\/iguanasmoke.com\/wp-content\/uploads\/2024\/12\/6-1.webp?fit=1409%2C2000&ssl=1\" \/>\n\t<meta property=\"og:image:width\" content=\"1409\" \/>\n\t<meta property=\"og:image:height\" content=\"2000\" \/>\n\t<meta property=\"og:image:type\" content=\"image\/webp\" \/>\n<meta name=\"twitter:card\" content=\"summary_large_image\" \/>\n<meta name=\"twitter:label1\" content=\"Prezzo\" \/>\n\t<meta name=\"twitter:data1\" content=\"29,90&nbsp;&euro;\" \/>\n\t<meta name=\"twitter:label2\" content=\"Disponibilit\u00e0\" \/>\n\t<meta name=\"twitter:data2\" content=\"Esaurito\" \/>\n<meta property=\"product:brand\" content=\"simple\" \/>\n<meta property=\"product:price:amount\" content=\"29.90\" \/>\n<meta property=\"product:price:currency\" content=\"EUR\" \/>\n<meta property=\"og:availability\" content=\"out of stock\" \/>\n<meta property=\"product:availability\" content=\"out of stock\" \/>\n<meta property=\"product:retailer_item_id\" content=\"LYF-SPRAY-RSH\" \/>\n<meta property=\"product:condition\" content=\"new\" \/>\n<!-- \/ Yoast SEO Premium plugin. -->","yoast_head_json":{"title":"Estratto di Reishi biologico : Integratore naturale : Iguana Smoke","description":"Acquistare l'estratto di Reishi biologico. Potente integratore con propriet\u00e0 antiossidanti e antinfiammatorie che rafforza il sistema immunitario. Senza glutine, vegano e certificato.","robots":{"index":"index","follow":"follow","max-snippet":"max-snippet:-1","max-image-preview":"max-image-preview:large","max-video-preview":"max-video-preview:-1"},"canonical":"https:\/\/iguanasmoke.com\/it\/prodotto\/estratto-di-reishi-biologico\/","og_locale":"it_IT","og_type":"article","og_title":"Extracto Org\u00e1nico de Reishi","og_description":"CARACTER\u00cdSTICAS DEL EXTRACTO ORG\u00c1NICO DE REISHI   Botella cuentagotas de vidrio violeta de 50 ml de alta calidad.  F\u00e1cil de usar: A\u00f1ade tres goteros a un vaso de agua o directamente debajo de la lengua.  Extra\u00eddo con agua caliente y alcohol (extracto dual) de Reishi org\u00e1nico cosechado de forma sostenible.  Contiene aproximadamente un 25% de alcohol.  Contiene compuestos solubles y no solubles en agua.  Elaborado con\u00a0extracto &gt;30% Beta-glucanos 1,3\/1,6.  Sin almid\u00f3n a\u00f1adido, sin cereales ni otros rellenos.  Certificado org\u00e1nico por la UE.  Sin gluten, no modificado gen\u00e9ticamente (non-GMO), vegano.  Calidad premium: Probado en laboratorios acreditados de terceros.  Sin micelio, solo se utilizan cuerpos fruct\u00edferos org\u00e1nicos.  Embotellado en vidrio biopot\u00f3nico Miron.","og_url":"https:\/\/iguanasmoke.com\/it\/prodotto\/estratto-di-reishi-biologico\/","og_site_name":"Iguana Smoke","article_publisher":"https:\/\/www.facebook.com\/iguanasmoke","article_modified_time":"2025-09-15T15:22:23+00:00","og_image":[{"width":1409,"height":2000,"url":"https:\/\/i0.wp.com\/iguanasmoke.com\/wp-content\/uploads\/2024\/12\/6-1.webp?fit=1409%2C2000&ssl=1","type":"image\/webp"}],"twitter_card":"summary_large_image","twitter_misc":{"Prezzo":"29,90&nbsp;&euro;","Disponibilit\u00e0":"Esaurito"},"schema":{"@context":"https:\/\/schema.org","@graph":[{"@type":"WebPage","@id":"https:\/\/iguanasmoke.com\/producto\/extracto-organico-de-reishi\/","url":"https:\/\/iguanasmoke.com\/producto\/extracto-organico-de-reishi\/","name":"Estratto di Reishi biologico : Integratore naturale : Iguana Smoke","isPartOf":{"@id":"https:\/\/iguanasmoke.com\/#website"},"primaryImageOfPage":{"@id":"https:\/\/iguanasmoke.com\/producto\/extracto-organico-de-reishi\/#primaryimage"},"image":{"@id":"https:\/\/iguanasmoke.com\/producto\/extracto-organico-de-reishi\/#primaryimage"},"thumbnailUrl":"https:\/\/iguanasmoke.com\/wp-content\/uploads\/2024\/12\/6-1.webp","datePublished":"2024-12-28T12:35:55+00:00","dateModified":"2025-09-15T15:22:23+00:00","description":"Acquistare l'estratto di Reishi biologico. Potente integratore con propriet\u00e0 antiossidanti e antinfiammatorie che rafforza il sistema immunitario. Senza glutine, vegano e certificato.","breadcrumb":{"@id":"https:\/\/iguanasmoke.com\/producto\/extracto-organico-de-reishi\/#breadcrumb"},"inLanguage":"it-IT","potentialAction":[{"@type":"ReadAction","target":["https:\/\/iguanasmoke.com\/producto\/extracto-organico-de-reishi\/"]}]},{"@type":"ImageObject","inLanguage":"it-IT","@id":"https:\/\/iguanasmoke.com\/producto\/extracto-organico-de-reishi\/#primaryimage","url":"https:\/\/iguanasmoke.com\/wp-content\/uploads\/2024\/12\/6-1.webp","contentUrl":"https:\/\/iguanasmoke.com\/wp-content\/uploads\/2024\/12\/6-1.webp","width":1409,"height":2000},{"@type":"BreadcrumbList","@id":"https:\/\/iguanasmoke.com\/producto\/extracto-organico-de-reishi\/#breadcrumb","itemListElement":[{"@type":"ListItem","position":1,"name":"home","item":"https:\/\/iguanasmoke.com\/"},{"@type":"ListItem","position":2,"name":"Tienda","item":"https:\/\/iguanasmoke.com\/tienda\/"},{"@type":"ListItem","position":3,"name":"Mario's Market","item":"https:\/\/iguanasmoke.com\/categoria\/marios-market\/"},{"@type":"ListItem","position":4,"name":"Extracto Org\u00e1nico de Reishi"}]},{"@type":"WebSite","@id":"https:\/\/iguanasmoke.com\/#website","url":"https:\/\/iguanasmoke.com\/","name":"Fumo di iguana","description":"Acquistare CBD online al miglior prezzo","publisher":{"@id":"https:\/\/iguanasmoke.com\/#organization"},"potentialAction":[{"@type":"SearchAction","target":{"@type":"EntryPoint","urlTemplate":"https:\/\/iguanasmoke.com\/?s={search_term_string}"},"query-input":{"@type":"PropertyValueSpecification","valueRequired":true,"valueName":"search_term_string"}}],"inLanguage":"it-IT"},{"@type":"Organization","@id":"https:\/\/iguanasmoke.com\/#organization","name":"Fumo di iguana","url":"https:\/\/iguanasmoke.com\/","logo":{"@type":"ImageObject","inLanguage":"it-IT","@id":"https:\/\/iguanasmoke.com\/#\/schema\/logo\/image\/","url":"https:\/\/iguanasmoke.com\/wp-content\/uploads\/2025\/01\/logoiguana-favi-1.png","contentUrl":"https:\/\/iguanasmoke.com\/wp-content\/uploads\/2025\/01\/logoiguana-favi-1.png","width":512,"height":512,"caption":"Iguana Smoke"},"image":{"@id":"https:\/\/iguanasmoke.com\/#\/schema\/logo\/image\/"},"sameAs":["https:\/\/www.facebook.com\/iguanasmoke","https:\/\/www.instagram.com\/iguanasmoke\/"]}]},"product_brand":"simple","product_price_amount":"29.90","product_price_currency":"EUR","og_availability":"out of stock","product_availability":"out of stock","product_retailer_item_id":"LYF-SPRAY-RSH","product_condition":"new"},"_links":{"self":[{"href":"https:\/\/iguanasmoke.com\/it\/wp-json\/wp\/v2\/product\/46431","targetHints":{"allow":["GET"]}}],"collection":[{"href":"https:\/\/iguanasmoke.com\/it\/wp-json\/wp\/v2\/product"}],"about":[{"href":"https:\/\/iguanasmoke.com\/it\/wp-json\/wp\/v2\/types\/product"}],"replies":[{"embeddable":true,"href":"https:\/\/iguanasmoke.com\/it\/wp-json\/wp\/v2\/comments?post=46431"}],"wp:featuredmedia":[{"embeddable":true,"href":"https:\/\/iguanasmoke.com\/it\/wp-json\/wp\/v2\/media\/46423"}],"wp:attachment":[{"href":"https:\/\/iguanasmoke.com\/it\/wp-json\/wp\/v2\/media?parent=46431"}],"wp:term":[{"taxonomy":"product_brand","embeddable":true,"href":"https:\/\/iguanasmoke.com\/it\/wp-json\/wp\/v2\/product_brand?post=46431"},{"taxonomy":"product_cat","embeddable":true,"href":"https:\/\/iguanasmoke.com\/it\/wp-json\/wp\/v2\/product_cat?post=46431"},{"taxonomy":"product_tag","embeddable":true,"href":"https:\/\/iguanasmoke.com\/it\/wp-json\/wp\/v2\/product_tag?post=46431"}],"curies":[{"name":"wp","href":"https:\/\/api.w.org\/{rel}","templated":true}]}}