{"id":46433,"date":"2024-12-28T13:39:24","date_gmt":"2024-12-28T12:39:24","guid":{"rendered":"https:\/\/iguanasmoke.com\/?post_type=product&#038;p=46433"},"modified":"2025-09-15T17:22:11","modified_gmt":"2025-09-15T15:22:11","slug":"estratto-di-criniera-di-leone-biologico-2","status":"publish","type":"product","link":"https:\/\/iguanasmoke.com\/it\/producto\/extracto-organico-de-melena-de-leon\/","title":{"rendered":"Estratto di criniera di leone biologico"},"content":{"rendered":"<h2>Estratto di criniera di leone biologico<\/h2>\n<p>Il nostro <strong>estratto di criniera di leone biologico<\/strong> \u00e8 un integratore alimentare concentrato a base di funghi, realizzato con una doppia estrazione (acqua calda e alcol) per massimizzarne i benefici e prodotto nell'UE secondo i pi\u00f9 alti standard di qualit\u00e0.<\/p>\n<h3>Benefici dell'estratto di criniera di leone<\/h3>\n<p>Il <strong>Criniera di leone<\/strong> (Hericium erinaceus) \u00e8 un fungo noto per i suoi numerosi benefici per la salute, supportati dalla medicina tradizionale orientale. Gli estratti doppi, come questo, sono particolarmente efficaci nell'estrarre tutti i composti attivi del fungo.<\/p>\n<h4>Vantaggi principali:<\/h4>\n<ul>\n<li><strong>Miglioramento della funzione cognitiva<\/strong>Il Lion's Mane stimola la sintesi del Nerve Growth Factor (NGF), favorendo la rigenerazione neuronale e migliorando la memoria, la concentrazione e la lucidit\u00e0 mentale.<\/li>\n<li><strong>Supporto del sistema nervoso<\/strong>Aiuta a riparare i nervi danneggiati ed \u00e8 utile per migliorare la salute neurologica e favorire il recupero dalle lesioni.<\/li>\n<li><strong>Riduzione di ansia e depressione<\/strong>Alcuni studi suggeriscono che la Lion's Mane pu\u00f2 ridurre i sintomi di ansia e depressione agendo sul sistema nervoso centrale.<\/li>\n<li><strong>Propriet\u00e0 antinfiammatorie e antiossidanti<\/strong>Gli antiossidanti e i composti antinfiammatori proteggono le cellule dai danni causati dallo stress ossidativo.<\/li>\n<li><strong>Miglioramento della salute dell'apparato digerente<\/strong>Questo fungo \u00e8 stato tradizionalmente utilizzato per alleviare problemi gastrointestinali come ulcere e infiammazioni.<\/li>\n<li><strong>Potenziale anticancro<\/strong>Ricerche preliminari indicano che l'estratto di criniera di leone pu\u00f2 inibire la crescita delle cellule tumorali.<\/li>\n<li><strong>Rafforzare il sistema immunitario<\/strong>I beta-glucani contenuti nella criniera di leone stimolano il sistema immunitario, aiutando l'organismo a combattere le infezioni.<\/li>\n<\/ul>\n<p>Questi benefici sono legati alla qualit\u00e0 dell'estratto e al suo uso costante. Il <strong>estratto di criniera di leone<\/strong> dual, che utilizza sia l'acqua che l'alcol nel suo processo di estrazione, garantisce una maggiore concentrazione di composti attivi, massimizzandone l'efficacia.<\/p>","protected":false},"excerpt":{"rendered":"<h4>Caratteristiche dell'estratto di criniera di leone:<\/h4>\n<ul>\n<li>Flacone contagocce in vetro viola Miron da 50 ml o in vetro marrone farmaceutico.<\/li>\n<li>Facile da usare: aggiungere due dosi in un bicchiere d'acqua o direttamente sotto la lingua.<\/li>\n<li>Contiene circa 25% di alcol.<\/li>\n<li><strong>Doppio estratto<\/strong> con acqua calda e alcol per estrarre i composti idrosolubili e non idrosolubili.<\/li>\n<li>Ottenuto da un estratto contenente pi\u00f9 di 20% di Beta glucani 1,3\/1,6.<\/li>\n<li>Senza amido aggiunto, cereali o altri riempitivi.<\/li>\n<li>Solo corpi fruttiferi organici, nessun micelio.<\/li>\n<li>Senza glutine, non OGM e adatto ai vegani.<\/li>\n<li>Qualit\u00e0 premium, testata in laboratori terzi accreditati.<\/li>\n<\/ul>","protected":false},"featured_media":46421,"comment_status":"open","ping_status":"closed","template":"","meta":{"_acf_changed":false,"site-sidebar-layout":"default","site-content-layout":"","ast-site-content-layout":"default","site-content-style":"default","site-sidebar-style":"default","ast-global-header-display":"","ast-banner-title-visibility":"","ast-main-header-display":"","ast-hfb-above-header-display":"","ast-hfb-below-header-display":"","ast-hfb-mobile-header-display":"","site-post-title":"","ast-breadcrumbs-content":"","ast-featured-img":"","footer-sml-layout":"","theme-transparent-header-meta":"default","adv-header-id-meta":"","stick-header-meta":"","header-above-stick-meta":"","header-main-stick-meta":"","header-below-stick-meta":"","astra-migrate-meta-layouts":"set","ast-page-background-enabled":"default","ast-page-background-meta":{"desktop":{"background-color":"var(--ast-global-color-4)","background-image":"","background-repeat":"repeat","background-position":"center center","background-size":"auto","background-attachment":"scroll","background-type":"","background-media":"","overlay-type":"","overlay-color":"","overlay-opacity":"","overlay-gradient":""},"tablet":{"background-color":"","background-image":"","background-repeat":"repeat","background-position":"center center","background-size":"auto","background-attachment":"scroll","background-type":"","background-media":"","overlay-type":"","overlay-color":"","overlay-opacity":"","overlay-gradient":""},"mobile":{"background-color":"","background-image":"","background-repeat":"repeat","background-position":"center center","background-size":"auto","background-attachment":"scroll","background-type":"","background-media":"","overlay-type":"","overlay-color":"","overlay-opacity":"","overlay-gradient":""}},"ast-content-background-meta":{"desktop":{"background-color":"var(--ast-global-color-5)","background-image":"","background-repeat":"repeat","background-position":"center center","background-size":"auto","background-attachment":"scroll","background-type":"","background-media":"","overlay-type":"","overlay-color":"","overlay-opacity":"","overlay-gradient":""},"tablet":{"background-color":"var(--ast-global-color-5)","background-image":"","background-repeat":"repeat","background-position":"center center","background-size":"auto","background-attachment":"scroll","background-type":"","background-media":"","overlay-type":"","overlay-color":"","overlay-opacity":"","overlay-gradient":""},"mobile":{"background-color":"var(--ast-global-color-5)","background-image":"","background-repeat":"repeat","background-position":"center center","background-size":"auto","background-attachment":"scroll","background-type":"","background-media":"","overlay-type":"","overlay-color":"","overlay-opacity":"","overlay-gradient":""}}},"product_brand":[],"product_cat":[458],"product_tag":[],"class_list":{"0":"post-46433","1":"product","2":"type-product","3":"status-publish","4":"has-post-thumbnail","6":"product_cat-marios-market","7":"desktop-align-center","8":"tablet-align-center","9":"mobile-align-center","11":"first","12":"outofstock","13":"taxable","14":"shipping-taxable","15":"purchasable","16":"product-type-simple"},"acf":[],"yoast_head":"<!-- This site is optimized with the Yoast SEO Premium plugin v27.3 (Yoast SEO v27.3) - https:\/\/yoast.com\/product\/yoast-seo-premium-wordpress\/ -->\n<title>Extracto Org\u00e1nico de Melena de Le\u00f3n | Iguana Smoke<\/title>\n<meta name=\"description\" content=\"Compra extracto org\u00e1nico de melena de le\u00f3n. Suplemento natural para mejorar la funci\u00f3n cognitiva, apoyar el sistema nervioso y reforzar el sistema inmunol\u00f3gico. Certificado, sin gluten y vegano.\" \/>\n<meta name=\"robots\" content=\"index, follow, max-snippet:-1, max-image-preview:large, max-video-preview:-1\" \/>\n<link rel=\"canonical\" href=\"https:\/\/iguanasmoke.com\/it\/prodotto\/estratto-di-criniera-di-leone-biologico-2\/\" \/>\n<meta property=\"og:locale\" content=\"it_IT\" \/>\n<meta property=\"og:type\" content=\"article\" \/>\n<meta property=\"og:title\" content=\"Extracto Org\u00e1nico de Melena de Le\u00f3n\" \/>\n<meta property=\"og:description\" content=\"Caracter\u00edsticas del Extracto de Melena de Le\u00f3n:   Botella cuentagotas de vidrio Miron violeta de 50 ml o vidrio marr\u00f3n farmac\u00e9utico.  F\u00e1cil de usar: a\u00f1ade dos dosis a un vaso de agua o directamente debajo de la lengua.  Contiene aproximadamente un 25% de alcohol.  Extracto dual con agua caliente y alcohol para extraer compuestos solubles y no solubles en agua.  Elaborado con extracto que contiene m\u00e1s del 20% de Beta glucanos 1,3\/1,6.  Sin almid\u00f3n, cereales u otros rellenos a\u00f1adidos.  Solo cuerpos fruct\u00edferos org\u00e1nicos, sin micelio.  Sin gluten, no modificado gen\u00e9ticamente (non-GMO) y apto para veganos.  Calidad premium, probado en laboratorios acreditados de terceros.\" \/>\n<meta property=\"og:url\" content=\"https:\/\/iguanasmoke.com\/it\/prodotto\/estratto-di-criniera-di-leone-biologico-2\/\" \/>\n<meta property=\"og:site_name\" content=\"Iguana Smoke\" \/>\n<meta property=\"article:publisher\" content=\"https:\/\/www.facebook.com\/iguanasmoke\" \/>\n<meta property=\"article:modified_time\" content=\"2025-09-15T15:22:11+00:00\" \/>\n<meta property=\"og:image\" content=\"https:\/\/i0.wp.com\/iguanasmoke.com\/wp-content\/uploads\/2024\/12\/8-1.webp?fit=1409%2C2000&ssl=1\" \/>\n\t<meta property=\"og:image:width\" content=\"1409\" \/>\n\t<meta property=\"og:image:height\" content=\"2000\" \/>\n\t<meta property=\"og:image:type\" content=\"image\/webp\" \/>\n<meta name=\"twitter:card\" content=\"summary_large_image\" \/>\n<meta name=\"twitter:label1\" content=\"Prezzo\" \/>\n\t<meta name=\"twitter:data1\" content=\"29,90&nbsp;&euro;\" \/>\n\t<meta name=\"twitter:label2\" content=\"Disponibilit\u00e0\" \/>\n\t<meta name=\"twitter:data2\" content=\"Esaurito\" \/>\n<meta property=\"product:brand\" content=\"simple\" \/>\n<meta property=\"product:price:amount\" content=\"29.90\" \/>\n<meta property=\"product:price:currency\" content=\"EUR\" \/>\n<meta property=\"og:availability\" content=\"out of stock\" \/>\n<meta property=\"product:availability\" content=\"out of stock\" \/>\n<meta property=\"product:retailer_item_id\" content=\"LYF-SPRAY-MLN\" \/>\n<meta property=\"product:condition\" content=\"new\" \/>\n<!-- \/ Yoast SEO Premium plugin. -->","yoast_head_json":{"title":"Estratto di criniera di leone biologico | Fumo di iguana","description":"Acquistate l'estratto di criniera di leone biologico. Integratore naturale per migliorare le funzioni cognitive, sostenere il sistema nervoso e rafforzare il sistema immunitario. Certificato senza glutine e vegano.","robots":{"index":"index","follow":"follow","max-snippet":"max-snippet:-1","max-image-preview":"max-image-preview:large","max-video-preview":"max-video-preview:-1"},"canonical":"https:\/\/iguanasmoke.com\/it\/prodotto\/estratto-di-criniera-di-leone-biologico-2\/","og_locale":"it_IT","og_type":"article","og_title":"Extracto Org\u00e1nico de Melena de Le\u00f3n","og_description":"Caracter\u00edsticas del Extracto de Melena de Le\u00f3n:   Botella cuentagotas de vidrio Miron violeta de 50 ml o vidrio marr\u00f3n farmac\u00e9utico.  F\u00e1cil de usar: a\u00f1ade dos dosis a un vaso de agua o directamente debajo de la lengua.  Contiene aproximadamente un 25% de alcohol.  Extracto dual con agua caliente y alcohol para extraer compuestos solubles y no solubles en agua.  Elaborado con extracto que contiene m\u00e1s del 20% de Beta glucanos 1,3\/1,6.  Sin almid\u00f3n, cereales u otros rellenos a\u00f1adidos.  Solo cuerpos fruct\u00edferos org\u00e1nicos, sin micelio.  Sin gluten, no modificado gen\u00e9ticamente (non-GMO) y apto para veganos.  Calidad premium, probado en laboratorios acreditados de terceros.","og_url":"https:\/\/iguanasmoke.com\/it\/prodotto\/estratto-di-criniera-di-leone-biologico-2\/","og_site_name":"Iguana Smoke","article_publisher":"https:\/\/www.facebook.com\/iguanasmoke","article_modified_time":"2025-09-15T15:22:11+00:00","og_image":[{"width":1409,"height":2000,"url":"https:\/\/i0.wp.com\/iguanasmoke.com\/wp-content\/uploads\/2024\/12\/8-1.webp?fit=1409%2C2000&ssl=1","type":"image\/webp"}],"twitter_card":"summary_large_image","twitter_misc":{"Prezzo":"29,90&nbsp;&euro;","Disponibilit\u00e0":"Esaurito"},"schema":{"@context":"https:\/\/schema.org","@graph":[{"@type":"WebPage","@id":"https:\/\/iguanasmoke.com\/it\/prodotto\/extracto-organico-de-melena-de-leon\/","url":"https:\/\/iguanasmoke.com\/it\/prodotto\/extracto-organico-de-melena-de-leon\/","name":"Estratto di criniera di leone biologico | Fumo di iguana","isPartOf":{"@id":"https:\/\/iguanasmoke.com\/#website"},"primaryImageOfPage":{"@id":"https:\/\/iguanasmoke.com\/it\/prodotto\/extracto-organico-de-melena-de-leon\/#primaryimage"},"image":{"@id":"https:\/\/iguanasmoke.com\/it\/prodotto\/extracto-organico-de-melena-de-leon\/#primaryimage"},"thumbnailUrl":"https:\/\/iguanasmoke.com\/wp-content\/uploads\/2024\/12\/8-1.webp","datePublished":"2024-12-28T12:39:24+00:00","dateModified":"2025-09-15T15:22:11+00:00","description":"Acquistate l'estratto di criniera di leone biologico. Integratore naturale per migliorare le funzioni cognitive, sostenere il sistema nervoso e rafforzare il sistema immunitario. Certificato senza glutine e vegano.","breadcrumb":{"@id":"https:\/\/iguanasmoke.com\/it\/prodotto\/extracto-organico-de-melena-de-leon\/#breadcrumb"},"inLanguage":"it-IT","potentialAction":[{"@type":"ReadAction","target":["https:\/\/iguanasmoke.com\/it\/prodotto\/extracto-organico-de-melena-de-leon\/"]}]},{"@type":"ImageObject","inLanguage":"it-IT","@id":"https:\/\/iguanasmoke.com\/it\/prodotto\/extracto-organico-de-melena-de-leon\/#primaryimage","url":"https:\/\/iguanasmoke.com\/wp-content\/uploads\/2024\/12\/8-1.webp","contentUrl":"https:\/\/iguanasmoke.com\/wp-content\/uploads\/2024\/12\/8-1.webp","width":1409,"height":2000},{"@type":"BreadcrumbList","@id":"https:\/\/iguanasmoke.com\/it\/prodotto\/extracto-organico-de-melena-de-leon\/#breadcrumb","itemListElement":[{"@type":"ListItem","position":1,"name":"home","item":"https:\/\/iguanasmoke.com\/"},{"@type":"ListItem","position":2,"name":"Tienda","item":"https:\/\/iguanasmoke.com\/tienda\/"},{"@type":"ListItem","position":3,"name":"Mario's Market","item":"https:\/\/iguanasmoke.com\/categoria\/marios-market\/"},{"@type":"ListItem","position":4,"name":"Extracto Org\u00e1nico de Melena de Le\u00f3n"}]},{"@type":"WebSite","@id":"https:\/\/iguanasmoke.com\/#website","url":"https:\/\/iguanasmoke.com\/","name":"Fumo di iguana","description":"Acquistare CBD online al miglior prezzo","publisher":{"@id":"https:\/\/iguanasmoke.com\/#organization"},"potentialAction":[{"@type":"SearchAction","target":{"@type":"EntryPoint","urlTemplate":"https:\/\/iguanasmoke.com\/?s={search_term_string}"},"query-input":{"@type":"PropertyValueSpecification","valueRequired":true,"valueName":"search_term_string"}}],"inLanguage":"it-IT"},{"@type":"Organization","@id":"https:\/\/iguanasmoke.com\/#organization","name":"Fumo di iguana","url":"https:\/\/iguanasmoke.com\/","logo":{"@type":"ImageObject","inLanguage":"it-IT","@id":"https:\/\/iguanasmoke.com\/#\/schema\/logo\/image\/","url":"https:\/\/iguanasmoke.com\/wp-content\/uploads\/2025\/01\/logoiguana-favi-1.png","contentUrl":"https:\/\/iguanasmoke.com\/wp-content\/uploads\/2025\/01\/logoiguana-favi-1.png","width":512,"height":512,"caption":"Iguana Smoke"},"image":{"@id":"https:\/\/iguanasmoke.com\/#\/schema\/logo\/image\/"},"sameAs":["https:\/\/www.facebook.com\/iguanasmoke","https:\/\/www.instagram.com\/iguanasmoke\/"]}]},"product_brand":"simple","product_price_amount":"29.90","product_price_currency":"EUR","og_availability":"out of stock","product_availability":"out of stock","product_retailer_item_id":"LYF-SPRAY-MLN","product_condition":"new"},"_links":{"self":[{"href":"https:\/\/iguanasmoke.com\/it\/wp-json\/wp\/v2\/product\/46433","targetHints":{"allow":["GET"]}}],"collection":[{"href":"https:\/\/iguanasmoke.com\/it\/wp-json\/wp\/v2\/product"}],"about":[{"href":"https:\/\/iguanasmoke.com\/it\/wp-json\/wp\/v2\/types\/product"}],"replies":[{"embeddable":true,"href":"https:\/\/iguanasmoke.com\/it\/wp-json\/wp\/v2\/comments?post=46433"}],"wp:featuredmedia":[{"embeddable":true,"href":"https:\/\/iguanasmoke.com\/it\/wp-json\/wp\/v2\/media\/46421"}],"wp:attachment":[{"href":"https:\/\/iguanasmoke.com\/it\/wp-json\/wp\/v2\/media?parent=46433"}],"wp:term":[{"taxonomy":"product_brand","embeddable":true,"href":"https:\/\/iguanasmoke.com\/it\/wp-json\/wp\/v2\/product_brand?post=46433"},{"taxonomy":"product_cat","embeddable":true,"href":"https:\/\/iguanasmoke.com\/it\/wp-json\/wp\/v2\/product_cat?post=46433"},{"taxonomy":"product_tag","embeddable":true,"href":"https:\/\/iguanasmoke.com\/it\/wp-json\/wp\/v2\/product_tag?post=46433"}],"curies":[{"name":"wp","href":"https:\/\/api.w.org\/{rel}","templated":true}]}}