{"id":46434,"date":"2024-12-28T13:41:52","date_gmt":"2024-12-28T12:41:52","guid":{"rendered":"https:\/\/iguanasmoke.com\/?post_type=product&#038;p=46434"},"modified":"2025-09-15T17:22:02","modified_gmt":"2025-09-15T15:22:02","slug":"estratto-di-funghi-biologico-focus","status":"publish","type":"product","link":"https:\/\/iguanasmoke.com\/it\/producto\/extracto-organico-de-hongos-focus\/","title":{"rendered":"Estratto di funghi biologici Focus"},"content":{"rendered":"<h1>Estratto di funghi biologici Focus<\/h1>\n<p><strong>La vostra bussola per migliorare la concentrazione, evitare la procrastinazione e la confusione: riprendete il cammino verso la concentrazione e la chiarezza.<\/strong><\/p>\n<p>State cercando di prestare attenzione mentre la vostra mente vaga? Sia che stiate studiando, imparando una nuova abilit\u00e0, preparando un colloquio o una presentazione, \u00e8 facile distrarsi. Che fine ha fatto la concentrazione che avevate prima?<\/p>\n<p>Il <strong>Bussola di messa a fuoco<\/strong> combina i rimedi floreali e i funghi pi\u00f9 efficaci per aiutarvi a ritrovare la vostra acutezza e precisione mentale.<\/p>\n<h3>Principi attivi:<\/h3>\n<h4><strong>Funghi:<\/strong><\/h4>\n<ul>\n<li><strong>Reishi:<\/strong> Il supereroe del sonno non-REM. Aiuta a prolungare il tempo del sonno non-REM, favorendo la qualit\u00e0 del sonno.<\/li>\n<li><strong>Cordyceps:<\/strong> Svolge un ruolo fondamentale nella regolazione del ritmo circadiano e pu\u00f2 aumentare i livelli di serotonina e melatonina, essenziali per il processo del sonno.<\/li>\n<li><strong>Criniera di leone:<\/strong> Contribuisce a un aumento naturale del BDNF, un fattore neurotrofico la cui carenza \u00e8 stata collegata a problemi di sonno.<\/li>\n<li><strong>Chaga:<\/strong> Regola la naturale risposta allo stress, riducendo l'infiammazione, il colesterolo e i livelli di zucchero nel sangue.<\/li>\n<\/ul>\n<h4><strong>Miscele floreali:<\/strong><\/h4>\n<ul>\n<li><strong>Polyanthus de Nan:<\/strong> Stimola l'energia per portare avanti qualsiasi progetto.<\/li>\n<li><strong>Saldatura:<\/strong> Fornisce una visione globale, tenendo conto dell'intero schema.<\/li>\n<li><strong>Carota:<\/strong> Aiuto nell'organizzazione per aiutarvi a raggiungere i vostri obiettivi.<\/li>\n<li><strong>Ranuncolo:<\/strong> Favorisce la fiducia creativa.<\/li>\n<li><strong>Mora:<\/strong> Facilita l'avanzamento e la realizzazione delle idee.<\/li>\n<li><strong>Clematis:<\/strong> Aiuta a smettere di sognare ad occhi aperti e a mantenere la concentrazione.<\/li>\n<\/ul>\n<p>&nbsp;<\/p>","protected":false},"excerpt":{"rendered":"<p>Il <strong>Bussola di messa a fuoco<\/strong> vi aiuter\u00e0 a superare i momenti in cui avete bisogno di acutezza mentale e concentrazione cristallina.<\/p>\n<p><strong>Dimensioni:<\/strong> 50 ml<br \/>\n<strong>Dosaggio consigliato:<\/strong> 3 spruzzi al mattino \/ 3 spruzzi alla sera<\/p>","protected":false},"featured_media":46425,"comment_status":"open","ping_status":"closed","template":"","meta":{"_acf_changed":false,"site-sidebar-layout":"default","site-content-layout":"","ast-site-content-layout":"default","site-content-style":"default","site-sidebar-style":"default","ast-global-header-display":"","ast-banner-title-visibility":"","ast-main-header-display":"","ast-hfb-above-header-display":"","ast-hfb-below-header-display":"","ast-hfb-mobile-header-display":"","site-post-title":"","ast-breadcrumbs-content":"","ast-featured-img":"","footer-sml-layout":"","theme-transparent-header-meta":"default","adv-header-id-meta":"","stick-header-meta":"","header-above-stick-meta":"","header-main-stick-meta":"","header-below-stick-meta":"","astra-migrate-meta-layouts":"set","ast-page-background-enabled":"default","ast-page-background-meta":{"desktop":{"background-color":"var(--ast-global-color-4)","background-image":"","background-repeat":"repeat","background-position":"center center","background-size":"auto","background-attachment":"scroll","background-type":"","background-media":"","overlay-type":"","overlay-color":"","overlay-opacity":"","overlay-gradient":""},"tablet":{"background-color":"","background-image":"","background-repeat":"repeat","background-position":"center center","background-size":"auto","background-attachment":"scroll","background-type":"","background-media":"","overlay-type":"","overlay-color":"","overlay-opacity":"","overlay-gradient":""},"mobile":{"background-color":"","background-image":"","background-repeat":"repeat","background-position":"center center","background-size":"auto","background-attachment":"scroll","background-type":"","background-media":"","overlay-type":"","overlay-color":"","overlay-opacity":"","overlay-gradient":""}},"ast-content-background-meta":{"desktop":{"background-color":"var(--ast-global-color-5)","background-image":"","background-repeat":"repeat","background-position":"center center","background-size":"auto","background-attachment":"scroll","background-type":"","background-media":"","overlay-type":"","overlay-color":"","overlay-opacity":"","overlay-gradient":""},"tablet":{"background-color":"var(--ast-global-color-5)","background-image":"","background-repeat":"repeat","background-position":"center center","background-size":"auto","background-attachment":"scroll","background-type":"","background-media":"","overlay-type":"","overlay-color":"","overlay-opacity":"","overlay-gradient":""},"mobile":{"background-color":"var(--ast-global-color-5)","background-image":"","background-repeat":"repeat","background-position":"center center","background-size":"auto","background-attachment":"scroll","background-type":"","background-media":"","overlay-type":"","overlay-color":"","overlay-opacity":"","overlay-gradient":""}}},"product_brand":[],"product_cat":[458],"product_tag":[],"class_list":{"0":"post-46434","1":"product","2":"type-product","3":"status-publish","4":"has-post-thumbnail","6":"product_cat-marios-market","7":"desktop-align-center","8":"tablet-align-center","9":"mobile-align-center","11":"first","12":"outofstock","13":"taxable","14":"shipping-taxable","15":"purchasable","16":"product-type-simple"},"acf":[],"yoast_head":"<!-- This site is optimized with the Yoast SEO Premium plugin v27.3 (Yoast SEO v27.3) - https:\/\/yoast.com\/product\/yoast-seo-premium-wordpress\/ -->\n<title>Extracto Org\u00e1nico de Hongos Focus | Suplemento natural | Iguana Smoke<\/title>\n<meta name=\"description\" content=\"Descubre el poder del extracto org\u00e1nico de hongo Focus para mejorar la concentraci\u00f3n y la claridad mental. Combate la distracci\u00f3n y potencia tu mente.\" \/>\n<meta name=\"robots\" content=\"index, follow, max-snippet:-1, max-image-preview:large, max-video-preview:-1\" \/>\n<link rel=\"canonical\" href=\"https:\/\/iguanasmoke.com\/it\/prodotto\/estratto-di-funghi-biologico-focus\/\" \/>\n<meta property=\"og:locale\" content=\"it_IT\" \/>\n<meta property=\"og:type\" content=\"article\" \/>\n<meta property=\"og:title\" content=\"Extracto Org\u00e1nico de Hongos Focus\" \/>\n<meta property=\"og:description\" content=\"La Br\u00fajula de Enfoque te ayudar\u00e1 a navegar momentos en los que necesitas agudeza mental y concentraci\u00f3n cristalina.  Tama\u00f1o: 50 ml Dosis recomendada: 3 sprays por la ma\u00f1ana \/ 3 por la noche\" \/>\n<meta property=\"og:url\" content=\"https:\/\/iguanasmoke.com\/it\/prodotto\/estratto-di-funghi-biologico-focus\/\" \/>\n<meta property=\"og:site_name\" content=\"Iguana Smoke\" \/>\n<meta property=\"article:publisher\" content=\"https:\/\/www.facebook.com\/iguanasmoke\" \/>\n<meta property=\"article:modified_time\" content=\"2025-09-15T15:22:02+00:00\" \/>\n<meta property=\"og:image\" content=\"https:\/\/i0.wp.com\/iguanasmoke.com\/wp-content\/uploads\/2024\/12\/4-1.webp?fit=1409%2C2000&ssl=1\" \/>\n\t<meta property=\"og:image:width\" content=\"1409\" \/>\n\t<meta property=\"og:image:height\" content=\"2000\" \/>\n\t<meta property=\"og:image:type\" content=\"image\/webp\" \/>\n<meta name=\"twitter:card\" content=\"summary_large_image\" \/>\n<meta name=\"twitter:label1\" content=\"Prezzo\" \/>\n\t<meta name=\"twitter:data1\" content=\"34,90&nbsp;&euro;\" \/>\n\t<meta name=\"twitter:label2\" content=\"Disponibilit\u00e0\" \/>\n\t<meta name=\"twitter:data2\" content=\"Esaurito\" \/>\n<meta property=\"product:brand\" content=\"simple\" \/>\n<meta property=\"product:price:amount\" content=\"34.90\" \/>\n<meta property=\"product:price:currency\" content=\"EUR\" \/>\n<meta property=\"og:availability\" content=\"out of stock\" \/>\n<meta property=\"product:availability\" content=\"out of stock\" \/>\n<meta property=\"product:retailer_item_id\" content=\"LYF-SPRAY-FCS\" \/>\n<meta property=\"product:condition\" content=\"new\" \/>\n<!-- \/ Yoast SEO Premium plugin. -->","yoast_head_json":{"title":"Estratto di funghi biologici Focus - Integratore naturale - Fumo di iguana","description":"Scoprite il potere dell'estratto di fungo Focus biologico per migliorare la concentrazione e la chiarezza mentale. Combattete la distrazione e potenziate la vostra mente.","robots":{"index":"index","follow":"follow","max-snippet":"max-snippet:-1","max-image-preview":"max-image-preview:large","max-video-preview":"max-video-preview:-1"},"canonical":"https:\/\/iguanasmoke.com\/it\/prodotto\/estratto-di-funghi-biologico-focus\/","og_locale":"it_IT","og_type":"article","og_title":"Extracto Org\u00e1nico de Hongos Focus","og_description":"La Br\u00fajula de Enfoque te ayudar\u00e1 a navegar momentos en los que necesitas agudeza mental y concentraci\u00f3n cristalina.  Tama\u00f1o: 50 ml Dosis recomendada: 3 sprays por la ma\u00f1ana \/ 3 por la noche","og_url":"https:\/\/iguanasmoke.com\/it\/prodotto\/estratto-di-funghi-biologico-focus\/","og_site_name":"Iguana Smoke","article_publisher":"https:\/\/www.facebook.com\/iguanasmoke","article_modified_time":"2025-09-15T15:22:02+00:00","og_image":[{"width":1409,"height":2000,"url":"https:\/\/i0.wp.com\/iguanasmoke.com\/wp-content\/uploads\/2024\/12\/4-1.webp?fit=1409%2C2000&ssl=1","type":"image\/webp"}],"twitter_card":"summary_large_image","twitter_misc":{"Prezzo":"34,90&nbsp;&euro;","Disponibilit\u00e0":"Esaurito"},"schema":{"@context":"https:\/\/schema.org","@graph":[{"@type":"WebPage","@id":"https:\/\/iguanasmoke.com\/producto\/extracto-organico-de-hongos-focus\/","url":"https:\/\/iguanasmoke.com\/producto\/extracto-organico-de-hongos-focus\/","name":"Estratto di funghi biologici Focus - Integratore naturale - Fumo di iguana","isPartOf":{"@id":"https:\/\/iguanasmoke.com\/#website"},"primaryImageOfPage":{"@id":"https:\/\/iguanasmoke.com\/producto\/extracto-organico-de-hongos-focus\/#primaryimage"},"image":{"@id":"https:\/\/iguanasmoke.com\/producto\/extracto-organico-de-hongos-focus\/#primaryimage"},"thumbnailUrl":"https:\/\/iguanasmoke.com\/wp-content\/uploads\/2024\/12\/4-1.webp","datePublished":"2024-12-28T12:41:52+00:00","dateModified":"2025-09-15T15:22:02+00:00","description":"Scoprite il potere dell'estratto di fungo Focus biologico per migliorare la concentrazione e la chiarezza mentale. Combattete la distrazione e potenziate la vostra mente.","breadcrumb":{"@id":"https:\/\/iguanasmoke.com\/producto\/extracto-organico-de-hongos-focus\/#breadcrumb"},"inLanguage":"it-IT","potentialAction":[{"@type":"ReadAction","target":["https:\/\/iguanasmoke.com\/producto\/extracto-organico-de-hongos-focus\/"]}]},{"@type":"ImageObject","inLanguage":"it-IT","@id":"https:\/\/iguanasmoke.com\/producto\/extracto-organico-de-hongos-focus\/#primaryimage","url":"https:\/\/iguanasmoke.com\/wp-content\/uploads\/2024\/12\/4-1.webp","contentUrl":"https:\/\/iguanasmoke.com\/wp-content\/uploads\/2024\/12\/4-1.webp","width":1409,"height":2000},{"@type":"BreadcrumbList","@id":"https:\/\/iguanasmoke.com\/producto\/extracto-organico-de-hongos-focus\/#breadcrumb","itemListElement":[{"@type":"ListItem","position":1,"name":"home","item":"https:\/\/iguanasmoke.com\/"},{"@type":"ListItem","position":2,"name":"Tienda","item":"https:\/\/iguanasmoke.com\/tienda\/"},{"@type":"ListItem","position":3,"name":"Mario's Market","item":"https:\/\/iguanasmoke.com\/categoria\/marios-market\/"},{"@type":"ListItem","position":4,"name":"Extracto Org\u00e1nico de Hongos Focus"}]},{"@type":"WebSite","@id":"https:\/\/iguanasmoke.com\/#website","url":"https:\/\/iguanasmoke.com\/","name":"Fumo di iguana","description":"Acquistare CBD online al miglior prezzo","publisher":{"@id":"https:\/\/iguanasmoke.com\/#organization"},"potentialAction":[{"@type":"SearchAction","target":{"@type":"EntryPoint","urlTemplate":"https:\/\/iguanasmoke.com\/?s={search_term_string}"},"query-input":{"@type":"PropertyValueSpecification","valueRequired":true,"valueName":"search_term_string"}}],"inLanguage":"it-IT"},{"@type":"Organization","@id":"https:\/\/iguanasmoke.com\/#organization","name":"Fumo di iguana","url":"https:\/\/iguanasmoke.com\/","logo":{"@type":"ImageObject","inLanguage":"it-IT","@id":"https:\/\/iguanasmoke.com\/#\/schema\/logo\/image\/","url":"https:\/\/iguanasmoke.com\/wp-content\/uploads\/2025\/01\/logoiguana-favi-1.png","contentUrl":"https:\/\/iguanasmoke.com\/wp-content\/uploads\/2025\/01\/logoiguana-favi-1.png","width":512,"height":512,"caption":"Iguana Smoke"},"image":{"@id":"https:\/\/iguanasmoke.com\/#\/schema\/logo\/image\/"},"sameAs":["https:\/\/www.facebook.com\/iguanasmoke","https:\/\/www.instagram.com\/iguanasmoke\/"]}]},"product_brand":"simple","product_price_amount":"34.90","product_price_currency":"EUR","og_availability":"out of stock","product_availability":"out of stock","product_retailer_item_id":"LYF-SPRAY-FCS","product_condition":"new"},"_links":{"self":[{"href":"https:\/\/iguanasmoke.com\/it\/wp-json\/wp\/v2\/product\/46434","targetHints":{"allow":["GET"]}}],"collection":[{"href":"https:\/\/iguanasmoke.com\/it\/wp-json\/wp\/v2\/product"}],"about":[{"href":"https:\/\/iguanasmoke.com\/it\/wp-json\/wp\/v2\/types\/product"}],"replies":[{"embeddable":true,"href":"https:\/\/iguanasmoke.com\/it\/wp-json\/wp\/v2\/comments?post=46434"}],"wp:featuredmedia":[{"embeddable":true,"href":"https:\/\/iguanasmoke.com\/it\/wp-json\/wp\/v2\/media\/46425"}],"wp:attachment":[{"href":"https:\/\/iguanasmoke.com\/it\/wp-json\/wp\/v2\/media?parent=46434"}],"wp:term":[{"taxonomy":"product_brand","embeddable":true,"href":"https:\/\/iguanasmoke.com\/it\/wp-json\/wp\/v2\/product_brand?post=46434"},{"taxonomy":"product_cat","embeddable":true,"href":"https:\/\/iguanasmoke.com\/it\/wp-json\/wp\/v2\/product_cat?post=46434"},{"taxonomy":"product_tag","embeddable":true,"href":"https:\/\/iguanasmoke.com\/it\/wp-json\/wp\/v2\/product_tag?post=46434"}],"curies":[{"name":"wp","href":"https:\/\/api.w.org\/{rel}","templated":true}]}}