{"id":46435,"date":"2024-12-28T13:43:49","date_gmt":"2024-12-28T12:43:49","guid":{"rendered":"https:\/\/iguanasmoke.com\/?post_type=product&#038;p=46435"},"modified":"2025-09-15T17:21:52","modified_gmt":"2025-09-15T15:21:52","slug":"estratto-di-fungo-del-peperoncino-biologico-2","status":"publish","type":"product","link":"https:\/\/iguanasmoke.com\/it\/producto\/extracto-organico-de-hongos-chill\/","title":{"rendered":"Estratto di fungo del peperoncino biologico"},"content":{"rendered":"<h3><strong>Estratto di fungo del peperoncino biologico<\/strong><\/h3>\n<p>La vostra bussola personale per affrontare lo stress quotidiano. Se non trattata, l'ansia pu\u00f2 ridurre la qualit\u00e0 della vita, influendo sulle interazioni sociali, sul sonno e sulla produttivit\u00e0. L'estratto di Chill \u00e8 una potente miscela di 4 funghi adattogeni e 6 rimedi floreali equilibranti, <strong>progettato per aiutarvi a mantenere la calma quando la vita diventa travolgente<\/strong>.<\/p>\n<h6><strong>Principi attivi dell'estratto di funghi:<\/strong><\/h6>\n<ul>\n<li><strong>Reishi:<\/strong> Conosciuto come il supereroe del sonno non-REM, contribuisce a migliorare la qualit\u00e0 del sonno profondo.<\/li>\n<li><strong>Cordyceps:<\/strong> Regola il ritmo circadiano e aumenta i livelli di serotonina e melatonina, essenziali per un buon sonno.<\/li>\n<li><strong>Criniera di leone:<\/strong> Stimola il BDNF, una proteina legata al miglioramento del sonno e delle funzioni cognitive.<\/li>\n<li><strong>Chaga:<\/strong> Riduce lo stress e l'infiammazione, regola il colesterolo e la glicemia e rafforza il sistema immunitario.<\/li>\n<\/ul>\n<p><strong>Avvertenze:<\/strong> Consultate il vostro medico se state assumendo farmaci immunosoppressori, in quanto potrebbero avere delle controindicazioni con l'uso di funghi funzionali.<\/p>\n<p>Questo estratto di funghi \u00e8 ideale per chi cerca un supporto naturale per ridurre l'ansia e migliorare il benessere generale.<\/p>","protected":false},"excerpt":{"rendered":"<p><strong>Caratteristiche Estratto di fungo Chill<\/strong><\/p>\n<ul>\n<li><strong>Noce:<\/strong> Protezione durante le modifiche.<\/li>\n<li><strong>Ranuncolo:<\/strong> Rafforza la fiducia in se stessi.<\/li>\n<li><strong>Aglio selvatico:<\/strong> Supporto universale.<\/li>\n<li><strong>Rosa di roccia:<\/strong> Riduce la paura e il panico.<\/li>\n<li><strong>Borragine:<\/strong> Promuove il coraggio.<\/li>\n<li><strong>Ciliegia e prugna:<\/strong> Porta la calma.<\/li>\n<\/ul>","protected":false},"featured_media":46416,"comment_status":"open","ping_status":"closed","template":"","meta":{"_acf_changed":false,"site-sidebar-layout":"default","site-content-layout":"","ast-site-content-layout":"default","site-content-style":"default","site-sidebar-style":"default","ast-global-header-display":"","ast-banner-title-visibility":"","ast-main-header-display":"","ast-hfb-above-header-display":"","ast-hfb-below-header-display":"","ast-hfb-mobile-header-display":"","site-post-title":"","ast-breadcrumbs-content":"","ast-featured-img":"","footer-sml-layout":"","theme-transparent-header-meta":"default","adv-header-id-meta":"","stick-header-meta":"","header-above-stick-meta":"","header-main-stick-meta":"","header-below-stick-meta":"","astra-migrate-meta-layouts":"set","ast-page-background-enabled":"default","ast-page-background-meta":{"desktop":{"background-color":"var(--ast-global-color-4)","background-image":"","background-repeat":"repeat","background-position":"center center","background-size":"auto","background-attachment":"scroll","background-type":"","background-media":"","overlay-type":"","overlay-color":"","overlay-opacity":"","overlay-gradient":""},"tablet":{"background-color":"","background-image":"","background-repeat":"repeat","background-position":"center center","background-size":"auto","background-attachment":"scroll","background-type":"","background-media":"","overlay-type":"","overlay-color":"","overlay-opacity":"","overlay-gradient":""},"mobile":{"background-color":"","background-image":"","background-repeat":"repeat","background-position":"center center","background-size":"auto","background-attachment":"scroll","background-type":"","background-media":"","overlay-type":"","overlay-color":"","overlay-opacity":"","overlay-gradient":""}},"ast-content-background-meta":{"desktop":{"background-color":"var(--ast-global-color-5)","background-image":"","background-repeat":"repeat","background-position":"center center","background-size":"auto","background-attachment":"scroll","background-type":"","background-media":"","overlay-type":"","overlay-color":"","overlay-opacity":"","overlay-gradient":""},"tablet":{"background-color":"var(--ast-global-color-5)","background-image":"","background-repeat":"repeat","background-position":"center center","background-size":"auto","background-attachment":"scroll","background-type":"","background-media":"","overlay-type":"","overlay-color":"","overlay-opacity":"","overlay-gradient":""},"mobile":{"background-color":"var(--ast-global-color-5)","background-image":"","background-repeat":"repeat","background-position":"center center","background-size":"auto","background-attachment":"scroll","background-type":"","background-media":"","overlay-type":"","overlay-color":"","overlay-opacity":"","overlay-gradient":""}}},"product_brand":[],"product_cat":[458],"product_tag":[],"class_list":{"0":"post-46435","1":"product","2":"type-product","3":"status-publish","4":"has-post-thumbnail","6":"product_cat-marios-market","7":"desktop-align-center","8":"tablet-align-center","9":"mobile-align-center","11":"first","12":"outofstock","13":"taxable","14":"shipping-taxable","15":"purchasable","16":"product-type-simple"},"acf":[],"yoast_head":"<!-- This site is optimized with the Yoast SEO Premium plugin v27.3 (Yoast SEO v27.3) - https:\/\/yoast.com\/product\/yoast-seo-premium-wordpress\/ -->\n<title>Extracto Org\u00e1nico de Hongos Chill | Suplemento natural | Iguana Smoke<\/title>\n<meta name=\"description\" content=\"Compra extracto org\u00e1nico de hongos de alta calidad. Potente suplemento que ayuda a reducir el estr\u00e9s y calmar la ansiedad. Sin gluten, vegano y certificado.\" \/>\n<meta name=\"robots\" content=\"index, follow, max-snippet:-1, max-image-preview:large, max-video-preview:-1\" \/>\n<link rel=\"canonical\" href=\"https:\/\/iguanasmoke.com\/it\/prodotto\/estratto-di-fungo-del-peperoncino-biologico-2\/\" \/>\n<meta property=\"og:locale\" content=\"it_IT\" \/>\n<meta property=\"og:type\" content=\"article\" \/>\n<meta property=\"og:title\" content=\"Extracto Org\u00e1nico de Hongos Chill\" \/>\n<meta property=\"og:description\" content=\"Caracter\u00edsticas Extracto de Hongos Chill   Nuez: Protecci\u00f3n durante los cambios.  Ran\u00fanculo: Refuerza la confianza en uno mismo.  Ajo silvestre: Apoyo universal.  Rosa de roca: Reduce el miedo y el p\u00e1nico.  Borraja: Promueve el coraje.  Ciruela cereza: Aporta calma.\" \/>\n<meta property=\"og:url\" content=\"https:\/\/iguanasmoke.com\/it\/prodotto\/estratto-di-fungo-del-peperoncino-biologico-2\/\" \/>\n<meta property=\"og:site_name\" content=\"Iguana Smoke\" \/>\n<meta property=\"article:publisher\" content=\"https:\/\/www.facebook.com\/iguanasmoke\" \/>\n<meta property=\"article:modified_time\" content=\"2025-09-15T15:21:52+00:00\" \/>\n<meta property=\"og:image\" content=\"https:\/\/i0.wp.com\/iguanasmoke.com\/wp-content\/uploads\/2024\/12\/2-1.webp?fit=1409%2C2000&ssl=1\" \/>\n\t<meta property=\"og:image:width\" content=\"1409\" \/>\n\t<meta property=\"og:image:height\" content=\"2000\" \/>\n\t<meta property=\"og:image:type\" content=\"image\/webp\" \/>\n<meta name=\"twitter:card\" content=\"summary_large_image\" \/>\n<meta name=\"twitter:label1\" content=\"Prezzo\" \/>\n\t<meta name=\"twitter:data1\" content=\"34,90&nbsp;&euro;\" \/>\n\t<meta name=\"twitter:label2\" content=\"Disponibilit\u00e0\" \/>\n\t<meta name=\"twitter:data2\" content=\"Esaurito\" \/>\n<meta property=\"product:brand\" content=\"simple\" \/>\n<meta property=\"product:price:amount\" content=\"34.90\" \/>\n<meta property=\"product:price:currency\" content=\"EUR\" \/>\n<meta property=\"og:availability\" content=\"out of stock\" \/>\n<meta property=\"product:availability\" content=\"out of stock\" \/>\n<meta property=\"product:retailer_item_id\" content=\"LYF-SPRAY-CHLL\" \/>\n<meta property=\"product:condition\" content=\"new\" \/>\n<!-- \/ Yoast SEO Premium plugin. -->","yoast_head_json":{"title":"Estratto di fungo del peperoncino biologico - Integratore naturale - Iguana Smoke","description":"Acquistate un estratto di funghi biologici di alta qualit\u00e0. Potente integratore che aiuta a ridurre lo stress e a calmare l'ansia. Senza glutine, vegano e certificato.","robots":{"index":"index","follow":"follow","max-snippet":"max-snippet:-1","max-image-preview":"max-image-preview:large","max-video-preview":"max-video-preview:-1"},"canonical":"https:\/\/iguanasmoke.com\/it\/prodotto\/estratto-di-fungo-del-peperoncino-biologico-2\/","og_locale":"it_IT","og_type":"article","og_title":"Extracto Org\u00e1nico de Hongos Chill","og_description":"Caracter\u00edsticas Extracto de Hongos Chill   Nuez: Protecci\u00f3n durante los cambios.  Ran\u00fanculo: Refuerza la confianza en uno mismo.  Ajo silvestre: Apoyo universal.  Rosa de roca: Reduce el miedo y el p\u00e1nico.  Borraja: Promueve el coraje.  Ciruela cereza: Aporta calma.","og_url":"https:\/\/iguanasmoke.com\/it\/prodotto\/estratto-di-fungo-del-peperoncino-biologico-2\/","og_site_name":"Iguana Smoke","article_publisher":"https:\/\/www.facebook.com\/iguanasmoke","article_modified_time":"2025-09-15T15:21:52+00:00","og_image":[{"width":1409,"height":2000,"url":"https:\/\/i0.wp.com\/iguanasmoke.com\/wp-content\/uploads\/2024\/12\/2-1.webp?fit=1409%2C2000&ssl=1","type":"image\/webp"}],"twitter_card":"summary_large_image","twitter_misc":{"Prezzo":"34,90&nbsp;&euro;","Disponibilit\u00e0":"Esaurito"},"schema":{"@context":"https:\/\/schema.org","@graph":[{"@type":"WebPage","@id":"https:\/\/iguanasmoke.com\/producto\/extracto-organico-de-hongos-chill\/","url":"https:\/\/iguanasmoke.com\/producto\/extracto-organico-de-hongos-chill\/","name":"Estratto di fungo del peperoncino biologico - Integratore naturale - Iguana Smoke","isPartOf":{"@id":"https:\/\/iguanasmoke.com\/#website"},"primaryImageOfPage":{"@id":"https:\/\/iguanasmoke.com\/producto\/extracto-organico-de-hongos-chill\/#primaryimage"},"image":{"@id":"https:\/\/iguanasmoke.com\/producto\/extracto-organico-de-hongos-chill\/#primaryimage"},"thumbnailUrl":"https:\/\/iguanasmoke.com\/wp-content\/uploads\/2024\/12\/2-1.webp","datePublished":"2024-12-28T12:43:49+00:00","dateModified":"2025-09-15T15:21:52+00:00","description":"Acquistate un estratto di funghi biologici di alta qualit\u00e0. Potente integratore che aiuta a ridurre lo stress e a calmare l'ansia. Senza glutine, vegano e certificato.","breadcrumb":{"@id":"https:\/\/iguanasmoke.com\/producto\/extracto-organico-de-hongos-chill\/#breadcrumb"},"inLanguage":"it-IT","potentialAction":[{"@type":"ReadAction","target":["https:\/\/iguanasmoke.com\/producto\/extracto-organico-de-hongos-chill\/"]}]},{"@type":"ImageObject","inLanguage":"it-IT","@id":"https:\/\/iguanasmoke.com\/producto\/extracto-organico-de-hongos-chill\/#primaryimage","url":"https:\/\/iguanasmoke.com\/wp-content\/uploads\/2024\/12\/2-1.webp","contentUrl":"https:\/\/iguanasmoke.com\/wp-content\/uploads\/2024\/12\/2-1.webp","width":1409,"height":2000},{"@type":"BreadcrumbList","@id":"https:\/\/iguanasmoke.com\/producto\/extracto-organico-de-hongos-chill\/#breadcrumb","itemListElement":[{"@type":"ListItem","position":1,"name":"home","item":"https:\/\/iguanasmoke.com\/"},{"@type":"ListItem","position":2,"name":"Tienda","item":"https:\/\/iguanasmoke.com\/tienda\/"},{"@type":"ListItem","position":3,"name":"Mario's Market","item":"https:\/\/iguanasmoke.com\/categoria\/marios-market\/"},{"@type":"ListItem","position":4,"name":"Extracto Org\u00e1nico de Hongos Chill"}]},{"@type":"WebSite","@id":"https:\/\/iguanasmoke.com\/#website","url":"https:\/\/iguanasmoke.com\/","name":"Fumo di iguana","description":"Acquistare CBD online al miglior prezzo","publisher":{"@id":"https:\/\/iguanasmoke.com\/#organization"},"potentialAction":[{"@type":"SearchAction","target":{"@type":"EntryPoint","urlTemplate":"https:\/\/iguanasmoke.com\/?s={search_term_string}"},"query-input":{"@type":"PropertyValueSpecification","valueRequired":true,"valueName":"search_term_string"}}],"inLanguage":"it-IT"},{"@type":"Organization","@id":"https:\/\/iguanasmoke.com\/#organization","name":"Fumo di iguana","url":"https:\/\/iguanasmoke.com\/","logo":{"@type":"ImageObject","inLanguage":"it-IT","@id":"https:\/\/iguanasmoke.com\/#\/schema\/logo\/image\/","url":"https:\/\/iguanasmoke.com\/wp-content\/uploads\/2025\/01\/logoiguana-favi-1.png","contentUrl":"https:\/\/iguanasmoke.com\/wp-content\/uploads\/2025\/01\/logoiguana-favi-1.png","width":512,"height":512,"caption":"Iguana Smoke"},"image":{"@id":"https:\/\/iguanasmoke.com\/#\/schema\/logo\/image\/"},"sameAs":["https:\/\/www.facebook.com\/iguanasmoke","https:\/\/www.instagram.com\/iguanasmoke\/"]}]},"product_brand":"simple","product_price_amount":"34.90","product_price_currency":"EUR","og_availability":"out of stock","product_availability":"out of stock","product_retailer_item_id":"LYF-SPRAY-CHLL","product_condition":"new"},"_links":{"self":[{"href":"https:\/\/iguanasmoke.com\/it\/wp-json\/wp\/v2\/product\/46435","targetHints":{"allow":["GET"]}}],"collection":[{"href":"https:\/\/iguanasmoke.com\/it\/wp-json\/wp\/v2\/product"}],"about":[{"href":"https:\/\/iguanasmoke.com\/it\/wp-json\/wp\/v2\/types\/product"}],"replies":[{"embeddable":true,"href":"https:\/\/iguanasmoke.com\/it\/wp-json\/wp\/v2\/comments?post=46435"}],"wp:featuredmedia":[{"embeddable":true,"href":"https:\/\/iguanasmoke.com\/it\/wp-json\/wp\/v2\/media\/46416"}],"wp:attachment":[{"href":"https:\/\/iguanasmoke.com\/it\/wp-json\/wp\/v2\/media?parent=46435"}],"wp:term":[{"taxonomy":"product_brand","embeddable":true,"href":"https:\/\/iguanasmoke.com\/it\/wp-json\/wp\/v2\/product_brand?post=46435"},{"taxonomy":"product_cat","embeddable":true,"href":"https:\/\/iguanasmoke.com\/it\/wp-json\/wp\/v2\/product_cat?post=46435"},{"taxonomy":"product_tag","embeddable":true,"href":"https:\/\/iguanasmoke.com\/it\/wp-json\/wp\/v2\/product_tag?post=46435"}],"curies":[{"name":"wp","href":"https:\/\/api.w.org\/{rel}","templated":true}]}}