{"id":46438,"date":"2024-12-28T13:47:14","date_gmt":"2024-12-28T12:47:14","guid":{"rendered":"https:\/\/iguanasmoke.com\/?post_type=product&#038;p=46438"},"modified":"2025-09-15T17:21:42","modified_gmt":"2025-09-15T15:21:42","slug":"estratto-di-chaga-biologico","status":"publish","type":"product","link":"https:\/\/iguanasmoke.com\/it\/producto\/extracto-organico-de-chaga\/","title":{"rendered":"Estratto di Chaga biologico"},"content":{"rendered":"<h3>Estratto di Chaga biologico: integratore alimentare puro e concentrato<\/h3>\n<p>Il\u00a0<strong>estratto di chaga<\/strong> Organic \u00e8 un integratore alimentare puro, concentrato e privo di alcol. Questo potente estratto doppio 15:1 offre un'alta concentrazione di nutrienti essenziali. Ogni flacone contiene l'equivalente di 120 g di chaga crudo, essiccato e certificato come biologico, per un totale di 33 dosi giornaliere.<\/p>\n<h4>Caratteristiche dell'estratto liquido di Chaga<\/h4>\n<ul>\n<li>Estratto con un doppio processo (acqua calda e alcool) da\u00a0<strong>chaga biologico<\/strong>\u00a0raccolto in modo sostenibile.<\/li>\n<li>Contiene composti sia idrosolubili che liposolubili, massimizzandone la biodisponibilit\u00e0.<\/li>\n<li>Realizzato con oltre 20% di beta-glucani 1,3\/1,6, noti per le loro propriet\u00e0 immunomodulanti.<\/li>\n<li>Puro sapore di funghi, senza additivi o aromi artificiali.<\/li>\n<li>Senza amido, cereali o riempitivi aggiunti.<\/li>\n<li>Certificato biologico dall'Unione Europea (UE).<\/li>\n<li>Senza glutine, non OGM e adatto ai vegani.<\/li>\n<li>Qualit\u00e0 premium, testata in laboratori terzi accreditati.<\/li>\n<li>Senza micelio, utilizzando solo corpi fruttiferi organici.<\/li>\n<li>Imbottigliato in vetro biopotonico Miron per una migliore conservazione.<\/li>\n<li>Si conserva per 12 mesi dalla data di produzione.<\/li>\n<\/ul>\n<h3>Benefici dell'estratto di Chaga<\/h3>\n<p>Il\u00a0<strong>Chaga (Inonotus obliquus)<\/strong>\u00a0\u00e8 un fungo medicinale che cresce principalmente sulle betulle e viene utilizzato da secoli nella medicina tradizionale in Russia e in Asia. Le sue propriet\u00e0 lo hanno reso un \u00absuperfood\u00bb con numerosi benefici per la salute. Ecco i principali:<\/p>\n<h6 style=\"padding-left: 40px;\"><strong>1. Potente antiossidante<\/strong><\/h6>\n<p style=\"padding-left: 40px;\">Il\u00a0<strong>estratto di chaga<\/strong> \u00e8 uno dei funghi con la pi\u00f9 alta concentrazione di antiossidanti e quindi combatte i radicali liberi che danneggiano le cellule, aiutando a ritardare l'invecchiamento e proteggendo dallo stress ossidativo.<\/p>\n<h6 style=\"padding-left: 40px;\"><strong>2. Rafforzare il sistema immunitario<\/strong><\/h6>\n<p style=\"padding-left: 40px;\">Ricco di beta-glucani, il chaga modula il sistema immunitario, migliorando la capacit\u00e0 dell'organismo di difendersi da infezioni e malattie e prevenendo al contempo reazioni immunitarie eccessive.<\/p>\n<h6 style=\"padding-left: 40px;\"><strong>3. Propriet\u00e0 antinfiammatorie<\/strong><\/h6>\n<p style=\"padding-left: 40px;\">I composti attivi del chaga possono ridurre l'infiammazione, rendendolo utile per le persone con malattie infiammatorie croniche come l'artrite o i disturbi autoimmuni.<\/p>\n<h6 style=\"padding-left: 40px;\"><strong>4. Controllo della glicemia<\/strong><\/h6>\n<p style=\"padding-left: 40px;\">Alcuni studi suggeriscono che il\u00a0<strong>estratto di chaga<\/strong> contribuisce ad abbassare i livelli di zucchero nel sangue, risultando utile per le persone affette da diabete o per coloro che desiderano mantenere livelli sani di glucosio.<\/p>\n<h6 style=\"padding-left: 40px;\"><strong>5. Supporto alla salute dell'apparato digerente<\/strong><\/h6>\n<p style=\"padding-left: 40px;\">Il chaga contribuisce a mantenere una buona salute dell'apparato digerente, alleviando problemi come ulcere gastriche e infiammazioni intestinali e proteggendo la mucosa dello stomaco.<\/p>\n<h6 style=\"padding-left: 40px;\"><strong>6. Propriet\u00e0 antitumorali<\/strong><\/h6>\n<p style=\"padding-left: 40px;\">Studi preliminari hanno dimostrato che il chaga pu\u00f2 inibire la crescita delle cellule tumorali e promuovere l'apoptosi (morte cellulare) nelle cellule maligne. Tuttavia, sono necessari ulteriori studi sull'uomo.<\/p>\n<h6 style=\"padding-left: 40px;\"><strong>7. Migliora la salute cardiovascolare<\/strong><\/h6>\n<p style=\"padding-left: 40px;\">Gli antiossidanti e i composti di betulina contenuti nel chaga possono contribuire a ridurre il colesterolo LDL e a regolare la pressione sanguigna, promuovendo la salute del cuore.<\/p>\n<h6 style=\"padding-left: 40px;\"><strong>8. Propriet\u00e0 antivirali e antibatteriche<\/strong><\/h6>\n<p style=\"padding-left: 40px;\">Il\u00a0<strong>estratto di chaga<\/strong>\u00a0ha dimostrato di avere propriet\u00e0 antivirali e antibatteriche, aiutando l'organismo a combattere infezioni come l'influenza e l'herpes.<\/p>\n<h6 style=\"padding-left: 40px;\"><strong>9. Disintossicazione dell'organismo<\/strong><\/h6>\n<p style=\"padding-left: 40px;\">Essendo ricco di sostanze nutritive, il chaga favorisce l'eliminazione delle tossine e promuove una sana funzionalit\u00e0 epatica.<\/p>\n<h6 style=\"padding-left: 40px;\"><strong>10. Migliora la salute della pelle<\/strong><\/h6>\n<p style=\"padding-left: 40px;\">Grazie agli elevati livelli di melanina e di antiossidanti, il chaga contribuisce a migliorare l'aspetto della pelle, combattendo i segni dell'invecchiamento e proteggendo dai danni del sole.<\/p>\n<p>&nbsp;<\/p>\n<h3>Perch\u00e9 scegliere l'estratto di Chaga biologico?<\/h3>\n<p>Per massimizzare i benefici del\u00a0<strong>estratto di chaga<\/strong>, Per garantire la massima concentrazione dei suoi composti bioattivi, \u00e8 essenziale scegliere un prodotto biologico di alta qualit\u00e0 e certificato, con un doppio processo di estrazione (acqua e alcol) per garantire la massima concentrazione dei suoi composti bioattivi.<\/p>","protected":false},"excerpt":{"rendered":"<h4>Caratteristiche dell'estratto di Chaga biologico<\/h4>\n<ul>\n<li>Flacone contagocce in vetro viola da 50 ml di alta qualit\u00e0.<\/li>\n<li>Facile da usare: aggiungere due contagocce in un bicchiere d'acqua o direttamente sotto la lingua.<\/li>\n<li>Doppio processo di estrazione con acqua calda e alcol di <strong>chaga selvatica<\/strong> organica.<\/li>\n<li>Contiene circa 25% di alcol.<\/li>\n<li>Alta concentrazione di composti idrosolubili e liposolubili.<\/li>\n<li>Realizzato con oltre 20% di 1,3\/1,6 beta-glucani.<\/li>\n<li>Senza amido aggiunto, cereali o altri riempitivi.<\/li>\n<li>Certificazione biologica UE.<\/li>\n<li>Senza glutine, non OGM, adatto ai vegani.<\/li>\n<li>Qualit\u00e0 superiore, testata in laboratori terzi accreditati.<\/li>\n<li>Imbottigliato in vetro biopotonico Miron per una maggiore protezione.<\/li>\n<\/ul>","protected":false},"featured_media":46418,"comment_status":"open","ping_status":"closed","template":"","meta":{"_acf_changed":false,"site-sidebar-layout":"default","site-content-layout":"","ast-site-content-layout":"default","site-content-style":"default","site-sidebar-style":"default","ast-global-header-display":"","ast-banner-title-visibility":"","ast-main-header-display":"","ast-hfb-above-header-display":"","ast-hfb-below-header-display":"","ast-hfb-mobile-header-display":"","site-post-title":"","ast-breadcrumbs-content":"","ast-featured-img":"","footer-sml-layout":"","theme-transparent-header-meta":"default","adv-header-id-meta":"","stick-header-meta":"","header-above-stick-meta":"","header-main-stick-meta":"","header-below-stick-meta":"","astra-migrate-meta-layouts":"set","ast-page-background-enabled":"default","ast-page-background-meta":{"desktop":{"background-color":"var(--ast-global-color-4)","background-image":"","background-repeat":"repeat","background-position":"center center","background-size":"auto","background-attachment":"scroll","background-type":"","background-media":"","overlay-type":"","overlay-color":"","overlay-opacity":"","overlay-gradient":""},"tablet":{"background-color":"","background-image":"","background-repeat":"repeat","background-position":"center center","background-size":"auto","background-attachment":"scroll","background-type":"","background-media":"","overlay-type":"","overlay-color":"","overlay-opacity":"","overlay-gradient":""},"mobile":{"background-color":"","background-image":"","background-repeat":"repeat","background-position":"center center","background-size":"auto","background-attachment":"scroll","background-type":"","background-media":"","overlay-type":"","overlay-color":"","overlay-opacity":"","overlay-gradient":""}},"ast-content-background-meta":{"desktop":{"background-color":"var(--ast-global-color-5)","background-image":"","background-repeat":"repeat","background-position":"center center","background-size":"auto","background-attachment":"scroll","background-type":"","background-media":"","overlay-type":"","overlay-color":"","overlay-opacity":"","overlay-gradient":""},"tablet":{"background-color":"var(--ast-global-color-5)","background-image":"","background-repeat":"repeat","background-position":"center center","background-size":"auto","background-attachment":"scroll","background-type":"","background-media":"","overlay-type":"","overlay-color":"","overlay-opacity":"","overlay-gradient":""},"mobile":{"background-color":"var(--ast-global-color-5)","background-image":"","background-repeat":"repeat","background-position":"center center","background-size":"auto","background-attachment":"scroll","background-type":"","background-media":"","overlay-type":"","overlay-color":"","overlay-opacity":"","overlay-gradient":""}}},"product_brand":[],"product_cat":[458],"product_tag":[],"class_list":{"0":"post-46438","1":"product","2":"type-product","3":"status-publish","4":"has-post-thumbnail","6":"product_cat-marios-market","7":"desktop-align-center","8":"tablet-align-center","9":"mobile-align-center","11":"first","12":"outofstock","13":"taxable","14":"shipping-taxable","15":"purchasable","16":"product-type-simple"},"acf":[],"yoast_head":"<!-- This site is optimized with the Yoast SEO Premium plugin v27.3 (Yoast SEO v27.3) - https:\/\/yoast.com\/product\/yoast-seo-premium-wordpress\/ -->\n<title>Extracto Org\u00e1nico de Chaga | Suplemento Natural Antioxidante | Iguana Smoke<\/title>\n<meta name=\"description\" content=\"Compra extracto de chaga org\u00e1nico de alta calidad. Potente suplemento antioxidante que refuerza el sistema inmunol\u00f3gico. Descubre sus m\u00faltiples beneficios.\" \/>\n<meta name=\"robots\" content=\"index, follow, max-snippet:-1, max-image-preview:large, max-video-preview:-1\" \/>\n<link rel=\"canonical\" href=\"https:\/\/iguanasmoke.com\/it\/prodotto\/estratto-di-chaga-biologico\/\" \/>\n<meta property=\"og:locale\" content=\"it_IT\" \/>\n<meta property=\"og:type\" content=\"article\" \/>\n<meta property=\"og:title\" content=\"Extracto Org\u00e1nico de Chaga\" \/>\n<meta property=\"og:description\" content=\"Caracter\u00edsticas del Extracto Org\u00e1nico de Chaga   Botella cuentagotas de vidrio violeta de 50 ml de alta calidad.  F\u00e1cil de usar: a\u00f1ade dos goteros a un vaso de agua o directamente debajo de la lengua.  Proceso de extracci\u00f3n dual con agua caliente y alcohol de chaga salvaje org\u00e1nica.  Contiene aproximadamente un 25% de alcohol.  Alta concentraci\u00f3n de compuestos solubles en agua y grasas.  Elaborado con m\u00e1s del 20% de beta-glucanos 1,3\/1,6.  Sin almid\u00f3n, cereales ni otros rellenos a\u00f1adidos.  Certificaci\u00f3n org\u00e1nica de la UE.  Libre de gluten, no modificado gen\u00e9ticamente (non-GMO), apto para veganos.  Calidad superior, probado en laboratorios acreditados de terceros.  Embotellado en vidrio biopot\u00f3nico Miron para mayor protecci\u00f3n.\" \/>\n<meta property=\"og:url\" content=\"https:\/\/iguanasmoke.com\/it\/prodotto\/estratto-di-chaga-biologico\/\" \/>\n<meta property=\"og:site_name\" content=\"Iguana Smoke\" \/>\n<meta property=\"article:publisher\" content=\"https:\/\/www.facebook.com\/iguanasmoke\" \/>\n<meta property=\"article:modified_time\" content=\"2025-09-15T15:21:42+00:00\" \/>\n<meta property=\"og:image\" content=\"https:\/\/i0.wp.com\/iguanasmoke.com\/wp-content\/uploads\/2024\/12\/1-1.webp?fit=1409%2C2000&ssl=1\" \/>\n\t<meta property=\"og:image:width\" content=\"1409\" \/>\n\t<meta property=\"og:image:height\" content=\"2000\" \/>\n\t<meta property=\"og:image:type\" content=\"image\/webp\" \/>\n<meta name=\"twitter:card\" content=\"summary_large_image\" \/>\n<meta name=\"twitter:label1\" content=\"Prezzo\" \/>\n\t<meta name=\"twitter:data1\" content=\"29,90&nbsp;&euro;\" \/>\n\t<meta name=\"twitter:label2\" content=\"Disponibilit\u00e0\" \/>\n\t<meta name=\"twitter:data2\" content=\"Esaurito\" \/>\n<meta property=\"product:brand\" content=\"simple\" \/>\n<meta property=\"product:price:amount\" content=\"29.90\" \/>\n<meta property=\"product:price:currency\" content=\"EUR\" \/>\n<meta property=\"og:availability\" content=\"out of stock\" \/>\n<meta property=\"product:availability\" content=\"out of stock\" \/>\n<meta property=\"product:retailer_item_id\" content=\"LYF-SPRAY-CHG\" \/>\n<meta property=\"product:condition\" content=\"new\" \/>\n<!-- \/ Yoast SEO Premium plugin. -->","yoast_head_json":{"title":"Estratto di Chaga biologico: integratore naturale antiossidante : fumo di iguana","description":"Acquistate l'estratto di chaga biologico di alta qualit\u00e0. Potente integratore antiossidante che rafforza il sistema immunitario. Scoprite i suoi numerosi benefici.","robots":{"index":"index","follow":"follow","max-snippet":"max-snippet:-1","max-image-preview":"max-image-preview:large","max-video-preview":"max-video-preview:-1"},"canonical":"https:\/\/iguanasmoke.com\/it\/prodotto\/estratto-di-chaga-biologico\/","og_locale":"it_IT","og_type":"article","og_title":"Extracto Org\u00e1nico de Chaga","og_description":"Caracter\u00edsticas del Extracto Org\u00e1nico de Chaga   Botella cuentagotas de vidrio violeta de 50 ml de alta calidad.  F\u00e1cil de usar: a\u00f1ade dos goteros a un vaso de agua o directamente debajo de la lengua.  Proceso de extracci\u00f3n dual con agua caliente y alcohol de chaga salvaje org\u00e1nica.  Contiene aproximadamente un 25% de alcohol.  Alta concentraci\u00f3n de compuestos solubles en agua y grasas.  Elaborado con m\u00e1s del 20% de beta-glucanos 1,3\/1,6.  Sin almid\u00f3n, cereales ni otros rellenos a\u00f1adidos.  Certificaci\u00f3n org\u00e1nica de la UE.  Libre de gluten, no modificado gen\u00e9ticamente (non-GMO), apto para veganos.  Calidad superior, probado en laboratorios acreditados de terceros.  Embotellado en vidrio biopot\u00f3nico Miron para mayor protecci\u00f3n.","og_url":"https:\/\/iguanasmoke.com\/it\/prodotto\/estratto-di-chaga-biologico\/","og_site_name":"Iguana Smoke","article_publisher":"https:\/\/www.facebook.com\/iguanasmoke","article_modified_time":"2025-09-15T15:21:42+00:00","og_image":[{"width":1409,"height":2000,"url":"https:\/\/i0.wp.com\/iguanasmoke.com\/wp-content\/uploads\/2024\/12\/1-1.webp?fit=1409%2C2000&ssl=1","type":"image\/webp"}],"twitter_card":"summary_large_image","twitter_misc":{"Prezzo":"29,90&nbsp;&euro;","Disponibilit\u00e0":"Esaurito"},"schema":{"@context":"https:\/\/schema.org","@graph":[{"@type":"WebPage","@id":"https:\/\/iguanasmoke.com\/producto\/extracto-organico-de-chaga\/","url":"https:\/\/iguanasmoke.com\/producto\/extracto-organico-de-chaga\/","name":"Estratto di Chaga biologico: integratore naturale antiossidante : fumo di iguana","isPartOf":{"@id":"https:\/\/iguanasmoke.com\/#website"},"primaryImageOfPage":{"@id":"https:\/\/iguanasmoke.com\/producto\/extracto-organico-de-chaga\/#primaryimage"},"image":{"@id":"https:\/\/iguanasmoke.com\/producto\/extracto-organico-de-chaga\/#primaryimage"},"thumbnailUrl":"https:\/\/iguanasmoke.com\/wp-content\/uploads\/2024\/12\/1-1.webp","datePublished":"2024-12-28T12:47:14+00:00","dateModified":"2025-09-15T15:21:42+00:00","description":"Acquistate l'estratto di chaga biologico di alta qualit\u00e0. Potente integratore antiossidante che rafforza il sistema immunitario. Scoprite i suoi numerosi benefici.","breadcrumb":{"@id":"https:\/\/iguanasmoke.com\/producto\/extracto-organico-de-chaga\/#breadcrumb"},"inLanguage":"it-IT","potentialAction":[{"@type":"ReadAction","target":["https:\/\/iguanasmoke.com\/producto\/extracto-organico-de-chaga\/"]}]},{"@type":"ImageObject","inLanguage":"it-IT","@id":"https:\/\/iguanasmoke.com\/producto\/extracto-organico-de-chaga\/#primaryimage","url":"https:\/\/iguanasmoke.com\/wp-content\/uploads\/2024\/12\/1-1.webp","contentUrl":"https:\/\/iguanasmoke.com\/wp-content\/uploads\/2024\/12\/1-1.webp","width":1409,"height":2000},{"@type":"BreadcrumbList","@id":"https:\/\/iguanasmoke.com\/producto\/extracto-organico-de-chaga\/#breadcrumb","itemListElement":[{"@type":"ListItem","position":1,"name":"home","item":"https:\/\/iguanasmoke.com\/"},{"@type":"ListItem","position":2,"name":"Tienda","item":"https:\/\/iguanasmoke.com\/tienda\/"},{"@type":"ListItem","position":3,"name":"Mario's Market","item":"https:\/\/iguanasmoke.com\/categoria\/marios-market\/"},{"@type":"ListItem","position":4,"name":"Extracto Org\u00e1nico de Chaga"}]},{"@type":"WebSite","@id":"https:\/\/iguanasmoke.com\/#website","url":"https:\/\/iguanasmoke.com\/","name":"Fumo di iguana","description":"Acquistare CBD online al miglior prezzo","publisher":{"@id":"https:\/\/iguanasmoke.com\/#organization"},"potentialAction":[{"@type":"SearchAction","target":{"@type":"EntryPoint","urlTemplate":"https:\/\/iguanasmoke.com\/?s={search_term_string}"},"query-input":{"@type":"PropertyValueSpecification","valueRequired":true,"valueName":"search_term_string"}}],"inLanguage":"it-IT"},{"@type":"Organization","@id":"https:\/\/iguanasmoke.com\/#organization","name":"Fumo di iguana","url":"https:\/\/iguanasmoke.com\/","logo":{"@type":"ImageObject","inLanguage":"it-IT","@id":"https:\/\/iguanasmoke.com\/#\/schema\/logo\/image\/","url":"https:\/\/iguanasmoke.com\/wp-content\/uploads\/2025\/01\/logoiguana-favi-1.png","contentUrl":"https:\/\/iguanasmoke.com\/wp-content\/uploads\/2025\/01\/logoiguana-favi-1.png","width":512,"height":512,"caption":"Iguana Smoke"},"image":{"@id":"https:\/\/iguanasmoke.com\/#\/schema\/logo\/image\/"},"sameAs":["https:\/\/www.facebook.com\/iguanasmoke","https:\/\/www.instagram.com\/iguanasmoke\/"]}]},"product_brand":"simple","product_price_amount":"29.90","product_price_currency":"EUR","og_availability":"out of stock","product_availability":"out of stock","product_retailer_item_id":"LYF-SPRAY-CHG","product_condition":"new"},"_links":{"self":[{"href":"https:\/\/iguanasmoke.com\/it\/wp-json\/wp\/v2\/product\/46438","targetHints":{"allow":["GET"]}}],"collection":[{"href":"https:\/\/iguanasmoke.com\/it\/wp-json\/wp\/v2\/product"}],"about":[{"href":"https:\/\/iguanasmoke.com\/it\/wp-json\/wp\/v2\/types\/product"}],"replies":[{"embeddable":true,"href":"https:\/\/iguanasmoke.com\/it\/wp-json\/wp\/v2\/comments?post=46438"}],"wp:featuredmedia":[{"embeddable":true,"href":"https:\/\/iguanasmoke.com\/it\/wp-json\/wp\/v2\/media\/46418"}],"wp:attachment":[{"href":"https:\/\/iguanasmoke.com\/it\/wp-json\/wp\/v2\/media?parent=46438"}],"wp:term":[{"taxonomy":"product_brand","embeddable":true,"href":"https:\/\/iguanasmoke.com\/it\/wp-json\/wp\/v2\/product_brand?post=46438"},{"taxonomy":"product_cat","embeddable":true,"href":"https:\/\/iguanasmoke.com\/it\/wp-json\/wp\/v2\/product_cat?post=46438"},{"taxonomy":"product_tag","embeddable":true,"href":"https:\/\/iguanasmoke.com\/it\/wp-json\/wp\/v2\/product_tag?post=46438"}],"curies":[{"name":"wp","href":"https:\/\/api.w.org\/{rel}","templated":true}]}}