{"id":47836,"date":"2025-01-14T21:03:09","date_gmt":"2025-01-14T20:03:09","guid":{"rendered":"https:\/\/iguanasmoke.com\/?post_type=product&#038;p=47836"},"modified":"2026-03-20T11:45:57","modified_gmt":"2026-03-20T10:45:57","slug":"hashish-cbd-piatella-40","status":"publish","type":"product","link":"https:\/\/iguanasmoke.com\/it\/producto\/hash-cbd-piatella-40\/","title":{"rendered":"Hash CBD Piatella 40%"},"content":{"rendered":"<h1><span style=\"font-weight: 400;\">Piatella Hash CBD 40% CBD: l'hashish che stavate aspettando<\/span><\/h1>\n<p><span style=\"font-weight: 400;\">A Iguana Smoke piace offrire il meglio del mondo CBD, e il <strong>Hash CBD Piatella 40%<\/strong> \u00e8 uno dei nostri TOP: <strong>il pi\u00f9 potente hashish senza THC<\/strong> e uno dei pi\u00f9 pregiati sul mercato. Con un <strong>concentrazione molto elevata di cannabidiolo<\/strong> (40%) e meno di 0,3% di THC, questo prodotto \u00e8 <strong>legale in Spagna e in Europa<\/strong>. \u00c8 molto pi\u00f9 di un semplice hashish: \u00e8 una dichiarazione di qualit\u00e0, stile e impegno per gli amanti del CBD. Esplorate la sua consistenza, assaporate i suoi aromi e scoprite perch\u00e9 il CBD \u00e8 cos\u00ec popolare nel mondo dell'hashish. <strong>Hash CBD Piatella 40% \u00e8 il prodotto che stavi cercando.<\/strong>!<\/span><\/p>\n<p>&nbsp;<\/p>\n<h2>Caratteristiche dell'Hash CBD Piatella 40%:<\/h2>\n<ul>\n<li><b>Aspetto e consistenza: <\/b>visivamente, si distingue per la sua t<strong>estura malleabile<\/strong> che si scioglie facilmente, invitando a un'esperienza tattile piacevole quanto il suo effetto. Questo hashish al CBD \u00e8 prodotto utilizzando <strong>maglie<\/strong> alta precisione per separare il <strong>ghiandole resinose di materiale vegetale<\/strong>, raggiungere la perfezione.<\/li>\n<li><span style=\"font-size: 16px; font-weight: 400;\"><strong>Aroma e gusto:<\/strong> intenso, con un ricco profilo di terpenoidi che combina <strong>Note terrose, dolci e speziate<\/strong>. \u00a0<\/span><\/li>\n<li><strong>Origine e purezza:<\/strong> <span style=\"font-size: 16px; font-weight: 400;\">questa resina proviene da fonti affidabili che garantiscono la<strong> purezza e qualit\u00e0<\/strong>. A differenza di altri prodotti, questo hashish conserva tutte le sue propriet\u00e0. <strong>terpeni naturali<\/strong>, Questo garantisce un'esperienza olfattiva e gustativa eccezionale.<\/span><span style=\"font-size: 16px; font-weight: 400;\">, cruciale per chi cerca <strong>CBD economico<\/strong> ma non si vuole compromettere la qualit\u00e0 della <strong>CBD Hashish Piatella 40%<\/strong>.<\/span><\/li>\n<\/ul>\n<h3><\/h3>\n<h3><b>Perch\u00e9 acquistare l'hashish CBD Piatella 40% presso Iguana Smoke?<\/b><\/h3>\n<p><span style=\"font-weight: 400;\">Noi di Iguana Smoke ci impegniamo per la qualit\u00e0. I nostri prodotti di hashish CBD sono 100% naturali e biologici, senza sostanze chimiche o pesticidi. Ci\u00f2 significa che quando acquistate da noi, scegliete hashish e resina CBD puri e sicuri. Come nel caso dei nostri <span style=\"font-size: 16px; font-weight: 400;\"><strong>CBD Hashish Piatella 40%<\/strong><\/span><strong>.<\/strong><\/span><\/p>\n<p><span style=\"font-weight: 400;\">Senza dubbio, questo \u00e8 il luogo sicuro <strong>dove acquistare CBD hashish online in Spagna<\/strong> poich\u00e9 tutti i nostri prodotti sono approvati dall'Unione Europea, a garanzia della loro legalit\u00e0 e sicurezza. Con meno di 0,3 % di THC, il nostro hashish e la nostra resina di CBD consentono di godere dei numerosi benefici del CBD senza gli effetti psicoattivi, in quanto si tratta di una sostanza che non ha bisogno di essere utilizzata. <strong>hashish senza THC.<\/strong> P<\/span><span style=\"font-weight: 400;\">\u00e8 possibile consultare l'analisi della qualit\u00e0 di questo hashish <a href=\"https:\/\/iguanasmoke.com\/it\/analitica\/\">qui<\/a>.\u00a0<\/span><\/p>\n<p><em><span style=\"font-weight: 400;\">*Nota bene: il suo utilizzo \u00e8 destinato alla raccolta o all'aromaterapia secondo la legge spagnola.\u00a0<\/span><\/em><\/p>\n<p><span style=\"font-weight: 400;\">Inoltre, se amate le nostre resine CBD pi\u00f9 tradizionali come la <a href=\"https:\/\/iguanasmoke.com\/it\/prodotto\/hash-cbd-amnesia\/\">hashish amnesia cbd<\/a> o il <a href=\"https:\/\/iguanasmoke.com\/it\/prodotto\/hash-cbn-40\/\">CBN hash<\/a>,tu <\/span><span style=\"font-weight: 400;\">ci assicuriamo che il <strong>Hash CBD Piatella 40%<\/strong> ve ne innamorerete. Inoltre, non dimenticate di provare altri <strong>Prodotti TOP<\/strong> come il <a href=\"https:\/\/iguanasmoke.com\/it\/prodotto\/iguana-power-cartridge-cbd-full-spectrum-kit\/\">Cartucce CBD a spettro completo<\/a> e il <a href=\"https:\/\/iguanasmoke.com\/it\/cbd-vaper\/\">Vapori di CBD<\/a>. <\/span><span style=\"font-weight: 400;\">In breve, esplorate la nostra variet\u00e0 e trovate subito i vostri preferiti.\u00a0<\/span><\/p>\n<p>&nbsp;<\/p>\n<h3><b>Iguana Smoke \u00e8 sinonimo di qualit\u00e0 e affidabilit\u00e0.<\/b><\/h3>\n<p><span style=\"font-weight: 400;\">Noi di Iguana Smoke crediamo che il consumo di CBD debba essere un'esperienza sicura e piacevole. Ecco perch\u00e9 abbiamo prodotti di alta qualit\u00e0 che si rivolgono alle nuove generazioni: persone che cercano un benessere senza complicazioni, con marchi autentici e affidabili. Ricordate che tutti i nostri prodotti sono <strong>Hashish privo di THC con elevato contenuto di CBD<\/strong>, come il <strong>Hash CBD Piatella 40%\u00a0<\/strong>che state per portare a casa.<\/span><\/p>\n<p>La nostra missione \u00e8 chiara: offrirvi il meglio del mondo dei cannabinoidi a un prezzo equo, con la tranquillit\u00e0 che deriva dalla consapevolezza di scegliere un prodotto certificato, efficace e legale. Siamo all'avanguardia nei prodotti a base di CBD.<\/p>\n<p>Ancora dubbi? Scriveteci e saremo lieti di aiutarvi a trovare il prodotto giusto per voi.<\/p>","protected":false},"excerpt":{"rendered":"<p><span style=\"font-weight: 400;\">\u00a0Provate la Piatella Hash 40% CBD, perfetta per chi vuole gustare un aroma dolce e fruttato.<\/span><\/p>\n<ul>\n<li><strong>CBD<\/strong>40%, che garantisce un'elevata intensit\u00e0.<\/li>\n<li><strong>Aroma <\/strong>con un tocco speziato che ricorda le resine tradizionali.<\/li>\n<li>100% legale in Europa - meno di 0,3% THC.<\/li>\n<\/ul>\n<p>Analisi della qualit\u00e0: clicca\u00a0<a href=\"https:\/\/iguanasmoke.com\/it\/analitica\/\" target=\"_blank\" rel=\"noopener\">qui<\/a><\/p>","protected":false},"featured_media":81844,"comment_status":"open","ping_status":"closed","template":"","meta":{"_acf_changed":false,"site-sidebar-layout":"default","site-content-layout":"default","ast-site-content-layout":"default","site-content-style":"default","site-sidebar-style":"default","ast-global-header-display":"","ast-banner-title-visibility":"","ast-main-header-display":"","ast-hfb-above-header-display":"","ast-hfb-below-header-display":"","ast-hfb-mobile-header-display":"","site-post-title":"","ast-breadcrumbs-content":"","ast-featured-img":"","footer-sml-layout":"","theme-transparent-header-meta":"default","adv-header-id-meta":"","stick-header-meta":"","header-above-stick-meta":"","header-main-stick-meta":"","header-below-stick-meta":"","astra-migrate-meta-layouts":"set","ast-page-background-enabled":"default","ast-page-background-meta":{"desktop":{"background-color":"var(--ast-global-color-4)","background-image":"","background-repeat":"repeat","background-position":"center center","background-size":"auto","background-attachment":"scroll","background-type":"","background-media":"","overlay-type":"","overlay-color":"","overlay-opacity":"","overlay-gradient":""},"tablet":{"background-color":"","background-image":"","background-repeat":"repeat","background-position":"center center","background-size":"auto","background-attachment":"scroll","background-type":"","background-media":"","overlay-type":"","overlay-color":"","overlay-opacity":"","overlay-gradient":""},"mobile":{"background-color":"","background-image":"","background-repeat":"repeat","background-position":"center center","background-size":"auto","background-attachment":"scroll","background-type":"","background-media":"","overlay-type":"","overlay-color":"","overlay-opacity":"","overlay-gradient":""}},"ast-content-background-meta":{"desktop":{"background-color":"var(--ast-global-color-5)","background-image":"","background-repeat":"repeat","background-position":"center center","background-size":"auto","background-attachment":"scroll","background-type":"","background-media":"","overlay-type":"","overlay-color":"","overlay-opacity":"","overlay-gradient":""},"tablet":{"background-color":"var(--ast-global-color-5)","background-image":"","background-repeat":"repeat","background-position":"center center","background-size":"auto","background-attachment":"scroll","background-type":"","background-media":"","overlay-type":"","overlay-color":"","overlay-opacity":"","overlay-gradient":""},"mobile":{"background-color":"var(--ast-global-color-5)","background-image":"","background-repeat":"repeat","background-position":"center center","background-size":"auto","background-attachment":"scroll","background-type":"","background-media":"","overlay-type":"","overlay-color":"","overlay-opacity":"","overlay-gradient":""}}},"product_brand":[],"product_cat":[397],"product_tag":[],"class_list":{"0":"post-47836","1":"product","2":"type-product","3":"status-publish","4":"has-post-thumbnail","6":"product_cat-hash-cbd","7":"desktop-align-center","8":"tablet-align-center","9":"mobile-align-center","11":"first","12":"instock","13":"taxable","14":"shipping-taxable","15":"purchasable","16":"product-type-variable"},"acf":[],"yoast_head":"<!-- This site is optimized with the Yoast SEO Premium plugin v27.3 (Yoast SEO v27.3) - https:\/\/yoast.com\/product\/yoast-seo-premium-wordpress\/ -->\n<title>Hash CBD Piatella 40%: Hach\u00eds Premium Legal en Espa\u00f1a | Iguana Smoke<\/title>\n<meta name=\"description\" content=\"Eleva tu experiencia al comprar hach\u00eds CBD online: nuestro Hash CBD Piatella 40%, uno de los m\u00e1s premium del mercado, tu hash sin THC. \u00a1No esperes m\u00e1s!\" \/>\n<meta name=\"robots\" content=\"index, follow, max-snippet:-1, max-image-preview:large, max-video-preview:-1\" \/>\n<link rel=\"canonical\" href=\"https:\/\/iguanasmoke.com\/it\/prodotto\/hashish-cbd-piatella-40\/\" \/>\n<meta property=\"og:locale\" content=\"it_IT\" \/>\n<meta property=\"og:type\" content=\"article\" \/>\n<meta property=\"og:title\" content=\"Hash CBD Piatella 40%\" \/>\n<meta property=\"og:description\" content=\"\u00a0Prueba el Piatella Hash 40% CBD, perfecta para quienes quieren disfrutar de un aroma dulce y frutal.   CBD: 40%, garantizando una alta intensidad.  Aroma con un toque especiado que recuerda a las resinas tradicionales.  100% legal en Europa - menos del 0,3% THC.  An\u00e1lisis de calidad: pincha\u00a0aqu\u00ed\" \/>\n<meta property=\"og:url\" content=\"https:\/\/iguanasmoke.com\/it\/prodotto\/hashish-cbd-piatella-40\/\" \/>\n<meta property=\"og:site_name\" content=\"Iguana Smoke\" \/>\n<meta property=\"article:publisher\" content=\"https:\/\/www.facebook.com\/iguanasmoke\" \/>\n<meta property=\"article:modified_time\" content=\"2026-03-20T10:45:57+00:00\" \/>\n<meta property=\"og:image\" content=\"https:\/\/iguanasmoke.com\/wp-content\/uploads\/2025\/01\/Piatella-2g-con-hash.webp\" \/>\n\t<meta property=\"og:image:width\" content=\"1000\" \/>\n\t<meta property=\"og:image:height\" content=\"1000\" \/>\n\t<meta property=\"og:image:type\" content=\"image\/webp\" \/>\n<meta name=\"twitter:card\" content=\"summary_large_image\" \/>\n<meta name=\"twitter:label1\" content=\"Disponibilit\u00e0\" \/>\n\t<meta name=\"twitter:data1\" content=\"In stock\" \/>\n<meta property=\"product:brand\" content=\"variable\" \/>\n<meta property=\"og:availability\" content=\"instock\" \/>\n<meta property=\"product:availability\" content=\"instock\" \/>\n<meta property=\"product:condition\" content=\"new\" \/>\n<!-- \/ Yoast SEO Premium plugin. -->","yoast_head_json":{"title":"Hash CBD Piatella 40%: Hashish Premium legale in Spagna : Iguana Smoke","description":"Elevate la vostra esperienza di acquisto di CBD hashish online: il nostro CBD Hash Piatella 40%, uno dei CBD hashish pi\u00f9 pregiati sul mercato, il vostro hashish senza THC. Non aspettate oltre!","robots":{"index":"index","follow":"follow","max-snippet":"max-snippet:-1","max-image-preview":"max-image-preview:large","max-video-preview":"max-video-preview:-1"},"canonical":"https:\/\/iguanasmoke.com\/it\/prodotto\/hashish-cbd-piatella-40\/","og_locale":"it_IT","og_type":"article","og_title":"Hash CBD Piatella 40%","og_description":"\u00a0Prueba el Piatella Hash 40% CBD, perfecta para quienes quieren disfrutar de un aroma dulce y frutal.   CBD: 40%, garantizando una alta intensidad.  Aroma con un toque especiado que recuerda a las resinas tradicionales.  100% legal en Europa - menos del 0,3% THC.  An\u00e1lisis de calidad: pincha\u00a0aqu\u00ed","og_url":"https:\/\/iguanasmoke.com\/it\/prodotto\/hashish-cbd-piatella-40\/","og_site_name":"Iguana Smoke","article_publisher":"https:\/\/www.facebook.com\/iguanasmoke","article_modified_time":"2026-03-20T10:45:57+00:00","og_image":[{"width":1000,"height":1000,"url":"https:\/\/iguanasmoke.com\/wp-content\/uploads\/2025\/01\/Piatella-2g-con-hash.webp","type":"image\/webp"}],"twitter_card":"summary_large_image","twitter_misc":{"Disponibilit\u00e0":"In stock"},"schema":{"@context":"https:\/\/schema.org","@graph":[{"@type":"WebPage","@id":"https:\/\/iguanasmoke.com\/producto\/hash-cbd-piatella-40\/","url":"https:\/\/iguanasmoke.com\/producto\/hash-cbd-piatella-40\/","name":"Hash CBD Piatella 40%: Hashish Premium legale in Spagna : Iguana Smoke","isPartOf":{"@id":"https:\/\/iguanasmoke.com\/#website"},"primaryImageOfPage":{"@id":"https:\/\/iguanasmoke.com\/producto\/hash-cbd-piatella-40\/#primaryimage"},"image":{"@id":"https:\/\/iguanasmoke.com\/producto\/hash-cbd-piatella-40\/#primaryimage"},"thumbnailUrl":"https:\/\/iguanasmoke.com\/wp-content\/uploads\/2025\/01\/Piatella-2g-con-hash.webp","datePublished":"2025-01-14T20:03:09+00:00","dateModified":"2026-03-20T10:45:57+00:00","description":"Elevate la vostra esperienza di acquisto di CBD hashish online: il nostro CBD Hash Piatella 40%, uno dei CBD hashish pi\u00f9 pregiati sul mercato, il vostro hashish senza THC. Non aspettate oltre!","breadcrumb":{"@id":"https:\/\/iguanasmoke.com\/producto\/hash-cbd-piatella-40\/#breadcrumb"},"inLanguage":"it-IT","potentialAction":[{"@type":"ReadAction","target":["https:\/\/iguanasmoke.com\/producto\/hash-cbd-piatella-40\/"]}]},{"@type":"ImageObject","inLanguage":"it-IT","@id":"https:\/\/iguanasmoke.com\/producto\/hash-cbd-piatella-40\/#primaryimage","url":"https:\/\/iguanasmoke.com\/wp-content\/uploads\/2025\/01\/Piatella-2g-con-hash.webp","contentUrl":"https:\/\/iguanasmoke.com\/wp-content\/uploads\/2025\/01\/Piatella-2g-con-hash.webp","width":1000,"height":1000,"caption":"Hash CBD Piatella 2g"},{"@type":"BreadcrumbList","@id":"https:\/\/iguanasmoke.com\/producto\/hash-cbd-piatella-40\/#breadcrumb","itemListElement":[{"@type":"ListItem","position":1,"name":"home","item":"https:\/\/iguanasmoke.com\/"},{"@type":"ListItem","position":2,"name":"Tienda","item":"https:\/\/iguanasmoke.com\/tienda\/"},{"@type":"ListItem","position":3,"name":"Hash CBD","item":"https:\/\/iguanasmoke.com\/categoria\/hash-cbd\/"},{"@type":"ListItem","position":4,"name":"Hash CBD Piatella 40%"}]},{"@type":"WebSite","@id":"https:\/\/iguanasmoke.com\/#website","url":"https:\/\/iguanasmoke.com\/","name":"Fumo di iguana","description":"Acquistare CBD online al miglior prezzo","publisher":{"@id":"https:\/\/iguanasmoke.com\/#organization"},"potentialAction":[{"@type":"SearchAction","target":{"@type":"EntryPoint","urlTemplate":"https:\/\/iguanasmoke.com\/?s={search_term_string}"},"query-input":{"@type":"PropertyValueSpecification","valueRequired":true,"valueName":"search_term_string"}}],"inLanguage":"it-IT"},{"@type":"Organization","@id":"https:\/\/iguanasmoke.com\/#organization","name":"Fumo di iguana","url":"https:\/\/iguanasmoke.com\/","logo":{"@type":"ImageObject","inLanguage":"it-IT","@id":"https:\/\/iguanasmoke.com\/#\/schema\/logo\/image\/","url":"https:\/\/iguanasmoke.com\/wp-content\/uploads\/2025\/01\/logoiguana-favi-1.png","contentUrl":"https:\/\/iguanasmoke.com\/wp-content\/uploads\/2025\/01\/logoiguana-favi-1.png","width":512,"height":512,"caption":"Iguana Smoke"},"image":{"@id":"https:\/\/iguanasmoke.com\/#\/schema\/logo\/image\/"},"sameAs":["https:\/\/www.facebook.com\/iguanasmoke","https:\/\/www.instagram.com\/iguanasmoke\/"]}]},"product_brand":"variable","og_availability":"instock","product_availability":"instock","product_condition":"new"},"_links":{"self":[{"href":"https:\/\/iguanasmoke.com\/it\/wp-json\/wp\/v2\/product\/47836","targetHints":{"allow":["GET"]}}],"collection":[{"href":"https:\/\/iguanasmoke.com\/it\/wp-json\/wp\/v2\/product"}],"about":[{"href":"https:\/\/iguanasmoke.com\/it\/wp-json\/wp\/v2\/types\/product"}],"replies":[{"embeddable":true,"href":"https:\/\/iguanasmoke.com\/it\/wp-json\/wp\/v2\/comments?post=47836"}],"wp:featuredmedia":[{"embeddable":true,"href":"https:\/\/iguanasmoke.com\/it\/wp-json\/wp\/v2\/media\/81844"}],"wp:attachment":[{"href":"https:\/\/iguanasmoke.com\/it\/wp-json\/wp\/v2\/media?parent=47836"}],"wp:term":[{"taxonomy":"product_brand","embeddable":true,"href":"https:\/\/iguanasmoke.com\/it\/wp-json\/wp\/v2\/product_brand?post=47836"},{"taxonomy":"product_cat","embeddable":true,"href":"https:\/\/iguanasmoke.com\/it\/wp-json\/wp\/v2\/product_cat?post=47836"},{"taxonomy":"product_tag","embeddable":true,"href":"https:\/\/iguanasmoke.com\/it\/wp-json\/wp\/v2\/product_tag?post=47836"}],"curies":[{"name":"wp","href":"https:\/\/api.w.org\/{rel}","templated":true}]}}