{"id":47842,"date":"2025-01-14T21:11:14","date_gmt":"2025-01-14T20:11:14","guid":{"rendered":"https:\/\/iguanasmoke.com\/?post_type=product&#038;p=47842"},"modified":"2026-03-09T09:32:38","modified_gmt":"2026-03-09T08:32:38","slug":"hashish-cbd-statico-runtz-40","status":"publish","type":"product","link":"https:\/\/iguanasmoke.com\/it\/producto\/hash-cbd-static-runtz-40\/","title":{"rendered":"Hash CBD Statico Runtz 40%"},"content":{"rendered":"<h1><span style=\"font-weight: 400;\">Hash CBD Static Runtz 40%: capolavoro artigianale<\/span><\/h1>\n<p><span style=\"font-weight: 400;\">Benvenuti in una nuova esperienza di qualit\u00e0 superiore con il modello <strong>Hash CBD Runtz statico<\/strong>. Questo hashish sta rivoluzionando il mercato perch\u00e9 contiene un <strong>40% di CBD<\/strong> e vi offre una combinazione unica di propriet\u00e0 rilassanti con un profumo eccezionale: ha una <strong>finitura a mano<\/strong> degno dei palati pi\u00f9 esigenti.<\/span><\/p>\n<p>\u00c8 ideale per chi cerca genuinit\u00e0 e benefici terapeutici grazie al suo sapore equilibrato e alla sua <strong>alta concentrazione di CBD<\/strong>. <span style=\"font-weight: 400;\">Inoltre ha meno di 0,3% di THC, quindi questo hashish \u00e8 <strong>legale in Spagna e in Europa<\/strong>.<\/span><\/p>\n<p>\u00c8 molto pi\u00f9 di un semplice hashish al CBD. \u00c8 un'opera di artigianato che combina qualit\u00e0, purezza e un aroma ineguagliabile; una scelta eccezionale sul mercato. <span style=\"font-weight: 400;\"> Esplorate la sua consistenza e assaporate i suoi aromi! Scoprite perch\u00e9 il <strong>Hashish CBD statico Runtz <\/strong>\u00e8 una delle resine pi\u00f9 autentiche e di migliore qualit\u00e0 che possiate trovare se desiderate <strong>hashish CBD a basso costo<\/strong> ma premium.<\/span><\/p>\n<p>&nbsp;<\/p>\n<h2>Caratteristiche dell'Hash CBD Runtz statico:<\/h2>\n<ul>\n<li><b>Aspetto e consistenza: <span style=\"font-size: 16px; font-weight: 400;\">si distingue per la sua <strong>consistenza morbida e compatta, leggermente mielata<\/strong>. Di colore marrone dorato, questo hashish ha una <strong>consistenza friabile<\/strong> che facilita un uso piacevole, riflettendo la cura e la precisione della sua lavorazione.\u00a0<\/span><\/b><\/li>\n<li><span style=\"font-size: 16px; font-weight: 400;\"><strong>Aroma e gusto:<\/strong> <strong>dolce e fruttato<\/strong>; Con note di agrumi.<\/span><\/li>\n<li><strong>Origine e purezza:<\/strong><span style=\"font-size: 16px; font-weight: 400;\"> \u00c8 stato sviluppato con <strong>metodi tradizionali<\/strong>, Viene prodotto estraendo con cura i cannabinoidi e i terpeni naturali dalla canapa. Viene prodotta con un'estrazione delicata che separa i cannabinoidi e i terpeni dalla canapa. <strong>tricomi di canapa<\/strong>, Il risultato \u00e8 una purezza eccezionale e una consistenza omogenea.\u00a0<\/span><\/li>\n<\/ul>\n<p>&nbsp;<\/p>\n<h3><b>Perch\u00e9 acquistare l'hashish CBD Static Runtz da Iguana Smoke?<\/b><\/h3>\n<p><span style=\"font-weight: 400;\">Noi di Iguana Smoke ci impegniamo per la qualit\u00e0. I nostri prodotti a base di CBD sono 100% naturali e biologici, senza sostanze chimiche o pesticidi. Ci\u00f2 significa che quando acquistate da noi, state scegliendo <strong>resina e hashish CBD puro e sicuro<\/strong>. Come nel caso del nostro <strong>Hashish CBD statico Runtz<\/strong><strong>.<\/strong><\/span><\/p>\n<p><span style=\"font-weight: 400;\">Questo \u00e8 il luogo sicuro per <strong>acquistare hashish CBD online in Spagna.<\/strong> Tutti i nostri prodotti sono approvati dall'UE, a garanzia della loro legalit\u00e0 e sicurezza. Con meno di 0,3 % di THC, \u00e8 possibile godere dei numerosi benefici del CBD senza gli effetti psicoattivi. Il nostro <strong>CBD hashish senza THC con alto contenuto di CBD<\/strong> soddisfa gli standard di qualit\u00e0, la cui analisi \u00e8 disponibile all'indirizzo<\/span><span style=\"font-weight: 400;\">\u00a0<a href=\"https:\/\/iguanasmoke.com\/it\/analitica\/\">qui<\/a>.\u00a0<\/span><\/p>\n<p><em><span style=\"font-weight: 400;\">*Nota bene: il suo utilizzo \u00e8 destinato alla raccolta o all'aromaterapia secondo la legge spagnola.\u00a0<\/span><\/em><\/p>\n<p><span style=\"font-weight: 400;\">Inoltre, se amate le nostre resine CBD pi\u00f9 tradizionali come la <a href=\"https:\/\/iguanasmoke.com\/it\/prodotto\/dry-sift-hash-cbd-15\/\">hash CBD Vaglio a secco<\/a> o il <a href=\"https:\/\/iguanasmoke.com\/it\/prodotto\/hashish-di-cbd-a-triplo-filtro\/\">hash CBD triplo filtrato<\/a>, tu, tu <\/span><span style=\"font-weight: 400;\">ci assicuriamo che il <strong>Hash CBD Runtz statico<\/strong> vi far\u00e0 divertire. Inoltre, non dimenticate di provare altri <strong>Prodotti TOP<\/strong> come il <a href=\"https:\/\/iguanasmoke.com\/it\/prodotto\/rosin-cbd-freddo-91-con-terpeni-live\/\">Estratto di colofonia<\/a> o il <a href=\"https:\/\/iguanasmoke.com\/it\/prodotto\/vape-cbd-iguana-pod-pocket-ak-47-ampio-spettro-750mg-2\/\">Vaper CBD Ak-47<\/a>. <\/span><span style=\"font-weight: 400;\">In breve, esplorate la nostra variet\u00e0 e trovate subito i vostri preferiti.\u00a0<\/span><\/p>\n<p>&nbsp;<\/p>\n<h3><b>Iguana Smoke \u00e8 sinonimo di qualit\u00e0 e affidabilit\u00e0.<\/b><\/h3>\n<p><span style=\"font-weight: 400;\">Noi di Iguana Smoke crediamo che il consumo di CBD debba essere un'esperienza sicura e piacevole. Ecco perch\u00e9 abbiamo prodotti di alta qualit\u00e0 che si rivolgono alle nuove generazioni: persone che cercano un benessere senza complicazioni, con marchi autentici e affidabili. Ricordate che tutti i nostri prodotti sono <strong>Hashish di CBD senza THC<\/strong>, come il <strong>Hash CBD Statico Runtz 40% <\/strong>che proverete a fare.<\/span><\/p>\n<p>La nostra missione \u00e8 chiara: offrirvi il meglio del mondo dei cannabinoidi a un prezzo equo, con la tranquillit\u00e0 che deriva dalla consapevolezza di scegliere un prodotto certificato, efficace e legale. Siamo all'avanguardia nei prodotti a base di CBD.<\/p>\n<p>Ancora dubbi? Scriveteci e saremo lieti di aiutarvi a trovare il prodotto giusto per voi.<\/p>\n<p>&nbsp;<\/p>","protected":false},"excerpt":{"rendered":"<p><span style=\"font-weight: 400;\">Provate Hash CBD Static Runtz, una resina di CBD unica con un aroma speciale. Combina la cannabis terrosa e resinosa con un tocco di freschezza agrumata.\u00a0<\/span><\/p>\n<ul>\n<li>Composizione: 40% CBD e &lt;0,3% THC<\/li>\n<li>100% legale in Spagna<\/li>\n<\/ul>\n<p>Analisi della qualit\u00e0: clicca\u00a0<a href=\"https:\/\/iguanasmoke.com\/it\/analitica\/\" target=\"_blank\" rel=\"noopener\">qui<\/a><\/p>","protected":false},"featured_media":60797,"comment_status":"open","ping_status":"closed","template":"","meta":{"_acf_changed":false,"site-sidebar-layout":"default","site-content-layout":"default","ast-site-content-layout":"default","site-content-style":"default","site-sidebar-style":"default","ast-global-header-display":"","ast-banner-title-visibility":"","ast-main-header-display":"","ast-hfb-above-header-display":"","ast-hfb-below-header-display":"","ast-hfb-mobile-header-display":"","site-post-title":"","ast-breadcrumbs-content":"","ast-featured-img":"","footer-sml-layout":"","theme-transparent-header-meta":"default","adv-header-id-meta":"","stick-header-meta":"","header-above-stick-meta":"","header-main-stick-meta":"","header-below-stick-meta":"","astra-migrate-meta-layouts":"set","ast-page-background-enabled":"default","ast-page-background-meta":{"desktop":{"background-color":"var(--ast-global-color-4)","background-image":"","background-repeat":"repeat","background-position":"center center","background-size":"auto","background-attachment":"scroll","background-type":"","background-media":"","overlay-type":"","overlay-color":"","overlay-opacity":"","overlay-gradient":""},"tablet":{"background-color":"","background-image":"","background-repeat":"repeat","background-position":"center center","background-size":"auto","background-attachment":"scroll","background-type":"","background-media":"","overlay-type":"","overlay-color":"","overlay-opacity":"","overlay-gradient":""},"mobile":{"background-color":"","background-image":"","background-repeat":"repeat","background-position":"center center","background-size":"auto","background-attachment":"scroll","background-type":"","background-media":"","overlay-type":"","overlay-color":"","overlay-opacity":"","overlay-gradient":""}},"ast-content-background-meta":{"desktop":{"background-color":"var(--ast-global-color-5)","background-image":"","background-repeat":"repeat","background-position":"center center","background-size":"auto","background-attachment":"scroll","background-type":"","background-media":"","overlay-type":"","overlay-color":"","overlay-opacity":"","overlay-gradient":""},"tablet":{"background-color":"var(--ast-global-color-5)","background-image":"","background-repeat":"repeat","background-position":"center center","background-size":"auto","background-attachment":"scroll","background-type":"","background-media":"","overlay-type":"","overlay-color":"","overlay-opacity":"","overlay-gradient":""},"mobile":{"background-color":"var(--ast-global-color-5)","background-image":"","background-repeat":"repeat","background-position":"center center","background-size":"auto","background-attachment":"scroll","background-type":"","background-media":"","overlay-type":"","overlay-color":"","overlay-opacity":"","overlay-gradient":""}}},"product_brand":[],"product_cat":[397],"product_tag":[],"class_list":{"0":"post-47842","1":"product","2":"type-product","3":"status-publish","4":"has-post-thumbnail","6":"product_cat-hash-cbd","7":"desktop-align-center","8":"tablet-align-center","9":"mobile-align-center","11":"first","12":"outofstock","13":"taxable","14":"shipping-taxable","15":"purchasable","16":"product-type-variable"},"acf":[],"yoast_head":"<!-- This site is optimized with the Yoast SEO Premium plugin v27.3 (Yoast SEO v27.3) - https:\/\/yoast.com\/product\/yoast-seo-premium-wordpress\/ -->\n<title>Hash CBD Static Runtz 40%: hash CBD barato premium | Iguana Smoke<\/title>\n<meta name=\"description\" content=\"Experimenta la calidad artesanal del Hash CBD Static Runtz. Con elevado contenido de CBD y bajo THC. \u00a1Prueba lo diferente con el hach\u00eds CBD Static Runtz!\" \/>\n<meta name=\"robots\" content=\"index, follow, max-snippet:-1, max-image-preview:large, max-video-preview:-1\" \/>\n<link rel=\"canonical\" href=\"https:\/\/iguanasmoke.com\/it\/prodotto\/hashish-cbd-statico-runtz-40\/\" \/>\n<meta property=\"og:locale\" content=\"it_IT\" \/>\n<meta property=\"og:type\" content=\"article\" \/>\n<meta property=\"og:title\" content=\"Hash CBD Static Runtz 40%\" \/>\n<meta property=\"og:description\" content=\"Prueba el Hash CBD Static Runtz, una resina CBD \u00fanica con un aroma especial. Combina lo terroso y lo resinoso del cannabis con un fresco toque c\u00edtrico.\u00a0   Composici\u00f3n: 40% de CBD y &lt;0,3% THC  100% legal en Espa\u00f1a  An\u00e1lisis de calidad: pincha\u00a0aqu\u00ed\" \/>\n<meta property=\"og:url\" content=\"https:\/\/iguanasmoke.com\/it\/prodotto\/hashish-cbd-statico-runtz-40\/\" \/>\n<meta property=\"og:site_name\" content=\"Iguana Smoke\" \/>\n<meta property=\"article:publisher\" content=\"https:\/\/www.facebook.com\/iguanasmoke\" \/>\n<meta property=\"article:modified_time\" content=\"2026-03-09T08:32:38+00:00\" \/>\n<meta property=\"og:image\" content=\"https:\/\/iguanasmoke.com\/wp-content\/uploads\/2023\/08\/Hash-Static-Runtz.webp\" \/>\n\t<meta property=\"og:image:width\" content=\"1000\" \/>\n\t<meta property=\"og:image:height\" content=\"1000\" \/>\n\t<meta property=\"og:image:type\" content=\"image\/webp\" \/>\n<meta name=\"twitter:card\" content=\"summary_large_image\" \/>\n<meta name=\"twitter:label1\" content=\"Disponibilit\u00e0\" \/>\n\t<meta name=\"twitter:data1\" content=\"Esaurito\" \/>\n<meta property=\"product:brand\" content=\"variable\" \/>\n<meta property=\"og:availability\" content=\"out of stock\" \/>\n<meta property=\"product:availability\" content=\"out of stock\" \/>\n<meta property=\"product:condition\" content=\"new\" \/>\n<!-- \/ Yoast SEO Premium plugin. -->","yoast_head_json":{"title":"Hash CBD Static Runtz 40%: hashish CBD di qualit\u00e0 superiore a buon mercato : Iguana Smoke","description":"Provate la qualit\u00e0 artigianale di Static Runtz CBD Hash. Con un alto contenuto di CBD e un basso contenuto di THC, provate la differenza con Static Runtz CBD Hash!","robots":{"index":"index","follow":"follow","max-snippet":"max-snippet:-1","max-image-preview":"max-image-preview:large","max-video-preview":"max-video-preview:-1"},"canonical":"https:\/\/iguanasmoke.com\/it\/prodotto\/hashish-cbd-statico-runtz-40\/","og_locale":"it_IT","og_type":"article","og_title":"Hash CBD Static Runtz 40%","og_description":"Prueba el Hash CBD Static Runtz, una resina CBD \u00fanica con un aroma especial. Combina lo terroso y lo resinoso del cannabis con un fresco toque c\u00edtrico.\u00a0   Composici\u00f3n: 40% de CBD y &lt;0,3% THC  100% legal en Espa\u00f1a  An\u00e1lisis de calidad: pincha\u00a0aqu\u00ed","og_url":"https:\/\/iguanasmoke.com\/it\/prodotto\/hashish-cbd-statico-runtz-40\/","og_site_name":"Iguana Smoke","article_publisher":"https:\/\/www.facebook.com\/iguanasmoke","article_modified_time":"2026-03-09T08:32:38+00:00","og_image":[{"width":1000,"height":1000,"url":"https:\/\/iguanasmoke.com\/wp-content\/uploads\/2023\/08\/Hash-Static-Runtz.webp","type":"image\/webp"}],"twitter_card":"summary_large_image","twitter_misc":{"Disponibilit\u00e0":"Esaurito"},"schema":{"@context":"https:\/\/schema.org","@graph":[{"@type":"WebPage","@id":"https:\/\/iguanasmoke.com\/producto\/hash-cbd-static-runtz-40\/","url":"https:\/\/iguanasmoke.com\/producto\/hash-cbd-static-runtz-40\/","name":"Hash CBD Static Runtz 40%: hashish CBD di qualit\u00e0 superiore a buon mercato : Iguana Smoke","isPartOf":{"@id":"https:\/\/iguanasmoke.com\/#website"},"primaryImageOfPage":{"@id":"https:\/\/iguanasmoke.com\/producto\/hash-cbd-static-runtz-40\/#primaryimage"},"image":{"@id":"https:\/\/iguanasmoke.com\/producto\/hash-cbd-static-runtz-40\/#primaryimage"},"thumbnailUrl":"https:\/\/iguanasmoke.com\/wp-content\/uploads\/2023\/08\/Hash-Static-Runtz.webp","datePublished":"2025-01-14T20:11:14+00:00","dateModified":"2026-03-09T08:32:38+00:00","description":"Provate la qualit\u00e0 artigianale di Static Runtz CBD Hash. Con un alto contenuto di CBD e un basso contenuto di THC, provate la differenza con Static Runtz CBD Hash!","breadcrumb":{"@id":"https:\/\/iguanasmoke.com\/producto\/hash-cbd-static-runtz-40\/#breadcrumb"},"inLanguage":"it-IT","potentialAction":[{"@type":"ReadAction","target":["https:\/\/iguanasmoke.com\/producto\/hash-cbd-static-runtz-40\/"]}]},{"@type":"ImageObject","inLanguage":"it-IT","@id":"https:\/\/iguanasmoke.com\/producto\/hash-cbd-static-runtz-40\/#primaryimage","url":"https:\/\/iguanasmoke.com\/wp-content\/uploads\/2023\/08\/Hash-Static-Runtz.webp","contentUrl":"https:\/\/iguanasmoke.com\/wp-content\/uploads\/2023\/08\/Hash-Static-Runtz.webp","width":1000,"height":1000,"caption":"hash Static Runtz con bote de hash cbd"},{"@type":"BreadcrumbList","@id":"https:\/\/iguanasmoke.com\/producto\/hash-cbd-static-runtz-40\/#breadcrumb","itemListElement":[{"@type":"ListItem","position":1,"name":"home","item":"https:\/\/iguanasmoke.com\/"},{"@type":"ListItem","position":2,"name":"Tienda","item":"https:\/\/iguanasmoke.com\/tienda\/"},{"@type":"ListItem","position":3,"name":"Hash CBD","item":"https:\/\/iguanasmoke.com\/categoria\/hash-cbd\/"},{"@type":"ListItem","position":4,"name":"Hash CBD Static Runtz 40%"}]},{"@type":"WebSite","@id":"https:\/\/iguanasmoke.com\/#website","url":"https:\/\/iguanasmoke.com\/","name":"Fumo di iguana","description":"Acquistare CBD online al miglior prezzo","publisher":{"@id":"https:\/\/iguanasmoke.com\/#organization"},"potentialAction":[{"@type":"SearchAction","target":{"@type":"EntryPoint","urlTemplate":"https:\/\/iguanasmoke.com\/?s={search_term_string}"},"query-input":{"@type":"PropertyValueSpecification","valueRequired":true,"valueName":"search_term_string"}}],"inLanguage":"it-IT"},{"@type":"Organization","@id":"https:\/\/iguanasmoke.com\/#organization","name":"Fumo di iguana","url":"https:\/\/iguanasmoke.com\/","logo":{"@type":"ImageObject","inLanguage":"it-IT","@id":"https:\/\/iguanasmoke.com\/#\/schema\/logo\/image\/","url":"https:\/\/iguanasmoke.com\/wp-content\/uploads\/2025\/01\/logoiguana-favi-1.png","contentUrl":"https:\/\/iguanasmoke.com\/wp-content\/uploads\/2025\/01\/logoiguana-favi-1.png","width":512,"height":512,"caption":"Iguana Smoke"},"image":{"@id":"https:\/\/iguanasmoke.com\/#\/schema\/logo\/image\/"},"sameAs":["https:\/\/www.facebook.com\/iguanasmoke","https:\/\/www.instagram.com\/iguanasmoke\/"]}]},"product_brand":"variable","og_availability":"out of stock","product_availability":"out of stock","product_condition":"new"},"_links":{"self":[{"href":"https:\/\/iguanasmoke.com\/it\/wp-json\/wp\/v2\/product\/47842","targetHints":{"allow":["GET"]}}],"collection":[{"href":"https:\/\/iguanasmoke.com\/it\/wp-json\/wp\/v2\/product"}],"about":[{"href":"https:\/\/iguanasmoke.com\/it\/wp-json\/wp\/v2\/types\/product"}],"replies":[{"embeddable":true,"href":"https:\/\/iguanasmoke.com\/it\/wp-json\/wp\/v2\/comments?post=47842"}],"wp:featuredmedia":[{"embeddable":true,"href":"https:\/\/iguanasmoke.com\/it\/wp-json\/wp\/v2\/media\/60797"}],"wp:attachment":[{"href":"https:\/\/iguanasmoke.com\/it\/wp-json\/wp\/v2\/media?parent=47842"}],"wp:term":[{"taxonomy":"product_brand","embeddable":true,"href":"https:\/\/iguanasmoke.com\/it\/wp-json\/wp\/v2\/product_brand?post=47842"},{"taxonomy":"product_cat","embeddable":true,"href":"https:\/\/iguanasmoke.com\/it\/wp-json\/wp\/v2\/product_cat?post=47842"},{"taxonomy":"product_tag","embeddable":true,"href":"https:\/\/iguanasmoke.com\/it\/wp-json\/wp\/v2\/product_tag?post=47842"}],"curies":[{"name":"wp","href":"https:\/\/api.w.org\/{rel}","templated":true}]}}