{"id":47853,"date":"2025-01-14T21:29:23","date_gmt":"2025-01-14T20:29:23","guid":{"rendered":"https:\/\/iguanasmoke.com\/?post_type=product&#038;p=47853"},"modified":"2026-04-15T10:38:13","modified_gmt":"2026-04-15T08:38:13","slug":"hashish-cbd-setacciato-a-secco-15","status":"publish","type":"product","link":"https:\/\/iguanasmoke.com\/it\/producto\/hash-cbd-dry-sift-15\/","title":{"rendered":"Hash CBD Dry Sift 15%"},"content":{"rendered":"<h1><span style=\"font-weight: 400\">Hash CBD Dry Sift 15%: l'hashish CBD fatto a mano che vi meritate<\/span><\/h1>\n<p><span style=\"font-weight: 400\">Progettato per i pi\u00f9 esigenti <strong>Hash CBD Dry Sift 15% <\/strong> \u00e8 molto pi\u00f9 di un semplice hashish. \u00c8 un capolavoro di estrazione artigianale, progettato per offrire un'esperienza autentica e arricchente. Questo hashish vi offre una combinazione unica di propriet\u00e0 rilassanti con un aroma eccezionale: ha un aroma di <strong>finitura a mano<\/strong> degno dei palati pi\u00f9 esperti.<\/span><\/p>\n<p>\u00c8 ideale per chi cerca la genuinit\u00e0 e ricerca benefici terapeutici grazie al suo sapore e al suo gusto perfetto e naturale. <strong>concentrazione bilanciata di CBD<\/strong>. <span style=\"font-weight: 400\">Inoltre ha meno di 0,3% di THC, quindi questo hashish \u00e8 <strong>legale in Spagna e in Europa<\/strong>.<\/span><\/p>\n<p>\u00c8 molto pi\u00f9 di un semplice hashish al CBD. \u00c8 un'opera di artigianato che combina qualit\u00e0, purezza e un aroma ineguagliabile; una scelta eccezionale sul mercato. <span style=\"font-weight: 400\"> Esplorate la sua consistenza e assaporate i suoi aromi! Scoprite perch\u00e9 il <strong>hashish CBD Dry Sift 15% <\/strong>\u00e8 una delle resine pi\u00f9 autentiche e di migliore qualit\u00e0 che possiate trovare se desiderate <strong>hashish CBD a basso costo<\/strong> ma premium.<\/span><\/p>\n<p>&nbsp;<\/p>\n<h2>Caratteristiche dell'Hash CBD Dry Sift:<\/h2>\n<ul>\n<li><b>Aspetto e consistenza: <span style=\"font-size: 16px;font-weight: 400\">si distingue per la sua <strong>texture liscia come la seta<\/strong>. Di colore dorato chiaro, questo hashish ha un sapore molto gradevole.<strong>onsistenza in un ambiente fatiscente<\/strong> che facilita un uso piacevole, riflettendo la cura e la precisione della sua lavorazione. In esso <span style=\"font-weight: 400\">\u00e8 possibile vedere il <strong>piccoli cristalli di resina<\/strong>, segno che \u00e8 ricco di cannabinoidi e terpeni di alta qualit\u00e0.<\/span><\/span><\/b><\/li>\n<li><span style=\"font-size: 16px;font-weight: 400\"><strong>Aroma e gusto:<\/strong> profondo e naturale; con tocchi di <strong>Aromi terrosi e agrumati<\/strong>.<\/span><\/li>\n<li><strong>Origine e purezza:<\/strong><span style=\"font-size: 16px;font-weight: 400\"> <strong><span style=\"font-weight: 400\">Tutto ha inizio con il metodo di estrazione dell'hashish, che viene realizzato un <strong>vagliatura a secco<\/strong> chiamato \u201cDry-Sift\u201d. Si tratta di un metodo artigianale di <strong>separare i cristalli pi\u00f9 puri<\/strong> dalla pianta di canapa. Vengono utilizzate maglie sottili per ottenere una resina dalla consistenza liscia, dall'aroma intenso e dalla purezza ineguagliabile.<\/span><\/strong><\/span><\/li>\n<\/ul>\n<p>&nbsp;<\/p>\n<h3><b>Perch\u00e9 acquistare l'hashish CBD Dry Sift da Iguana Smoke?<\/b><\/h3>\n<p><span style=\"font-weight: 400\">Noi di Iguana Smoke ci impegniamo per la qualit\u00e0. Le nostre resine di hashish CBD sono 100% naturali e biologiche, senza sostanze chimiche o pesticidi. Ci\u00f2 significa che quando acquistate da noi, state scegliendo <strong>resina e hashish CBD puro e sicuro<\/strong>. Come nel caso del nostro <strong>hashish CBD Dry Sift 15%<\/strong><strong>.<\/strong><\/span><\/p>\n<p><span style=\"font-weight: 400\">Questo \u00e8 il luogo sicuro per <strong>acquistare hashish CBD online in Spagna.<\/strong> Tutti i nostri prodotti sono approvati dall'UE, a garanzia della loro legalit\u00e0 e sicurezza. Con meno di 0,3 % di THC, \u00e8 possibile godere dei numerosi benefici del CBD senza gli effetti psicoattivi. Il nostro <strong>CBD hashish senza THC con alto contenuto di CBD<\/strong> soddisfa gli standard di qualit\u00e0, la cui analisi \u00e8 disponibile all'indirizzo<\/span><span style=\"font-weight: 400\">\u00a0<a href=\"https:\/\/iguanasmoke.com\/it\/analitica\/\">qui<\/a>.\u00a0<\/span><\/p>\n<p><em><span style=\"font-weight: 400\">*Nota bene: il suo utilizzo \u00e8 destinato alla raccolta o all'aromaterapia secondo la legge spagnola.\u00a0<\/span><\/em><\/p>\n<p><span style=\"font-weight: 400\">Inoltre, se amate le nostre resine CBD pi\u00f9 tradizionali come la <a href=\"https:\/\/iguanasmoke.com\/it\/prodotto\/golden-hash-cbd-20\/\">hashish CBD Biondo<\/a> o il <a href=\"https:\/\/iguanasmoke.com\/it\/prodotto\/hashish-di-cbd-a-triplo-filtro\/\">hash CBD triplo filtrato<\/a>, tu, tu <\/span><span style=\"font-weight: 400\">ci assicuriamo che il <strong>Hash CBD setacciato a secco<\/strong> vi far\u00e0 divertire. Inoltre, non dimenticate di provare altri <strong>Prodotti TOP<\/strong> come il <a href=\"https:\/\/iguanasmoke.com\/it\/prodotto\/diamanti-cbd-98-terpeni-vivi\/\">Estratto di diamanti<\/a> o il <a href=\"https:\/\/iguanasmoke.com\/it\/prodotto\/vaper-cbd-iguana-pod-pocket-watermelon-3ml\/\">Vaper CBD Anguria<\/a>. <\/span><span style=\"font-weight: 400\">In breve, esplorate la nostra variet\u00e0 e trovate subito i vostri preferiti.\u00a0<\/span><\/p>\n<p>&nbsp;<\/p>\n<h3><b>Iguana Smoke \u00e8 sinonimo di qualit\u00e0 e affidabilit\u00e0.<\/b><\/h3>\n<p><span style=\"font-weight: 400\">Noi di Iguana Smoke crediamo che il consumo di CBD debba essere un'esperienza sicura e piacevole. Ecco perch\u00e9 abbiamo prodotti di alta qualit\u00e0 che si rivolgono alle nuove generazioni: persone che cercano un benessere senza complicazioni, con marchi autentici e affidabili. Ricordate che tutti i nostri prodotti sono <strong>Hashish di CBD senza THC<\/strong>, come il <strong>Hash CBD Dry Sift 15%<\/strong><strong>\u00a0<\/strong>che proverete a fare.<\/span><\/p>\n<p>La nostra missione \u00e8 chiara: offrirvi il meglio del mondo dei cannabinoidi a un prezzo equo, con la tranquillit\u00e0 che deriva dalla consapevolezza di scegliere un prodotto certificato, efficace e legale. Siamo all'avanguardia nei prodotti a base di CBD.<\/p>\n<p>Ancora dubbi? Scriveteci e saremo lieti di aiutarvi a trovare il prodotto giusto per voi.<\/p>","protected":false},"excerpt":{"rendered":"<p>Provate ora la Dry Sift Hash 15% CBD, una resina di CBD unica con un aroma speciale.<\/p>\n<ul>\n<li><strong>Purezza massima: <\/strong>Concentrazione di CBD 15% e THC &lt;0,3%.<\/li>\n<li>100% legale in Europa<\/li>\n<\/ul>\n<p>Analisi della qualit\u00e0: clicca\u00a0<a href=\"https:\/\/iguanasmoke.com\/it\/analitica\/\" target=\"_blank\" rel=\"noopener\">qui<\/a><\/p>","protected":false},"featured_media":81831,"comment_status":"open","ping_status":"closed","template":"","meta":{"_acf_changed":false,"site-sidebar-layout":"default","site-content-layout":"default","ast-site-content-layout":"default","site-content-style":"default","site-sidebar-style":"default","ast-global-header-display":"","ast-banner-title-visibility":"","ast-main-header-display":"","ast-hfb-above-header-display":"","ast-hfb-below-header-display":"","ast-hfb-mobile-header-display":"","site-post-title":"","ast-breadcrumbs-content":"","ast-featured-img":"","footer-sml-layout":"","theme-transparent-header-meta":"default","adv-header-id-meta":"","stick-header-meta":"","header-above-stick-meta":"","header-main-stick-meta":"","header-below-stick-meta":"","astra-migrate-meta-layouts":"set","ast-page-background-enabled":"default","ast-page-background-meta":{"desktop":{"background-color":"var(--ast-global-color-4)","background-image":"","background-repeat":"repeat","background-position":"center center","background-size":"auto","background-attachment":"scroll","background-type":"","background-media":"","overlay-type":"","overlay-color":"","overlay-opacity":"","overlay-gradient":""},"tablet":{"background-color":"","background-image":"","background-repeat":"repeat","background-position":"center center","background-size":"auto","background-attachment":"scroll","background-type":"","background-media":"","overlay-type":"","overlay-color":"","overlay-opacity":"","overlay-gradient":""},"mobile":{"background-color":"","background-image":"","background-repeat":"repeat","background-position":"center center","background-size":"auto","background-attachment":"scroll","background-type":"","background-media":"","overlay-type":"","overlay-color":"","overlay-opacity":"","overlay-gradient":""}},"ast-content-background-meta":{"desktop":{"background-color":"var(--ast-global-color-5)","background-image":"","background-repeat":"repeat","background-position":"center center","background-size":"auto","background-attachment":"scroll","background-type":"","background-media":"","overlay-type":"","overlay-color":"","overlay-opacity":"","overlay-gradient":""},"tablet":{"background-color":"var(--ast-global-color-5)","background-image":"","background-repeat":"repeat","background-position":"center center","background-size":"auto","background-attachment":"scroll","background-type":"","background-media":"","overlay-type":"","overlay-color":"","overlay-opacity":"","overlay-gradient":""},"mobile":{"background-color":"var(--ast-global-color-5)","background-image":"","background-repeat":"repeat","background-position":"center center","background-size":"auto","background-attachment":"scroll","background-type":"","background-media":"","overlay-type":"","overlay-color":"","overlay-opacity":"","overlay-gradient":""}}},"product_brand":[],"product_cat":[397],"product_tag":[],"class_list":{"0":"post-47853","1":"product","2":"type-product","3":"status-publish","4":"has-post-thumbnail","6":"product_cat-hash-cbd","7":"desktop-align-center","8":"tablet-align-center","9":"mobile-align-center","11":"first","12":"outofstock","13":"taxable","14":"shipping-taxable","15":"purchasable","16":"product-type-variable"},"acf":[],"yoast_head":"<!-- This site is optimized with the Yoast SEO Premium plugin v27.3 (Yoast SEO v27.3) - https:\/\/yoast.com\/product\/yoast-seo-premium-wordpress\/ -->\n<title>Hash CBD Dry Sift 15%: obra maestra artesanal | Iguana Smoke<\/title>\n<meta name=\"description\" content=\"Obt\u00e9n el aut\u00e9ntico sabor del Hash CBD Dry Sift 15%, rico en terpenos naturales y sin impurezas. Opta por la calidad y compra hach\u00eds CBD barato online ahora.\" \/>\n<meta name=\"robots\" content=\"index, follow, max-snippet:-1, max-image-preview:large, max-video-preview:-1\" \/>\n<link rel=\"canonical\" href=\"https:\/\/iguanasmoke.com\/it\/prodotto\/hashish-cbd-setacciato-a-secco-15\/\" \/>\n<meta property=\"og:locale\" content=\"it_IT\" \/>\n<meta property=\"og:type\" content=\"article\" \/>\n<meta property=\"og:title\" content=\"Hash CBD Dry Sift 15%\" \/>\n<meta property=\"og:description\" content=\"Prueba ahora el Dry Sift Hash 15% CBD, una resina CBD \u00fanica con un aroma especial.   Pureza m\u00e1xima: concentraci\u00f3n CBD 15% y THC &lt;0,3%.  100% legal en Europa  An\u00e1lisis de calidad: pincha\u00a0aqu\u00ed\" \/>\n<meta property=\"og:url\" content=\"https:\/\/iguanasmoke.com\/it\/prodotto\/hashish-cbd-setacciato-a-secco-15\/\" \/>\n<meta property=\"og:site_name\" content=\"Iguana Smoke\" \/>\n<meta property=\"article:publisher\" content=\"https:\/\/www.facebook.com\/iguanasmoke\" \/>\n<meta property=\"article:modified_time\" content=\"2026-04-15T08:38:13+00:00\" \/>\n<meta property=\"og:image\" content=\"https:\/\/iguanasmoke.com\/wp-content\/uploads\/2025\/01\/Dry-sift-2g-con-hash.webp\" \/>\n\t<meta property=\"og:image:width\" content=\"1000\" \/>\n\t<meta property=\"og:image:height\" content=\"1000\" \/>\n\t<meta property=\"og:image:type\" content=\"image\/webp\" \/>\n<meta name=\"twitter:card\" content=\"summary_large_image\" \/>\n<meta name=\"twitter:label1\" content=\"Disponibilit\u00e0\" \/>\n\t<meta name=\"twitter:data1\" content=\"Esaurito\" \/>\n<meta property=\"product:brand\" content=\"variable\" \/>\n<meta property=\"og:availability\" content=\"out of stock\" \/>\n<meta property=\"product:availability\" content=\"out of stock\" \/>\n<meta property=\"product:condition\" content=\"new\" \/>\n<!-- \/ Yoast SEO Premium plugin. -->","yoast_head_json":{"title":"Hash CBD Dry Sift 15%: capolavoro artigianale : Iguana Smoke","description":"Provate il gusto autentico del Dry Sift 15% CBD Hash, ricco di terpeni naturali e privo di impurit\u00e0. Puntate sulla qualit\u00e0 e acquistate subito hashish CBD a basso costo online.","robots":{"index":"index","follow":"follow","max-snippet":"max-snippet:-1","max-image-preview":"max-image-preview:large","max-video-preview":"max-video-preview:-1"},"canonical":"https:\/\/iguanasmoke.com\/it\/prodotto\/hashish-cbd-setacciato-a-secco-15\/","og_locale":"it_IT","og_type":"article","og_title":"Hash CBD Dry Sift 15%","og_description":"Prueba ahora el Dry Sift Hash 15% CBD, una resina CBD \u00fanica con un aroma especial.   Pureza m\u00e1xima: concentraci\u00f3n CBD 15% y THC &lt;0,3%.  100% legal en Europa  An\u00e1lisis de calidad: pincha\u00a0aqu\u00ed","og_url":"https:\/\/iguanasmoke.com\/it\/prodotto\/hashish-cbd-setacciato-a-secco-15\/","og_site_name":"Iguana Smoke","article_publisher":"https:\/\/www.facebook.com\/iguanasmoke","article_modified_time":"2026-04-15T08:38:13+00:00","og_image":[{"width":1000,"height":1000,"url":"https:\/\/iguanasmoke.com\/wp-content\/uploads\/2025\/01\/Dry-sift-2g-con-hash.webp","type":"image\/webp"}],"twitter_card":"summary_large_image","twitter_misc":{"Disponibilit\u00e0":"Esaurito"},"schema":{"@context":"https:\/\/schema.org","@graph":[{"@type":"WebPage","@id":"https:\/\/iguanasmoke.com\/producto\/hash-cbd-dry-sift-15\/","url":"https:\/\/iguanasmoke.com\/producto\/hash-cbd-dry-sift-15\/","name":"Hash CBD Dry Sift 15%: capolavoro artigianale : Iguana Smoke","isPartOf":{"@id":"https:\/\/iguanasmoke.com\/#website"},"primaryImageOfPage":{"@id":"https:\/\/iguanasmoke.com\/producto\/hash-cbd-dry-sift-15\/#primaryimage"},"image":{"@id":"https:\/\/iguanasmoke.com\/producto\/hash-cbd-dry-sift-15\/#primaryimage"},"thumbnailUrl":"https:\/\/iguanasmoke.com\/wp-content\/uploads\/2025\/01\/Dry-sift-2g-con-hash.webp","datePublished":"2025-01-14T20:29:23+00:00","dateModified":"2026-04-15T08:38:13+00:00","description":"Provate il gusto autentico del Dry Sift 15% CBD Hash, ricco di terpeni naturali e privo di impurit\u00e0. Puntate sulla qualit\u00e0 e acquistate subito hashish CBD a basso costo online.","breadcrumb":{"@id":"https:\/\/iguanasmoke.com\/producto\/hash-cbd-dry-sift-15\/#breadcrumb"},"inLanguage":"it-IT","potentialAction":[{"@type":"ReadAction","target":["https:\/\/iguanasmoke.com\/producto\/hash-cbd-dry-sift-15\/"]}]},{"@type":"ImageObject","inLanguage":"it-IT","@id":"https:\/\/iguanasmoke.com\/producto\/hash-cbd-dry-sift-15\/#primaryimage","url":"https:\/\/iguanasmoke.com\/wp-content\/uploads\/2025\/01\/Dry-sift-2g-con-hash.webp","contentUrl":"https:\/\/iguanasmoke.com\/wp-content\/uploads\/2025\/01\/Dry-sift-2g-con-hash.webp","width":1000,"height":1000,"caption":"Hash CBD Dry Sift 2g"},{"@type":"BreadcrumbList","@id":"https:\/\/iguanasmoke.com\/producto\/hash-cbd-dry-sift-15\/#breadcrumb","itemListElement":[{"@type":"ListItem","position":1,"name":"home","item":"https:\/\/iguanasmoke.com\/"},{"@type":"ListItem","position":2,"name":"Tienda","item":"https:\/\/iguanasmoke.com\/tienda\/"},{"@type":"ListItem","position":3,"name":"Hash CBD","item":"https:\/\/iguanasmoke.com\/categoria\/hash-cbd\/"},{"@type":"ListItem","position":4,"name":"Hash CBD Dry Sift 15%"}]},{"@type":"WebSite","@id":"https:\/\/iguanasmoke.com\/#website","url":"https:\/\/iguanasmoke.com\/","name":"Fumo di iguana","description":"Acquistare CBD online al miglior prezzo","publisher":{"@id":"https:\/\/iguanasmoke.com\/#organization"},"potentialAction":[{"@type":"SearchAction","target":{"@type":"EntryPoint","urlTemplate":"https:\/\/iguanasmoke.com\/?s={search_term_string}"},"query-input":{"@type":"PropertyValueSpecification","valueRequired":true,"valueName":"search_term_string"}}],"inLanguage":"it-IT"},{"@type":"Organization","@id":"https:\/\/iguanasmoke.com\/#organization","name":"Fumo di iguana","url":"https:\/\/iguanasmoke.com\/","logo":{"@type":"ImageObject","inLanguage":"it-IT","@id":"https:\/\/iguanasmoke.com\/#\/schema\/logo\/image\/","url":"https:\/\/iguanasmoke.com\/wp-content\/uploads\/2025\/01\/logoiguana-favi-1.png","contentUrl":"https:\/\/iguanasmoke.com\/wp-content\/uploads\/2025\/01\/logoiguana-favi-1.png","width":512,"height":512,"caption":"Iguana Smoke"},"image":{"@id":"https:\/\/iguanasmoke.com\/#\/schema\/logo\/image\/"},"sameAs":["https:\/\/www.facebook.com\/iguanasmoke","https:\/\/www.instagram.com\/iguanasmoke\/"]}]},"product_brand":"variable","og_availability":"out of stock","product_availability":"out of stock","product_condition":"new"},"_links":{"self":[{"href":"https:\/\/iguanasmoke.com\/it\/wp-json\/wp\/v2\/product\/47853","targetHints":{"allow":["GET"]}}],"collection":[{"href":"https:\/\/iguanasmoke.com\/it\/wp-json\/wp\/v2\/product"}],"about":[{"href":"https:\/\/iguanasmoke.com\/it\/wp-json\/wp\/v2\/types\/product"}],"replies":[{"embeddable":true,"href":"https:\/\/iguanasmoke.com\/it\/wp-json\/wp\/v2\/comments?post=47853"}],"wp:featuredmedia":[{"embeddable":true,"href":"https:\/\/iguanasmoke.com\/it\/wp-json\/wp\/v2\/media\/81831"}],"wp:attachment":[{"href":"https:\/\/iguanasmoke.com\/it\/wp-json\/wp\/v2\/media?parent=47853"}],"wp:term":[{"taxonomy":"product_brand","embeddable":true,"href":"https:\/\/iguanasmoke.com\/it\/wp-json\/wp\/v2\/product_brand?post=47853"},{"taxonomy":"product_cat","embeddable":true,"href":"https:\/\/iguanasmoke.com\/it\/wp-json\/wp\/v2\/product_cat?post=47853"},{"taxonomy":"product_tag","embeddable":true,"href":"https:\/\/iguanasmoke.com\/it\/wp-json\/wp\/v2\/product_tag?post=47853"}],"curies":[{"name":"wp","href":"https:\/\/api.w.org\/{rel}","templated":true}]}}