{"id":50916,"date":"2025-02-27T20:45:28","date_gmt":"2025-02-27T19:45:28","guid":{"rendered":"https:\/\/iguanasmoke.com\/?post_type=product&#038;p=50916"},"modified":"2026-01-15T14:36:32","modified_gmt":"2026-01-15T13:36:32","slug":"felpa-sportiva-nera-iguana-smoke","status":"publish","type":"product","link":"https:\/\/iguanasmoke.com\/it\/producto\/sudadera-sport-negra-iguana-smoke\/","title":{"rendered":"Felpa Sport Black Iguana Smoke (B&amp;W)"},"content":{"rendered":"<h3>Felpa Sport Black Iguana Smoke (B&amp;W)<\/h3>\n<p>Raggiungete nuove vette di stile e prestazioni con la felpa sportiva Iguana Smoke Black &amp; White, disponibile in esclusiva da Iguana Smoke. Questo capo dinamico combina il design all'avanguardia di Iguana Rock con il comfort e la funzionalit\u00e0 di una felpa sportiva, creando il pezzo essenziale per chi cerca uno stile attivo e moderno.<\/p>\n<p>Caratteristiche principali:<\/p>\n<ul>\n<li><strong>Esclusivo design Iguana Smoke:<\/strong> La felpa presenta il nuovo e rinnovato logo Iguana Smoke, una fusione perfetta di ribellione urbana e stile d'avanguardia. Questo design aggiornato cattura l'essenza e l'atteggiamento audace che ci definisce, rendendola un must-have per i trendsetter senza sforzo. Con la sua estetica unica e l'atmosfera inconfondibile, questa felpa non solo tiene al caldo, ma fa anche capire chi comanda nel gioco dello stile.<\/li>\n<li><strong>Prestazioni e comfort:<\/strong> Realizzata con materiali di alta qualit\u00e0, questa felpa non \u00e8 solo elegante, ma anche funzionale. La tecnologia sportiva incontra il comfort quotidiano, offrendo la versatilit\u00e0 necessaria per le attivit\u00e0 quotidiane o le sessioni di allenamento.<\/li>\n<li><strong>Stile versatile:<\/strong> La versatilit\u00e0 della felpa Black Sport vi permette di portarla dalla palestra alla strada. Abbinatela al vostro abbigliamento casual o indossatela come parte della vostra attrezzatura per l'allenamento, assicurandovi di distinguervi sempre con uno stile autentico.<\/li>\n<\/ul>\n<p>Scoprite l'evoluzione dello stile con la felpa Iguana Smoke e il suo nuovo logo rinnovato. Una combinazione di attitudine, comfort e autenticit\u00e0 che parla da s\u00e9, fatela vostra e portate lo spirito ribelle di Iguana Smoke ovunque andiate!<\/p>","protected":false},"excerpt":{"rendered":"<ul>\n<li>65% cotone, 35% poliestere<\/li>\n<li>Stampa DTG<\/li>\n<li>Lunghezza standard<\/li>\n<li>Disponibile nelle taglie. S, M, L, XL e XXL<\/li>\n<\/ul>","protected":false},"featured_media":50925,"comment_status":"open","ping_status":"closed","template":"","meta":{"_acf_changed":false,"site-sidebar-layout":"default","site-content-layout":"","ast-site-content-layout":"default","site-content-style":"default","site-sidebar-style":"default","ast-global-header-display":"","ast-banner-title-visibility":"","ast-main-header-display":"","ast-hfb-above-header-display":"","ast-hfb-below-header-display":"","ast-hfb-mobile-header-display":"","site-post-title":"","ast-breadcrumbs-content":"","ast-featured-img":"","footer-sml-layout":"","theme-transparent-header-meta":"default","adv-header-id-meta":"","stick-header-meta":"","header-above-stick-meta":"","header-main-stick-meta":"","header-below-stick-meta":"","astra-migrate-meta-layouts":"set","ast-page-background-enabled":"default","ast-page-background-meta":{"desktop":{"background-color":"var(--ast-global-color-4)","background-image":"","background-repeat":"repeat","background-position":"center center","background-size":"auto","background-attachment":"scroll","background-type":"","background-media":"","overlay-type":"","overlay-color":"","overlay-opacity":"","overlay-gradient":""},"tablet":{"background-color":"","background-image":"","background-repeat":"repeat","background-position":"center center","background-size":"auto","background-attachment":"scroll","background-type":"","background-media":"","overlay-type":"","overlay-color":"","overlay-opacity":"","overlay-gradient":""},"mobile":{"background-color":"","background-image":"","background-repeat":"repeat","background-position":"center center","background-size":"auto","background-attachment":"scroll","background-type":"","background-media":"","overlay-type":"","overlay-color":"","overlay-opacity":"","overlay-gradient":""}},"ast-content-background-meta":{"desktop":{"background-color":"var(--ast-global-color-5)","background-image":"","background-repeat":"repeat","background-position":"center center","background-size":"auto","background-attachment":"scroll","background-type":"","background-media":"","overlay-type":"","overlay-color":"","overlay-opacity":"","overlay-gradient":""},"tablet":{"background-color":"var(--ast-global-color-5)","background-image":"","background-repeat":"repeat","background-position":"center center","background-size":"auto","background-attachment":"scroll","background-type":"","background-media":"","overlay-type":"","overlay-color":"","overlay-opacity":"","overlay-gradient":""},"mobile":{"background-color":"var(--ast-global-color-5)","background-image":"","background-repeat":"repeat","background-position":"center center","background-size":"auto","background-attachment":"scroll","background-type":"","background-media":"","overlay-type":"","overlay-color":"","overlay-opacity":"","overlay-gradient":""}}},"product_brand":[],"product_cat":[436,442],"product_tag":[],"class_list":{"0":"post-50916","1":"product","2":"type-product","3":"status-publish","4":"has-post-thumbnail","6":"product_cat-merchandise-de-iguana-smoke","7":"product_cat-sudaderas","8":"desktop-align-center","9":"tablet-align-center","10":"mobile-align-center","12":"first","13":"instock","14":"taxable","15":"shipping-taxable","16":"purchasable","17":"product-type-variable"},"acf":[],"yoast_head":"<!-- This site is optimized with the Yoast SEO Premium plugin v27.3 (Yoast SEO v27.3) - https:\/\/yoast.com\/product\/yoast-seo-premium-wordpress\/ -->\n<title>Sudadera Sport Negra Iguana Smoke (B&amp;W) | Iguana Smoke<\/title>\n<meta name=\"description\" content=\"Compra la Sudadera Sport Negra Iguana Smoke al mejor precio y con una calidad inigualable en Iguana Smoke. Env\u00edo gratuito en Espa\u00f1a y Portugal a partir de 35\u20ac.\" \/>\n<meta name=\"robots\" content=\"index, follow, max-snippet:-1, max-image-preview:large, max-video-preview:-1\" \/>\n<link rel=\"canonical\" href=\"https:\/\/iguanasmoke.com\/it\/prodotto\/felpa-sportiva-nera-iguana-smoke\/\" \/>\n<meta property=\"og:locale\" content=\"it_IT\" \/>\n<meta property=\"og:type\" content=\"article\" \/>\n<meta property=\"og:title\" content=\"Sudadera Sport Negra Iguana Smoke (B&amp;W)\" \/>\n<meta property=\"og:description\" content=\"65% algod\u00f3n, 35% poli\u00e9ster  Impresion DTG  Longitud estandar  Disponible en tama\u00f1o. S, M, L, XL y XXL\" \/>\n<meta property=\"og:url\" content=\"https:\/\/iguanasmoke.com\/it\/prodotto\/felpa-sportiva-nera-iguana-smoke\/\" \/>\n<meta property=\"og:site_name\" content=\"Iguana Smoke\" \/>\n<meta property=\"article:publisher\" content=\"https:\/\/www.facebook.com\/iguanasmoke\" \/>\n<meta property=\"article:modified_time\" content=\"2026-01-15T13:36:32+00:00\" \/>\n<meta property=\"og:image\" content=\"https:\/\/iguanasmoke.com\/wp-content\/uploads\/2025\/02\/detras.png\" \/>\n\t<meta property=\"og:image:width\" content=\"1000\" \/>\n\t<meta property=\"og:image:height\" content=\"1000\" \/>\n\t<meta property=\"og:image:type\" content=\"image\/png\" \/>\n<meta name=\"twitter:card\" content=\"summary_large_image\" \/>\n<meta name=\"twitter:label1\" content=\"Disponibilit\u00e0\" \/>\n\t<meta name=\"twitter:data1\" content=\"In stock\" \/>\n<meta property=\"product:brand\" content=\"variable\" \/>\n<meta property=\"og:availability\" content=\"instock\" \/>\n<meta property=\"product:availability\" content=\"instock\" \/>\n<meta property=\"product:condition\" content=\"new\" \/>\n<!-- \/ Yoast SEO Premium plugin. -->","yoast_head_json":{"title":"Sudadera Sport Negra Iguana Smoke (B&amp;W) | Iguana Smoke","description":"Acquistate la Felpa sportiva nera Iguana Smoke al miglior prezzo e con una qualit\u00e0 imbattibile su Iguana Smoke. Spedizione gratuita in Spagna e Portogallo a partire da 35\u20ac.","robots":{"index":"index","follow":"follow","max-snippet":"max-snippet:-1","max-image-preview":"max-image-preview:large","max-video-preview":"max-video-preview:-1"},"canonical":"https:\/\/iguanasmoke.com\/it\/prodotto\/felpa-sportiva-nera-iguana-smoke\/","og_locale":"it_IT","og_type":"article","og_title":"Sudadera Sport Negra Iguana Smoke (B&amp;W)","og_description":"65% algod\u00f3n, 35% poli\u00e9ster  Impresion DTG  Longitud estandar  Disponible en tama\u00f1o. S, M, L, XL y XXL","og_url":"https:\/\/iguanasmoke.com\/it\/prodotto\/felpa-sportiva-nera-iguana-smoke\/","og_site_name":"Iguana Smoke","article_publisher":"https:\/\/www.facebook.com\/iguanasmoke","article_modified_time":"2026-01-15T13:36:32+00:00","og_image":[{"width":1000,"height":1000,"url":"https:\/\/iguanasmoke.com\/wp-content\/uploads\/2025\/02\/detras.png","type":"image\/png"}],"twitter_card":"summary_large_image","twitter_misc":{"Disponibilit\u00e0":"In stock"},"schema":{"@context":"https:\/\/schema.org","@graph":[{"@type":"WebPage","@id":"https:\/\/iguanasmoke.com\/producto\/sudadera-sport-negra-iguana-smoke\/","url":"https:\/\/iguanasmoke.com\/producto\/sudadera-sport-negra-iguana-smoke\/","name":"Sudadera Sport Negra Iguana Smoke (B&amp;W) | Iguana Smoke","isPartOf":{"@id":"https:\/\/iguanasmoke.com\/#website"},"primaryImageOfPage":{"@id":"https:\/\/iguanasmoke.com\/producto\/sudadera-sport-negra-iguana-smoke\/#primaryimage"},"image":{"@id":"https:\/\/iguanasmoke.com\/producto\/sudadera-sport-negra-iguana-smoke\/#primaryimage"},"thumbnailUrl":"https:\/\/iguanasmoke.com\/wp-content\/uploads\/2025\/02\/detras.png","datePublished":"2025-02-27T19:45:28+00:00","dateModified":"2026-01-15T13:36:32+00:00","description":"Acquistate la Felpa sportiva nera Iguana Smoke al miglior prezzo e con una qualit\u00e0 imbattibile su Iguana Smoke. Spedizione gratuita in Spagna e Portogallo a partire da 35\u20ac.","breadcrumb":{"@id":"https:\/\/iguanasmoke.com\/producto\/sudadera-sport-negra-iguana-smoke\/#breadcrumb"},"inLanguage":"it-IT","potentialAction":[{"@type":"ReadAction","target":["https:\/\/iguanasmoke.com\/producto\/sudadera-sport-negra-iguana-smoke\/"]}]},{"@type":"ImageObject","inLanguage":"it-IT","@id":"https:\/\/iguanasmoke.com\/producto\/sudadera-sport-negra-iguana-smoke\/#primaryimage","url":"https:\/\/iguanasmoke.com\/wp-content\/uploads\/2025\/02\/detras.png","contentUrl":"https:\/\/iguanasmoke.com\/wp-content\/uploads\/2025\/02\/detras.png","width":1000,"height":1000},{"@type":"BreadcrumbList","@id":"https:\/\/iguanasmoke.com\/producto\/sudadera-sport-negra-iguana-smoke\/#breadcrumb","itemListElement":[{"@type":"ListItem","position":1,"name":"home","item":"https:\/\/iguanasmoke.com\/"},{"@type":"ListItem","position":2,"name":"Tienda","item":"https:\/\/iguanasmoke.com\/tienda\/"},{"@type":"ListItem","position":3,"name":"Merch","item":"https:\/\/iguanasmoke.com\/categoria\/merchandise-de-iguana-smoke\/"},{"@type":"ListItem","position":4,"name":"Sudadera Sport Negra Iguana Smoke (B&amp;W)"}]},{"@type":"WebSite","@id":"https:\/\/iguanasmoke.com\/#website","url":"https:\/\/iguanasmoke.com\/","name":"Fumo di iguana","description":"Acquistare CBD online al miglior prezzo","publisher":{"@id":"https:\/\/iguanasmoke.com\/#organization"},"potentialAction":[{"@type":"SearchAction","target":{"@type":"EntryPoint","urlTemplate":"https:\/\/iguanasmoke.com\/?s={search_term_string}"},"query-input":{"@type":"PropertyValueSpecification","valueRequired":true,"valueName":"search_term_string"}}],"inLanguage":"it-IT"},{"@type":"Organization","@id":"https:\/\/iguanasmoke.com\/#organization","name":"Fumo di iguana","url":"https:\/\/iguanasmoke.com\/","logo":{"@type":"ImageObject","inLanguage":"it-IT","@id":"https:\/\/iguanasmoke.com\/#\/schema\/logo\/image\/","url":"https:\/\/iguanasmoke.com\/wp-content\/uploads\/2025\/01\/logoiguana-favi-1.png","contentUrl":"https:\/\/iguanasmoke.com\/wp-content\/uploads\/2025\/01\/logoiguana-favi-1.png","width":512,"height":512,"caption":"Iguana Smoke"},"image":{"@id":"https:\/\/iguanasmoke.com\/#\/schema\/logo\/image\/"},"sameAs":["https:\/\/www.facebook.com\/iguanasmoke","https:\/\/www.instagram.com\/iguanasmoke\/"]}]},"product_brand":"variable","og_availability":"instock","product_availability":"instock","product_condition":"new"},"_links":{"self":[{"href":"https:\/\/iguanasmoke.com\/it\/wp-json\/wp\/v2\/product\/50916","targetHints":{"allow":["GET"]}}],"collection":[{"href":"https:\/\/iguanasmoke.com\/it\/wp-json\/wp\/v2\/product"}],"about":[{"href":"https:\/\/iguanasmoke.com\/it\/wp-json\/wp\/v2\/types\/product"}],"replies":[{"embeddable":true,"href":"https:\/\/iguanasmoke.com\/it\/wp-json\/wp\/v2\/comments?post=50916"}],"wp:featuredmedia":[{"embeddable":true,"href":"https:\/\/iguanasmoke.com\/it\/wp-json\/wp\/v2\/media\/50925"}],"wp:attachment":[{"href":"https:\/\/iguanasmoke.com\/it\/wp-json\/wp\/v2\/media?parent=50916"}],"wp:term":[{"taxonomy":"product_brand","embeddable":true,"href":"https:\/\/iguanasmoke.com\/it\/wp-json\/wp\/v2\/product_brand?post=50916"},{"taxonomy":"product_cat","embeddable":true,"href":"https:\/\/iguanasmoke.com\/it\/wp-json\/wp\/v2\/product_cat?post=50916"},{"taxonomy":"product_tag","embeddable":true,"href":"https:\/\/iguanasmoke.com\/it\/wp-json\/wp\/v2\/product_tag?post=50916"}],"curies":[{"name":"wp","href":"https:\/\/api.w.org\/{rel}","templated":true}]}}