{"id":55685,"date":"2025-04-25T19:52:03","date_gmt":"2025-04-25T17:52:03","guid":{"rendered":"https:\/\/iguanasmoke.com\/?post_type=product&#038;p=55685"},"modified":"2026-03-15T17:48:25","modified_gmt":"2026-03-15T16:48:25","slug":"vaper-sativanol-space-vape-lemon-haze","status":"publish","type":"product","link":"https:\/\/iguanasmoke.com\/it\/producto\/vaper-sativanol-space-vape-lemon-haze\/","title":{"rendered":"Vaper Sativanol - Space Vape Lemon Haze"},"content":{"rendered":"<h1 data-start=\"1609\" data-end=\"1642\"><span style=\"font-weight: 400;\">Vaper <\/span><span style=\"font-weight: 400;\">Sativanol <\/span><span style=\"font-weight: 400;\">Spazio Vape <\/span><span style=\"font-weight: 400;\">Limone Haze<\/span><span style=\"font-weight: 400;\">:\u00a0<\/span><\/h1>\n<p><span style=\"font-weight: 400;\">Se siete alla ricerca di un vaper al sativanolo che vi svegli come un raggio di sole con il sapore di <strong>limone<\/strong>, il <strong>Space Vape Sativanol Vaper<\/strong><\/span><span style=\"font-weight: 400;\"><strong>\u00a0Limone Haze <\/strong>\u00e8 quello che stavate aspettando. <\/span><span style=\"font-weight: 400;\">Progettato per chi \u00e8 alla ricerca di un <strong>un'esperienza di svapo potente ed efficace.<\/strong><\/span><\/p>\n<p><span style=\"font-weight: 400;\">Combina la forza del Sativanol, una delle molecole pi\u00f9 recenti sul mercato, progettata per fornire energia e concentrazione senza la pesantezza del THC. Insieme al gusto di<strong>aroma acido e citrico della variet\u00e0 Lemon Haze<\/strong>, nota per essere una delle variet\u00e0 <strong>Sativa<\/strong> di pi\u00f9 <strong>rinfrescante<\/strong> e citt\u00e0 simbolo del mondo <strong>cannabis<\/strong>. <\/span><\/p>\n<p><span style=\"font-weight: 400;\">La formula \u00e8 completata da <strong>privo di agenti da taglio, nicotina e HHC<\/strong>, in modo da poter godere di un prodotto pulito, legale e di qualit\u00e0.\u00a0<\/span><\/p>\n<p><span style=\"font-weight: 400;\">Esplora il <strong>Nuove molecole<\/strong> che si affermano e sostituiscono i nostri famosi <em>HHC Space Vape<\/em>. Acquista <strong>vaper<\/strong><\/span><span style=\"font-weight: 400;\"><strong> STV<\/strong> significa portare in tasca la tecnologia della cannabis del futuro. <strong>Senza THC<\/strong>, <strong>ma c'\u00e8 un effetto<\/strong>; <strong>niente fumo<\/strong>, <strong>ma c'\u00e8 una nuvola<\/strong>; Non c'\u00e8 dubbio, perch\u00e9 <strong>questo vaper STV Lemon Haze \u00e8 una meraviglia.<\/strong><\/span><\/p>\n<p>&nbsp;<\/p>\n<p>&nbsp;<\/p>\n<h2><strong>Che cos'\u00e8 l'STV o Sativanol?<\/strong><\/h2>\n<p><span style=\"font-weight: 400;\">Il <strong>Sativanol<\/strong>, <strong>STV<\/strong> o <strong>Super Sativa<\/strong> \u00e8 una molecola di ultima generazione derivata dalla canapa che non contiene THC o suoi derivati (HHC, THCP...), ma il suo effetto \u00e8 paragonabile a quello di un <strong>Potente sativa<\/strong>offre chiarezza mentale, leggera euforia e benessere, senza annebbiamenti o depressioni.\u00a0\u00a0<\/span><\/p>\n<p>La formula STV \u00e8 ideale per chi ha bisogno di essere attivo, creativo o semplicemente vuole godersi un momento di chiarezza mentale senza disconnettersi.<\/p>\n<p>&nbsp;<\/p>\n<p>&nbsp;<\/p>\n<h2>Profilo aromatico del <span style=\"font-weight: 400;\"><strong>Space Vape Lemon Haze Sativanol Vaper<\/strong><\/span>:<\/h2>\n<p><span style=\"font-weight: 400;\">Il <strong>Ceppo Lemon Haze<\/strong> \u00e8 rinomata per il suo aroma brillante, agrumato e fresco. Quando si svapa si nota una sensazione di e<strong>perfetto equilibrio tra dolcezza e acidit\u00e0<\/strong>, Il vino ha un finale limonoso, speziato, di scorza di limone e di erbe. A tutto questo dobbiamo aggiungere <\/span>il tocco di Sativanol STV, grazie al quale otterrete un effetto funzionale e piacevole. La sua combinazione di terpeni comprende:<\/p>\n<ul>\n<li>Limonene: fresco e agrumato, edificante e antistress.<\/li>\n<li>Mircene: terroso e delicato, aiuta a bilanciare l'effetto.<\/li>\n<li>Pinene: tocco legnoso rinfrescante, migliora la lucidit\u00e0 mentale.<\/li>\n<\/ul>\n<p>&nbsp;<\/p>\n<h2><strong>Caratteristiche principali di Vaper Sativanol <\/strong><b><span style=\"font-weight: 400;\"><strong>Limone<\/strong><\/span><\/b><strong>:<\/strong><\/h2>\n<ul>\n<li><span style=\"font-weight: 400;\"><strong>Contiene Sativanol di alta qualit\u00e0<\/strong>, con un profilo naturale di cannabinoidi.<\/span><\/li>\n<li><span style=\"font-weight: 400;\"><strong>Estratto di canapa biologico<\/strong>, privo di additivi e solventi.<\/span><\/li>\n<li><span style=\"font-weight: 400;\">Disponibile in <strong>1ml e 2ml<\/strong>. <\/span><\/li>\n<li><span style=\"font-weight: 400;\">Sapore intenso <\/span><span style=\"font-weight: 400;\">a<b> limone<\/b>.<\/span><\/li>\n<li><strong>CBD: 40% e CBG: 30%<\/strong><\/li>\n<li>Ideale per l'uso quotidiano: <strong>nessuna combustione, nessun odore, nessuna tolleranza<\/strong>.<\/li>\n<li><span style=\"font-weight: 400;\"><strong>Effetto potente <\/strong>senza avvertire alcun effetto <strong>psicoattivi<\/strong> indesiderato<strong>: durata<\/strong> <strong>lungo<\/strong> (<strong>3-4 ore<\/strong>)<\/span><\/li>\n<li>Esperienza <strong>sensoriale<\/strong> Vi piacer\u00e0!<\/li>\n<li><span style=\"font-weight: 400;\">A <strong>300 soffi <\/strong>(1ml) e<strong> 600 soffi <\/strong>(2 ml).<\/span><\/li>\n<li>Batteria ricaricabile USB Type-C.<\/li>\n<li><span style=\"font-weight: 400;\"><strong>Nessun THC rilevabile<\/strong>. <\/span><\/li>\n<li><span style=\"font-weight: 400;\"><strong>Qualit\u00e0 garantita da Iguana Smoke<\/strong>.<\/span><\/li>\n<\/ul>\n<p><span style=\"font-weight: 400;\">Il <strong>vaper Sativanol <\/strong>\u00e8 il modo pi\u00f9 comodo e pulito per godere di tutti i vantaggi della <strong>benefici del Sativanol<\/strong>, nessuna manutenzione, nessun problema, nessuna seccatura.\u00a0<\/span><\/p>\n<p>&nbsp;<\/p>\n<h2><strong>Che cos'\u00e8 un vaper usa e getta?<\/strong><\/h2>\n<p><span style=\"font-weight: 400;\">A <strong>vaper monouso STV<\/strong> \u00e8 un dispositivo di tipo penna\u201c <strong>di 1ml o 2ml<\/strong> che viene fornito con il liquido Sativanol. La grande differenza rispetto ad altri tipi di vapers \u00e8 che non ha bisogno di essere ricaricato o rabboccato: <strong>quando si esaurisce viene semplicemente scartato<\/strong>.\u00a0<\/span><\/p>\n<p><span style=\"font-weight: 400;\">Ci sono anche <strong><a href=\"https:\/\/iguanasmoke.com\/it\/categoria\/cbd-vaper-2\/cartucce\/?filter_tipo-cartucho=sativanol\">cartucce Sativanol monouso<\/a><\/strong> che sono microcapsule che contengono il liquido ma necessitano di una batteria esterna per essere utilizzate.<\/span><\/p>\n<p>&nbsp;<\/p>\n<h3><b>Dove acquistare il vostro STV Vaper <span style=\"font-weight: 400;\"><strong>Limone Haze<\/strong><\/span><\/b><b>?<\/b><\/h3>\n<p><span style=\"font-weight: 400;\">Se state cercando <strong>acquistare un Sativanol vaper<\/strong><strong>, <\/strong>questo \u00e8 il tuo posto sicuro per <strong>acquistare Sativanol vaper monouso in Spagna.<\/strong> Tutti i nostri prodotti sono approvati dall'UE, a garanzia della loro legalit\u00e0 e sicurezza. Inoltre, se volete potete consultare<\/span><strong> <a href=\"https:\/\/iguanasmoke.com\/it\/analitica\/\">analisi di laboratorio.<\/a><\/strong><\/p>\n<p><span style=\"font-weight: 400;\">Non dimenticate di esplorare altri <strong>vaper Sativanol <\/strong>come il <strong><a href=\"https:\/\/iguanasmoke.com\/it\/prodotto\/vaper-stv-space-vape-fragola-sativanolo\/\">Space Vape Fragola Sativanolo Vaper<\/a>\u00a0<\/strong>u <\/span><span style=\"font-weight: 400;\">altro <strong>Prodotti TOP<\/strong> come il <strong><a href=\"https:\/\/iguanasmoke.com\/it\/prodotto\/cartuccia-stv-sativanol-lemon-haze-stv\/\">Cartuccia di Lemon Haze Sativanol<\/a><\/strong> o il <a href=\"https:\/\/iguanasmoke.com\/it\/categoria\/hashish-cbd\/\"><strong>Hash CBD<\/strong><\/a>. <\/span><span style=\"font-weight: 400;\">In breve, esplorate la nostra variet\u00e0 e trovate subito i vostri preferiti.<\/span><span style=\"font-weight: 400;\">\u00a0<\/span><\/p>\n<p><strong data-start=\"303\" data-end=\"345\">Consegna rapida e discreta in tutta la Spagna<\/strong>, con <strong data-start=\"351\" data-end=\"387\">attenzione stretta e personalizzata<\/strong> per rispondere a qualsiasi domanda prima e dopo l'acquisto.<\/p>\n<p>&nbsp;<\/p>\n<h3><b>Iguana Smoke \u00e8 il vostro negozio online di CBD\u00a0<\/b><\/h3>\n<p><span style=\"font-weight: 400;\">A<strong> Fumo di iguana<\/strong>, Crediamo che il consumo di CBD debba essere un'esperienza sicura. Ecco perch\u00e9 abbiamo prodotti come questo <strong>Space Vape Lemon Haze Sativanol Vaper<\/strong>, Il marchio si rivolge alle nuove generazioni: persone che cercano un benessere senza complicazioni, con marchi autentici e affidabili.\u00a0<\/span><\/p>\n<p>La nostra missione \u00e8 chiara: offrirvi il meglio del mondo dei cannabinoidi a un prezzo equo. Inoltre, vi diamo la tranquillit\u00e0 di sapere che state scegliendo un prodotto certificato, efficace e 100% legale. Il vostro momento di relax inizia qui con noi.<\/p>\n<p>Ancora dubbi? Scriveteci e saremo lieti di aiutarvi a trovare il prodotto giusto per voi.<\/p>\n<p>&nbsp;<\/p>\n<h6>\u2139\ufe0f<strong> Informazioni legali<\/strong><\/h6>\n<p><em><span style=\"font-weight: 400;\">*Prodotto destinato alla raccolta o all'aromaterapia, in conformit\u00e0 alla legislazione spagnola vigente. <\/span><\/em><\/p>\n<p><em><span style=\"font-weight: 400;\">**Derivato da canapa industriale certificata. Contiene meno dello 0,3 di THC e non contiene cannabinoidi illegali come HHC, HHC-P, THCP, THCP-O, H4CBD o sostanze elencate nell'Allegato I del Regio Decreto 2829\/1977, n\u00e9 sostanze controllate da convenzioni internazionali.\u00a0\u00a0<\/span><\/em><\/p>\n<p>&nbsp;<\/p>\n<h2><strong>\ud83d\udcac FAQS STV Space Vape: <\/strong><\/h2>\n<h4><span style=\"font-weight: 400;\">Il Sativanol Lemon Haze Space Vape Vaper? <\/span><\/h4>\n<p><span style=\"font-weight: 400;\">Il <strong data-start=\"4696\" data-end=\"4716\">Sativanol<\/strong>\u00a0pu\u00f2 offrire un\u00a0<strong data-start=\"4736\" data-end=\"4775\">lieve euforia o intenso rilassamento<\/strong>, senza i forti effetti del THC.<\/span><\/p>\n<h4><span style=\"font-weight: 400;\">Quali effetti posso aspettarmi e quanto tempo ci vuole?\u00a0<\/span><\/h4>\n<p><span style=\"font-weight: 400;\">Ricordate che ogni persona \u00e8 unica e la <strong>gli effetti possono variare<\/strong> a seconda della concentrazione, dell'utilizzatore, della tolleranza e della frequenza d'uso. Potreste iniziare a notarlo presto. <strong>L'effetto \u00e8 potente e dura circa 3-4 ore.<\/strong>.<\/span><\/p>\n<h4><span style=\"font-weight: 400;\">Il VTS \u00e8 legale in Spagna?\u00a0<\/span><\/h4>\n<p><span style=\"font-weight: 400;\"><strong>S\u00ec<\/strong>, l'STV <strong>possono essere legalmente commercializzati in Spagna<\/strong> a condizione che sia conforme alle normative europee sulla canapa industriale e che disponga di analisi di laboratorio indipendenti e tracciabilit\u00e0. <\/span><\/p>\n<p><span style=\"font-weight: 400;\">Inoltre, \u00e8 fondamentale che <strong>non supera i limiti legali di THC<\/strong>, che corrisponde a una percentuale <strong>meno di 0,3% THC.<\/strong> Naturalmente, in <strong>Fumo di iguana<\/strong> Prendiamo molto sul serio questo aspetto e tutti i nostri prodotti sono conformi agli standard e alle norme vigenti.\u00a0<\/span><\/p>\n<h4><span style=\"font-weight: 400;\">Il Sativanol \u00e8 pi\u00f9 potente del CBD?\u00a0<\/span><\/h4>\n<p><span style=\"font-weight: 400;\">Molti utenti ritengono che il <\/span><span style=\"font-weight: 400;\"><b>Sativanol <\/b>ha effetti pi\u00f9 marcati rispetto al\u00a0<a style=\"font-weight: 400;\" href=\"https:\/\/iguanasmoke.com\/it\/il-potere-curativo-del-cbd-tutto-quello-che-ce-da-sapere-sui-prodotti-a-base-di-cbd\/\"><b>CBD<\/b><\/a>, soprattutto in termini di chiarezza mentale e di vigilanza.<\/span><\/p>","protected":false},"excerpt":{"rendered":"<h4>Caratteristiche<\/h4>\n<ul>\n<li style=\"list-style-type: none;\">\n<ul>\n<li>Aroma di limone<\/li>\n<li>Capacit\u00e0: 1 ml \/ 2 ml<\/li>\n<li>Corse: fino a 300 \/ 600<\/li>\n<li>Terpeni naturali di alta qualit\u00e0<\/li>\n<li>Sativanol<\/li>\n<li>CBD: 40% e CBG: 30%<\/li>\n<li>THC: 0%, HHC: 0%, THC-P: 0%, Nicotina: 0%<\/li>\n<li>Non contiene VG, PG, PEG, MCT o altri agenti di taglio.<\/li>\n<\/ul>\n<\/li>\n<\/ul>\n<p><span style=\"font-weight: 400;\">Inoltre, consultare<strong>\u00a0<a href=\"https:\/\/iguanasmoke.com\/it\/analitica\/\">analisi di laboratorio.<\/a><\/strong><\/span><\/p>","protected":false},"featured_media":74775,"comment_status":"open","ping_status":"closed","template":"","meta":{"_acf_changed":false,"site-sidebar-layout":"default","site-content-layout":"","ast-site-content-layout":"default","site-content-style":"default","site-sidebar-style":"default","ast-global-header-display":"","ast-banner-title-visibility":"","ast-main-header-display":"","ast-hfb-above-header-display":"","ast-hfb-below-header-display":"","ast-hfb-mobile-header-display":"","site-post-title":"","ast-breadcrumbs-content":"","ast-featured-img":"","footer-sml-layout":"","theme-transparent-header-meta":"default","adv-header-id-meta":"","stick-header-meta":"","header-above-stick-meta":"","header-main-stick-meta":"","header-below-stick-meta":"","astra-migrate-meta-layouts":"set","ast-page-background-enabled":"default","ast-page-background-meta":{"desktop":{"background-color":"var(--ast-global-color-4)","background-image":"","background-repeat":"repeat","background-position":"center center","background-size":"auto","background-attachment":"scroll","background-type":"","background-media":"","overlay-type":"","overlay-color":"","overlay-opacity":"","overlay-gradient":""},"tablet":{"background-color":"","background-image":"","background-repeat":"repeat","background-position":"center center","background-size":"auto","background-attachment":"scroll","background-type":"","background-media":"","overlay-type":"","overlay-color":"","overlay-opacity":"","overlay-gradient":""},"mobile":{"background-color":"","background-image":"","background-repeat":"repeat","background-position":"center center","background-size":"auto","background-attachment":"scroll","background-type":"","background-media":"","overlay-type":"","overlay-color":"","overlay-opacity":"","overlay-gradient":""}},"ast-content-background-meta":{"desktop":{"background-color":"var(--ast-global-color-5)","background-image":"","background-repeat":"repeat","background-position":"center center","background-size":"auto","background-attachment":"scroll","background-type":"","background-media":"","overlay-type":"","overlay-color":"","overlay-opacity":"","overlay-gradient":""},"tablet":{"background-color":"var(--ast-global-color-5)","background-image":"","background-repeat":"repeat","background-position":"center center","background-size":"auto","background-attachment":"scroll","background-type":"","background-media":"","overlay-type":"","overlay-color":"","overlay-opacity":"","overlay-gradient":""},"mobile":{"background-color":"var(--ast-global-color-5)","background-image":"","background-repeat":"repeat","background-position":"center center","background-size":"auto","background-attachment":"scroll","background-type":"","background-media":"","overlay-type":"","overlay-color":"","overlay-opacity":"","overlay-gradient":""}}},"product_brand":[],"product_cat":[549,418],"product_tag":[],"class_list":{"0":"post-55685","1":"product","2":"type-product","3":"status-publish","4":"has-post-thumbnail","6":"product_cat-sativanol","7":"product_cat-vaper-cbd","8":"desktop-align-center","9":"tablet-align-center","10":"mobile-align-center","12":"first","13":"instock","14":"taxable","15":"shipping-taxable","16":"purchasable","17":"product-type-variable"},"acf":[],"yoast_head":"<!-- This site is optimized with the Yoast SEO Premium plugin v27.3 (Yoast SEO v27.3) - https:\/\/yoast.com\/product\/yoast-seo-premium-wordpress\/ -->\n<title>Vaper Sativanol Space Vape\u00a0Lemon Haze | Iguana Smoke<\/title>\n<meta name=\"description\" content=\"Vaper Sativanol Space Vape\u00a0Lemon Haze: c\u00edtrico, fresco y potente. para una experiencia limpia y estimulante. Sin THC ni nicotina.\" \/>\n<meta name=\"robots\" content=\"index, follow, max-snippet:-1, max-image-preview:large, max-video-preview:-1\" \/>\n<link rel=\"canonical\" href=\"https:\/\/iguanasmoke.com\/it\/prodotto\/vaper-sativanol-space-vape-lemon-haze\/\" \/>\n<meta property=\"og:locale\" content=\"it_IT\" \/>\n<meta property=\"og:type\" content=\"article\" \/>\n<meta property=\"og:title\" content=\"Vaper Sativanol - Space Vape Lemon Haze\" \/>\n<meta property=\"og:description\" content=\"Caracter\u00edsticas      Sabor a lim\u00f3n  Capacidad: 1 ml \/ 2 ml  Caladas: hasta 300 \/ 600  Terpenos naturales de alta calidad  Sativanol  CBD: 40% y CBG: 30%  THC: 0%, HHC: 0%, THC-P: 0%, Nicotina: 0%  No contiene VG, PG, PEG, MCT u otro agente de corte.    Adem\u00e1s, consulta\u00a0el an\u00e1lisis de laboratorio.\" \/>\n<meta property=\"og:url\" content=\"https:\/\/iguanasmoke.com\/it\/prodotto\/vaper-sativanol-space-vape-lemon-haze\/\" \/>\n<meta property=\"og:site_name\" content=\"Iguana Smoke\" \/>\n<meta property=\"article:publisher\" content=\"https:\/\/www.facebook.com\/iguanasmoke\" \/>\n<meta property=\"article:modified_time\" content=\"2026-03-15T16:48:25+00:00\" \/>\n<meta property=\"og:image\" content=\"https:\/\/iguanasmoke.com\/wp-content\/uploads\/2025\/04\/Mockup-Lemon-Haze-nrj-der-pod.webp\" \/>\n\t<meta property=\"og:image:width\" content=\"1000\" \/>\n\t<meta property=\"og:image:height\" content=\"1000\" \/>\n\t<meta property=\"og:image:type\" content=\"image\/webp\" \/>\n<meta name=\"twitter:card\" content=\"summary_large_image\" \/>\n<meta name=\"twitter:label1\" content=\"Disponibilit\u00e0\" \/>\n\t<meta name=\"twitter:data1\" content=\"In stock\" \/>\n<meta property=\"product:brand\" content=\"variable\" \/>\n<meta property=\"og:availability\" content=\"instock\" \/>\n<meta property=\"product:availability\" content=\"instock\" \/>\n<meta property=\"product:condition\" content=\"new\" \/>\n<!-- \/ Yoast SEO Premium plugin. -->","yoast_head_json":{"title":"Vaper Sativanol Space Vape Lemon Haze : Iguana Smoke","description":"Vaper Sativanol Space Vape Lemon Haze: agrumata, fresca e potente. per un'esperienza pulita e stimolante. Senza THC e nicotina.","robots":{"index":"index","follow":"follow","max-snippet":"max-snippet:-1","max-image-preview":"max-image-preview:large","max-video-preview":"max-video-preview:-1"},"canonical":"https:\/\/iguanasmoke.com\/it\/prodotto\/vaper-sativanol-space-vape-lemon-haze\/","og_locale":"it_IT","og_type":"article","og_title":"Vaper Sativanol - Space Vape Lemon Haze","og_description":"Caracter\u00edsticas      Sabor a lim\u00f3n  Capacidad: 1 ml \/ 2 ml  Caladas: hasta 300 \/ 600  Terpenos naturales de alta calidad  Sativanol  CBD: 40% y CBG: 30%  THC: 0%, HHC: 0%, THC-P: 0%, Nicotina: 0%  No contiene VG, PG, PEG, MCT u otro agente de corte.    Adem\u00e1s, consulta\u00a0el an\u00e1lisis de laboratorio.","og_url":"https:\/\/iguanasmoke.com\/it\/prodotto\/vaper-sativanol-space-vape-lemon-haze\/","og_site_name":"Iguana Smoke","article_publisher":"https:\/\/www.facebook.com\/iguanasmoke","article_modified_time":"2026-03-15T16:48:25+00:00","og_image":[{"width":1000,"height":1000,"url":"https:\/\/iguanasmoke.com\/wp-content\/uploads\/2025\/04\/Mockup-Lemon-Haze-nrj-der-pod.webp","type":"image\/webp"}],"twitter_card":"summary_large_image","twitter_misc":{"Disponibilit\u00e0":"In stock"},"schema":{"@context":"https:\/\/schema.org","@graph":[{"@type":"WebPage","@id":"https:\/\/iguanasmoke.com\/producto\/vaper-sativanol-space-vape-lemon-haze\/","url":"https:\/\/iguanasmoke.com\/producto\/vaper-sativanol-space-vape-lemon-haze\/","name":"Vaper Sativanol Space Vape Lemon Haze : Iguana Smoke","isPartOf":{"@id":"https:\/\/iguanasmoke.com\/#website"},"primaryImageOfPage":{"@id":"https:\/\/iguanasmoke.com\/producto\/vaper-sativanol-space-vape-lemon-haze\/#primaryimage"},"image":{"@id":"https:\/\/iguanasmoke.com\/producto\/vaper-sativanol-space-vape-lemon-haze\/#primaryimage"},"thumbnailUrl":"https:\/\/iguanasmoke.com\/wp-content\/uploads\/2025\/04\/Mockup-Lemon-Haze-nrj-der-pod.webp","datePublished":"2025-04-25T17:52:03+00:00","dateModified":"2026-03-15T16:48:25+00:00","description":"Vaper Sativanol Space Vape Lemon Haze: agrumata, fresca e potente. per un'esperienza pulita e stimolante. Senza THC e nicotina.","breadcrumb":{"@id":"https:\/\/iguanasmoke.com\/producto\/vaper-sativanol-space-vape-lemon-haze\/#breadcrumb"},"inLanguage":"it-IT","potentialAction":[{"@type":"ReadAction","target":["https:\/\/iguanasmoke.com\/producto\/vaper-sativanol-space-vape-lemon-haze\/"]}]},{"@type":"ImageObject","inLanguage":"it-IT","@id":"https:\/\/iguanasmoke.com\/producto\/vaper-sativanol-space-vape-lemon-haze\/#primaryimage","url":"https:\/\/iguanasmoke.com\/wp-content\/uploads\/2025\/04\/Mockup-Lemon-Haze-nrj-der-pod.webp","contentUrl":"https:\/\/iguanasmoke.com\/wp-content\/uploads\/2025\/04\/Mockup-Lemon-Haze-nrj-der-pod.webp","width":1000,"height":1000,"caption":"Caja m\u00e1s vaper naranja Lemon Haze STV 2ml dcha"},{"@type":"BreadcrumbList","@id":"https:\/\/iguanasmoke.com\/producto\/vaper-sativanol-space-vape-lemon-haze\/#breadcrumb","itemListElement":[{"@type":"ListItem","position":1,"name":"home","item":"https:\/\/iguanasmoke.com\/"},{"@type":"ListItem","position":2,"name":"Tienda","item":"https:\/\/iguanasmoke.com\/tienda\/"},{"@type":"ListItem","position":3,"name":"Vaper CBD","item":"https:\/\/iguanasmoke.com\/categoria\/vaper-cbd\/"},{"@type":"ListItem","position":4,"name":"Vaper Sativanol &#8211; Space Vape Lemon Haze"}]},{"@type":"WebSite","@id":"https:\/\/iguanasmoke.com\/#website","url":"https:\/\/iguanasmoke.com\/","name":"Fumo di iguana","description":"Acquistare CBD online al miglior prezzo","publisher":{"@id":"https:\/\/iguanasmoke.com\/#organization"},"potentialAction":[{"@type":"SearchAction","target":{"@type":"EntryPoint","urlTemplate":"https:\/\/iguanasmoke.com\/?s={search_term_string}"},"query-input":{"@type":"PropertyValueSpecification","valueRequired":true,"valueName":"search_term_string"}}],"inLanguage":"it-IT"},{"@type":"Organization","@id":"https:\/\/iguanasmoke.com\/#organization","name":"Fumo di iguana","url":"https:\/\/iguanasmoke.com\/","logo":{"@type":"ImageObject","inLanguage":"it-IT","@id":"https:\/\/iguanasmoke.com\/#\/schema\/logo\/image\/","url":"https:\/\/iguanasmoke.com\/wp-content\/uploads\/2025\/01\/logoiguana-favi-1.png","contentUrl":"https:\/\/iguanasmoke.com\/wp-content\/uploads\/2025\/01\/logoiguana-favi-1.png","width":512,"height":512,"caption":"Iguana Smoke"},"image":{"@id":"https:\/\/iguanasmoke.com\/#\/schema\/logo\/image\/"},"sameAs":["https:\/\/www.facebook.com\/iguanasmoke","https:\/\/www.instagram.com\/iguanasmoke\/"]}]},"product_brand":"variable","og_availability":"instock","product_availability":"instock","product_condition":"new"},"_links":{"self":[{"href":"https:\/\/iguanasmoke.com\/it\/wp-json\/wp\/v2\/product\/55685","targetHints":{"allow":["GET"]}}],"collection":[{"href":"https:\/\/iguanasmoke.com\/it\/wp-json\/wp\/v2\/product"}],"about":[{"href":"https:\/\/iguanasmoke.com\/it\/wp-json\/wp\/v2\/types\/product"}],"replies":[{"embeddable":true,"href":"https:\/\/iguanasmoke.com\/it\/wp-json\/wp\/v2\/comments?post=55685"}],"wp:featuredmedia":[{"embeddable":true,"href":"https:\/\/iguanasmoke.com\/it\/wp-json\/wp\/v2\/media\/74775"}],"wp:attachment":[{"href":"https:\/\/iguanasmoke.com\/it\/wp-json\/wp\/v2\/media?parent=55685"}],"wp:term":[{"taxonomy":"product_brand","embeddable":true,"href":"https:\/\/iguanasmoke.com\/it\/wp-json\/wp\/v2\/product_brand?post=55685"},{"taxonomy":"product_cat","embeddable":true,"href":"https:\/\/iguanasmoke.com\/it\/wp-json\/wp\/v2\/product_cat?post=55685"},{"taxonomy":"product_tag","embeddable":true,"href":"https:\/\/iguanasmoke.com\/it\/wp-json\/wp\/v2\/product_tag?post=55685"}],"curies":[{"name":"wp","href":"https:\/\/api.w.org\/{rel}","templated":true}]}}