{"id":56379,"date":"2025-05-05T19:04:59","date_gmt":"2025-05-05T17:04:59","guid":{"rendered":"https:\/\/iguanasmoke.com\/?post_type=product&#038;p=56379"},"modified":"2026-04-08T12:07:43","modified_gmt":"2026-04-08T10:07:43","slug":"cartuccia-di-sativanolo-lemon-haze","status":"publish","type":"product","link":"https:\/\/iguanasmoke.com\/it\/producto\/cartucho-sativanol-lemon-haze\/","title":{"rendered":"Cartuccia Sativanol Space - Haze al limone"},"content":{"rendered":"<h1 data-start=\"1609\" data-end=\"1642\"><span style=\"font-weight: 400\">Cartuccia Sativanol Space - Haze al limone<\/span><\/h1>\n<p><span style=\"font-weight: 400\">Se siete alla ricerca di un vaper a base di Sativanol che vi risvegli come un raggio di sole con il sapore di <strong>limone<\/strong>, il <\/span><span style=\"font-weight: 400\"><strong>Cartuccia di Sativanol Lemon Haze <\/strong>\u00e8 quello che stavate aspettando. <\/span><span style=\"font-weight: 400\">Progettato per chi \u00e8 alla ricerca di un <strong>un'esperienza di svapo potente ed efficace.<\/strong><\/span><\/p>\n<p><span style=\"font-weight: 400\">Combina la forza del Sativanol, una delle molecole pi\u00f9 recenti sul mercato, progettata per fornire energia e concentrazione senza la pesantezza del THC. Insieme al sapore e all'aroma acidulo e agrumato della variet\u00e0 Lemon Haze, nota per essere una delle variet\u00e0 Sativa pi\u00f9 rinfrescanti e iconiche del mondo della cannabis. <\/span><\/p>\n<p><span style=\"font-weight: 400\">La formula \u00e8 completata da <strong>privo di agenti da taglio, nicotina e HHC<\/strong>, in modo da poter godere di un prodotto pulito, legale e di qualit\u00e0.\u00a0<\/span><\/p>\n<p><span style=\"font-weight: 400\">Esplora il <strong>Nuove molecole<\/strong> che si affermano e sostituiscono i nostri famosi <em>HHC Space Vape<\/em>. Acquista <strong>vaper<\/strong><\/span><span style=\"font-weight: 400\"><strong> STV<\/strong> significa portare in tasca la tecnologia della cannabis del futuro. <strong>Senza THC<\/strong>, <strong>ma c'\u00e8 un effetto<\/strong>; <strong>niente fumo<\/strong>, <strong>ma c'\u00e8 una nuvola<\/strong>; Non c'\u00e8 dubbio, perch\u00e9 <strong>questa cartuccia Sativanol Lemon Haze \u00e8 una pura meraviglia.<\/strong><\/span><\/p>\n<p>&nbsp;<\/p>\n<h2><strong>Che cos'\u00e8 l'STV o Sativanol?<\/strong><\/h2>\n<p><span style=\"font-weight: 400\">Il <strong>Sativanol<\/strong>, <strong>STV<\/strong> o <strong>Super Sativa<\/strong> \u00e8 una molecola di ultima generazione derivata dalla canapa che non contiene THC o suoi derivati (HHC, THCP...), ma il suo effetto \u00e8 paragonabile a quello di un <strong>Potente sativa<\/strong>offre chiarezza mentale, leggera euforia e benessere, senza annebbiamenti o depressioni.\u00a0\u00a0<\/span><\/p>\n<p>La formula <span style=\"font-weight: 400\">Sativanol <\/span>\u00e8 ideale per chi ha bisogno di essere attivo, creativo o semplicemente vuole godersi un momento di chiarezza mentale senza disconnettersi.<\/p>\n<p>&nbsp;<\/p>\n<h2>Profilo terpenico della cartuccia Sativanol Lemon Haze:<\/h2>\n<p><span style=\"font-weight: 400\">La variet\u00e0 Lemon Haze \u00e8 famosa per il suo aroma brillante, agrumato e fresco. Quando la si svapa si nota un perfetto equilibrio tra dolcezza e acidit\u00e0, con note di scorza di limone, spezie e un finale erbaceo. A tutto questo dobbiamo aggiungere <\/span>il tocco di Sativanol, grazie al quale otterrete un effetto funzionale e piacevole. La sua combinazione di terpeni comprende:<\/p>\n<ul>\n<li>Limonene: fresco e agrumato, edificante e antistress.<\/li>\n<li>Mircene: terroso e delicato, aiuta a bilanciare l'effetto.<\/li>\n<li>Pinene: tocco legnoso rinfrescante, migliora la lucidit\u00e0 mentale.<\/li>\n<\/ul>\n<p>&nbsp;<\/p>\n<h2><strong>Caratteristiche principali:<\/strong><\/h2>\n<ul>\n<li><span style=\"font-weight: 400\"><strong>Sativanolo di alta qualit\u00e0<\/strong>, con un profilo naturale di cannabinoidi.<\/span><\/li>\n<li><span style=\"font-weight: 400\"><strong>Estratto di canapa biologico<\/strong>, privo di additivi e solventi.<\/span><\/li>\n<li><span style=\"font-weight: 400\">Disponibile in <strong>1ml e 2ml<\/strong>. <\/span><\/li>\n<li><span style=\"font-weight: 400\">A <strong>300 soffi (1ml) e 600 soffi (2ml)<\/strong>.<\/span><\/li>\n<li><span style=\"font-weight: 400\"><strong>Nessun THC rilevabile<\/strong>. <\/span><\/li>\n<li><span style=\"font-weight: 400\"><strong>Qualit\u00e0 garantita da Iguana Smoke<\/strong>.<\/span><\/li>\n<\/ul>\n<p>&nbsp;<\/p>\n<h2><strong>Vantaggi:<\/strong><\/h2>\n<ul>\n<li><span style=\"font-weight: 400\">Contiene <b>Sativanol: <\/b>un cannabinoide legale, privo di THC.<\/span><\/li>\n<li><span style=\"font-weight: 400\">Favorisce un'euforia lieve ma intensa, con una sensazione di attivazione senza eccessi.<\/span><\/li>\n<li><span style=\"font-weight: 400\"><strong>Effetto potente senza <\/strong>sentire gli effetti<strong> psicoattivi indesiderati: durata<\/strong> <strong>lungo<\/strong> (<strong>3-4 ore<\/strong>)<\/span><\/li>\n<li><span style=\"font-weight: 400\">Ideale per <strong>uso quotidiano:<\/strong>\u00a0<strong>nessun odore, nessuna combustione, nessuna tolleranza<\/strong>.<\/span><\/li>\n<li>Aroma di limone.<\/li>\n<li>Un'esperienza sensoriale straordinaria: vi piacer\u00e0!<\/li>\n<\/ul>\n<p><span style=\"font-weight: 400\">Il <strong>vaper Sativanol<\/strong>\u00a0\u00e8 il modo pi\u00f9 comodo e pulito per godere di tutti i vantaggi della <strong>benefici del Sativanol<\/strong>, nessuna manutenzione, nessun problema, nessuna seccatura.\u00a0<\/span><\/p>\n<p>&nbsp;<\/p>\n<h2><strong>Che cos'\u00e8 una cartuccia STV monouso?<\/strong><\/h2>\n<p><span style=\"font-weight: 400\">A <strong>cartuccia Sativanol monouso<\/strong> \u00e8 un piccolo cilindro con <strong>510, attacco da 1ml o 2ml<\/strong> che viene fornita con il liquido Sativanol. La grande differenza con altri tipi di cartucce \u00e8 che non \u00e8 necessario ricaricarle o ricaricarle: <strong>quando si esaurisce viene semplicemente scartato<\/strong>.\u00a0<\/span><\/p>\n<p><span style=\"font-weight: 400\">Ci sono anche <a href=\"https:\/\/iguanasmoke.com\/it\/categoria\/nuove-molecole\/sativanolo\/\">Vapers Sativanol monouso<\/a> (all-in-one) con batteria e cartuccia integrate, pronto all'uso subito dopo l'acquisto.\u00a0<\/span><\/p>\n<p>&nbsp;<\/p>\n<h2><span style=\"font-weight: 400\"><strong>Batterie per la cartuccia Sativanol Lemon Haze<\/strong>:<\/span><\/h2>\n<p><span style=\"font-weight: 400\">Non dimenticate di acquistare un <strong>batteria 510<\/strong> <strong>affidabile<\/strong>, <strong>di lunga durata<\/strong>. Ecco perch\u00e9 in <strong>Fumo di iguana<\/strong> vi offriamo diversi modelli progettati per garantire una <strong>nebbia uniforme<\/strong>, <strong>gusto pulito<\/strong> e un <strong>esperienza di vaping confortevole e sicura<\/strong>.<\/span><\/p>\n<ul>\n<li><span style=\"font-weight: 400\"><a href=\"https:\/\/iguanasmoke.com\/it\/prodotto\/batteria-iguana-power-510-per-cartucce-da-1-ml-2\/\"><strong>Batteria 510 con filettatura per cartucce da 1 ml<\/strong><\/a>Le dimensioni compatte, discrete e facili da trasportare, e la sua potenza sono perfettamente calibrate per estrarre il profilo aromatico completo del Sativanol senza surriscaldare il liquido. <em>Ha una potenza di 320 mAh.<\/em><\/span><\/li>\n<li><span style=\"font-weight: 400\"><a href=\"https:\/\/iguanasmoke.com\/it\/prodotto\/batteria-iguana-power-510-per-cartucce-da-2-ml-2\/\"><strong>Batteria 510 con filettatura per cartucce da 2 ml<\/strong><\/a>Cartucce Sativanol: offrono una maggiore autonomia, pensate per gli utenti che amano le sessioni pi\u00f9 lunghe o preferiscono cambiare le cartucce Sativanol meno frequentemente. Garantiscono <strong>potenza stabile e prestazioni costanti<\/strong>. <em>Ha una potenza di 400 mAh<\/em>.\u00a0<\/span><\/li>\n<li><a href=\"https:\/\/iguanasmoke.com\/it\/prodotto\/iguana-power-cartbox-battery-bateria-510-para-cartuchos\/\">Batteria tascabile Cartbox con filettatura 510<\/a>; Compatibilit\u00e0 2-in-1: <strong><span style=\"font-weight: 400\">E se siete alla ricerca di versatilit\u00e0, questo modello \u00e8 compatibile con cartucce da 1ml e 2ml, combinando autonomia, discrezione e wattaggio regolabile. Ideale per chi desidera un unico dispositivo che si adatti a tutto. <em>Ha una potenza di 650 mAh<\/em>.\u00a0<\/span><\/strong><\/li>\n<\/ul>\n<h3><\/h3>\n<h3><b>Perch\u00e9 acquistare le cartucce <span style=\"font-weight: 400\"><strong>Sativanol <\/strong><\/span><\/b><b>Lemon Haze in Iguana Smoke?<\/b><\/h3>\n<p><span style=\"font-weight: 400\">A <strong>Fumo di iguana<\/strong>, Diamo priorit\u00e0 alla qualit\u00e0 e alla trasparenza. Il nostro <strong>Cartucce di Sativanol <\/strong>sono realizzati con estratti naturali ed ecologici, offrendo prodotti <\/span><span style=\"font-weight: 400\"><strong>sicuro e potente <\/strong>che conservano tutti i cannabinoidi e i terpeni. Come nel caso dei nostri <strong>Cartuccia di Sativanol Lemon Haze<\/strong>, che si distingue per il suo potente sapore di agrumi.<\/span><\/p>\n<p><span style=\"font-weight: 400\">Questo \u00e8 il vostro posto sicuro per <strong>acquistare Sativanol vaper online in Spagna.<\/strong> Tutti i nostri prodotti sono approvati dall'UE, a garanzia della loro legalit\u00e0 e sicurezza. Inoltre, se volete potete consultare<\/span><span style=\"font-weight: 400\"> <a href=\"https:\/\/iguanasmoke.com\/it\/analitica\/\">qui le analisi di laboratorio.<\/a>\u00a0<\/span><\/p>\n<p><span style=\"font-weight: 400\">Non dimenticate di esplorare altri <strong>vapers Sativanol <\/strong>come il <a href=\"https:\/\/iguanasmoke.com\/it\/prodotto\/vaper-stv-space-vape-lemon-haze-sativanol\/\">Space Vape Lemon Haze Sativanol Vaper<\/a> u <\/span><span style=\"font-weight: 400\">altro <strong>Prodotti TOP<\/strong> come il <a href=\"https:\/\/iguanasmoke.com\/it\/prodotto\/vaper-10oh-spazio-vape-limone\/\">Vaper 10-OH Spazio Vape <\/a> o il <a href=\"https:\/\/iguanasmoke.com\/it\/prodotto\/hashish-cbd-lemon-haze-20\/\">hash CBD Lemon Haze<\/a>. <\/span><span style=\"font-weight: 400\">In breve, esplorate la nostra variet\u00e0 e trovate subito i vostri preferiti.<\/span><span style=\"font-weight: 400\">\u00a0<\/span><\/p>\n<p>&nbsp;<\/p>\n<h3><b>Iguana Smoke \u00e8 il vostro negozio online di CBD di fiducia<\/b><\/h3>\n<p><span style=\"font-weight: 400\">Noi di Iguana Smoke crediamo che il consumo di CBD debba essere un'esperienza sicura e piacevole. Ecco perch\u00e9 abbiamo prodotti di alta qualit\u00e0 che si rivolgono alle nuove generazioni: persone che cercano un benessere senza complicazioni, con marchi autentici e affidabili.\u00a0<\/span><\/p>\n<p>La nostra missione \u00e8 chiara: offrirvi il meglio del mondo dei cannabinoidi a un prezzo equo, con la tranquillit\u00e0 che deriva dalla consapevolezza di scegliere un prodotto certificato, efficace e 100% legale.<\/p>\n<p>Ancora dubbi? Scriveteci e saremo lieti di aiutarvi a trovare il prodotto giusto per voi.<\/p>\n<p>&nbsp;<\/p>\n<p><em><span style=\"font-weight: 400\">*Nota bene: il suo utilizzo \u00e8 destinato alla raccolta o all'aromaterapia secondo la legge spagnola. <\/span><\/em><\/p>\n<p><em><span style=\"font-weight: 400\">**Tutti i nostri prodotti sono derivati da canapa industriale certificata. Contengono meno dello 0,3 di THC e non contengono cannabinoidi illegali come HHC, HHC-P, THCP, THCP-O, H4CBD e quelli inclusi nell'Allegato I del Regio Decreto 2829\/1977, n\u00e9 sostanze controllate dalle convenzioni internazionali.\u00a0\u00a0<\/span><\/em><\/p>\n<p data-start=\"4281\" data-end=\"4419\">","protected":false},"excerpt":{"rendered":"<p>Godetevi subito la straordinaria cartuccia <span style=\"font-weight: 400\"><strong>Sativanol<\/strong> <\/span>Lemon Haze:<\/p>\n<ul>\n<li>Connessione: tipo 510<\/li>\n<li>Capacit\u00e0: <span style=\"font-size: 16px\">1 ml (300 soffi) \/ 2 ml (600 soffi)<\/span><\/li>\n<li>Sativanol<\/li>\n<li>CBD: 40%, CBG: 30%<\/li>\n<li>THC: 0%, HHC: 0%<\/li>\n<li>THC-P: 0%, Nicotina: 0%<\/li>\n<li>Non contiene VG, PG, PEG, MCT o altri agenti di taglio.<\/li>\n<\/ul>\n<p><span style=\"font-weight: 400\">Inoltre, consultare<strong>\u00a0<a href=\"https:\/\/iguanasmoke.com\/it\/analitica\/\">analisi di laboratorio.<\/a><\/strong><\/span><\/p>","protected":false},"featured_media":56359,"comment_status":"open","ping_status":"closed","template":"","meta":{"_acf_changed":false,"site-sidebar-layout":"default","site-content-layout":"default","ast-site-content-layout":"default","site-content-style":"default","site-sidebar-style":"default","ast-global-header-display":"","ast-banner-title-visibility":"","ast-main-header-display":"","ast-hfb-above-header-display":"","ast-hfb-below-header-display":"","ast-hfb-mobile-header-display":"","site-post-title":"","ast-breadcrumbs-content":"","ast-featured-img":"","footer-sml-layout":"","theme-transparent-header-meta":"default","adv-header-id-meta":"","stick-header-meta":"","header-above-stick-meta":"","header-main-stick-meta":"","header-below-stick-meta":"","astra-migrate-meta-layouts":"set","ast-page-background-enabled":"default","ast-page-background-meta":{"desktop":{"background-color":"var(--ast-global-color-4)","background-image":"","background-repeat":"repeat","background-position":"center center","background-size":"auto","background-attachment":"scroll","background-type":"","background-media":"","overlay-type":"","overlay-color":"","overlay-opacity":"","overlay-gradient":""},"tablet":{"background-color":"","background-image":"","background-repeat":"repeat","background-position":"center center","background-size":"auto","background-attachment":"scroll","background-type":"","background-media":"","overlay-type":"","overlay-color":"","overlay-opacity":"","overlay-gradient":""},"mobile":{"background-color":"","background-image":"","background-repeat":"repeat","background-position":"center center","background-size":"auto","background-attachment":"scroll","background-type":"","background-media":"","overlay-type":"","overlay-color":"","overlay-opacity":"","overlay-gradient":""}},"ast-content-background-meta":{"desktop":{"background-color":"var(--ast-global-color-5)","background-image":"","background-repeat":"repeat","background-position":"center center","background-size":"auto","background-attachment":"scroll","background-type":"","background-media":"","overlay-type":"","overlay-color":"","overlay-opacity":"","overlay-gradient":""},"tablet":{"background-color":"var(--ast-global-color-5)","background-image":"","background-repeat":"repeat","background-position":"center center","background-size":"auto","background-attachment":"scroll","background-type":"","background-media":"","overlay-type":"","overlay-color":"","overlay-opacity":"","overlay-gradient":""},"mobile":{"background-color":"var(--ast-global-color-5)","background-image":"","background-repeat":"repeat","background-position":"center center","background-size":"auto","background-attachment":"scroll","background-type":"","background-media":"","overlay-type":"","overlay-color":"","overlay-opacity":"","overlay-gradient":""}}},"product_brand":[],"product_cat":[419,549,418],"product_tag":[],"class_list":{"0":"post-56379","1":"product","2":"type-product","3":"status-publish","4":"has-post-thumbnail","6":"product_cat-cartuchos-cbd","7":"product_cat-sativanol","8":"product_cat-vaper-cbd","9":"desktop-align-center","10":"tablet-align-center","11":"mobile-align-center","13":"first","14":"instock","15":"taxable","16":"shipping-taxable","17":"purchasable","18":"product-type-variable"},"acf":[],"yoast_head":"<!-- This site is optimized with the Yoast SEO Premium plugin v27.3 (Yoast SEO v27.3) - https:\/\/yoast.com\/product\/yoast-seo-premium-wordpress\/ -->\n<title>Cartucho Sativanol Lemon Haze | Iguana Smoke<\/title>\n<meta name=\"description\" content=\"Experimenta la potencia del Cartucho Sativanol Lemon Haze y disfruta de una sesi\u00f3n de vapeo \u00fanica y relajante con este vaper Sativanol . \u00a1No te lo pierdas!\" \/>\n<meta name=\"robots\" content=\"index, follow, max-snippet:-1, max-image-preview:large, max-video-preview:-1\" \/>\n<link rel=\"canonical\" href=\"https:\/\/iguanasmoke.com\/it\/prodotto\/cartuccia-di-sativanolo-lemon-haze\/\" \/>\n<meta property=\"og:locale\" content=\"it_IT\" \/>\n<meta property=\"og:type\" content=\"article\" \/>\n<meta property=\"og:title\" content=\"Cartucho Sativanol Space - Lemon Haze\" \/>\n<meta property=\"og:description\" content=\"Disfruta ahora del incre\u00edble cartucho Sativanol Lemon Haze:   Conexi\u00f3n: tipo 510  Capacidad: 1 ml (300 caladas)\/ 2 ml (600 caladas)  Sativanol  CBD: 40%,\u00a0CBG: 30%  THC: 0%, HHC: 0%  THC-P: 0%, Nicotina: 0%  No contiene VG, PG, PEG, MCT o cualquier otro agente de corte  Adem\u00e1s, consulta\u00a0el an\u00e1lisis de laboratorio.\" \/>\n<meta property=\"og:url\" content=\"https:\/\/iguanasmoke.com\/it\/prodotto\/cartuccia-di-sativanolo-lemon-haze\/\" \/>\n<meta property=\"og:site_name\" content=\"Iguana Smoke\" \/>\n<meta property=\"article:publisher\" content=\"https:\/\/www.facebook.com\/iguanasmoke\" \/>\n<meta property=\"article:modified_time\" content=\"2026-04-08T10:07:43+00:00\" \/>\n<meta property=\"og:image\" content=\"https:\/\/iguanasmoke.com\/wp-content\/uploads\/2025\/05\/Bolsa-Cart-HHC-Lemon-bolsa-2025.webp\" \/>\n\t<meta property=\"og:image:width\" content=\"1000\" \/>\n\t<meta property=\"og:image:height\" content=\"1000\" \/>\n\t<meta property=\"og:image:type\" content=\"image\/webp\" \/>\n<meta name=\"twitter:card\" content=\"summary_large_image\" \/>\n<meta name=\"twitter:label1\" content=\"Disponibilit\u00e0\" \/>\n\t<meta name=\"twitter:data1\" content=\"In stock\" \/>\n<meta property=\"product:brand\" content=\"variable\" \/>\n<meta property=\"og:availability\" content=\"instock\" \/>\n<meta property=\"product:availability\" content=\"instock\" \/>\n<meta property=\"product:condition\" content=\"new\" \/>\n<!-- \/ Yoast SEO Premium plugin. -->","yoast_head_json":{"title":"Sativanol Lemon Haze | Cartuccia di fumo Iguana","description":"Provate la potenza della cartuccia Sativanol Lemon Haze e godetevi una sessione di svapo unica e rilassante con questo vaper Sativanol. Non perdetelo!","robots":{"index":"index","follow":"follow","max-snippet":"max-snippet:-1","max-image-preview":"max-image-preview:large","max-video-preview":"max-video-preview:-1"},"canonical":"https:\/\/iguanasmoke.com\/it\/prodotto\/cartuccia-di-sativanolo-lemon-haze\/","og_locale":"it_IT","og_type":"article","og_title":"Cartucho Sativanol Space - Lemon Haze","og_description":"Disfruta ahora del incre\u00edble cartucho Sativanol Lemon Haze:   Conexi\u00f3n: tipo 510  Capacidad: 1 ml (300 caladas)\/ 2 ml (600 caladas)  Sativanol  CBD: 40%,\u00a0CBG: 30%  THC: 0%, HHC: 0%  THC-P: 0%, Nicotina: 0%  No contiene VG, PG, PEG, MCT o cualquier otro agente de corte  Adem\u00e1s, consulta\u00a0el an\u00e1lisis de laboratorio.","og_url":"https:\/\/iguanasmoke.com\/it\/prodotto\/cartuccia-di-sativanolo-lemon-haze\/","og_site_name":"Iguana Smoke","article_publisher":"https:\/\/www.facebook.com\/iguanasmoke","article_modified_time":"2026-04-08T10:07:43+00:00","og_image":[{"width":1000,"height":1000,"url":"https:\/\/iguanasmoke.com\/wp-content\/uploads\/2025\/05\/Bolsa-Cart-HHC-Lemon-bolsa-2025.webp","type":"image\/webp"}],"twitter_card":"summary_large_image","twitter_misc":{"Disponibilit\u00e0":"In stock"},"schema":{"@context":"https:\/\/schema.org","@graph":[{"@type":"WebPage","@id":"https:\/\/iguanasmoke.com\/producto\/cartucho-sativanol-lemon-haze\/","url":"https:\/\/iguanasmoke.com\/producto\/cartucho-sativanol-lemon-haze\/","name":"Sativanol Lemon Haze | Cartuccia di fumo Iguana","isPartOf":{"@id":"https:\/\/iguanasmoke.com\/#website"},"primaryImageOfPage":{"@id":"https:\/\/iguanasmoke.com\/producto\/cartucho-sativanol-lemon-haze\/#primaryimage"},"image":{"@id":"https:\/\/iguanasmoke.com\/producto\/cartucho-sativanol-lemon-haze\/#primaryimage"},"thumbnailUrl":"https:\/\/iguanasmoke.com\/wp-content\/uploads\/2025\/05\/Bolsa-Cart-HHC-Lemon-bolsa-2025.webp","datePublished":"2025-05-05T17:04:59+00:00","dateModified":"2026-04-08T10:07:43+00:00","description":"Provate la potenza della cartuccia Sativanol Lemon Haze e godetevi una sessione di svapo unica e rilassante con questo vaper Sativanol. Non perdetelo!","breadcrumb":{"@id":"https:\/\/iguanasmoke.com\/producto\/cartucho-sativanol-lemon-haze\/#breadcrumb"},"inLanguage":"it-IT","potentialAction":[{"@type":"ReadAction","target":["https:\/\/iguanasmoke.com\/producto\/cartucho-sativanol-lemon-haze\/"]}]},{"@type":"ImageObject","inLanguage":"it-IT","@id":"https:\/\/iguanasmoke.com\/producto\/cartucho-sativanol-lemon-haze\/#primaryimage","url":"https:\/\/iguanasmoke.com\/wp-content\/uploads\/2025\/05\/Bolsa-Cart-HHC-Lemon-bolsa-2025.webp","contentUrl":"https:\/\/iguanasmoke.com\/wp-content\/uploads\/2025\/05\/Bolsa-Cart-HHC-Lemon-bolsa-2025.webp","width":1000,"height":1000,"caption":"Bolsa y cartucho STV Lemon haze de Iguana Smoke, vaper STV con Sativanol legal"},{"@type":"BreadcrumbList","@id":"https:\/\/iguanasmoke.com\/producto\/cartucho-sativanol-lemon-haze\/#breadcrumb","itemListElement":[{"@type":"ListItem","position":1,"name":"home","item":"https:\/\/iguanasmoke.com\/"},{"@type":"ListItem","position":2,"name":"Tienda","item":"https:\/\/iguanasmoke.com\/tienda\/"},{"@type":"ListItem","position":3,"name":"Vaper CBD","item":"https:\/\/iguanasmoke.com\/categoria\/vaper-cbd\/"},{"@type":"ListItem","position":4,"name":"Cartuchos","item":"https:\/\/iguanasmoke.com\/categoria\/vaper-cbd\/cartuchos-cbd\/"},{"@type":"ListItem","position":5,"name":"Cartucho Sativanol Space &#8211; Lemon Haze"}]},{"@type":"WebSite","@id":"https:\/\/iguanasmoke.com\/#website","url":"https:\/\/iguanasmoke.com\/","name":"Fumo di iguana","description":"Acquistare CBD online al miglior prezzo","publisher":{"@id":"https:\/\/iguanasmoke.com\/#organization"},"potentialAction":[{"@type":"SearchAction","target":{"@type":"EntryPoint","urlTemplate":"https:\/\/iguanasmoke.com\/?s={search_term_string}"},"query-input":{"@type":"PropertyValueSpecification","valueRequired":true,"valueName":"search_term_string"}}],"inLanguage":"it-IT"},{"@type":"Organization","@id":"https:\/\/iguanasmoke.com\/#organization","name":"Fumo di iguana","url":"https:\/\/iguanasmoke.com\/","logo":{"@type":"ImageObject","inLanguage":"it-IT","@id":"https:\/\/iguanasmoke.com\/#\/schema\/logo\/image\/","url":"https:\/\/iguanasmoke.com\/wp-content\/uploads\/2025\/01\/logoiguana-favi-1.png","contentUrl":"https:\/\/iguanasmoke.com\/wp-content\/uploads\/2025\/01\/logoiguana-favi-1.png","width":512,"height":512,"caption":"Iguana Smoke"},"image":{"@id":"https:\/\/iguanasmoke.com\/#\/schema\/logo\/image\/"},"sameAs":["https:\/\/www.facebook.com\/iguanasmoke","https:\/\/www.instagram.com\/iguanasmoke\/"]}]},"product_brand":"variable","og_availability":"instock","product_availability":"instock","product_condition":"new"},"_links":{"self":[{"href":"https:\/\/iguanasmoke.com\/it\/wp-json\/wp\/v2\/product\/56379","targetHints":{"allow":["GET"]}}],"collection":[{"href":"https:\/\/iguanasmoke.com\/it\/wp-json\/wp\/v2\/product"}],"about":[{"href":"https:\/\/iguanasmoke.com\/it\/wp-json\/wp\/v2\/types\/product"}],"replies":[{"embeddable":true,"href":"https:\/\/iguanasmoke.com\/it\/wp-json\/wp\/v2\/comments?post=56379"}],"wp:featuredmedia":[{"embeddable":true,"href":"https:\/\/iguanasmoke.com\/it\/wp-json\/wp\/v2\/media\/56359"}],"wp:attachment":[{"href":"https:\/\/iguanasmoke.com\/it\/wp-json\/wp\/v2\/media?parent=56379"}],"wp:term":[{"taxonomy":"product_brand","embeddable":true,"href":"https:\/\/iguanasmoke.com\/it\/wp-json\/wp\/v2\/product_brand?post=56379"},{"taxonomy":"product_cat","embeddable":true,"href":"https:\/\/iguanasmoke.com\/it\/wp-json\/wp\/v2\/product_cat?post=56379"},{"taxonomy":"product_tag","embeddable":true,"href":"https:\/\/iguanasmoke.com\/it\/wp-json\/wp\/v2\/product_tag?post=56379"}],"curies":[{"name":"wp","href":"https:\/\/api.w.org\/{rel}","templated":true}]}}