{"id":56619,"date":"2025-05-08T19:19:19","date_gmt":"2025-05-08T17:19:19","guid":{"rendered":"https:\/\/iguanasmoke.com\/?post_type=product&#038;p=56619"},"modified":"2026-03-09T16:57:31","modified_gmt":"2026-03-09T15:57:31","slug":"vaper-10oh-spazio-vape-gelato","status":"publish","type":"product","link":"https:\/\/iguanasmoke.com\/it\/producto\/vaper-10oh-space-vape-gelato\/","title":{"rendered":"Vaper 10-OH 90% Spazio Vape Gelato"},"content":{"rendered":"<h1 data-start=\"1609\" data-end=\"1642\"><span style=\"font-weight: 400;\">Vaper 10-OH 90% Space Vape Gelato:\u00a0<\/span><\/h1>\n<p><span style=\"font-weight: 400;\">Benvenuti in paradiso con il<\/span><span style=\"font-weight: 400;\"><strong> Vaper 10-OH<\/strong> <strong>Gelato<\/strong><strong>, <\/strong>vi lascer\u00e0 una cremosit\u00e0 tutta da provare. Ideale per chi cerca un <strong>esperienza di svapo completa e potente<\/strong>, questo <strong>vaper 10-OH <\/strong>combina la forza del 10-OH (idrossi-esaidrocannabinolo) con un gusto cremoso-dolce di cannabis caratteristico della variet\u00e0 Gelato.<\/span><span style=\"font-weight: 400;\">\u00a0Inoltre, la formula \u00e8 completata da <strong>privo di agenti da taglio, nicotina e HHC<\/strong>, in modo da poter godere di un prodotto pulito, legale e di qualit\u00e0.\u00a0<\/span><\/p>\n<p><span style=\"font-weight: 400;\">Esplora ora il <strong>Nuove molecole<\/strong> che hanno successo e sostituiscono il vecchio <em>HHC Space Vape<\/em>. Sai, comprare <strong>vaper<\/strong><\/span><span style=\"font-weight: 400;\"><strong> 10-OH <\/strong>significa portare in tasca la tecnologia della cannabis del futuro. <strong>Senza THC<\/strong>, <strong>ma c'\u00e8 un effetto<\/strong>; <strong>niente fumo<\/strong>, <strong>ma c'\u00e8 una nuvola<\/strong>; Non c'\u00e8 dubbio, perch\u00e9 <strong>questo vaper 10-OH Gelato \u00e8 pura magia.<\/strong><\/span><\/p>\n<p>&nbsp;<\/p>\n<h2><strong>Che cos'\u00e8 il 10-OH?<\/strong><\/h2>\n<p><span style=\"font-weight: 400;\">Il <\/span><span style=\"font-weight: 400;\"><b>10-OH<\/b> \u00e8 un <strong>Metabolita HHC<\/strong>, cio\u00e8 una sostanza che viene generata quando <strong>l'organismo scompone gli HHC<\/strong>. A livello di laboratorio, si ottiene trasformando l'HHC nella sua forma idrossilata, che si traduce in una <strong>cannabinoide pi\u00f9 stabile<\/strong> e con un'affinit\u00e0 specifica per alcuni recettori del sistema endocannabinoide.<\/span><\/p>\n<p><span style=\"font-weight: 400;\">Sebbene gli effetti possano variare da persona a persona, le esperienze spesso includono:<\/span><\/p>\n<ul>\n<li>Euforia moderata, senza lo sballo pi\u00f9 intenso che pu\u00f2 dare il THC.<\/li>\n<li>Rilassamento fisico, senza produrre una sensazione di eccessiva sedazione.<\/li>\n<li>Chiarezza mentale, che favorisce la concentrazione o l'interazione sociale.<\/li>\n<li>Meno ansia, il che la rende un'opzione interessante per chi non tollera bene il THC.<\/li>\n<\/ul>\n<p><span style=\"font-weight: 400;\">Questi effetti mettono il <strong>10-OH in un punto intermedio tra HHC e THC<\/strong>pi\u00f9 intenso del primo, ma pi\u00f9 gestibile del secondo. Se siete alla ricerca di <strong>acquistare vaper 10-OH online<\/strong>, Con effetti stimolanti ma senza paranoia o postumi mentali, questo \u00e8 il vaper che fa per voi. <\/span><\/p>\n<p><span style=\"font-weight: 400;\">Per saperne di pi\u00f9 sul funzionamento di questa nuova molecola, consultate il nostro <\/span> <a href=\"https:\/\/iguanasmoke.com\/it\/che-cosa-e-10-oh-la-nuova-opzione-in-cannabinoidi\/\">Blog: Cos'\u00e8 il 10-OH? La nuova opzione cannabinoide<\/a>.<\/p>\n<p>&nbsp;<\/p>\n<h2>Profilo terpenico di Vaper 10-OH Gelato:<\/h2>\n<p>Si caratterizza per la sua <strong>aroma di cannabis della variet\u00e0 Gelato. <\/strong>Godetevi il gusto cremoso, dolce e leggermente fruttato che ricorda il gelato italiano, ma con un tocco di 10-OH per un effetto funzionale e piacevole. La sua combinazione di terpeni comprende:<\/p>\n<ul>\n<li>Limonene: fresco, migliora l'umore e allevia lo stress.<\/li>\n<li>Cariofillene: terroso, speziato, con propriet\u00e0 lenitive.<\/li>\n<li>Umulene: tocco legnoso ed erbaceo, con effetto sedativo.<\/li>\n<\/ul>\n<p>&nbsp;<\/p>\n<h2><strong>Caratteristiche principali Vaper 10-OH Gelato<\/strong><strong>:<\/strong><\/h2>\n<ul>\n<li><span style=\"font-weight: 400;\"><strong>Contiene 10-OH di alta qualit\u00e0<\/strong>, con un profilo naturale di cannabinoidi.<\/span><\/li>\n<li><span style=\"font-weight: 400;\"><strong>Estratto di canapa biologico<\/strong>, privo di additivi e solventi.<\/span><\/li>\n<li><span style=\"font-weight: 400;\">Disponibile in <strong>1ml e 2ml<\/strong>. <\/span><\/li>\n<li><span style=\"font-weight: 400;\">Gusto gelato italiano.<\/span><\/li>\n<li>Ideale per l'uso quotidiano: <strong>nessuna combustione, nessun odore, nessuna tolleranza<\/strong>.<\/li>\n<li><span style=\"font-weight: 400;\"><strong>Effetto potente <\/strong>senza avvertire alcun effetto <strong>psicoattivi<\/strong> indesiderato<strong>: durata<\/strong> <strong>lungo<\/strong> (<strong>3-4 ore<\/strong>)<\/span><\/li>\n<li>Esperienza <strong>sensoriale<\/strong> Vi piacer\u00e0!<\/li>\n<li><span style=\"font-weight: 400;\">A <strong>300 soffi <\/strong>(1ml) e<strong> 600 soffi <\/strong>(2 ml).<\/span><\/li>\n<li>Batteria ricaricabile USB Type-C.<\/li>\n<li><span style=\"font-weight: 400;\"><strong>Nessun THC rilevabile<\/strong>. <\/span><\/li>\n<li><span style=\"font-weight: 400;\"><strong>Qualit\u00e0 garantita da Iguana Smoke<\/strong>.<\/span><\/li>\n<\/ul>\n<p><span style=\"font-weight: 400;\">Il <strong>vaper 10-OH <\/strong>\u00e8 il modo pi\u00f9 comodo e pulito per godere di tutti i vantaggi della <strong>benefici del 10-OH<\/strong>, nessuna manutenzione, nessun problema, nessuna seccatura.\u00a0<\/span><\/p>\n<p>&nbsp;<\/p>\n<h2><strong>Che cos'\u00e8 un vaper usa e getta?<\/strong><\/h2>\n<p><span style=\"font-weight: 400;\">A <strong>vaper monouso 10-OH<\/strong> \u00e8 un dispositivo di tipo penna\u201c <strong>di 1ml o 2ml<\/strong> che viene fornito con un liquido 10-OH. La grande differenza rispetto ad altri tipi di vapers \u00e8 che non ha bisogno di essere riempito o rabboccato: <strong>quando si esaurisce viene semplicemente scartato<\/strong>.\u00a0<\/span><\/p>\n<p><span style=\"font-weight: 400;\">Ci sono anche <strong><a href=\"https:\/\/iguanasmoke.com\/it\/categoria\/cbd-vaper-2\/cartucce\/?filter_tipo-cartucho=10-oh\">Cartucce monouso 10-OH<\/a><\/strong> che sono microcapsule che contengono il liquido ma necessitano di una batteria esterna per essere utilizzate.<\/span><\/p>\n<p>&nbsp;<\/p>\n<h3><b>Dove acquistare il Vaper 10-OH <span style=\"font-weight: 400;\"><strong>Gelato<\/strong><\/span><\/b><b>?<\/b><\/h3>\n<p><span style=\"font-weight: 400;\">Se state cercando <strong>acquistare un vaper 10-OH<\/strong><strong>, <\/strong>questo \u00e8 il tuo posto sicuro per <strong>acquistare vaper usa e getta 10-OH in Spagna.<\/strong> Tutti i nostri prodotti sono approvati dall'UE, a garanzia della loro legalit\u00e0 e sicurezza. Inoltre, se volete potete consultare<\/span><strong> <a href=\"https:\/\/iguanasmoke.com\/it\/analitica\/\">analisi di laboratorio.<\/a><\/strong><\/p>\n<p><span style=\"font-weight: 400;\">Non dimenticate di esplorare altri <strong>vaper 10-OH <\/strong>come il <strong><a href=\"https:\/\/iguanasmoke.com\/it\/prodotto\/10oh-spazio-vape-amnesia-vaper\/\">Vaper 10-OH Spazio Vape Amnesia<\/a>\u00a0<\/strong>u <\/span><span style=\"font-weight: 400;\">altro <strong>Prodotti TOP<\/strong> come il <strong><a href=\"https:\/\/iguanasmoke.com\/it\/prodotto\/cartuccia-10-oh-gelato\/\">Cartuccia 10-OH Gelato<\/a><\/strong> o il <a href=\"https:\/\/iguanasmoke.com\/it\/categoria\/hashish-cbd\/\"><strong>Hash CBD<\/strong><\/a>. <\/span><span style=\"font-weight: 400;\">In breve, esplorate la nostra variet\u00e0 e trovate subito i vostri preferiti.<\/span><span style=\"font-weight: 400;\">\u00a0<\/span><\/p>\n<p><strong data-start=\"303\" data-end=\"345\">Consegna rapida e discreta in tutta la Spagna<\/strong>, con <strong data-start=\"351\" data-end=\"387\">attenzione stretta e personalizzata<\/strong> per rispondere a qualsiasi domanda prima e dopo l'acquisto.<\/p>\n<p>&nbsp;<\/p>\n<h3><b>Iguana Smoke \u00e8 il vostro negozio online di CBD\u00a0<\/b><\/h3>\n<p><span style=\"font-weight: 400;\">A<strong> Fumo di iguana<\/strong>, Crediamo che il consumo di CBD debba essere un'esperienza sicura. Ecco perch\u00e9 abbiamo prodotti come questo <strong>vaper 10-OH Gelato<\/strong>, Il marchio si rivolge alle nuove generazioni: persone che cercano un benessere senza complicazioni, con marchi autentici e affidabili.\u00a0<\/span><\/p>\n<p>La nostra missione \u00e8 chiara: offrirvi il meglio del mondo dei cannabinoidi a un prezzo equo. Inoltre, vi diamo la tranquillit\u00e0 di sapere che state scegliendo un prodotto certificato, efficace e 100% legale. Il vostro momento di relax inizia qui con noi.<\/p>\n<p>Ancora dubbi? Scriveteci e saremo lieti di aiutarvi a trovare il prodotto giusto per voi.<\/p>\n<p>&nbsp;<\/p>\n<h6>\u2139\ufe0f<strong> Informazioni legali<\/strong><\/h6>\n<p><em><span style=\"font-weight: 400;\">*Prodotto destinato alla raccolta o all'aromaterapia, in conformit\u00e0 alla legislazione spagnola vigente. <\/span><\/em><\/p>\n<p><em><span style=\"font-weight: 400;\">**Derivato da canapa industriale certificata. Contiene meno dello 0,3 di THC e non contiene cannabinoidi illegali come HHC, HHC-P, THCP, THCP-O, H4CBD o sostanze elencate nell'Allegato I del Regio Decreto 2829\/1977, n\u00e9 sostanze controllate da convenzioni internazionali.\u00a0\u00a0<\/span><\/em><\/p>\n<p>&nbsp;<\/p>\n<h2><strong>\ud83d\udcac FAQS 10-OH Space Vape: <\/strong><\/h2>\n<h4><span style=\"font-weight: 400;\">\u2753 Il posto del Vaper 10-OH Gelato Space Vape? <\/span><\/h4>\n<p><span style=\"font-weight: 400;\">Offre <strong>effetti psicoattivi moderati e pi\u00f9 bilanciati rispetto al THC tradizionale<\/strong>, \u00c8 una scelta popolare per chi cerca un'esperienza controllata.\u00a0<\/span><\/p>\n<h4><span style=\"font-weight: 400;\">Quali effetti posso aspettarmi e quanto tempo ci vuole?\u00a0<\/span><\/h4>\n<p><span style=\"font-weight: 400;\">Ricordate che ogni persona \u00e8 unica e la <strong>gli effetti possono variare<\/strong> a seconda della concentrazione, dell'utilizzatore, della tolleranza e della frequenza d'uso. Potreste iniziare a notarlo presto. <strong>L'effetto \u00e8 potente e dura circa 3-4 ore.<\/strong>.<\/span><\/p>\n<h4><span style=\"font-weight: 400;\">Il 10-OH \u00e8 legale in Spagna?\u00a0<\/span><\/h4>\n<p><span style=\"font-weight: 400;\"><strong>S\u00ec<\/strong>, l'1<strong>Lo 0-OH pu\u00f2 essere legalmente commercializzato in Spagna<\/strong> a condizione che sia conforme alle normative europee sulla canapa industriale e che disponga di analisi di laboratorio indipendenti e tracciabilit\u00e0. <\/span><\/p>\n<p><span style=\"font-weight: 400;\">Inoltre, \u00e8 fondamentale che <strong>non supera i limiti legali di THC<\/strong>, che corrisponde a una percentuale <strong>meno di 0,3% THC.<\/strong> Naturalmente, in <strong>Fumo di iguana<\/strong> Prendiamo molto sul serio questo aspetto e tutti i nostri prodotti sono conformi agli standard e alle norme vigenti.\u00a0<\/span><\/p>\n<h4><span style=\"font-weight: 400;\">Perch\u00e9 scegliere il 10-OH rispetto all'HHC o al THC?\u00a0<\/span><\/h4>\n<p><span style=\"font-weight: 400;\">Perch\u00e9 offrono un<strong>esperienza stabile, coerente e di facile utilizzo<\/strong>, grazie al <strong>maggiore stabilit\u00e0<\/strong> <strong>molecolare<\/strong> 10-OH e il suo pratico formato vape.<\/span><\/p>","protected":false},"excerpt":{"rendered":"<h4>Caratteristiche<\/h4>\n<ul>\n<li style=\"list-style-type: none;\">\n<ul>\n<li>Sapore di cannabis e crema: terpene naturale<\/li>\n<li>Capacit\u00e0: 1 ml \/ 2 ml<\/li>\n<li>Corse: fino a 300 \/ 600<\/li>\n<li>Terpeni naturali di alta qualit\u00e0<\/li>\n<li>10-OH a 90%<\/li>\n<li>THC: 0%, HHC: 0%, THC-P: 0%, Nicotina: 0%<\/li>\n<li>Non contiene VG, PG, PEG, MCT o altri agenti di taglio.<\/li>\n<\/ul>\n<\/li>\n<\/ul>\n<p><span style=\"font-weight: 400;\">Inoltre, se si desidera, \u00e8 possibile consultare<strong> <a href=\"https:\/\/iguanasmoke.com\/it\/analitica\/\">analisi di laboratorio.<\/a><\/strong><\/span><\/p>","protected":false},"featured_media":74799,"comment_status":"open","ping_status":"closed","template":"","meta":{"_acf_changed":false,"site-sidebar-layout":"default","site-content-layout":"","ast-site-content-layout":"default","site-content-style":"default","site-sidebar-style":"default","ast-global-header-display":"","ast-banner-title-visibility":"","ast-main-header-display":"","ast-hfb-above-header-display":"","ast-hfb-below-header-display":"","ast-hfb-mobile-header-display":"","site-post-title":"","ast-breadcrumbs-content":"","ast-featured-img":"","footer-sml-layout":"","theme-transparent-header-meta":"default","adv-header-id-meta":"","stick-header-meta":"","header-above-stick-meta":"","header-main-stick-meta":"","header-below-stick-meta":"","astra-migrate-meta-layouts":"set","ast-page-background-enabled":"default","ast-page-background-meta":{"desktop":{"background-color":"var(--ast-global-color-4)","background-image":"","background-repeat":"repeat","background-position":"center center","background-size":"auto","background-attachment":"scroll","background-type":"","background-media":"","overlay-type":"","overlay-color":"","overlay-opacity":"","overlay-gradient":""},"tablet":{"background-color":"","background-image":"","background-repeat":"repeat","background-position":"center center","background-size":"auto","background-attachment":"scroll","background-type":"","background-media":"","overlay-type":"","overlay-color":"","overlay-opacity":"","overlay-gradient":""},"mobile":{"background-color":"","background-image":"","background-repeat":"repeat","background-position":"center center","background-size":"auto","background-attachment":"scroll","background-type":"","background-media":"","overlay-type":"","overlay-color":"","overlay-opacity":"","overlay-gradient":""}},"ast-content-background-meta":{"desktop":{"background-color":"var(--ast-global-color-5)","background-image":"","background-repeat":"repeat","background-position":"center center","background-size":"auto","background-attachment":"scroll","background-type":"","background-media":"","overlay-type":"","overlay-color":"","overlay-opacity":"","overlay-gradient":""},"tablet":{"background-color":"var(--ast-global-color-5)","background-image":"","background-repeat":"repeat","background-position":"center center","background-size":"auto","background-attachment":"scroll","background-type":"","background-media":"","overlay-type":"","overlay-color":"","overlay-opacity":"","overlay-gradient":""},"mobile":{"background-color":"var(--ast-global-color-5)","background-image":"","background-repeat":"repeat","background-position":"center center","background-size":"auto","background-attachment":"scroll","background-type":"","background-media":"","overlay-type":"","overlay-color":"","overlay-opacity":"","overlay-gradient":""}}},"product_brand":[],"product_cat":[550],"product_tag":[],"class_list":{"0":"post-56619","1":"product","2":"type-product","3":"status-publish","4":"has-post-thumbnail","6":"product_cat-10oh","7":"desktop-align-center","8":"tablet-align-center","9":"mobile-align-center","11":"first","12":"instock","13":"taxable","14":"shipping-taxable","15":"purchasable","16":"product-type-variable"},"acf":[],"yoast_head":"<!-- This site is optimized with the Yoast SEO Premium plugin v27.3 (Yoast SEO v27.3) - https:\/\/yoast.com\/product\/yoast-seo-premium-wordpress\/ -->\n<title>Vaper 10-OH 90% Space Vape Gelato | Iguana Smoke<\/title>\n<meta name=\"description\" content=\"Descubre el Vaper 10-OH Gelato 90% Space Vape . Potencia premium, sabor cannabis y env\u00edo r\u00e1pido. Disfruta de una experiencia de vapeo \u00fanica.\" \/>\n<meta name=\"robots\" content=\"index, follow, max-snippet:-1, max-image-preview:large, max-video-preview:-1\" \/>\n<link rel=\"canonical\" href=\"https:\/\/iguanasmoke.com\/it\/prodotto\/vaper-10oh-spazio-vape-gelato\/\" \/>\n<meta property=\"og:locale\" content=\"it_IT\" \/>\n<meta property=\"og:type\" content=\"article\" \/>\n<meta property=\"og:title\" content=\"Vaper 10-OH 90% Space Vape Gelato\" \/>\n<meta property=\"og:description\" content=\"Caracter\u00edsticas      Sabor cann\u00e1bico y cremoso: Terpeno natural  Capacidad: 1 ml \/ 2 ml  Caladas: hasta 300 \/ 600  Terpenos naturales de alta calidad  10-OH al 90%  THC: 0%, HHC: 0%, THC-P: 0%, Nicotina: 0%  No contiene VG, PG, PEG, MCT u otro agente de corte.    Adem\u00e1s, si quieres puedes consultar el an\u00e1lisis de laboratorio.\" \/>\n<meta property=\"og:url\" content=\"https:\/\/iguanasmoke.com\/it\/prodotto\/vaper-10oh-spazio-vape-gelato\/\" \/>\n<meta property=\"og:site_name\" content=\"Iguana Smoke\" \/>\n<meta property=\"article:publisher\" content=\"https:\/\/www.facebook.com\/iguanasmoke\" \/>\n<meta property=\"article:modified_time\" content=\"2026-03-09T15:57:31+00:00\" \/>\n<meta property=\"og:image\" content=\"https:\/\/iguanasmoke.com\/wp-content\/uploads\/2025\/05\/Mockup-10-OH-Gelato-caja-y-pod-vde-der.webp\" \/>\n\t<meta property=\"og:image:width\" content=\"1000\" \/>\n\t<meta property=\"og:image:height\" content=\"1000\" \/>\n\t<meta property=\"og:image:type\" content=\"image\/webp\" \/>\n<meta name=\"twitter:card\" content=\"summary_large_image\" \/>\n<meta name=\"twitter:label1\" content=\"Disponibilit\u00e0\" \/>\n\t<meta name=\"twitter:data1\" content=\"In stock\" \/>\n<meta property=\"product:brand\" content=\"variable\" \/>\n<meta property=\"og:availability\" content=\"instock\" \/>\n<meta property=\"product:availability\" content=\"instock\" \/>\n<meta property=\"product:condition\" content=\"new\" \/>\n<!-- \/ Yoast SEO Premium plugin. -->","yoast_head_json":{"title":"Vaper 10-OH 90% Space Vape Gelato : Iguana Smoke","description":"Scoprite il Vaper 10-OH Gelato 90% Space Vape. Potenza premium, sapore di cannabis ed erogazione rapida. Godetevi un'esperienza di vaping unica.","robots":{"index":"index","follow":"follow","max-snippet":"max-snippet:-1","max-image-preview":"max-image-preview:large","max-video-preview":"max-video-preview:-1"},"canonical":"https:\/\/iguanasmoke.com\/it\/prodotto\/vaper-10oh-spazio-vape-gelato\/","og_locale":"it_IT","og_type":"article","og_title":"Vaper 10-OH 90% Space Vape Gelato","og_description":"Caracter\u00edsticas      Sabor cann\u00e1bico y cremoso: Terpeno natural  Capacidad: 1 ml \/ 2 ml  Caladas: hasta 300 \/ 600  Terpenos naturales de alta calidad  10-OH al 90%  THC: 0%, HHC: 0%, THC-P: 0%, Nicotina: 0%  No contiene VG, PG, PEG, MCT u otro agente de corte.    Adem\u00e1s, si quieres puedes consultar el an\u00e1lisis de laboratorio.","og_url":"https:\/\/iguanasmoke.com\/it\/prodotto\/vaper-10oh-spazio-vape-gelato\/","og_site_name":"Iguana Smoke","article_publisher":"https:\/\/www.facebook.com\/iguanasmoke","article_modified_time":"2026-03-09T15:57:31+00:00","og_image":[{"width":1000,"height":1000,"url":"https:\/\/iguanasmoke.com\/wp-content\/uploads\/2025\/05\/Mockup-10-OH-Gelato-caja-y-pod-vde-der.webp","type":"image\/webp"}],"twitter_card":"summary_large_image","twitter_misc":{"Disponibilit\u00e0":"In stock"},"schema":{"@context":"https:\/\/schema.org","@graph":[{"@type":"WebPage","@id":"https:\/\/iguanasmoke.com\/producto\/vaper-10oh-space-vape-gelato\/","url":"https:\/\/iguanasmoke.com\/producto\/vaper-10oh-space-vape-gelato\/","name":"Vaper 10-OH 90% Space Vape Gelato : Iguana Smoke","isPartOf":{"@id":"https:\/\/iguanasmoke.com\/#website"},"primaryImageOfPage":{"@id":"https:\/\/iguanasmoke.com\/producto\/vaper-10oh-space-vape-gelato\/#primaryimage"},"image":{"@id":"https:\/\/iguanasmoke.com\/producto\/vaper-10oh-space-vape-gelato\/#primaryimage"},"thumbnailUrl":"https:\/\/iguanasmoke.com\/wp-content\/uploads\/2025\/05\/Mockup-10-OH-Gelato-caja-y-pod-vde-der.webp","datePublished":"2025-05-08T17:19:19+00:00","dateModified":"2026-03-09T15:57:31+00:00","description":"Scoprite il Vaper 10-OH Gelato 90% Space Vape. Potenza premium, sapore di cannabis ed erogazione rapida. Godetevi un'esperienza di vaping unica.","breadcrumb":{"@id":"https:\/\/iguanasmoke.com\/producto\/vaper-10oh-space-vape-gelato\/#breadcrumb"},"inLanguage":"it-IT","potentialAction":[{"@type":"ReadAction","target":["https:\/\/iguanasmoke.com\/producto\/vaper-10oh-space-vape-gelato\/"]}]},{"@type":"ImageObject","inLanguage":"it-IT","@id":"https:\/\/iguanasmoke.com\/producto\/vaper-10oh-space-vape-gelato\/#primaryimage","url":"https:\/\/iguanasmoke.com\/wp-content\/uploads\/2025\/05\/Mockup-10-OH-Gelato-caja-y-pod-vde-der.webp","contentUrl":"https:\/\/iguanasmoke.com\/wp-content\/uploads\/2025\/05\/Mockup-10-OH-Gelato-caja-y-pod-vde-der.webp","width":1000,"height":1000,"caption":"Caja m\u00e1s vaper verde Gelato 10-OH 2ml dcha"},{"@type":"BreadcrumbList","@id":"https:\/\/iguanasmoke.com\/producto\/vaper-10oh-space-vape-gelato\/#breadcrumb","itemListElement":[{"@type":"ListItem","position":1,"name":"home","item":"https:\/\/iguanasmoke.com\/"},{"@type":"ListItem","position":2,"name":"Tienda","item":"https:\/\/iguanasmoke.com\/tienda\/"},{"@type":"ListItem","position":3,"name":"Nuevas Mol\u00e9culas","item":"https:\/\/iguanasmoke.com\/categoria\/nuevas-moleculas\/"},{"@type":"ListItem","position":4,"name":"10-OH","item":"https:\/\/iguanasmoke.com\/categoria\/nuevas-moleculas\/10oh\/"},{"@type":"ListItem","position":5,"name":"Vaper 10-OH 90% Space Vape Gelato"}]},{"@type":"WebSite","@id":"https:\/\/iguanasmoke.com\/#website","url":"https:\/\/iguanasmoke.com\/","name":"Fumo di iguana","description":"Acquistare CBD online al miglior prezzo","publisher":{"@id":"https:\/\/iguanasmoke.com\/#organization"},"potentialAction":[{"@type":"SearchAction","target":{"@type":"EntryPoint","urlTemplate":"https:\/\/iguanasmoke.com\/?s={search_term_string}"},"query-input":{"@type":"PropertyValueSpecification","valueRequired":true,"valueName":"search_term_string"}}],"inLanguage":"it-IT"},{"@type":"Organization","@id":"https:\/\/iguanasmoke.com\/#organization","name":"Fumo di iguana","url":"https:\/\/iguanasmoke.com\/","logo":{"@type":"ImageObject","inLanguage":"it-IT","@id":"https:\/\/iguanasmoke.com\/#\/schema\/logo\/image\/","url":"https:\/\/iguanasmoke.com\/wp-content\/uploads\/2025\/01\/logoiguana-favi-1.png","contentUrl":"https:\/\/iguanasmoke.com\/wp-content\/uploads\/2025\/01\/logoiguana-favi-1.png","width":512,"height":512,"caption":"Iguana Smoke"},"image":{"@id":"https:\/\/iguanasmoke.com\/#\/schema\/logo\/image\/"},"sameAs":["https:\/\/www.facebook.com\/iguanasmoke","https:\/\/www.instagram.com\/iguanasmoke\/"]}]},"product_brand":"variable","og_availability":"instock","product_availability":"instock","product_condition":"new"},"_links":{"self":[{"href":"https:\/\/iguanasmoke.com\/it\/wp-json\/wp\/v2\/product\/56619","targetHints":{"allow":["GET"]}}],"collection":[{"href":"https:\/\/iguanasmoke.com\/it\/wp-json\/wp\/v2\/product"}],"about":[{"href":"https:\/\/iguanasmoke.com\/it\/wp-json\/wp\/v2\/types\/product"}],"replies":[{"embeddable":true,"href":"https:\/\/iguanasmoke.com\/it\/wp-json\/wp\/v2\/comments?post=56619"}],"wp:featuredmedia":[{"embeddable":true,"href":"https:\/\/iguanasmoke.com\/it\/wp-json\/wp\/v2\/media\/74799"}],"wp:attachment":[{"href":"https:\/\/iguanasmoke.com\/it\/wp-json\/wp\/v2\/media?parent=56619"}],"wp:term":[{"taxonomy":"product_brand","embeddable":true,"href":"https:\/\/iguanasmoke.com\/it\/wp-json\/wp\/v2\/product_brand?post=56619"},{"taxonomy":"product_cat","embeddable":true,"href":"https:\/\/iguanasmoke.com\/it\/wp-json\/wp\/v2\/product_cat?post=56619"},{"taxonomy":"product_tag","embeddable":true,"href":"https:\/\/iguanasmoke.com\/it\/wp-json\/wp\/v2\/product_tag?post=56619"}],"curies":[{"name":"wp","href":"https:\/\/api.w.org\/{rel}","templated":true}]}}