{"id":57888,"date":"2025-05-29T01:18:10","date_gmt":"2025-05-28T23:18:10","guid":{"rendered":"https:\/\/iguanasmoke.com\/?post_type=product&#038;p=57888"},"modified":"2026-05-08T09:43:36","modified_gmt":"2026-05-08T07:43:36","slug":"spazio-hash-marocchino-stv-sativanol","status":"publish","type":"product","link":"https:\/\/iguanasmoke.com\/it\/producto\/space-hash-moroccan-stv-sativanol\/","title":{"rendered":"Spazio Hash marocchino STV (Sativanol)"},"content":{"rendered":"<section class=\"product-description\"><\/section>\n<section class=\"stv-description\"><\/section>\n<h1><span style=\"font-weight: 400\">Spazio Hash Moroccan STV: le nuove molecole<\/span><\/h1>\n<p><span style=\"font-weight: 400\">Lo Space Hash Moroccan STV \u00e8 un gioiello per chi \u00e8 alla ricerca di una <strong>hashish senza THC<\/strong> che combina il meglio del tradizionale hashish marocchino con la potenza della <strong>Super Sativa<\/strong>La consistenza \u00e8 flessibile e la finitura \u00e8 fatta a mano, per chi cerca qualcosa di diverso senza perdere l'essenza dell'autentico hashish di prima qualit\u00e0:<\/span><\/p>\n<ul>\n<li>\u00c8 un prodotto sicuro e conforme agli standard legali, con meno di 0,3% di THC.<\/li>\n<li>Inoltre, non contiene sostanze chimiche o additivi artificiali.<\/li>\n<li>Ideale per i consumatori esigenti e gli amanti dell'hashish di qualit\u00e0 superiore.<\/li>\n<li>Qualit\u00e0 testata da laboratori indipendenti <a href=\"https:\/\/iguanasmoke.com\/it\/analitica\/\">qui<\/a>.<\/li>\n<\/ul>\n<h2><strong>Che cos'\u00e8 l'STV? <\/strong><\/h2>\n<p><span style=\"font-weight: 400\">La STV (Super Sativa - Sativanol) \u00e8 una <strong>cannabinoide semisintetico<\/strong> che deriva dalla canapa. \u00c8 stato progettato per offrire <strong>effetti stimolanti, sensazioni di euforia e momenti di lucidit\u00e0 mentale<\/strong>, tutti privi di THC, HHC, THCP e analoghi psicoattivi. <\/span><\/p>\n<p><span style=\"font-weight: 400\">L'aspetto positivo di questa molecola \u00e8 che non \u00e8 nota per la sua tolleranza, il che significa che si pu\u00f2 godere dei suoi effetti pi\u00f9 a lungo. \u00c8 possibile provare l'STV marocchino di Space Hash con un <strong>insorgenza moderata<\/strong> (10-30 minuti) e un <strong>durata 3-4 ore<\/strong>, che non provoca sonnolenza.\u00a0<\/span><\/p>\n<p><span style=\"font-weight: 400\">L'aspetto migliore \u00e8 che l'STV rappresenta una <strong>nuova era dei cannabinoidi funzionali<\/strong>, ideale per chi \u00e8 alla ricerca di esperienze <strong>Tipo Sativa senza subire gli effetti negativi<\/strong>. \u00c8 semplicemente perfetto.\u00a0\u00a0<\/span><\/p>\n<p>Se volete saperne di pi\u00f9 sull'STV, non dimenticatevi di visitare il sito <a href=\"https:\/\/iguanasmoke.com\/it\/nuevos-nuestro blog: Guia de &lt;yoastmark class=\/\">cannabinoidi legali in Spagna.<\/a><\/p>\n<p><span style=\"font-weight: 400\">\u00a0\u00a0<\/span><\/p>\n<h2>Caratteristiche dello Space Hash Moroccan STV:<\/h2>\n<ul>\n<li><span style=\"font-size: 16px;font-weight: 400\"><strong>Aroma e gusto:<\/strong> Emette un <strong>aroma sottile e speziato<\/strong> che ricorda i classici del Nord Africa. Un sapore corposo fin dall'inizio che non risulta stucchevole.\u00a0<\/span><\/li>\n<li><strong>Origine e purezza:<\/strong> <span style=\"font-size: 16px;font-weight: 400\">Tratto da <strong>canapa europea selezionata<\/strong> in dettaglio e seguendo il <strong>metodi tradizionali marocchini che, insieme alla STV<\/strong> fanno s\u00ec che questo moderno cannabinoide vi offra un'esperienza alternativa, senza effetti psicoattivi e completamente legale.\u00a0<\/span><\/li>\n<li><span style=\"font-size: 16px;font-weight: 400\"><strong>Aspetto e consistenza:<\/strong>\u00a0 Il suo colore biondo chiaro e l'aspetto compatto lo rendono un hashish attraente per chi apprezza la qualit\u00e0 visiva. \u00c8 facile da maneggiare e perfetta da gustare da soli o in compagnia.\u00a0<\/span><\/li>\n<\/ul>\n<p>&nbsp;<\/p>\n<h3><b>Perch\u00e9 acquistare hashish e resina STV da Iguana Smoke?<\/b><\/h3>\n<p><span style=\"font-weight: 400\">Noi di Iguana Smoke ci impegniamo per la qualit\u00e0. I nostri prodotti STV (Sativanol) combinano i due mondi: la canapa naturale 100% e i cannabinoidi pi\u00f9 innovativi, offrendo un'alternativa sicura e legale senza effetti psicoattivi. <\/span><strong>Space Hash Moroccan STV si distingue davvero nel mondo dei cannabinoidi.<\/strong><\/p>\n<p>Siate certi che ogni unit\u00e0 del nostro hashish STV \u00e8 prodotta con materie prime organiche ed \u00e8 sottoposta a test di laboratorio per garantire purezza e sicurezza.<span style=\"font-weight: 400\"> Ricordate che Iguana Smoke \u00e8 il vostro posto sicuro. <strong>dove acquistare CBD hashish e STV in Spagna: <\/strong>Prodotti approvati dall'UE, con meno di 0,3 % THC, per un'esperienza autentica e legale.\u00a0<\/span><\/p>\n<p><span style=\"font-weight: 400\">\u00c8 possibile consultare l'analisi della qualit\u00e0 di questo hashish <a href=\"https:\/\/iguanasmoke.com\/it\/analitica\/\">qui<\/a>.\u00a0<\/span><\/p>\n<p>&nbsp;<\/p>\n<p><span style=\"font-weight: 400\">Inoltre, se amate le nostre resine CBD pi\u00f9 tradizionali come la <a href=\"https:\/\/iguanasmoke.com\/it\/prodotto\/hash-cbd-amnesia\/\">hashish amnesia cbd<\/a> voi <\/span><span style=\"font-weight: 400\">ci assicuriamo che il <strong>Spazio Hash marocchino STV<\/strong> vi chiarir\u00e0 i sensi. Inoltre, non dimenticate di provare altri prodotti TOP come il <a href=\"https:\/\/iguanasmoke.com\/it\/prodotto\/flor-gelato-stv-20\/\">Fiori STV 20%<\/a> e il <a href=\"https:\/\/iguanasmoke.com\/it\/space-vape-stv-un-vaper-rivoluzionario\/\">Spazio Vapes STV<\/a>. <\/span><\/p>\n<p><span style=\"font-weight: 400\">In breve, esplorate la nostra variet\u00e0 e trovate subito i vostri preferiti.\u00a0<\/span><\/p>\n<p>&nbsp;<\/p>\n<h3><b>Iguana Smoke \u00e8 sinonimo di qualit\u00e0 e affidabilit\u00e0.<\/b><\/h3>\n<p><span style=\"font-weight: 400\">Noi di Iguana Smoke crediamo che il consumo di STV debba essere un'esperienza sicura e piacevole. Ecco perch\u00e9 abbiamo prodotti di alta qualit\u00e0 che si rivolgono alle nuove generazioni: persone che cercano il benessere senza complicazioni, con marchi autentici e affidabili. Ricordate che tutti i nostri prodotti sono hashish<strong>\u00a0Senza THC, HHC e THCP<\/strong>, come il <strong>Spazio Hash marocchino STV <\/strong>che state per portare a casa.<\/span><\/p>\n<p>La nostra missione \u00e8 chiara: offrirvi il meglio del mondo dei cannabinoidi a un prezzo equo, con la tranquillit\u00e0 che deriva dalla consapevolezza di scegliere un prodotto certificato, efficace e legale. Siamo all'avanguardia nei prodotti a base di CBD.<\/p>\n<p>Ancora dubbi? Scriveteci e saremo lieti di aiutarvi a trovare il prodotto giusto per voi.<\/p>\n<p>&nbsp;<\/p>\n<p>*<em><span style=\"font-weight: 400\">Ricordate: il suo uso \u00e8 destinato al collezionismo o all'aromaterapia secondo la legge spagnola.\u00a0<\/span><\/em><\/p>","protected":false},"excerpt":{"rendered":"<p><span style=\"font-weight: 400\">Space Hash Moroccan STV dalla consistenza solida e dall'aroma speziato. Arricchito con STV (Sativanol), apporta chiarezza e leggera euforia.\u00a0<\/span><\/p>\n<ul>\n<li><strong style=\"font-size: 16px;font-style: normal\">Colore biondo chiaro <\/strong>- Perfetto per un'esperienza autentica<\/li>\n<li><strong>Meno di 0,3% THC - 100% legale in Europa<\/strong><\/li>\n<li><strong>Produzione naturale<\/strong>- Senza pesticidi o sostanze chimiche artificiali<\/li>\n<\/ul>\n<p>Analisi della qualit\u00e0: clicca\u00a0<a href=\"https:\/\/iguanasmoke.com\/it\/analitica\/\" target=\"_blank\" rel=\"noopener\">qui<\/a><\/p>","protected":false},"featured_media":57946,"comment_status":"open","ping_status":"closed","template":"","meta":{"_acf_changed":false,"site-sidebar-layout":"default","site-content-layout":"","ast-site-content-layout":"default","site-content-style":"default","site-sidebar-style":"default","ast-global-header-display":"","ast-banner-title-visibility":"","ast-main-header-display":"","ast-hfb-above-header-display":"","ast-hfb-below-header-display":"","ast-hfb-mobile-header-display":"","site-post-title":"","ast-breadcrumbs-content":"","ast-featured-img":"","footer-sml-layout":"","theme-transparent-header-meta":"default","adv-header-id-meta":"","stick-header-meta":"","header-above-stick-meta":"","header-main-stick-meta":"","header-below-stick-meta":"","astra-migrate-meta-layouts":"set","ast-page-background-enabled":"default","ast-page-background-meta":{"desktop":{"background-color":"var(--ast-global-color-4)","background-image":"","background-repeat":"repeat","background-position":"center center","background-size":"auto","background-attachment":"scroll","background-type":"","background-media":"","overlay-type":"","overlay-color":"","overlay-opacity":"","overlay-gradient":""},"tablet":{"background-color":"","background-image":"","background-repeat":"repeat","background-position":"center center","background-size":"auto","background-attachment":"scroll","background-type":"","background-media":"","overlay-type":"","overlay-color":"","overlay-opacity":"","overlay-gradient":""},"mobile":{"background-color":"","background-image":"","background-repeat":"repeat","background-position":"center center","background-size":"auto","background-attachment":"scroll","background-type":"","background-media":"","overlay-type":"","overlay-color":"","overlay-opacity":"","overlay-gradient":""}},"ast-content-background-meta":{"desktop":{"background-color":"var(--ast-global-color-5)","background-image":"","background-repeat":"repeat","background-position":"center center","background-size":"auto","background-attachment":"scroll","background-type":"","background-media":"","overlay-type":"","overlay-color":"","overlay-opacity":"","overlay-gradient":""},"tablet":{"background-color":"var(--ast-global-color-5)","background-image":"","background-repeat":"repeat","background-position":"center center","background-size":"auto","background-attachment":"scroll","background-type":"","background-media":"","overlay-type":"","overlay-color":"","overlay-opacity":"","overlay-gradient":""},"mobile":{"background-color":"var(--ast-global-color-5)","background-image":"","background-repeat":"repeat","background-position":"center center","background-size":"auto","background-attachment":"scroll","background-type":"","background-media":"","overlay-type":"","overlay-color":"","overlay-opacity":"","overlay-gradient":""}}},"product_brand":[],"product_cat":[397,549],"product_tag":[],"class_list":{"0":"post-57888","1":"product","2":"type-product","3":"status-publish","4":"has-post-thumbnail","6":"product_cat-hash-cbd","7":"product_cat-sativanol","8":"desktop-align-center","9":"tablet-align-center","10":"mobile-align-center","12":"first","13":"instock","14":"taxable","15":"shipping-taxable","16":"purchasable","17":"product-type-variable"},"acf":[],"yoast_head":"<!-- This site is optimized with the Yoast SEO Premium plugin v27.5 (Yoast SEO v27.5) - https:\/\/yoast.com\/product\/yoast-seo-premium-wordpress\/ -->\n<title>Space Hash Moroccan STV: hach\u00eds sin THC | Iguana Smoke<\/title>\n<meta name=\"description\" content=\"Descubre el nuevo Space Hash Moroccan STV en Iguana Smoke. Ven a comprar hach\u00eds legal con Sativanol y CBD, sin THC psicoactivo. Tu hash con calidad premium.\" \/>\n<meta name=\"robots\" content=\"index, follow, max-snippet:-1, max-image-preview:large, max-video-preview:-1\" \/>\n<link rel=\"canonical\" href=\"https:\/\/iguanasmoke.com\/it\/prodotto\/spazio-hash-marocchino-stv-sativanol\/\" \/>\n<meta property=\"og:locale\" content=\"it_IT\" \/>\n<meta property=\"og:type\" content=\"article\" \/>\n<meta property=\"og:title\" content=\"Space Hash Moroccan STV (Sativanol)\" \/>\n<meta property=\"og:description\" content=\"El Space Hash Moroccan STV de textura firme y aroma especiado. Enriquecido con STV(Sativanol), aporta claridad y euforia ligera.\u00a0   Color rubio claro \u2013 Perfecta para una experiencia aut\u00e9ntica  Menos de 0,3% de THC \u2013 100% legal en toda Europa  Producci\u00f3n natural\u2013 Sin pesticidas ni qu\u00edmicos artificiales  An\u00e1lisis de calidad: pincha\u00a0aqu\u00ed\" \/>\n<meta property=\"og:url\" content=\"https:\/\/iguanasmoke.com\/it\/prodotto\/spazio-hash-marocchino-stv-sativanol\/\" \/>\n<meta property=\"og:site_name\" content=\"Iguana Smoke\" \/>\n<meta property=\"article:publisher\" content=\"https:\/\/www.facebook.com\/iguanasmoke\" \/>\n<meta property=\"article:modified_time\" content=\"2026-05-08T07:43:36+00:00\" \/>\n<meta property=\"og:image\" content=\"https:\/\/iguanasmoke.com\/wp-content\/uploads\/2025\/05\/mockup-Blonde-5g.png\" \/>\n\t<meta property=\"og:image:width\" content=\"1000\" \/>\n\t<meta property=\"og:image:height\" content=\"1000\" \/>\n\t<meta property=\"og:image:type\" content=\"image\/png\" \/>\n<meta name=\"twitter:card\" content=\"summary_large_image\" \/>\n<meta name=\"twitter:label1\" content=\"Disponibilit\u00e0\" \/>\n\t<meta name=\"twitter:data1\" content=\"In stock\" \/>\n<meta property=\"product:brand\" content=\"variable\" \/>\n<meta property=\"og:availability\" content=\"instock\" \/>\n<meta property=\"product:availability\" content=\"instock\" \/>\n<meta property=\"product:condition\" content=\"new\" \/>\n<!-- \/ Yoast SEO Premium plugin. -->","yoast_head_json":{"title":"Space Hash Moroccan STV: hashish senza THC : Iguana Smoke","description":"Scoprite il nuovo Space Hash Moroccan STV presso Iguana Smoke. Venite ad acquistare hashish legale con Sativanol e CBD, senza THC psicoattivo. Il vostro hashish di qualit\u00e0 superiore.","robots":{"index":"index","follow":"follow","max-snippet":"max-snippet:-1","max-image-preview":"max-image-preview:large","max-video-preview":"max-video-preview:-1"},"canonical":"https:\/\/iguanasmoke.com\/it\/prodotto\/spazio-hash-marocchino-stv-sativanol\/","og_locale":"it_IT","og_type":"article","og_title":"Space Hash Moroccan STV (Sativanol)","og_description":"El Space Hash Moroccan STV de textura firme y aroma especiado. Enriquecido con STV(Sativanol), aporta claridad y euforia ligera.\u00a0   Color rubio claro \u2013 Perfecta para una experiencia aut\u00e9ntica  Menos de 0,3% de THC \u2013 100% legal en toda Europa  Producci\u00f3n natural\u2013 Sin pesticidas ni qu\u00edmicos artificiales  An\u00e1lisis de calidad: pincha\u00a0aqu\u00ed","og_url":"https:\/\/iguanasmoke.com\/it\/prodotto\/spazio-hash-marocchino-stv-sativanol\/","og_site_name":"Iguana Smoke","article_publisher":"https:\/\/www.facebook.com\/iguanasmoke","article_modified_time":"2026-05-08T07:43:36+00:00","og_image":[{"width":1000,"height":1000,"url":"https:\/\/iguanasmoke.com\/wp-content\/uploads\/2025\/05\/mockup-Blonde-5g.png","type":"image\/png"}],"twitter_card":"summary_large_image","twitter_misc":{"Disponibilit\u00e0":"In stock"},"schema":{"@context":"https:\/\/schema.org","@graph":[{"@type":"WebPage","@id":"https:\/\/iguanasmoke.com\/producto\/space-hash-moroccan-stv-sativanol\/","url":"https:\/\/iguanasmoke.com\/producto\/space-hash-moroccan-stv-sativanol\/","name":"Space Hash Moroccan STV: hashish senza THC : Iguana Smoke","isPartOf":{"@id":"https:\/\/iguanasmoke.com\/#website"},"primaryImageOfPage":{"@id":"https:\/\/iguanasmoke.com\/producto\/space-hash-moroccan-stv-sativanol\/#primaryimage"},"image":{"@id":"https:\/\/iguanasmoke.com\/producto\/space-hash-moroccan-stv-sativanol\/#primaryimage"},"thumbnailUrl":"https:\/\/iguanasmoke.com\/wp-content\/uploads\/2025\/05\/mockup-Blonde-5g.png","datePublished":"2025-05-28T23:18:10+00:00","dateModified":"2026-05-08T07:43:36+00:00","description":"Scoprite il nuovo Space Hash Moroccan STV presso Iguana Smoke. Venite ad acquistare hashish legale con Sativanol e CBD, senza THC psicoattivo. Il vostro hashish di qualit\u00e0 superiore.","breadcrumb":{"@id":"https:\/\/iguanasmoke.com\/producto\/space-hash-moroccan-stv-sativanol\/#breadcrumb"},"inLanguage":"it-IT","potentialAction":[{"@type":"ReadAction","target":["https:\/\/iguanasmoke.com\/producto\/space-hash-moroccan-stv-sativanol\/"]}]},{"@type":"ImageObject","inLanguage":"it-IT","@id":"https:\/\/iguanasmoke.com\/producto\/space-hash-moroccan-stv-sativanol\/#primaryimage","url":"https:\/\/iguanasmoke.com\/wp-content\/uploads\/2025\/05\/mockup-Blonde-5g.png","contentUrl":"https:\/\/iguanasmoke.com\/wp-content\/uploads\/2025\/05\/mockup-Blonde-5g.png","width":1000,"height":1000,"caption":"dos piedras de hash rubio STV moroccan con bote negro y pegatina morada"},{"@type":"BreadcrumbList","@id":"https:\/\/iguanasmoke.com\/producto\/space-hash-moroccan-stv-sativanol\/#breadcrumb","itemListElement":[{"@type":"ListItem","position":1,"name":"home","item":"https:\/\/iguanasmoke.com\/"},{"@type":"ListItem","position":2,"name":"Tienda","item":"https:\/\/iguanasmoke.com\/tienda\/"},{"@type":"ListItem","position":3,"name":"Nuevas Mol\u00e9culas","item":"https:\/\/iguanasmoke.com\/categoria\/nuevas-moleculas\/"},{"@type":"ListItem","position":4,"name":"Sativanol - STV","item":"https:\/\/iguanasmoke.com\/categoria\/nuevas-moleculas\/sativanol\/"},{"@type":"ListItem","position":5,"name":"Space Hash Moroccan STV (Sativanol)"}]},{"@type":"WebSite","@id":"https:\/\/iguanasmoke.com\/#website","url":"https:\/\/iguanasmoke.com\/","name":"Fumo di iguana","description":"Acquistare CBD online al miglior prezzo","publisher":{"@id":"https:\/\/iguanasmoke.com\/#organization"},"potentialAction":[{"@type":"SearchAction","target":{"@type":"EntryPoint","urlTemplate":"https:\/\/iguanasmoke.com\/?s={search_term_string}"},"query-input":{"@type":"PropertyValueSpecification","valueRequired":true,"valueName":"search_term_string"}}],"inLanguage":"it-IT"},{"@type":"Organization","@id":"https:\/\/iguanasmoke.com\/#organization","name":"Fumo di iguana","url":"https:\/\/iguanasmoke.com\/","logo":{"@type":"ImageObject","inLanguage":"it-IT","@id":"https:\/\/iguanasmoke.com\/#\/schema\/logo\/image\/","url":"https:\/\/iguanasmoke.com\/wp-content\/uploads\/2025\/01\/logoiguana-favi-1.png","contentUrl":"https:\/\/iguanasmoke.com\/wp-content\/uploads\/2025\/01\/logoiguana-favi-1.png","width":512,"height":512,"caption":"Iguana Smoke"},"image":{"@id":"https:\/\/iguanasmoke.com\/#\/schema\/logo\/image\/"},"sameAs":["https:\/\/www.facebook.com\/iguanasmoke","https:\/\/www.instagram.com\/iguanasmoke\/"]}]},"product_brand":"variable","og_availability":"instock","product_availability":"instock","product_condition":"new"},"_links":{"self":[{"href":"https:\/\/iguanasmoke.com\/it\/wp-json\/wp\/v2\/product\/57888","targetHints":{"allow":["GET"]}}],"collection":[{"href":"https:\/\/iguanasmoke.com\/it\/wp-json\/wp\/v2\/product"}],"about":[{"href":"https:\/\/iguanasmoke.com\/it\/wp-json\/wp\/v2\/types\/product"}],"replies":[{"embeddable":true,"href":"https:\/\/iguanasmoke.com\/it\/wp-json\/wp\/v2\/comments?post=57888"}],"wp:featuredmedia":[{"embeddable":true,"href":"https:\/\/iguanasmoke.com\/it\/wp-json\/wp\/v2\/media\/57946"}],"wp:attachment":[{"href":"https:\/\/iguanasmoke.com\/it\/wp-json\/wp\/v2\/media?parent=57888"}],"wp:term":[{"taxonomy":"product_brand","embeddable":true,"href":"https:\/\/iguanasmoke.com\/it\/wp-json\/wp\/v2\/product_brand?post=57888"},{"taxonomy":"product_cat","embeddable":true,"href":"https:\/\/iguanasmoke.com\/it\/wp-json\/wp\/v2\/product_cat?post=57888"},{"taxonomy":"product_tag","embeddable":true,"href":"https:\/\/iguanasmoke.com\/it\/wp-json\/wp\/v2\/product_tag?post=57888"}],"curies":[{"name":"wp","href":"https:\/\/api.w.org\/{rel}","templated":true}]}}