{"id":57901,"date":"2025-09-30T12:43:46","date_gmt":"2025-09-30T10:43:46","guid":{"rendered":"https:\/\/iguanasmoke.com\/?post_type=product&#038;p=57901"},"modified":"2026-04-19T21:01:26","modified_gmt":"2026-04-19T19:01:26","slug":"spazio-hashish-secco-setacciato-10-oh","status":"publish","type":"product","link":"https:\/\/iguanasmoke.com\/it\/producto\/space-hash-dry-sift-10-oh\/","title":{"rendered":"Spazio Hash Vaglio a secco 10-OH"},"content":{"rendered":"<section class=\"space-hash-dry-sift-10oh-description\">\n<h1><span style=\"font-weight: 400;\">Space Hash Dry Sift 10-OH: la fusione di classico e nuovo<\/span><\/h1>\n<\/section>\n<section class=\"space-hash-dry-sift-10oh-description\"><span style=\"font-weight: 400;\">Cercate qualcosa di diverso? Scoprite il nostro <strong>Spazio Hash Vaglio a secco 10-OH<\/strong>, un hashish 10-OH che combina il metodo tradizionale di produzione dell'hashish con la <strong>hashish con una nuova molecola<\/strong> che vi lascer\u00e0 a bocca aperta. Lo creiamo con la canapa della migliore qualit\u00e0 e aggiungiamo la nostra <strong>cannabinoide speciale: 10-OH<\/strong>. Il risultato \u00e8 un <strong>esperienza da un altro pianeta<\/strong>, e, naturalmente, \u00e8 conforme alla legge, perch\u00e9 \u00e8 il suo <strong>hashish senza THC<\/strong>. Volete provare? <\/span>\u00a0<\/section>\n<section><\/section>\n<section><\/section>\n<h2><\/h2>\n<p>&nbsp;<\/p>\n<h2><em>Hash spaziale: un viaggio nell'aldil\u00e0<\/em><\/h2>\n<p><span style=\"font-weight: 400;\">Il termine \u201cSpazio\u201d non \u00e8 casuale. Il nostro <strong>Space Hash sono resine ad alta purezza<\/strong>, <strong>arricchito di molecole extra<\/strong> che vi invitano ad un <strong>viaggio sensoriale unico<\/strong>. Scoprite un'esperienza fuori dal mondo che combina il <strong>tradizione artigianale dell'hashish<\/strong> con il <strong>innovazione<\/strong> pi\u00f9 all'avanguardia nel mondo della <strong>CBD<\/strong>.\u00a0<\/span><\/p>\n<p>&nbsp;<\/p>\n<section class=\"space-hash-dry-sift-10oh-description\">\n<h2><strong>Che cos'\u00e8 il 10-OH Hash Dry Sift: capire il 10-OH<\/strong><\/h2>\n<p><span style=\"font-weight: 400;\">Tutto ha inizio con il metodo di estrazione dell'hashish, che viene realizzato un <strong>setacciatura a secco chiamata \u201cDry-Sift\u201d.\u201d<\/strong>. Si tratta di una forma artigianale di <strong>separare i cristalli pi\u00f9 puri<\/strong> dalla pianta di canapa. A tale scopo, si utilizzano maglie sottili per ottenere una resina con un <strong>consistenza morbida, aroma intenso e purezza ineguagliabile<\/strong>. <\/span><\/p>\n<p><span style=\"font-weight: 400;\">E per rendere il tutto ancora pi\u00f9 speciale, aggiungiamo all'hashish <strong>10-OH<\/strong>, che offre una sensazione unica senza compromettere la legalit\u00e0. <\/span><\/p>\n<p><span style=\"font-weight: 400;\">Il <strong>10-idrossi (10-OH)<\/strong> \u00e8 un <strong>molecola<\/strong> che offre un'esperienza pi\u00f9 leggera ed extra-sensoriale rispetto al THC. A differenza del CBD, il 10-OH <strong>altera la percezione in modo lieve<\/strong>. Inoltre, si tratta di un composto nuovo sul mercato che rispetta, come tutti i nostri prodotti, la normativa europea; contiene sempre meno di 0,3% THC.<\/span><\/p>\n<p>&nbsp;<\/p>\n<\/section>\n<h2><strong>Caratteristiche di Space Hash Dry Sift 10-OH:<\/strong><\/h2>\n<ul>\n<li><span style=\"font-weight: 400;\"><strong>Aroma e gusto:<\/strong> L'aroma \u00e8 intenso, con sentori di <strong>terra<\/strong> e a <strong>erbe aromatiche<\/strong>. \u00c8 il tipo di hashish che rende ogni utilizzo un piccolo piacere.\u00a0<\/span><\/li>\n<li><span style=\"font-weight: 400;\"><strong>Origine e purezza:<\/strong> Questo viene fatto utilizzando l'opzione <strong>metodo di setacciatura a secco<\/strong>. Ogni lotto del nostro <strong>Spazio Hash Vaglio a secco 10-OH<\/strong> \u00e8 realizzata a mano con grande cura, utilizzando sempre la migliore canapa europea.\u00a0<\/span><\/li>\n<li><span style=\"font-weight: 400;\"><strong>Aspetto e consistenza:<\/strong> Con un <strong>texture setosa<\/strong>, \u00e8 possibile vedere il <strong>piccoli cristalli di resina<\/strong>, segno che \u00e8 ricco di cannabinoidi e terpeni di alta qualit\u00e0.<\/span><\/li>\n<\/ul>\n<p>&nbsp;<\/p>\n<h3><b>Perch\u00e9 acquistare resina e hashish 10-OH da Iguana Smoke?<\/b><\/h3>\n<p><span style=\"font-weight: 400;\">Iguana Smoke si impegna per la qualit\u00e0. I nostri prodotti 10-OH combinano il meglio dei due mondi: la canapa naturale 100% e i cannabinoidi pi\u00f9 innovativi, offrendo un'alternativa sicura e legale senza effetti psicoattivi. <strong>Spazio Hash Vaglio a secco 10-OH <\/strong><\/span>si distingue davvero nel <strong>mondo dei cannabinoidi.<\/strong><\/p>\n<p><span style=\"font-weight: 400;\">Sapete gi\u00e0 che Iguana Smoke \u00e8 il vostro posto sicuro. <strong>dove acquistare hashish 10-OH, CBD e STV a buon mercato in Spagna: <\/strong>prodotti approvati dall'Unione Europea, con meno dello 0,3 % di THC, per godere di un'esperienza autentica e nel rispetto della legge. Inoltre, p<\/span><span style=\"font-weight: 400;\">puoi consultare il <a href=\"https:\/\/iguanasmoke.com\/it\/analitica\/\"><strong>analisi della qualit\u00e0 di questo hash<\/strong><\/a>.\u00a0<\/span><\/p>\n<p><em><span style=\"font-weight: 400;\">Ricordate: il suo uso \u00e8 destinato al collezionismo o all'aromaterapia secondo la legge spagnola.\u00a0<\/span><\/em><\/p>\n<p><span style=\"font-weight: 400;\">Te <\/span><span style=\"font-weight: 400;\">ci assicuriamo che il <strong>Spazio Hash Vaglio a secco 10-OH<\/strong> vi liberer\u00e0 i sensi, ma vorremmo invitarvi a provare la <strong><a href=\"https:\/\/iguanasmoke.com\/it\/prodotto\/spazio-hash-marocchino-stv-sativanol\/\">Spazio Hash marocchino STV<\/a><\/strong> o il <a href=\"https:\/\/iguanasmoke.com\/it\/prodotto\/spazio-hash-piatella-stv-sativanol\/\"><strong>Spazio Piatella STV<\/strong><\/a> arricchiti con Sativinolo e il<a href=\"https:\/\/iguanasmoke.com\/it\/prodotto\/spazio-hash-bubblegum-e8h\/\"><strong> Spazio Hash Bubblegum E8H<\/strong><\/a> arricchito con la molecola E8H, un'altra delle nostre nuove molecole. Inoltre, non dimenticare di provare tutte le nostre <a href=\"https:\/\/iguanasmoke.com\/it\/categoria\/nuove-molecole\/10oh\/\"><strong>prodotti di 10-OH<\/strong>.<\/a><\/span><\/p>\n<p>&nbsp;<\/p>\n<h3><b>Iguana Smoke \u00e8 sinonimo di qualit\u00e0 e affidabilit\u00e0.<\/b><\/h3>\n<p><span style=\"font-weight: 400;\">Noi di Iguana Smoke crediamo che il consumo di 10-OH debba essere un'esperienza sicura e piacevole. Ecco perch\u00e9 abbiamo prodotti di alta qualit\u00e0 che si rivolgono alle nuove generazioni: persone che cercano il benessere senza complicazioni, con marchi autentici e affidabili. Ricordate che tutti i nostri prodotti sono hashish <strong>Senza THC, HHC e THCP,<\/strong> come il <strong>Spazio Hash Vaglio a secco 10-OH<\/strong> che state per provare.<\/span><\/p>\n<p>Sapete che la nostra missione \u00e8 chiara: portarvi il meglio del mondo dei cannabinoidi a un prezzo equo, con la tranquillit\u00e0 che deriva dalla consapevolezza di scegliere un prodotto certificato, efficace e legale. Siamo all'avanguardia per quanto riguarda i prodotti a base di CBD, quindi sentitevi liberi di <strong>acquistare hashish a basso costo<\/strong> all'Iguana Smoke.<\/p>\n<p>Ancora dubbi? Scriveteci e vi aiuteremo a trovare il prodotto giusto per voi.<\/p>\n<p>&nbsp;<\/p>","protected":false},"excerpt":{"rendered":"<p>Scoprire il <b>Spazio Hash Vaglio a secco 10-OH<\/b>, la resina che combina la tradizione della setacciatura a secco tradizionale con l'innovazione del 10-OH.<\/p>\n<ul>\n<li><b>Aroma e consistenza irresistibili:<\/b> note terrose e dolci con sentori di frutta secca.<\/li>\n<li><b>Arricchito con 10-OH:<\/b> esperienza unica.<\/li>\n<li><b>100% legale:<\/b> &lt;0,3% di THC.<\/li>\n<\/ul>\n<p>Analisi della qualit\u00e0: clicca\u00a0<a href=\"https:\/\/iguanasmoke.com\/it\/analitica\/\" target=\"_blank\" rel=\"noopener\">qui<\/a><\/p>","protected":false},"featured_media":81185,"comment_status":"open","ping_status":"closed","template":"","meta":{"_acf_changed":false,"site-sidebar-layout":"default","site-content-layout":"","ast-site-content-layout":"default","site-content-style":"default","site-sidebar-style":"default","ast-global-header-display":"","ast-banner-title-visibility":"","ast-main-header-display":"","ast-hfb-above-header-display":"","ast-hfb-below-header-display":"","ast-hfb-mobile-header-display":"","site-post-title":"","ast-breadcrumbs-content":"","ast-featured-img":"","footer-sml-layout":"","theme-transparent-header-meta":"default","adv-header-id-meta":"","stick-header-meta":"","header-above-stick-meta":"","header-main-stick-meta":"","header-below-stick-meta":"","astra-migrate-meta-layouts":"set","ast-page-background-enabled":"default","ast-page-background-meta":{"desktop":{"background-color":"var(--ast-global-color-4)","background-image":"","background-repeat":"repeat","background-position":"center center","background-size":"auto","background-attachment":"scroll","background-type":"","background-media":"","overlay-type":"","overlay-color":"","overlay-opacity":"","overlay-gradient":""},"tablet":{"background-color":"","background-image":"","background-repeat":"repeat","background-position":"center center","background-size":"auto","background-attachment":"scroll","background-type":"","background-media":"","overlay-type":"","overlay-color":"","overlay-opacity":"","overlay-gradient":""},"mobile":{"background-color":"","background-image":"","background-repeat":"repeat","background-position":"center center","background-size":"auto","background-attachment":"scroll","background-type":"","background-media":"","overlay-type":"","overlay-color":"","overlay-opacity":"","overlay-gradient":""}},"ast-content-background-meta":{"desktop":{"background-color":"var(--ast-global-color-5)","background-image":"","background-repeat":"repeat","background-position":"center center","background-size":"auto","background-attachment":"scroll","background-type":"","background-media":"","overlay-type":"","overlay-color":"","overlay-opacity":"","overlay-gradient":""},"tablet":{"background-color":"var(--ast-global-color-5)","background-image":"","background-repeat":"repeat","background-position":"center center","background-size":"auto","background-attachment":"scroll","background-type":"","background-media":"","overlay-type":"","overlay-color":"","overlay-opacity":"","overlay-gradient":""},"mobile":{"background-color":"var(--ast-global-color-5)","background-image":"","background-repeat":"repeat","background-position":"center center","background-size":"auto","background-attachment":"scroll","background-type":"","background-media":"","overlay-type":"","overlay-color":"","overlay-opacity":"","overlay-gradient":""}}},"product_brand":[],"product_cat":[550,397],"product_tag":[],"class_list":{"0":"post-57901","1":"product","2":"type-product","3":"status-publish","4":"has-post-thumbnail","6":"product_cat-10oh","7":"product_cat-hash-cbd","8":"desktop-align-center","9":"tablet-align-center","10":"mobile-align-center","12":"first","13":"outofstock","14":"taxable","15":"shipping-taxable","16":"purchasable","17":"product-type-variable"},"acf":[],"yoast_head":"<!-- This site is optimized with the Yoast SEO Premium plugin v27.3 (Yoast SEO v27.3) - https:\/\/yoast.com\/product\/yoast-seo-premium-wordpress\/ -->\n<title>Space Hash Dry Sift 10-OH | Iguana Smoke<\/title>\n<meta name=\"description\" content=\"Space Hash Dry Sift 10-OH: disfruta de un hash artesanal sin THC, aroma intenso y una experiencia equilibrada. Cumple con la normativa de la UE (&lt;0,3% THC).\" \/>\n<meta name=\"robots\" content=\"index, follow, max-snippet:-1, max-image-preview:large, max-video-preview:-1\" \/>\n<link rel=\"canonical\" href=\"https:\/\/iguanasmoke.com\/it\/prodotto\/spazio-hashish-secco-setacciato-10-oh\/\" \/>\n<meta property=\"og:locale\" content=\"it_IT\" \/>\n<meta property=\"og:type\" content=\"article\" \/>\n<meta property=\"og:title\" content=\"Space Hash Dry Sift 10-OH\" \/>\n<meta property=\"og:description\" content=\"Descubre el Space Hash Dry Sift 10-OH, la resina que une la tradici\u00f3n artesanal del tamizado en seco con la innovaci\u00f3n del 10-OH.   Aroma y textura irresistible: notas terrosas, dulces con toques de frutos secos.  Enriquecido con 10-OH: experiencia \u00fanica.  100% legal: &lt;0,3% de THC.  An\u00e1lisis de calidad: pincha\u00a0aqu\u00ed\" \/>\n<meta property=\"og:url\" content=\"https:\/\/iguanasmoke.com\/it\/prodotto\/spazio-hashish-secco-setacciato-10-oh\/\" \/>\n<meta property=\"og:site_name\" content=\"Iguana Smoke\" \/>\n<meta property=\"article:publisher\" content=\"https:\/\/www.facebook.com\/iguanasmoke\" \/>\n<meta property=\"article:modified_time\" content=\"2026-04-19T19:01:26+00:00\" \/>\n<meta property=\"og:image\" content=\"https:\/\/iguanasmoke.com\/wp-content\/uploads\/2025\/09\/Dry-10-OH-2g.webp\" \/>\n\t<meta property=\"og:image:width\" content=\"1000\" \/>\n\t<meta property=\"og:image:height\" content=\"1000\" \/>\n\t<meta property=\"og:image:type\" content=\"image\/webp\" \/>\n<meta name=\"twitter:card\" content=\"summary_large_image\" \/>\n<meta name=\"twitter:label1\" content=\"Disponibilit\u00e0\" \/>\n\t<meta name=\"twitter:data1\" content=\"Esaurito\" \/>\n<meta property=\"product:brand\" content=\"variable\" \/>\n<meta property=\"og:availability\" content=\"out of stock\" \/>\n<meta property=\"product:availability\" content=\"out of stock\" \/>\n<meta property=\"product:condition\" content=\"new\" \/>\n<!-- \/ Yoast SEO Premium plugin. -->","yoast_head_json":{"title":"Space Hash Dry Sift 10-OH | Iguana Smoke","description":"Space Hash Dry Sift 10-OH: goditi un hash artigianale senza THC, aroma intenso e un'esperienza equilibrata. Conforme alla normativa UE (&lt;0,3% THC).","robots":{"index":"index","follow":"follow","max-snippet":"max-snippet:-1","max-image-preview":"max-image-preview:large","max-video-preview":"max-video-preview:-1"},"canonical":"https:\/\/iguanasmoke.com\/it\/prodotto\/spazio-hashish-secco-setacciato-10-oh\/","og_locale":"it_IT","og_type":"article","og_title":"Space Hash Dry Sift 10-OH","og_description":"Descubre el Space Hash Dry Sift 10-OH, la resina que une la tradici\u00f3n artesanal del tamizado en seco con la innovaci\u00f3n del 10-OH.   Aroma y textura irresistible: notas terrosas, dulces con toques de frutos secos.  Enriquecido con 10-OH: experiencia \u00fanica.  100% legal: &lt;0,3% de THC.  An\u00e1lisis de calidad: pincha\u00a0aqu\u00ed","og_url":"https:\/\/iguanasmoke.com\/it\/prodotto\/spazio-hashish-secco-setacciato-10-oh\/","og_site_name":"Iguana Smoke","article_publisher":"https:\/\/www.facebook.com\/iguanasmoke","article_modified_time":"2026-04-19T19:01:26+00:00","og_image":[{"width":1000,"height":1000,"url":"https:\/\/iguanasmoke.com\/wp-content\/uploads\/2025\/09\/Dry-10-OH-2g.webp","type":"image\/webp"}],"twitter_card":"summary_large_image","twitter_misc":{"Disponibilit\u00e0":"Esaurito"},"schema":{"@context":"https:\/\/schema.org","@graph":[{"@type":"WebPage","@id":"https:\/\/iguanasmoke.com\/producto\/space-hash-dry-sift-10-oh\/","url":"https:\/\/iguanasmoke.com\/producto\/space-hash-dry-sift-10-oh\/","name":"Space Hash Dry Sift 10-OH | Iguana Smoke","isPartOf":{"@id":"https:\/\/iguanasmoke.com\/#website"},"primaryImageOfPage":{"@id":"https:\/\/iguanasmoke.com\/producto\/space-hash-dry-sift-10-oh\/#primaryimage"},"image":{"@id":"https:\/\/iguanasmoke.com\/producto\/space-hash-dry-sift-10-oh\/#primaryimage"},"thumbnailUrl":"https:\/\/iguanasmoke.com\/wp-content\/uploads\/2025\/09\/Dry-10-OH-2g.webp","datePublished":"2025-09-30T10:43:46+00:00","dateModified":"2026-04-19T19:01:26+00:00","description":"Space Hash Dry Sift 10-OH: goditi un hash artigianale senza THC, aroma intenso e un'esperienza equilibrata. Conforme alla normativa UE (&lt;0,3% THC).","breadcrumb":{"@id":"https:\/\/iguanasmoke.com\/producto\/space-hash-dry-sift-10-oh\/#breadcrumb"},"inLanguage":"it-IT","potentialAction":[{"@type":"ReadAction","target":["https:\/\/iguanasmoke.com\/producto\/space-hash-dry-sift-10-oh\/"]}]},{"@type":"ImageObject","inLanguage":"it-IT","@id":"https:\/\/iguanasmoke.com\/producto\/space-hash-dry-sift-10-oh\/#primaryimage","url":"https:\/\/iguanasmoke.com\/wp-content\/uploads\/2025\/09\/Dry-10-OH-2g.webp","contentUrl":"https:\/\/iguanasmoke.com\/wp-content\/uploads\/2025\/09\/Dry-10-OH-2g.webp","width":1000,"height":1000},{"@type":"BreadcrumbList","@id":"https:\/\/iguanasmoke.com\/producto\/space-hash-dry-sift-10-oh\/#breadcrumb","itemListElement":[{"@type":"ListItem","position":1,"name":"home","item":"https:\/\/iguanasmoke.com\/"},{"@type":"ListItem","position":2,"name":"Tienda","item":"https:\/\/iguanasmoke.com\/tienda\/"},{"@type":"ListItem","position":3,"name":"Hash CBD","item":"https:\/\/iguanasmoke.com\/categoria\/hash-cbd\/"},{"@type":"ListItem","position":4,"name":"Space Hash Dry Sift 10-OH"}]},{"@type":"WebSite","@id":"https:\/\/iguanasmoke.com\/#website","url":"https:\/\/iguanasmoke.com\/","name":"Fumo di iguana","description":"Acquistare CBD online al miglior prezzo","publisher":{"@id":"https:\/\/iguanasmoke.com\/#organization"},"potentialAction":[{"@type":"SearchAction","target":{"@type":"EntryPoint","urlTemplate":"https:\/\/iguanasmoke.com\/?s={search_term_string}"},"query-input":{"@type":"PropertyValueSpecification","valueRequired":true,"valueName":"search_term_string"}}],"inLanguage":"it-IT"},{"@type":"Organization","@id":"https:\/\/iguanasmoke.com\/#organization","name":"Fumo di iguana","url":"https:\/\/iguanasmoke.com\/","logo":{"@type":"ImageObject","inLanguage":"it-IT","@id":"https:\/\/iguanasmoke.com\/#\/schema\/logo\/image\/","url":"https:\/\/iguanasmoke.com\/wp-content\/uploads\/2025\/01\/logoiguana-favi-1.png","contentUrl":"https:\/\/iguanasmoke.com\/wp-content\/uploads\/2025\/01\/logoiguana-favi-1.png","width":512,"height":512,"caption":"Iguana Smoke"},"image":{"@id":"https:\/\/iguanasmoke.com\/#\/schema\/logo\/image\/"},"sameAs":["https:\/\/www.facebook.com\/iguanasmoke","https:\/\/www.instagram.com\/iguanasmoke\/"]}]},"product_brand":"variable","og_availability":"out of stock","product_availability":"out of stock","product_condition":"new"},"_links":{"self":[{"href":"https:\/\/iguanasmoke.com\/it\/wp-json\/wp\/v2\/product\/57901","targetHints":{"allow":["GET"]}}],"collection":[{"href":"https:\/\/iguanasmoke.com\/it\/wp-json\/wp\/v2\/product"}],"about":[{"href":"https:\/\/iguanasmoke.com\/it\/wp-json\/wp\/v2\/types\/product"}],"replies":[{"embeddable":true,"href":"https:\/\/iguanasmoke.com\/it\/wp-json\/wp\/v2\/comments?post=57901"}],"wp:featuredmedia":[{"embeddable":true,"href":"https:\/\/iguanasmoke.com\/it\/wp-json\/wp\/v2\/media\/81185"}],"wp:attachment":[{"href":"https:\/\/iguanasmoke.com\/it\/wp-json\/wp\/v2\/media?parent=57901"}],"wp:term":[{"taxonomy":"product_brand","embeddable":true,"href":"https:\/\/iguanasmoke.com\/it\/wp-json\/wp\/v2\/product_brand?post=57901"},{"taxonomy":"product_cat","embeddable":true,"href":"https:\/\/iguanasmoke.com\/it\/wp-json\/wp\/v2\/product_cat?post=57901"},{"taxonomy":"product_tag","embeddable":true,"href":"https:\/\/iguanasmoke.com\/it\/wp-json\/wp\/v2\/product_tag?post=57901"}],"curies":[{"name":"wp","href":"https:\/\/api.w.org\/{rel}","templated":true}]}}