{"id":59025,"date":"2025-06-18T15:42:37","date_gmt":"2025-06-18T13:42:37","guid":{"rendered":"https:\/\/iguanasmoke.com\/?post_type=product&#038;p=59025"},"modified":"2026-03-15T18:44:11","modified_gmt":"2026-03-15T17:44:11","slug":"fiore-cbd-white-widow-indoor","status":"publish","type":"product","link":"https:\/\/iguanasmoke.com\/it\/producto\/flor-cbd-white-widow-indoor\/","title":{"rendered":"Fiore CBD White Widow Indoor"},"content":{"rendered":"<h1 data-start=\"1609\" data-end=\"1642\"><span style=\"font-weight: 400;\">White Widow Indoor CBD Flower - Potenza, sapore e aroma superiori\u00a0<\/span><\/h1>\n<h2 data-start=\"549\" data-end=\"976\"><strong>Una variet\u00e0 leggendaria disponibile nella sua versione pi\u00f9 pregiata Indoor<\/strong><\/h2>\n<p data-start=\"549\" data-end=\"976\"><span style=\"font-weight: 400;\">Se siete alla ricerca di fiori CBD Indoor di altissima qualit\u00e0, i fiori di <strong>Fiore CBD White Widow Indoor<\/strong> \u00e8 senza dubbio una delle opzioni pi\u00f9 apprezzate del mercato. Questa leggendaria genetica \u00e8 riconosciuta a livello internazionale per la sua <strong>Profilo aromatico intenso<\/strong>, loro <strong>cime compatte e resinose<\/strong> e il suo <strong>effetto profondamente rilassante<\/strong>. <\/span><\/p>\n<p data-start=\"549\" data-end=\"976\"><span style=\"font-weight: 400;\">Grazie alla sua <strong>coltivazione indoor (Indoor)<\/strong>, Questo fiore di CBD offre un livello superiore di purezza, stabilit\u00e0 e conservazione dei terpeni. Di conseguenza, ogni gemma si distingue sia nell'aspetto che nella fragranza, ideale per chi apprezza il CBD al meglio.<\/span><\/p>\n<p data-start=\"549\" data-end=\"976\"><span style=\"font-weight: 400;\"> A <strong>Fumo di iguana<\/strong>, selezioniamo con cura ogni lotto per offrirvi una <strong>White Widow Indoor da CBD premium<\/strong>, Il Cannabidiol \u00e8 stato progettato per i veri intenditori di cannabidiolo che sanno apprezzare la differenza fin dal primo momento.\u00a0<\/span><\/p>\n<h2 data-start=\"549\" data-end=\"976\"><strong>Che cosa significa che un fiore di CBD \u00e8 <em>Interno<\/em>? <\/strong><\/h2>\n<p data-start=\"549\" data-end=\"976\"><span style=\"font-weight: 400;\">Il termine <strong>Interno<\/strong> si riferisce al <strong>coltivazione indoor<\/strong>, in un ambiente completamente controllato. Ci\u00f2 comporta una gestione precisa del <strong>illuminazione<\/strong>, il <strong>temperatura<\/strong>, il <strong>umidit\u00e0<\/strong> e il <strong>ventilazione<\/strong>, Questi sono fattori chiave per ottenere fiori di CBD della massima qualit\u00e0. <\/span><\/p>\n<p data-start=\"549\" data-end=\"976\"><span style=\"font-weight: 400;\">Grazie a questo metodo di coltivazione: <\/span><\/p>\n<ul>\n<li data-start=\"549\" data-end=\"976\"><span style=\"font-weight: 400;\">I fiori hanno un <strong>maggiore concentrazione di CBD<\/strong> e altri cannabinoidi. <\/span><\/li>\n<li data-start=\"549\" data-end=\"976\"><span style=\"font-weight: 400;\">Il <strong>tricomi e resine<\/strong> si sviluppano in modo pi\u00f9 denso e uniforme. <\/span><\/li>\n<li data-start=\"549\" data-end=\"976\"><span style=\"font-weight: 400;\">Il <strong>l'aroma \u00e8 pi\u00f9 intenso, pulito e definito<\/strong>, I terpeni sono conservati in condizioni ottimali. <\/span><\/li>\n<li data-start=\"549\" data-end=\"976\"><span style=\"font-weight: 400;\">L'aspetto della gemma \u00e8 pi\u00f9 <strong>compatto, lucido e omogeneo<\/strong>. <\/span><\/li>\n<\/ul>\n<p><span style=\"font-weight: 400;\">Per questo motivo, da <strong>acquistare fiori CBD Indoor<\/strong>, come il nostro <strong>Fiore di CBD<\/strong> <strong>Vedova Bianca Indoor<\/strong>, vi garantisce un'esperienza sensoriale pi\u00f9 raffinata, stabile e di alto livello.\u00a0<\/span><\/p>\n<p>&nbsp;<\/p>\n<h2><strong>White Widow CBD Indoor: la scelta dei veri intenditori <\/strong><\/h2>\n<p><span style=\"font-weight: 400;\">Il <strong>Fiore CBD White Widow Indoor<\/strong> \u00e8 ideale per chi \u00e8 alla ricerca di un <strong>esperienza equilibrata tra aroma, estetica ed effetto<\/strong>. La sua fragranza combina <strong>note terrose<\/strong> con sottili sfumature <strong>Agrumi e spezie<\/strong>, creando un profilo aromatico avvolgente e immediatamente riconoscibile. <\/span><\/p>\n<p><span style=\"font-weight: 400;\">Visivamente, si distingue per la sua <strong>gemme dense<\/strong>, ricoperta da un sottile strato di tricomi che riflettono la qualit\u00e0 della sua coltivazione. Inoltre, la sua <strong>alto contenuto di CBD<\/strong>, Il livello di THC inferiore a 0,3% la rende una scelta perfetta per godere di un elevato contenuto di THC inferiore a 0,3%, che la rende una scelta perfetta per godere di un elevato contenuto di THC inferiore a 0,3%. <strong>effetto rilassante senza effetto psicoattivo<\/strong>.\u00a0 \u00a0<\/span><\/p>\n<p><strong>I vantaggi di scegliere White Widow CBD Indoor: <\/strong><\/p>\n<ol>\n<li style=\"list-style-type: none;\">\n<ol>\n<li><span style=\"font-weight: 400;\">Coltivazione indoor naturale e controllata 100% <\/span><\/li>\n<li><span style=\"font-weight: 400;\">THC &lt;0,3%, secondo la legislazione europea <\/span><\/li>\n<li><span style=\"font-weight: 400;\">Alto contenuto di CBD <\/span><\/li>\n<li><span style=\"font-weight: 400;\">Aroma intenso ed effetto rilassante, senza sballo<\/span><\/li>\n<\/ol>\n<\/li>\n<\/ol>\n<p>&nbsp;<\/p>\n<h3><b>Dove acquistare il vostro <\/b><strong>Fiori CBD Indoor<\/strong><b>?<\/b><\/h3>\n<p><span style=\"font-weight: 400;\">Se state cercando <strong>acquistare Fiori di CBD<\/strong><strong>, <\/strong>questo \u00e8 il tuo posto sicuro per <strong>acquistare Flores CBD Indoor vaper Flores CBD Indoor in Spagna.<\/strong>\u00a0<\/span><span style=\"font-weight: 400;\">Tutti i nostri prodotti sono <strong>approvato dall'UE<\/strong>, garantendo la sua legalit\u00e0 e sicurezza. Inoltre, se volete potete consultare<\/span><strong> <a href=\"https:\/\/iguanasmoke.com\/it\/analitica\/\">analisi di laboratorio.<\/a><\/strong><\/p>\n<p><span style=\"font-weight: 400;\">Non dimenticate di esplorare altri gusti di <strong><a href=\"https:\/\/iguanasmoke.com\/it\/categoria\/fiori-di-cbd-4\/fiori-di-cbd-da-interno\/\">Fiori per interni CBD<\/a><\/strong> y <\/span><span style=\"font-weight: 400;\">altro <strong><a href=\"https:\/\/iguanasmoke.com\/it\/categoria\/fiori-di-cbd-4\/fiori-di-serra-cbd\/\">Fiori di serra CBD<\/a><\/strong> <strong>TOP<\/strong> come <strong><a href=\"https:\/\/iguanasmoke.com\/it\/prodotto\/acquistare-fiori-colla-di-gorilla-cbd-cbd-buds-online\/\">Colla per fiori CBD Gorilla<\/a><\/strong> o il <strong><a href=\"https:\/\/iguanasmoke.com\/it\/prodotto\/comprare-fiore-alieno-og-cbd\/\">Fiore CBD Alien<\/a><\/strong>.\u00a0<\/span><span style=\"font-weight: 400;\">In breve, sfogliate la nostra selezione di prodotti CBD e trovate i vostri preferiti.<\/span><span style=\"font-weight: 400;\">\u00a0<\/span><\/p>\n<p><strong data-start=\"303\" data-end=\"345\">Consegna rapida e discreta in tutta la Spagna<\/strong>, con <strong data-start=\"351\" data-end=\"387\">attenzione stretta e personalizzata<\/strong> per rispondere a qualsiasi domanda prima e dopo l'acquisto.<\/p>\n<p>&nbsp;<\/p>\n<h3><b>Iguana Smoke \u00e8 il vostro negozio online di CBD\u00a0<\/b><\/h3>\n<p><span style=\"font-weight: 400;\">A<strong> Fumo di iguana<\/strong>, Crediamo che il consumo di CBD debba essere un'esperienza sicura. Ecco perch\u00e9 abbiamo prodotti come questo <strong>Fiore di CBD<\/strong><strong> Vedova Bianca Indoor<\/strong>, Il marchio si rivolge alle nuove generazioni: persone che cercano un benessere senza complicazioni, con marchi autentici e affidabili. <\/span><\/p>\n<p><span style=\"font-weight: 400;\">La nostra missione \u00e8 chiara:<strong> Il meglio del mondo del CBD a un prezzo equo<\/strong>. Inoltre, vi garantiamo la tranquillit\u00e0 che deriva dalla consapevolezza di aver scelto un'azienda <strong>prodotto certificato, efficace e legale 100%<\/strong>. Fate il grande passo, acquistate oggi stesso il vostro CBD vaper e portate la vostra esperienza a un altro livello.\u00a0<\/span><\/p>\n<p>Ancora dubbi? Scriveteci e saremo lieti di aiutarvi a trovare il prodotto giusto per voi.<\/p>\n<p>&nbsp;<\/p>\n<h6>\u2139\ufe0f<strong> Informazioni legali<\/strong><\/h6>\n<p><em><span style=\"font-weight: 400;\">*Prodotto destinato alla raccolta o all'aromaterapia, in conformit\u00e0 alla legislazione spagnola vigente. <\/span><\/em><\/p>\n<p><em><span style=\"font-weight: 400;\">**Derivato da canapa industriale certificata. Contiene meno dello 0,3 di THC e non contiene cannabinoidi illegali come HHC, HHC-P, THCP, THCP-O, H4CBD o sostanze elencate nell'Allegato I del Regio Decreto 2829\/1977, n\u00e9 sostanze controllate da convenzioni internazionali.\u00a0\u00a0<\/span><\/em><\/p>","protected":false},"excerpt":{"rendered":"<p><span style=\"font-weight: 400;\">Nota per la sua potenza e l'aroma, questa variet\u00e0 Indoor ha: <\/span><\/p>\n<ul>\n<li><span style=\"font-weight: 400;\">Coltivazione indoor premium Indoor <\/span><\/li>\n<li><span style=\"font-weight: 400;\">CBD: tra 12-14% <\/span><\/li>\n<li><span style=\"font-weight: 400;\">THC: &lt;0,3% <\/span><\/li>\n<li><span style=\"font-weight: 400;\">100% legale in Europa <\/span><\/li>\n<li><span style=\"font-weight: 400;\">Assenza di additivi e pesticidi; agricoltura biologica <\/span><\/li>\n<li><span style=\"font-weight: 400;\">Cime compatte e arrotondate<\/span><\/li>\n<li><span style=\"font-weight: 400;\">Aroma terroso con note speziate e morbide sfumature agrumate<\/span><\/li>\n<\/ul>\n<p><span style=\"font-weight: 400;\">Consultazione<strong> <a href=\"https:\/\/iguanasmoke.com\/it\/analitica\/\">analisi di laboratorio.<\/a><\/strong><\/span><\/p>","protected":false},"featured_media":59094,"comment_status":"open","ping_status":"closed","template":"","meta":{"_acf_changed":false,"site-sidebar-layout":"default","site-content-layout":"","ast-site-content-layout":"default","site-content-style":"default","site-sidebar-style":"default","ast-global-header-display":"","ast-banner-title-visibility":"","ast-main-header-display":"","ast-hfb-above-header-display":"","ast-hfb-below-header-display":"","ast-hfb-mobile-header-display":"","site-post-title":"","ast-breadcrumbs-content":"","ast-featured-img":"","footer-sml-layout":"","theme-transparent-header-meta":"default","adv-header-id-meta":"","stick-header-meta":"","header-above-stick-meta":"","header-main-stick-meta":"","header-below-stick-meta":"","astra-migrate-meta-layouts":"set","ast-page-background-enabled":"default","ast-page-background-meta":{"desktop":{"background-color":"var(--ast-global-color-4)","background-image":"","background-repeat":"repeat","background-position":"center center","background-size":"auto","background-attachment":"scroll","background-type":"","background-media":"","overlay-type":"","overlay-color":"","overlay-opacity":"","overlay-gradient":""},"tablet":{"background-color":"","background-image":"","background-repeat":"repeat","background-position":"center center","background-size":"auto","background-attachment":"scroll","background-type":"","background-media":"","overlay-type":"","overlay-color":"","overlay-opacity":"","overlay-gradient":""},"mobile":{"background-color":"","background-image":"","background-repeat":"repeat","background-position":"center center","background-size":"auto","background-attachment":"scroll","background-type":"","background-media":"","overlay-type":"","overlay-color":"","overlay-opacity":"","overlay-gradient":""}},"ast-content-background-meta":{"desktop":{"background-color":"var(--ast-global-color-5)","background-image":"","background-repeat":"repeat","background-position":"center center","background-size":"auto","background-attachment":"scroll","background-type":"","background-media":"","overlay-type":"","overlay-color":"","overlay-opacity":"","overlay-gradient":""},"tablet":{"background-color":"var(--ast-global-color-5)","background-image":"","background-repeat":"repeat","background-position":"center center","background-size":"auto","background-attachment":"scroll","background-type":"","background-media":"","overlay-type":"","overlay-color":"","overlay-opacity":"","overlay-gradient":""},"mobile":{"background-color":"var(--ast-global-color-5)","background-image":"","background-repeat":"repeat","background-position":"center center","background-size":"auto","background-attachment":"scroll","background-type":"","background-media":"","overlay-type":"","overlay-color":"","overlay-opacity":"","overlay-gradient":""}}},"product_brand":[],"product_cat":[593,328],"product_tag":[],"class_list":{"0":"post-59025","1":"product","2":"type-product","3":"status-publish","4":"has-post-thumbnail","6":"product_cat-flores-cbd-indoor","7":"product_cat-comprar-flores-de-cbd-y-cogollos-de-cbd","8":"desktop-align-center","9":"tablet-align-center","10":"mobile-align-center","12":"first","13":"instock","14":"taxable","15":"shipping-taxable","16":"purchasable","17":"product-type-variable"},"acf":[],"yoast_head":"<!-- This site is optimized with the Yoast SEO Premium plugin v27.3 (Yoast SEO v27.3) - https:\/\/yoast.com\/product\/yoast-seo-premium-wordpress\/ -->\n<title>Flor CBD White Widow Indoor - Potente y arom\u00e1tica | Iguana Smoke<\/title>\n<meta name=\"description\" content=\"Descubre la Flor CBD White Widow Indoor, una de las m\u00e1s potentes y arom\u00e1ticas. Cultivo indoor premium, con &lt;0,3% THC. \u00a1Compra Flores CBD en Iguana Smoke!\" \/>\n<meta name=\"robots\" content=\"index, follow, max-snippet:-1, max-image-preview:large, max-video-preview:-1\" \/>\n<link rel=\"canonical\" href=\"https:\/\/iguanasmoke.com\/it\/prodotto\/fiore-cbd-white-widow-indoor\/\" \/>\n<meta property=\"og:locale\" content=\"it_IT\" \/>\n<meta property=\"og:type\" content=\"article\" \/>\n<meta property=\"og:title\" content=\"Flor CBD White Widow Indoor\" \/>\n<meta property=\"og:description\" content=\"Destacando por su potencia y aroma, esta variedad Indoor tiene:    Cultivo interior premium Indoor   CBD: entre 12-14%   THC: &lt;0,3%   100% legal en Europa   Sin aditivos ni pesticidas; cultivo ecol\u00f3gico   Cogollos compactos y redondeados  Aroma terroso con notas especiadas y fondo c\u00edtrico suave  Consulta el an\u00e1lisis de laboratorio.\" \/>\n<meta property=\"og:url\" content=\"https:\/\/iguanasmoke.com\/it\/prodotto\/fiore-cbd-white-widow-indoor\/\" \/>\n<meta property=\"og:site_name\" content=\"Iguana Smoke\" \/>\n<meta property=\"article:publisher\" content=\"https:\/\/www.facebook.com\/iguanasmoke\" \/>\n<meta property=\"article:modified_time\" content=\"2026-03-15T17:44:11+00:00\" \/>\n<meta property=\"og:image\" content=\"https:\/\/iguanasmoke.com\/wp-content\/uploads\/2025\/06\/white-widow-indoor.webp\" \/>\n\t<meta property=\"og:image:width\" content=\"1000\" \/>\n\t<meta property=\"og:image:height\" content=\"1000\" \/>\n\t<meta property=\"og:image:type\" content=\"image\/webp\" \/>\n<meta name=\"twitter:card\" content=\"summary_large_image\" \/>\n<meta name=\"twitter:label1\" content=\"Disponibilit\u00e0\" \/>\n\t<meta name=\"twitter:data1\" content=\"In stock\" \/>\n<meta property=\"product:brand\" content=\"variable\" \/>\n<meta property=\"og:availability\" content=\"instock\" \/>\n<meta property=\"product:availability\" content=\"instock\" \/>\n<meta property=\"product:condition\" content=\"new\" \/>\n<!-- \/ Yoast SEO Premium plugin. -->","yoast_head_json":{"title":"Fiore di CBD indoor White Widow - Potente e aromatico : Iguana Smoke","description":"Descubre la Flor CBD White Widow Indoor, una de las m\u00e1s potentes y arom\u00e1ticas. Cultivo indoor premium, con &lt;0,3% THC. \u00a1Compra Flores CBD en Iguana Smoke!","robots":{"index":"index","follow":"follow","max-snippet":"max-snippet:-1","max-image-preview":"max-image-preview:large","max-video-preview":"max-video-preview:-1"},"canonical":"https:\/\/iguanasmoke.com\/it\/prodotto\/fiore-cbd-white-widow-indoor\/","og_locale":"it_IT","og_type":"article","og_title":"Flor CBD White Widow Indoor","og_description":"Destacando por su potencia y aroma, esta variedad Indoor tiene:    Cultivo interior premium Indoor   CBD: entre 12-14%   THC: &lt;0,3%   100% legal en Europa   Sin aditivos ni pesticidas; cultivo ecol\u00f3gico   Cogollos compactos y redondeados  Aroma terroso con notas especiadas y fondo c\u00edtrico suave  Consulta el an\u00e1lisis de laboratorio.","og_url":"https:\/\/iguanasmoke.com\/it\/prodotto\/fiore-cbd-white-widow-indoor\/","og_site_name":"Iguana Smoke","article_publisher":"https:\/\/www.facebook.com\/iguanasmoke","article_modified_time":"2026-03-15T17:44:11+00:00","og_image":[{"width":1000,"height":1000,"url":"https:\/\/iguanasmoke.com\/wp-content\/uploads\/2025\/06\/white-widow-indoor.webp","type":"image\/webp"}],"twitter_card":"summary_large_image","twitter_misc":{"Disponibilit\u00e0":"In stock"},"schema":{"@context":"https:\/\/schema.org","@graph":[{"@type":"WebPage","@id":"https:\/\/iguanasmoke.com\/producto\/flor-cbd-white-widow-indoor\/","url":"https:\/\/iguanasmoke.com\/producto\/flor-cbd-white-widow-indoor\/","name":"Fiore di CBD indoor White Widow - Potente e aromatico : Iguana Smoke","isPartOf":{"@id":"https:\/\/iguanasmoke.com\/#website"},"primaryImageOfPage":{"@id":"https:\/\/iguanasmoke.com\/producto\/flor-cbd-white-widow-indoor\/#primaryimage"},"image":{"@id":"https:\/\/iguanasmoke.com\/producto\/flor-cbd-white-widow-indoor\/#primaryimage"},"thumbnailUrl":"https:\/\/iguanasmoke.com\/wp-content\/uploads\/2025\/06\/white-widow-indoor.webp","datePublished":"2025-06-18T13:42:37+00:00","dateModified":"2026-03-15T17:44:11+00:00","description":"Descubre la Flor CBD White Widow Indoor, una de las m\u00e1s potentes y arom\u00e1ticas. Cultivo indoor premium, con &lt;0,3% THC. \u00a1Compra Flores CBD en Iguana Smoke!","breadcrumb":{"@id":"https:\/\/iguanasmoke.com\/producto\/flor-cbd-white-widow-indoor\/#breadcrumb"},"inLanguage":"it-IT","potentialAction":[{"@type":"ReadAction","target":["https:\/\/iguanasmoke.com\/producto\/flor-cbd-white-widow-indoor\/"]}]},{"@type":"ImageObject","inLanguage":"it-IT","@id":"https:\/\/iguanasmoke.com\/producto\/flor-cbd-white-widow-indoor\/#primaryimage","url":"https:\/\/iguanasmoke.com\/wp-content\/uploads\/2025\/06\/white-widow-indoor.webp","contentUrl":"https:\/\/iguanasmoke.com\/wp-content\/uploads\/2025\/06\/white-widow-indoor.webp","width":1000,"height":1000,"caption":"bolsa white widow generica"},{"@type":"BreadcrumbList","@id":"https:\/\/iguanasmoke.com\/producto\/flor-cbd-white-widow-indoor\/#breadcrumb","itemListElement":[{"@type":"ListItem","position":1,"name":"home","item":"https:\/\/iguanasmoke.com\/"},{"@type":"ListItem","position":2,"name":"Tienda","item":"https:\/\/iguanasmoke.com\/tienda\/"},{"@type":"ListItem","position":3,"name":"Flores de CBD","item":"https:\/\/iguanasmoke.com\/categoria\/comprar-flores-de-cbd-y-cogollos-de-cbd\/"},{"@type":"ListItem","position":4,"name":"Flor CBD White Widow Indoor"}]},{"@type":"WebSite","@id":"https:\/\/iguanasmoke.com\/#website","url":"https:\/\/iguanasmoke.com\/","name":"Fumo di iguana","description":"Acquistare CBD online al miglior prezzo","publisher":{"@id":"https:\/\/iguanasmoke.com\/#organization"},"potentialAction":[{"@type":"SearchAction","target":{"@type":"EntryPoint","urlTemplate":"https:\/\/iguanasmoke.com\/?s={search_term_string}"},"query-input":{"@type":"PropertyValueSpecification","valueRequired":true,"valueName":"search_term_string"}}],"inLanguage":"it-IT"},{"@type":"Organization","@id":"https:\/\/iguanasmoke.com\/#organization","name":"Fumo di iguana","url":"https:\/\/iguanasmoke.com\/","logo":{"@type":"ImageObject","inLanguage":"it-IT","@id":"https:\/\/iguanasmoke.com\/#\/schema\/logo\/image\/","url":"https:\/\/iguanasmoke.com\/wp-content\/uploads\/2025\/01\/logoiguana-favi-1.png","contentUrl":"https:\/\/iguanasmoke.com\/wp-content\/uploads\/2025\/01\/logoiguana-favi-1.png","width":512,"height":512,"caption":"Iguana Smoke"},"image":{"@id":"https:\/\/iguanasmoke.com\/#\/schema\/logo\/image\/"},"sameAs":["https:\/\/www.facebook.com\/iguanasmoke","https:\/\/www.instagram.com\/iguanasmoke\/"]}]},"product_brand":"variable","og_availability":"instock","product_availability":"instock","product_condition":"new"},"_links":{"self":[{"href":"https:\/\/iguanasmoke.com\/it\/wp-json\/wp\/v2\/product\/59025","targetHints":{"allow":["GET"]}}],"collection":[{"href":"https:\/\/iguanasmoke.com\/it\/wp-json\/wp\/v2\/product"}],"about":[{"href":"https:\/\/iguanasmoke.com\/it\/wp-json\/wp\/v2\/types\/product"}],"replies":[{"embeddable":true,"href":"https:\/\/iguanasmoke.com\/it\/wp-json\/wp\/v2\/comments?post=59025"}],"wp:featuredmedia":[{"embeddable":true,"href":"https:\/\/iguanasmoke.com\/it\/wp-json\/wp\/v2\/media\/59094"}],"wp:attachment":[{"href":"https:\/\/iguanasmoke.com\/it\/wp-json\/wp\/v2\/media?parent=59025"}],"wp:term":[{"taxonomy":"product_brand","embeddable":true,"href":"https:\/\/iguanasmoke.com\/it\/wp-json\/wp\/v2\/product_brand?post=59025"},{"taxonomy":"product_cat","embeddable":true,"href":"https:\/\/iguanasmoke.com\/it\/wp-json\/wp\/v2\/product_cat?post=59025"},{"taxonomy":"product_tag","embeddable":true,"href":"https:\/\/iguanasmoke.com\/it\/wp-json\/wp\/v2\/product_tag?post=59025"}],"curies":[{"name":"wp","href":"https:\/\/api.w.org\/{rel}","templated":true}]}}