{"id":59109,"date":"2025-06-18T21:01:53","date_gmt":"2025-06-18T19:01:53","guid":{"rendered":"https:\/\/iguanasmoke.com\/?post_type=product&#038;p=59109"},"modified":"2026-05-01T22:50:40","modified_gmt":"2026-05-01T20:50:40","slug":"tartufi-atlantis-2","status":"publish","type":"product","link":"https:\/\/iguanasmoke.com\/it\/producto\/trufas-atlantis\/","title":{"rendered":"Tartufi magici Atlantis 15g"},"content":{"rendered":"<h1><span style=\"font-weight: 400\">Tartufi magici Atlantis - Psilocybe Atlantis<\/span><\/h1>\n<p data-start=\"402\" data-end=\"752\"><span style=\"font-weight: 400\">Il <strong>Tartufi magici di Atlantide <\/strong>provengono dal fungo <strong>Psilocybe Atlantis<\/strong>, \u00c8 uno dei tartufi magici pi\u00f9 apprezzati da collezionisti e micologi. Inoltre, \u00e8 stato soprannominato come il\u00a0<em>frutto proibito<\/em> perch\u00e9 offre un'esperienza molto visiva e colorata. Si pu\u00f2 anche dire che sia strettamente legato alla variet\u00e0 di <strong><a href=\"https:\/\/iguanasmoke.com\/it\/prodotto\/tartufi-messicani\/\">Tartufo magico messicano<\/a><\/strong>. \u00a0<\/span><\/p>\n<p data-start=\"402\" data-end=\"752\"><span style=\"font-weight: 400\">Inoltre, con le loro caratteristiche e il loro profilo, questi tartufi sono diventati un prodotto di punta nel mondo della micologia e del collezionismo.\u00a0<\/span><\/p>\n<p style=\"padding-left: 40px;text-align: center\" data-start=\"402\" data-end=\"752\"><em><span style=\"font-weight: 400\">\u26a0\ufe0fRecuerda: L'uso \u00e8 limitato a scopi micologici, educativi, decorativi o collezionistici. Questo prodotto non \u00e8 destinato al consumo umano.<\/span><\/em><\/p>\n<h2 data-start=\"1384\" data-end=\"1436\">Caratteristiche dei Tartufi Magici Atlantis<\/h2>\n<ul>\n<li data-start=\"1335\" data-end=\"1359\"><strong>Struttura compatta dei fili micelicali<\/strong><\/li>\n<\/ul>\n<p><span style=\"font-weight: 400\">Il ceppo <strong>Psilocybe Atlantis<\/strong> ha un <strong>sclerozi<\/strong> formato da strutture<strong> ammassi compatti di fili micelici che crescono sottoterra. <\/strong>Queste strutture si formano sottoterra quando le condizioni climatiche non consentono ancora lo sviluppo dei corpi fruttiferi (funghi). Il fungo produce anche questi serbatoi sotterranei ricchi di sostanze nutritive e di composti attivi come la psilocibina e la psilocina.<\/span><\/p>\n<ul>\n<li data-start=\"1335\" data-end=\"1359\"><strong>Potenza psichedelica\u00a0<\/strong><\/li>\n<\/ul>\n<p><span style=\"font-weight: 400\">Siete a<strong> Tartufi micologici di Atlantide,<\/strong> contengono composti attivi come <strong>psilocibina<\/strong> e il <strong>psilocina<\/strong>, sostanze che, in contesti controllati e dove il loro uso \u00e8 legale (in Spagna il loro consumo non \u00e8 legale), producono esperienze psichedeliche che alterano la percezione.<\/span><\/p>\n<ul>\n<li data-start=\"1555\" data-end=\"1590\"><strong>Freschezza e presentazione premium<\/strong><\/li>\n<\/ul>\n<p data-start=\"1592\" data-end=\"1779\"><span style=\"font-weight: 400\">Ogni unit\u00e0 \u00e8 <strong>sottovuoto<\/strong> in un formato di <strong>15 grammi<\/strong>, L'imballaggio contribuisce inoltre a preservare l'integrit\u00e0 e l'aspetto naturale del prodotto. Questo tipo di imballaggio contribuisce anche alla <strong>mantenere la loro qualit\u00e0 per un periodo di tempo pi\u00f9 lungo<\/strong>o. Per molti, questa confezione \u00e8 diventata addirittura un simbolo dell'attenzione ai dettagli di Atlantis Magic Truffles.\u00a0<\/span><\/p>\n<p data-start=\"402\" data-end=\"752\">\n<h2 data-start=\"805\" data-end=\"862\">Perch\u00e9 acquistare i tartufi magici Atlantis per scopi micologici?<\/h2>\n<p data-start=\"864\" data-end=\"953\"><span style=\"font-weight: 400\">Il <strong>Tartufi magici di Atlantide <\/strong>sono molto apprezzati da ricercatori e collezionisti per le loro caratteristiche uniche:\u00a0<\/span><\/p>\n<ul>\n<li data-start=\"864\" data-end=\"953\"><span style=\"font-weight: 400\"><strong>Origine naturale<\/strong>sclerozi: sclerozi selezionati da colture micologiche controllate. Da Psilocybe Atlantis.<\/span><\/li>\n<li data-start=\"864\" data-end=\"953\"><span style=\"font-weight: 400\"><strong>Morfologia densa:<\/strong> sono eccellenti anche per gli esami al microscopio.<\/span><\/li>\n<li data-start=\"864\" data-end=\"953\"><span style=\"font-weight: 400\"><strong>Freschezza e tracciabilit\u00e0:<\/strong> Ogni lotto \u00e8 sottoposto a rigorosi controlli di qualit\u00e0 per garantirne l'idoneit\u00e0 a scopi accademici e decorativi.\u00a0<\/span><\/li>\n<\/ul>\n<h2 data-start=\"1786\" data-end=\"1833\">Conservazione e manipolazione per lo studio<\/h2>\n<ul>\n<li><span style=\"font-weight: 400\"><strong>Immagazzinamento<\/strong>Conservare a 2\u00baC-4\u00baC per mantenerne l'integrit\u00e0.<\/span><\/li>\n<li><span style=\"font-weight: 400\"><strong>Manipolazione<\/strong>Si raccomanda l'uso di guanti e utensili sterili nei laboratori.<\/span><\/li>\n<li><span style=\"font-weight: 400\"><strong>Decorazione\/collezione<\/strong>ideale per mostre botaniche e presentazioni didattiche.<\/span><\/li>\n<\/ul>\n<h2 data-start=\"2130\" data-end=\"2181\">Acquisto sicuro e conforme alla legge<\/h2>\n<p data-start=\"2183\" data-end=\"2374\"><span style=\"font-weight: 400\">Nel nostro negozio online \u00e8 possibile acquistare<strong> Tartufi micologici Atlantis <\/strong>con la massima tranquillit\u00e0:<\/span><\/p>\n<ul>\n<li data-start=\"2183\" data-end=\"2374\"><span style=\"font-weight: 400\">Sono conformi alle norme legali in vigore in Spagna per i prodotti ottenuti da<strong> uso non consumabile<\/strong>. <\/span><\/li>\n<li data-start=\"2183\" data-end=\"2374\"><span style=\"font-weight: 400\">Includono chiare avvertenze sul loro scopo.<\/span><\/li>\n<li data-start=\"2183\" data-end=\"2374\"><span style=\"font-weight: 400\">Spedizione discreta e imballaggio sicuro. <\/span><\/li>\n<\/ul>\n<p>&nbsp;<\/p>\n<p style=\"text-align: center;padding-left: 40px\"><span style=\"font-weight: 400\"><em>\u00a0\u26a0\ufe0fNo non ne incoraggiamo n\u00e9 raccomandiamo il consumo. Sono destinati esclusivamente allo studio micologico, all'esposizione decorativa o al collezionismo.<\/em>. Se avete domande sul regolamento, contattateci prima di effettuare l'ordine.\u00a0<\/span><\/p>","protected":false},"excerpt":{"rendered":"<p><span style=\"font-weight: 400\">Il <strong>Tartufi micologici<\/strong> <strong>Atlantide<\/strong> hanno una potenza medio-alta. Sono composti da <strong>sclerozi freschi di specie micologiche selezionate<\/strong>, eccellente per gli studi micologici. Una variet\u00e0 resistente e fresca, perfetta per approfondire lo studio degli sclerozi magici.<\/span><\/p>\n<p><span style=\"font-weight: 400\"><strong>Non destinato al consumo umano<\/strong>. <strong>In caso di dubbi, contattateci o verificate il regolamento.<\/strong>.<\/span><\/p>","protected":false},"featured_media":59111,"comment_status":"open","ping_status":"closed","template":"","meta":{"_acf_changed":false,"site-sidebar-layout":"default","site-content-layout":"","ast-site-content-layout":"default","site-content-style":"default","site-sidebar-style":"default","ast-global-header-display":"","ast-banner-title-visibility":"","ast-main-header-display":"","ast-hfb-above-header-display":"","ast-hfb-below-header-display":"","ast-hfb-mobile-header-display":"","site-post-title":"","ast-breadcrumbs-content":"","ast-featured-img":"","footer-sml-layout":"","theme-transparent-header-meta":"default","adv-header-id-meta":"","stick-header-meta":"","header-above-stick-meta":"","header-main-stick-meta":"","header-below-stick-meta":"","astra-migrate-meta-layouts":"set","ast-page-background-enabled":"default","ast-page-background-meta":{"desktop":{"background-color":"var(--ast-global-color-4)","background-image":"","background-repeat":"repeat","background-position":"center center","background-size":"auto","background-attachment":"scroll","background-type":"","background-media":"","overlay-type":"","overlay-color":"","overlay-opacity":"","overlay-gradient":""},"tablet":{"background-color":"","background-image":"","background-repeat":"repeat","background-position":"center center","background-size":"auto","background-attachment":"scroll","background-type":"","background-media":"","overlay-type":"","overlay-color":"","overlay-opacity":"","overlay-gradient":""},"mobile":{"background-color":"","background-image":"","background-repeat":"repeat","background-position":"center center","background-size":"auto","background-attachment":"scroll","background-type":"","background-media":"","overlay-type":"","overlay-color":"","overlay-opacity":"","overlay-gradient":""}},"ast-content-background-meta":{"desktop":{"background-color":"var(--ast-global-color-5)","background-image":"","background-repeat":"repeat","background-position":"center center","background-size":"auto","background-attachment":"scroll","background-type":"","background-media":"","overlay-type":"","overlay-color":"","overlay-opacity":"","overlay-gradient":""},"tablet":{"background-color":"var(--ast-global-color-5)","background-image":"","background-repeat":"repeat","background-position":"center center","background-size":"auto","background-attachment":"scroll","background-type":"","background-media":"","overlay-type":"","overlay-color":"","overlay-opacity":"","overlay-gradient":""},"mobile":{"background-color":"var(--ast-global-color-5)","background-image":"","background-repeat":"repeat","background-position":"center center","background-size":"auto","background-attachment":"scroll","background-type":"","background-media":"","overlay-type":"","overlay-color":"","overlay-opacity":"","overlay-gradient":""}}},"product_brand":[],"product_cat":[594,595],"product_tag":[],"class_list":{"0":"post-59109","1":"product","2":"type-product","3":"status-publish","4":"has-post-thumbnail","6":"product_cat-smartshop","7":"product_cat-trufas-magicas","8":"desktop-align-center","9":"tablet-align-center","10":"mobile-align-center","12":"first","13":"instock","14":"taxable","15":"shipping-taxable","16":"purchasable","17":"product-type-simple"},"acf":[],"yoast_head":"<!-- This site is optimized with the Yoast SEO Premium plugin v27.3 (Yoast SEO v27.3) - https:\/\/yoast.com\/product\/yoast-seo-premium-wordpress\/ -->\n<title>Trufas M\u00e1gicas Atlantis para Colecci\u00f3n | Iguana Smoke<\/title>\n<meta name=\"description\" content=\"Descubre ahora las Trufas M\u00e1gicas Atlantis. Compra legal en Espa\u00f1a solo para colecci\u00f3n o estudio. No apta para menores de 18.\" \/>\n<meta name=\"robots\" content=\"index, follow, max-snippet:-1, max-image-preview:large, max-video-preview:-1\" \/>\n<link rel=\"canonical\" href=\"https:\/\/iguanasmoke.com\/it\/prodotto\/tartufi-atlantis-2\/\" \/>\n<meta property=\"og:locale\" content=\"it_IT\" \/>\n<meta property=\"og:type\" content=\"article\" \/>\n<meta property=\"og:title\" content=\"Trufas M\u00e1gicas Atlantis 15g\" \/>\n<meta property=\"og:description\" content=\"Las Trufas micol\u00f3gicas Atlantis tienen una potencia media-alta. Est\u00e1n compuestas por esclerocios frescos de especies micol\u00f3gicas seleccionadas, excelentes para estudio micol\u00f3gico. Una variedad resistente, fresca y perfecta para profundizar en el estudio de los esclerocios m\u00e1gicos.  No est\u00e1 destinado al consumo humano. Si tienes dudas cons\u00faltanos o revisa la normativa.\" \/>\n<meta property=\"og:url\" content=\"https:\/\/iguanasmoke.com\/it\/prodotto\/tartufi-atlantis-2\/\" \/>\n<meta property=\"og:site_name\" content=\"Iguana Smoke\" \/>\n<meta property=\"article:publisher\" content=\"https:\/\/www.facebook.com\/iguanasmoke\" \/>\n<meta property=\"article:modified_time\" content=\"2026-05-01T20:50:40+00:00\" \/>\n<meta property=\"og:image\" content=\"https:\/\/iguanasmoke.com\/wp-content\/uploads\/2025\/06\/trufa-atlantis.webp\" \/>\n\t<meta property=\"og:image:width\" content=\"1000\" \/>\n\t<meta property=\"og:image:height\" content=\"1000\" \/>\n\t<meta property=\"og:image:type\" content=\"image\/webp\" \/>\n<meta name=\"twitter:card\" content=\"summary_large_image\" \/>\n<meta name=\"twitter:label1\" content=\"Prezzo\" \/>\n\t<meta name=\"twitter:data1\" content=\"17,55&nbsp;&euro;\" \/>\n\t<meta name=\"twitter:label2\" content=\"Disponibilit\u00e0\" \/>\n\t<meta name=\"twitter:data2\" content=\"In stock\" \/>\n<meta property=\"product:brand\" content=\"simple\" \/>\n<meta property=\"product:price:amount\" content=\"17.55\" \/>\n<meta property=\"product:price:currency\" content=\"EUR\" \/>\n<meta property=\"og:availability\" content=\"instock\" \/>\n<meta property=\"product:availability\" content=\"instock\" \/>\n<meta property=\"product:retailer_item_id\" content=\"SJ-TRUFA-ATL\" \/>\n<meta property=\"product:condition\" content=\"new\" \/>\n<!-- \/ Yoast SEO Premium plugin. -->","yoast_head_json":{"title":"Tartufi magici Atlantis da collezione | Fumo di iguana","description":"Scoprite ora i Tartufi Magici Atlantis. Acquisto legale in Spagna solo per il ritiro o lo studio. Non adatto ai minori di 18 anni.","robots":{"index":"index","follow":"follow","max-snippet":"max-snippet:-1","max-image-preview":"max-image-preview:large","max-video-preview":"max-video-preview:-1"},"canonical":"https:\/\/iguanasmoke.com\/it\/prodotto\/tartufi-atlantis-2\/","og_locale":"it_IT","og_type":"article","og_title":"Trufas M\u00e1gicas Atlantis 15g","og_description":"Las Trufas micol\u00f3gicas Atlantis tienen una potencia media-alta. Est\u00e1n compuestas por esclerocios frescos de especies micol\u00f3gicas seleccionadas, excelentes para estudio micol\u00f3gico. Una variedad resistente, fresca y perfecta para profundizar en el estudio de los esclerocios m\u00e1gicos.  No est\u00e1 destinado al consumo humano. Si tienes dudas cons\u00faltanos o revisa la normativa.","og_url":"https:\/\/iguanasmoke.com\/it\/prodotto\/tartufi-atlantis-2\/","og_site_name":"Iguana Smoke","article_publisher":"https:\/\/www.facebook.com\/iguanasmoke","article_modified_time":"2026-05-01T20:50:40+00:00","og_image":[{"width":1000,"height":1000,"url":"https:\/\/iguanasmoke.com\/wp-content\/uploads\/2025\/06\/trufa-atlantis.webp","type":"image\/webp"}],"twitter_card":"summary_large_image","twitter_misc":{"Prezzo":"17,55&nbsp;&euro;","Disponibilit\u00e0":"In stock"},"schema":{"@context":"https:\/\/schema.org","@graph":[{"@type":"WebPage","@id":"https:\/\/iguanasmoke.com\/producto\/trufas-atlantis\/","url":"https:\/\/iguanasmoke.com\/producto\/trufas-atlantis\/","name":"Tartufi magici Atlantis da collezione | Fumo di iguana","isPartOf":{"@id":"https:\/\/iguanasmoke.com\/#website"},"primaryImageOfPage":{"@id":"https:\/\/iguanasmoke.com\/producto\/trufas-atlantis\/#primaryimage"},"image":{"@id":"https:\/\/iguanasmoke.com\/producto\/trufas-atlantis\/#primaryimage"},"thumbnailUrl":"https:\/\/iguanasmoke.com\/wp-content\/uploads\/2025\/06\/trufa-atlantis.webp","datePublished":"2025-06-18T19:01:53+00:00","dateModified":"2026-05-01T20:50:40+00:00","description":"Scoprite ora i Tartufi Magici Atlantis. Acquisto legale in Spagna solo per il ritiro o lo studio. Non adatto ai minori di 18 anni.","breadcrumb":{"@id":"https:\/\/iguanasmoke.com\/producto\/trufas-atlantis\/#breadcrumb"},"inLanguage":"it-IT","potentialAction":[{"@type":"ReadAction","target":["https:\/\/iguanasmoke.com\/producto\/trufas-atlantis\/"]}]},{"@type":"ImageObject","inLanguage":"it-IT","@id":"https:\/\/iguanasmoke.com\/producto\/trufas-atlantis\/#primaryimage","url":"https:\/\/iguanasmoke.com\/wp-content\/uploads\/2025\/06\/trufa-atlantis.webp","contentUrl":"https:\/\/iguanasmoke.com\/wp-content\/uploads\/2025\/06\/trufa-atlantis.webp","width":1000,"height":1000,"caption":"Trufas M\u00e1gicas Atlantis micol\u00f3gicas"},{"@type":"BreadcrumbList","@id":"https:\/\/iguanasmoke.com\/producto\/trufas-atlantis\/#breadcrumb","itemListElement":[{"@type":"ListItem","position":1,"name":"home","item":"https:\/\/iguanasmoke.com\/"},{"@type":"ListItem","position":2,"name":"Tienda","item":"https:\/\/iguanasmoke.com\/tienda\/"},{"@type":"ListItem","position":3,"name":"SmartShop","item":"https:\/\/iguanasmoke.com\/categoria\/smartshop\/"},{"@type":"ListItem","position":4,"name":"Trufas M\u00e1gicas Atlantis 15g"}]},{"@type":"WebSite","@id":"https:\/\/iguanasmoke.com\/#website","url":"https:\/\/iguanasmoke.com\/","name":"Fumo di iguana","description":"Acquistare CBD online al miglior prezzo","publisher":{"@id":"https:\/\/iguanasmoke.com\/#organization"},"potentialAction":[{"@type":"SearchAction","target":{"@type":"EntryPoint","urlTemplate":"https:\/\/iguanasmoke.com\/?s={search_term_string}"},"query-input":{"@type":"PropertyValueSpecification","valueRequired":true,"valueName":"search_term_string"}}],"inLanguage":"it-IT"},{"@type":"Organization","@id":"https:\/\/iguanasmoke.com\/#organization","name":"Fumo di iguana","url":"https:\/\/iguanasmoke.com\/","logo":{"@type":"ImageObject","inLanguage":"it-IT","@id":"https:\/\/iguanasmoke.com\/#\/schema\/logo\/image\/","url":"https:\/\/iguanasmoke.com\/wp-content\/uploads\/2025\/01\/logoiguana-favi-1.png","contentUrl":"https:\/\/iguanasmoke.com\/wp-content\/uploads\/2025\/01\/logoiguana-favi-1.png","width":512,"height":512,"caption":"Iguana Smoke"},"image":{"@id":"https:\/\/iguanasmoke.com\/#\/schema\/logo\/image\/"},"sameAs":["https:\/\/www.facebook.com\/iguanasmoke","https:\/\/www.instagram.com\/iguanasmoke\/"]}]},"product_brand":"simple","product_price_amount":"17.55","product_price_currency":"EUR","og_availability":"instock","product_availability":"instock","product_retailer_item_id":"SJ-TRUFA-ATL","product_condition":"new"},"_links":{"self":[{"href":"https:\/\/iguanasmoke.com\/it\/wp-json\/wp\/v2\/product\/59109","targetHints":{"allow":["GET"]}}],"collection":[{"href":"https:\/\/iguanasmoke.com\/it\/wp-json\/wp\/v2\/product"}],"about":[{"href":"https:\/\/iguanasmoke.com\/it\/wp-json\/wp\/v2\/types\/product"}],"replies":[{"embeddable":true,"href":"https:\/\/iguanasmoke.com\/it\/wp-json\/wp\/v2\/comments?post=59109"}],"wp:featuredmedia":[{"embeddable":true,"href":"https:\/\/iguanasmoke.com\/it\/wp-json\/wp\/v2\/media\/59111"}],"wp:attachment":[{"href":"https:\/\/iguanasmoke.com\/it\/wp-json\/wp\/v2\/media?parent=59109"}],"wp:term":[{"taxonomy":"product_brand","embeddable":true,"href":"https:\/\/iguanasmoke.com\/it\/wp-json\/wp\/v2\/product_brand?post=59109"},{"taxonomy":"product_cat","embeddable":true,"href":"https:\/\/iguanasmoke.com\/it\/wp-json\/wp\/v2\/product_cat?post=59109"},{"taxonomy":"product_tag","embeddable":true,"href":"https:\/\/iguanasmoke.com\/it\/wp-json\/wp\/v2\/product_tag?post=59109"}],"curies":[{"name":"wp","href":"https:\/\/api.w.org\/{rel}","templated":true}]}}