{"id":59114,"date":"2025-06-18T21:10:03","date_gmt":"2025-06-18T19:10:03","guid":{"rendered":"https:\/\/iguanasmoke.com\/?post_type=product&#038;p=59114"},"modified":"2026-03-31T15:05:27","modified_gmt":"2026-03-31T13:05:27","slug":"tartufi-tampanensis","status":"publish","type":"product","link":"https:\/\/iguanasmoke.com\/it\/producto\/trufas-tampanensis\/","title":{"rendered":"Tartufi magici Tampanensis 15g"},"content":{"rendered":"<h1><span style=\"font-weight: 400\">Tartufi magici Tampanensis - Tartufi micologici da raccogliere e studiare\u00a0<\/span><\/h1>\n<p data-start=\"554\" data-end=\"985\"><span style=\"font-weight: 400\">Il <strong>Tartufi magici Tampanensis,<\/strong> conosciuto come <em>pietre filosofali<\/em>, provengono dal raro fungo <strong>Psilocybe tampanensis<\/strong>, una specie psichedelica appartenente alla famiglia <em>Imenogastracee<\/em>. <\/span><\/p>\n<p data-start=\"554\" data-end=\"985\"><span style=\"font-weight: 400\">Questo fungo \u00e8 stato scoperto per la prima volta nel 1977 in un prato sabbioso vicino a Tampa, in Florida. Da allora, il suo ritrovamento in natura \u00e8 stato eccezionale, tanto che la maggior parte degli esemplari odierni proviene da <strong>colture micologiche basate su cloni del campione originale<\/strong>. <\/span><\/p>\n<p data-start=\"554\" data-end=\"985\"><span style=\"font-weight: 400\">A differenza di altre specie, il <strong>Psilocybe tampanensis <\/strong>forma sclerozi micologici sotterranei psicoattivi che fungono da strutture di riserva. Questi sclerozi, noti come tartufi magici, hanno suscitato interesse per il loro particolare sviluppo biologico. <\/span><\/p>\n<p data-start=\"554\" data-end=\"985\"><span style=\"font-weight: 400\">Storicamente, il suo uso \u00e8 stato associato a contesti spirituali, ricreativi e scientifici in diverse culture. Tuttavia, in Spagna il suo consumo \u00e8 totalmente vietato.\u00a0<\/span><\/p>\n<p style=\"padding-left: 40px;text-align: center\" data-start=\"554\" data-end=\"985\"><em><span style=\"font-weight: 400\">\u26a0\ufe0fRecuerda: L'uso \u00e8 limitato a scopi micologici, educativi, decorativi o collezionistici. Questo prodotto non \u00e8 destinato al consumo umano.<\/span><\/em><\/p>\n<p>&nbsp;<\/p>\n<h2 data-start=\"1384\" data-end=\"1436\">Caratteristiche dei tartufi magici Tampanensis<\/h2>\n<ul>\n<li data-start=\"1335\" data-end=\"1359\"><strong>Struttura densa<\/strong><\/li>\n<\/ul>\n<p>Il ceppo <span style=\"font-weight: 400\"><strong>Psilocybe tampanensis <\/strong><\/span>ha sclerozi compatti e densi. Inoltre, con la sua colorazione marrone terrosa, il <span style=\"font-size: 16px;font-weight: 400\">\u00e8 una delle variet\u00e0 pi\u00f9 apprezzate per l'analisi visiva.<\/span><\/p>\n<ul>\n<li data-start=\"1555\" data-end=\"1590\"><strong>Freschezza e presentazione premium<\/strong><\/li>\n<\/ul>\n<p data-start=\"1592\" data-end=\"1779\"><span style=\"font-weight: 400\">Ogni unit\u00e0 \u00e8 <strong>sottovuoto<\/strong> in un formato di <strong>15 grammi<\/strong>, preservando cos\u00ec la sua integrit\u00e0 e il suo aspetto naturale.<\/span> Questo tipo di confezione aiuta anche a mantenere la qualit\u00e0 dei tartufi per un periodo di tempo pi\u00f9 lungo. Per molti, questa confezione \u00e8 diventata addirittura un simbolo della cura dei dettagli dei Trufas M\u00e1gicas Tampanensis.<\/p>\n<ul>\n<li data-start=\"1335\" data-end=\"1359\"><strong>Protettore dai disastri naturali\u00a0<\/strong><\/li>\n<\/ul>\n<p><span style=\"font-weight: 400\">Siete a<strong> Tartufi micologici Tampanensis,<\/strong> svilupparsi come <strong>strategia di sopravvivenza in caso di incendi o disastri ambientali<\/strong>. Per questo motivo, sono considerati un <strong>fenomeno biologico<\/strong> particolarmente unico nell'ambito del<strong> regno Fungi.<\/strong> Di conseguenza, sono molto apprezzati dai collezionisti e dai micologi che cercano esemplari con una <strong>contesto storico e scientifico rilevante<\/strong>.\u00a0<\/span><\/p>\n<h2 data-start=\"805\" data-end=\"862\">Perch\u00e9 acquistare i Tartufi Magici Tampanensis per scopi micologici?<\/h2>\n<p data-start=\"864\" data-end=\"953\"><span style=\"font-weight: 400\">Il <strong>Tartufi magici Tampanensis <\/strong>sono molto apprezzati da ricercatori e collezionisti per le loro caratteristiche uniche:\u00a0<\/span><\/p>\n<ul>\n<li data-start=\"864\" data-end=\"953\"><span style=\"font-weight: 400\"><strong>Curiosa origine naturale<\/strong>sclerozi selezionati e coltivati da coltura micologica dall'esemplare raccolto in Florida.\u00a0<\/span><\/li>\n<li data-start=\"864\" data-end=\"953\"><span style=\"font-weight: 400\"><strong>Morfologia unica:<\/strong> a causa della sua rarit\u00e0, con la comparsa di <em>pietra filosofale,<\/em> sono eccellenti anche per gli esami al microscopio.<\/span><\/li>\n<li data-start=\"864\" data-end=\"953\"><span style=\"font-weight: 400\"><strong>Freschezza e tracciabilit\u00e0:<\/strong> Ogni lotto \u00e8 sottoposto a rigorosi controlli di qualit\u00e0 per garantirne l'idoneit\u00e0 a scopi accademici e decorativi.\u00a0<\/span><\/li>\n<\/ul>\n<h2 data-start=\"1786\" data-end=\"1833\">Conservazione e manipolazione per lo studio<\/h2>\n<ul>\n<li><span style=\"font-weight: 400\"><strong>Immagazzinamento<\/strong>Conservare a 2\u00baC-4\u00baC per mantenerne l'integrit\u00e0.<\/span><\/li>\n<li><span style=\"font-weight: 400\"><strong>Manipolazione<\/strong>Si raccomanda l'uso di guanti e utensili sterili nei laboratori.<\/span><\/li>\n<li><span style=\"font-weight: 400\"><strong>Decorazione\/collezione<\/strong>ideale per mostre botaniche e presentazioni didattiche.<\/span><\/li>\n<\/ul>\n<h2 data-start=\"2130\" data-end=\"2181\">Acquisto sicuro e conforme alla legge<\/h2>\n<p data-start=\"2183\" data-end=\"2374\"><span style=\"font-weight: 400\">Nel nostro negozio online \u00e8 possibile acquistare<strong> Tartufi micologici Tampanensis <\/strong>con la massima tranquillit\u00e0:<\/span><\/p>\n<ul>\n<li data-start=\"2183\" data-end=\"2374\"><span style=\"font-weight: 400\">Sono conformi alle norme legali in vigore in Spagna per i prodotti ottenuti da<strong> uso non consumabile<\/strong>. <\/span><\/li>\n<li data-start=\"2183\" data-end=\"2374\"><span style=\"font-weight: 400\">Includono chiare avvertenze sul loro scopo.<\/span><\/li>\n<li data-start=\"2183\" data-end=\"2374\"><span style=\"font-weight: 400\">Spedizione discreta e imballaggio sicuro. <\/span><\/li>\n<\/ul>\n<p>&nbsp;<\/p>\n<p style=\"text-align: center;padding-left: 40px\"><span style=\"font-weight: 400\"><em>\u00a0\u26a0\ufe0fNo non ne incoraggiamo n\u00e9 raccomandiamo il consumo. Sono destinati esclusivamente allo studio micologico, all'esposizione decorativa o al collezionismo.<\/em>. Se avete domande sul regolamento, contattateci prima di effettuare l'ordine.\u00a0<\/span><\/p>","protected":false},"excerpt":{"rendered":"<p><span style=\"font-weight: 400\">Il <strong>Tartufi micologici Tampanensis <\/strong>sono <strong>sclerozi compatti di colore marrone terroso<\/strong>, eccellenti per lo studio e il collezionismo micologico. Il loro valore risiede nella loro unicit\u00e0 biologica, che li rende un prodotto molto ricercato dagli esperti.\u00a0<\/span><\/p>\n<p><span style=\"font-weight: 400\"><strong>Non destinato al consumo umano<\/strong>. <strong>In caso di dubbi, contattateci o verificate il regolamento.<\/strong>.<\/span><\/p>","protected":false},"featured_media":59116,"comment_status":"open","ping_status":"closed","template":"","meta":{"_acf_changed":false,"site-sidebar-layout":"default","site-content-layout":"","ast-site-content-layout":"default","site-content-style":"default","site-sidebar-style":"default","ast-global-header-display":"","ast-banner-title-visibility":"","ast-main-header-display":"","ast-hfb-above-header-display":"","ast-hfb-below-header-display":"","ast-hfb-mobile-header-display":"","site-post-title":"","ast-breadcrumbs-content":"","ast-featured-img":"","footer-sml-layout":"","theme-transparent-header-meta":"default","adv-header-id-meta":"","stick-header-meta":"","header-above-stick-meta":"","header-main-stick-meta":"","header-below-stick-meta":"","astra-migrate-meta-layouts":"set","ast-page-background-enabled":"default","ast-page-background-meta":{"desktop":{"background-color":"var(--ast-global-color-4)","background-image":"","background-repeat":"repeat","background-position":"center center","background-size":"auto","background-attachment":"scroll","background-type":"","background-media":"","overlay-type":"","overlay-color":"","overlay-opacity":"","overlay-gradient":""},"tablet":{"background-color":"","background-image":"","background-repeat":"repeat","background-position":"center center","background-size":"auto","background-attachment":"scroll","background-type":"","background-media":"","overlay-type":"","overlay-color":"","overlay-opacity":"","overlay-gradient":""},"mobile":{"background-color":"","background-image":"","background-repeat":"repeat","background-position":"center center","background-size":"auto","background-attachment":"scroll","background-type":"","background-media":"","overlay-type":"","overlay-color":"","overlay-opacity":"","overlay-gradient":""}},"ast-content-background-meta":{"desktop":{"background-color":"var(--ast-global-color-5)","background-image":"","background-repeat":"repeat","background-position":"center center","background-size":"auto","background-attachment":"scroll","background-type":"","background-media":"","overlay-type":"","overlay-color":"","overlay-opacity":"","overlay-gradient":""},"tablet":{"background-color":"var(--ast-global-color-5)","background-image":"","background-repeat":"repeat","background-position":"center center","background-size":"auto","background-attachment":"scroll","background-type":"","background-media":"","overlay-type":"","overlay-color":"","overlay-opacity":"","overlay-gradient":""},"mobile":{"background-color":"var(--ast-global-color-5)","background-image":"","background-repeat":"repeat","background-position":"center center","background-size":"auto","background-attachment":"scroll","background-type":"","background-media":"","overlay-type":"","overlay-color":"","overlay-opacity":"","overlay-gradient":""}}},"product_brand":[],"product_cat":[594,595],"product_tag":[],"class_list":{"0":"post-59114","1":"product","2":"type-product","3":"status-publish","4":"has-post-thumbnail","6":"product_cat-smartshop","7":"product_cat-trufas-magicas","8":"desktop-align-center","9":"tablet-align-center","10":"mobile-align-center","12":"first","13":"instock","14":"taxable","15":"shipping-taxable","16":"purchasable","17":"product-type-simple"},"acf":[],"yoast_head":"<!-- This site is optimized with the Yoast SEO Premium plugin v27.3 (Yoast SEO v27.3) - https:\/\/yoast.com\/product\/yoast-seo-premium-wordpress\/ -->\n<title>Trufas M\u00e1gicas Tampanensis para coleccionismo<\/title>\n<meta name=\"description\" content=\"Descubre las Trufas M\u00e1gicas Tampanensis. Trufas alucin\u00f3genas raras, ideales para colecci\u00f3n o estudio micol\u00f3gico. Compra legal en Espa\u00f1a.\" \/>\n<meta name=\"robots\" content=\"index, follow, max-snippet:-1, max-image-preview:large, max-video-preview:-1\" \/>\n<link rel=\"canonical\" href=\"https:\/\/iguanasmoke.com\/it\/prodotto\/tartufi-tampanensis\/\" \/>\n<meta property=\"og:locale\" content=\"it_IT\" \/>\n<meta property=\"og:type\" content=\"article\" \/>\n<meta property=\"og:title\" content=\"Trufas M\u00e1gicas Tampanensis 15g\" \/>\n<meta property=\"og:description\" content=\"Las Trufas micol\u00f3gicas Tampanensis son esclerocios compactos marrones terrosos, excelentes para estudio micol\u00f3gico y coleccionismo. Su valor reside en su singularidad biol\u00f3gica, convirti\u00e9ndolas en un producto muy buscado entre expertos.\u00a0  No est\u00e1 destinado al consumo humano. Si tienes dudas cons\u00faltanos o revisa la normativa.\" \/>\n<meta property=\"og:url\" content=\"https:\/\/iguanasmoke.com\/it\/prodotto\/tartufi-tampanensis\/\" \/>\n<meta property=\"og:site_name\" content=\"Iguana Smoke\" \/>\n<meta property=\"article:publisher\" content=\"https:\/\/www.facebook.com\/iguanasmoke\" \/>\n<meta property=\"article:modified_time\" content=\"2026-03-31T13:05:27+00:00\" \/>\n<meta property=\"og:image\" content=\"https:\/\/iguanasmoke.com\/wp-content\/uploads\/2025\/06\/Trufas-tampanensis.webp\" \/>\n\t<meta property=\"og:image:width\" content=\"1000\" \/>\n\t<meta property=\"og:image:height\" content=\"1000\" \/>\n\t<meta property=\"og:image:type\" content=\"image\/webp\" \/>\n<meta name=\"twitter:card\" content=\"summary_large_image\" \/>\n<meta name=\"twitter:label1\" content=\"Prezzo\" \/>\n\t<meta name=\"twitter:data1\" content=\"17,55&nbsp;&euro;\" \/>\n\t<meta name=\"twitter:label2\" content=\"Disponibilit\u00e0\" \/>\n\t<meta name=\"twitter:data2\" content=\"In stock\" \/>\n<meta property=\"product:brand\" content=\"simple\" \/>\n<meta property=\"product:price:amount\" content=\"17.55\" \/>\n<meta property=\"product:price:currency\" content=\"EUR\" \/>\n<meta property=\"og:availability\" content=\"instock\" \/>\n<meta property=\"product:availability\" content=\"instock\" \/>\n<meta property=\"product:retailer_item_id\" content=\"SJ-TRUFA-TAM\" \/>\n<meta property=\"product:condition\" content=\"new\" \/>\n<!-- \/ Yoast SEO Premium plugin. -->","yoast_head_json":{"title":"Tartufi magici Tampanensis da collezione","description":"Scoprite i tartufi magici Tampanensis. Rari tartufi allucinogeni, ideali per la raccolta o lo studio micologico. Acquisto legale in Spagna.","robots":{"index":"index","follow":"follow","max-snippet":"max-snippet:-1","max-image-preview":"max-image-preview:large","max-video-preview":"max-video-preview:-1"},"canonical":"https:\/\/iguanasmoke.com\/it\/prodotto\/tartufi-tampanensis\/","og_locale":"it_IT","og_type":"article","og_title":"Trufas M\u00e1gicas Tampanensis 15g","og_description":"Las Trufas micol\u00f3gicas Tampanensis son esclerocios compactos marrones terrosos, excelentes para estudio micol\u00f3gico y coleccionismo. Su valor reside en su singularidad biol\u00f3gica, convirti\u00e9ndolas en un producto muy buscado entre expertos.\u00a0  No est\u00e1 destinado al consumo humano. Si tienes dudas cons\u00faltanos o revisa la normativa.","og_url":"https:\/\/iguanasmoke.com\/it\/prodotto\/tartufi-tampanensis\/","og_site_name":"Iguana Smoke","article_publisher":"https:\/\/www.facebook.com\/iguanasmoke","article_modified_time":"2026-03-31T13:05:27+00:00","og_image":[{"width":1000,"height":1000,"url":"https:\/\/iguanasmoke.com\/wp-content\/uploads\/2025\/06\/Trufas-tampanensis.webp","type":"image\/webp"}],"twitter_card":"summary_large_image","twitter_misc":{"Prezzo":"17,55&nbsp;&euro;","Disponibilit\u00e0":"In stock"},"schema":{"@context":"https:\/\/schema.org","@graph":[{"@type":"WebPage","@id":"https:\/\/iguanasmoke.com\/producto\/trufas-tampanensis\/","url":"https:\/\/iguanasmoke.com\/producto\/trufas-tampanensis\/","name":"Tartufi magici Tampanensis da collezione","isPartOf":{"@id":"https:\/\/iguanasmoke.com\/#website"},"primaryImageOfPage":{"@id":"https:\/\/iguanasmoke.com\/producto\/trufas-tampanensis\/#primaryimage"},"image":{"@id":"https:\/\/iguanasmoke.com\/producto\/trufas-tampanensis\/#primaryimage"},"thumbnailUrl":"https:\/\/iguanasmoke.com\/wp-content\/uploads\/2025\/06\/Trufas-tampanensis.webp","datePublished":"2025-06-18T19:10:03+00:00","dateModified":"2026-03-31T13:05:27+00:00","description":"Scoprite i tartufi magici Tampanensis. Rari tartufi allucinogeni, ideali per la raccolta o lo studio micologico. Acquisto legale in Spagna.","breadcrumb":{"@id":"https:\/\/iguanasmoke.com\/producto\/trufas-tampanensis\/#breadcrumb"},"inLanguage":"it-IT","potentialAction":[{"@type":"ReadAction","target":["https:\/\/iguanasmoke.com\/producto\/trufas-tampanensis\/"]}]},{"@type":"ImageObject","inLanguage":"it-IT","@id":"https:\/\/iguanasmoke.com\/producto\/trufas-tampanensis\/#primaryimage","url":"https:\/\/iguanasmoke.com\/wp-content\/uploads\/2025\/06\/Trufas-tampanensis.webp","contentUrl":"https:\/\/iguanasmoke.com\/wp-content\/uploads\/2025\/06\/Trufas-tampanensis.webp","width":1000,"height":1000,"caption":"Trufas m\u00e1gicas Tampanensis de cultivo micol\u00f3gico"},{"@type":"BreadcrumbList","@id":"https:\/\/iguanasmoke.com\/producto\/trufas-tampanensis\/#breadcrumb","itemListElement":[{"@type":"ListItem","position":1,"name":"home","item":"https:\/\/iguanasmoke.com\/"},{"@type":"ListItem","position":2,"name":"Tienda","item":"https:\/\/iguanasmoke.com\/tienda\/"},{"@type":"ListItem","position":3,"name":"SmartShop","item":"https:\/\/iguanasmoke.com\/categoria\/smartshop\/"},{"@type":"ListItem","position":4,"name":"Trufas M\u00e1gicas Tampanensis 15g"}]},{"@type":"WebSite","@id":"https:\/\/iguanasmoke.com\/#website","url":"https:\/\/iguanasmoke.com\/","name":"Fumo di iguana","description":"Acquistare CBD online al miglior prezzo","publisher":{"@id":"https:\/\/iguanasmoke.com\/#organization"},"potentialAction":[{"@type":"SearchAction","target":{"@type":"EntryPoint","urlTemplate":"https:\/\/iguanasmoke.com\/?s={search_term_string}"},"query-input":{"@type":"PropertyValueSpecification","valueRequired":true,"valueName":"search_term_string"}}],"inLanguage":"it-IT"},{"@type":"Organization","@id":"https:\/\/iguanasmoke.com\/#organization","name":"Fumo di iguana","url":"https:\/\/iguanasmoke.com\/","logo":{"@type":"ImageObject","inLanguage":"it-IT","@id":"https:\/\/iguanasmoke.com\/#\/schema\/logo\/image\/","url":"https:\/\/iguanasmoke.com\/wp-content\/uploads\/2025\/01\/logoiguana-favi-1.png","contentUrl":"https:\/\/iguanasmoke.com\/wp-content\/uploads\/2025\/01\/logoiguana-favi-1.png","width":512,"height":512,"caption":"Iguana Smoke"},"image":{"@id":"https:\/\/iguanasmoke.com\/#\/schema\/logo\/image\/"},"sameAs":["https:\/\/www.facebook.com\/iguanasmoke","https:\/\/www.instagram.com\/iguanasmoke\/"]}]},"product_brand":"simple","product_price_amount":"17.55","product_price_currency":"EUR","og_availability":"instock","product_availability":"instock","product_retailer_item_id":"SJ-TRUFA-TAM","product_condition":"new"},"_links":{"self":[{"href":"https:\/\/iguanasmoke.com\/it\/wp-json\/wp\/v2\/product\/59114","targetHints":{"allow":["GET"]}}],"collection":[{"href":"https:\/\/iguanasmoke.com\/it\/wp-json\/wp\/v2\/product"}],"about":[{"href":"https:\/\/iguanasmoke.com\/it\/wp-json\/wp\/v2\/types\/product"}],"replies":[{"embeddable":true,"href":"https:\/\/iguanasmoke.com\/it\/wp-json\/wp\/v2\/comments?post=59114"}],"wp:featuredmedia":[{"embeddable":true,"href":"https:\/\/iguanasmoke.com\/it\/wp-json\/wp\/v2\/media\/59116"}],"wp:attachment":[{"href":"https:\/\/iguanasmoke.com\/it\/wp-json\/wp\/v2\/media?parent=59114"}],"wp:term":[{"taxonomy":"product_brand","embeddable":true,"href":"https:\/\/iguanasmoke.com\/it\/wp-json\/wp\/v2\/product_brand?post=59114"},{"taxonomy":"product_cat","embeddable":true,"href":"https:\/\/iguanasmoke.com\/it\/wp-json\/wp\/v2\/product_cat?post=59114"},{"taxonomy":"product_tag","embeddable":true,"href":"https:\/\/iguanasmoke.com\/it\/wp-json\/wp\/v2\/product_tag?post=59114"}],"curies":[{"name":"wp","href":"https:\/\/api.w.org\/{rel}","templated":true}]}}