{"id":59394,"date":"2025-06-23T21:29:47","date_gmt":"2025-06-23T19:29:47","guid":{"rendered":"https:\/\/iguanasmoke.com\/?post_type=product&#038;p=59394"},"modified":"2025-12-16T11:22:47","modified_gmt":"2025-12-16T10:22:47","slug":"kit-per-la-coltivazione-dei-funghi-messicani-2","status":"publish","type":"product","link":"https:\/\/iguanasmoke.com\/it\/producto\/kit-de-cultivo-setas-mexicanas\/","title":{"rendered":"Kit per la coltivazione di funghi messicani"},"content":{"rendered":"<div>\n<h1><span style=\"font-weight: 400;\">Pane ai funghi messicani - Kit di coltivazione<\/span><\/h1>\n<\/div>\n<p><span style=\"font-weight: 400;\">Questo <strong>Pane messicano ai funghi<\/strong> viene fornito in un formato di kit micologico progettato per <strong>osservare<\/strong>, <strong>studio<\/strong> y <strong>analizzare<\/strong> su <strong>crescita fungina<\/strong>, particolarmente apprezzato per la sua c<\/span><span style=\"font-size: 16px; font-style: normal; font-weight: 400;\">apacit\u00e0<\/span><span style=\"font-size: 16px; font-style: normal; font-weight: 400;\">\u00a0<\/span><span style=\"font-size: 16px; font-style: normal; font-weight: 400;\">produttivo<\/span><span style=\"font-size: 16px; font-style: normal; font-weight: 400;\">,\u00a0<\/span><span style=\"font-size: 16px; font-style: normal; font-weight: 400;\">stabilit\u00e0<\/span><span style=\"font-size: 16px; font-weight: 400;\">\u00a0genetica<\/span><span style=\"font-size: 16px; font-weight: 400;\"> e resistenza nelle colture<\/span> <span style=\"font-size: 16px; font-weight: 400;\">controllato<\/span><span style=\"font-size: 16px; font-weight: 400;\">.<\/span><\/p>\n<p><span style=\"font-weight: 400;\">Inoltre, questa variet\u00e0 appartiene alla specie <strong><em>Psilocybe cubensis messicana<\/em><\/strong>, La letteratura micologica lo documenta ampiamente. Grazie alla sua <strong>struttura<\/strong> <strong>equilibrato<\/strong>, il suo <strong>veloce<\/strong> <strong>colonizzazione<\/strong> da <strong>substrato<\/strong> e le loro <strong>fruttificazioni<\/strong> <strong>regolare<\/strong>, La nuova collezione, quindi, \u00e8 la scelta ideale per gli studenti di micologia, i collezionisti e i progetti educativi.<\/span><\/p>\n<p><span style=\"font-weight: 400;\">Tradizionalmente, questi funghi venivano utilizzati anche in alcuni contesti culturali ed erano conosciuti come \u201cfunghi\".\u201c<em>Il fungo di Dio<\/em>\u201d o \u201c<em>Carne degli Dei<\/em>\u201c. Tuttavia, questo riferimento \u00e8 incluso solo a scopo storico e descrittivo.<\/span><\/p>\n<p style=\"padding-left: 40px; text-align: center;\"><em><span style=\"font-weight: 400;\">\u26a0\ufe0fRecuerda: Il suo uso \u00e8 limitato esclusivamente a scopi micologici, educativi, decorativi o collezionistici. Pertanto, questo prodotto non \u00e8 destinato al consumo umano.<\/span><\/em><\/p>\n<p>&nbsp;<\/p>\n<h2 class=\"soy_acordeon_mobile\"><strong>Caratteristiche morfologiche dei funghi messicani<\/strong><\/h2>\n<p><span style=\"font-weight: 400;\">Durante il loro sviluppo, i funghi messicani presentano una serie di caratteristiche facilmente identificabili. In primo luogo, si distinguono per la loro:<\/span><\/p>\n<ul>\n<li>Steli lunghi e sottili<\/li>\n<li>Cappelli medio-grandi<\/li>\n<li>Colorazione che evolve dai toni gialli a quelli rossastri-arancioni<\/li>\n<li>Struttura adatta all'osservazione macroscopica e microscopica<\/li>\n<\/ul>\n<p><span style=\"font-weight: 400;\">Queste caratteristiche rendono il pane di funghi particolarmente interessante per l'analisi della crescita, lo studio dei cicli di fruttificazione e l'osservazione della morfologia fungina.<\/span><\/p>\n<p>&nbsp;<\/p>\n<h2><strong>Condizioni di produzione e coltivazione (uso tecnico) <\/strong><\/h2>\n<p><span style=\"font-weight: 400;\">Il pane messicano ai funghi viene consegnato per intero. <strong>colonizzate, sanificate e pronte per la fruttificazione<\/strong>. Tuttavia, per un corretto sviluppo, \u00e8 essenziale mantenere condizioni ambientali controllate e una corretta igiene dell'ambiente. <\/span><\/p>\n<p><span style=\"font-weight: 400;\">A questo proposito, un adeguato controllo della temperatura e dell'umidit\u00e0 \u00e8 fondamentale per ridurre il rischio di contaminazione crociata.\u00a0<\/span><\/p>\n<p>Di seguito sono riportati i parametri raccomandati per l'esecuzione dello studio micologico:<\/p>\n<ul>\n<li>Temperatura ottimale: tra 22-25\u00baC (idealmente 24\u00baC)<\/li>\n<li>Umidit\u00e0 relativa: tra 60-80%<\/li>\n<li>Tempo di fruttificazione iniziale: 20-25 giorni<\/li>\n<li>Capacit\u00e0 produttiva totale: circa 200-400 g.<\/li>\n<li>Numero di cicli: fino a 3 o 4, mantenendo condizioni stabili<\/li>\n<\/ul>\n<p><span style=\"font-weight: 400;\">Infine, va ricordato che questi dati sono indicativi e vengono forniti solo a scopo informativo e tecnico.<\/span><\/p>\n<div class=\"soy_descripcion_contenido show_more\">\n<h2><strong>Procedura di raccolta <\/strong><\/h2>\n<p><span style=\"font-weight: 400;\">Per lo studio del ciclo completo del fungo, il corpo fruttifero viene raccolto ruotandolo leggermente, lasciando intatta la base del gambo. In questo modo si favorisce la continuit\u00e0 della fruttificazione per le analisi successive.\u00a0<\/span><\/p>\n<p>&nbsp;<\/p>\n<h2><strong>Cosa comprende il kit per la coltivazione del pane messicano ai funghi? <\/strong><\/h2>\n<ul>\n<li><span style=\"font-weight: 400;\"><strong>1 x Pane ai funghi messicano 1200ml<\/strong> con micelio fresco e attivo 100% <\/span><\/li>\n<li><span style=\"font-weight: 400;\"><strong>1 x contenitore ermetico senza perforazioni<\/strong>, progettato per ridurre l'inquinamento <\/span>\n<ul>\n<li style=\"list-style-type: none;\">\n<ul>\n<li><span style=\"font-weight: 400;\">(<em>Si consiglia di disinfettarlo prima di iniziare il processo di coltivazione.<\/em>)<\/span><\/li>\n<\/ul>\n<\/li>\n<\/ul>\n<\/li>\n<li><span style=\"font-weight: 400;\"><strong>1 x Manuale d'uso<\/strong> accessibile attraverso <strong>Codice QR<\/strong> con istruzioni dettagliate sui passi da seguire <\/span><\/li>\n<\/ul>\n<p><span style=\"font-weight: 400;\">Sul nostro sito web potete trovare anche diversi <a href=\"https:\/\/iguanasmoke.com\/it\/categoria\/smartshop\/pane-ai-funghi\/\"><strong>kit completi per colture micologiche<\/strong><\/a>, progettato per lo studio e per i collezionisti, nonch\u00e9 il nostro<a href=\"https:\/\/iguanasmoke.com\/it\/guida-alla-coltivazione-con-kit-di-funghi-freschi\/\"><strong> Guida alla coltivazione micologica<\/strong><\/a>.<\/span><\/p>\n<\/div>\n<div class=\"soy_descripcion_contenido show_more\">\n<p>&nbsp;<\/p>\n<h3>Dimensioni della pagnotta messicana ai funghi (compreso il contenitore)<\/h3>\n<ul>\n<li>19 x 12 x 7,5 cm (L x P x A)<\/li>\n<\/ul>\n<h2><strong>Perch\u00e9 scegliere Iguana Smoke? <\/strong><\/h2>\n<ol>\n<li><span style=\"font-weight: 400;\">Micelio sviluppato e attivo 100% <\/span><\/li>\n<li><span style=\"font-weight: 400;\">Elevata stabilit\u00e0 nelle colture di osservazione <\/span><\/li>\n<li><span style=\"font-weight: 400;\">Consegna discreta 24\/48h <\/span><\/li>\n<li><span style=\"font-weight: 400;\">Imballaggio riservato e sicuro\u00a0<\/span><\/li>\n<\/ol>\n<h3><strong>Avviso legale importante:<\/strong><\/h3>\n<p><span style=\"font-weight: 400;\">Questo prodotto \u00e8 commercializzato esclusivamente per scopi di studio, ricerca, raccolta o educazione micologica.\u00a0<\/span><\/p>\n<p><span style=\"font-weight: 400;\">Pertanto, il consumo umano \u00e8 vietato in Spagna in base alla legislazione vigente. Iguana Smoke non promuove n\u00e9 incoraggia il consumo e non \u00e8 responsabile di un uso improprio. L'acquirente \u00e8 responsabile dell'informazione e del rispetto delle normative vigenti nel proprio Paese.<\/span><\/p>\n<p>&nbsp;<\/p>\n<h4><strong>Domande frequenti (FAQ)<\/strong><\/h4>\n<p><strong>Cosa c'\u00e8 in questo pane messicano ai funghi? <\/strong><\/p>\n<p><span style=\"font-weight: 400;\">Micelio fresco e attivo 100% di Psilocybe Cubensis Mexican, destinato esclusivamente a studi micologici. <\/span><\/p>\n<p><span style=\"font-weight: 400;\"><strong>Per quale tipo di utenti \u00e8 adatto?<\/strong> <\/span><\/p>\n<p><span style=\"font-weight: 400;\">Studenti di micologia, ricercatori, istituti scolastici e collezionisti specializzati. <\/span><\/p>\n<p><strong>Sono incluse le istruzioni? <\/strong><\/p>\n<p><span style=\"font-weight: 400;\">S\u00ec, tramite un codice QR incluso nel prodotto.<\/span><\/p>\n<p><strong>\u00c8 un prodotto legale? <\/strong><\/p>\n<p><span style=\"font-weight: 400;\">Venduto solo per scopi micologici. Il consumo umano \u00e8 vietato in Spagna.\u00a0\u00a0<\/span><\/p>\n<\/div>\n<div class=\"soy_descripcion_contenido show_more\">\n<div>\n<div>\n<p style=\"padding-left: 40px; text-align: center;\"><span style=\"font-weight: 400;\"><em>\u26a0\ufe0fNo non ne incoraggiamo n\u00e9 raccomandiamo il consumo. Sono destinati esclusivamente allo studio micologico, all'esposizione decorativa o al collezionismo.<\/em>. Se avete domande sul regolamento, contattateci prima di effettuare l'ordine.\u00a0<\/span><\/p>\n<\/div>\n<\/div>\n<\/div>","protected":false},"excerpt":{"rendered":"<p><span style=\"font-weight: 400;\">La specie <strong><em>Psilocybe Cubensis Mexicana<\/em><\/strong>\u00a0produce funghi a gambo lungo, lunghi circa 10-20 cm, con un grande cappello giallo-arancio o rossastro.\u00a0<\/span><\/p>\n<p><strong>IMPORTANTE<\/strong>Scannerizzare il codice QR sulla confezione per visualizzare il <strong>istruzioni per la coltivazione<\/strong> di pane ai funghi; <strong>seguire passo dopo passo<\/strong>\u00a0y\u00a0<strong>massimizzare i raccolti<\/strong>.<\/p>","protected":false},"featured_media":59398,"comment_status":"open","ping_status":"closed","template":"","meta":{"_acf_changed":false,"site-sidebar-layout":"default","site-content-layout":"","ast-site-content-layout":"default","site-content-style":"default","site-sidebar-style":"default","ast-global-header-display":"","ast-banner-title-visibility":"","ast-main-header-display":"","ast-hfb-above-header-display":"","ast-hfb-below-header-display":"","ast-hfb-mobile-header-display":"","site-post-title":"","ast-breadcrumbs-content":"","ast-featured-img":"","footer-sml-layout":"","theme-transparent-header-meta":"default","adv-header-id-meta":"","stick-header-meta":"","header-above-stick-meta":"","header-main-stick-meta":"","header-below-stick-meta":"","astra-migrate-meta-layouts":"set","ast-page-background-enabled":"default","ast-page-background-meta":{"desktop":{"background-color":"var(--ast-global-color-4)","background-image":"","background-repeat":"repeat","background-position":"center center","background-size":"auto","background-attachment":"scroll","background-type":"","background-media":"","overlay-type":"","overlay-color":"","overlay-opacity":"","overlay-gradient":""},"tablet":{"background-color":"","background-image":"","background-repeat":"repeat","background-position":"center center","background-size":"auto","background-attachment":"scroll","background-type":"","background-media":"","overlay-type":"","overlay-color":"","overlay-opacity":"","overlay-gradient":""},"mobile":{"background-color":"","background-image":"","background-repeat":"repeat","background-position":"center center","background-size":"auto","background-attachment":"scroll","background-type":"","background-media":"","overlay-type":"","overlay-color":"","overlay-opacity":"","overlay-gradient":""}},"ast-content-background-meta":{"desktop":{"background-color":"var(--ast-global-color-5)","background-image":"","background-repeat":"repeat","background-position":"center center","background-size":"auto","background-attachment":"scroll","background-type":"","background-media":"","overlay-type":"","overlay-color":"","overlay-opacity":"","overlay-gradient":""},"tablet":{"background-color":"var(--ast-global-color-5)","background-image":"","background-repeat":"repeat","background-position":"center center","background-size":"auto","background-attachment":"scroll","background-type":"","background-media":"","overlay-type":"","overlay-color":"","overlay-opacity":"","overlay-gradient":""},"mobile":{"background-color":"var(--ast-global-color-5)","background-image":"","background-repeat":"repeat","background-position":"center center","background-size":"auto","background-attachment":"scroll","background-type":"","background-media":"","overlay-type":"","overlay-color":"","overlay-opacity":"","overlay-gradient":""}}},"product_brand":[],"product_cat":[596,594],"product_tag":[],"class_list":{"0":"post-59394","1":"product","2":"type-product","3":"status-publish","4":"has-post-thumbnail","6":"product_cat-pan-de-setas","7":"product_cat-smartshop","8":"desktop-align-center","9":"tablet-align-center","10":"mobile-align-center","12":"first","13":"outofstock","14":"taxable","15":"shipping-taxable","16":"purchasable","17":"product-type-simple"},"acf":[],"yoast_head":"<!-- This site is optimized with the Yoast SEO Premium plugin v27.3 (Yoast SEO v27.3) - https:\/\/yoast.com\/product\/yoast-seo-premium-wordpress\/ -->\n<title>Pan de setas Mexicanas: Kit de cultivo micol\u00f3gico | Iguana Smoke<\/title>\n<meta name=\"description\" content=\"Explora el mundo del cultivo con el Pan de Setas Mexicanas, un kit micol\u00f3gico ideal para estudiar y observar f\u00fangicamente. \u00a1Consigue el tuyo ahora!\" \/>\n<meta name=\"robots\" content=\"index, follow, max-snippet:-1, max-image-preview:large, max-video-preview:-1\" \/>\n<link rel=\"canonical\" href=\"https:\/\/iguanasmoke.com\/it\/prodotto\/kit-per-la-coltivazione-dei-funghi-messicani-2\/\" \/>\n<meta property=\"og:locale\" content=\"it_IT\" \/>\n<meta property=\"og:type\" content=\"article\" \/>\n<meta property=\"og:title\" content=\"Kit de Cultivo Setas Mexicanas\" \/>\n<meta property=\"og:description\" content=\"La especie Psilocybe Cubensis Mexicana\u00a0produce hongos de tallo largo, de unos 10-20cm, y con sombrero amarillo-anaranjado o rojizo de gran tama\u00f1o.\u00a0  IMPORTANTE: Escanea el QR del packaging para ver las instrucciones de cultivo del pan de setas; sigue el paso a paso\u00a0y\u00a0maximiza tus cosechas.\" \/>\n<meta property=\"og:url\" content=\"https:\/\/iguanasmoke.com\/it\/prodotto\/kit-per-la-coltivazione-dei-funghi-messicani-2\/\" \/>\n<meta property=\"og:site_name\" content=\"Iguana Smoke\" \/>\n<meta property=\"article:publisher\" content=\"https:\/\/www.facebook.com\/iguanasmoke\" \/>\n<meta property=\"article:modified_time\" content=\"2025-12-16T10:22:47+00:00\" \/>\n<meta property=\"og:image\" content=\"https:\/\/iguanasmoke.com\/wp-content\/uploads\/2025\/06\/setas-mex.webp\" \/>\n\t<meta property=\"og:image:width\" content=\"1000\" \/>\n\t<meta property=\"og:image:height\" content=\"1000\" \/>\n\t<meta property=\"og:image:type\" content=\"image\/webp\" \/>\n<meta name=\"twitter:card\" content=\"summary_large_image\" \/>\n<meta name=\"twitter:label1\" content=\"Prezzo\" \/>\n\t<meta name=\"twitter:data1\" content=\"31,14&nbsp;&euro;\" \/>\n\t<meta name=\"twitter:label2\" content=\"Disponibilit\u00e0\" \/>\n\t<meta name=\"twitter:data2\" content=\"Esaurito\" \/>\n<meta property=\"product:brand\" content=\"simple\" \/>\n<meta property=\"product:price:amount\" content=\"31.14\" \/>\n<meta property=\"product:price:currency\" content=\"EUR\" \/>\n<meta property=\"og:availability\" content=\"out of stock\" \/>\n<meta property=\"product:availability\" content=\"out of stock\" \/>\n<meta property=\"product:retailer_item_id\" content=\"SJ-PAN-MEX\" \/>\n<meta property=\"product:condition\" content=\"new\" \/>\n<!-- \/ Yoast SEO Premium plugin. -->","yoast_head_json":{"title":"Pane messicano ai funghi: kit di coltivazione micologica | Iguana Smoke","description":"Esplorate il mondo della coltivazione dei funghi con il Pane Messicano per Funghi, un kit micologico ideale per studiare e osservare i funghi - prendete il vostro ora!","robots":{"index":"index","follow":"follow","max-snippet":"max-snippet:-1","max-image-preview":"max-image-preview:large","max-video-preview":"max-video-preview:-1"},"canonical":"https:\/\/iguanasmoke.com\/it\/prodotto\/kit-per-la-coltivazione-dei-funghi-messicani-2\/","og_locale":"it_IT","og_type":"article","og_title":"Kit de Cultivo Setas Mexicanas","og_description":"La especie Psilocybe Cubensis Mexicana\u00a0produce hongos de tallo largo, de unos 10-20cm, y con sombrero amarillo-anaranjado o rojizo de gran tama\u00f1o.\u00a0  IMPORTANTE: Escanea el QR del packaging para ver las instrucciones de cultivo del pan de setas; sigue el paso a paso\u00a0y\u00a0maximiza tus cosechas.","og_url":"https:\/\/iguanasmoke.com\/it\/prodotto\/kit-per-la-coltivazione-dei-funghi-messicani-2\/","og_site_name":"Iguana Smoke","article_publisher":"https:\/\/www.facebook.com\/iguanasmoke","article_modified_time":"2025-12-16T10:22:47+00:00","og_image":[{"width":1000,"height":1000,"url":"https:\/\/iguanasmoke.com\/wp-content\/uploads\/2025\/06\/setas-mex.webp","type":"image\/webp"}],"twitter_card":"summary_large_image","twitter_misc":{"Prezzo":"31,14&nbsp;&euro;","Disponibilit\u00e0":"Esaurito"},"schema":{"@context":"https:\/\/schema.org","@graph":[{"@type":"WebPage","@id":"https:\/\/iguanasmoke.com\/producto\/kit-de-cultivo-setas-mexicanas\/","url":"https:\/\/iguanasmoke.com\/producto\/kit-de-cultivo-setas-mexicanas\/","name":"Pane messicano ai funghi: kit di coltivazione micologica | Iguana Smoke","isPartOf":{"@id":"https:\/\/iguanasmoke.com\/#website"},"primaryImageOfPage":{"@id":"https:\/\/iguanasmoke.com\/producto\/kit-de-cultivo-setas-mexicanas\/#primaryimage"},"image":{"@id":"https:\/\/iguanasmoke.com\/producto\/kit-de-cultivo-setas-mexicanas\/#primaryimage"},"thumbnailUrl":"https:\/\/iguanasmoke.com\/wp-content\/uploads\/2025\/06\/setas-mex.webp","datePublished":"2025-06-23T19:29:47+00:00","dateModified":"2025-12-16T10:22:47+00:00","description":"Esplorate il mondo della coltivazione dei funghi con il Pane Messicano per Funghi, un kit micologico ideale per studiare e osservare i funghi - prendete il vostro ora!","breadcrumb":{"@id":"https:\/\/iguanasmoke.com\/producto\/kit-de-cultivo-setas-mexicanas\/#breadcrumb"},"inLanguage":"it-IT","potentialAction":[{"@type":"ReadAction","target":["https:\/\/iguanasmoke.com\/producto\/kit-de-cultivo-setas-mexicanas\/"]}]},{"@type":"ImageObject","inLanguage":"it-IT","@id":"https:\/\/iguanasmoke.com\/producto\/kit-de-cultivo-setas-mexicanas\/#primaryimage","url":"https:\/\/iguanasmoke.com\/wp-content\/uploads\/2025\/06\/setas-mex.webp","contentUrl":"https:\/\/iguanasmoke.com\/wp-content\/uploads\/2025\/06\/setas-mex.webp","width":1000,"height":1000,"caption":"Pan de setas Mexicanas kit de cultivo micol\u00f3gico"},{"@type":"BreadcrumbList","@id":"https:\/\/iguanasmoke.com\/producto\/kit-de-cultivo-setas-mexicanas\/#breadcrumb","itemListElement":[{"@type":"ListItem","position":1,"name":"home","item":"https:\/\/iguanasmoke.com\/"},{"@type":"ListItem","position":2,"name":"Tienda","item":"https:\/\/iguanasmoke.com\/tienda\/"},{"@type":"ListItem","position":3,"name":"SmartShop","item":"https:\/\/iguanasmoke.com\/categoria\/smartshop\/"},{"@type":"ListItem","position":4,"name":"Pan de setas","item":"https:\/\/iguanasmoke.com\/categoria\/smartshop\/pan-de-setas\/"},{"@type":"ListItem","position":5,"name":"Kit de Cultivo Setas Mexicanas"}]},{"@type":"WebSite","@id":"https:\/\/iguanasmoke.com\/#website","url":"https:\/\/iguanasmoke.com\/","name":"Fumo di iguana","description":"Acquistare CBD online al miglior prezzo","publisher":{"@id":"https:\/\/iguanasmoke.com\/#organization"},"potentialAction":[{"@type":"SearchAction","target":{"@type":"EntryPoint","urlTemplate":"https:\/\/iguanasmoke.com\/?s={search_term_string}"},"query-input":{"@type":"PropertyValueSpecification","valueRequired":true,"valueName":"search_term_string"}}],"inLanguage":"it-IT"},{"@type":"Organization","@id":"https:\/\/iguanasmoke.com\/#organization","name":"Fumo di iguana","url":"https:\/\/iguanasmoke.com\/","logo":{"@type":"ImageObject","inLanguage":"it-IT","@id":"https:\/\/iguanasmoke.com\/#\/schema\/logo\/image\/","url":"https:\/\/iguanasmoke.com\/wp-content\/uploads\/2025\/01\/logoiguana-favi-1.png","contentUrl":"https:\/\/iguanasmoke.com\/wp-content\/uploads\/2025\/01\/logoiguana-favi-1.png","width":512,"height":512,"caption":"Iguana Smoke"},"image":{"@id":"https:\/\/iguanasmoke.com\/#\/schema\/logo\/image\/"},"sameAs":["https:\/\/www.facebook.com\/iguanasmoke","https:\/\/www.instagram.com\/iguanasmoke\/"]}]},"product_brand":"simple","product_price_amount":"31.14","product_price_currency":"EUR","og_availability":"out of stock","product_availability":"out of stock","product_retailer_item_id":"SJ-PAN-MEX","product_condition":"new"},"_links":{"self":[{"href":"https:\/\/iguanasmoke.com\/it\/wp-json\/wp\/v2\/product\/59394","targetHints":{"allow":["GET"]}}],"collection":[{"href":"https:\/\/iguanasmoke.com\/it\/wp-json\/wp\/v2\/product"}],"about":[{"href":"https:\/\/iguanasmoke.com\/it\/wp-json\/wp\/v2\/types\/product"}],"replies":[{"embeddable":true,"href":"https:\/\/iguanasmoke.com\/it\/wp-json\/wp\/v2\/comments?post=59394"}],"wp:featuredmedia":[{"embeddable":true,"href":"https:\/\/iguanasmoke.com\/it\/wp-json\/wp\/v2\/media\/59398"}],"wp:attachment":[{"href":"https:\/\/iguanasmoke.com\/it\/wp-json\/wp\/v2\/media?parent=59394"}],"wp:term":[{"taxonomy":"product_brand","embeddable":true,"href":"https:\/\/iguanasmoke.com\/it\/wp-json\/wp\/v2\/product_brand?post=59394"},{"taxonomy":"product_cat","embeddable":true,"href":"https:\/\/iguanasmoke.com\/it\/wp-json\/wp\/v2\/product_cat?post=59394"},{"taxonomy":"product_tag","embeddable":true,"href":"https:\/\/iguanasmoke.com\/it\/wp-json\/wp\/v2\/product_tag?post=59394"}],"curies":[{"name":"wp","href":"https:\/\/api.w.org\/{rel}","templated":true}]}}