{"id":59404,"date":"2025-06-23T21:41:20","date_gmt":"2025-06-23T19:41:20","guid":{"rendered":"https:\/\/iguanasmoke.com\/?post_type=product&#038;p=59404"},"modified":"2025-12-16T16:10:36","modified_gmt":"2025-12-16T15:10:36","slug":"kit-per-la-coltivazione-di-funghi-allucinogeni-azurescens-allaperto","status":"publish","type":"product","link":"https:\/\/iguanasmoke.com\/it\/producto\/kit-de-cultivo-de-setas-alucinogenas-en-exterior-azurescens\/","title":{"rendered":"Kit per la coltivazione di funghi Azurescens (Outdoor)"},"content":{"rendered":"<div class=\"soy_acordeon_mobile\">\n<h1><span style=\"font-weight: 400;\">Kit per la coltivazione di funghi Azurescens per uso esterno<\/span><\/h1>\n<\/div>\n<div class=\"soy_descripcion_contenido show_more\">\n<p><span style=\"font-weight: 400;\">Questo <strong>Kit per la coltivazione di funghi Azurescens all'aperto<\/strong> \u00e8 la soluzione perfetta per gli appassionati e gli esperti di micologia. Infatti, \u00e8 stato progettato per <strong>osservare<\/strong>, <strong>studio<\/strong> y <strong>analizzare<\/strong> su <strong>sviluppo fungino all'estero<\/strong>, che consente agli utenti di creare il proprio giardino di funghi magici e di ottenere raccolti annuali. <\/span><\/p>\n<p><span style=\"font-weight: 400;\">Il nostro<strong> Kit per la coltivazione di funghi Azurescens all'aperto<\/strong> sono inoculati con il <strong>Variet\u00e0 di funghi magici Azurescens.<\/strong> Questi funghi, come \u00e8 noto, sono molto potenti, ancor pi\u00f9 delle variet\u00e0 coltivate al chiuso. <\/span><\/p>\n<p><span style=\"font-weight: 400;\">Tuttavia, \u00e8 importante notare che un giardino di funghi all'aperto pu\u00f2 <strong>richiedono fino a un anno per crescere<\/strong>, \u00c8 quindi necessario avere pazienza per vedere i primi risultati. In generale, questi tendono a dare i loro frutti durante la <strong>autunno<\/strong>.\u00a0 \u00a0<\/span><\/p>\n<p style=\"padding-left: 40px; text-align: center;\"><em><span style=\"font-weight: 400;\">\u26a0\ufe0fRecuerda: Il suo uso \u00e8 limitato esclusivamente a scopi micologici, educativi, decorativi o collezionistici. Pertanto, questo prodotto non \u00e8 destinato al consumo umano.<\/span><\/em><\/p>\n<p>&nbsp;<\/p>\n<h2><strong>Condizioni di produzione e coltivazione (uso tecnico)<\/strong><\/h2>\n<p>Ecco i parametri consigliati per la realizzazione dello studio micologico. \u00c8 importante seguire queste linee guida per ottimizzare le condizioni di coltivazione:<\/p>\n<ul>\n<li>Temperatura ideale: tra 16-24\u00baC (7\u00baC durante la fruttificazione).<\/li>\n<li>Ambiente: Terreno umido<\/li>\n<li>Lontano dalla luce diretta del sole<\/li>\n<li>Tempo di fruttificazione iniziale: 6-12 mesi<\/li>\n<li>Numero di cicli: fino a 2-3 lotti all'anno, a seconda del clima.<\/li>\n<\/ul>\n<p><span style=\"font-weight: 400;\">Infine, va ricordato che questi dati sono indicativi e vengono forniti solo a scopo informativo e tecnico.<\/span><\/p>\n<\/div>\n<h2><strong>Cosa comprende il kit per la coltivazione all'aperto di funghi Azurescens?<\/strong><\/h2>\n<ul>\n<li><span style=\"font-weight: 400;\"><strong>1 x Pane ai funghi inoculato <\/strong>con micelio fresco di<em> Psilocybe azurescens.<\/em><\/span><\/li>\n<li><span style=\"font-weight: 400;\"><strong>1 x contenitore ermetico senza perforazioni<\/strong>, progettato per prevenire la proliferazione di microrganismi e ridurre la contaminazione.<\/span>\n<ul>\n<li style=\"list-style-type: none;\">\n<ul>\n<li><span style=\"font-weight: 400;\">(<em>Si consiglia di disinfettarlo prima di iniziare il processo di coltivazione.<\/em>)<\/span><\/li>\n<\/ul>\n<\/li>\n<\/ul>\n<\/li>\n<li><span style=\"font-weight: 400;\"><strong>1 x Manuale d'uso<\/strong> accessibile attraverso <strong>Codice QR<\/strong> con istruzioni dettagliate sui passi da seguire.<\/span><\/li>\n<\/ul>\n<p><span style=\"font-weight: 400;\">Inoltre, sul nostro sito web \u00e8 possibile trovare diversi <a href=\"https:\/\/iguanasmoke.com\/it\/categoria\/smartshop\/pane-ai-funghi\/\"><strong>kit completi per colture micologiche<\/strong><\/a>, progettato per lo studio e per i collezionisti, nonch\u00e9 il nostro<\/span><span style=\"font-weight: 400;\"><a href=\"https:\/\/iguanasmoke.com\/it\/guida-alla-coltivazione-con-kit-di-funghi-freschi\/\"><strong> Guida alla coltivazione micologica<\/strong><\/a>.<\/span><\/p>\n<h2><strong>Perch\u00e9 scegliere Iguana Smoke per acquistare il pane ai funghi? <\/strong><\/h2>\n<ol>\n<li><span style=\"font-weight: 400;\">Micelio sviluppato e attivo 100% - Aumento del tasso di crescita<\/span><\/li>\n<li><span style=\"font-weight: 400;\">Elevata stabilit\u00e0 nelle colture di osservazione <\/span><\/li>\n<li><span style=\"font-weight: 400;\">Consegna discreta 24\/48h <\/span><\/li>\n<li><span style=\"font-weight: 400;\">Imballaggio riservato e sicuro\u00a0<\/span><\/li>\n<\/ol>\n<h3><strong>Avviso legale importante:<\/strong><\/h3>\n<p><span style=\"font-weight: 400;\">Questo prodotto \u00e8 commercializzato esclusivamente per scopi di studio, ricerca, raccolta o educazione micologica.\u00a0<\/span><\/p>\n<p><span style=\"font-weight: 400;\">Pertanto, il consumo umano \u00e8 vietato in Spagna in base alla legislazione vigente. Iguana Smoke non promuove n\u00e9 incoraggia il consumo e non \u00e8 responsabile di un uso improprio. L'acquirente \u00e8 responsabile dell'informazione e del rispetto delle normative vigenti nel proprio Paese.<\/span><\/p>\n<p>&nbsp;<\/p>\n<div class=\"soy_descripcion_contenido show_more\">\n<h4><strong>Domande frequenti (FAQ) sul kit di coltivazione di funghi Azurescens<\/strong><\/h4>\n<p><strong>Che cosa contiene questo kit di coltura per funghi Azurescens?<\/strong><\/p>\n<p><span style=\"font-weight: 400;\">Micelio fresco e attivo 100% di <em>Psilocybe azurescens<\/em> per uso esterno, destinato esclusivamente a studi micologici. <\/span><\/p>\n<p><span style=\"font-weight: 400;\"><strong>Per quali tipi di utenti \u00e8 adatto questo pane ai funghi?<\/strong> <\/span><\/p>\n<p><span style=\"font-weight: 400;\">Studenti di micologia, ricercatori, istituti scolastici e collezionisti specializzati. <\/span><\/p>\n<p><strong>Sono incluse le istruzioni? <\/strong><\/p>\n<p><span style=\"font-weight: 400;\">S\u00ec, tramite un codice QR incluso nel prodotto.<\/span><\/p>\n<p><strong>Il pane ai funghi \u00e8 un prodotto legale? <\/strong><\/p>\n<p><span style=\"font-weight: 400;\">Venduto solo per scopi micologici. Il consumo umano \u00e8 vietato in Spagna.\u00a0\u00a0<\/span><\/p>\n<\/div>\n<div class=\"soy_descripcion_contenido show_more\">\n<div>\n<div>\n<p style=\"padding-left: 40px; text-align: center;\"><span style=\"font-weight: 400;\"><em>\u26a0\ufe0fNo non ne incoraggiamo n\u00e9 raccomandiamo il consumo. Sono destinati esclusivamente allo studio micologico, all'esposizione decorativa o al collezionismo.<\/em>. Se avete domande sul regolamento, contattateci prima di effettuare l'ordine.\u00a0<\/span><\/p>\n<\/div>\n<\/div>\n<\/div>","protected":false},"excerpt":{"rendered":"<p><span style=\"font-weight: 400;\">La specie<strong><em> Psilocybe azurescens <\/em><\/strong>\u00e8 progettato per crescere perfettamente all'aperto. Questa specie produce funghi a lungo termine, per cui potete allestire il vostro giardino micologico.<\/span><\/p>\n<p><strong>IMPORTANTE<\/strong>Scannerizzare il QR per vedere il <strong>istruzioni per la coltivazione<\/strong>; <strong>seguire passo dopo passo<\/strong>\u00a0y\u00a0<strong>massimizzare i raccolti<\/strong>.<\/p>","protected":false},"featured_media":59407,"comment_status":"open","ping_status":"closed","template":"","meta":{"_acf_changed":false,"site-sidebar-layout":"default","site-content-layout":"","ast-site-content-layout":"default","site-content-style":"default","site-sidebar-style":"default","ast-global-header-display":"","ast-banner-title-visibility":"","ast-main-header-display":"","ast-hfb-above-header-display":"","ast-hfb-below-header-display":"","ast-hfb-mobile-header-display":"","site-post-title":"","ast-breadcrumbs-content":"","ast-featured-img":"","footer-sml-layout":"","theme-transparent-header-meta":"default","adv-header-id-meta":"","stick-header-meta":"","header-above-stick-meta":"","header-main-stick-meta":"","header-below-stick-meta":"","astra-migrate-meta-layouts":"set","ast-page-background-enabled":"default","ast-page-background-meta":{"desktop":{"background-color":"var(--ast-global-color-4)","background-image":"","background-repeat":"repeat","background-position":"center center","background-size":"auto","background-attachment":"scroll","background-type":"","background-media":"","overlay-type":"","overlay-color":"","overlay-opacity":"","overlay-gradient":""},"tablet":{"background-color":"","background-image":"","background-repeat":"repeat","background-position":"center center","background-size":"auto","background-attachment":"scroll","background-type":"","background-media":"","overlay-type":"","overlay-color":"","overlay-opacity":"","overlay-gradient":""},"mobile":{"background-color":"","background-image":"","background-repeat":"repeat","background-position":"center center","background-size":"auto","background-attachment":"scroll","background-type":"","background-media":"","overlay-type":"","overlay-color":"","overlay-opacity":"","overlay-gradient":""}},"ast-content-background-meta":{"desktop":{"background-color":"var(--ast-global-color-5)","background-image":"","background-repeat":"repeat","background-position":"center center","background-size":"auto","background-attachment":"scroll","background-type":"","background-media":"","overlay-type":"","overlay-color":"","overlay-opacity":"","overlay-gradient":""},"tablet":{"background-color":"var(--ast-global-color-5)","background-image":"","background-repeat":"repeat","background-position":"center center","background-size":"auto","background-attachment":"scroll","background-type":"","background-media":"","overlay-type":"","overlay-color":"","overlay-opacity":"","overlay-gradient":""},"mobile":{"background-color":"var(--ast-global-color-5)","background-image":"","background-repeat":"repeat","background-position":"center center","background-size":"auto","background-attachment":"scroll","background-type":"","background-media":"","overlay-type":"","overlay-color":"","overlay-opacity":"","overlay-gradient":""}}},"product_brand":[],"product_cat":[596,594],"product_tag":[],"class_list":{"0":"post-59404","1":"product","2":"type-product","3":"status-publish","4":"has-post-thumbnail","6":"product_cat-pan-de-setas","7":"product_cat-smartshop","8":"desktop-align-center","9":"tablet-align-center","10":"mobile-align-center","12":"first","13":"outofstock","14":"taxable","15":"shipping-taxable","16":"purchasable","17":"product-type-simple"},"acf":[],"yoast_head":"<!-- This site is optimized with the Yoast SEO Premium plugin v27.3 (Yoast SEO v27.3) - https:\/\/yoast.com\/product\/yoast-seo-premium-wordpress\/ -->\n<title>Kit de cultivo de setas Azurescens (Exterior) | Iguana Smoke<\/title>\n<meta name=\"description\" content=\"Con el Kit de cultivo de Setas Azurescens, puedes observar el crecimiento de setas m\u00e1gicas en el exterior. \u00a1Cultiva tus propias setas ahora!\" \/>\n<meta name=\"robots\" content=\"index, follow, max-snippet:-1, max-image-preview:large, max-video-preview:-1\" \/>\n<link rel=\"canonical\" href=\"https:\/\/iguanasmoke.com\/it\/prodotto\/kit-per-la-coltivazione-di-funghi-allucinogeni-azurescens-allaperto\/\" \/>\n<meta property=\"og:locale\" content=\"it_IT\" \/>\n<meta property=\"og:type\" content=\"article\" \/>\n<meta property=\"og:title\" content=\"Kit de cultivo de setas Azurescens (Exterior)\" \/>\n<meta property=\"og:description\" content=\"La especie Psilocybe Azurescens est\u00e1 pensada para crecer en el exterior perfectamente. Esta especie produce hongos a largo plazo, para que montes tu propio huerto micol\u00f3gico.  IMPORTANTE: Escanea el QR para ver las instrucciones de cultivo; sigue el paso a paso\u00a0y\u00a0maximiza tus cosechas.\" \/>\n<meta property=\"og:url\" content=\"https:\/\/iguanasmoke.com\/it\/prodotto\/kit-per-la-coltivazione-di-funghi-allucinogeni-azurescens-allaperto\/\" \/>\n<meta property=\"og:site_name\" content=\"Iguana Smoke\" \/>\n<meta property=\"article:publisher\" content=\"https:\/\/www.facebook.com\/iguanasmoke\" \/>\n<meta property=\"article:modified_time\" content=\"2025-12-16T15:10:36+00:00\" \/>\n<meta property=\"og:image\" content=\"https:\/\/iguanasmoke.com\/wp-content\/uploads\/2025\/06\/Azurescens.webp\" \/>\n\t<meta property=\"og:image:width\" content=\"1000\" \/>\n\t<meta property=\"og:image:height\" content=\"1000\" \/>\n\t<meta property=\"og:image:type\" content=\"image\/webp\" \/>\n<meta name=\"twitter:card\" content=\"summary_large_image\" \/>\n<meta name=\"twitter:label1\" content=\"Prezzo\" \/>\n\t<meta name=\"twitter:data1\" content=\"31,14&nbsp;&euro;\" \/>\n\t<meta name=\"twitter:label2\" content=\"Disponibilit\u00e0\" \/>\n\t<meta name=\"twitter:data2\" content=\"Esaurito\" \/>\n<meta property=\"product:brand\" content=\"simple\" \/>\n<meta property=\"product:price:amount\" content=\"31.14\" \/>\n<meta property=\"product:price:currency\" content=\"EUR\" \/>\n<meta property=\"og:availability\" content=\"out of stock\" \/>\n<meta property=\"product:availability\" content=\"out of stock\" \/>\n<meta property=\"product:retailer_item_id\" content=\"SJ-PAN-AZUR\" \/>\n<meta property=\"product:condition\" content=\"new\" \/>\n<!-- \/ Yoast SEO Premium plugin. -->","yoast_head_json":{"title":"Kit per la coltivazione dei funghi Azurescens (Outdoor) : Iguana Smoke","description":"Con il kit per la coltivazione dei funghi di Azurescens, potrete osservare la crescita dei funghi magici all'aperto - coltivate subito i vostri funghi!","robots":{"index":"index","follow":"follow","max-snippet":"max-snippet:-1","max-image-preview":"max-image-preview:large","max-video-preview":"max-video-preview:-1"},"canonical":"https:\/\/iguanasmoke.com\/it\/prodotto\/kit-per-la-coltivazione-di-funghi-allucinogeni-azurescens-allaperto\/","og_locale":"it_IT","og_type":"article","og_title":"Kit de cultivo de setas Azurescens (Exterior)","og_description":"La especie Psilocybe Azurescens est\u00e1 pensada para crecer en el exterior perfectamente. Esta especie produce hongos a largo plazo, para que montes tu propio huerto micol\u00f3gico.  IMPORTANTE: Escanea el QR para ver las instrucciones de cultivo; sigue el paso a paso\u00a0y\u00a0maximiza tus cosechas.","og_url":"https:\/\/iguanasmoke.com\/it\/prodotto\/kit-per-la-coltivazione-di-funghi-allucinogeni-azurescens-allaperto\/","og_site_name":"Iguana Smoke","article_publisher":"https:\/\/www.facebook.com\/iguanasmoke","article_modified_time":"2025-12-16T15:10:36+00:00","og_image":[{"width":1000,"height":1000,"url":"https:\/\/iguanasmoke.com\/wp-content\/uploads\/2025\/06\/Azurescens.webp","type":"image\/webp"}],"twitter_card":"summary_large_image","twitter_misc":{"Prezzo":"31,14&nbsp;&euro;","Disponibilit\u00e0":"Esaurito"},"schema":{"@context":"https:\/\/schema.org","@graph":[{"@type":"WebPage","@id":"https:\/\/iguanasmoke.com\/producto\/kit-de-cultivo-de-setas-alucinogenas-en-exterior-azurescens\/","url":"https:\/\/iguanasmoke.com\/producto\/kit-de-cultivo-de-setas-alucinogenas-en-exterior-azurescens\/","name":"Kit per la coltivazione dei funghi Azurescens (Outdoor) : Iguana Smoke","isPartOf":{"@id":"https:\/\/iguanasmoke.com\/#website"},"primaryImageOfPage":{"@id":"https:\/\/iguanasmoke.com\/producto\/kit-de-cultivo-de-setas-alucinogenas-en-exterior-azurescens\/#primaryimage"},"image":{"@id":"https:\/\/iguanasmoke.com\/producto\/kit-de-cultivo-de-setas-alucinogenas-en-exterior-azurescens\/#primaryimage"},"thumbnailUrl":"https:\/\/iguanasmoke.com\/wp-content\/uploads\/2025\/06\/Azurescens.webp","datePublished":"2025-06-23T19:41:20+00:00","dateModified":"2025-12-16T15:10:36+00:00","description":"Con il kit per la coltivazione dei funghi di Azurescens, potrete osservare la crescita dei funghi magici all'aperto - coltivate subito i vostri funghi!","breadcrumb":{"@id":"https:\/\/iguanasmoke.com\/producto\/kit-de-cultivo-de-setas-alucinogenas-en-exterior-azurescens\/#breadcrumb"},"inLanguage":"it-IT","potentialAction":[{"@type":"ReadAction","target":["https:\/\/iguanasmoke.com\/producto\/kit-de-cultivo-de-setas-alucinogenas-en-exterior-azurescens\/"]}]},{"@type":"ImageObject","inLanguage":"it-IT","@id":"https:\/\/iguanasmoke.com\/producto\/kit-de-cultivo-de-setas-alucinogenas-en-exterior-azurescens\/#primaryimage","url":"https:\/\/iguanasmoke.com\/wp-content\/uploads\/2025\/06\/Azurescens.webp","contentUrl":"https:\/\/iguanasmoke.com\/wp-content\/uploads\/2025\/06\/Azurescens.webp","width":1000,"height":1000,"caption":"Kit de cultivo de Setas Azurescens"},{"@type":"BreadcrumbList","@id":"https:\/\/iguanasmoke.com\/producto\/kit-de-cultivo-de-setas-alucinogenas-en-exterior-azurescens\/#breadcrumb","itemListElement":[{"@type":"ListItem","position":1,"name":"home","item":"https:\/\/iguanasmoke.com\/"},{"@type":"ListItem","position":2,"name":"Tienda","item":"https:\/\/iguanasmoke.com\/tienda\/"},{"@type":"ListItem","position":3,"name":"SmartShop","item":"https:\/\/iguanasmoke.com\/categoria\/smartshop\/"},{"@type":"ListItem","position":4,"name":"Pan de setas","item":"https:\/\/iguanasmoke.com\/categoria\/smartshop\/pan-de-setas\/"},{"@type":"ListItem","position":5,"name":"Kit de cultivo de setas Azurescens (Exterior)"}]},{"@type":"WebSite","@id":"https:\/\/iguanasmoke.com\/#website","url":"https:\/\/iguanasmoke.com\/","name":"Fumo di iguana","description":"Acquistare CBD online al miglior prezzo","publisher":{"@id":"https:\/\/iguanasmoke.com\/#organization"},"potentialAction":[{"@type":"SearchAction","target":{"@type":"EntryPoint","urlTemplate":"https:\/\/iguanasmoke.com\/?s={search_term_string}"},"query-input":{"@type":"PropertyValueSpecification","valueRequired":true,"valueName":"search_term_string"}}],"inLanguage":"it-IT"},{"@type":"Organization","@id":"https:\/\/iguanasmoke.com\/#organization","name":"Fumo di iguana","url":"https:\/\/iguanasmoke.com\/","logo":{"@type":"ImageObject","inLanguage":"it-IT","@id":"https:\/\/iguanasmoke.com\/#\/schema\/logo\/image\/","url":"https:\/\/iguanasmoke.com\/wp-content\/uploads\/2025\/01\/logoiguana-favi-1.png","contentUrl":"https:\/\/iguanasmoke.com\/wp-content\/uploads\/2025\/01\/logoiguana-favi-1.png","width":512,"height":512,"caption":"Iguana Smoke"},"image":{"@id":"https:\/\/iguanasmoke.com\/#\/schema\/logo\/image\/"},"sameAs":["https:\/\/www.facebook.com\/iguanasmoke","https:\/\/www.instagram.com\/iguanasmoke\/"]}]},"product_brand":"simple","product_price_amount":"31.14","product_price_currency":"EUR","og_availability":"out of stock","product_availability":"out of stock","product_retailer_item_id":"SJ-PAN-AZUR","product_condition":"new"},"_links":{"self":[{"href":"https:\/\/iguanasmoke.com\/it\/wp-json\/wp\/v2\/product\/59404","targetHints":{"allow":["GET"]}}],"collection":[{"href":"https:\/\/iguanasmoke.com\/it\/wp-json\/wp\/v2\/product"}],"about":[{"href":"https:\/\/iguanasmoke.com\/it\/wp-json\/wp\/v2\/types\/product"}],"replies":[{"embeddable":true,"href":"https:\/\/iguanasmoke.com\/it\/wp-json\/wp\/v2\/comments?post=59404"}],"wp:featuredmedia":[{"embeddable":true,"href":"https:\/\/iguanasmoke.com\/it\/wp-json\/wp\/v2\/media\/59407"}],"wp:attachment":[{"href":"https:\/\/iguanasmoke.com\/it\/wp-json\/wp\/v2\/media?parent=59404"}],"wp:term":[{"taxonomy":"product_brand","embeddable":true,"href":"https:\/\/iguanasmoke.com\/it\/wp-json\/wp\/v2\/product_brand?post=59404"},{"taxonomy":"product_cat","embeddable":true,"href":"https:\/\/iguanasmoke.com\/it\/wp-json\/wp\/v2\/product_cat?post=59404"},{"taxonomy":"product_tag","embeddable":true,"href":"https:\/\/iguanasmoke.com\/it\/wp-json\/wp\/v2\/product_tag?post=59404"}],"curies":[{"name":"wp","href":"https:\/\/api.w.org\/{rel}","templated":true}]}}