{"id":60158,"date":"2025-07-08T20:21:50","date_gmt":"2025-07-08T18:21:50","guid":{"rendered":"https:\/\/iguanasmoke.com\/?post_type=product&#038;p=60158"},"modified":"2026-04-21T02:42:41","modified_gmt":"2026-04-21T00:42:41","slug":"tartufi-valhalla","status":"publish","type":"product","link":"https:\/\/iguanasmoke.com\/it\/producto\/trufas-valhalla\/","title":{"rendered":"Tartufi magici Valhalla 15g"},"content":{"rendered":"<h1><span style=\"font-weight: 400\">Tartufi magici del Valhalla - Sclerotia ad alta potenza e saggezza psichedelica\u00a0<\/span><\/h1>\n<p data-start=\"304\" data-end=\"642\"><span style=\"font-weight: 400\">Il <strong>Tartufi magici Valhalla<\/strong> rappresentano il punto pi\u00f9 alto di intensit\u00e0 nella nostra collezione di studi micologici. Inoltre, questi sclerozi sono degni di nota per la loro <strong>morfologia complessa<\/strong>, il suo <strong>purezza micologica<\/strong> e la ricchezza strutturale che mostrano all'analisi visiva e al microscopio. Di conseguenza, sono diventate una delle variet\u00e0 preferite da chi cerca esemplari di grande impatto visivo per i propri progetti di ricerca.<\/span><\/p>\n<p data-start=\"304\" data-end=\"642\"><span style=\"font-weight: 400\">Allo stesso modo, per coloro che ne studiano gli effetti e le caratteristiche da una prospettiva scientifica, i tartufi micologici Valhalla potrebbero essere visti come una porta d'accesso alla conoscenza psichedelica, anche se sempre nel contesto dell'osservazione e dell'analisi strutturale.<\/span><\/p>\n<p style=\"text-align: center;padding-left: 40px\" data-start=\"304\" data-end=\"642\"><em><span style=\"font-weight: 400\">\u26a0\ufe0fRecuerda: L'uso \u00e8 limitato a scopi micologici, educativi, decorativi o collezionistici. Questo prodotto non \u00e8 destinato al consumo umano.<\/span><\/em><\/p>\n<h2 data-start=\"805\" data-end=\"862\">Perch\u00e9 acquistare i Tartufi Magici Valhalla per scopi micologici?<\/h2>\n<p data-start=\"864\" data-end=\"953\"><span style=\"font-weight: 400\">Il <strong>Tartufi magici Valhalla<\/strong> sono particolarmente apprezzati da ricercatori, studenti e collezionisti perch\u00e9 offrono: <\/span><\/p>\n<ul>\n<li data-start=\"864\" data-end=\"953\"><span style=\"font-weight: 400\"><strong>Origine naturale ed elevata purezza<\/strong>Sclerozi: sclerozi selezionati e coltivati in ambienti controllati, per garantire la stabilit\u00e0 negli studi comparativi. <\/span><\/li>\n<li data-start=\"864\" data-end=\"953\"><span style=\"font-weight: 400\"><strong>Intensit\u00e0 visiva superiore:<\/strong> modelli miceliali che si distinguono nelle osservazioni di laboratorio.\u00a0<\/span><\/li>\n<li data-start=\"864\" data-end=\"953\"><span style=\"font-weight: 400\"><strong>Morfologia unica:<\/strong> eccellente per esplorazioni microscopiche, vetrine botaniche e progetti didattici.\u00a0<\/span><\/li>\n<li data-start=\"864\" data-end=\"953\"><span style=\"font-weight: 400\"><strong>Freschezza e tracciabilit\u00e0:<\/strong> Ogni lotto \u00e8 sottoposto a rigorosi controlli di qualit\u00e0 per garantirne l'idoneit\u00e0 a scopi accademici e decorativi.\u00a0<\/span><\/li>\n<\/ul>\n<h2>Caratteristiche dei tartufi magici Valhalla<\/h2>\n<p data-start=\"1335\" data-end=\"1359\"><strong>Potenza visiva ineguagliabile<\/strong><\/p>\n<p data-start=\"1361\" data-end=\"1553\"><span style=\"font-weight: 400\">Il ceppo Valhalla \u00e8 considerato il pi\u00f9 intenso nelle collezioni micologiche decorative. Da un lato, gli sclerozi presentano <strong>strutture dense e modelli visivi<\/strong> complesso. D'altra parte, presentano<strong>\u00a0eccezionale sviluppo miceliare. <\/strong>Studiando queste caratteristiche, diventa chiaro che questi tartufi hanno una magia visiva unica.<\/span><\/p>\n<p data-start=\"1555\" data-end=\"1590\"><strong>Ispirazione mitologica ed estetica<\/strong><\/p>\n<p data-start=\"1592\" data-end=\"1779\"><span style=\"font-weight: 400\">Il suo nome si riferisce al mitico <strong>regno degli dei norreni: Valhalla<\/strong>, simboleggiare<strong> forza, profondit\u00e0 e mistero<\/strong>. Per questo motivo, diventano pezzi accattivanti per musei, aule scolastiche, vetrine o collezioni private. In breve, questi tartufi micologici Valhalla spiccano in qualsiasi collezione, rendendo omaggio al mitico Valhalla.<\/span><\/p>\n<h2 data-start=\"1786\" data-end=\"1833\">Conservazione e manipolazione per lo studio<\/h2>\n<ul>\n<li><span style=\"font-weight: 400\"><strong>Immagazzinamento<\/strong>Conservare a 2\u00baC-4\u00baC per mantenerne l'integrit\u00e0.<\/span><\/li>\n<li><span style=\"font-weight: 400\"><strong>Manipolazione<\/strong>Si raccomanda l'uso di guanti e utensili sterili nei laboratori.<\/span><\/li>\n<li><span style=\"font-weight: 400\"><strong>Decorazione\/collezione<\/strong>ideale per mostre botaniche e presentazioni didattiche.<\/span><\/li>\n<\/ul>\n<h2 data-start=\"2130\" data-end=\"2181\">Acquisto sicuro e conforme alla legge<\/h2>\n<p data-start=\"2183\" data-end=\"2374\"><span style=\"font-weight: 400\">Nel nostro negozio online \u00e8 possibile acquistare<strong> tartufi micologici Valhalla<\/strong> con la massima tranquillit\u00e0:<\/span><\/p>\n<ul>\n<li data-start=\"2183\" data-end=\"2374\"><span style=\"font-weight: 400\">Sono conformi alle norme legali in vigore in Spagna per i prodotti ottenuti da<strong> uso non consumabile<\/strong>. <\/span><\/li>\n<li data-start=\"2183\" data-end=\"2374\"><span style=\"font-weight: 400\">Includono chiare avvertenze sul loro scopo.<\/span><\/li>\n<li data-start=\"2183\" data-end=\"2374\"><span style=\"font-weight: 400\">Spedizione discreta e imballaggio sicuro. <\/span><\/li>\n<\/ul>\n<p>&nbsp;<\/p>\n<p style=\"text-align: center;padding-left: 40px\"><span style=\"font-weight: 400\"><em>\u00a0\u26a0\ufe0fNo non ne incoraggiamo n\u00e9 raccomandiamo il consumo. Sono destinati esclusivamente allo studio micologico, all'esposizione decorativa o al collezionismo.<\/em>. Se avete dubbi sul regolamento, potete consultarci prima di effettuare l'ordine. Rispettando questo, rispettiamo la magia del Valhalla.<\/span><\/p>","protected":false},"excerpt":{"rendered":"<p><span style=\"font-weight: 400\">Il <strong>Tartufi micologici del Valhalla<\/strong> sono <strong>sclerozi freschi di elevata intensit\u00e0 visiva<\/strong>, ideale per lo studio micologico, la microscopia e la raccolta. Coltivato in condizioni controllate.<\/span><\/p>\n<p><span style=\"font-weight: 400\"><strong>Non destinato al consumo umano<\/strong>. <strong>In caso di dubbi, contattateci o verificate il regolamento.<\/strong>.<\/span><\/p>","protected":false},"featured_media":60505,"comment_status":"open","ping_status":"closed","template":"","meta":{"_acf_changed":false,"site-sidebar-layout":"default","site-content-layout":"","ast-site-content-layout":"default","site-content-style":"default","site-sidebar-style":"default","ast-global-header-display":"","ast-banner-title-visibility":"","ast-main-header-display":"","ast-hfb-above-header-display":"","ast-hfb-below-header-display":"","ast-hfb-mobile-header-display":"","site-post-title":"","ast-breadcrumbs-content":"","ast-featured-img":"","footer-sml-layout":"","theme-transparent-header-meta":"default","adv-header-id-meta":"","stick-header-meta":"","header-above-stick-meta":"","header-main-stick-meta":"","header-below-stick-meta":"","astra-migrate-meta-layouts":"set","ast-page-background-enabled":"default","ast-page-background-meta":{"desktop":{"background-color":"var(--ast-global-color-4)","background-image":"","background-repeat":"repeat","background-position":"center center","background-size":"auto","background-attachment":"scroll","background-type":"","background-media":"","overlay-type":"","overlay-color":"","overlay-opacity":"","overlay-gradient":""},"tablet":{"background-color":"","background-image":"","background-repeat":"repeat","background-position":"center center","background-size":"auto","background-attachment":"scroll","background-type":"","background-media":"","overlay-type":"","overlay-color":"","overlay-opacity":"","overlay-gradient":""},"mobile":{"background-color":"","background-image":"","background-repeat":"repeat","background-position":"center center","background-size":"auto","background-attachment":"scroll","background-type":"","background-media":"","overlay-type":"","overlay-color":"","overlay-opacity":"","overlay-gradient":""}},"ast-content-background-meta":{"desktop":{"background-color":"var(--ast-global-color-5)","background-image":"","background-repeat":"repeat","background-position":"center center","background-size":"auto","background-attachment":"scroll","background-type":"","background-media":"","overlay-type":"","overlay-color":"","overlay-opacity":"","overlay-gradient":""},"tablet":{"background-color":"var(--ast-global-color-5)","background-image":"","background-repeat":"repeat","background-position":"center center","background-size":"auto","background-attachment":"scroll","background-type":"","background-media":"","overlay-type":"","overlay-color":"","overlay-opacity":"","overlay-gradient":""},"mobile":{"background-color":"var(--ast-global-color-5)","background-image":"","background-repeat":"repeat","background-position":"center center","background-size":"auto","background-attachment":"scroll","background-type":"","background-media":"","overlay-type":"","overlay-color":"","overlay-opacity":"","overlay-gradient":""}}},"product_brand":[],"product_cat":[594,595],"product_tag":[],"class_list":{"0":"post-60158","1":"product","2":"type-product","3":"status-publish","4":"has-post-thumbnail","6":"product_cat-smartshop","7":"product_cat-trufas-magicas","8":"desktop-align-center","9":"tablet-align-center","10":"mobile-align-center","12":"first","13":"outofstock","14":"taxable","15":"shipping-taxable","16":"purchasable","17":"product-type-simple"},"acf":[],"yoast_head":"<!-- This site is optimized with the Yoast SEO Premium plugin v27.3 (Yoast SEO v27.3) - https:\/\/yoast.com\/product\/yoast-seo-premium-wordpress\/ -->\n<title>Trufas M\u00e1gicas Valhalla para Colecci\u00f3n<\/title>\n<meta name=\"description\" content=\"Descubre las Trufas M\u00e1gicas Valhalla, la cepa m\u00e1s potente: alucin\u00f3gena con intensos efectos visuales. Destinado para coleccionismo o estudio micol\u00f3gico.\" \/>\n<meta name=\"robots\" content=\"index, follow, max-snippet:-1, max-image-preview:large, max-video-preview:-1\" \/>\n<link rel=\"canonical\" href=\"https:\/\/iguanasmoke.com\/it\/prodotto\/tartufi-valhalla\/\" \/>\n<meta property=\"og:locale\" content=\"it_IT\" \/>\n<meta property=\"og:type\" content=\"article\" \/>\n<meta property=\"og:title\" content=\"Trufas M\u00e1gicas Valhalla 15g\" \/>\n<meta property=\"og:description\" content=\"Las Trufas micol\u00f3gicas de Valhalla son esclerocios frescos de alta intensidad visual, ideales para estudio micol\u00f3gico, microscop\u00eda y coleccionismo. Cultivadas en condiciones controladas.  No est\u00e1 destinado al consumo humano. Si tienes dudas cons\u00faltanos o revisa la normativa.\" \/>\n<meta property=\"og:url\" content=\"https:\/\/iguanasmoke.com\/it\/prodotto\/tartufi-valhalla\/\" \/>\n<meta property=\"og:site_name\" content=\"Iguana Smoke\" \/>\n<meta property=\"article:publisher\" content=\"https:\/\/www.facebook.com\/iguanasmoke\" \/>\n<meta property=\"article:modified_time\" content=\"2026-04-21T00:42:41+00:00\" \/>\n<meta property=\"og:image\" content=\"https:\/\/iguanasmoke.com\/wp-content\/uploads\/2025\/07\/trufa-valhalla.webp\" \/>\n\t<meta property=\"og:image:width\" content=\"1000\" \/>\n\t<meta property=\"og:image:height\" content=\"1000\" \/>\n\t<meta property=\"og:image:type\" content=\"image\/webp\" \/>\n<meta name=\"twitter:card\" content=\"summary_large_image\" \/>\n<meta name=\"twitter:label1\" content=\"Prezzo\" \/>\n\t<meta name=\"twitter:data1\" content=\"19,55&nbsp;&euro;\" \/>\n\t<meta name=\"twitter:label2\" content=\"Disponibilit\u00e0\" \/>\n\t<meta name=\"twitter:data2\" content=\"Esaurito\" \/>\n<meta property=\"product:brand\" content=\"simple\" \/>\n<meta property=\"product:price:amount\" content=\"19.55\" \/>\n<meta property=\"product:price:currency\" content=\"EUR\" \/>\n<meta property=\"og:availability\" content=\"out of stock\" \/>\n<meta property=\"product:availability\" content=\"out of stock\" \/>\n<meta property=\"product:retailer_item_id\" content=\"SJ-TRUFA-VAL\" \/>\n<meta property=\"product:condition\" content=\"new\" \/>\n<!-- \/ Yoast SEO Premium plugin. -->","yoast_head_json":{"title":"Tartufi magici Valhalla da collezione","description":"Scoprite i Tartufi Magici Valhalla, la variet\u00e0 pi\u00f9 potente: allucinogena con intensi effetti visivi. Destinata al collezionismo o allo studio micologico.","robots":{"index":"index","follow":"follow","max-snippet":"max-snippet:-1","max-image-preview":"max-image-preview:large","max-video-preview":"max-video-preview:-1"},"canonical":"https:\/\/iguanasmoke.com\/it\/prodotto\/tartufi-valhalla\/","og_locale":"it_IT","og_type":"article","og_title":"Trufas M\u00e1gicas Valhalla 15g","og_description":"Las Trufas micol\u00f3gicas de Valhalla son esclerocios frescos de alta intensidad visual, ideales para estudio micol\u00f3gico, microscop\u00eda y coleccionismo. Cultivadas en condiciones controladas.  No est\u00e1 destinado al consumo humano. Si tienes dudas cons\u00faltanos o revisa la normativa.","og_url":"https:\/\/iguanasmoke.com\/it\/prodotto\/tartufi-valhalla\/","og_site_name":"Iguana Smoke","article_publisher":"https:\/\/www.facebook.com\/iguanasmoke","article_modified_time":"2026-04-21T00:42:41+00:00","og_image":[{"width":1000,"height":1000,"url":"https:\/\/iguanasmoke.com\/wp-content\/uploads\/2025\/07\/trufa-valhalla.webp","type":"image\/webp"}],"twitter_card":"summary_large_image","twitter_misc":{"Prezzo":"19,55&nbsp;&euro;","Disponibilit\u00e0":"Esaurito"},"schema":{"@context":"https:\/\/schema.org","@graph":[{"@type":"WebPage","@id":"https:\/\/iguanasmoke.com\/producto\/trufas-valhalla\/","url":"https:\/\/iguanasmoke.com\/producto\/trufas-valhalla\/","name":"Tartufi magici Valhalla da collezione","isPartOf":{"@id":"https:\/\/iguanasmoke.com\/#website"},"primaryImageOfPage":{"@id":"https:\/\/iguanasmoke.com\/producto\/trufas-valhalla\/#primaryimage"},"image":{"@id":"https:\/\/iguanasmoke.com\/producto\/trufas-valhalla\/#primaryimage"},"thumbnailUrl":"https:\/\/iguanasmoke.com\/wp-content\/uploads\/2025\/07\/trufa-valhalla.webp","datePublished":"2025-07-08T18:21:50+00:00","dateModified":"2026-04-21T00:42:41+00:00","description":"Scoprite i Tartufi Magici Valhalla, la variet\u00e0 pi\u00f9 potente: allucinogena con intensi effetti visivi. Destinata al collezionismo o allo studio micologico.","breadcrumb":{"@id":"https:\/\/iguanasmoke.com\/producto\/trufas-valhalla\/#breadcrumb"},"inLanguage":"it-IT","potentialAction":[{"@type":"ReadAction","target":["https:\/\/iguanasmoke.com\/producto\/trufas-valhalla\/"]}]},{"@type":"ImageObject","inLanguage":"it-IT","@id":"https:\/\/iguanasmoke.com\/producto\/trufas-valhalla\/#primaryimage","url":"https:\/\/iguanasmoke.com\/wp-content\/uploads\/2025\/07\/trufa-valhalla.webp","contentUrl":"https:\/\/iguanasmoke.com\/wp-content\/uploads\/2025\/07\/trufa-valhalla.webp","width":1000,"height":1000,"caption":"\u201cTrufas Micol\u00f3gicas m\u00e1gicas Valhalla esclerocios frescos vista frontal\u201d"},{"@type":"BreadcrumbList","@id":"https:\/\/iguanasmoke.com\/producto\/trufas-valhalla\/#breadcrumb","itemListElement":[{"@type":"ListItem","position":1,"name":"home","item":"https:\/\/iguanasmoke.com\/"},{"@type":"ListItem","position":2,"name":"Tienda","item":"https:\/\/iguanasmoke.com\/tienda\/"},{"@type":"ListItem","position":3,"name":"SmartShop","item":"https:\/\/iguanasmoke.com\/categoria\/smartshop\/"},{"@type":"ListItem","position":4,"name":"Trufas M\u00e1gicas Valhalla 15g"}]},{"@type":"WebSite","@id":"https:\/\/iguanasmoke.com\/#website","url":"https:\/\/iguanasmoke.com\/","name":"Fumo di iguana","description":"Acquistare CBD online al miglior prezzo","publisher":{"@id":"https:\/\/iguanasmoke.com\/#organization"},"potentialAction":[{"@type":"SearchAction","target":{"@type":"EntryPoint","urlTemplate":"https:\/\/iguanasmoke.com\/?s={search_term_string}"},"query-input":{"@type":"PropertyValueSpecification","valueRequired":true,"valueName":"search_term_string"}}],"inLanguage":"it-IT"},{"@type":"Organization","@id":"https:\/\/iguanasmoke.com\/#organization","name":"Fumo di iguana","url":"https:\/\/iguanasmoke.com\/","logo":{"@type":"ImageObject","inLanguage":"it-IT","@id":"https:\/\/iguanasmoke.com\/#\/schema\/logo\/image\/","url":"https:\/\/iguanasmoke.com\/wp-content\/uploads\/2025\/01\/logoiguana-favi-1.png","contentUrl":"https:\/\/iguanasmoke.com\/wp-content\/uploads\/2025\/01\/logoiguana-favi-1.png","width":512,"height":512,"caption":"Iguana Smoke"},"image":{"@id":"https:\/\/iguanasmoke.com\/#\/schema\/logo\/image\/"},"sameAs":["https:\/\/www.facebook.com\/iguanasmoke","https:\/\/www.instagram.com\/iguanasmoke\/"]}]},"product_brand":"simple","product_price_amount":"19.55","product_price_currency":"EUR","og_availability":"out of stock","product_availability":"out of stock","product_retailer_item_id":"SJ-TRUFA-VAL","product_condition":"new"},"_links":{"self":[{"href":"https:\/\/iguanasmoke.com\/it\/wp-json\/wp\/v2\/product\/60158","targetHints":{"allow":["GET"]}}],"collection":[{"href":"https:\/\/iguanasmoke.com\/it\/wp-json\/wp\/v2\/product"}],"about":[{"href":"https:\/\/iguanasmoke.com\/it\/wp-json\/wp\/v2\/types\/product"}],"replies":[{"embeddable":true,"href":"https:\/\/iguanasmoke.com\/it\/wp-json\/wp\/v2\/comments?post=60158"}],"wp:featuredmedia":[{"embeddable":true,"href":"https:\/\/iguanasmoke.com\/it\/wp-json\/wp\/v2\/media\/60505"}],"wp:attachment":[{"href":"https:\/\/iguanasmoke.com\/it\/wp-json\/wp\/v2\/media?parent=60158"}],"wp:term":[{"taxonomy":"product_brand","embeddable":true,"href":"https:\/\/iguanasmoke.com\/it\/wp-json\/wp\/v2\/product_brand?post=60158"},{"taxonomy":"product_cat","embeddable":true,"href":"https:\/\/iguanasmoke.com\/it\/wp-json\/wp\/v2\/product_cat?post=60158"},{"taxonomy":"product_tag","embeddable":true,"href":"https:\/\/iguanasmoke.com\/it\/wp-json\/wp\/v2\/product_tag?post=60158"}],"curies":[{"name":"wp","href":"https:\/\/api.w.org\/{rel}","templated":true}]}}