{"id":60160,"date":"2025-07-08T20:21:20","date_gmt":"2025-07-08T18:21:20","guid":{"rendered":"https:\/\/iguanasmoke.com\/?post_type=product&#038;p=60160"},"modified":"2026-03-31T15:01:28","modified_gmt":"2026-03-31T13:01:28","slug":"tartufi-magici-utopia","status":"publish","type":"product","link":"https:\/\/iguanasmoke.com\/it\/producto\/trufas-magicas-utopia\/","title":{"rendered":"Tartufi magici Utopia 15g"},"content":{"rendered":"<h1><span style=\"font-weight: 400\">Tartufi magici dell'Utopia - Sclerotici di alta intensit\u00e0 visiva e spirituale\u00a0\u00a0<\/span><\/h1>\n<p data-start=\"304\" data-end=\"642\"><span style=\"font-weight: 400\">Il <strong>Tartufi magici Utopia <\/strong>sono una delle<strong> ceppi pi\u00f9 intensi e complessi<\/strong> nella micologia decorativa e da collezione. Questi sclerozi micologici hanno una <strong>struttura densa e schema miceliare<\/strong> Il sistema avanzato, ideale anche per l'osservazione al microscopio.<strong> morfologia avanzata. <\/strong>Grazie alla sua <strong>purezza micologica<\/strong> \u00e8 ideale per il laboratorio, la microscopia e le esposizioni botaniche.<\/span><\/p>\n<p data-start=\"304\" data-end=\"642\"><span style=\"font-weight: 400\">Inoltre, sono stati pensati per gli psiconauti pi\u00f9 esperti che cercano <strong>acquistare tartufi magici di alta qualit\u00e0.<\/strong> Quando li scelgono, molti notano che il nome \u201cUtopia Magic Truffles\u201d evoca un'esperienza molto speciale.<\/span><\/p>\n<p style=\"text-align: center;padding-left: 40px\" data-start=\"304\" data-end=\"642\"><em><span style=\"font-weight: 400\">\u26a0\ufe0fRecuerda: L'uso \u00e8 limitato a scopi micologici, educativi, decorativi o collezionistici. Questo prodotto non \u00e8 destinato al consumo umano.<\/span><\/em><\/p>\n<h2 data-start=\"867\" data-end=\"898\">Che cos'\u00e8 la Psilocybe Utopia?<\/h2>\n<p data-start=\"900\" data-end=\"1251\"><span style=\"font-weight: 400\">Il <strong>Psilocybe Utopia<\/strong> \u00e8 un ceppo selezionato per massimizzare la qualit\u00e0 visiva e strutturale degli sclerozi. Inoltre, presenta una serie di caratteristiche eccezionali:\u00a0<\/span><\/p>\n<ul>\n<li data-start=\"900\" data-end=\"1251\"><strong>Alta densit\u00e0 interna<\/strong><\/li>\n<li data-start=\"900\" data-end=\"1251\">Schema miceliare complesso<\/li>\n<li data-start=\"900\" data-end=\"1251\">Elevata purezza morfologica<\/li>\n<\/ul>\n<p data-start=\"900\" data-end=\"1251\"><span style=\"font-weight: 400\">Pertanto, il <strong>Tartufi magici Utopia<\/strong> sono molto apprezzati nei progetti scientifici, nel collezionismo specializzato e nell'osservazione al microscopio. Infatti, chi cerca i \u201ctartufi magici dell'Utopia\u201d di solito lo fa proprio per la loro alta qualit\u00e0 per questi scopi. Sono quindi diventati un punto di riferimento nello studio micologico decorativo.<\/span><\/p>\n<h2>Caratteristiche dei Tartufi Magici Utopia<\/h2>\n<ul>\n<li data-start=\"1335\" data-end=\"1359\"><strong>Potenza massima in ogni struttura <\/strong><\/li>\n<\/ul>\n<p>Il ceppo <strong style=\"font-size: 16px\">Psilocybe Utopia <\/strong>\u00e8 classificato<span style=\"font-size: 16px;font-weight: 400\">\u00a0con<\/span><strong style=\"font-size: 16px\"> 5\/5 in ricchezza miceliare<\/strong><span style=\"font-size: 16px;font-weight: 400\">, \u00c8 quindi una delle variet\u00e0 pi\u00f9 apprezzate per l'analisi visiva e microscopica. Inoltre, la sua struttura interna offre una complessit\u00e0 ideale per osservazioni dettagliate.<\/span><\/p>\n<ul>\n<li data-start=\"1361\" data-end=\"1553\"><strong>Coltivazione a lungo termine (fino a 12 mesi)<\/strong><\/li>\n<\/ul>\n<p data-start=\"1361\" data-end=\"1553\"><span style=\"font-weight: 400\">Questa coltivazione prolungata favorisce lo sviluppo di <strong>propriet\u00e0<\/strong> y <strong>strutture interne pi\u00f9 complesse, <\/strong>perfetti per l'osservazione tecnica e la documentazione scientifica. I tartufi magici Utopia sono quindi ideali per studi avanzati che richiedono precisione. Inoltre, questo lungo processo garantisce una maggiore stabilit\u00e0 degli sclerozi.<\/span><\/p>\n<ul>\n<li data-start=\"1555\" data-end=\"1590\"><strong>Freschezza e presentazione premium<\/strong><\/li>\n<\/ul>\n<p data-start=\"1592\" data-end=\"1779\"><span style=\"font-weight: 400\">Ogni unit\u00e0 \u00e8 <strong>sottovuoto<\/strong> in un formato di <strong>15 grammi<\/strong>, preservando cos\u00ec la sua integrit\u00e0 e il suo aspetto naturale.<\/span> Questo tipo di confezione contribuisce inoltre a mantenere la loro qualit\u00e0 per un periodo di tempo pi\u00f9 lungo. Per molti, questa confezione \u00e8 diventata addirittura un simbolo dell'attenzione ai dettagli di Utopia Magic Truffles.<\/p>\n<h2 data-start=\"805\" data-end=\"862\">Perch\u00e9 acquistare i Tartufi Magici Utopia per scopi micologici?<\/h2>\n<p data-start=\"864\" data-end=\"953\"><span style=\"font-weight: 400\">Il <strong>Tartufi magici Utopia <\/strong>sono molto apprezzati dai ricercatori e dai collezionisti per la loro capacit\u00e0 di offrire un'ampia gamma di prodotti:<\/span> Spesso l'abbinamento Tartufo-Utopia \u00e8 irresistibile per la sua origine unica.<\/p>\n<ul>\n<li data-start=\"864\" data-end=\"953\"><span style=\"font-weight: 400\"><strong>Origine naturale ed elevata purezza<\/strong>Sclerotia: sclerotia selezionata e coltivata in ambienti controllati nei Paesi Bassi.<\/span><\/li>\n<li data-start=\"864\" data-end=\"953\"><span style=\"font-weight: 400\"><strong>Struttura densa e complessa:<\/strong> modelli miceliali ideali per la microscopia avanzata.<\/span><\/li>\n<li data-start=\"864\" data-end=\"953\"><span style=\"font-weight: 400\"><strong>Freschezza e tracciabilit\u00e0:<\/strong> ogni lotto \u00e8 conforme a rigorosi controlli di qualit\u00e0.\u00a0<\/span><\/li>\n<\/ul>\n<h2 data-start=\"1786\" data-end=\"1833\">Conservazione e manipolazione per lo studio<\/h2>\n<ul>\n<li><span style=\"font-weight: 400\"><strong>Immagazzinamento<\/strong>Conservare a 2\u00baC-4\u00baC per mantenerne l'integrit\u00e0.<\/span><\/li>\n<li><span style=\"font-weight: 400\"><strong>Manipolazione<\/strong>Si raccomanda l'uso di guanti e utensili sterili nei laboratori.<\/span><\/li>\n<li><span style=\"font-weight: 400\"><strong>Decorazione\/collezione<\/strong>ideale per mostre botaniche e presentazioni didattiche.<\/span><\/li>\n<\/ul>\n<h2 data-start=\"2130\" data-end=\"2181\">Acquisto sicuro e conforme alla legge<\/h2>\n<p data-start=\"2183\" data-end=\"2374\"><span style=\"font-weight: 400\">Nel nostro negozio online \u00e8 possibile acquistare<strong> tartufi micologici Utopia <\/strong>con la massima tranquillit\u00e0:<\/span><\/p>\n<ul>\n<li data-start=\"2183\" data-end=\"2374\"><span style=\"font-weight: 400\">Sono conformi alle norme legali in vigore in Spagna per i prodotti ottenuti da<strong> uso non consumabile<\/strong>. <\/span><\/li>\n<li data-start=\"2183\" data-end=\"2374\"><span style=\"font-weight: 400\">Includono chiare avvertenze sul loro scopo.<\/span><\/li>\n<li data-start=\"2183\" data-end=\"2374\"><span style=\"font-weight: 400\">Spedizione discreta e imballaggio sicuro. <\/span><\/li>\n<\/ul>\n<p>&nbsp;<\/p>\n<p style=\"text-align: center;padding-left: 40px\"><span style=\"font-weight: 400\"><em>\u00a0\u26a0\ufe0fNo non ne incoraggiamo n\u00e9 raccomandiamo il consumo. Sono destinati esclusivamente allo studio micologico, all'esposizione decorativa o al collezionismo.<\/em>. Se avete dubbi sul regolamento, potete consultarci prima di effettuare l'ordine. Rispettando questo, rispettiamo la spiritualit\u00e0 della Psilocybe Utopia.<\/span><\/p>","protected":false},"excerpt":{"rendered":"<p><span style=\"font-weight: 400\">Il <strong>Tartufi micologici da Utopia <\/strong>sono <strong>sclerozi freschi di specie micologiche selezionate<\/strong>, eccellente per lo studio micologico, la microscopia e la raccolta. Coltivato in condizioni controllate.<\/span><\/p>\n<p><span style=\"font-weight: 400\"><strong>Non destinato al consumo umano<\/strong>. <strong>In caso di dubbi, contattateci o verificate il regolamento.<\/strong>.<\/span><\/p>","protected":false},"featured_media":60506,"comment_status":"open","ping_status":"closed","template":"","meta":{"_acf_changed":false,"site-sidebar-layout":"default","site-content-layout":"","ast-site-content-layout":"default","site-content-style":"default","site-sidebar-style":"default","ast-global-header-display":"","ast-banner-title-visibility":"","ast-main-header-display":"","ast-hfb-above-header-display":"","ast-hfb-below-header-display":"","ast-hfb-mobile-header-display":"","site-post-title":"","ast-breadcrumbs-content":"","ast-featured-img":"","footer-sml-layout":"","theme-transparent-header-meta":"default","adv-header-id-meta":"","stick-header-meta":"","header-above-stick-meta":"","header-main-stick-meta":"","header-below-stick-meta":"","astra-migrate-meta-layouts":"set","ast-page-background-enabled":"default","ast-page-background-meta":{"desktop":{"background-color":"var(--ast-global-color-4)","background-image":"","background-repeat":"repeat","background-position":"center center","background-size":"auto","background-attachment":"scroll","background-type":"","background-media":"","overlay-type":"","overlay-color":"","overlay-opacity":"","overlay-gradient":""},"tablet":{"background-color":"","background-image":"","background-repeat":"repeat","background-position":"center center","background-size":"auto","background-attachment":"scroll","background-type":"","background-media":"","overlay-type":"","overlay-color":"","overlay-opacity":"","overlay-gradient":""},"mobile":{"background-color":"","background-image":"","background-repeat":"repeat","background-position":"center center","background-size":"auto","background-attachment":"scroll","background-type":"","background-media":"","overlay-type":"","overlay-color":"","overlay-opacity":"","overlay-gradient":""}},"ast-content-background-meta":{"desktop":{"background-color":"var(--ast-global-color-5)","background-image":"","background-repeat":"repeat","background-position":"center center","background-size":"auto","background-attachment":"scroll","background-type":"","background-media":"","overlay-type":"","overlay-color":"","overlay-opacity":"","overlay-gradient":""},"tablet":{"background-color":"var(--ast-global-color-5)","background-image":"","background-repeat":"repeat","background-position":"center center","background-size":"auto","background-attachment":"scroll","background-type":"","background-media":"","overlay-type":"","overlay-color":"","overlay-opacity":"","overlay-gradient":""},"mobile":{"background-color":"var(--ast-global-color-5)","background-image":"","background-repeat":"repeat","background-position":"center center","background-size":"auto","background-attachment":"scroll","background-type":"","background-media":"","overlay-type":"","overlay-color":"","overlay-opacity":"","overlay-gradient":""}}},"product_brand":[],"product_cat":[594,595],"product_tag":[],"class_list":{"0":"post-60160","1":"product","2":"type-product","3":"status-publish","4":"has-post-thumbnail","6":"product_cat-smartshop","7":"product_cat-trufas-magicas","8":"desktop-align-center","9":"tablet-align-center","10":"mobile-align-center","12":"first","13":"instock","14":"taxable","15":"shipping-taxable","16":"purchasable","17":"product-type-simple"},"acf":[],"yoast_head":"<!-- This site is optimized with the Yoast SEO Premium plugin v27.3 (Yoast SEO v27.3) - https:\/\/yoast.com\/product\/yoast-seo-premium-wordpress\/ -->\n<title>Trufas M\u00e1gicas Utop\u00eda para Coleccionismo<\/title>\n<meta name=\"description\" content=\"Descubre las Trufas M\u00e1gicas Utop\u00eda, una variedad ultra potente. Compra legal en Espa\u00f1a solo para colecci\u00f3n o estudio. No apta para menores de 18.\" \/>\n<meta name=\"robots\" content=\"index, follow, max-snippet:-1, max-image-preview:large, max-video-preview:-1\" \/>\n<link rel=\"canonical\" href=\"https:\/\/iguanasmoke.com\/it\/prodotto\/tartufi-magici-utopia\/\" \/>\n<meta property=\"og:locale\" content=\"it_IT\" \/>\n<meta property=\"og:type\" content=\"article\" \/>\n<meta property=\"og:title\" content=\"Trufas M\u00e1gicas Utop\u00eda 15g\" \/>\n<meta property=\"og:description\" content=\"Las Trufas micol\u00f3gicas de Utop\u00eda son esclerocios frescos de especies micol\u00f3gicas seleccionadas, excelentes para estudio micol\u00f3gico, microscop\u00eda y coleccionismo. Cultivadas en condiciones controladas.  No est\u00e1 destinado al consumo humano. Si tienes dudas cons\u00faltanos o revisa la normativa.\" \/>\n<meta property=\"og:url\" content=\"https:\/\/iguanasmoke.com\/it\/prodotto\/tartufi-magici-utopia\/\" \/>\n<meta property=\"og:site_name\" content=\"Iguana Smoke\" \/>\n<meta property=\"article:publisher\" content=\"https:\/\/www.facebook.com\/iguanasmoke\" \/>\n<meta property=\"article:modified_time\" content=\"2026-03-31T13:01:28+00:00\" \/>\n<meta property=\"og:image\" content=\"https:\/\/iguanasmoke.com\/wp-content\/uploads\/2025\/07\/trufa-utopia.webp\" \/>\n\t<meta property=\"og:image:width\" content=\"1000\" \/>\n\t<meta property=\"og:image:height\" content=\"1000\" \/>\n\t<meta property=\"og:image:type\" content=\"image\/webp\" \/>\n<meta name=\"twitter:card\" content=\"summary_large_image\" \/>\n<meta name=\"twitter:label1\" content=\"Prezzo\" \/>\n\t<meta name=\"twitter:data1\" content=\"17,55&nbsp;&euro;\" \/>\n\t<meta name=\"twitter:label2\" content=\"Disponibilit\u00e0\" \/>\n\t<meta name=\"twitter:data2\" content=\"In stock\" \/>\n<meta property=\"product:brand\" content=\"simple\" \/>\n<meta property=\"product:price:amount\" content=\"17.55\" \/>\n<meta property=\"product:price:currency\" content=\"EUR\" \/>\n<meta property=\"og:availability\" content=\"instock\" \/>\n<meta property=\"product:availability\" content=\"instock\" \/>\n<meta property=\"product:retailer_item_id\" content=\"SJ-TRUFA-UTO\" \/>\n<meta property=\"product:condition\" content=\"new\" \/>\n<!-- \/ Yoast SEO Premium plugin. -->","yoast_head_json":{"title":"Tartufi magici Utopia da collezione","description":"Scoprite Utopia Magic Truffles, una variet\u00e0 ultra potente. Acquisto legale in Spagna solo per collezione o studio. Non adatto ai minori di 18 anni.","robots":{"index":"index","follow":"follow","max-snippet":"max-snippet:-1","max-image-preview":"max-image-preview:large","max-video-preview":"max-video-preview:-1"},"canonical":"https:\/\/iguanasmoke.com\/it\/prodotto\/tartufi-magici-utopia\/","og_locale":"it_IT","og_type":"article","og_title":"Trufas M\u00e1gicas Utop\u00eda 15g","og_description":"Las Trufas micol\u00f3gicas de Utop\u00eda son esclerocios frescos de especies micol\u00f3gicas seleccionadas, excelentes para estudio micol\u00f3gico, microscop\u00eda y coleccionismo. Cultivadas en condiciones controladas.  No est\u00e1 destinado al consumo humano. Si tienes dudas cons\u00faltanos o revisa la normativa.","og_url":"https:\/\/iguanasmoke.com\/it\/prodotto\/tartufi-magici-utopia\/","og_site_name":"Iguana Smoke","article_publisher":"https:\/\/www.facebook.com\/iguanasmoke","article_modified_time":"2026-03-31T13:01:28+00:00","og_image":[{"width":1000,"height":1000,"url":"https:\/\/iguanasmoke.com\/wp-content\/uploads\/2025\/07\/trufa-utopia.webp","type":"image\/webp"}],"twitter_card":"summary_large_image","twitter_misc":{"Prezzo":"17,55&nbsp;&euro;","Disponibilit\u00e0":"In stock"},"schema":{"@context":"https:\/\/schema.org","@graph":[{"@type":"WebPage","@id":"https:\/\/iguanasmoke.com\/producto\/trufas-magicas-utopia\/","url":"https:\/\/iguanasmoke.com\/producto\/trufas-magicas-utopia\/","name":"Tartufi magici Utopia da collezione","isPartOf":{"@id":"https:\/\/iguanasmoke.com\/#website"},"primaryImageOfPage":{"@id":"https:\/\/iguanasmoke.com\/producto\/trufas-magicas-utopia\/#primaryimage"},"image":{"@id":"https:\/\/iguanasmoke.com\/producto\/trufas-magicas-utopia\/#primaryimage"},"thumbnailUrl":"https:\/\/iguanasmoke.com\/wp-content\/uploads\/2025\/07\/trufa-utopia.webp","datePublished":"2025-07-08T18:21:20+00:00","dateModified":"2026-03-31T13:01:28+00:00","description":"Scoprite Utopia Magic Truffles, una variet\u00e0 ultra potente. Acquisto legale in Spagna solo per collezione o studio. Non adatto ai minori di 18 anni.","breadcrumb":{"@id":"https:\/\/iguanasmoke.com\/producto\/trufas-magicas-utopia\/#breadcrumb"},"inLanguage":"it-IT","potentialAction":[{"@type":"ReadAction","target":["https:\/\/iguanasmoke.com\/producto\/trufas-magicas-utopia\/"]}]},{"@type":"ImageObject","inLanguage":"it-IT","@id":"https:\/\/iguanasmoke.com\/producto\/trufas-magicas-utopia\/#primaryimage","url":"https:\/\/iguanasmoke.com\/wp-content\/uploads\/2025\/07\/trufa-utopia.webp","contentUrl":"https:\/\/iguanasmoke.com\/wp-content\/uploads\/2025\/07\/trufa-utopia.webp","width":1000,"height":1000,"caption":"\u201cTrufas Micol\u00f3gicas Utop\u00eda esclerocios frescos vista frontal\u201d"},{"@type":"BreadcrumbList","@id":"https:\/\/iguanasmoke.com\/producto\/trufas-magicas-utopia\/#breadcrumb","itemListElement":[{"@type":"ListItem","position":1,"name":"home","item":"https:\/\/iguanasmoke.com\/"},{"@type":"ListItem","position":2,"name":"Tienda","item":"https:\/\/iguanasmoke.com\/tienda\/"},{"@type":"ListItem","position":3,"name":"SmartShop","item":"https:\/\/iguanasmoke.com\/categoria\/smartshop\/"},{"@type":"ListItem","position":4,"name":"Trufas M\u00e1gicas Utop\u00eda 15g"}]},{"@type":"WebSite","@id":"https:\/\/iguanasmoke.com\/#website","url":"https:\/\/iguanasmoke.com\/","name":"Fumo di iguana","description":"Acquistare CBD online al miglior prezzo","publisher":{"@id":"https:\/\/iguanasmoke.com\/#organization"},"potentialAction":[{"@type":"SearchAction","target":{"@type":"EntryPoint","urlTemplate":"https:\/\/iguanasmoke.com\/?s={search_term_string}"},"query-input":{"@type":"PropertyValueSpecification","valueRequired":true,"valueName":"search_term_string"}}],"inLanguage":"it-IT"},{"@type":"Organization","@id":"https:\/\/iguanasmoke.com\/#organization","name":"Fumo di iguana","url":"https:\/\/iguanasmoke.com\/","logo":{"@type":"ImageObject","inLanguage":"it-IT","@id":"https:\/\/iguanasmoke.com\/#\/schema\/logo\/image\/","url":"https:\/\/iguanasmoke.com\/wp-content\/uploads\/2025\/01\/logoiguana-favi-1.png","contentUrl":"https:\/\/iguanasmoke.com\/wp-content\/uploads\/2025\/01\/logoiguana-favi-1.png","width":512,"height":512,"caption":"Iguana Smoke"},"image":{"@id":"https:\/\/iguanasmoke.com\/#\/schema\/logo\/image\/"},"sameAs":["https:\/\/www.facebook.com\/iguanasmoke","https:\/\/www.instagram.com\/iguanasmoke\/"]}]},"product_brand":"simple","product_price_amount":"17.55","product_price_currency":"EUR","og_availability":"instock","product_availability":"instock","product_retailer_item_id":"SJ-TRUFA-UTO","product_condition":"new"},"_links":{"self":[{"href":"https:\/\/iguanasmoke.com\/it\/wp-json\/wp\/v2\/product\/60160","targetHints":{"allow":["GET"]}}],"collection":[{"href":"https:\/\/iguanasmoke.com\/it\/wp-json\/wp\/v2\/product"}],"about":[{"href":"https:\/\/iguanasmoke.com\/it\/wp-json\/wp\/v2\/types\/product"}],"replies":[{"embeddable":true,"href":"https:\/\/iguanasmoke.com\/it\/wp-json\/wp\/v2\/comments?post=60160"}],"wp:featuredmedia":[{"embeddable":true,"href":"https:\/\/iguanasmoke.com\/it\/wp-json\/wp\/v2\/media\/60506"}],"wp:attachment":[{"href":"https:\/\/iguanasmoke.com\/it\/wp-json\/wp\/v2\/media?parent=60160"}],"wp:term":[{"taxonomy":"product_brand","embeddable":true,"href":"https:\/\/iguanasmoke.com\/it\/wp-json\/wp\/v2\/product_brand?post=60160"},{"taxonomy":"product_cat","embeddable":true,"href":"https:\/\/iguanasmoke.com\/it\/wp-json\/wp\/v2\/product_cat?post=60160"},{"taxonomy":"product_tag","embeddable":true,"href":"https:\/\/iguanasmoke.com\/it\/wp-json\/wp\/v2\/product_tag?post=60160"}],"curies":[{"name":"wp","href":"https:\/\/api.w.org\/{rel}","templated":true}]}}