{"id":61011,"date":"2025-07-14T19:50:53","date_gmt":"2025-07-14T17:50:53","guid":{"rendered":"https:\/\/iguanasmoke.com\/?post_type=product&#038;p=61011"},"modified":"2026-03-19T15:31:33","modified_gmt":"2026-03-19T14:31:33","slug":"crema-di-hash-cbd-al-kiwi","status":"publish","type":"product","link":"https:\/\/iguanasmoke.com\/it\/producto\/hash-cbd-kiwi-cream\/","title":{"rendered":"Hash CBD Crema al kiwi 30%"},"content":{"rendered":"<h1><span style=\"font-weight: 400;\">Kiwi Cream Hash 30% CBD: L'hashish di alta qualit\u00e0 pi\u00f9 fruttato<\/span><\/h1>\n<p><span style=\"font-weight: 400;\">Scoprite il sapore esotico ed equilibrato del <strong>hash CBD Crema al kiwi 30%<\/strong>, un hashish di qualit\u00e0 superiore con un profilo aromatico unico che unisce note di kiwi maturo a un fondo cremoso. <\/span><span style=\"font-weight: 400;\">Realizzato con <strong>canapa premium<\/strong> si distingue perch\u00e9<strong>\u00a0\u00e8 un hash<\/strong><strong> Senza THC e con un elevato contenuto di CBD\u00a0<\/strong>e un profilo terpenico naturale che <span style=\"font-size: 16px; font-weight: 400;\">\u00e8 perfetto per chi vuole<\/span><strong style=\"font-size: 16px;\"> acquistare hashish CBD a buon mercato<\/strong><span style=\"font-size: 16px; font-weight: 400;\"> con la garanzia di qualit\u00e0.<\/span><\/span><\/p>\n<p><span style=\"font-weight: 400;\"><span style=\"font-size: 16px; font-weight: 400;\">Provalo subito e lasciati trasportare dal suo <strong>note fruttate per una sensazione morbida, lenitiva e piacevole<\/strong>. Non esitate ad acquistare <strong>CBD Kiwi Cream hashish 30% <\/strong>all'Iguana Smoke.<\/span><\/span><\/p>\n<p>&nbsp;<\/p>\n<h2>Caratteristiche di Hash CBD Kiwi Cream 30%:<\/h2>\n<ul>\n<li>Aspetto e consistenza: <span style=\"font-weight: 400;\">Il suo aspetto invita a goderne la sensazione <strong>malleabile, resinosa e facile da maneggiare<\/strong>. In apparenza <strong>morbido, compatto e leggermente oleoso<\/strong> con una tonalit\u00e0 marrone chiaro che ne rivela la purezza.\u00a0<\/span><\/li>\n<li><span style=\"font-size: 16px; font-weight: 400;\"><strong>Aroma e gusto:<\/strong> L'aroma \u00e8 <strong>esotico<\/strong>, una delle sue principali attrazioni: si tratta di una combinazione di <strong>note fruttate di kiwi maturo<\/strong>, <strong>note di agrumi<\/strong> e uno sfondo con un valore c<strong>cremosit\u00e0 morbida e suadente<\/strong> che lo render\u00e0 uno dei vostri hashtag preferiti.<\/span><\/li>\n<li><span style=\"font-size: 16px; font-weight: 400;\"><strong>Origine e purezza:<\/strong> Questa resina \u00e8 ottenuta dai fiori di canapa, utilizzando un processo di estrazione meccanica, senza solventi o sostanze chimiche. Questo metodo preserva i tricomi e mantiene intatti i terpeni naturali della pianta, responsabili del suo aroma caratteristico. Fondamentale per chi cerca <strong>CBD economico<\/strong> ma non si vuole compromettere la qualit\u00e0 della <strong>CBD Kiwi Cream Hash 30%.<\/strong><\/span><\/li>\n<\/ul>\n<p>&nbsp;<\/p>\n<h3><b>Perch\u00e9 acquistare hashish e resina di CBD da Iguana Smoke?<\/b><\/h3>\n<p><span style=\"font-weight: 400;\">Noi di Iguana Smoke ci impegniamo per la qualit\u00e0. I nostri prodotti di hashish CBD sono 100% naturali e biologici, senza sostanze chimiche o pesticidi. Ci\u00f2 significa che quando acquistate da noi, scegliete hashish e resine CBD puri e sicuri. Come nel caso dei nostri <strong>h<\/strong><span style=\"font-size: 16px; font-weight: 400;\"><strong>ach\u00eds CBD Crema al kiwi 30%<\/strong><\/span><strong>.<\/strong><\/span><\/p>\n<p><span style=\"font-weight: 400;\">Senza dubbio, questo \u00e8 il luogo sicuro <strong>dove acquistare hashish CBD a basso costo in Spagna<\/strong> poich\u00e9 tutti i nostri prodotti sono approvati dall'UE, a garanzia della loro legalit\u00e0 e sicurezza. Con meno di 0,3 % di THC, il nostro hashish e la nostra resina di CBD permettono di godere dei numerosi benefici del CBD senza gli effetti psicoattivi. <\/span><span style=\"font-weight: 400;\">\u00c8 possibile consultare l'analisi della qualit\u00e0 di questo hashish <a href=\"https:\/\/iguanasmoke.com\/it\/analitica\/\">qui<\/a>.\u00a0<\/span><\/p>\n<p><em><span style=\"font-weight: 400;\">Ricordate: il suo uso \u00e8 destinato al collezionismo o all'aromaterapia secondo la legge spagnola.\u00a0<\/span><\/em><\/p>\n<p><span style=\"font-weight: 400;\">Vi invitiamo a provare le altre nostre resine di CBD, come la <a href=\"https:\/\/iguanasmoke.com\/it\/prodotto\/static-runtz-hash-cbd-40\/\">Runtz statico<\/a> o il <a href=\"https:\/\/iguanasmoke.com\/it\/prodotto\/hash-cbd-frozen-golden-cider\/\">Sidro d'oro congelato Hash CBD<\/a>. Anche se siamo sicuri che il <strong>Crema di kiwi Hash CBD <span style=\"font-size: 16px; font-weight: 400;\">30%<\/span><\/strong>\u00a0lo amerete. Inoltre, non dimenticate di esplorare gli altri prodotti pi\u00f9 venduti, come il <a href=\"https:\/\/iguanasmoke.com\/it\/prodotto\/cbd-vape-iguana-pod-mango\/\">Vapes CBD a spettro completo<\/a> e il <a href=\"https:\/\/iguanasmoke.com\/it\/prodotto\/tartufi-tampanensis\/\">Tartufi <\/a> \u00a1<\/span><span style=\"font-weight: 400;\">Entrate ora e acquistate il vostro preferito!<\/span><\/p>\n<p>&nbsp;<\/p>\n<h3><b>Iguana Smoke \u00e8 sinonimo di qualit\u00e0 e affidabilit\u00e0.<\/b><\/h3>\n<p><span style=\"font-weight: 400;\">Noi di Iguana Smoke crediamo che il consumo di CBD debba essere un'esperienza sicura, accessibile e piacevole. Ecco perch\u00e9 abbiamo prodotti di alta qualit\u00e0 che si rivolgono alle nuove generazioni: persone che cercano un benessere senza complicazioni, con marchi autentici e affidabili. Ricordate che tutti i nostri prodotti sono <strong>Hashish privo di THC con elevato contenuto di CBD<\/strong>, come il <strong>hashish<\/strong> <\/span><span style=\"font-weight: 400;\"><strong>Crema di kiwi al CBD <span style=\"font-size: 16px;\">30% <\/span><\/strong>che state per acquistare.<\/span><\/p>\n<p>In altre parole, la nostra missione \u00e8 chiara: offrirvi il meglio del CBD a un prezzo equo, con la tranquillit\u00e0 di sapere che state scegliendo un prodotto certificato, efficace e legale 100%. Siamo all'avanguardia nel settore dei prodotti a base di CBD.<\/p>\n<p>Avete domande? Scriveteci e saremo lieti di aiutarvi a trovare il prodotto giusto per voi.<\/p>","protected":false},"excerpt":{"rendered":"<p>Esplora il nostro CBD alla crema di kiwi <span style=\"font-weight: 400;\"><span style=\"font-size: 16px; font-weight: 400;\"><strong>30%<\/strong><\/span><\/span>, La resina di CBD si distingue per il suo aroma fruttato di kiwi con note cremose.<\/p>\n<ul>\n<li data-start=\"235\" data-end=\"281\">Consistenza morbida, resinosa e maneggevole<\/li>\n<li data-start=\"284\" data-end=\"312\">Ricco di terpeni naturali<\/li>\n<li data-start=\"315\" data-end=\"355\">Prodotto legale in Spagna: THC &lt;0,3%<\/li>\n<\/ul>\n<p>Analisi della qualit\u00e0: clicca <a href=\"https:\/\/iguanasmoke.com\/it\/analitica\/\">qui<\/a><\/p>","protected":false},"featured_media":81750,"comment_status":"open","ping_status":"closed","template":"","meta":{"_acf_changed":false,"site-sidebar-layout":"default","site-content-layout":"","ast-site-content-layout":"default","site-content-style":"default","site-sidebar-style":"default","ast-global-header-display":"","ast-banner-title-visibility":"","ast-main-header-display":"","ast-hfb-above-header-display":"","ast-hfb-below-header-display":"","ast-hfb-mobile-header-display":"","site-post-title":"","ast-breadcrumbs-content":"","ast-featured-img":"","footer-sml-layout":"","theme-transparent-header-meta":"default","adv-header-id-meta":"","stick-header-meta":"","header-above-stick-meta":"","header-main-stick-meta":"","header-below-stick-meta":"","astra-migrate-meta-layouts":"set","ast-page-background-enabled":"default","ast-page-background-meta":{"desktop":{"background-color":"var(--ast-global-color-4)","background-image":"","background-repeat":"repeat","background-position":"center center","background-size":"auto","background-attachment":"scroll","background-type":"","background-media":"","overlay-type":"","overlay-color":"","overlay-opacity":"","overlay-gradient":""},"tablet":{"background-color":"","background-image":"","background-repeat":"repeat","background-position":"center center","background-size":"auto","background-attachment":"scroll","background-type":"","background-media":"","overlay-type":"","overlay-color":"","overlay-opacity":"","overlay-gradient":""},"mobile":{"background-color":"","background-image":"","background-repeat":"repeat","background-position":"center center","background-size":"auto","background-attachment":"scroll","background-type":"","background-media":"","overlay-type":"","overlay-color":"","overlay-opacity":"","overlay-gradient":""}},"ast-content-background-meta":{"desktop":{"background-color":"var(--ast-global-color-5)","background-image":"","background-repeat":"repeat","background-position":"center center","background-size":"auto","background-attachment":"scroll","background-type":"","background-media":"","overlay-type":"","overlay-color":"","overlay-opacity":"","overlay-gradient":""},"tablet":{"background-color":"var(--ast-global-color-5)","background-image":"","background-repeat":"repeat","background-position":"center center","background-size":"auto","background-attachment":"scroll","background-type":"","background-media":"","overlay-type":"","overlay-color":"","overlay-opacity":"","overlay-gradient":""},"mobile":{"background-color":"var(--ast-global-color-5)","background-image":"","background-repeat":"repeat","background-position":"center center","background-size":"auto","background-attachment":"scroll","background-type":"","background-media":"","overlay-type":"","overlay-color":"","overlay-opacity":"","overlay-gradient":""}}},"product_brand":[],"product_cat":[397],"product_tag":[],"class_list":{"0":"post-61011","1":"product","2":"type-product","3":"status-publish","4":"has-post-thumbnail","6":"product_cat-hash-cbd","7":"desktop-align-center","8":"tablet-align-center","9":"mobile-align-center","11":"first","12":"instock","13":"taxable","14":"shipping-taxable","15":"purchasable","16":"product-type-variable"},"acf":[],"yoast_head":"<!-- This site is optimized with the Yoast SEO Premium plugin v27.3 (Yoast SEO v27.3) - https:\/\/yoast.com\/product\/yoast-seo-premium-wordpress\/ -->\n<title>Hash CBD Kiwi Cream 30%: Aroma Frutal y cremoso| Iguana Smoke<\/title>\n<meta name=\"description\" content=\"Descubre el hach\u00eds CBD Kiwi Cream, tu hash CBD premium con aroma frutal y textura suave: Tu Hash sin THC con alto contenido en CBD 100% legal en Espa\u00f1a.\" \/>\n<meta name=\"robots\" content=\"index, follow, max-snippet:-1, max-image-preview:large, max-video-preview:-1\" \/>\n<link rel=\"canonical\" href=\"https:\/\/iguanasmoke.com\/it\/prodotto\/crema-di-hash-cbd-al-kiwi\/\" \/>\n<meta property=\"og:locale\" content=\"it_IT\" \/>\n<meta property=\"og:type\" content=\"article\" \/>\n<meta property=\"og:title\" content=\"Hash CBD Kiwi Cream 30%\" \/>\n<meta property=\"og:description\" content=\"Explora nuestro Kiwi Cream CBD 30%, una resina CBD que destaca por su aroma afrutado a kiwi con notas cremosas.   Textura suave, resinosa y f\u00e1cil de manipular  Rico en terpenos naturales  Producto legal en Espa\u00f1a: THC &lt;0,3%  An\u00e1lisis de calidad: pincha aqu\u00ed\" \/>\n<meta property=\"og:url\" content=\"https:\/\/iguanasmoke.com\/it\/prodotto\/crema-di-hash-cbd-al-kiwi\/\" \/>\n<meta property=\"og:site_name\" content=\"Iguana Smoke\" \/>\n<meta property=\"article:publisher\" content=\"https:\/\/www.facebook.com\/iguanasmoke\" \/>\n<meta property=\"article:modified_time\" content=\"2026-03-19T14:31:33+00:00\" \/>\n<meta property=\"og:image\" content=\"https:\/\/iguanasmoke.com\/wp-content\/uploads\/2025\/07\/Kiwi-2g-con-hash.webp\" \/>\n\t<meta property=\"og:image:width\" content=\"1000\" \/>\n\t<meta property=\"og:image:height\" content=\"1000\" \/>\n\t<meta property=\"og:image:type\" content=\"image\/webp\" \/>\n<meta name=\"twitter:card\" content=\"summary_large_image\" \/>\n<meta name=\"twitter:label1\" content=\"Disponibilit\u00e0\" \/>\n\t<meta name=\"twitter:data1\" content=\"In stock\" \/>\n<meta property=\"product:brand\" content=\"variable\" \/>\n<meta property=\"og:availability\" content=\"instock\" \/>\n<meta property=\"product:availability\" content=\"instock\" \/>\n<meta property=\"product:condition\" content=\"new\" \/>\n<!-- \/ Yoast SEO Premium plugin. -->","yoast_head_json":{"title":"Hash CBD Kiwi Cream 30%: aroma fruttato e cremoso| Iguana Smoke","description":"Scoprite il Kiwi Cream CBD Hash, il vostro hashish CBD premium dall'aroma fruttato e dalla consistenza morbida: il vostro hashish senza THC con un alto contenuto di CBD 100% legale in Spagna.","robots":{"index":"index","follow":"follow","max-snippet":"max-snippet:-1","max-image-preview":"max-image-preview:large","max-video-preview":"max-video-preview:-1"},"canonical":"https:\/\/iguanasmoke.com\/it\/prodotto\/crema-di-hash-cbd-al-kiwi\/","og_locale":"it_IT","og_type":"article","og_title":"Hash CBD Kiwi Cream 30%","og_description":"Explora nuestro Kiwi Cream CBD 30%, una resina CBD que destaca por su aroma afrutado a kiwi con notas cremosas.   Textura suave, resinosa y f\u00e1cil de manipular  Rico en terpenos naturales  Producto legal en Espa\u00f1a: THC &lt;0,3%  An\u00e1lisis de calidad: pincha aqu\u00ed","og_url":"https:\/\/iguanasmoke.com\/it\/prodotto\/crema-di-hash-cbd-al-kiwi\/","og_site_name":"Iguana Smoke","article_publisher":"https:\/\/www.facebook.com\/iguanasmoke","article_modified_time":"2026-03-19T14:31:33+00:00","og_image":[{"width":1000,"height":1000,"url":"https:\/\/iguanasmoke.com\/wp-content\/uploads\/2025\/07\/Kiwi-2g-con-hash.webp","type":"image\/webp"}],"twitter_card":"summary_large_image","twitter_misc":{"Disponibilit\u00e0":"In stock"},"schema":{"@context":"https:\/\/schema.org","@graph":[{"@type":"WebPage","@id":"https:\/\/iguanasmoke.com\/producto\/hash-cbd-kiwi-cream\/","url":"https:\/\/iguanasmoke.com\/producto\/hash-cbd-kiwi-cream\/","name":"Hash CBD Kiwi Cream 30%: aroma fruttato e cremoso| Iguana Smoke","isPartOf":{"@id":"https:\/\/iguanasmoke.com\/#website"},"primaryImageOfPage":{"@id":"https:\/\/iguanasmoke.com\/producto\/hash-cbd-kiwi-cream\/#primaryimage"},"image":{"@id":"https:\/\/iguanasmoke.com\/producto\/hash-cbd-kiwi-cream\/#primaryimage"},"thumbnailUrl":"https:\/\/iguanasmoke.com\/wp-content\/uploads\/2025\/07\/Kiwi-2g-con-hash.webp","datePublished":"2025-07-14T17:50:53+00:00","dateModified":"2026-03-19T14:31:33+00:00","description":"Scoprite il Kiwi Cream CBD Hash, il vostro hashish CBD premium dall'aroma fruttato e dalla consistenza morbida: il vostro hashish senza THC con un alto contenuto di CBD 100% legale in Spagna.","breadcrumb":{"@id":"https:\/\/iguanasmoke.com\/producto\/hash-cbd-kiwi-cream\/#breadcrumb"},"inLanguage":"it-IT","potentialAction":[{"@type":"ReadAction","target":["https:\/\/iguanasmoke.com\/producto\/hash-cbd-kiwi-cream\/"]}]},{"@type":"ImageObject","inLanguage":"it-IT","@id":"https:\/\/iguanasmoke.com\/producto\/hash-cbd-kiwi-cream\/#primaryimage","url":"https:\/\/iguanasmoke.com\/wp-content\/uploads\/2025\/07\/Kiwi-2g-con-hash.webp","contentUrl":"https:\/\/iguanasmoke.com\/wp-content\/uploads\/2025\/07\/Kiwi-2g-con-hash.webp","width":1000,"height":1000,"caption":"Hash CBD Kiwi Cream 2g"},{"@type":"BreadcrumbList","@id":"https:\/\/iguanasmoke.com\/producto\/hash-cbd-kiwi-cream\/#breadcrumb","itemListElement":[{"@type":"ListItem","position":1,"name":"home","item":"https:\/\/iguanasmoke.com\/"},{"@type":"ListItem","position":2,"name":"Tienda","item":"https:\/\/iguanasmoke.com\/tienda\/"},{"@type":"ListItem","position":3,"name":"Hash CBD","item":"https:\/\/iguanasmoke.com\/categoria\/hash-cbd\/"},{"@type":"ListItem","position":4,"name":"Hash CBD Kiwi Cream 30%"}]},{"@type":"WebSite","@id":"https:\/\/iguanasmoke.com\/#website","url":"https:\/\/iguanasmoke.com\/","name":"Fumo di iguana","description":"Acquistare CBD online al miglior prezzo","publisher":{"@id":"https:\/\/iguanasmoke.com\/#organization"},"potentialAction":[{"@type":"SearchAction","target":{"@type":"EntryPoint","urlTemplate":"https:\/\/iguanasmoke.com\/?s={search_term_string}"},"query-input":{"@type":"PropertyValueSpecification","valueRequired":true,"valueName":"search_term_string"}}],"inLanguage":"it-IT"},{"@type":"Organization","@id":"https:\/\/iguanasmoke.com\/#organization","name":"Fumo di iguana","url":"https:\/\/iguanasmoke.com\/","logo":{"@type":"ImageObject","inLanguage":"it-IT","@id":"https:\/\/iguanasmoke.com\/#\/schema\/logo\/image\/","url":"https:\/\/iguanasmoke.com\/wp-content\/uploads\/2025\/01\/logoiguana-favi-1.png","contentUrl":"https:\/\/iguanasmoke.com\/wp-content\/uploads\/2025\/01\/logoiguana-favi-1.png","width":512,"height":512,"caption":"Iguana Smoke"},"image":{"@id":"https:\/\/iguanasmoke.com\/#\/schema\/logo\/image\/"},"sameAs":["https:\/\/www.facebook.com\/iguanasmoke","https:\/\/www.instagram.com\/iguanasmoke\/"]}]},"product_brand":"variable","og_availability":"instock","product_availability":"instock","product_condition":"new"},"_links":{"self":[{"href":"https:\/\/iguanasmoke.com\/it\/wp-json\/wp\/v2\/product\/61011","targetHints":{"allow":["GET"]}}],"collection":[{"href":"https:\/\/iguanasmoke.com\/it\/wp-json\/wp\/v2\/product"}],"about":[{"href":"https:\/\/iguanasmoke.com\/it\/wp-json\/wp\/v2\/types\/product"}],"replies":[{"embeddable":true,"href":"https:\/\/iguanasmoke.com\/it\/wp-json\/wp\/v2\/comments?post=61011"}],"wp:featuredmedia":[{"embeddable":true,"href":"https:\/\/iguanasmoke.com\/it\/wp-json\/wp\/v2\/media\/81750"}],"wp:attachment":[{"href":"https:\/\/iguanasmoke.com\/it\/wp-json\/wp\/v2\/media?parent=61011"}],"wp:term":[{"taxonomy":"product_brand","embeddable":true,"href":"https:\/\/iguanasmoke.com\/it\/wp-json\/wp\/v2\/product_brand?post=61011"},{"taxonomy":"product_cat","embeddable":true,"href":"https:\/\/iguanasmoke.com\/it\/wp-json\/wp\/v2\/product_cat?post=61011"},{"taxonomy":"product_tag","embeddable":true,"href":"https:\/\/iguanasmoke.com\/it\/wp-json\/wp\/v2\/product_tag?post=61011"}],"curies":[{"name":"wp","href":"https:\/\/api.w.org\/{rel}","templated":true}]}}