{"id":61044,"date":"2025-07-14T19:51:25","date_gmt":"2025-07-14T17:51:25","guid":{"rendered":"https:\/\/iguanasmoke.com\/?post_type=product&#038;p=61044"},"modified":"2026-03-19T15:24:24","modified_gmt":"2026-03-19T14:24:24","slug":"hashish-di-cbd-a-triplo-filtro","status":"publish","type":"product","link":"https:\/\/iguanasmoke.com\/it\/producto\/hash-cbd-triple-filtrado\/","title":{"rendered":"Hash CBD Triplo filtrato 40%"},"content":{"rendered":"<h1><span style=\"font-weight: 400;\">Hash CBD Triplo Filtrato 40%: Puro e Raffinato<\/span><\/h1>\n<p><span style=\"font-weight: 400;\">Vi presentiamo uno dei nostri hashish pi\u00f9 raffinati della famiglia Iguana Smoke: <strong>Hash CBD Triplo Filtro 40%.<\/strong>\u00a0 Questa resina \u00e8 il risultato di una precisa lavorazione artigianale e di un processo di <strong>lavorazione e purificazione di alto livello<\/strong>. Grazie alla sua <strong>tre stadi di filtraggio<\/strong>, Il risultato \u00e8 un aroma intenso che trasmette qualit\u00e0 fin dal primo momento. Se state cercando di acquistare hashish CBD online, questo \u00e8 il caso.<\/span><\/p>\n<p><span style=\"font-weight: 400;\">Questo CBD Hashish a triplo filtro vi offre una sensazionale <strong>rilassamento e calma profondi<\/strong>, Questo lo rende una potente resina per la vostra routine notturna o per quei momenti in cui avete bisogno di un po' di pace e tranquillit\u00e0 in pi\u00f9. \u00c8 proprio per coloro che apprezzano la purezza e l'esperienza: <strong>la sua combustione \u00e8 pulita<\/strong>, La sua ricca presenza di terpeni e la sua sensazione rilassante vi faranno godere senza note aspre e senza disagio durante l'uso.<\/span><\/p>\n<p><span style=\"font-weight: 400;\">Inoltre ha meno di 0,3% di THC, quindi questo hashish \u00e8 <strong>legale in Spagna e in Europa<\/strong>. Esplorate la sua consistenza e assaporate i suoi aromi! Scoprite perch\u00e9 il CBD Triplo Filtrato 40%<strong>\u00a0<\/strong>\u00e8 una delle resine pi\u00f9 pure e di pi\u00f9 alta qualit\u00e0 che si possano trovare se si vuole <strong>hashish CBD a basso costo<\/strong> ma premium.<\/span><\/p>\n<p>&nbsp;<\/p>\n<h2>Caratteristiche dell'Hash CBD a triplo filtro:<\/h2>\n<ul>\n<li><b>Aspetto e consistenza: <span style=\"font-size: 16px; font-weight: 400;\">godetevi la sua consistenza <strong>raffinato e setoso<\/strong> sulle dita. L'attraente tonalit\u00e0 marrone dorato lo rende speciale.<\/span><\/b><\/li>\n<li><span style=\"font-size: 16px; font-weight: 400;\"><strong>Aroma e gusto:<\/strong> con un aroma complesso, si distinguono n<strong>aromi terrosi, agrumati e legnosi.<\/strong> che riflette la sua ricchezza in terpeni naturali come: limonene, mircene e beta-cariofillene.\u00a0<\/span><\/li>\n<li><strong>Origine e purezza:<\/strong><span style=\"font-size: 16px; font-weight: 400;\"> \u00e8 prodotto con un avanzato processo di estrazione dal fiore della canapa: il <strong>processo di tripla filtrazione<\/strong> da cui deriva il suo nome. Il risultato \u00e8 un <strong>hashish puro, potente e raffinato<\/strong>. Inoltre, non contiene sostanze chimiche e garantisce un'esperienza pulita e sicura. Ideale per sessioni delicate, dosaggio preciso ed esperienza premium.<\/span><\/li>\n<\/ul>\n<h3><\/h3>\n<p>&nbsp;<\/p>\n<h3><b>Perch\u00e9 acquistare hashish CBD a triplo filtro da Iguana Smoke?<\/b><\/h3>\n<p><span style=\"font-weight: 400;\">Noi di Iguana Smoke ci impegniamo per la qualit\u00e0. I nostri prodotti a base di CBD sono 100% naturali e biologici, senza sostanze chimiche o pesticidi. Ci\u00f2 significa che quando acquistate da noi, state scegliendo <strong>resina e hashish CBD puro e sicuro<\/strong>. Come nel caso del nostro CBD hashish a triplo filtro 40%.<strong>.<\/strong><\/span><\/p>\n<p><span style=\"font-weight: 400;\">Questo \u00e8 il luogo sicuro per <strong>acquistare hashish CBD online in Spagna.<\/strong> Tutti i nostri prodotti sono approvati dall'UE, a garanzia della loro legalit\u00e0 e sicurezza. Con meno di 0,3 % di THC, \u00e8 possibile godere dei numerosi benefici del CBD senza gli effetti psicoattivi. Il nostro <strong>CBD hashish senza THC con alto contenuto di CBD<\/strong> soddisfa gli standard di qualit\u00e0, la cui analisi \u00e8 disponibile all'indirizzo<\/span><span style=\"font-weight: 400;\">\u00a0<a href=\"https:\/\/iguanasmoke.com\/it\/analitica\/\">qui<\/a>.\u00a0<\/span><\/p>\n<p><em><span style=\"font-weight: 400;\">*Nota bene: il suo utilizzo \u00e8 destinato alla raccolta o all'aromaterapia secondo la legge spagnola.\u00a0<\/span><\/em><\/p>\n<p><span style=\"font-weight: 400;\">Inoltre, se amate le nostre resine CBD pi\u00f9 tradizionali come la <a href=\"https:\/\/iguanasmoke.com\/it\/prodotto\/hash-cbd-frozen-golden-cider\/\">sidro d'oro congelato<\/a> o il <a href=\"https:\/\/iguanasmoke.com\/it\/prodotto\/blonde-hash-cbd-20\/\">hashish CBD Biondo<\/a>,tu <\/span><span style=\"font-weight: 400;\">ci assicuriamo che il <strong>Hash CBD Triplo Filtrato 40%<\/strong>\u00a0ve ne innamorerete. Inoltre, non dimenticate di provare altri <strong>Prodotti TOP<\/strong> come <a href=\"https:\/\/iguanasmoke.com\/it\/prodotto\/kit-iguana-power-cartucho-de-stv-sativanol-2ml\/\">Kit batteria + cartucce STV<\/a> o il <a href=\"https:\/\/iguanasmoke.com\/it\/cbd-vaper\/\">Vapori di CBD<\/a>. <\/span><span style=\"font-weight: 400;\">In breve, esplorate la nostra variet\u00e0 e trovate subito i vostri preferiti.\u00a0<\/span><\/p>\n<p>&nbsp;<\/p>\n<h3><b>Iguana Smoke \u00e8 sinonimo di qualit\u00e0 e affidabilit\u00e0.<\/b><\/h3>\n<p><span style=\"font-weight: 400;\">Noi di Iguana Smoke crediamo che il consumo di CBD debba essere un'esperienza sicura e piacevole. Ecco perch\u00e9 abbiamo prodotti di alta qualit\u00e0 che si rivolgono alle nuove generazioni: persone che cercano un benessere senza complicazioni, con marchi autentici e affidabili. Ricordate che tutti i nostri prodotti sono <strong>Hashish di CBD senza THC<\/strong>, come il <strong>Hash CBD Triplo Filtrato 40% <\/strong>che si intende acquistare.<\/span><\/p>\n<p>La nostra missione \u00e8 chiara: offrirvi il meglio del mondo dei cannabinoidi a un prezzo equo, con la tranquillit\u00e0 che deriva dalla consapevolezza di scegliere un prodotto certificato, efficace e legale. Siamo all'avanguardia nei prodotti a base di CBD.<\/p>\n<p>Ancora dubbi? Scriveteci e saremo lieti di aiutarvi a trovare il prodotto giusto per voi.<\/p>","protected":false},"excerpt":{"rendered":"<p><span style=\"font-weight: 400;\">Godetevi i molteplici benefici del CBD hashish con triplo filtro, grazie alla sua massima purezza, alla consistenza morbida e agli intensi aromi di terpene:<\/span><\/p>\n<ul>\n<li data-start=\"261\" data-end=\"305\">Ad alto contenuto di CBD e terpeni naturali<\/li>\n<li data-start=\"308\" data-end=\"342\">Coltivazione controllata e priva di sostanze chimiche<\/li>\n<li data-start=\"345\" data-end=\"376\">100% Legale in Spagna (THC &lt;0,3 %)<\/li>\n<\/ul>\n<p>Analisi della qualit\u00e0: clicca\u00a0<a href=\"https:\/\/iguanasmoke.com\/it\/analitica\/\" target=\"_blank\" rel=\"noopener\">qui<\/a><\/p>","protected":false},"featured_media":81738,"comment_status":"open","ping_status":"closed","template":"","meta":{"_acf_changed":false,"site-sidebar-layout":"default","site-content-layout":"","ast-site-content-layout":"default","site-content-style":"default","site-sidebar-style":"default","ast-global-header-display":"","ast-banner-title-visibility":"","ast-main-header-display":"","ast-hfb-above-header-display":"","ast-hfb-below-header-display":"","ast-hfb-mobile-header-display":"","site-post-title":"","ast-breadcrumbs-content":"","ast-featured-img":"","footer-sml-layout":"","theme-transparent-header-meta":"default","adv-header-id-meta":"","stick-header-meta":"","header-above-stick-meta":"","header-main-stick-meta":"","header-below-stick-meta":"","astra-migrate-meta-layouts":"set","ast-page-background-enabled":"default","ast-page-background-meta":{"desktop":{"background-color":"var(--ast-global-color-4)","background-image":"","background-repeat":"repeat","background-position":"center center","background-size":"auto","background-attachment":"scroll","background-type":"","background-media":"","overlay-type":"","overlay-color":"","overlay-opacity":"","overlay-gradient":""},"tablet":{"background-color":"","background-image":"","background-repeat":"repeat","background-position":"center center","background-size":"auto","background-attachment":"scroll","background-type":"","background-media":"","overlay-type":"","overlay-color":"","overlay-opacity":"","overlay-gradient":""},"mobile":{"background-color":"","background-image":"","background-repeat":"repeat","background-position":"center center","background-size":"auto","background-attachment":"scroll","background-type":"","background-media":"","overlay-type":"","overlay-color":"","overlay-opacity":"","overlay-gradient":""}},"ast-content-background-meta":{"desktop":{"background-color":"var(--ast-global-color-5)","background-image":"","background-repeat":"repeat","background-position":"center center","background-size":"auto","background-attachment":"scroll","background-type":"","background-media":"","overlay-type":"","overlay-color":"","overlay-opacity":"","overlay-gradient":""},"tablet":{"background-color":"var(--ast-global-color-5)","background-image":"","background-repeat":"repeat","background-position":"center center","background-size":"auto","background-attachment":"scroll","background-type":"","background-media":"","overlay-type":"","overlay-color":"","overlay-opacity":"","overlay-gradient":""},"mobile":{"background-color":"var(--ast-global-color-5)","background-image":"","background-repeat":"repeat","background-position":"center center","background-size":"auto","background-attachment":"scroll","background-type":"","background-media":"","overlay-type":"","overlay-color":"","overlay-opacity":"","overlay-gradient":""}}},"product_brand":[],"product_cat":[397],"product_tag":[],"class_list":{"0":"post-61044","1":"product","2":"type-product","3":"status-publish","4":"has-post-thumbnail","6":"product_cat-hash-cbd","7":"desktop-align-center","8":"tablet-align-center","9":"mobile-align-center","11":"first","12":"instock","13":"taxable","14":"shipping-taxable","15":"purchasable","16":"product-type-variable"},"acf":[],"yoast_head":"<!-- This site is optimized with the Yoast SEO Premium plugin v27.3 (Yoast SEO v27.3) - https:\/\/yoast.com\/product\/yoast-seo-premium-wordpress\/ -->\n<title>Hash CBD Triple Filtrado: tres fases de refinado | Iguana Smoke<\/title>\n<meta name=\"description\" content=\"Experimenta el hash CBD Triple Filtrado: Su textura limpia y aroma intenso te sorprender\u00e1n desde el primer momento. \u00a1Prueba y compra hach\u00eds CBD online ya!\" \/>\n<meta name=\"robots\" content=\"index, follow, max-snippet:-1, max-image-preview:large, max-video-preview:-1\" \/>\n<link rel=\"canonical\" href=\"https:\/\/iguanasmoke.com\/it\/prodotto\/hashish-di-cbd-a-triplo-filtro\/\" \/>\n<meta property=\"og:locale\" content=\"it_IT\" \/>\n<meta property=\"og:type\" content=\"article\" \/>\n<meta property=\"og:title\" content=\"Hash CBD Triple filtrado 40%\" \/>\n<meta property=\"og:description\" content=\"Disfruta de los m\u00faltiples beneficios del hash CBD Triple Filtrado con su m\u00e1xima pureza, textura suave y aromas intensos y terp\u00e9nicos:   Alto contenido en CBD y terpenos naturales  Cultivo controlado, sin qu\u00edmicos  100% Legal en Espa\u00f1a (THC &lt;0,3\u202f%)  An\u00e1lisis de calidad: pincha\u00a0aqu\u00ed\" \/>\n<meta property=\"og:url\" content=\"https:\/\/iguanasmoke.com\/it\/prodotto\/hashish-di-cbd-a-triplo-filtro\/\" \/>\n<meta property=\"og:site_name\" content=\"Iguana Smoke\" \/>\n<meta property=\"article:publisher\" content=\"https:\/\/www.facebook.com\/iguanasmoke\" \/>\n<meta property=\"article:modified_time\" content=\"2026-03-19T14:24:24+00:00\" \/>\n<meta property=\"og:image\" content=\"https:\/\/iguanasmoke.com\/wp-content\/uploads\/2025\/07\/Filtrado-2g-con-hash.png\" \/>\n\t<meta property=\"og:image:width\" content=\"1000\" \/>\n\t<meta property=\"og:image:height\" content=\"1000\" \/>\n\t<meta property=\"og:image:type\" content=\"image\/png\" \/>\n<meta name=\"twitter:card\" content=\"summary_large_image\" \/>\n<meta name=\"twitter:label1\" content=\"Disponibilit\u00e0\" \/>\n\t<meta name=\"twitter:data1\" content=\"In stock\" \/>\n<meta property=\"product:brand\" content=\"variable\" \/>\n<meta property=\"og:availability\" content=\"instock\" \/>\n<meta property=\"product:availability\" content=\"instock\" \/>\n<meta property=\"product:condition\" content=\"new\" \/>\n<!-- \/ Yoast SEO Premium plugin. -->","yoast_head_json":{"title":"Hash CBD Triplo Filtro: tre fasi di raffinazione : Iguana Smoke","description":"Provate il CBD hashish con triplo filtro: la sua consistenza pulita e il suo aroma intenso vi sorprenderanno dal primo momento in cui lo proverete e comprate subito il CBD hashish online!","robots":{"index":"index","follow":"follow","max-snippet":"max-snippet:-1","max-image-preview":"max-image-preview:large","max-video-preview":"max-video-preview:-1"},"canonical":"https:\/\/iguanasmoke.com\/it\/prodotto\/hashish-di-cbd-a-triplo-filtro\/","og_locale":"it_IT","og_type":"article","og_title":"Hash CBD Triple filtrado 40%","og_description":"Disfruta de los m\u00faltiples beneficios del hash CBD Triple Filtrado con su m\u00e1xima pureza, textura suave y aromas intensos y terp\u00e9nicos:   Alto contenido en CBD y terpenos naturales  Cultivo controlado, sin qu\u00edmicos  100% Legal en Espa\u00f1a (THC &lt;0,3\u202f%)  An\u00e1lisis de calidad: pincha\u00a0aqu\u00ed","og_url":"https:\/\/iguanasmoke.com\/it\/prodotto\/hashish-di-cbd-a-triplo-filtro\/","og_site_name":"Iguana Smoke","article_publisher":"https:\/\/www.facebook.com\/iguanasmoke","article_modified_time":"2026-03-19T14:24:24+00:00","og_image":[{"width":1000,"height":1000,"url":"https:\/\/iguanasmoke.com\/wp-content\/uploads\/2025\/07\/Filtrado-2g-con-hash.png","type":"image\/png"}],"twitter_card":"summary_large_image","twitter_misc":{"Disponibilit\u00e0":"In stock"},"schema":{"@context":"https:\/\/schema.org","@graph":[{"@type":"WebPage","@id":"https:\/\/iguanasmoke.com\/producto\/hash-cbd-triple-filtrado\/","url":"https:\/\/iguanasmoke.com\/producto\/hash-cbd-triple-filtrado\/","name":"Hash CBD Triplo Filtro: tre fasi di raffinazione : Iguana Smoke","isPartOf":{"@id":"https:\/\/iguanasmoke.com\/#website"},"primaryImageOfPage":{"@id":"https:\/\/iguanasmoke.com\/producto\/hash-cbd-triple-filtrado\/#primaryimage"},"image":{"@id":"https:\/\/iguanasmoke.com\/producto\/hash-cbd-triple-filtrado\/#primaryimage"},"thumbnailUrl":"https:\/\/iguanasmoke.com\/wp-content\/uploads\/2025\/07\/Filtrado-2g-con-hash.png","datePublished":"2025-07-14T17:51:25+00:00","dateModified":"2026-03-19T14:24:24+00:00","description":"Provate il CBD hashish con triplo filtro: la sua consistenza pulita e il suo aroma intenso vi sorprenderanno dal primo momento in cui lo proverete e comprate subito il CBD hashish online!","breadcrumb":{"@id":"https:\/\/iguanasmoke.com\/producto\/hash-cbd-triple-filtrado\/#breadcrumb"},"inLanguage":"it-IT","potentialAction":[{"@type":"ReadAction","target":["https:\/\/iguanasmoke.com\/producto\/hash-cbd-triple-filtrado\/"]}]},{"@type":"ImageObject","inLanguage":"it-IT","@id":"https:\/\/iguanasmoke.com\/producto\/hash-cbd-triple-filtrado\/#primaryimage","url":"https:\/\/iguanasmoke.com\/wp-content\/uploads\/2025\/07\/Filtrado-2g-con-hash.png","contentUrl":"https:\/\/iguanasmoke.com\/wp-content\/uploads\/2025\/07\/Filtrado-2g-con-hash.png","width":1000,"height":1000,"caption":"Hash CBD Triple Filtrado 2g"},{"@type":"BreadcrumbList","@id":"https:\/\/iguanasmoke.com\/producto\/hash-cbd-triple-filtrado\/#breadcrumb","itemListElement":[{"@type":"ListItem","position":1,"name":"home","item":"https:\/\/iguanasmoke.com\/"},{"@type":"ListItem","position":2,"name":"Tienda","item":"https:\/\/iguanasmoke.com\/tienda\/"},{"@type":"ListItem","position":3,"name":"Hash CBD","item":"https:\/\/iguanasmoke.com\/categoria\/hash-cbd\/"},{"@type":"ListItem","position":4,"name":"Hash CBD Triple filtrado 40%"}]},{"@type":"WebSite","@id":"https:\/\/iguanasmoke.com\/#website","url":"https:\/\/iguanasmoke.com\/","name":"Fumo di iguana","description":"Acquistare CBD online al miglior prezzo","publisher":{"@id":"https:\/\/iguanasmoke.com\/#organization"},"potentialAction":[{"@type":"SearchAction","target":{"@type":"EntryPoint","urlTemplate":"https:\/\/iguanasmoke.com\/?s={search_term_string}"},"query-input":{"@type":"PropertyValueSpecification","valueRequired":true,"valueName":"search_term_string"}}],"inLanguage":"it-IT"},{"@type":"Organization","@id":"https:\/\/iguanasmoke.com\/#organization","name":"Fumo di iguana","url":"https:\/\/iguanasmoke.com\/","logo":{"@type":"ImageObject","inLanguage":"it-IT","@id":"https:\/\/iguanasmoke.com\/#\/schema\/logo\/image\/","url":"https:\/\/iguanasmoke.com\/wp-content\/uploads\/2025\/01\/logoiguana-favi-1.png","contentUrl":"https:\/\/iguanasmoke.com\/wp-content\/uploads\/2025\/01\/logoiguana-favi-1.png","width":512,"height":512,"caption":"Iguana Smoke"},"image":{"@id":"https:\/\/iguanasmoke.com\/#\/schema\/logo\/image\/"},"sameAs":["https:\/\/www.facebook.com\/iguanasmoke","https:\/\/www.instagram.com\/iguanasmoke\/"]}]},"product_brand":"variable","og_availability":"instock","product_availability":"instock","product_condition":"new"},"_links":{"self":[{"href":"https:\/\/iguanasmoke.com\/it\/wp-json\/wp\/v2\/product\/61044","targetHints":{"allow":["GET"]}}],"collection":[{"href":"https:\/\/iguanasmoke.com\/it\/wp-json\/wp\/v2\/product"}],"about":[{"href":"https:\/\/iguanasmoke.com\/it\/wp-json\/wp\/v2\/types\/product"}],"replies":[{"embeddable":true,"href":"https:\/\/iguanasmoke.com\/it\/wp-json\/wp\/v2\/comments?post=61044"}],"wp:featuredmedia":[{"embeddable":true,"href":"https:\/\/iguanasmoke.com\/it\/wp-json\/wp\/v2\/media\/81738"}],"wp:attachment":[{"href":"https:\/\/iguanasmoke.com\/it\/wp-json\/wp\/v2\/media?parent=61044"}],"wp:term":[{"taxonomy":"product_brand","embeddable":true,"href":"https:\/\/iguanasmoke.com\/it\/wp-json\/wp\/v2\/product_brand?post=61044"},{"taxonomy":"product_cat","embeddable":true,"href":"https:\/\/iguanasmoke.com\/it\/wp-json\/wp\/v2\/product_cat?post=61044"},{"taxonomy":"product_tag","embeddable":true,"href":"https:\/\/iguanasmoke.com\/it\/wp-json\/wp\/v2\/product_tag?post=61044"}],"curies":[{"name":"wp","href":"https:\/\/api.w.org\/{rel}","templated":true}]}}