{"id":61045,"date":"2025-07-15T19:11:46","date_gmt":"2025-07-15T17:11:46","guid":{"rendered":"https:\/\/iguanasmoke.com\/?post_type=product&#038;p=61045"},"modified":"2026-03-19T15:28:52","modified_gmt":"2026-03-19T14:28:52","slug":"sidro-congelato-di-hashish-cbd","status":"publish","type":"product","link":"https:\/\/iguanasmoke.com\/it\/producto\/hash-cbd-frozen-cider\/","title":{"rendered":"Hash CBD Sidro d'oro congelato 61%"},"content":{"rendered":"<h1><span style=\"font-weight: 400;\">Hash CBD Frozen Golden Cider 61%: purezza congelata con effetto profondo<\/span><\/h1>\n<p><span style=\"font-weight: 400;\">Il <strong>CBD Sidro d'oro congelato hashish<\/strong> si distingue per il suo impressionante contenuto di CBD, che arriva fino a <strong>61% en total (56%CBD + 5%CBD-A)<\/strong>, insieme ad un <strong>0,4% di CBG<\/strong>. Questa potente concentrazione lo rende una scelta ideale per chi \u00e8 alla ricerca di un <strong>effetto rilassante potente e duraturo<\/strong>. Inoltre, questa variet\u00e0 \u00e8 riconosciuta nel mondo dei cannabinoidi, il <strong>sidro d'oro congelato CBD<\/strong> si distingue per i suoi effetti unici.\u00a0<\/span><\/p>\n<p><span style=\"font-weight: 400;\">Questo hash \u00e8 composto da <strong>fiori di canapa congelati<\/strong> subito dopo il raccolto per preservare i cannabinoidi e i terpeni grazie alla tecnica del Frozen Extract. Utilizzo del metodo \u201cFrozen Extract\u201c<strong>hashish con acqua ghiacciata<\/strong>\u201do estrazione con acqua ghiacciata, che consiste nell'agitare i fiori congelati in acqua ghiacciata per separare le sostanze <strong>tricomi <\/strong>(piccole ghiandole piene di resina che contengono CBD e altri composti attivi) e pressato per creare un <strong>hashish puro e potente<\/strong>. <\/span><\/p>\n<p><span style=\"font-weight: 400;\">A volte la tecnica viene applicata <em>colofonia<\/em>, che estrae la resina senza solventi utilizzando calore e pressione, per un'estrazione ancora pi\u00f9 pulita.\u00a0<\/span><\/p>\n<p><span style=\"font-weight: 400;\">Inoltre ha meno di 0,3% di THC, quindi questo hashish \u00e8 <strong>legale in Spagna e in Europa<\/strong>. Esplorate la sua consistenza e assaporate i suoi aromi! Scoprite perch\u00e9 il <strong>Hash CBD Sidro d'oro congelato 61% <\/strong>\u00e8 una delle resine pi\u00f9 resistenti e di alta qualit\u00e0 che si possano trovare se si vuole <strong>hashish CBD a basso costo<\/strong> ma premium.<\/span><\/p>\n<p>&nbsp;<\/p>\n<h2>Caratteristiche del sidro d'oro congelato Hash CBD:<\/h2>\n<ul>\n<li><b>Aspetto e consistenza: <span style=\"font-size: 16px; font-weight: 400;\">si distingue per il suo colore dorato, <strong>consistenza cristallina e compatta<\/strong>. Quando viene riscaldato, si scioglie delicatamente, rilasciando una <strong>fumo denso<\/strong> e setosa, rivelando la sua purezza e qualit\u00e0 superiore. Il suo c<strong>onsistenza in un ambiente fatiscente<\/strong> facilita un uso piacevole, riflettendo la cura e la precisione della sua lavorazione.\u00a0<\/span><\/b><\/li>\n<li><span style=\"font-size: 16px; font-weight: 400;\"><strong>Aroma e gusto:<\/strong> fresco e naturale, che ricorda la <strong>pinete<\/strong>. Offre un gusto equilibrato con <strong>note erbacee<\/strong> evocativo della freschezza della natura, accompagnato da una <strong>leggero tocco di menta<\/strong> che porta freschezza. <strong>Toni agrumati e note di legno di cedro<\/strong> che arricchiscono l'esperienza per renderla memorabile.\u00a0\u00a0<\/span><\/li>\n<li><strong>Origine e purezza:<\/strong><span style=\"font-size: 16px; font-weight: 400;\"> ha le sue radici nelle montagne di <strong>Afghanistan<\/strong>. Combina la tradizione afghana dell'hashish con le tecniche moderne. Realizzato con fiori di canapa ricchi di CBD, offre un'esperienza legale, calmante e rilassante. Unisce il <strong style=\"font-size: 16px; font-style: normal;\">saggezza antica e innovazione<\/strong>per mantenere viva l'essenza dell'autentico hashish artigianale.\u00a0<\/span><\/li>\n<\/ul>\n<p>&nbsp;<\/p>\n<h3><b>Perch\u00e9 acquistare l'hashish CBD Frozen Golden Cider da Iguana Smoke?<\/b><\/h3>\n<p><span style=\"font-weight: 400;\">Noi di Iguana Smoke ci impegniamo per la qualit\u00e0. I nostri prodotti a base di CBD sono 100% naturali e biologici, senza sostanze chimiche o pesticidi. Ci\u00f2 significa che quando acquistate da noi, state scegliendo <strong>resina e hashish CBD puro e sicuro<\/strong>. Come nel caso del nostro <strong>CBD hashish Sidro d'oro congelato 61%<\/strong><strong>.<\/strong><\/span><\/p>\n<p><span style=\"font-weight: 400;\">Questo \u00e8 il luogo sicuro per <strong>acquistare hashish CBD online in Spagna.<\/strong> Tutti i nostri prodotti sono approvati dall'UE, a garanzia della loro legalit\u00e0 e sicurezza. Con meno di 0,3 % di THC, \u00e8 possibile godere dei numerosi benefici del CBD senza gli effetti psicoattivi. Il nostro <strong>CBD hashish senza THC con alto contenuto di CBD<\/strong> soddisfa gli standard di qualit\u00e0, la cui analisi \u00e8 disponibile all'indirizzo<\/span><span style=\"font-weight: 400;\">\u00a0<a href=\"https:\/\/iguanasmoke.com\/it\/analitica\/\">qui<\/a>.\u00a0<\/span><\/p>\n<p><em><span style=\"font-weight: 400;\">*Nota bene: il suo utilizzo \u00e8 destinato alla raccolta o all'aromaterapia secondo la legge spagnola.\u00a0<\/span><\/em><\/p>\n<p><span style=\"font-weight: 400;\">Inoltre, se amate le nostre resine CBD pi\u00f9 tradizionali come la <a href=\"https:\/\/iguanasmoke.com\/it\/prodotto\/lemon-haze-hash-cbd-20\/\">hash CBD Lemon Haze<\/a> o il <a href=\"https:\/\/iguanasmoke.com\/it\/prodotto\/nepal-cream-hash-cbd-20\/\">hashish CBD Nepal<\/a>,tu <\/span><span style=\"font-weight: 400;\">ci assicuriamo che il <strong>Hash CBD Sidro d'oro congelato 61%<\/strong> vi far\u00e0 volare. Inoltre, non dimenticate di provare altri <strong>Prodotti TOP<\/strong> come il <a href=\"https:\/\/iguanasmoke.com\/it\/prodotto\/stv-10oh-e8h-space-vape-3-pack-2ml-vapers\/\">confezione vaper STV-10-OH e E8H<\/a> o il <a href=\"https:\/\/iguanasmoke.com\/it\/prodotto\/iguana-pod-monouso-cbd-iguana-pod-pocket-amnesia-broad-spectrum-750mg\/\">CBD Amnesia Ampio spettro CBD vaper<\/a>. <\/span><span style=\"font-weight: 400;\">In breve, esplorate la nostra variet\u00e0 e trovate subito i vostri preferiti.\u00a0<\/span><\/p>\n<p>&nbsp;<\/p>\n<h3><b>Iguana Smoke \u00e8 sinonimo di qualit\u00e0 e affidabilit\u00e0.<\/b><\/h3>\n<p><span style=\"font-weight: 400;\">Noi di Iguana Smoke crediamo che il consumo di CBD debba essere un'esperienza sicura e piacevole. Ecco perch\u00e9 abbiamo prodotti di alta qualit\u00e0 che si rivolgono alle nuove generazioni: persone che cercano un benessere senza complicazioni, con marchi autentici e affidabili. Ricordate che tutti i nostri prodotti sono <strong>Hashish di CBD senza THC<\/strong>, come il <strong>Sidro d'oro congelato Hash CBD <\/strong>che proverete a fare.<\/span><\/p>\n<p>La nostra missione \u00e8 chiara: offrirvi il meglio del mondo dei cannabinoidi a un prezzo equo, con la tranquillit\u00e0 che deriva dalla consapevolezza di scegliere un prodotto certificato, efficace e legale. Siamo all'avanguardia nei prodotti a base di CBD.<\/p>\n<p>Ancora dubbi? Scriveteci e saremo lieti di aiutarvi a trovare il prodotto giusto per voi.<\/p>","protected":false},"excerpt":{"rendered":"<p>Questo <strong>hash<\/strong> <span style=\"font-weight: 400;\"><strong>Sidro d'oro congelato CBD <\/strong><\/span>\u00e8 ottenuto da fiori freschi congelati ed estratti a freddo per preservare la massima purezza e concentrazione di terpeni:<\/p>\n<ul>\n<li data-start=\"246\" data-end=\"275\">Consistenza fine e dorata<\/li>\n<li>Prodotto legale in Spagna: THC &lt;0,3%<\/li>\n<\/ul>\n<p>Analisi della qualit\u00e0: clicca <a href=\"https:\/\/iguanasmoke.com\/it\/analitica\/\">qui<\/a><\/p>","protected":false},"featured_media":81744,"comment_status":"open","ping_status":"closed","template":"","meta":{"_acf_changed":false,"site-sidebar-layout":"default","site-content-layout":"","ast-site-content-layout":"default","site-content-style":"default","site-sidebar-style":"default","ast-global-header-display":"","ast-banner-title-visibility":"","ast-main-header-display":"","ast-hfb-above-header-display":"","ast-hfb-below-header-display":"","ast-hfb-mobile-header-display":"","site-post-title":"","ast-breadcrumbs-content":"","ast-featured-img":"","footer-sml-layout":"","theme-transparent-header-meta":"default","adv-header-id-meta":"","stick-header-meta":"","header-above-stick-meta":"","header-main-stick-meta":"","header-below-stick-meta":"","astra-migrate-meta-layouts":"set","ast-page-background-enabled":"default","ast-page-background-meta":{"desktop":{"background-color":"var(--ast-global-color-4)","background-image":"","background-repeat":"repeat","background-position":"center center","background-size":"auto","background-attachment":"scroll","background-type":"","background-media":"","overlay-type":"","overlay-color":"","overlay-opacity":"","overlay-gradient":""},"tablet":{"background-color":"","background-image":"","background-repeat":"repeat","background-position":"center center","background-size":"auto","background-attachment":"scroll","background-type":"","background-media":"","overlay-type":"","overlay-color":"","overlay-opacity":"","overlay-gradient":""},"mobile":{"background-color":"","background-image":"","background-repeat":"repeat","background-position":"center center","background-size":"auto","background-attachment":"scroll","background-type":"","background-media":"","overlay-type":"","overlay-color":"","overlay-opacity":"","overlay-gradient":""}},"ast-content-background-meta":{"desktop":{"background-color":"var(--ast-global-color-5)","background-image":"","background-repeat":"repeat","background-position":"center center","background-size":"auto","background-attachment":"scroll","background-type":"","background-media":"","overlay-type":"","overlay-color":"","overlay-opacity":"","overlay-gradient":""},"tablet":{"background-color":"var(--ast-global-color-5)","background-image":"","background-repeat":"repeat","background-position":"center center","background-size":"auto","background-attachment":"scroll","background-type":"","background-media":"","overlay-type":"","overlay-color":"","overlay-opacity":"","overlay-gradient":""},"mobile":{"background-color":"var(--ast-global-color-5)","background-image":"","background-repeat":"repeat","background-position":"center center","background-size":"auto","background-attachment":"scroll","background-type":"","background-media":"","overlay-type":"","overlay-color":"","overlay-opacity":"","overlay-gradient":""}}},"product_brand":[],"product_cat":[397],"product_tag":[],"class_list":{"0":"post-61045","1":"product","2":"type-product","3":"status-publish","4":"has-post-thumbnail","6":"product_cat-hash-cbd","7":"desktop-align-center","8":"tablet-align-center","9":"mobile-align-center","11":"first","12":"instock","13":"taxable","14":"shipping-taxable","15":"purchasable","16":"product-type-variable"},"acf":[],"yoast_head":"<!-- This site is optimized with the Yoast SEO Premium plugin v27.3 (Yoast SEO v27.3) - https:\/\/yoast.com\/product\/yoast-seo-premium-wordpress\/ -->\n<title>Hash CBD Frozen Golden Cider 61%: Compra CBD barato online | Iguana Smoke<\/title>\n<meta name=\"description\" content=\"Hach\u00eds CBD Frozen Golden Cider: extracci\u00f3n en fr\u00edo, 61\u202f% CBD, textura de locura; tu hach\u00eds de CBD barato pero con calidad premium.\" \/>\n<meta name=\"robots\" content=\"index, follow, max-snippet:-1, max-image-preview:large, max-video-preview:-1\" \/>\n<link rel=\"canonical\" href=\"https:\/\/iguanasmoke.com\/it\/prodotto\/sidro-congelato-di-hashish-cbd\/\" \/>\n<meta property=\"og:locale\" content=\"it_IT\" \/>\n<meta property=\"og:type\" content=\"article\" \/>\n<meta property=\"og:title\" content=\"Hash CBD Frozen Golden Cider 61%\" \/>\n<meta property=\"og:description\" content=\"Este hash CBD Frozen Golden Cider est\u00e1 elaborado con flores frescas congeladas y extra\u00eddas en fr\u00edo\u00a0para conservar la m\u00e1xima pureza y la concentraci\u00f3n de terpenos:   Textura fina y dorada  Producto legal en Espa\u00f1a: THC &lt;0,3%  An\u00e1lisis de calidad: pincha aqu\u00ed\" \/>\n<meta property=\"og:url\" content=\"https:\/\/iguanasmoke.com\/it\/prodotto\/sidro-congelato-di-hashish-cbd\/\" \/>\n<meta property=\"og:site_name\" content=\"Iguana Smoke\" \/>\n<meta property=\"article:publisher\" content=\"https:\/\/www.facebook.com\/iguanasmoke\" \/>\n<meta property=\"article:modified_time\" content=\"2026-03-19T14:28:52+00:00\" \/>\n<meta property=\"og:image\" content=\"https:\/\/iguanasmoke.com\/wp-content\/uploads\/2025\/07\/Frozen-2g-con-hash.webp\" \/>\n\t<meta property=\"og:image:width\" content=\"1000\" \/>\n\t<meta property=\"og:image:height\" content=\"1000\" \/>\n\t<meta property=\"og:image:type\" content=\"image\/webp\" \/>\n<meta name=\"twitter:card\" content=\"summary_large_image\" \/>\n<meta name=\"twitter:label1\" content=\"Disponibilit\u00e0\" \/>\n\t<meta name=\"twitter:data1\" content=\"In stock\" \/>\n<meta property=\"product:brand\" content=\"variable\" \/>\n<meta property=\"og:availability\" content=\"instock\" \/>\n<meta property=\"product:availability\" content=\"instock\" \/>\n<meta property=\"product:condition\" content=\"new\" \/>\n<!-- \/ Yoast SEO Premium plugin. -->","yoast_head_json":{"title":"Hash CBD Frozen Golden Cider 61%: acquistare CBD online a buon mercato : Iguana Smoke","description":"CBD Frozen Golden Cider Hashish: estrazione a freddo, 61 % CBD, consistenza pazzesca; il vostro hashish CBD economico ma di qualit\u00e0 superiore.","robots":{"index":"index","follow":"follow","max-snippet":"max-snippet:-1","max-image-preview":"max-image-preview:large","max-video-preview":"max-video-preview:-1"},"canonical":"https:\/\/iguanasmoke.com\/it\/prodotto\/sidro-congelato-di-hashish-cbd\/","og_locale":"it_IT","og_type":"article","og_title":"Hash CBD Frozen Golden Cider 61%","og_description":"Este hash CBD Frozen Golden Cider est\u00e1 elaborado con flores frescas congeladas y extra\u00eddas en fr\u00edo\u00a0para conservar la m\u00e1xima pureza y la concentraci\u00f3n de terpenos:   Textura fina y dorada  Producto legal en Espa\u00f1a: THC &lt;0,3%  An\u00e1lisis de calidad: pincha aqu\u00ed","og_url":"https:\/\/iguanasmoke.com\/it\/prodotto\/sidro-congelato-di-hashish-cbd\/","og_site_name":"Iguana Smoke","article_publisher":"https:\/\/www.facebook.com\/iguanasmoke","article_modified_time":"2026-03-19T14:28:52+00:00","og_image":[{"width":1000,"height":1000,"url":"https:\/\/iguanasmoke.com\/wp-content\/uploads\/2025\/07\/Frozen-2g-con-hash.webp","type":"image\/webp"}],"twitter_card":"summary_large_image","twitter_misc":{"Disponibilit\u00e0":"In stock"},"schema":{"@context":"https:\/\/schema.org","@graph":[{"@type":"WebPage","@id":"https:\/\/iguanasmoke.com\/producto\/hash-cbd-frozen-cider\/","url":"https:\/\/iguanasmoke.com\/producto\/hash-cbd-frozen-cider\/","name":"Hash CBD Frozen Golden Cider 61%: acquistare CBD online a buon mercato : Iguana Smoke","isPartOf":{"@id":"https:\/\/iguanasmoke.com\/#website"},"primaryImageOfPage":{"@id":"https:\/\/iguanasmoke.com\/producto\/hash-cbd-frozen-cider\/#primaryimage"},"image":{"@id":"https:\/\/iguanasmoke.com\/producto\/hash-cbd-frozen-cider\/#primaryimage"},"thumbnailUrl":"https:\/\/iguanasmoke.com\/wp-content\/uploads\/2025\/07\/Frozen-2g-con-hash.webp","datePublished":"2025-07-15T17:11:46+00:00","dateModified":"2026-03-19T14:28:52+00:00","description":"CBD Frozen Golden Cider Hashish: estrazione a freddo, 61 % CBD, consistenza pazzesca; il vostro hashish CBD economico ma di qualit\u00e0 superiore.","breadcrumb":{"@id":"https:\/\/iguanasmoke.com\/producto\/hash-cbd-frozen-cider\/#breadcrumb"},"inLanguage":"it-IT","potentialAction":[{"@type":"ReadAction","target":["https:\/\/iguanasmoke.com\/producto\/hash-cbd-frozen-cider\/"]}]},{"@type":"ImageObject","inLanguage":"it-IT","@id":"https:\/\/iguanasmoke.com\/producto\/hash-cbd-frozen-cider\/#primaryimage","url":"https:\/\/iguanasmoke.com\/wp-content\/uploads\/2025\/07\/Frozen-2g-con-hash.webp","contentUrl":"https:\/\/iguanasmoke.com\/wp-content\/uploads\/2025\/07\/Frozen-2g-con-hash.webp","width":1000,"height":1000,"caption":"Hash CBD Frozen Golden 2g"},{"@type":"BreadcrumbList","@id":"https:\/\/iguanasmoke.com\/producto\/hash-cbd-frozen-cider\/#breadcrumb","itemListElement":[{"@type":"ListItem","position":1,"name":"home","item":"https:\/\/iguanasmoke.com\/"},{"@type":"ListItem","position":2,"name":"Tienda","item":"https:\/\/iguanasmoke.com\/tienda\/"},{"@type":"ListItem","position":3,"name":"Hash CBD","item":"https:\/\/iguanasmoke.com\/categoria\/hash-cbd\/"},{"@type":"ListItem","position":4,"name":"Hash CBD Frozen Golden Cider 61%"}]},{"@type":"WebSite","@id":"https:\/\/iguanasmoke.com\/#website","url":"https:\/\/iguanasmoke.com\/","name":"Fumo di iguana","description":"Acquistare CBD online al miglior prezzo","publisher":{"@id":"https:\/\/iguanasmoke.com\/#organization"},"potentialAction":[{"@type":"SearchAction","target":{"@type":"EntryPoint","urlTemplate":"https:\/\/iguanasmoke.com\/?s={search_term_string}"},"query-input":{"@type":"PropertyValueSpecification","valueRequired":true,"valueName":"search_term_string"}}],"inLanguage":"it-IT"},{"@type":"Organization","@id":"https:\/\/iguanasmoke.com\/#organization","name":"Fumo di iguana","url":"https:\/\/iguanasmoke.com\/","logo":{"@type":"ImageObject","inLanguage":"it-IT","@id":"https:\/\/iguanasmoke.com\/#\/schema\/logo\/image\/","url":"https:\/\/iguanasmoke.com\/wp-content\/uploads\/2025\/01\/logoiguana-favi-1.png","contentUrl":"https:\/\/iguanasmoke.com\/wp-content\/uploads\/2025\/01\/logoiguana-favi-1.png","width":512,"height":512,"caption":"Iguana Smoke"},"image":{"@id":"https:\/\/iguanasmoke.com\/#\/schema\/logo\/image\/"},"sameAs":["https:\/\/www.facebook.com\/iguanasmoke","https:\/\/www.instagram.com\/iguanasmoke\/"]}]},"product_brand":"variable","og_availability":"instock","product_availability":"instock","product_condition":"new"},"_links":{"self":[{"href":"https:\/\/iguanasmoke.com\/it\/wp-json\/wp\/v2\/product\/61045","targetHints":{"allow":["GET"]}}],"collection":[{"href":"https:\/\/iguanasmoke.com\/it\/wp-json\/wp\/v2\/product"}],"about":[{"href":"https:\/\/iguanasmoke.com\/it\/wp-json\/wp\/v2\/types\/product"}],"replies":[{"embeddable":true,"href":"https:\/\/iguanasmoke.com\/it\/wp-json\/wp\/v2\/comments?post=61045"}],"wp:featuredmedia":[{"embeddable":true,"href":"https:\/\/iguanasmoke.com\/it\/wp-json\/wp\/v2\/media\/81744"}],"wp:attachment":[{"href":"https:\/\/iguanasmoke.com\/it\/wp-json\/wp\/v2\/media?parent=61045"}],"wp:term":[{"taxonomy":"product_brand","embeddable":true,"href":"https:\/\/iguanasmoke.com\/it\/wp-json\/wp\/v2\/product_brand?post=61045"},{"taxonomy":"product_cat","embeddable":true,"href":"https:\/\/iguanasmoke.com\/it\/wp-json\/wp\/v2\/product_cat?post=61045"},{"taxonomy":"product_tag","embeddable":true,"href":"https:\/\/iguanasmoke.com\/it\/wp-json\/wp\/v2\/product_tag?post=61045"}],"curies":[{"name":"wp","href":"https:\/\/api.w.org\/{rel}","templated":true}]}}