{"id":61305,"date":"2025-07-21T17:20:21","date_gmt":"2025-07-21T15:20:21","guid":{"rendered":"https:\/\/iguanasmoke.com\/?post_type=product&#038;p=61305"},"modified":"2026-03-15T17:59:04","modified_gmt":"2026-03-15T16:59:04","slug":"confezione-degustazione-cartuccia-sativanol-e-10-oh","status":"publish","type":"product","link":"https:\/\/iguanasmoke.com\/it\/producto\/pack-cartucho-degustacion-sativanol-y-10-oh\/","title":{"rendered":"Confezione di cartucce di degustazione Sativanol e 10-OH"},"content":{"rendered":"<h1 data-start=\"1609\" data-end=\"1642\"><span style=\"font-weight: 400;\">Confezione di cartucce per la degustazione: Sativanol e 10-OH (1ml)<\/span><\/h1>\n<p><span style=\"font-weight: 400;\">Scoprire il <strong>nuova generazione<\/strong> del vaping con <strong>cannabinoidi innovativi<\/strong>. A <strong>Fumo di iguana<\/strong> vi abbiamo ascoltato e abbiamo creato questo duo<strong> Confezione<\/strong>\u00a0<strong>Sativanolo e cartuccia 10-OH<\/strong>, Le confezioni di cartucce da degustazione di Sativanol e 10-OH combinano tecnologia, purezza e un'esperienza sensoriale unica, adatta a chi \u00e8 interessato a una confezione di cartucce da degustazione di Sativanol e 10-OH.<\/span><\/p>\n<p><span style=\"font-weight: 400;\">Ogni confezione comprende: <\/span><\/p>\n<ul>\n<li><span style=\"font-weight: 400;\">1 cartuccia Sativanol Space 1 ml <\/span><\/li>\n<li><span style=\"font-weight: 400;\">1 cartuccia 10-OH Space 1ml<\/span><\/li>\n<\/ul>\n<p>Entrambi pronti all'uso con batterie 510 (vendute separatamente) e progettati per offrire un sapore intenso con effetti equilibrati. Ogni molecola \u00e8 disponibile in 7 gusti.<\/p>\n<p>&nbsp;<\/p>\n<h2><strong>Cartucce nel pacchetto di cartucce <span style=\"font-weight: 400;\"><strong>Sativanol<\/strong> <\/span>e 10-OH sono monouso?<\/strong><\/h2>\n<p><span style=\"font-weight: 400;\">A <strong>cartuccia monouso<\/strong>, noto anche come capsula o \u201ccarrello\u201d, \u00e8 un cilindro di piccole dimensioni con un <strong>510, attacco da 1ml o 2ml<\/strong> che viene fornito pre-riempito con liquido da svapo. La grande differenza con gli altri tipi di cartucce \u00e8 che non devono essere ricaricate o rifornite: <strong>quando si esaurisce viene semplicemente scartato<\/strong>. <\/span><\/p>\n<p><span style=\"font-weight: 400;\">Per utilizzarlo, si collega a batterie standard con filettatura 510 come quelle che abbiamo a <strong>Fumo di iguana: <\/strong>Ideale per chi cerca una confezione di cartucce di Sativanol e 10-OH pratica ed efficiente.<\/span><\/p>\n<p>&nbsp;<\/p>\n<h2><span style=\"font-weight: 400;\"><strong>Batterie per la confezione di cartucce per la degustazione di Sativanol e 10-OH:<\/strong><\/span><\/h2>\n<p><span style=\"font-weight: 400;\">Non dimenticate di acquistare un <strong>batteria 510<\/strong> <strong>affidabile<\/strong>, <strong>di lunga durata<\/strong>. Ecco perch\u00e9 in <strong>Fumo di iguana<\/strong> vi offriamo due modelli progettati per garantire una <strong>nebbia uniforme<\/strong>, <strong>gusto pulito<\/strong> e un <strong>esperienza di vaping confortevole e sicura <\/strong>che si adattano al vostro <strong>Confezione di cartucce di Sativanol e 10-OH.<\/strong><\/span><\/p>\n<ul>\n<li><span style=\"font-weight: 400;\"><a href=\"https:\/\/iguanasmoke.com\/it\/prodotto\/batteria-iguana-power-510-per-cartucce-da-1-ml-2\/\"><strong>Batteria 510 con filettatura per cartucce da 1 ml<\/strong><\/a>Le sue dimensioni compatte, discrete e facili da trasportare, e la sua potenza sono perfettamente calibrate per estrarre l'intero profilo aromatico senza surriscaldare il liquido. <em>Ha una potenza di 320 mAh.<\/em><\/span><\/li>\n<li><a href=\"https:\/\/iguanasmoke.com\/it\/prodotto\/iguana-power-cartbox-battery-bateria-510-para-cartuchos\/\">Batteria tascabile Cartbox con filettatura 510<\/a>; Compatibilit\u00e0 2-in-1: <strong><span style=\"font-weight: 400;\">E se siete alla ricerca di versatilit\u00e0, questo modello \u00e8 compatibile con cartucce da 1ml e 2ml, combinando autonomia, discrezione e wattaggio regolabile. Ideale per chi desidera un unico dispositivo che si adatti a tutto. <em>Ha una potenza di 650 mAh<\/em>.\u00a0<\/span><\/strong><\/li>\n<\/ul>\n<p>&nbsp;<\/p>\n<h2><strong>Che cos'\u00e8 l'STV o Sativanol?<\/strong><\/h2>\n<p><span style=\"font-weight: 400;\">Il <strong>Sativanol<\/strong>, <strong>STV<\/strong> o <strong>Super Sativa<\/strong> \u00e8 una molecola di ultima generazione derivata dalla canapa che non contiene THC o suoi derivati (HHC, THCP...), ma il suo effetto \u00e8 paragonabile a quello di un <strong>Potente sativa<\/strong>Il massimo della chiarezza mentale, dell'euforia e del benessere senza annebbiamenti o crolli. \u00c8 il vostro alleato per un'esperienza stimolante e funzionale. Perfetto per la confezione di cartucce di Sativanol e 10-OH.<\/span><\/p>\n<ul>\n<li>Effetti principali: associati a un'euforia mentale lieve ma potente, accompagnata da un miglioramento della concentrazione e dell'attenzione senza sedazione.<\/li>\n<li>Vantaggi principali: nessuna tolleranza con l'uso prolungato, niente postumi di sbornia o sonnolenza, e 100% \u00e8 privo di cannabinoidi controllati.<\/li>\n<li>Formato: ogni cartuccia da 1 ml offre fino a 300 boccate.<\/li>\n<\/ul>\n<p>La formula <span style=\"font-weight: 400;\">Sativanol <\/span>\u00e8 ideale per chi ha bisogno di essere attivo, creativo o semplicemente vuole godersi un momento di chiarezza mentale senza disconnettersi.<\/p>\n<p>&nbsp;<\/p>\n<h2><strong>Che cos'\u00e8 il 10-OH?<\/strong><\/h2>\n<p><span style=\"font-weight: 400;\">Il <\/span><span style=\"font-weight: 400;\"><b>10-OH<\/b> \u00e8 un metabolita dell'HHC, cio\u00e8 una sostanza che si genera quando l'organismo scompone l'HHC. A livello di laboratorio, si ottiene trasformando l'HHC nella sua forma idrossilata, ottenendo un cannabinoide pi\u00f9 stabile con un'affinit\u00e0 specifica per alcuni recettori del sistema endocannabinoide. Ideale per coloro che considerano il Sativanol e il 10-OH Tasting Cartridge Pack come la loro scelta.<\/span><\/p>\n<p><span style=\"font-weight: 400;\">Sebbene gli effetti possano variare da persona a persona, le esperienze spesso includono:<\/span><\/p>\n<ul>\n<li>Euforia moderata, senza lo sballo pi\u00f9 intenso che pu\u00f2 dare il THC.<\/li>\n<li>Rilassamento fisico, senza produrre una sensazione di eccessiva sedazione.<\/li>\n<li>Chiarezza mentale, che favorisce la concentrazione o l'interazione sociale.<\/li>\n<li>Meno ansia, il che la rende un'opzione interessante per chi non tollera bene il THC.<\/li>\n<li><strong>Questi effetti collocano il 10-OH a met\u00e0 strada tra l'HHC e il THC: pi\u00f9 intenso del primo, ma pi\u00f9 gestibile del secondo.<\/strong><\/li>\n<\/ul>\n<p>&nbsp;<\/p>\n<h3>Aromi squisiti nella confezione di cartucce da degustazione <span style=\"font-weight: 400;\"><strong>Sativanol<\/strong> <\/span>e 10-OH<\/h3>\n<p><span style=\"font-weight: 400;\">Per un'esperienza di svapo di alto livello con il pacchetto di cartucce Sativanol e 10-OH, vi offriamo una variet\u00e0 di aromi accuratamente selezionati:<\/span><\/p>\n<ul>\n<li>Autentici profili di cannabis: Amnesia (terroso e speziato), Gelato (morbido, dolce ed erbaceo) e Gorilla Glue (robusto, pino e terroso).<\/li>\n<li>Opzioni fruttate e rinfrescanti: Mango (esotico), Lemon Haze (rinfrescante e agrumato), Red Berries (dolci bacche rosse) e Strawberry (morbido e naturale).<\/li>\n<\/ul>\n<h3><\/h3>\n<p>&nbsp;<\/p>\n<h3><\/h3>\n<h3><b>Iguana Smoke \u00e8 il vostro negozio online di CBD di fiducia<\/b><\/h3>\n<p><span style=\"font-weight: 400;\">Noi di Iguana Smoke crediamo che il consumo di CBD debba essere un'esperienza sicura e piacevole. Ecco perch\u00e9 abbiamo prodotti di alta qualit\u00e0 che si rivolgono alle nuove generazioni: persone che cercano un benessere senza complicazioni, con marchi autentici e affidabili.\u00a0<\/span><\/p>\n<p>La nostra missione \u00e8 chiara: offrirvi il meglio del mondo dei cannabinoidi a un prezzo equo, con la tranquillit\u00e0 che deriva dalla consapevolezza di scegliere un prodotto certificato, efficace e 100% legale.<\/p>\n<p>Ancora dubbi? Scriveteci e saremo lieti di aiutarvi a trovare il prodotto giusto per voi.<\/p>\n<p>&nbsp;<\/p>\n<h6>\u2139\ufe0f<strong> Informazioni legali<\/strong><\/h6>\n<p><em><span style=\"font-weight: 400;\">*Prodotto destinato alla raccolta o all'aromaterapia, in conformit\u00e0 alla legislazione spagnola vigente. <\/span><\/em><\/p>\n<p><em><span style=\"font-weight: 400;\">**Derivato da canapa industriale certificata. Contiene meno dello 0,3 di THC e non contiene cannabinoidi illegali come HHC, HHC-P, THCP, THCP-O, H4CBD o sostanze elencate nell'Allegato I del Regio Decreto 2829\/1977, n\u00e9 sostanze controllate da convenzioni internazionali.\u00a0\u00a0<\/span><\/em><\/p>","protected":false},"excerpt":{"rendered":"<ul>\n<li>Confezione da 2 cartucce da 1 ml: <span style=\"font-weight: 400;\">Sativanol <\/span>e 10-OH<\/li>\n<li>7 gusti a scelta<\/li>\n<li>Terpeni naturali<\/li>\n<li>Connessione: tipo 510<\/li>\n<li>Capacit\u00e0: 1 ml (300 soffi)<\/li>\n<li>THC: 0%, HHC: 0%, THC-P: 0%, Nicotina: 0%<\/li>\n<li>Non contiene VG, PG, PEG, MCT o altri agenti di taglio.<\/li>\n<\/ul>\n<p><em><span style=\"font-weight: 400;\">Prezzo senza sconto: 41,80\u20ac | prezzo del pacchetto di sconti: 35\u20ac =&gt; <strong>risparmio di 6,80\u20ac con uno sconto di 16%<\/strong><\/span>\u00a0<\/em><\/p>\n<p><span style=\"font-weight: 400;\">Consultazione<strong>\u00a0<a href=\"https:\/\/iguanasmoke.com\/it\/analitica\/\">analisi di laboratorio.<\/a><\/strong><\/span><\/p>","protected":false},"featured_media":61625,"comment_status":"open","ping_status":"closed","template":"","meta":{"_acf_changed":false,"site-sidebar-layout":"default","site-content-layout":"","ast-site-content-layout":"default","site-content-style":"default","site-sidebar-style":"default","ast-global-header-display":"","ast-banner-title-visibility":"","ast-main-header-display":"","ast-hfb-above-header-display":"","ast-hfb-below-header-display":"","ast-hfb-mobile-header-display":"","site-post-title":"","ast-breadcrumbs-content":"","ast-featured-img":"","footer-sml-layout":"","theme-transparent-header-meta":"default","adv-header-id-meta":"","stick-header-meta":"","header-above-stick-meta":"","header-main-stick-meta":"","header-below-stick-meta":"","astra-migrate-meta-layouts":"set","ast-page-background-enabled":"default","ast-page-background-meta":{"desktop":{"background-color":"var(--ast-global-color-4)","background-image":"","background-repeat":"repeat","background-position":"center center","background-size":"auto","background-attachment":"scroll","background-type":"","background-media":"","overlay-type":"","overlay-color":"","overlay-opacity":"","overlay-gradient":""},"tablet":{"background-color":"","background-image":"","background-repeat":"repeat","background-position":"center center","background-size":"auto","background-attachment":"scroll","background-type":"","background-media":"","overlay-type":"","overlay-color":"","overlay-opacity":"","overlay-gradient":""},"mobile":{"background-color":"","background-image":"","background-repeat":"repeat","background-position":"center center","background-size":"auto","background-attachment":"scroll","background-type":"","background-media":"","overlay-type":"","overlay-color":"","overlay-opacity":"","overlay-gradient":""}},"ast-content-background-meta":{"desktop":{"background-color":"var(--ast-global-color-5)","background-image":"","background-repeat":"repeat","background-position":"center center","background-size":"auto","background-attachment":"scroll","background-type":"","background-media":"","overlay-type":"","overlay-color":"","overlay-opacity":"","overlay-gradient":""},"tablet":{"background-color":"var(--ast-global-color-5)","background-image":"","background-repeat":"repeat","background-position":"center center","background-size":"auto","background-attachment":"scroll","background-type":"","background-media":"","overlay-type":"","overlay-color":"","overlay-opacity":"","overlay-gradient":""},"mobile":{"background-color":"var(--ast-global-color-5)","background-image":"","background-repeat":"repeat","background-position":"center center","background-size":"auto","background-attachment":"scroll","background-type":"","background-media":"","overlay-type":"","overlay-color":"","overlay-opacity":"","overlay-gradient":""}}},"product_brand":[],"product_cat":[550,419,349,549],"product_tag":[],"class_list":{"0":"post-61305","1":"product","2":"type-product","3":"status-publish","4":"has-post-thumbnail","6":"product_cat-10oh","7":"product_cat-cartuchos-cbd","8":"product_cat-packs-y-ofertas-cbd","9":"product_cat-sativanol","10":"desktop-align-center","11":"tablet-align-center","12":"mobile-align-center","14":"first","15":"instock","16":"sale","17":"taxable","18":"shipping-taxable","19":"purchasable","20":"product-type-composite"},"acf":[],"yoast_head":"<!-- This site is optimized with the Yoast SEO Premium plugin v27.3 (Yoast SEO v27.3) - https:\/\/yoast.com\/product\/yoast-seo-premium-wordpress\/ -->\n<title>Pack Cartucho degustaci\u00f3n Sativanol y 10-OH | Iguana Smoke<\/title>\n<meta name=\"description\" content=\"Redefine tu experiencia de vapeo con el Pack Cartucho degustaci\u00f3n Sativanol y 10-OH. La combinaci\u00f3n que estabas esperando para disfrutar plenamente.\" \/>\n<meta name=\"robots\" content=\"index, follow, max-snippet:-1, max-image-preview:large, max-video-preview:-1\" \/>\n<link rel=\"canonical\" href=\"https:\/\/iguanasmoke.com\/it\/prodotto\/confezione-degustazione-cartuccia-sativanol-e-10-oh\/\" \/>\n<meta property=\"og:locale\" content=\"it_IT\" \/>\n<meta property=\"og:type\" content=\"article\" \/>\n<meta property=\"og:title\" content=\"Pack Cartucho Degustaci\u00f3n Sativanol y 10-OH\" \/>\n<meta property=\"og:description\" content=\"Pack de 2 cartuchos de 1ml: Sativanol y 10-OH  7 sabores a elegir de cada uno  Terpenos naturales  Conexi\u00f3n: tipo 510  Capacidad: 1 ml (300 caladas)  THC: 0%, HHC: 0%, THC-P: 0%, Nicotina: 0%  No contiene VG, PG, PEG, MCT u otro agente de corte.  Precio sin descuento: 41,80\u20ac | precio pack descuento: 35\u20ac =&gt; ahorro de 6,80\u20ac con un descuento del 16%\u00a0  Consulta\u00a0el an\u00e1lisis de laboratorio.\" \/>\n<meta property=\"og:url\" content=\"https:\/\/iguanasmoke.com\/it\/prodotto\/confezione-degustazione-cartuccia-sativanol-e-10-oh\/\" \/>\n<meta property=\"og:site_name\" content=\"Iguana Smoke\" \/>\n<meta property=\"article:publisher\" content=\"https:\/\/www.facebook.com\/iguanasmoke\" \/>\n<meta property=\"article:modified_time\" content=\"2026-03-15T16:59:04+00:00\" \/>\n<meta property=\"og:image\" content=\"https:\/\/iguanasmoke.com\/wp-content\/uploads\/2025\/07\/Pack-Space-Cart-10x.webp\" \/>\n\t<meta property=\"og:image:width\" content=\"1000\" \/>\n\t<meta property=\"og:image:height\" content=\"1000\" \/>\n\t<meta property=\"og:image:type\" content=\"image\/webp\" \/>\n<meta name=\"twitter:card\" content=\"summary_large_image\" \/>\n<meta name=\"twitter:label1\" content=\"Prezzo\" \/>\n\t<meta name=\"twitter:data1\" content=\"35,00&nbsp;&euro;\" \/>\n\t<meta name=\"twitter:label2\" content=\"Disponibilit\u00e0\" \/>\n\t<meta name=\"twitter:data2\" content=\"In stock\" \/>\n<meta property=\"product:brand\" content=\"composite\" \/>\n<meta property=\"product:price:amount\" content=\"35.00\" \/>\n<meta property=\"product:price:currency\" content=\"EUR\" \/>\n<meta property=\"og:availability\" content=\"instock\" \/>\n<meta property=\"product:availability\" content=\"instock\" \/>\n<meta property=\"product:retailer_item_id\" content=\"IS-PACKSPACECART2-1ML\" \/>\n<meta property=\"product:condition\" content=\"new\" \/>\n<!-- \/ Yoast SEO Premium plugin. -->","yoast_head_json":{"title":"Confezione di cartucce da degustazione di Sativanol e 10-OH - Iguana Smoke","description":"Ridefinite la vostra esperienza di vaping con la confezione di cartucce di Sativanol e 10-OH. La combinazione che stavate aspettando per goderne appieno.","robots":{"index":"index","follow":"follow","max-snippet":"max-snippet:-1","max-image-preview":"max-image-preview:large","max-video-preview":"max-video-preview:-1"},"canonical":"https:\/\/iguanasmoke.com\/it\/prodotto\/confezione-degustazione-cartuccia-sativanol-e-10-oh\/","og_locale":"it_IT","og_type":"article","og_title":"Pack Cartucho Degustaci\u00f3n Sativanol y 10-OH","og_description":"Pack de 2 cartuchos de 1ml: Sativanol y 10-OH  7 sabores a elegir de cada uno  Terpenos naturales  Conexi\u00f3n: tipo 510  Capacidad: 1 ml (300 caladas)  THC: 0%, HHC: 0%, THC-P: 0%, Nicotina: 0%  No contiene VG, PG, PEG, MCT u otro agente de corte.  Precio sin descuento: 41,80\u20ac | precio pack descuento: 35\u20ac =&gt; ahorro de 6,80\u20ac con un descuento del 16%\u00a0  Consulta\u00a0el an\u00e1lisis de laboratorio.","og_url":"https:\/\/iguanasmoke.com\/it\/prodotto\/confezione-degustazione-cartuccia-sativanol-e-10-oh\/","og_site_name":"Iguana Smoke","article_publisher":"https:\/\/www.facebook.com\/iguanasmoke","article_modified_time":"2026-03-15T16:59:04+00:00","og_image":[{"width":1000,"height":1000,"url":"https:\/\/iguanasmoke.com\/wp-content\/uploads\/2025\/07\/Pack-Space-Cart-10x.webp","type":"image\/webp"}],"twitter_card":"summary_large_image","twitter_misc":{"Prezzo":"35,00&nbsp;&euro;","Disponibilit\u00e0":"In stock"},"schema":{"@context":"https:\/\/schema.org","@graph":[{"@type":"WebPage","@id":"https:\/\/iguanasmoke.com\/producto\/pack-cartucho-degustacion-sativanol-y-10-oh\/","url":"https:\/\/iguanasmoke.com\/producto\/pack-cartucho-degustacion-sativanol-y-10-oh\/","name":"Confezione di cartucce da degustazione di Sativanol e 10-OH - Iguana Smoke","isPartOf":{"@id":"https:\/\/iguanasmoke.com\/#website"},"primaryImageOfPage":{"@id":"https:\/\/iguanasmoke.com\/producto\/pack-cartucho-degustacion-sativanol-y-10-oh\/#primaryimage"},"image":{"@id":"https:\/\/iguanasmoke.com\/producto\/pack-cartucho-degustacion-sativanol-y-10-oh\/#primaryimage"},"thumbnailUrl":"https:\/\/iguanasmoke.com\/wp-content\/uploads\/2025\/07\/Pack-Space-Cart-10x.webp","datePublished":"2025-07-21T15:20:21+00:00","dateModified":"2026-03-15T16:59:04+00:00","description":"Ridefinite la vostra esperienza di vaping con la confezione di cartucce di Sativanol e 10-OH. La combinazione che stavate aspettando per goderne appieno.","breadcrumb":{"@id":"https:\/\/iguanasmoke.com\/producto\/pack-cartucho-degustacion-sativanol-y-10-oh\/#breadcrumb"},"inLanguage":"it-IT","potentialAction":[{"@type":"ReadAction","target":["https:\/\/iguanasmoke.com\/producto\/pack-cartucho-degustacion-sativanol-y-10-oh\/"]}]},{"@type":"ImageObject","inLanguage":"it-IT","@id":"https:\/\/iguanasmoke.com\/producto\/pack-cartucho-degustacion-sativanol-y-10-oh\/#primaryimage","url":"https:\/\/iguanasmoke.com\/wp-content\/uploads\/2025\/07\/Pack-Space-Cart-10x.webp","contentUrl":"https:\/\/iguanasmoke.com\/wp-content\/uploads\/2025\/07\/Pack-Space-Cart-10x.webp","width":1000,"height":1000,"caption":"Pack Cartucho degustaci\u00f3n STV y 10-OH"},{"@type":"BreadcrumbList","@id":"https:\/\/iguanasmoke.com\/producto\/pack-cartucho-degustacion-sativanol-y-10-oh\/#breadcrumb","itemListElement":[{"@type":"ListItem","position":1,"name":"home","item":"https:\/\/iguanasmoke.com\/"},{"@type":"ListItem","position":2,"name":"Tienda","item":"https:\/\/iguanasmoke.com\/tienda\/"},{"@type":"ListItem","position":3,"name":"Vaper CBD","item":"https:\/\/iguanasmoke.com\/categoria\/vaper-cbd\/"},{"@type":"ListItem","position":4,"name":"Cartuchos","item":"https:\/\/iguanasmoke.com\/categoria\/vaper-cbd\/cartuchos-cbd\/"},{"@type":"ListItem","position":5,"name":"Pack Cartucho Degustaci\u00f3n Sativanol y 10-OH"}]},{"@type":"WebSite","@id":"https:\/\/iguanasmoke.com\/#website","url":"https:\/\/iguanasmoke.com\/","name":"Fumo di iguana","description":"Acquistare CBD online al miglior prezzo","publisher":{"@id":"https:\/\/iguanasmoke.com\/#organization"},"potentialAction":[{"@type":"SearchAction","target":{"@type":"EntryPoint","urlTemplate":"https:\/\/iguanasmoke.com\/?s={search_term_string}"},"query-input":{"@type":"PropertyValueSpecification","valueRequired":true,"valueName":"search_term_string"}}],"inLanguage":"it-IT"},{"@type":"Organization","@id":"https:\/\/iguanasmoke.com\/#organization","name":"Fumo di iguana","url":"https:\/\/iguanasmoke.com\/","logo":{"@type":"ImageObject","inLanguage":"it-IT","@id":"https:\/\/iguanasmoke.com\/#\/schema\/logo\/image\/","url":"https:\/\/iguanasmoke.com\/wp-content\/uploads\/2025\/01\/logoiguana-favi-1.png","contentUrl":"https:\/\/iguanasmoke.com\/wp-content\/uploads\/2025\/01\/logoiguana-favi-1.png","width":512,"height":512,"caption":"Iguana Smoke"},"image":{"@id":"https:\/\/iguanasmoke.com\/#\/schema\/logo\/image\/"},"sameAs":["https:\/\/www.facebook.com\/iguanasmoke","https:\/\/www.instagram.com\/iguanasmoke\/"]}]},"product_brand":"composite","product_price_amount":"35.00","product_price_currency":"EUR","og_availability":"instock","product_availability":"instock","product_retailer_item_id":"IS-PACKSPACECART2-1ML","product_condition":"new"},"_links":{"self":[{"href":"https:\/\/iguanasmoke.com\/it\/wp-json\/wp\/v2\/product\/61305","targetHints":{"allow":["GET"]}}],"collection":[{"href":"https:\/\/iguanasmoke.com\/it\/wp-json\/wp\/v2\/product"}],"about":[{"href":"https:\/\/iguanasmoke.com\/it\/wp-json\/wp\/v2\/types\/product"}],"replies":[{"embeddable":true,"href":"https:\/\/iguanasmoke.com\/it\/wp-json\/wp\/v2\/comments?post=61305"}],"wp:featuredmedia":[{"embeddable":true,"href":"https:\/\/iguanasmoke.com\/it\/wp-json\/wp\/v2\/media\/61625"}],"wp:attachment":[{"href":"https:\/\/iguanasmoke.com\/it\/wp-json\/wp\/v2\/media?parent=61305"}],"wp:term":[{"taxonomy":"product_brand","embeddable":true,"href":"https:\/\/iguanasmoke.com\/it\/wp-json\/wp\/v2\/product_brand?post=61305"},{"taxonomy":"product_cat","embeddable":true,"href":"https:\/\/iguanasmoke.com\/it\/wp-json\/wp\/v2\/product_cat?post=61305"},{"taxonomy":"product_tag","embeddable":true,"href":"https:\/\/iguanasmoke.com\/it\/wp-json\/wp\/v2\/product_tag?post=61305"}],"curies":[{"name":"wp","href":"https:\/\/api.w.org\/{rel}","templated":true}]}}