{"id":61325,"date":"2025-07-30T17:24:12","date_gmt":"2025-07-30T15:24:12","guid":{"rendered":"https:\/\/iguanasmoke.com\/?post_type=product&#038;p=61325"},"modified":"2026-02-09T14:06:05","modified_gmt":"2026-02-09T13:06:05","slug":"confezione-5-vapes-stv-e8h-o-10-oh-space-vape-2ml","status":"publish","type":"product","link":"https:\/\/iguanasmoke.com\/it\/producto\/pack-5-vapes-stv-e8h-o-10-oh-space-vape-2ml\/","title":{"rendered":"Confezione 5 Vapers di STV | 10-OH | E8H - Space Vape 2ml"},"content":{"rendered":"<h1 data-start=\"1609\" data-end=\"1642\"><span style=\"font-weight: 400;\">Pacchetto 5 Vaper<i>STV : STV : 10-OH e E8H Space Vape 2ml<\/i><\/span><\/h1>\n<h3>Vaping pack con un'offerta ideale per chi cerca variet\u00e0, risparmio e la possibilit\u00e0 di personalizzare il proprio ordine.<\/h3>\n<p><span style=\"font-weight: 400;\">Se vi piace provare cose diverse, il <strong>Pack 5 vaper: STV | 10-OH e E8H Space Vape<\/strong> \u00e8 perfetto per voi. Abbiamo creato questo pacchetto esclusivo per farvi provare le nostre molecole di punta, che combinano il Sativanolo (STV) e le molecole 10-OH e E8H.<\/span><\/p>\n<p>&nbsp;<\/p>\n<h2 data-start=\"273\" data-end=\"578\"><strong>Cosa \u00e8 incluso nel vaper 5-pack: STV | 10-OH e E8H Space Vape? <\/strong><\/h2>\n<p data-start=\"273\" data-end=\"578\"><span style=\"font-weight: 400;\">In questa confezione potete scegliere 5 vapers della vostra molecola preferita: STV, 10-OH e 1 E8H nei gusti che preferite.<\/span><\/p>\n<p data-start=\"273\" data-end=\"578\">Sia in STV che in 10-OH e E8H sono disponibili 7 gusti e sono i seguenti:<\/p>\n<ul>\n<li style=\"list-style-type: none;\">\n<ul>\n<li style=\"list-style-type: none;\">\n<ul>\n<li data-start=\"273\" data-end=\"578\"><em>Maniglia<\/em><\/li>\n<li data-start=\"273\" data-end=\"578\"><em>Colla Gorilla<\/em><\/li>\n<li data-start=\"273\" data-end=\"578\"><em>Fragola<\/em><\/li>\n<li data-start=\"273\" data-end=\"578\"><em>Bacche rosse<\/em><\/li>\n<li data-start=\"273\" data-end=\"578\"><em>Amnesia<\/em><\/li>\n<li data-start=\"273\" data-end=\"578\"><em>Gelato<\/em><\/li>\n<li data-start=\"273\" data-end=\"578\"><em>Limone Haze<\/em><\/li>\n<\/ul>\n<\/li>\n<\/ul>\n<\/li>\n<\/ul>\n<p><span style=\"font-weight: 400;\">\u00c8 possibile dare un'occhiata alla categoria di <strong><a href=\"https:\/\/iguanasmoke.com\/it\/categoria\/nuove-molecole\/sativanolo\/\">Vaper STV - Sativanol<\/a>,<\/strong> <a href=\"https:\/\/iguanasmoke.com\/it\/categoria\/nuove-molecole\/10oh\/\"><strong>Vaper 10-OH<\/strong><\/a> y <a href=\"https:\/\/iguanasmoke.com\/it\/categoria\/nuove-molecole\/e8h\/\"><strong>Vaper E8H<\/strong><\/a> per completare il vostro <strong>Pack 5 vaper: STV | 10-OH e E8H Space Vape<\/strong>.<\/span><\/p>\n<p>&nbsp;<\/p>\n<h2><strong>Che cos'\u00e8 l'STV o Sativanol?<\/strong><\/h2>\n<p><span style=\"font-weight: 400;\">Il <strong>Sativanol<\/strong>, <strong>STV<\/strong> o <strong>Super Sativa<\/strong> \u00e8 una molecola di ultima generazione derivata dalla canapa che non contiene THC o suoi derivati (HHC, THCP...), ma il suo effetto \u00e8 paragonabile a quello di un <strong>Potente sativa<\/strong>offre chiarezza mentale, leggera euforia e benessere, senza annebbiamenti o depressioni.\u00a0\u00a0<\/span><\/p>\n<p>La formula STV \u00e8 ideale per chi ha bisogno di essere attivo, creativo o semplicemente vuole godersi un momento di chiarezza mentale senza disconnettersi.<\/p>\n<p>&nbsp;<\/p>\n<h2><strong>Che cos'\u00e8 il 10-OH?<\/strong><\/h2>\n<p><span style=\"font-weight: 400;\">Il <\/span><span style=\"font-weight: 400;\"><b>10-OH<\/b> \u00e8 un <strong>Metabolita HHC<\/strong>, cio\u00e8 una sostanza che viene generata quando <strong>l'organismo scompone gli HHC<\/strong>. A livello di laboratorio, si ottiene trasformando l'HHC nella sua forma idrossilata, che si traduce in una <strong>cannabinoide pi\u00f9 stabile<\/strong> e con un'affinit\u00e0 specifica per alcuni recettori del sistema endocannabinoide.<\/span><\/p>\n<p><span style=\"font-weight: 400;\">Sebbene gli effetti possano variare da persona a persona, le esperienze spesso includono:<\/span><\/p>\n<ul>\n<li>Euforia moderata, senza lo sballo pi\u00f9 intenso che pu\u00f2 dare il THC.<\/li>\n<li>Rilassamento fisico, senza produrre una sensazione di eccessiva sedazione.<\/li>\n<li>Chiarezza mentale, che favorisce la concentrazione o l'interazione sociale.<\/li>\n<li>Meno ansia, il che la rende un'opzione interessante per chi non tollera bene il THC.<\/li>\n<\/ul>\n<p><span style=\"font-weight: 400;\">Questi effetti mettono il <strong>10-OH in un punto intermedio tra HHC e THC<\/strong>pi\u00f9 intenso del primo, ma pi\u00f9 gestibile del secondo. Se siete alla ricerca di <strong>acquistare vaper 10-OH online<\/strong>, Con effetti stimolanti ma senza paranoia o postumi mentali, questo \u00e8 il vaper che fa per voi.<\/span><\/p>\n<p>&nbsp;<\/p>\n<h2><strong>Che cos'\u00e8 la molecola E8H?<\/strong><\/h2>\n<p><span style=\"font-weight: 400;\">I nostri vapers contengono il <strong>90% questa molecola semisintetica all'avanguardia: E8H<\/strong>. \u00c8 stato progettato per offrire un <strong>esperienza<\/strong> <strong>solo<\/strong>, <strong>molto simile a quello dell'HHC<\/strong>. Tuttavia, a differenza di ci\u00f2 che gi\u00e0 conoscete, questa molecola all'avanguardia offre un'esperienza unica che cambier\u00e0 le vostre aspettative. <\/span><\/p>\n<p><span style=\"font-weight: 400;\">\u00c8 unico, bisogna provarlo per sperimentarlo! Il suo recente sviluppo lo colloca in un quadro normativo in evoluzione, aprendo nuove possibilit\u00e0 nel mondo del vaping. <\/span><\/p>\n<p><span style=\"font-weight: 400;\">Sebbene gli effetti possano variare da persona a persona, le esperienze spesso includono:\u00a0<\/span><\/p>\n<ul>\n<li>Esperienze simili a quelle del THC, una sensazione piacevole.<\/li>\n<li>Rilassamento generale e riduzione dello stress<\/li>\n<li>Sensazione di calma o benessere.<\/li>\n<\/ul>\n<p>&nbsp;<\/p>\n<h2><strong>Che cos'\u00e8 un vaper usa e getta nella confezione di vaper STV, 10-OH, E8H?<\/strong><\/h2>\n<p><span style=\"font-weight: 400;\">A <strong>vaper monouso<\/strong> \u00e8 un dispositivo di tipo penna\u201c <strong>di 2ml<\/strong> che viene fornito con liquido Sativanol, 10-OH e E8H. La grande differenza rispetto ad altri tipi di vapers \u00e8 che non ha bisogno di essere ricaricato o rabboccato: <strong>quando si esaurisce viene semplicemente scartato<\/strong>.\u00a0<\/span><\/p>\n<p>&nbsp;<\/p>\n<h2 data-start=\"273\" data-end=\"578\"><strong>Perch\u00e9 scegliere il 5 Pack vaper: STV | 10-OH e E8H Space Vape<\/strong><strong>? <\/strong><\/h2>\n<ul>\n<li data-start=\"273\" data-end=\"578\"><span style=\"font-weight: 400;\">Prezzo speciale per confezione<\/span><\/li>\n<li data-start=\"273\" data-end=\"578\"><span style=\"font-weight: 400;\">Ideale per assaggiare diversi sapori e molecole<\/span><\/li>\n<li data-start=\"273\" data-end=\"578\"><span style=\"font-weight: 400;\">Tutto in un unico ordine, comodo e veloce<\/span><\/li>\n<li data-start=\"273\" data-end=\"578\"><span style=\"font-weight: 400;\">Prodotto legale, sicuro e testato <\/span><\/li>\n<li data-start=\"273\" data-end=\"578\"><span style=\"font-weight: 400;\">Perfetto come regalo... o come regalo per se stessi. <\/span><\/li>\n<\/ul>\n<p><span style=\"font-weight: 400;\">Il <strong>Pack 5 vaper: STV | 10-OH e E8H Space Vape<\/strong>\u00a0non \u00e8 solo una confezione, \u00e8 un'esperienza completa. Scoprite, confrontate e trovate il vostro preferito.<\/span><\/p>\n<p>&nbsp;<\/p>\n<h3><b>Iguana Smoke \u00e8 il vostro negozio online di CBD\u00a0<\/b><\/h3>\n<p><span style=\"font-weight: 400;\">A<strong> Fumo di iguana<\/strong>, Crediamo che il consumo di CBD debba essere un'esperienza sicura. Ecco perch\u00e9 abbiamo prodotti come questo <strong>Pack 5 vaper: STV | 10-OH e E8H Space Vape<\/strong>, Il marchio si rivolge alle nuove generazioni: persone che cercano un benessere senza complicazioni, con marchi autentici e affidabili.\u00a0<\/span><\/p>\n<p>La nostra missione \u00e8 chiara: offrirvi il meglio del mondo dei cannabinoidi a un prezzo equo. Inoltre, vi diamo la tranquillit\u00e0 di sapere che state scegliendo un prodotto certificato, efficace e 100% legale. Il vostro momento di relax inizia qui con noi.<\/p>\n<p>Ancora dubbi? Scriveteci e saremo lieti di aiutarvi a trovare il prodotto giusto per voi.<\/p>\n<p>&nbsp;<\/p>\n<h6>\u2139\ufe0f<strong> Informazioni legali<\/strong><\/h6>\n<p><em><span style=\"font-weight: 400;\">*Prodotto destinato alla raccolta o all'aromaterapia, in conformit\u00e0 alla legislazione spagnola vigente. <\/span><\/em><\/p>\n<p><em><span style=\"font-weight: 400;\">**Derivato da canapa industriale certificata. Contiene meno dello 0,3 di THC e non contiene cannabinoidi illegali come HHC, HHC-P, THCP, THCP-O, H4CBD o sostanze elencate nell'Allegato I del Regio Decreto 2829\/1977, n\u00e9 sostanze controllate da convenzioni internazionali.\u00a0\u00a0<\/span><\/em><\/p>","protected":false},"excerpt":{"rendered":"<p><span style=\"font-weight: 400;\">Preparatevi perch\u00e9 questo Vape Pack include:<\/span><\/p>\n<ul>\n<li>5 x Vaper per scegliere la molecola e l'aroma preferiti<\/li>\n<\/ul>\n<h6>Caratteristiche<\/h6>\n<ul>\n<li>Capacit\u00e0: 2ml - 600 soffi<\/li>\n<li>STV \/ 10-OH \/ E8H<\/li>\n<li>Terpeni naturali di alta qualit\u00e0<\/li>\n<li>THC: 0%, HHC: 0%, THC-P: 0%, Nicotina: 0%<\/li>\n<li>Non contiene VG, PG, PEG, MCT o altri agenti di taglio.<\/li>\n<\/ul>\n<p><em><span style=\"font-weight: 400;\">Prezzo senza sconto: 174,50\u20ac | prezzo del pacchetto di sconto: 149,95\u20ac =&gt; <strong>risparmio di 24,55 \u20ac con uno sconto di 14%<\/strong><\/span>\u00a0<\/em><\/p>\n<p><span style=\"font-weight: 400;\">Consultazione<strong>\u00a0<a href=\"https:\/\/iguanasmoke.com\/it\/analitica\/\">analisi di laboratorio.<\/a><\/strong><\/span><\/p>","protected":false},"featured_media":77339,"comment_status":"open","ping_status":"closed","template":"","meta":{"_acf_changed":false,"site-sidebar-layout":"default","site-content-layout":"","ast-site-content-layout":"default","site-content-style":"default","site-sidebar-style":"default","ast-global-header-display":"","ast-banner-title-visibility":"","ast-main-header-display":"","ast-hfb-above-header-display":"","ast-hfb-below-header-display":"","ast-hfb-mobile-header-display":"","site-post-title":"","ast-breadcrumbs-content":"","ast-featured-img":"","footer-sml-layout":"","theme-transparent-header-meta":"default","adv-header-id-meta":"","stick-header-meta":"","header-above-stick-meta":"","header-main-stick-meta":"","header-below-stick-meta":"","astra-migrate-meta-layouts":"set","ast-page-background-enabled":"default","ast-page-background-meta":{"desktop":{"background-color":"var(--ast-global-color-4)","background-image":"","background-repeat":"repeat","background-position":"center center","background-size":"auto","background-attachment":"scroll","background-type":"","background-media":"","overlay-type":"","overlay-color":"","overlay-opacity":"","overlay-gradient":""},"tablet":{"background-color":"","background-image":"","background-repeat":"repeat","background-position":"center center","background-size":"auto","background-attachment":"scroll","background-type":"","background-media":"","overlay-type":"","overlay-color":"","overlay-opacity":"","overlay-gradient":""},"mobile":{"background-color":"","background-image":"","background-repeat":"repeat","background-position":"center center","background-size":"auto","background-attachment":"scroll","background-type":"","background-media":"","overlay-type":"","overlay-color":"","overlay-opacity":"","overlay-gradient":""}},"ast-content-background-meta":{"desktop":{"background-color":"var(--ast-global-color-5)","background-image":"","background-repeat":"repeat","background-position":"center center","background-size":"auto","background-attachment":"scroll","background-type":"","background-media":"","overlay-type":"","overlay-color":"","overlay-opacity":"","overlay-gradient":""},"tablet":{"background-color":"var(--ast-global-color-5)","background-image":"","background-repeat":"repeat","background-position":"center center","background-size":"auto","background-attachment":"scroll","background-type":"","background-media":"","overlay-type":"","overlay-color":"","overlay-opacity":"","overlay-gradient":""},"mobile":{"background-color":"var(--ast-global-color-5)","background-image":"","background-repeat":"repeat","background-position":"center center","background-size":"auto","background-attachment":"scroll","background-type":"","background-media":"","overlay-type":"","overlay-color":"","overlay-opacity":"","overlay-gradient":""}}},"product_brand":[],"product_cat":[628,349],"product_tag":[],"class_list":{"0":"post-61325","1":"product","2":"type-product","3":"status-publish","4":"has-post-thumbnail","6":"product_cat-nuevas-moleculas","7":"product_cat-packs-y-ofertas-cbd","8":"desktop-align-center","9":"tablet-align-center","10":"mobile-align-center","12":"first","13":"instock","14":"sale","15":"taxable","16":"shipping-taxable","17":"purchasable","18":"product-type-composite"},"acf":[],"yoast_head":"<!-- This site is optimized with the Yoast SEO Premium plugin v27.3 (Yoast SEO v27.3) - https:\/\/yoast.com\/product\/yoast-seo-premium-wordpress\/ -->\n<title>Pack 5 vaper: STV | 10-OH y E8H | Iguana Smoke<\/title>\n<meta name=\"description\" content=\"Pack 5 vaper: STV | 10-OH y E8H Space Vape Desechables, con terpenos naturales. Hasta 600 caladas. Sin THC, HHC o Nicotina. \u00a1Listos para disfrutar!\" \/>\n<meta name=\"robots\" content=\"index, follow, max-snippet:-1, max-image-preview:large, max-video-preview:-1\" \/>\n<link rel=\"canonical\" href=\"https:\/\/iguanasmoke.com\/it\/prodotto\/confezione-5-vapes-stv-e8h-o-10-oh-space-vape-2ml\/\" \/>\n<meta property=\"og:locale\" content=\"it_IT\" \/>\n<meta property=\"og:type\" content=\"article\" \/>\n<meta property=\"og:title\" content=\"Pack 5 Vapers de STV | 10-OH | E8H \u2013 Space Vape 2ml\" \/>\n<meta property=\"og:description\" content=\"Prep\u00e1rate porque este Pack de Vapeo incluye:   5 x Vaper a elegir la mol\u00e9cula y el sabor que prefieras  Caracter\u00edsticas   Capacidad: 2ml - 600 caladas  STV \/ 10-OH \/ E8H  Terpenos naturales de alta calidad  THC: 0%,\u00a0HHC: 0%, THC-P: 0%, Nicotina: 0%  No contiene VG, PG, PEG, MCT o cualquier otro agente de corte  Precio sin descuento: 174,50\u20ac | precio pack descuento: 149,95\u20ac =&gt; ahorro de 24,55\u20ac con un descuento del 14%\u00a0  Consulta\u00a0el an\u00e1lisis de laboratorio.\" \/>\n<meta property=\"og:url\" content=\"https:\/\/iguanasmoke.com\/it\/prodotto\/confezione-5-vapes-stv-e8h-o-10-oh-space-vape-2ml\/\" \/>\n<meta property=\"og:site_name\" content=\"Iguana Smoke\" \/>\n<meta property=\"article:publisher\" content=\"https:\/\/www.facebook.com\/iguanasmoke\" \/>\n<meta property=\"article:modified_time\" content=\"2026-02-09T13:06:05+00:00\" \/>\n<meta property=\"og:image\" content=\"https:\/\/iguanasmoke.com\/wp-content\/uploads\/2025\/07\/Pack-Space-VAPE-5x-2.webp\" \/>\n\t<meta property=\"og:image:width\" content=\"1000\" \/>\n\t<meta property=\"og:image:height\" content=\"1000\" \/>\n\t<meta property=\"og:image:type\" content=\"image\/webp\" \/>\n<meta name=\"twitter:card\" content=\"summary_large_image\" \/>\n<meta name=\"twitter:label1\" content=\"Prezzo\" \/>\n\t<meta name=\"twitter:data1\" content=\"149,95&nbsp;&euro;\" \/>\n\t<meta name=\"twitter:label2\" content=\"Disponibilit\u00e0\" \/>\n\t<meta name=\"twitter:data2\" content=\"In stock\" \/>\n<meta property=\"product:brand\" content=\"composite\" \/>\n<meta property=\"product:price:amount\" content=\"149.95\" \/>\n<meta property=\"product:price:currency\" content=\"EUR\" \/>\n<meta property=\"og:availability\" content=\"instock\" \/>\n<meta property=\"product:availability\" content=\"instock\" \/>\n<meta property=\"product:retailer_item_id\" content=\"IS-PACKSPACEVAPE5\" \/>\n<meta property=\"product:condition\" content=\"new\" \/>\n<!-- \/ Yoast SEO Premium plugin. -->","yoast_head_json":{"title":"Pacchetto 5 vaper: STV | 10-OH e E8H | Iguana Smoke","description":"Confezione 5 vaper: STV | 10-OH e E8H Space Vape usa e getta, con terpeni naturali. Fino a 600 boccate. Senza THC, HHC o nicotina, pronta da gustare!","robots":{"index":"index","follow":"follow","max-snippet":"max-snippet:-1","max-image-preview":"max-image-preview:large","max-video-preview":"max-video-preview:-1"},"canonical":"https:\/\/iguanasmoke.com\/it\/prodotto\/confezione-5-vapes-stv-e8h-o-10-oh-space-vape-2ml\/","og_locale":"it_IT","og_type":"article","og_title":"Pack 5 Vapers de STV | 10-OH | E8H \u2013 Space Vape 2ml","og_description":"Prep\u00e1rate porque este Pack de Vapeo incluye:   5 x Vaper a elegir la mol\u00e9cula y el sabor que prefieras  Caracter\u00edsticas   Capacidad: 2ml - 600 caladas  STV \/ 10-OH \/ E8H  Terpenos naturales de alta calidad  THC: 0%,\u00a0HHC: 0%, THC-P: 0%, Nicotina: 0%  No contiene VG, PG, PEG, MCT o cualquier otro agente de corte  Precio sin descuento: 174,50\u20ac | precio pack descuento: 149,95\u20ac =&gt; ahorro de 24,55\u20ac con un descuento del 14%\u00a0  Consulta\u00a0el an\u00e1lisis de laboratorio.","og_url":"https:\/\/iguanasmoke.com\/it\/prodotto\/confezione-5-vapes-stv-e8h-o-10-oh-space-vape-2ml\/","og_site_name":"Iguana Smoke","article_publisher":"https:\/\/www.facebook.com\/iguanasmoke","article_modified_time":"2026-02-09T13:06:05+00:00","og_image":[{"width":1000,"height":1000,"url":"https:\/\/iguanasmoke.com\/wp-content\/uploads\/2025\/07\/Pack-Space-VAPE-5x-2.webp","type":"image\/webp"}],"twitter_card":"summary_large_image","twitter_misc":{"Prezzo":"149,95&nbsp;&euro;","Disponibilit\u00e0":"In stock"},"schema":{"@context":"https:\/\/schema.org","@graph":[{"@type":"WebPage","@id":"https:\/\/iguanasmoke.com\/producto\/pack-5-vapes-stv-e8h-o-10-oh-space-vape-2ml\/","url":"https:\/\/iguanasmoke.com\/producto\/pack-5-vapes-stv-e8h-o-10-oh-space-vape-2ml\/","name":"Pacchetto 5 vaper: STV | 10-OH e E8H | Iguana Smoke","isPartOf":{"@id":"https:\/\/iguanasmoke.com\/#website"},"primaryImageOfPage":{"@id":"https:\/\/iguanasmoke.com\/producto\/pack-5-vapes-stv-e8h-o-10-oh-space-vape-2ml\/#primaryimage"},"image":{"@id":"https:\/\/iguanasmoke.com\/producto\/pack-5-vapes-stv-e8h-o-10-oh-space-vape-2ml\/#primaryimage"},"thumbnailUrl":"https:\/\/iguanasmoke.com\/wp-content\/uploads\/2025\/07\/Pack-Space-VAPE-5x-2.webp","datePublished":"2025-07-30T15:24:12+00:00","dateModified":"2026-02-09T13:06:05+00:00","description":"Confezione 5 vaper: STV | 10-OH e E8H Space Vape usa e getta, con terpeni naturali. Fino a 600 boccate. Senza THC, HHC o nicotina, pronta da gustare!","breadcrumb":{"@id":"https:\/\/iguanasmoke.com\/producto\/pack-5-vapes-stv-e8h-o-10-oh-space-vape-2ml\/#breadcrumb"},"inLanguage":"it-IT","potentialAction":[{"@type":"ReadAction","target":["https:\/\/iguanasmoke.com\/producto\/pack-5-vapes-stv-e8h-o-10-oh-space-vape-2ml\/"]}]},{"@type":"ImageObject","inLanguage":"it-IT","@id":"https:\/\/iguanasmoke.com\/producto\/pack-5-vapes-stv-e8h-o-10-oh-space-vape-2ml\/#primaryimage","url":"https:\/\/iguanasmoke.com\/wp-content\/uploads\/2025\/07\/Pack-Space-VAPE-5x-2.webp","contentUrl":"https:\/\/iguanasmoke.com\/wp-content\/uploads\/2025\/07\/Pack-Space-VAPE-5x-2.webp","width":1000,"height":1000,"caption":"Pack 5 Vapers de STV | 10OH | E8H \u2013 Space Vape 2ml"},{"@type":"BreadcrumbList","@id":"https:\/\/iguanasmoke.com\/producto\/pack-5-vapes-stv-e8h-o-10-oh-space-vape-2ml\/#breadcrumb","itemListElement":[{"@type":"ListItem","position":1,"name":"home","item":"https:\/\/iguanasmoke.com\/"},{"@type":"ListItem","position":2,"name":"Tienda","item":"https:\/\/iguanasmoke.com\/tienda\/"},{"@type":"ListItem","position":3,"name":"Packs y Ofertas","item":"https:\/\/iguanasmoke.com\/categoria\/packs-y-ofertas-cbd\/"},{"@type":"ListItem","position":4,"name":"Pack 5 Vapers de STV | 10-OH | E8H \u2013 Space Vape 2ml"}]},{"@type":"WebSite","@id":"https:\/\/iguanasmoke.com\/#website","url":"https:\/\/iguanasmoke.com\/","name":"Fumo di iguana","description":"Acquistare CBD online al miglior prezzo","publisher":{"@id":"https:\/\/iguanasmoke.com\/#organization"},"potentialAction":[{"@type":"SearchAction","target":{"@type":"EntryPoint","urlTemplate":"https:\/\/iguanasmoke.com\/?s={search_term_string}"},"query-input":{"@type":"PropertyValueSpecification","valueRequired":true,"valueName":"search_term_string"}}],"inLanguage":"it-IT"},{"@type":"Organization","@id":"https:\/\/iguanasmoke.com\/#organization","name":"Fumo di iguana","url":"https:\/\/iguanasmoke.com\/","logo":{"@type":"ImageObject","inLanguage":"it-IT","@id":"https:\/\/iguanasmoke.com\/#\/schema\/logo\/image\/","url":"https:\/\/iguanasmoke.com\/wp-content\/uploads\/2025\/01\/logoiguana-favi-1.png","contentUrl":"https:\/\/iguanasmoke.com\/wp-content\/uploads\/2025\/01\/logoiguana-favi-1.png","width":512,"height":512,"caption":"Iguana Smoke"},"image":{"@id":"https:\/\/iguanasmoke.com\/#\/schema\/logo\/image\/"},"sameAs":["https:\/\/www.facebook.com\/iguanasmoke","https:\/\/www.instagram.com\/iguanasmoke\/"]}]},"product_brand":"composite","product_price_amount":"149.95","product_price_currency":"EUR","og_availability":"instock","product_availability":"instock","product_retailer_item_id":"IS-PACKSPACEVAPE5","product_condition":"new"},"_links":{"self":[{"href":"https:\/\/iguanasmoke.com\/it\/wp-json\/wp\/v2\/product\/61325","targetHints":{"allow":["GET"]}}],"collection":[{"href":"https:\/\/iguanasmoke.com\/it\/wp-json\/wp\/v2\/product"}],"about":[{"href":"https:\/\/iguanasmoke.com\/it\/wp-json\/wp\/v2\/types\/product"}],"replies":[{"embeddable":true,"href":"https:\/\/iguanasmoke.com\/it\/wp-json\/wp\/v2\/comments?post=61325"}],"wp:featuredmedia":[{"embeddable":true,"href":"https:\/\/iguanasmoke.com\/it\/wp-json\/wp\/v2\/media\/77339"}],"wp:attachment":[{"href":"https:\/\/iguanasmoke.com\/it\/wp-json\/wp\/v2\/media?parent=61325"}],"wp:term":[{"taxonomy":"product_brand","embeddable":true,"href":"https:\/\/iguanasmoke.com\/it\/wp-json\/wp\/v2\/product_brand?post=61325"},{"taxonomy":"product_cat","embeddable":true,"href":"https:\/\/iguanasmoke.com\/it\/wp-json\/wp\/v2\/product_cat?post=61325"},{"taxonomy":"product_tag","embeddable":true,"href":"https:\/\/iguanasmoke.com\/it\/wp-json\/wp\/v2\/product_tag?post=61325"}],"curies":[{"name":"wp","href":"https:\/\/api.w.org\/{rel}","templated":true}]}}