{"id":61395,"date":"2025-07-21T15:43:09","date_gmt":"2025-07-21T13:43:09","guid":{"rendered":"https:\/\/iguanasmoke.com\/?post_type=product&#038;p=61395"},"modified":"2026-03-15T21:30:44","modified_gmt":"2026-03-15T20:30:44","slug":"iguana-power-kit-stv-sativanol-cartuccia-1ml","status":"publish","type":"product","link":"https:\/\/iguanasmoke.com\/it\/producto\/kit-iguana-power-cartucho-stv-sativanol-1ml\/","title":{"rendered":"Kit Iguana Power + STV Sativanol Cartuccia 1ml"},"content":{"rendered":"<h1 data-start=\"1609\" data-end=\"1642\"><span style=\"font-weight: 400;\">Kit cartuccia Iguana Power + STV da 1 ml<\/span><\/h1>\n<p>Questo kit completo di cartucce Iguana Power + STV da 1 ml vi offre la perfetta combinazione di potenza e un'ampia gamma di cannabinoidi. Per cominciare, fonde la versatile <a href=\"https:\/\/iguanasmoke.com\/it\/prodotto\/batteria-iguana-power-510-per-cartucce-da-1-ml-2\/\">Batteria 510 Slim<\/a> con cartucce STV (Sativanol) da 1 ml per un'esperienza di svapo di alta qualit\u00e0.<\/p>\n<p>&nbsp;<\/p>\n<h2><strong>Caratteristiche:<\/strong><\/h2>\n<ul>\n<li><span style=\"font-weight: 400;\"><strong>Compatibilit\u00e0 universale:<\/strong> La batteria Iguana Power 510 funziona con tutte le cartucce e gli atomizzatori presenti sul mercato, compresa la cartuccia STV da 1 ml.<\/span><\/li>\n<li><span style=\"font-weight: 400;\"><strong>Design compatto e robusto:<\/strong> Le sue dimensioni lo rendono ideale per l'uso quotidiano, \u00e8 costruito per durare nel tempo. <\/span><\/li>\n<li><span style=\"font-weight: 400;\"><strong>Gusti diversi.<\/strong>\u00a0<\/span><\/li>\n<li><span style=\"font-weight: 400;\"><strong>Kit completo e pronto all'uso:<\/strong> include 1 batteria Iguana Power Wide + 1 cartuccia STV da 1 ml dell'aroma desiderato. Godetevi la comodit\u00e0 di un kit all-in-one che vi permette di rilassarvi al massimo.<\/span><\/li>\n<li>Modalit\u00e0 di utilizzo della batteria:\n<ul>\n<li>Pulsante di attivazione con varie funzioni: <span style=\"font-weight: 400;\">il pulsante di accensione ha 3 usi diversi: <strong>premere 5 volte<\/strong> per <strong>accendere<\/strong>; <strong>3 volte<\/strong> cambiare il <strong>tensione<\/strong> y <strong>2 volte<\/strong> per <strong>preriscaldamento<\/strong>.\u00a0<\/span><\/li>\n<li>Manopola regolabile per un vapore personalizzato: <span style=\"font-weight: 400;\">\u00e8 possibile regolare la potenza a proprio piacimento per godere di grandi nuvole e sapori intensi con pochi clic.\u00a0<\/span><\/li>\n<\/ul>\n<\/li>\n<\/ul>\n<p>&nbsp;<\/p>\n<h2><strong>Che cos'\u00e8 una cartuccia monouso?<\/strong><\/h2>\n<p><span style=\"font-weight: 400;\">A <strong>cartuccia monouso<\/strong>, noto anche come capsula o \u201ccarrello\u201d, \u00e8 un cilindro di piccole dimensioni con un <strong>510, attacco da 1ml o 2ml<\/strong> che viene fornito pre-riempito con liquido da svapo. La grande differenza con gli altri tipi di cartucce \u00e8 che non devono essere ricaricate o rifornite: <strong>quando si esaurisce viene semplicemente scartato<\/strong>.<\/span><\/p>\n<p>&nbsp;<\/p>\n<h2><strong>Che cos'\u00e8 l'STV o Sativanol?<\/strong><\/h2>\n<p><span style=\"font-weight: 400;\">Il <strong>Sativanol<\/strong>, <strong>STV<\/strong> o <strong>Super Sativa<\/strong> \u00e8 una molecola di ultima generazione derivata dalla canapa che non contiene THC o suoi derivati (HHC, THCP...), ma il suo effetto \u00e8 paragonabile a quello di un <strong>Potente sativa<\/strong>Il massimo della chiarezza mentale, dell'euforia e del benessere senza annebbiamenti o crolli. \u00c8 il vostro alleato per un'esperienza stimolante e funzionale.\u00a0<\/span><\/p>\n<ul>\n<li>Effetti principali: associati a un'euforia mentale lieve ma potente, accompagnata da un miglioramento della concentrazione e dell'attenzione senza sedazione.<\/li>\n<li>Vantaggi principali: nessuna tolleranza con l'uso prolungato, niente postumi di sbornia o sonnolenza, e 100% \u00e8 privo di cannabinoidi controllati.<\/li>\n<li>Formato: Ogni cartuccia da 1 ml offre fino a 300 boccate, ideale per chi cerca un pacchetto completo come il kit di cartucce Iguana Power + STV da 1 ml.<\/li>\n<\/ul>\n<p>La formula STV \u00e8 ideale per chi ha bisogno di essere attivo, creativo o semplicemente vuole godersi un momento di chiarezza mentale senza disconnettersi.<\/p>\n<p>&nbsp;<\/p>\n<h2>Aromi squisiti nel kit Iguana Power + cartuccia STV da 1 ml<\/h2>\n<p><span style=\"font-weight: 400;\">Per un'esperienza di svapo di alto livello, offriamo una variet\u00e0 di aromi accuratamente selezionati:<\/span><\/p>\n<ul>\n<li>Autentici profili di cannabis: Amnesia (terroso e speziato), Gelato (morbido, dolce ed erbaceo) e Gorilla Glue (robusto, pino e terroso).<\/li>\n<li>Opzioni fruttate e rinfrescanti: Mango (esotico), Lemon Haze (rinfrescante e agrumato), Red Berries (dolci bacche rosse) e Strawberry (morbido e naturale).<\/li>\n<\/ul>\n<p>&nbsp;<\/p>\n<h3><b>Iguana Smoke \u00e8 il vostro negozio online di CBD di fiducia<\/b><\/h3>\n<p><span style=\"font-weight: 400;\">Noi di Iguana Smoke crediamo che il consumo di CBD debba essere un'esperienza sicura e piacevole. Ecco perch\u00e9 abbiamo prodotti di alta qualit\u00e0 che si rivolgono alle nuove generazioni: persone che cercano un benessere senza complicazioni, con marchi autentici e affidabili.\u00a0<\/span><\/p>\n<p>La nostra missione \u00e8 chiara: offrirvi il meglio del mondo dei cannabinoidi a un prezzo equo, con la tranquillit\u00e0 che deriva dalla consapevolezza di scegliere un prodotto certificato, efficace e 100% legale.<\/p>\n<p>Avete ancora dei dubbi? Scriveteci e saremo lieti di aiutarvi a trovare il prodotto giusto per voi, come il nostro rinomato kit di cartucce Iguana Power + STV da 1 ml.<\/p>\n<p>&nbsp;<\/p>\n<p><em><span style=\"font-weight: 400;\">*Ricorda: il tuo <strong>l'uso \u00e8 a scopo collezionistico o aromaterapico<\/strong> secondo la legge spagnola.<\/span><\/em><\/p>\n<p><em><span style=\"font-weight: 400;\">**Tutti i nostri prodotti sono derivati da canapa industriale certificata. Contengono meno dello 0,3 di THC e non contengono cannabinoidi illegali come HHC, HHC-P, THCP, THCP-O, H4CBD e quelli inclusi nell'Allegato I del Regio Decreto 2829\/1977, n\u00e9 sostanze controllate dalle convenzioni internazionali.\u00a0\u00a0<\/span><\/em><\/p>","protected":false},"excerpt":{"rendered":"<ul>\n<li><span style=\"font-size: 16px;\">Batteria sottile: 320 <em>MaH<\/em> per cartucce da 1 ml<\/span><\/li>\n<li>Cartuccia STV da 1 ml inclusa (300 boccate)<\/li>\n<li>Tensione: 2,7v - 3,1v - 3,6v<\/li>\n<li>Funzione di riscaldamento di 15 secondi<\/li>\n<li>Connessione: USB-C<\/li>\n<\/ul>","protected":false},"featured_media":61628,"comment_status":"open","ping_status":"closed","template":"","meta":{"_acf_changed":false,"site-sidebar-layout":"default","site-content-layout":"","ast-site-content-layout":"default","site-content-style":"default","site-sidebar-style":"default","ast-global-header-display":"","ast-banner-title-visibility":"","ast-main-header-display":"","ast-hfb-above-header-display":"","ast-hfb-below-header-display":"","ast-hfb-mobile-header-display":"","site-post-title":"","ast-breadcrumbs-content":"","ast-featured-img":"","footer-sml-layout":"","theme-transparent-header-meta":"default","adv-header-id-meta":"","stick-header-meta":"","header-above-stick-meta":"","header-main-stick-meta":"","header-below-stick-meta":"","astra-migrate-meta-layouts":"set","ast-page-background-enabled":"default","ast-page-background-meta":{"desktop":{"background-color":"var(--ast-global-color-4)","background-image":"","background-repeat":"repeat","background-position":"center center","background-size":"auto","background-attachment":"scroll","background-type":"","background-media":"","overlay-type":"","overlay-color":"","overlay-opacity":"","overlay-gradient":""},"tablet":{"background-color":"","background-image":"","background-repeat":"repeat","background-position":"center center","background-size":"auto","background-attachment":"scroll","background-type":"","background-media":"","overlay-type":"","overlay-color":"","overlay-opacity":"","overlay-gradient":""},"mobile":{"background-color":"","background-image":"","background-repeat":"repeat","background-position":"center center","background-size":"auto","background-attachment":"scroll","background-type":"","background-media":"","overlay-type":"","overlay-color":"","overlay-opacity":"","overlay-gradient":""}},"ast-content-background-meta":{"desktop":{"background-color":"var(--ast-global-color-5)","background-image":"","background-repeat":"repeat","background-position":"center center","background-size":"auto","background-attachment":"scroll","background-type":"","background-media":"","overlay-type":"","overlay-color":"","overlay-opacity":"","overlay-gradient":""},"tablet":{"background-color":"var(--ast-global-color-5)","background-image":"","background-repeat":"repeat","background-position":"center center","background-size":"auto","background-attachment":"scroll","background-type":"","background-media":"","overlay-type":"","overlay-color":"","overlay-opacity":"","overlay-gradient":""},"mobile":{"background-color":"var(--ast-global-color-5)","background-image":"","background-repeat":"repeat","background-position":"center center","background-size":"auto","background-attachment":"scroll","background-type":"","background-media":"","overlay-type":"","overlay-color":"","overlay-opacity":"","overlay-gradient":""}}},"product_brand":[],"product_cat":[984,419],"product_tag":[],"class_list":{"0":"post-61395","1":"product","2":"type-product","3":"status-publish","4":"has-post-thumbnail","6":"product_cat-baterias-y-kits-de-vapeo","7":"product_cat-cartuchos-cbd","8":"desktop-align-center","9":"tablet-align-center","10":"mobile-align-center","12":"first","13":"instock","14":"taxable","15":"shipping-taxable","16":"purchasable","17":"product-type-composite"},"acf":[],"yoast_head":"<!-- This site is optimized with the Yoast SEO Premium plugin v27.3 (Yoast SEO v27.3) - https:\/\/yoast.com\/product\/yoast-seo-premium-wordpress\/ -->\n<title>Kit Iguana Power + Cartucho STV 1ml | Iguana Smoke<\/title>\n<meta name=\"description\" content=\"Kit Iguana Power y cartucho STV 1ml para vapear. Alto contenido en CBD. Gran portabilidad para donde sea que estes. Solo en Iguana Smoke.\" \/>\n<meta name=\"robots\" content=\"index, follow, max-snippet:-1, max-image-preview:large, max-video-preview:-1\" \/>\n<link rel=\"canonical\" href=\"https:\/\/iguanasmoke.com\/it\/prodotto\/iguana-power-kit-stv-sativanol-cartuccia-1ml\/\" \/>\n<meta property=\"og:locale\" content=\"it_IT\" \/>\n<meta property=\"og:type\" content=\"article\" \/>\n<meta property=\"og:title\" content=\"Kit Iguana Power + Cartucho de STV Sativanol 1ml\" \/>\n<meta property=\"og:description\" content=\"Bater\u00eda Slim: 320 MaH para cartuchos de 1ml  Cartucho de STV de 1ml incluido (300 caladas)  Voltaje: 2,7v - 3,1v - 3,6v  Funci\u00f3n precalentamiento de 15 segundos  Conexi\u00f3n: USB-C\" \/>\n<meta property=\"og:url\" content=\"https:\/\/iguanasmoke.com\/it\/prodotto\/iguana-power-kit-stv-sativanol-cartuccia-1ml\/\" \/>\n<meta property=\"og:site_name\" content=\"Iguana Smoke\" \/>\n<meta property=\"article:publisher\" content=\"https:\/\/www.facebook.com\/iguanasmoke\" \/>\n<meta property=\"article:modified_time\" content=\"2026-03-15T20:30:44+00:00\" \/>\n<meta property=\"og:image\" content=\"https:\/\/iguanasmoke.com\/wp-content\/uploads\/2025\/07\/Bateria-slim-Cartucho-STV-1ml.webp\" \/>\n\t<meta property=\"og:image:width\" content=\"1000\" \/>\n\t<meta property=\"og:image:height\" content=\"1000\" \/>\n\t<meta property=\"og:image:type\" content=\"image\/webp\" \/>\n<meta name=\"twitter:card\" content=\"summary_large_image\" \/>\n<meta name=\"twitter:label1\" content=\"Prezzo\" \/>\n\t<meta name=\"twitter:data1\" content=\"24,90&nbsp;&euro;\" \/>\n\t<meta name=\"twitter:label2\" content=\"Disponibilit\u00e0\" \/>\n\t<meta name=\"twitter:data2\" content=\"In stock\" \/>\n<meta property=\"product:brand\" content=\"composite\" \/>\n<meta property=\"product:price:amount\" content=\"24.90\" \/>\n<meta property=\"product:price:currency\" content=\"EUR\" \/>\n<meta property=\"og:availability\" content=\"instock\" \/>\n<meta property=\"product:availability\" content=\"instock\" \/>\n<meta property=\"product:retailer_item_id\" content=\"IS-BAT510-PENKITSTV-1ML\" \/>\n<meta property=\"product:condition\" content=\"new\" \/>\n<!-- \/ Yoast SEO Premium plugin. -->","yoast_head_json":{"title":"Kit Iguana Power + Cartuccia STV 1ml | Iguana Smoke","description":"Kit Iguana Power e cartuccia STV da 1 ml per il vaping. Alto contenuto di CBD. Grande portabilit\u00e0 per qualsiasi luogo. Solo da Iguana Smoke.","robots":{"index":"index","follow":"follow","max-snippet":"max-snippet:-1","max-image-preview":"max-image-preview:large","max-video-preview":"max-video-preview:-1"},"canonical":"https:\/\/iguanasmoke.com\/it\/prodotto\/iguana-power-kit-stv-sativanol-cartuccia-1ml\/","og_locale":"it_IT","og_type":"article","og_title":"Kit Iguana Power + Cartucho de STV Sativanol 1ml","og_description":"Bater\u00eda Slim: 320 MaH para cartuchos de 1ml  Cartucho de STV de 1ml incluido (300 caladas)  Voltaje: 2,7v - 3,1v - 3,6v  Funci\u00f3n precalentamiento de 15 segundos  Conexi\u00f3n: USB-C","og_url":"https:\/\/iguanasmoke.com\/it\/prodotto\/iguana-power-kit-stv-sativanol-cartuccia-1ml\/","og_site_name":"Iguana Smoke","article_publisher":"https:\/\/www.facebook.com\/iguanasmoke","article_modified_time":"2026-03-15T20:30:44+00:00","og_image":[{"width":1000,"height":1000,"url":"https:\/\/iguanasmoke.com\/wp-content\/uploads\/2025\/07\/Bateria-slim-Cartucho-STV-1ml.webp","type":"image\/webp"}],"twitter_card":"summary_large_image","twitter_misc":{"Prezzo":"24,90&nbsp;&euro;","Disponibilit\u00e0":"In stock"},"schema":{"@context":"https:\/\/schema.org","@graph":[{"@type":"WebPage","@id":"https:\/\/iguanasmoke.com\/producto\/kit-iguana-power-cartucho-stv-sativanol-1ml\/","url":"https:\/\/iguanasmoke.com\/producto\/kit-iguana-power-cartucho-stv-sativanol-1ml\/","name":"Kit Iguana Power + Cartuccia STV 1ml | Iguana Smoke","isPartOf":{"@id":"https:\/\/iguanasmoke.com\/#website"},"primaryImageOfPage":{"@id":"https:\/\/iguanasmoke.com\/producto\/kit-iguana-power-cartucho-stv-sativanol-1ml\/#primaryimage"},"image":{"@id":"https:\/\/iguanasmoke.com\/producto\/kit-iguana-power-cartucho-stv-sativanol-1ml\/#primaryimage"},"thumbnailUrl":"https:\/\/iguanasmoke.com\/wp-content\/uploads\/2025\/07\/Bateria-slim-Cartucho-STV-1ml.webp","datePublished":"2025-07-21T13:43:09+00:00","dateModified":"2026-03-15T20:30:44+00:00","description":"Kit Iguana Power e cartuccia STV da 1 ml per il vaping. Alto contenuto di CBD. Grande portabilit\u00e0 per qualsiasi luogo. Solo da Iguana Smoke.","breadcrumb":{"@id":"https:\/\/iguanasmoke.com\/producto\/kit-iguana-power-cartucho-stv-sativanol-1ml\/#breadcrumb"},"inLanguage":"it-IT","potentialAction":[{"@type":"ReadAction","target":["https:\/\/iguanasmoke.com\/producto\/kit-iguana-power-cartucho-stv-sativanol-1ml\/"]}]},{"@type":"ImageObject","inLanguage":"it-IT","@id":"https:\/\/iguanasmoke.com\/producto\/kit-iguana-power-cartucho-stv-sativanol-1ml\/#primaryimage","url":"https:\/\/iguanasmoke.com\/wp-content\/uploads\/2025\/07\/Bateria-slim-Cartucho-STV-1ml.webp","contentUrl":"https:\/\/iguanasmoke.com\/wp-content\/uploads\/2025\/07\/Bateria-slim-Cartucho-STV-1ml.webp","width":1000,"height":1000,"caption":"kit cartucho 1ml stv + iguana power bateria slim"},{"@type":"BreadcrumbList","@id":"https:\/\/iguanasmoke.com\/producto\/kit-iguana-power-cartucho-stv-sativanol-1ml\/#breadcrumb","itemListElement":[{"@type":"ListItem","position":1,"name":"home","item":"https:\/\/iguanasmoke.com\/"},{"@type":"ListItem","position":2,"name":"Tienda","item":"https:\/\/iguanasmoke.com\/tienda\/"},{"@type":"ListItem","position":3,"name":"Vaper CBD","item":"https:\/\/iguanasmoke.com\/categoria\/vaper-cbd\/"},{"@type":"ListItem","position":4,"name":"Cartuchos","item":"https:\/\/iguanasmoke.com\/categoria\/vaper-cbd\/cartuchos-cbd\/"},{"@type":"ListItem","position":5,"name":"Bater\u00edas y Kits de Vapeo","item":"https:\/\/iguanasmoke.com\/categoria\/vaper-cbd\/cartuchos-cbd\/baterias-y-kits-de-vapeo\/"},{"@type":"ListItem","position":6,"name":"Kit Iguana Power + Cartucho de STV Sativanol 1ml"}]},{"@type":"WebSite","@id":"https:\/\/iguanasmoke.com\/#website","url":"https:\/\/iguanasmoke.com\/","name":"Fumo di iguana","description":"Acquistare CBD online al miglior prezzo","publisher":{"@id":"https:\/\/iguanasmoke.com\/#organization"},"potentialAction":[{"@type":"SearchAction","target":{"@type":"EntryPoint","urlTemplate":"https:\/\/iguanasmoke.com\/?s={search_term_string}"},"query-input":{"@type":"PropertyValueSpecification","valueRequired":true,"valueName":"search_term_string"}}],"inLanguage":"it-IT"},{"@type":"Organization","@id":"https:\/\/iguanasmoke.com\/#organization","name":"Fumo di iguana","url":"https:\/\/iguanasmoke.com\/","logo":{"@type":"ImageObject","inLanguage":"it-IT","@id":"https:\/\/iguanasmoke.com\/#\/schema\/logo\/image\/","url":"https:\/\/iguanasmoke.com\/wp-content\/uploads\/2025\/01\/logoiguana-favi-1.png","contentUrl":"https:\/\/iguanasmoke.com\/wp-content\/uploads\/2025\/01\/logoiguana-favi-1.png","width":512,"height":512,"caption":"Iguana Smoke"},"image":{"@id":"https:\/\/iguanasmoke.com\/#\/schema\/logo\/image\/"},"sameAs":["https:\/\/www.facebook.com\/iguanasmoke","https:\/\/www.instagram.com\/iguanasmoke\/"]}]},"product_brand":"composite","product_price_amount":"24.90","product_price_currency":"EUR","og_availability":"instock","product_availability":"instock","product_retailer_item_id":"IS-BAT510-PENKITSTV-1ML","product_condition":"new"},"_links":{"self":[{"href":"https:\/\/iguanasmoke.com\/it\/wp-json\/wp\/v2\/product\/61395","targetHints":{"allow":["GET"]}}],"collection":[{"href":"https:\/\/iguanasmoke.com\/it\/wp-json\/wp\/v2\/product"}],"about":[{"href":"https:\/\/iguanasmoke.com\/it\/wp-json\/wp\/v2\/types\/product"}],"replies":[{"embeddable":true,"href":"https:\/\/iguanasmoke.com\/it\/wp-json\/wp\/v2\/comments?post=61395"}],"wp:featuredmedia":[{"embeddable":true,"href":"https:\/\/iguanasmoke.com\/it\/wp-json\/wp\/v2\/media\/61628"}],"wp:attachment":[{"href":"https:\/\/iguanasmoke.com\/it\/wp-json\/wp\/v2\/media?parent=61395"}],"wp:term":[{"taxonomy":"product_brand","embeddable":true,"href":"https:\/\/iguanasmoke.com\/it\/wp-json\/wp\/v2\/product_brand?post=61395"},{"taxonomy":"product_cat","embeddable":true,"href":"https:\/\/iguanasmoke.com\/it\/wp-json\/wp\/v2\/product_cat?post=61395"},{"taxonomy":"product_tag","embeddable":true,"href":"https:\/\/iguanasmoke.com\/it\/wp-json\/wp\/v2\/product_tag?post=61395"}],"curies":[{"name":"wp","href":"https:\/\/api.w.org\/{rel}","templated":true}]}}