{"id":61795,"date":"2025-09-30T12:13:32","date_gmt":"2025-09-30T10:13:32","guid":{"rendered":"https:\/\/iguanasmoke.com\/?post_type=product&#038;p=61795"},"modified":"2026-04-10T10:09:25","modified_gmt":"2026-04-10T08:09:25","slug":"hashish-cbd-amnesia-30","status":"publish","type":"product","link":"https:\/\/iguanasmoke.com\/it\/producto\/hash-cbd-amnesia-30\/","title":{"rendered":"Hash CBD Amnesia 30%"},"content":{"rendered":"<h1><span style=\"font-weight: 400;\">Hash CBD Amnesia 30%: scoprite l'eccellenza svizzera<\/span><\/h1>\n<p><span style=\"font-weight: 400;\">Vi presentiamo una delle resine pi\u00f9 pregiate e lussuose della nostra collezione: L'Hash CBD Amnesia 30%. Sapete che a Iguana Smoke piace offrirvi il meglio dell'universo CBD, e questa \u00e8 proprio fatta di <strong>piante vigorose<\/strong> e accuratamente selezionati dalla <strong>Ceppo Amnesia di qualit\u00e0 svizzera<\/strong>, uno dei <strong>i fiori CBD pi\u00f9 famosi<\/strong> e amato nel mondo dell'hashish CBD senza THC.\u00a0<\/span><\/p>\n<p>Questo hashish CBD Amnesia dona un profondo senso di rilassamento e calma, rendendolo una resina potente per la vostra routine notturna o per quei momenti che richiedono una maggiore tranquillit\u00e0.<\/p>\n<p><span style=\"font-weight: 400;\">Inoltre ha meno di 0,3% di THC, quindi questo hashish \u00e8 <strong>legale in Spagna e in Europa<\/strong>. Esplorate la sua consistenza e assaporate i suoi aromi! Scoprite perch\u00e9 il <strong>Hash CBD Amnesia 30% <\/strong>\u00e8 una delle resine pi\u00f9 pure, potenti e di migliore qualit\u00e0 che si possano trovare se si vuole <strong>hashish CBD a basso costo<\/strong> ma premium.<\/span><\/p>\n<p>&nbsp;<\/p>\n<h2>Caratteristiche dell'amnesia da Hash CBD:<\/h2>\n<ul>\n<li><b>Aspetto e consistenza: <span style=\"font-size: 16px; font-weight: 400;\">presenta una coerenza <strong>malleabile e resinoso<\/strong>. Abbastanza morbido da sbriciolarsi con il calore delle dita, pur mantenendo una struttura compatta. Al tatto, un po' <strong>pringy<\/strong> a causa della <strong>alta concentrazione di resina ricca di cannabinoidi e terpeni<\/strong>; L'indicatore della loro <strong>qualit\u00e0 e purezza superiori<\/strong>.<\/span><\/b><\/li>\n<li><span style=\"font-size: 16px; font-weight: 400;\"><strong>Aroma e gusto:<\/strong> intenso, con un profilo complesso e accattivante. Note principali <strong>terroso e legnoso<\/strong>. Si possono notare anche sfumature <strong>agrumi<\/strong> e un tocco di spezie che ricorda l'iconico <strong>variet\u00e0 di cannabis Amnesia<\/strong>. Il tuo <strong>Il profilo olfattivo \u00e8 fresco e profondo<\/strong>, rilassamento invitante.<\/span><\/li>\n<li><strong>Origine e purezza:<\/strong><span style=\"font-size: 16px; font-weight: 400;\">\u00a0conserva tutti i suoi <strong>terpeni naturali<\/strong>, offrendo un profilo unico.<\/span><span style=\"font-size: 16px; font-weight: 400;\"> Con <strong>alto contenuto di cannabidiolo<\/strong>, \u00e8 ideale per chi cerca <strong>hashish<\/strong> <strong>CBD economico<\/strong> ma senza perdere in qualit\u00e0. La sua consistenza e il suo aroma intensi derivano da <strong>fiori di canapa svizzeri di alta qualit\u00e0<\/strong> selezionati e un accurato processo di estrazione del <strong>tricomi<\/strong>, che sono il <strong>ghiandole ricche di CBD e terpeni<\/strong>, mediante pressatura o setacciatura.\u00a0<\/span><\/li>\n<\/ul>\n<h3><\/h3>\n<p>&nbsp;<\/p>\n<h3><b>Perch\u00e9 acquistare l'hashish CBD Amnesia 30% da Iguana Smoke?<\/b><\/h3>\n<p><span style=\"font-weight: 400;\">Noi di Iguana Smoke ci impegniamo per la qualit\u00e0. I nostri prodotti a base di CBD sono 100% naturali e biologici, senza sostanze chimiche o pesticidi. Ci\u00f2 significa che quando acquistate da noi, state scegliendo <strong>resina e hashish CBD puro e sicuro<\/strong>. Come nel caso del nostro <span style=\"font-size: 16px; font-weight: 400;\"><strong>Amnesia CBD hashish 30%<\/strong><\/span><strong>.<\/strong><\/span><\/p>\n<p><span style=\"font-weight: 400;\">Questo \u00e8 il luogo sicuro per <strong>acquistare hashish CBD online in Spagna.<\/strong> Tutti i nostri prodotti sono approvati dall'UE, a garanzia della loro legalit\u00e0 e sicurezza. Con meno di 0,3 % di THC, \u00e8 possibile godere dei numerosi benefici del CBD senza gli effetti psicoattivi. Il nostro <strong>CBD hashish senza THC con alto contenuto di CBD<\/strong> soddisfa gli standard di qualit\u00e0, la cui analisi \u00e8 disponibile all'indirizzo<\/span><span style=\"font-weight: 400;\">\u00a0<a href=\"https:\/\/iguanasmoke.com\/it\/analitica\/\">qui<\/a>.\u00a0<\/span><\/p>\n<p><em><span style=\"font-weight: 400;\">*Nota bene: il suo utilizzo \u00e8 destinato alla raccolta o all'aromaterapia secondo la legge spagnola.\u00a0<\/span><\/em><\/p>\n<p><span style=\"font-weight: 400;\">Inoltre, se amate le nostre resine CBD pi\u00f9 tradizionali come la <a href=\"https:\/\/iguanasmoke.com\/it\/prodotto\/hash-cbd-frozen-golden-cider\/\">sidro d'oro congelato<\/a> o il <a href=\"https:\/\/iguanasmoke.com\/it\/prodotto\/blonde-hash-cbd-20\/\">hashish CBD Biondo<\/a>,tu <\/span><span style=\"font-weight: 400;\">ci assicuriamo che il <strong>Amnesia da hashish CBD<\/strong> 30% vi far\u00e0 innamorare. Inoltre, non dimenticate di provare altri <strong>Prodotti TOP<\/strong> come <a href=\"https:\/\/iguanasmoke.com\/it\/prodotto\/iguana-power-cartridge-cbd-full-spectrum-kit\/\">Kit batteria + cartucce CBD a spettro completo<\/a> o il <a href=\"https:\/\/iguanasmoke.com\/it\/cbd-vaper\/\">Vapori di CBD<\/a>. <\/span><span style=\"font-weight: 400;\">In breve, esplorate la nostra variet\u00e0 e trovate subito i vostri preferiti.\u00a0<\/span><\/p>\n<p>&nbsp;<\/p>\n<h3><b>Iguana Smoke \u00e8 sinonimo di qualit\u00e0 e affidabilit\u00e0.<\/b><\/h3>\n<p><span style=\"font-weight: 400;\">Noi di Iguana Smoke crediamo che il consumo di CBD debba essere un'esperienza sicura e piacevole. Ecco perch\u00e9 abbiamo prodotti di alta qualit\u00e0 che si rivolgono alle nuove generazioni: persone che cercano un benessere senza complicazioni, con marchi autentici e affidabili. Ricordate che tutti i nostri prodotti sono <strong>Hashish di CBD senza THC<\/strong>, come il <strong>Hash CBD Amnesia 30% <\/strong>che proverete a fare.<\/span><\/p>\n<p>La nostra missione \u00e8 chiara: offrirvi il meglio del mondo dei cannabinoidi a un prezzo equo, con la tranquillit\u00e0 che deriva dalla consapevolezza di scegliere un prodotto certificato, efficace e legale. Siamo all'avanguardia nei prodotti a base di CBD.<\/p>\n<p>Ancora dubbi? Scriveteci e saremo lieti di aiutarvi a trovare il prodotto giusto per voi.<\/p>","protected":false},"excerpt":{"rendered":"<p>Presentiamo il <b>Amnesia da hashish CBD<\/b>, una resina di lusso ottenuta da fiori di Amnesia di purezza superiore:<\/p>\n<ul>\n<li><b>Consistenza morbida e malleabile<\/b>\u00a0e di colore dorato.<\/li>\n<li><b>Aroma potente:<\/b> Sapore di amnesia con note terrose e agrumate.<\/li>\n<li>Alto contenuto di <b>CBD\u00a0<\/b>e &lt;0,3% di THC.<\/li>\n<\/ul>\n<p>Analisi della qualit\u00e0: clicca\u00a0<a href=\"https:\/\/iguanasmoke.com\/it\/analitica\/\" target=\"_blank\" rel=\"noopener\">qui<\/a><\/p>","protected":false},"featured_media":81731,"comment_status":"open","ping_status":"closed","template":"","meta":{"_acf_changed":false,"site-sidebar-layout":"default","site-content-layout":"","ast-site-content-layout":"default","site-content-style":"default","site-sidebar-style":"default","ast-global-header-display":"","ast-banner-title-visibility":"","ast-main-header-display":"","ast-hfb-above-header-display":"","ast-hfb-below-header-display":"","ast-hfb-mobile-header-display":"","site-post-title":"","ast-breadcrumbs-content":"","ast-featured-img":"","footer-sml-layout":"","theme-transparent-header-meta":"default","adv-header-id-meta":"","stick-header-meta":"","header-above-stick-meta":"","header-main-stick-meta":"","header-below-stick-meta":"","astra-migrate-meta-layouts":"set","ast-page-background-enabled":"default","ast-page-background-meta":{"desktop":{"background-color":"var(--ast-global-color-4)","background-image":"","background-repeat":"repeat","background-position":"center center","background-size":"auto","background-attachment":"scroll","background-type":"","background-media":"","overlay-type":"","overlay-color":"","overlay-opacity":"","overlay-gradient":""},"tablet":{"background-color":"","background-image":"","background-repeat":"repeat","background-position":"center center","background-size":"auto","background-attachment":"scroll","background-type":"","background-media":"","overlay-type":"","overlay-color":"","overlay-opacity":"","overlay-gradient":""},"mobile":{"background-color":"","background-image":"","background-repeat":"repeat","background-position":"center center","background-size":"auto","background-attachment":"scroll","background-type":"","background-media":"","overlay-type":"","overlay-color":"","overlay-opacity":"","overlay-gradient":""}},"ast-content-background-meta":{"desktop":{"background-color":"var(--ast-global-color-5)","background-image":"","background-repeat":"repeat","background-position":"center center","background-size":"auto","background-attachment":"scroll","background-type":"","background-media":"","overlay-type":"","overlay-color":"","overlay-opacity":"","overlay-gradient":""},"tablet":{"background-color":"var(--ast-global-color-5)","background-image":"","background-repeat":"repeat","background-position":"center center","background-size":"auto","background-attachment":"scroll","background-type":"","background-media":"","overlay-type":"","overlay-color":"","overlay-opacity":"","overlay-gradient":""},"mobile":{"background-color":"var(--ast-global-color-5)","background-image":"","background-repeat":"repeat","background-position":"center center","background-size":"auto","background-attachment":"scroll","background-type":"","background-media":"","overlay-type":"","overlay-color":"","overlay-opacity":"","overlay-gradient":""}}},"product_brand":[],"product_cat":[397],"product_tag":[],"class_list":{"0":"post-61795","1":"product","2":"type-product","3":"status-publish","4":"has-post-thumbnail","6":"product_cat-hash-cbd","7":"desktop-align-center","8":"tablet-align-center","9":"mobile-align-center","11":"first","12":"instock","13":"taxable","14":"shipping-taxable","15":"purchasable","16":"product-type-variable"},"acf":[],"yoast_head":"<!-- This site is optimized with the Yoast SEO Premium plugin v27.3 (Yoast SEO v27.3) - https:\/\/yoast.com\/product\/yoast-seo-premium-wordpress\/ -->\n<title>Hash CBD Amnesia: Calidad Suiza | Iguana Smoke<\/title>\n<meta name=\"description\" content=\"Eleva tu experiencia con el Hash CBD Amnesia, una resina premium de calidad Suiza. No te pierdas esta joya, tu hash de CBD sin THC \u00a1c\u00f3mpralo ahora!\" \/>\n<meta name=\"robots\" content=\"index, follow, max-snippet:-1, max-image-preview:large, max-video-preview:-1\" \/>\n<link rel=\"canonical\" href=\"https:\/\/iguanasmoke.com\/it\/prodotto\/hashish-cbd-amnesia-30\/\" \/>\n<meta property=\"og:locale\" content=\"it_IT\" \/>\n<meta property=\"og:type\" content=\"article\" \/>\n<meta property=\"og:title\" content=\"Hash CBD Amnesia 30%\" \/>\n<meta property=\"og:description\" content=\"Te presentamos el Hash CBD Amnesia, una resina de lujo elaborada a partir de flores Amnesia de pureza superior:   Textura suave, maleable\u00a0y color dorado.  Aroma potente: sabor a Amnesia con notas terrosas y c\u00edtricas.  Alto contenido en CBD\u00a0y &lt;0,3% de THC.  An\u00e1lisis de calidad: pincha\u00a0aqu\u00ed\" \/>\n<meta property=\"og:url\" content=\"https:\/\/iguanasmoke.com\/it\/prodotto\/hashish-cbd-amnesia-30\/\" \/>\n<meta property=\"og:site_name\" content=\"Iguana Smoke\" \/>\n<meta property=\"article:publisher\" content=\"https:\/\/www.facebook.com\/iguanasmoke\" \/>\n<meta property=\"article:modified_time\" content=\"2026-04-10T08:09:25+00:00\" \/>\n<meta property=\"og:image\" content=\"https:\/\/iguanasmoke.com\/wp-content\/uploads\/2025\/09\/Amnesia-2g-con-hash.webp\" \/>\n\t<meta property=\"og:image:width\" content=\"1000\" \/>\n\t<meta property=\"og:image:height\" content=\"1000\" \/>\n\t<meta property=\"og:image:type\" content=\"image\/webp\" \/>\n<meta name=\"twitter:card\" content=\"summary_large_image\" \/>\n<meta name=\"twitter:label1\" content=\"Disponibilit\u00e0\" \/>\n\t<meta name=\"twitter:data1\" content=\"In stock\" \/>\n<meta property=\"product:brand\" content=\"variable\" \/>\n<meta property=\"og:availability\" content=\"instock\" \/>\n<meta property=\"product:availability\" content=\"instock\" \/>\n<meta property=\"product:condition\" content=\"new\" \/>\n<!-- \/ Yoast SEO Premium plugin. -->","yoast_head_json":{"title":"Hash CBD Amnesia: Qualit\u00e0 svizzera | Iguana Smoke","description":"Elevate la vostra esperienza con Amnesia CBD Hash, una resina di qualit\u00e0 svizzera. Non perdetevi questo gioiello, il vostro hashish CBD senza THC, acquistatelo subito!","robots":{"index":"index","follow":"follow","max-snippet":"max-snippet:-1","max-image-preview":"max-image-preview:large","max-video-preview":"max-video-preview:-1"},"canonical":"https:\/\/iguanasmoke.com\/it\/prodotto\/hashish-cbd-amnesia-30\/","og_locale":"it_IT","og_type":"article","og_title":"Hash CBD Amnesia 30%","og_description":"Te presentamos el Hash CBD Amnesia, una resina de lujo elaborada a partir de flores Amnesia de pureza superior:   Textura suave, maleable\u00a0y color dorado.  Aroma potente: sabor a Amnesia con notas terrosas y c\u00edtricas.  Alto contenido en CBD\u00a0y &lt;0,3% de THC.  An\u00e1lisis de calidad: pincha\u00a0aqu\u00ed","og_url":"https:\/\/iguanasmoke.com\/it\/prodotto\/hashish-cbd-amnesia-30\/","og_site_name":"Iguana Smoke","article_publisher":"https:\/\/www.facebook.com\/iguanasmoke","article_modified_time":"2026-04-10T08:09:25+00:00","og_image":[{"width":1000,"height":1000,"url":"https:\/\/iguanasmoke.com\/wp-content\/uploads\/2025\/09\/Amnesia-2g-con-hash.webp","type":"image\/webp"}],"twitter_card":"summary_large_image","twitter_misc":{"Disponibilit\u00e0":"In stock"},"schema":{"@context":"https:\/\/schema.org","@graph":[{"@type":"WebPage","@id":"https:\/\/iguanasmoke.com\/producto\/hash-cbd-amnesia-30\/","url":"https:\/\/iguanasmoke.com\/producto\/hash-cbd-amnesia-30\/","name":"Hash CBD Amnesia: Qualit\u00e0 svizzera | Iguana Smoke","isPartOf":{"@id":"https:\/\/iguanasmoke.com\/#website"},"primaryImageOfPage":{"@id":"https:\/\/iguanasmoke.com\/producto\/hash-cbd-amnesia-30\/#primaryimage"},"image":{"@id":"https:\/\/iguanasmoke.com\/producto\/hash-cbd-amnesia-30\/#primaryimage"},"thumbnailUrl":"https:\/\/iguanasmoke.com\/wp-content\/uploads\/2025\/09\/Amnesia-2g-con-hash.webp","datePublished":"2025-09-30T10:13:32+00:00","dateModified":"2026-04-10T08:09:25+00:00","description":"Elevate la vostra esperienza con Amnesia CBD Hash, una resina di qualit\u00e0 svizzera. Non perdetevi questo gioiello, il vostro hashish CBD senza THC, acquistatelo subito!","breadcrumb":{"@id":"https:\/\/iguanasmoke.com\/producto\/hash-cbd-amnesia-30\/#breadcrumb"},"inLanguage":"it-IT","potentialAction":[{"@type":"ReadAction","target":["https:\/\/iguanasmoke.com\/producto\/hash-cbd-amnesia-30\/"]}]},{"@type":"ImageObject","inLanguage":"it-IT","@id":"https:\/\/iguanasmoke.com\/producto\/hash-cbd-amnesia-30\/#primaryimage","url":"https:\/\/iguanasmoke.com\/wp-content\/uploads\/2025\/09\/Amnesia-2g-con-hash.webp","contentUrl":"https:\/\/iguanasmoke.com\/wp-content\/uploads\/2025\/09\/Amnesia-2g-con-hash.webp","width":1000,"height":1000,"caption":"hash cbd amnesia 2g"},{"@type":"BreadcrumbList","@id":"https:\/\/iguanasmoke.com\/producto\/hash-cbd-amnesia-30\/#breadcrumb","itemListElement":[{"@type":"ListItem","position":1,"name":"home","item":"https:\/\/iguanasmoke.com\/"},{"@type":"ListItem","position":2,"name":"Tienda","item":"https:\/\/iguanasmoke.com\/tienda\/"},{"@type":"ListItem","position":3,"name":"Hash CBD","item":"https:\/\/iguanasmoke.com\/categoria\/hash-cbd\/"},{"@type":"ListItem","position":4,"name":"Hash CBD Amnesia 30%"}]},{"@type":"WebSite","@id":"https:\/\/iguanasmoke.com\/#website","url":"https:\/\/iguanasmoke.com\/","name":"Fumo di iguana","description":"Acquistare CBD online al miglior prezzo","publisher":{"@id":"https:\/\/iguanasmoke.com\/#organization"},"potentialAction":[{"@type":"SearchAction","target":{"@type":"EntryPoint","urlTemplate":"https:\/\/iguanasmoke.com\/?s={search_term_string}"},"query-input":{"@type":"PropertyValueSpecification","valueRequired":true,"valueName":"search_term_string"}}],"inLanguage":"it-IT"},{"@type":"Organization","@id":"https:\/\/iguanasmoke.com\/#organization","name":"Fumo di iguana","url":"https:\/\/iguanasmoke.com\/","logo":{"@type":"ImageObject","inLanguage":"it-IT","@id":"https:\/\/iguanasmoke.com\/#\/schema\/logo\/image\/","url":"https:\/\/iguanasmoke.com\/wp-content\/uploads\/2025\/01\/logoiguana-favi-1.png","contentUrl":"https:\/\/iguanasmoke.com\/wp-content\/uploads\/2025\/01\/logoiguana-favi-1.png","width":512,"height":512,"caption":"Iguana Smoke"},"image":{"@id":"https:\/\/iguanasmoke.com\/#\/schema\/logo\/image\/"},"sameAs":["https:\/\/www.facebook.com\/iguanasmoke","https:\/\/www.instagram.com\/iguanasmoke\/"]}]},"product_brand":"variable","og_availability":"instock","product_availability":"instock","product_condition":"new"},"_links":{"self":[{"href":"https:\/\/iguanasmoke.com\/it\/wp-json\/wp\/v2\/product\/61795","targetHints":{"allow":["GET"]}}],"collection":[{"href":"https:\/\/iguanasmoke.com\/it\/wp-json\/wp\/v2\/product"}],"about":[{"href":"https:\/\/iguanasmoke.com\/it\/wp-json\/wp\/v2\/types\/product"}],"replies":[{"embeddable":true,"href":"https:\/\/iguanasmoke.com\/it\/wp-json\/wp\/v2\/comments?post=61795"}],"wp:featuredmedia":[{"embeddable":true,"href":"https:\/\/iguanasmoke.com\/it\/wp-json\/wp\/v2\/media\/81731"}],"wp:attachment":[{"href":"https:\/\/iguanasmoke.com\/it\/wp-json\/wp\/v2\/media?parent=61795"}],"wp:term":[{"taxonomy":"product_brand","embeddable":true,"href":"https:\/\/iguanasmoke.com\/it\/wp-json\/wp\/v2\/product_brand?post=61795"},{"taxonomy":"product_cat","embeddable":true,"href":"https:\/\/iguanasmoke.com\/it\/wp-json\/wp\/v2\/product_cat?post=61795"},{"taxonomy":"product_tag","embeddable":true,"href":"https:\/\/iguanasmoke.com\/it\/wp-json\/wp\/v2\/product_tag?post=61795"}],"curies":[{"name":"wp","href":"https:\/\/api.w.org\/{rel}","templated":true}]}}