{"id":61802,"date":"2025-07-30T16:32:27","date_gmt":"2025-07-30T14:32:27","guid":{"rendered":"https:\/\/iguanasmoke.com\/?post_type=product&#038;p=61802"},"modified":"2026-02-12T15:21:53","modified_gmt":"2026-02-12T14:21:53","slug":"vape-space-vape-e8h-lemon","status":"publish","type":"product","link":"https:\/\/iguanasmoke.com\/it\/producto\/vape-space-vape-e8h-lemon\/","title":{"rendered":"Vaper E8H 90% - Space Vape Lemon Haze"},"content":{"rendered":"<h1 data-start=\"1609\" data-end=\"1642\"><span style=\"font-weight: 400;\">Vaper E8H 90% Space Vape Lemon Haze: sentite l'esplosione fruttata<\/span><\/h1>\n<p><span style=\"font-weight: 400;\">Scoprire il <strong>Vaper E8H<\/strong> <strong>Limone Haze<\/strong>, una scelta ideale per chi \u00e8 alla ricerca di un gusto top e rinfrescante: il limone. Progettato per avere un <strong>esperienza di svapo completa e potente,<\/strong>\u00a0a carico del <strong>90% con la molecola innovativa E8H<\/strong> e completato la formula <strong>privo di agenti da taglio, nicotina e HHC<\/strong>, per godere di una svapata E8H pulita, legale e di qualit\u00e0.<\/span><\/p>\n<p><span style=\"font-weight: 400;\">Sapevate che l'acquisto di un <strong>vaper<\/strong><\/span><span style=\"font-weight: 400;\"><strong> E8H <\/strong>significa portare in tasca la tecnologia della cannabis del futuro? <strong>Senza THC<\/strong>, <strong>ma c'\u00e8 un effetto<\/strong>; <strong>niente fumo<\/strong>, <strong>ma c'\u00e8 una nuvola<\/strong>; Non c'\u00e8 dubbio, perch\u00e9 <strong>questo vaper E8H Mango \u00e8 puro e rinfrescante.<\/strong><\/span><\/p>\n<p>&nbsp;<\/p>\n<h2><strong>Che cos'\u00e8 la molecola E8H?<\/strong><\/h2>\n<p><span style=\"font-weight: 400;\">I nostri vapers contengono il <strong>90% questa molecola semisintetica all'avanguardia: E8H<\/strong>. \u00c8 stato progettato per offrire un <strong>esperienza<\/strong> <strong>solo<\/strong>, <strong>molto simile a quello dell'HHC<\/strong>. Tuttavia, a differenza di ci\u00f2 che gi\u00e0 conoscete, questa molecola all'avanguardia offre un'esperienza unica che cambier\u00e0 le vostre aspettative. <\/span><\/p>\n<p><span style=\"font-weight: 400;\">\u00c8 unico, bisogna provarlo per sperimentarlo! Il suo recente sviluppo lo colloca in un quadro normativo in evoluzione, aprendo nuove possibilit\u00e0 nel mondo del vaping. <\/span><\/p>\n<p><span style=\"font-weight: 400;\">Sebbene gli effetti possano variare da persona a persona, le esperienze spesso includono:\u00a0<\/span><\/p>\n<ul>\n<li>Esperienze simili a quelle del THC, una sensazione piacevole.<\/li>\n<li>Rilassamento generale e riduzione dello stress<\/li>\n<li>Sensazione di calma o benessere.<\/li>\n<\/ul>\n<p>&nbsp;<\/p>\n<h2>Profilo terpenico della Vaper E8H Lemon Haze:<\/h2>\n<p><span style=\"font-weight: 400;\">La variet\u00e0 Lemon Haze \u00e8 famosa per il suo aroma brillante, agrumato e fresco. Quando viene svapata si nota un perfetto equilibrio tra dolcezza e acidit\u00e0, con <strong>note di scorza di limone<\/strong>, spezie e un finale erbaceo. A tutto questo va aggiunto <\/span>il tocco di E8H grazie al quale otterrete un effetto funzionale e piacevole. La sua combinazione di terpeni comprende:<\/p>\n<ul>\n<li>Limonene: fresco e agrumato, edificante e antistress.<\/li>\n<li>Mircene: terroso e delicato, aiuta a bilanciare l'effetto.<\/li>\n<li>Pinene: tocco legnoso rinfrescante, migliora la lucidit\u00e0 mentale.<\/li>\n<\/ul>\n<p>&nbsp;<\/p>\n<h2><strong>Caratteristiche principali Vaper E8H Lemon Haze:<\/strong><\/h2>\n<ul>\n<li><span style=\"font-weight: 400;\"><strong>Contiene E8H di alta qualit\u00e0<\/strong>, con un profilo naturale di cannabinoidi.<\/span><\/li>\n<li><span style=\"font-weight: 400;\"><strong>Estratto di canapa biologico<\/strong>, privo di additivi e solventi.<\/span><\/li>\n<li><span style=\"font-weight: 400;\">Disponibile in <strong>1ml e 2ml<\/strong>. <\/span><\/li>\n<li><span style=\"font-weight: 400;\">Gusto di <strong>agrumi<\/strong>, <strong>acido<\/strong> y <strong>potente<\/strong>; come il <strong>limone<\/strong>.<\/span><\/li>\n<li>Ideale per l'uso quotidiano: <strong>nessuna combustione, nessun odore, nessuna tolleranza<\/strong>.<\/li>\n<li><span style=\"font-weight: 400;\"><strong>Effetto potente <\/strong>senza avvertire alcun effetto <strong>psicoattivi<\/strong> indesiderato<strong>: durata<\/strong> <strong>lungo<\/strong> (<strong>3-4 ore<\/strong>)<\/span><\/li>\n<li>Esperienza <strong>sensoriale<\/strong> molto successo.<\/li>\n<li><span style=\"font-weight: 400;\">A <strong>300 soffi <\/strong>(1ml) e<strong> 600 soffi <\/strong>(2 ml).<\/span><\/li>\n<li>Batteria ricaricabile USB Type-C.<\/li>\n<li><span style=\"font-weight: 400;\"><strong>Nessun THC rilevabile<\/strong>. <\/span><\/li>\n<li><span style=\"font-weight: 400;\"><strong>Qualit\u00e0 garantita da Iguana Smoke<\/strong>.<\/span><\/li>\n<\/ul>\n<p><span style=\"font-weight: 400;\">Il <strong>vaper E8H <\/strong>\u00e8 il modo pi\u00f9 comodo e pulito per godere di tutti i vantaggi della <strong>vantaggi dell'E8H<\/strong>, nessuna manutenzione, nessun problema, nessuna seccatura.\u00a0<\/span><\/p>\n<p>&nbsp;<\/p>\n<h2><strong>Che cos'\u00e8 un vaper usa e getta?<\/strong><\/h2>\n<p><span style=\"font-weight: 400;\">A <strong>vaper E8H monouso<\/strong> \u00e8 un dispositivo di tipo penna\u201c <strong>di 1ml o 2ml<\/strong> che viene fornito con il liquido E8H. La grande differenza rispetto ad altri tipi di vapers \u00e8 che non ha bisogno di essere riempito o rabboccato: <strong>quando si esaurisce viene semplicemente scartato<\/strong>.\u00a0<\/span><\/p>\n<p><span style=\"font-weight: 400;\">Ci sono anche <strong><a href=\"https:\/\/iguanasmoke.com\/it\/categoria\/cbd-vaper-2\/cartucce\/?filter_tipo-cartucho=e8h\">cartucce E8H monouso<\/a><\/strong> che sono microcapsule che contengono il liquido ma necessitano di una batteria esterna per essere utilizzate.<\/span><\/p>\n<p>&nbsp;<\/p>\n<h3><b>Dove acquistare il Vaper E8H<\/b><b> <span style=\"font-weight: 400;\"><strong>Limone Haze<\/strong><\/span>?<\/b><\/h3>\n<p><span style=\"font-weight: 400;\">Se state cercando <strong>acquistare un vaper E8H<\/strong><strong>, <\/strong>questo \u00e8 il tuo posto sicuro per <strong>acquistare il vaper monouso E8H in Spagna.<\/strong> Tutti i nostri prodotti sono approvati dall'UE, a garanzia della loro legalit\u00e0 e sicurezza. Inoltre, se volete potete consultare<\/span><strong> <a href=\"https:\/\/iguanasmoke.com\/it\/analitica\/\">analisi di laboratorio.<\/a><\/strong><\/p>\n<p><span style=\"font-weight: 400;\">Non dimenticate di esplorare altri <strong>vaper E8H <\/strong>come il <strong><a href=\"https:\/\/iguanasmoke.com\/it\/prodotto\/vaper-e8h-90-spazio-vape-impugnatura\/\">Vaper E8H Spazio Vape Mango<\/a>\u00a0<\/strong>u <\/span><span style=\"font-weight: 400;\">altro <strong>Prodotti TOP<\/strong> come il <strong><a href=\"https:\/\/iguanasmoke.com\/it\/prodotto\/cartuccia-e8h-90-lemon-haze\/\">Cartuccia E8H Lemon Haze<\/a><\/strong> o il <a href=\"https:\/\/iguanasmoke.com\/it\/categoria\/fiori-di-cbd-4\/\"><strong>Fiori di CBD<\/strong><\/a>. <\/span><span style=\"font-weight: 400;\">In breve, esplorate la nostra variet\u00e0 e trovate subito i vostri preferiti.<\/span><span style=\"font-weight: 400;\">\u00a0<\/span><\/p>\n<p><strong data-start=\"303\" data-end=\"345\">Consegna rapida e discreta in tutta la Spagna<\/strong>, con <strong data-start=\"351\" data-end=\"387\">attenzione stretta e personalizzata<\/strong> per rispondere a qualsiasi domanda prima e dopo l'acquisto.<\/p>\n<p>&nbsp;<\/p>\n<h3><b>Iguana Smoke \u00e8 il vostro negozio online di CBD\u00a0<\/b><\/h3>\n<p><span style=\"font-weight: 400;\">A<strong> Fumo di iguana<\/strong>, Crediamo che il consumo di CBD debba essere un'esperienza sicura. Ecco perch\u00e9 abbiamo prodotti come questo <strong>vaper E8H Lemon Haze<\/strong>, Il marchio si rivolge alle nuove generazioni: persone che cercano un benessere senza complicazioni, con marchi autentici e affidabili.\u00a0<\/span><\/p>\n<p>La nostra missione \u00e8 chiara: offrirvi il meglio del mondo dei cannabinoidi a un prezzo equo. Inoltre, vi diamo la tranquillit\u00e0 di sapere che state scegliendo un prodotto certificato, efficace e 100% legale. Il vostro momento di relax inizia qui con noi.<\/p>\n<p>Ancora dubbi? Scriveteci e saremo lieti di aiutarvi a trovare il prodotto giusto per voi.<\/p>\n<p>&nbsp;<\/p>\n<h6>\u2139\ufe0f<strong> Informazioni legali<\/strong><\/h6>\n<p><em><span style=\"font-weight: 400;\">*Prodotto destinato alla raccolta o all'aromaterapia, in conformit\u00e0 alla legislazione spagnola vigente. <\/span><\/em><\/p>\n<p><em><span style=\"font-weight: 400;\">**Derivato da canapa industriale certificata. Contiene meno dello 0,3 di THC e non contiene cannabinoidi illegali come HHC, HHC-P, THCP, THCP-O, H4CBD o sostanze elencate nell'Allegato I del Regio Decreto 2829\/1977, n\u00e9 sostanze controllate da convenzioni internazionali.\u00a0\u00a0<\/span><\/em><\/p>\n<p>&nbsp;<\/p>\n<h2><strong>\ud83d\udcac FAQS E8H Space Vape: <\/strong><\/h2>\n<h4><span style=\"font-weight: 400;\">\u2753 Posizionare l'E8H Lemon Haze Space Vape Vaper? <\/span><\/h4>\n<p><span style=\"font-weight: 400;\">Tra i loro effetti, possono includere un <strong data-start=\"4736\" data-end=\"4775\">lieve euforia o intenso rilassamento<\/strong>, senza i forti effetti del THC.\u00a0<\/span><\/p>\n<h4><span style=\"font-weight: 400;\">Quali effetti posso aspettarmi e quanto tempo ci vuole?\u00a0<\/span><\/h4>\n<p><span style=\"font-weight: 400;\">Ricordate che ogni persona \u00e8 unica e la <strong>gli effetti possono variare<\/strong> a seconda della concentrazione, dell'utilizzatore, della tolleranza e della frequenza d'uso. Potreste iniziare a notarlo presto. <strong>L'effetto \u00e8 potente e dura circa 3-4 ore.<\/strong>.<\/span><\/p>\n<h4><span style=\"font-weight: 400;\">L'E8H \u00e8 legale in Spagna?\u00a0<\/span><\/h4>\n<p><span style=\"font-weight: 400;\"><strong>S\u00ec<\/strong>. L'E8H <strong>non \u00e8 incluso negli elenchi delle sostanze controllate<\/strong> in Spagna e nell'UE, in modo da poter essere legalmente commercializzato in conformit\u00e0 alle normative vigenti.<\/span><\/p>\n<h4><span style=\"font-weight: 400;\">Perch\u00e9 scegliere l'E8H rispetto all'HHC o al THC?\u00a0<\/span><\/h4>\n<p><span style=\"font-weight: 400;\">Perch\u00e9 l'E8H <strong>offre un'alternativa legale e sicura<\/strong>, Il nuovo profilo, pi\u00f9 controllato e stabile, \u00e8 ideale per chi \u00e8 alla ricerca di sensazioni morbide all'interno della legge.<\/span><\/p>","protected":false},"excerpt":{"rendered":"<h4>Caratteristiche<\/h4>\n<ul>\n<li style=\"list-style-type: none;\">\n<ul>\n<li>Sapore fruttato di limone e agrumi<\/li>\n<li>Capacit\u00e0: 1 ml \/ 2 ml<\/li>\n<li>Corse: fino a 300 \/ 600<\/li>\n<li>Terpeni naturali di alta qualit\u00e0<\/li>\n<li>E8H a 90%<\/li>\n<li>THC: 0%, HHC: 0%, THC-P: 0%, Nicotina: 0%<\/li>\n<li>Non contiene VG, PG, PEG, MCT o altri agenti di taglio.<\/li>\n<\/ul>\n<\/li>\n<\/ul>\n<p><span style=\"font-weight: 400;\">Inoltre, se si desidera, \u00e8 possibile consultare<strong> <a href=\"https:\/\/iguanasmoke.com\/it\/analitica\/\">analisi di laboratorio.<\/a><\/strong><\/span><\/p>","protected":false},"featured_media":77848,"comment_status":"open","ping_status":"closed","template":"","meta":{"_acf_changed":false,"site-sidebar-layout":"default","site-content-layout":"","ast-site-content-layout":"default","site-content-style":"default","site-sidebar-style":"default","ast-global-header-display":"","ast-banner-title-visibility":"","ast-main-header-display":"","ast-hfb-above-header-display":"","ast-hfb-below-header-display":"","ast-hfb-mobile-header-display":"","site-post-title":"","ast-breadcrumbs-content":"","ast-featured-img":"","footer-sml-layout":"","theme-transparent-header-meta":"default","adv-header-id-meta":"","stick-header-meta":"","header-above-stick-meta":"","header-main-stick-meta":"","header-below-stick-meta":"","astra-migrate-meta-layouts":"set","ast-page-background-enabled":"default","ast-page-background-meta":{"desktop":{"background-color":"var(--ast-global-color-4)","background-image":"","background-repeat":"repeat","background-position":"center center","background-size":"auto","background-attachment":"scroll","background-type":"","background-media":"","overlay-type":"","overlay-color":"","overlay-opacity":"","overlay-gradient":""},"tablet":{"background-color":"","background-image":"","background-repeat":"repeat","background-position":"center center","background-size":"auto","background-attachment":"scroll","background-type":"","background-media":"","overlay-type":"","overlay-color":"","overlay-opacity":"","overlay-gradient":""},"mobile":{"background-color":"","background-image":"","background-repeat":"repeat","background-position":"center center","background-size":"auto","background-attachment":"scroll","background-type":"","background-media":"","overlay-type":"","overlay-color":"","overlay-opacity":"","overlay-gradient":""}},"ast-content-background-meta":{"desktop":{"background-color":"var(--ast-global-color-5)","background-image":"","background-repeat":"repeat","background-position":"center center","background-size":"auto","background-attachment":"scroll","background-type":"","background-media":"","overlay-type":"","overlay-color":"","overlay-opacity":"","overlay-gradient":""},"tablet":{"background-color":"var(--ast-global-color-5)","background-image":"","background-repeat":"repeat","background-position":"center center","background-size":"auto","background-attachment":"scroll","background-type":"","background-media":"","overlay-type":"","overlay-color":"","overlay-opacity":"","overlay-gradient":""},"mobile":{"background-color":"var(--ast-global-color-5)","background-image":"","background-repeat":"repeat","background-position":"center center","background-size":"auto","background-attachment":"scroll","background-type":"","background-media":"","overlay-type":"","overlay-color":"","overlay-opacity":"","overlay-gradient":""}}},"product_brand":[],"product_cat":[627],"product_tag":[],"class_list":{"0":"post-61802","1":"product","2":"type-product","3":"status-publish","4":"has-post-thumbnail","6":"product_cat-e8h","7":"desktop-align-center","8":"tablet-align-center","9":"mobile-align-center","11":"first","12":"instock","13":"taxable","14":"shipping-taxable","15":"purchasable","16":"product-type-variable"},"acf":[],"yoast_head":"<!-- This site is optimized with the Yoast SEO Premium plugin v27.3 (Yoast SEO v27.3) - https:\/\/yoast.com\/product\/yoast-seo-premium-wordpress\/ -->\n<title>Vaper E8H 90% - Space Vape Lemon Haze | Iguana Smoke<\/title>\n<meta name=\"description\" content=\"Vaper E8H Lemon Haze. Experimenta una mol\u00e9cula potente y equilibrada, sin THC ni nicotina. Descubre nuevas mol\u00e9culas CBD solo en Iguana Smoke.\" \/>\n<meta name=\"robots\" content=\"index, follow, max-snippet:-1, max-image-preview:large, max-video-preview:-1\" \/>\n<link rel=\"canonical\" href=\"https:\/\/iguanasmoke.com\/it\/prodotto\/vape-space-vape-e8h-lemon\/\" \/>\n<meta property=\"og:locale\" content=\"it_IT\" \/>\n<meta property=\"og:type\" content=\"article\" \/>\n<meta property=\"og:title\" content=\"Vaper E8H 90% - Space Vape Lemon Haze\" \/>\n<meta property=\"og:description\" content=\"Caracter\u00edsticas      Sabor frutal c\u00edtrico a lim\u00f3n  Capacidad: 1 ml \/ 2 ml  Caladas: hasta 300 \/ 600  Terpenos naturales de alta calidad  E8H al 90%  THC: 0%, HHC: 0%, THC-P: 0%, Nicotina: 0%  No contiene VG, PG, PEG, MCT u otro agente de corte.    Adem\u00e1s, si quieres puedes consultar el an\u00e1lisis de laboratorio.\" \/>\n<meta property=\"og:url\" content=\"https:\/\/iguanasmoke.com\/it\/prodotto\/vape-space-vape-e8h-lemon\/\" \/>\n<meta property=\"og:site_name\" content=\"Iguana Smoke\" \/>\n<meta property=\"article:publisher\" content=\"https:\/\/www.facebook.com\/iguanasmoke\" \/>\n<meta property=\"article:modified_time\" content=\"2026-02-12T14:21:53+00:00\" \/>\n<meta property=\"og:image\" content=\"https:\/\/iguanasmoke.com\/wp-content\/uploads\/2026\/02\/Mockup-E8H-Lemon-caja-der-1.webp\" \/>\n\t<meta property=\"og:image:width\" content=\"1000\" \/>\n\t<meta property=\"og:image:height\" content=\"1000\" \/>\n\t<meta property=\"og:image:type\" content=\"image\/webp\" \/>\n<meta name=\"twitter:card\" content=\"summary_large_image\" \/>\n<meta name=\"twitter:label1\" content=\"Disponibilit\u00e0\" \/>\n\t<meta name=\"twitter:data1\" content=\"In stock\" \/>\n<meta property=\"product:brand\" content=\"variable\" \/>\n<meta property=\"og:availability\" content=\"instock\" \/>\n<meta property=\"product:availability\" content=\"instock\" \/>\n<meta property=\"product:condition\" content=\"new\" \/>\n<!-- \/ Yoast SEO Premium plugin. -->","yoast_head_json":{"title":"Vaper E8H 90% - Space Vape Lemon Haze | Iguana Smoke","description":"Vaper E8H Lemon Haze. Provate una molecola potente ed equilibrata, priva di THC e nicotina. Scoprite le nuove molecole di CBD solo da Iguana Smoke.","robots":{"index":"index","follow":"follow","max-snippet":"max-snippet:-1","max-image-preview":"max-image-preview:large","max-video-preview":"max-video-preview:-1"},"canonical":"https:\/\/iguanasmoke.com\/it\/prodotto\/vape-space-vape-e8h-lemon\/","og_locale":"it_IT","og_type":"article","og_title":"Vaper E8H 90% - Space Vape Lemon Haze","og_description":"Caracter\u00edsticas      Sabor frutal c\u00edtrico a lim\u00f3n  Capacidad: 1 ml \/ 2 ml  Caladas: hasta 300 \/ 600  Terpenos naturales de alta calidad  E8H al 90%  THC: 0%, HHC: 0%, THC-P: 0%, Nicotina: 0%  No contiene VG, PG, PEG, MCT u otro agente de corte.    Adem\u00e1s, si quieres puedes consultar el an\u00e1lisis de laboratorio.","og_url":"https:\/\/iguanasmoke.com\/it\/prodotto\/vape-space-vape-e8h-lemon\/","og_site_name":"Iguana Smoke","article_publisher":"https:\/\/www.facebook.com\/iguanasmoke","article_modified_time":"2026-02-12T14:21:53+00:00","og_image":[{"width":1000,"height":1000,"url":"https:\/\/iguanasmoke.com\/wp-content\/uploads\/2026\/02\/Mockup-E8H-Lemon-caja-der-1.webp","type":"image\/webp"}],"twitter_card":"summary_large_image","twitter_misc":{"Disponibilit\u00e0":"In stock"},"schema":{"@context":"https:\/\/schema.org","@graph":[{"@type":"WebPage","@id":"https:\/\/iguanasmoke.com\/producto\/vape-space-vape-e8h-lemon\/","url":"https:\/\/iguanasmoke.com\/producto\/vape-space-vape-e8h-lemon\/","name":"Vaper E8H 90% - Space Vape Lemon Haze | Iguana Smoke","isPartOf":{"@id":"https:\/\/iguanasmoke.com\/#website"},"primaryImageOfPage":{"@id":"https:\/\/iguanasmoke.com\/producto\/vape-space-vape-e8h-lemon\/#primaryimage"},"image":{"@id":"https:\/\/iguanasmoke.com\/producto\/vape-space-vape-e8h-lemon\/#primaryimage"},"thumbnailUrl":"https:\/\/iguanasmoke.com\/wp-content\/uploads\/2026\/02\/Mockup-E8H-Lemon-caja-der-1.webp","datePublished":"2025-07-30T14:32:27+00:00","dateModified":"2026-02-12T14:21:53+00:00","description":"Vaper E8H Lemon Haze. Provate una molecola potente ed equilibrata, priva di THC e nicotina. Scoprite le nuove molecole di CBD solo da Iguana Smoke.","breadcrumb":{"@id":"https:\/\/iguanasmoke.com\/producto\/vape-space-vape-e8h-lemon\/#breadcrumb"},"inLanguage":"it-IT","potentialAction":[{"@type":"ReadAction","target":["https:\/\/iguanasmoke.com\/producto\/vape-space-vape-e8h-lemon\/"]}]},{"@type":"ImageObject","inLanguage":"it-IT","@id":"https:\/\/iguanasmoke.com\/producto\/vape-space-vape-e8h-lemon\/#primaryimage","url":"https:\/\/iguanasmoke.com\/wp-content\/uploads\/2026\/02\/Mockup-E8H-Lemon-caja-der-1.webp","contentUrl":"https:\/\/iguanasmoke.com\/wp-content\/uploads\/2026\/02\/Mockup-E8H-Lemon-caja-der-1.webp","width":1000,"height":1000,"caption":"Caja m\u00e1s vaper azul lemon haze E8H 2ml dcha"},{"@type":"BreadcrumbList","@id":"https:\/\/iguanasmoke.com\/producto\/vape-space-vape-e8h-lemon\/#breadcrumb","itemListElement":[{"@type":"ListItem","position":1,"name":"home","item":"https:\/\/iguanasmoke.com\/"},{"@type":"ListItem","position":2,"name":"Tienda","item":"https:\/\/iguanasmoke.com\/tienda\/"},{"@type":"ListItem","position":3,"name":"Nuevas Mol\u00e9culas","item":"https:\/\/iguanasmoke.com\/categoria\/nuevas-moleculas\/"},{"@type":"ListItem","position":4,"name":"E8H","item":"https:\/\/iguanasmoke.com\/categoria\/nuevas-moleculas\/e8h\/"},{"@type":"ListItem","position":5,"name":"Vaper E8H 90% &#8211; Space Vape Lemon Haze"}]},{"@type":"WebSite","@id":"https:\/\/iguanasmoke.com\/#website","url":"https:\/\/iguanasmoke.com\/","name":"Fumo di iguana","description":"Acquistare CBD online al miglior prezzo","publisher":{"@id":"https:\/\/iguanasmoke.com\/#organization"},"potentialAction":[{"@type":"SearchAction","target":{"@type":"EntryPoint","urlTemplate":"https:\/\/iguanasmoke.com\/?s={search_term_string}"},"query-input":{"@type":"PropertyValueSpecification","valueRequired":true,"valueName":"search_term_string"}}],"inLanguage":"it-IT"},{"@type":"Organization","@id":"https:\/\/iguanasmoke.com\/#organization","name":"Fumo di iguana","url":"https:\/\/iguanasmoke.com\/","logo":{"@type":"ImageObject","inLanguage":"it-IT","@id":"https:\/\/iguanasmoke.com\/#\/schema\/logo\/image\/","url":"https:\/\/iguanasmoke.com\/wp-content\/uploads\/2025\/01\/logoiguana-favi-1.png","contentUrl":"https:\/\/iguanasmoke.com\/wp-content\/uploads\/2025\/01\/logoiguana-favi-1.png","width":512,"height":512,"caption":"Iguana Smoke"},"image":{"@id":"https:\/\/iguanasmoke.com\/#\/schema\/logo\/image\/"},"sameAs":["https:\/\/www.facebook.com\/iguanasmoke","https:\/\/www.instagram.com\/iguanasmoke\/"]}]},"product_brand":"variable","og_availability":"instock","product_availability":"instock","product_condition":"new"},"_links":{"self":[{"href":"https:\/\/iguanasmoke.com\/it\/wp-json\/wp\/v2\/product\/61802","targetHints":{"allow":["GET"]}}],"collection":[{"href":"https:\/\/iguanasmoke.com\/it\/wp-json\/wp\/v2\/product"}],"about":[{"href":"https:\/\/iguanasmoke.com\/it\/wp-json\/wp\/v2\/types\/product"}],"replies":[{"embeddable":true,"href":"https:\/\/iguanasmoke.com\/it\/wp-json\/wp\/v2\/comments?post=61802"}],"wp:featuredmedia":[{"embeddable":true,"href":"https:\/\/iguanasmoke.com\/it\/wp-json\/wp\/v2\/media\/77848"}],"wp:attachment":[{"href":"https:\/\/iguanasmoke.com\/it\/wp-json\/wp\/v2\/media?parent=61802"}],"wp:term":[{"taxonomy":"product_brand","embeddable":true,"href":"https:\/\/iguanasmoke.com\/it\/wp-json\/wp\/v2\/product_brand?post=61802"},{"taxonomy":"product_cat","embeddable":true,"href":"https:\/\/iguanasmoke.com\/it\/wp-json\/wp\/v2\/product_cat?post=61802"},{"taxonomy":"product_tag","embeddable":true,"href":"https:\/\/iguanasmoke.com\/it\/wp-json\/wp\/v2\/product_tag?post=61802"}],"curies":[{"name":"wp","href":"https:\/\/api.w.org\/{rel}","templated":true}]}}