{"id":62784,"date":"2025-08-09T13:06:13","date_gmt":"2025-08-09T11:06:13","guid":{"rendered":"https:\/\/iguanasmoke.com\/?post_type=product&#038;p=62784"},"modified":"2025-12-26T15:16:20","modified_gmt":"2025-12-26T14:16:20","slug":"calmex-pro-5000mg-cbd-gel-effetto-freddo","status":"publish","type":"product","link":"https:\/\/iguanasmoke.com\/it\/producto\/gel-calmex-pro-5000mg-cbd-efecto-frio\/","title":{"rendered":"Gel di CBD Calmex Pro 5000mg"},"content":{"rendered":"<h1><span style=\"font-weight: 400;\">Calmex Pro 5000mg CBD Gel - Potenza, freschezza e sollievo immediato <\/span><\/h1>\n<p data-start=\"438\" data-end=\"886\"><span style=\"font-weight: 400;\">Il <strong>Calmex Pro CBD Gel<\/strong> \u00e8 un gel al cannabidiolo di <strong>alta concentrazione<\/strong>La Commissione, formulata per offrire un <strong>un soccorso rapido, localizzato ed efficace<\/strong> grazie alla sua potente <strong>effetto freddo<\/strong>. Contiene anche <strong>5000mg di CBD puro in soli 50ml<\/strong>, ed \u00e8 quindi la scelta ideale per chi \u00e8 alla ricerca di un gel di CBD professionale per il <strong>recupero muscolare<\/strong>, alleviare il dolore e il benessere fisico quotidiano. <\/span><\/p>\n<p data-start=\"438\" data-end=\"886\"><span style=\"font-weight: 400;\">Progettato per gli sportivi, le persone attive e gli utenti che desiderano una <strong>alternativa naturale ed efficace<\/strong> agli analgesici tradizionali, il <strong>Calmex Pro CBD Gel<\/strong> agisce direttamente sulla zona applicata, offrendo una sensazione di freschezza immediata e duratura.<\/span><\/p>\n<h2 data-start=\"438\" data-end=\"886\"><strong>A cosa serve? <\/strong><\/h2>\n<p data-start=\"438\" data-end=\"886\"><span style=\"font-weight: 400;\">Il <strong>Calmex Pro CBD Gel\u00a0<\/strong>\u00e8 indicato per alleviare i disturbi muscolari e articolari, in particolare nelle situazioni di: <\/span><\/p>\n<ul>\n<li data-start=\"438\" data-end=\"886\"><span style=\"font-weight: 400;\">Sovraccarico muscolare <\/span><\/li>\n<li data-start=\"438\" data-end=\"886\"><span style=\"font-weight: 400;\">Dolore localizzato <\/span><\/li>\n<li data-start=\"438\" data-end=\"886\"><span style=\"font-weight: 400;\">Infiammazione lieve <\/span><\/li>\n<li data-start=\"438\" data-end=\"886\"><span style=\"font-weight: 400;\">Recupero post-allenamento <\/span><\/li>\n<li data-start=\"438\" data-end=\"886\"><span style=\"font-weight: 400;\">Tensioni dopo allenamenti fisici intensi <\/span><\/li>\n<\/ul>\n<p><span style=\"font-weight: 400;\">Grazie all'elevata concentrazione di cannabidiolo, questo <strong>gel antinfiammatorio al CBD<\/strong> agisce rapidamente ed efficacemente senza lasciare una sensazione di unto.<\/span><\/p>\n<p>&nbsp;<\/p>\n<h2><strong>Vantaggi:<\/strong><\/h2>\n<p><span style=\"font-weight: 400;\">Il <strong>Calmex Pro CBD Gel <\/strong>non \u00e8 un gel convenzionale. La sua formula avanzata combina il cannabidiolo di elevata purezza con un intenso effetto freddo per potenziare i risultati: <\/span><\/p>\n<ol>\n<li><span style=\"font-weight: 400;\">Rapido sollievo dai dolori muscolari e articolari <\/span><\/li>\n<li><span style=\"font-weight: 400;\">Accelerazione del recupero muscolare dopo l'allenamento o lo sforzo fisico <\/span><\/li>\n<li><span style=\"font-weight: 400;\">Effetto freddo intenso che riduce la sensazione di gonfiore <\/span><\/li>\n<li><span style=\"font-weight: 400;\">Elevata concentrazione di CBD: risultati visibili con poca quantit\u00e0 <\/span><\/li>\n<li><span style=\"font-weight: 400;\">Sensazione di benessere e rilassamento muscolare <\/span><\/li>\n<li><span style=\"font-weight: 400;\">Assorbimento rapido, nessun residuo, nessuna sensazione di untuosit\u00e0 <\/span><\/li>\n<\/ol>\n<h2 data-start=\"438\" data-end=\"886\"><strong>Perch\u00e9 scegliere un gel di CBD ad alta concentrazione?\u00a0<\/strong><\/h2>\n<p data-start=\"438\" data-end=\"886\"><span style=\"font-weight: 400;\">Esistono molti gel e creme al CBD sul mercato, ma pochi offrono la potenza e l'efficacia del CBD. <strong>Calmex Pro CBD Gel 5000mg.<\/strong><\/span><\/p>\n<p data-start=\"438\" data-end=\"886\"><strong>Differenze chiave: <\/strong><\/p>\n<ul>\n<li data-start=\"438\" data-end=\"886\"><span style=\"font-weight: 400;\"><strong>Alta potenza:<\/strong> 5000mg di CBD in un formato compatto da 50ml<\/span><\/li>\n<li data-start=\"438\" data-end=\"886\"><strong>Qualit\u00e0 premium:<\/strong> privo di parabeni e di sostanze chimiche aggressive<\/li>\n<li data-start=\"438\" data-end=\"886\"><strong>Adatto a tutti i tipi di pelle<\/strong><\/li>\n<li data-start=\"438\" data-end=\"886\"><strong>Sport e uso terapeutico<\/strong><\/li>\n<li data-start=\"438\" data-end=\"886\"><strong>Effetto localizzato e di lunga durata<\/strong><\/li>\n<\/ul>\n<h2 data-start=\"438\" data-end=\"886\"><strong>Come utilizzare il <\/strong><span style=\"font-weight: 400;\"><strong>Calmex Pro CBD Gel<\/strong><\/span><strong>:<\/strong><\/h2>\n<p data-start=\"438\" data-end=\"886\"><span style=\"font-weight: 400;\">Applicare topicamente sulla zona desiderata. <\/span><\/p>\n<p data-start=\"438\" data-end=\"886\"><span style=\"font-weight: 400;\"><strong>Indicazioni:<\/strong> <\/span><\/p>\n<ol>\n<li data-start=\"438\" data-end=\"886\"><span style=\"font-weight: 400;\">Applicare una piccola quantit\u00e0 sulla pelle pulita e asciutta. <\/span><\/li>\n<li data-start=\"438\" data-end=\"886\"><span style=\"font-weight: 400;\">Massaggiare delicatamente fino a completo assorbimento <\/span><\/li>\n<li data-start=\"438\" data-end=\"886\"><span style=\"font-weight: 400;\">Utilizzare prima o dopo l'allenamento o secondo necessit\u00e0. <\/span><\/li>\n<\/ol>\n<p><span style=\"font-weight: 400;\"><strong>Aree consigliate:<\/strong> schiena, collo, spalle, ginocchia, gomiti e gambe. <\/span><\/p>\n<p><span style=\"font-weight: 400;\">\u26a0\ufe0fConsejo: evitare il contatto con gli occhi e le mucose. Solo per uso esterno.<\/span><\/p>\n<h2 data-start=\"3032\" data-end=\"3080\">Calmex Pro Gel vs Crema CBD tradizionale<\/h2>\n<p data-start=\"3082\" data-end=\"3343\"><span style=\"font-weight: 400;\">Sebbene entrambi i prodotti contengano cannabidiolo, la loro funzione e consistenza sono diverse:\u00a0<\/span><\/p>\n<ul data-start=\"3345\" data-end=\"3566\">\n<li data-start=\"3345\" data-end=\"3453\">\n<p data-start=\"3347\" data-end=\"3453\"><strong data-start=\"3347\" data-end=\"3365\">Calmex Pro Gel<\/strong> <strong>CBD<\/strong>\u2192 Leggero, fresco, di rapido assorbimento, perfetto per lo sport e il post-allenamento.<\/p>\n<\/li>\n<li data-start=\"3454\" data-end=\"3566\">\n<p data-start=\"3456\" data-end=\"3566\"><strong data-start=\"3456\" data-end=\"3472\">Creama tradizionale al CBD<\/strong> \u2192 Texture densa, idratante, di lunga durata e pi\u00f9 orientata alla cura quotidiana della pelle.<\/p>\n<\/li>\n<\/ul>\n<h2 data-start=\"3573\" data-end=\"3630\">Crema antinfiammatoria al CBD: un sollievo sicuro e naturale<\/h2>\n<p data-start=\"3632\" data-end=\"3980\"><span style=\"font-weight: 400;\">Il cannabidiolo \u00e8 riconosciuto per le sue propriet\u00e0 di <strong>antinfiammatorio e analgesico<\/strong>, che rende il <strong>Calmex Pro CBD Gel\u00a0<\/strong>\u00e8 un'eccellente alternativa naturale per la cura dei muscoli e delle articolazioni. <\/span><\/p>\n<p data-start=\"3632\" data-end=\"3980\"><span style=\"font-weight: 400;\">A differenza dei farmaci convenzionali: <\/span><\/p>\n<ul>\n<li data-start=\"3632\" data-end=\"3980\"><span style=\"font-weight: 400;\">Adatto allo stomaco <\/span><\/li>\n<li data-start=\"3632\" data-end=\"3980\"><span style=\"font-weight: 400;\">Nessuna dipendenza <\/span><\/li>\n<li data-start=\"3632\" data-end=\"3980\"><span style=\"font-weight: 400;\">Agisce in modo naturale e localizzato <\/span><\/li>\n<\/ul>\n<p><span style=\"font-weight: 400;\">Ideale per: <\/span><\/p>\n<ul>\n<li><span style=\"font-weight: 400;\">Dolori muscolari cronici o occasionali <\/span><\/li>\n<li><span style=\"font-weight: 400;\">Infiammazione dovuta all'attivit\u00e0 fisica <\/span><\/li>\n<li><span style=\"font-weight: 400;\">Urti o lesioni minori<\/span><\/li>\n<\/ul>\n<h2 data-start=\"4185\" data-end=\"4227\">Chi pu\u00f2 utilizzare il <span style=\"font-weight: 400;\"><strong>Calmex Pro CBD Gel<\/strong><\/span>?<\/h2>\n<p data-start=\"4229\" data-end=\"4270\">Questo <span style=\"font-weight: 400;\"><strong>Calmex Pro CBD Gel<\/strong><\/span>\u00a0\u00e8 adatto a:<\/p>\n<ul>\n<li data-start=\"4229\" data-end=\"4270\"><strong data-start=\"4273\" data-end=\"4313\">Sportivi professionisti e dilettanti<\/strong> che cercano di ottimizzare il loro recupero.<\/li>\n<li data-start=\"4229\" data-end=\"4270\">Persone con disturbi articolari o muscolari dovuti al lavoro fisico o a una postura scorretta.<\/li>\n<li data-start=\"4229\" data-end=\"4270\">Chi desidera una soluzione naturale per il dolore senza ricorrere ai farmaci tradizionali.<\/li>\n<\/ul>\n<h2 data-start=\"4544\" data-end=\"4574\">Caratteristiche tecniche<\/h2>\n<ul>\n<li><strong>Formato: 50ml<\/strong><\/li>\n<li>Contenuto di CBD: 5000 mg di elevata purezza<\/li>\n<li>Effetto: freddo intenso<\/li>\n<li>Texture: gel leggero e non grasso<\/li>\n<li>Uso: topico<\/li>\n<li>Assorbimento: rapido<\/li>\n<li>Adatto a: Tutti i tipi di pelle<\/li>\n<\/ul>\n<h3><b>Iguana Smoke \u00e8 il vostro negozio online di CBD di fiducia<\/b><\/h3>\n<p><span style=\"font-weight: 400;\">A<strong> Fumo di iguana<\/strong>, Crediamo che il consumo di CBD debba essere un'esperienza sicura e piacevole. Per questo abbiamo prodotti che si rivolgono alle nuove generazioni: persone che cercano un benessere senza complicazioni, con marchi autentici e affidabili.\u00a0<\/span><\/p>\n<p>La nostra missione \u00e8 chiara: offrirvi il meglio del mondo dei cannabinoidi a un prezzo equo. Inoltre, vi diamo la tranquillit\u00e0 di sapere che state scegliendo un prodotto certificato, efficace e 100% legale. Il vostro momento di relax inizia qui con noi.<\/p>\n<p>Ancora dubbi? Scriveteci e saremo lieti di aiutarvi a trovare il prodotto giusto per voi.<\/p>\n<p>&nbsp;<\/p>","protected":false},"excerpt":{"rendered":"<p><span style=\"font-weight: 400;\">Il <strong data-start=\"5270\" data-end=\"5302\">Gel di CBD Calmex Pro 5000mg <\/strong>\u00e8 un gel di cannabidiolo altamente concentrato con un intenso effetto freddo, studiato per alleviare rapidamente i dolori muscolari e articolari. La sua formula a rapido assorbimento e non grassa agisce localmente.\u00a0<\/span><\/p>","protected":false},"featured_media":62786,"comment_status":"open","ping_status":"closed","template":"","meta":{"_acf_changed":false,"site-sidebar-layout":"default","site-content-layout":"","ast-site-content-layout":"default","site-content-style":"default","site-sidebar-style":"default","ast-global-header-display":"","ast-banner-title-visibility":"","ast-main-header-display":"","ast-hfb-above-header-display":"","ast-hfb-below-header-display":"","ast-hfb-mobile-header-display":"","site-post-title":"","ast-breadcrumbs-content":"","ast-featured-img":"","footer-sml-layout":"","theme-transparent-header-meta":"default","adv-header-id-meta":"","stick-header-meta":"","header-above-stick-meta":"","header-main-stick-meta":"","header-below-stick-meta":"","astra-migrate-meta-layouts":"set","ast-page-background-enabled":"default","ast-page-background-meta":{"desktop":{"background-color":"var(--ast-global-color-4)","background-image":"","background-repeat":"repeat","background-position":"center center","background-size":"auto","background-attachment":"scroll","background-type":"","background-media":"","overlay-type":"","overlay-color":"","overlay-opacity":"","overlay-gradient":""},"tablet":{"background-color":"","background-image":"","background-repeat":"repeat","background-position":"center center","background-size":"auto","background-attachment":"scroll","background-type":"","background-media":"","overlay-type":"","overlay-color":"","overlay-opacity":"","overlay-gradient":""},"mobile":{"background-color":"","background-image":"","background-repeat":"repeat","background-position":"center center","background-size":"auto","background-attachment":"scroll","background-type":"","background-media":"","overlay-type":"","overlay-color":"","overlay-opacity":"","overlay-gradient":""}},"ast-content-background-meta":{"desktop":{"background-color":"var(--ast-global-color-5)","background-image":"","background-repeat":"repeat","background-position":"center center","background-size":"auto","background-attachment":"scroll","background-type":"","background-media":"","overlay-type":"","overlay-color":"","overlay-opacity":"","overlay-gradient":""},"tablet":{"background-color":"var(--ast-global-color-5)","background-image":"","background-repeat":"repeat","background-position":"center center","background-size":"auto","background-attachment":"scroll","background-type":"","background-media":"","overlay-type":"","overlay-color":"","overlay-opacity":"","overlay-gradient":""},"mobile":{"background-color":"var(--ast-global-color-5)","background-image":"","background-repeat":"repeat","background-position":"center center","background-size":"auto","background-attachment":"scroll","background-type":"","background-media":"","overlay-type":"","overlay-color":"","overlay-opacity":"","overlay-gradient":""}}},"product_brand":[],"product_cat":[455,456,458],"product_tag":[],"class_list":{"0":"post-62784","1":"product","2":"type-product","3":"status-publish","4":"has-post-thumbnail","6":"product_cat-cosmeticos-cbd","7":"product_cat-lyf","8":"product_cat-marios-market","9":"desktop-align-center","10":"tablet-align-center","11":"mobile-align-center","13":"first","14":"instock","15":"taxable","16":"shipping-taxable","17":"purchasable","18":"product-type-simple"},"acf":[],"yoast_head":"<!-- This site is optimized with the Yoast SEO Premium plugin v27.3 (Yoast SEO v27.3) - https:\/\/yoast.com\/product\/yoast-seo-premium-wordpress\/ -->\n<title>Gel Calmex Pro CBD<\/title>\n<meta name=\"description\" content=\"Compra el Gel Calmex Pro CBD 5000mg con efecto fr\u00edo. Alivia dolores, acelera la recuperaci\u00f3n muscular y disfruta de frescor inmediato.\" \/>\n<meta name=\"robots\" content=\"index, follow, max-snippet:-1, max-image-preview:large, max-video-preview:-1\" \/>\n<link rel=\"canonical\" href=\"https:\/\/iguanasmoke.com\/it\/prodotto\/calmex-pro-5000mg-cbd-gel-effetto-freddo\/\" \/>\n<meta property=\"og:locale\" content=\"it_IT\" \/>\n<meta property=\"og:type\" content=\"article\" \/>\n<meta property=\"og:title\" content=\"Gel Calmex Pro 5000mg de CBD\" \/>\n<meta property=\"og:description\" content=\"El Gel Calmex Pro 5000mg de CBD es un gel de cannabidiol de alta concentraci\u00f3n con efecto fr\u00edo intenso, dise\u00f1ado para el alivio r\u00e1pido del dolor muscular y articular. Su f\u00f3rmula de r\u00e1pida absorci\u00f3n, no grasa, act\u00faa de forma localizada.\u00a0\" \/>\n<meta property=\"og:url\" content=\"https:\/\/iguanasmoke.com\/it\/prodotto\/calmex-pro-5000mg-cbd-gel-effetto-freddo\/\" \/>\n<meta property=\"og:site_name\" content=\"Iguana Smoke\" \/>\n<meta property=\"article:publisher\" content=\"https:\/\/www.facebook.com\/iguanasmoke\" \/>\n<meta property=\"article:modified_time\" content=\"2025-12-26T14:16:20+00:00\" \/>\n<meta property=\"og:image\" content=\"https:\/\/iguanasmoke.com\/wp-content\/uploads\/2025\/08\/crema-calmex-pro-1.webp\" \/>\n\t<meta property=\"og:image:width\" content=\"1000\" \/>\n\t<meta property=\"og:image:height\" content=\"1000\" \/>\n\t<meta property=\"og:image:type\" content=\"image\/webp\" \/>\n<meta name=\"twitter:card\" content=\"summary_large_image\" \/>\n<meta name=\"twitter:label1\" content=\"Prezzo\" \/>\n\t<meta name=\"twitter:data1\" content=\"25,90&nbsp;&euro;\" \/>\n\t<meta name=\"twitter:label2\" content=\"Disponibilit\u00e0\" \/>\n\t<meta name=\"twitter:data2\" content=\"In stock\" \/>\n<meta property=\"product:brand\" content=\"simple\" \/>\n<meta property=\"product:price:amount\" content=\"25.90\" \/>\n<meta property=\"product:price:currency\" content=\"EUR\" \/>\n<meta property=\"og:availability\" content=\"instock\" \/>\n<meta property=\"product:availability\" content=\"instock\" \/>\n<meta property=\"product:retailer_item_id\" content=\"LYF-CALMEXPRO\" \/>\n<meta property=\"product:condition\" content=\"new\" \/>\n<!-- \/ Yoast SEO Premium plugin. -->","yoast_head_json":{"title":"Calmex Pro CBD Gel","description":"Acquistare Calmex Pro CBD 5000mg Gel con effetto freddo. Allevia il dolore, accelera il recupero muscolare e gode di un immediato refrigerio.","robots":{"index":"index","follow":"follow","max-snippet":"max-snippet:-1","max-image-preview":"max-image-preview:large","max-video-preview":"max-video-preview:-1"},"canonical":"https:\/\/iguanasmoke.com\/it\/prodotto\/calmex-pro-5000mg-cbd-gel-effetto-freddo\/","og_locale":"it_IT","og_type":"article","og_title":"Gel Calmex Pro 5000mg de CBD","og_description":"El Gel Calmex Pro 5000mg de CBD es un gel de cannabidiol de alta concentraci\u00f3n con efecto fr\u00edo intenso, dise\u00f1ado para el alivio r\u00e1pido del dolor muscular y articular. Su f\u00f3rmula de r\u00e1pida absorci\u00f3n, no grasa, act\u00faa de forma localizada.\u00a0","og_url":"https:\/\/iguanasmoke.com\/it\/prodotto\/calmex-pro-5000mg-cbd-gel-effetto-freddo\/","og_site_name":"Iguana Smoke","article_publisher":"https:\/\/www.facebook.com\/iguanasmoke","article_modified_time":"2025-12-26T14:16:20+00:00","og_image":[{"width":1000,"height":1000,"url":"https:\/\/iguanasmoke.com\/wp-content\/uploads\/2025\/08\/crema-calmex-pro-1.webp","type":"image\/webp"}],"twitter_card":"summary_large_image","twitter_misc":{"Prezzo":"25,90&nbsp;&euro;","Disponibilit\u00e0":"In stock"},"schema":{"@context":"https:\/\/schema.org","@graph":[{"@type":"WebPage","@id":"https:\/\/iguanasmoke.com\/producto\/gel-calmex-pro-5000mg-cbd-efecto-frio\/","url":"https:\/\/iguanasmoke.com\/producto\/gel-calmex-pro-5000mg-cbd-efecto-frio\/","name":"Calmex Pro CBD Gel","isPartOf":{"@id":"https:\/\/iguanasmoke.com\/#website"},"primaryImageOfPage":{"@id":"https:\/\/iguanasmoke.com\/producto\/gel-calmex-pro-5000mg-cbd-efecto-frio\/#primaryimage"},"image":{"@id":"https:\/\/iguanasmoke.com\/producto\/gel-calmex-pro-5000mg-cbd-efecto-frio\/#primaryimage"},"thumbnailUrl":"https:\/\/iguanasmoke.com\/wp-content\/uploads\/2025\/08\/crema-calmex-pro-1.webp","datePublished":"2025-08-09T11:06:13+00:00","dateModified":"2025-12-26T14:16:20+00:00","description":"Acquistare Calmex Pro CBD 5000mg Gel con effetto freddo. Allevia il dolore, accelera il recupero muscolare e gode di un immediato refrigerio.","breadcrumb":{"@id":"https:\/\/iguanasmoke.com\/producto\/gel-calmex-pro-5000mg-cbd-efecto-frio\/#breadcrumb"},"inLanguage":"it-IT","potentialAction":[{"@type":"ReadAction","target":["https:\/\/iguanasmoke.com\/producto\/gel-calmex-pro-5000mg-cbd-efecto-frio\/"]}]},{"@type":"ImageObject","inLanguage":"it-IT","@id":"https:\/\/iguanasmoke.com\/producto\/gel-calmex-pro-5000mg-cbd-efecto-frio\/#primaryimage","url":"https:\/\/iguanasmoke.com\/wp-content\/uploads\/2025\/08\/crema-calmex-pro-1.webp","contentUrl":"https:\/\/iguanasmoke.com\/wp-content\/uploads\/2025\/08\/crema-calmex-pro-1.webp","width":1000,"height":1000,"caption":"Gel Calmex Pro 5000mg CBD \u2013 M\u00e1xima potencia con efecto fr\u00edo para tu bienestar"},{"@type":"BreadcrumbList","@id":"https:\/\/iguanasmoke.com\/producto\/gel-calmex-pro-5000mg-cbd-efecto-frio\/#breadcrumb","itemListElement":[{"@type":"ListItem","position":1,"name":"home","item":"https:\/\/iguanasmoke.com\/"},{"@type":"ListItem","position":2,"name":"Tienda","item":"https:\/\/iguanasmoke.com\/tienda\/"},{"@type":"ListItem","position":3,"name":"Mario's Market","item":"https:\/\/iguanasmoke.com\/categoria\/marios-market\/"},{"@type":"ListItem","position":4,"name":"Gel Calmex Pro 5000mg de CBD"}]},{"@type":"WebSite","@id":"https:\/\/iguanasmoke.com\/#website","url":"https:\/\/iguanasmoke.com\/","name":"Fumo di iguana","description":"Acquistare CBD online al miglior prezzo","publisher":{"@id":"https:\/\/iguanasmoke.com\/#organization"},"potentialAction":[{"@type":"SearchAction","target":{"@type":"EntryPoint","urlTemplate":"https:\/\/iguanasmoke.com\/?s={search_term_string}"},"query-input":{"@type":"PropertyValueSpecification","valueRequired":true,"valueName":"search_term_string"}}],"inLanguage":"it-IT"},{"@type":"Organization","@id":"https:\/\/iguanasmoke.com\/#organization","name":"Fumo di iguana","url":"https:\/\/iguanasmoke.com\/","logo":{"@type":"ImageObject","inLanguage":"it-IT","@id":"https:\/\/iguanasmoke.com\/#\/schema\/logo\/image\/","url":"https:\/\/iguanasmoke.com\/wp-content\/uploads\/2025\/01\/logoiguana-favi-1.png","contentUrl":"https:\/\/iguanasmoke.com\/wp-content\/uploads\/2025\/01\/logoiguana-favi-1.png","width":512,"height":512,"caption":"Iguana Smoke"},"image":{"@id":"https:\/\/iguanasmoke.com\/#\/schema\/logo\/image\/"},"sameAs":["https:\/\/www.facebook.com\/iguanasmoke","https:\/\/www.instagram.com\/iguanasmoke\/"]}]},"product_brand":"simple","product_price_amount":"25.90","product_price_currency":"EUR","og_availability":"instock","product_availability":"instock","product_retailer_item_id":"LYF-CALMEXPRO","product_condition":"new"},"_links":{"self":[{"href":"https:\/\/iguanasmoke.com\/it\/wp-json\/wp\/v2\/product\/62784","targetHints":{"allow":["GET"]}}],"collection":[{"href":"https:\/\/iguanasmoke.com\/it\/wp-json\/wp\/v2\/product"}],"about":[{"href":"https:\/\/iguanasmoke.com\/it\/wp-json\/wp\/v2\/types\/product"}],"replies":[{"embeddable":true,"href":"https:\/\/iguanasmoke.com\/it\/wp-json\/wp\/v2\/comments?post=62784"}],"wp:featuredmedia":[{"embeddable":true,"href":"https:\/\/iguanasmoke.com\/it\/wp-json\/wp\/v2\/media\/62786"}],"wp:attachment":[{"href":"https:\/\/iguanasmoke.com\/it\/wp-json\/wp\/v2\/media?parent=62784"}],"wp:term":[{"taxonomy":"product_brand","embeddable":true,"href":"https:\/\/iguanasmoke.com\/it\/wp-json\/wp\/v2\/product_brand?post=62784"},{"taxonomy":"product_cat","embeddable":true,"href":"https:\/\/iguanasmoke.com\/it\/wp-json\/wp\/v2\/product_cat?post=62784"},{"taxonomy":"product_tag","embeddable":true,"href":"https:\/\/iguanasmoke.com\/it\/wp-json\/wp\/v2\/product_tag?post=62784"}],"curies":[{"name":"wp","href":"https:\/\/api.w.org\/{rel}","templated":true}]}}