{"id":62787,"date":"2025-08-09T13:23:07","date_gmt":"2025-08-09T11:23:07","guid":{"rendered":"https:\/\/iguanasmoke.com\/?post_type=product&#038;p=62787"},"modified":"2025-08-12T15:51:19","modified_gmt":"2025-08-12T13:51:19","slug":"balsamo-per-labbra-cbd-750-mg-2","status":"publish","type":"product","link":"https:\/\/iguanasmoke.com\/it\/producto\/lip-balm-cbd-750mg-balsamo-de-labios\/","title":{"rendered":"Balsamo per labbra CBD 750mg CBD 15ml"},"content":{"rendered":"<h1 data-start=\"234\" data-end=\"302\"><strong data-start=\"236\" data-end=\"302\">Balsamo per labbra al CBD 750mg - Idratante e curativo naturale<\/strong><\/h1>\n<p data-start=\"304\" data-end=\"742\">Il <strong data-start=\"307\" data-end=\"329\">Balsamo per labbra CBD 750mg<\/strong> \u00e8 molto pi\u00f9 di un semplice balsamo per le labbra: \u00e8 un <strong data-start=\"381\" data-end=\"409\">Balsamo per labbra al CBD<\/strong> formulato con ingredienti naturali di alta qualit\u00e0 per idratare, nutrire e proteggere le labbra in qualsiasi momento della giornata. Grazie alla sua concentrazione di <strong data-start=\"567\" data-end=\"583\">750 mg di CBD<\/strong> in un pratico formato da 15 ml, questo prodotto diventa il vostro alleato perfetto per mantenere un sorriso sano e labbra irresistibilmente morbide.<\/p>\n<h2 data-start=\"744\" data-end=\"791\"><strong data-start=\"747\" data-end=\"791\">Propriet\u00e0 del balsamo per labbra al CBD<\/strong><\/h2>\n<p data-start=\"793\" data-end=\"1002\">Il <strong data-start=\"796\" data-end=\"817\">CBD (cannabidiolo)<\/strong> \u00e8 un composto naturale presente nella canapa con potenti propriet\u00e0 antiossidanti, lenitive e rigenerative. Applicato topicamente su un <strong data-start=\"962\" data-end=\"983\">BALSAMO PER LE LABBRA<\/strong>, Il CBD aiuta a:<\/p>\n<ul data-start=\"1004\" data-end=\"1314\">\n<li data-start=\"1004\" data-end=\"1080\">\n<p data-start=\"1006\" data-end=\"1080\"><strong data-start=\"1006\" data-end=\"1033\">Idratare in profondit\u00e0<\/strong> e mantenere la naturale idratazione delle labbra.<\/p>\n<\/li>\n<li data-start=\"1081\" data-end=\"1162\">\n<p data-start=\"1083\" data-end=\"1162\"><strong data-start=\"1083\" data-end=\"1106\">Lenisce le irritazioni<\/strong> causati dal freddo, dal sole o dalla secchezza dell'ambiente.<\/p>\n<\/li>\n<li data-start=\"1163\" data-end=\"1218\">\n<p data-start=\"1165\" data-end=\"1218\"><strong data-start=\"1165\" data-end=\"1194\">Promuovere la rigenerazione<\/strong> di pelle screpolata.<\/p>\n<\/li>\n<li data-start=\"1219\" data-end=\"1314\">\n<p data-start=\"1221\" data-end=\"1314\">Proteggere da <strong data-start=\"1239\" data-end=\"1259\">attori esterni<\/strong> come il vento, le variazioni di temperatura e l'inquinamento.<\/p>\n<\/li>\n<\/ul>\n<p data-start=\"1316\" data-end=\"1481\">Inoltre, la formula di questo <strong data-start=\"1343\" data-end=\"1359\">Balsamo per labbra CBD<\/strong> \u00e8 arricchito con oli e burri naturali che ne potenziano i benefici e forniscono una texture morbida e piacevole.<\/p>\n<h2 data-start=\"1483\" data-end=\"1527\"><strong data-start=\"1486\" data-end=\"1527\">Benefici dell'uso del balsamo per labbra CBD 750mg<\/strong><\/h2>\n<p data-start=\"1529\" data-end=\"1629\">L'uso quotidiano di questo <strong data-start=\"1551\" data-end=\"1581\">Balsamo per labbra Balsamo per labbra<\/strong> offre una serie di vantaggi notevoli:<\/p>\n<h3 data-start=\"1631\" data-end=\"1664\">1. <strong data-start=\"1638\" data-end=\"1662\">Idratazione di lunga durata<\/strong><\/h3>\n<p data-start=\"1665\" data-end=\"1796\">La combinazione di CBD e oli vegetali penetra nella pelle per nutrirla dall'interno, prevenendo secchezza e desquamazione.<\/p>\n<h3 data-start=\"1798\" data-end=\"1837\">2. <strong data-start=\"1805\" data-end=\"1835\">Protezione del clima<\/strong><\/h3>\n<p data-start=\"1838\" data-end=\"1943\">In inverno, protegge dal freddo e dal vento; in estate, aiuta a riparare i danni del sole.<\/p>\n<h3 data-start=\"1945\" data-end=\"1983\">3. <strong data-start=\"1952\" data-end=\"1981\">Effetto calmante immediato<\/strong><\/h3>\n<p data-start=\"1984\" data-end=\"2099\">Grazie alle propriet\u00e0 antinfiammatorie del CBD, allevia le sensazioni di tensione o bruciore sulle labbra sensibili.<\/p>\n<h3 data-start=\"2101\" data-end=\"2136\">4. <strong data-start=\"2108\" data-end=\"2134\">Rigenerazione intensiva<\/strong><\/h3>\n<p data-start=\"2137\" data-end=\"2230\">Perfetto per labbra screpolate o danneggiate, favorisce una riparazione pi\u00f9 rapida ed efficace.<\/p>\n<h2 data-start=\"2232\" data-end=\"2279\"><strong data-start=\"2235\" data-end=\"2279\">Come usare il balsamo per labbra al CBD<\/strong><\/h2>\n<p data-start=\"2281\" data-end=\"2501\">Applicare una piccola quantit\u00e0 di <strong data-start=\"2314\" data-end=\"2330\">Balsamo per labbra CBD<\/strong> direttamente sulle labbra pulite, tutte le volte che \u00e8 necessario. La sua texture cremosa si scioglie istantaneamente, lasciando uno strato protettivo invisibile ma altamente efficace.<\/p>\n<p data-start=\"2503\" data-end=\"2519\">\u00c8 possibile utilizzarlo:<\/p>\n<ul data-start=\"2520\" data-end=\"2693\">\n<li data-start=\"2520\" data-end=\"2572\">\n<p data-start=\"2522\" data-end=\"2572\">Prima di uscire di casa per proteggere le labbra.<\/p>\n<\/li>\n<li data-start=\"2573\" data-end=\"2635\">\n<p data-start=\"2575\" data-end=\"2635\">Come trattamento notturno per rigenerarsi durante il sonno.<\/p>\n<\/li>\n<li data-start=\"2636\" data-end=\"2693\">\n<p data-start=\"2638\" data-end=\"2693\">Sotto il rossetto per una finitura pi\u00f9 uniforme.<\/p>\n<\/li>\n<\/ul>\n<h2 data-start=\"2695\" data-end=\"2750\"><strong data-start=\"2698\" data-end=\"2750\">Perch\u00e9 scegliere il nostro balsamo per labbra CBD 750mg - 15ml<\/strong><\/h2>\n<p data-start=\"2752\" data-end=\"3097\">Questo <strong data-start=\"2757\" data-end=\"2785\">Balsamo per labbra al CBD<\/strong> \u00e8 realizzato con 100% ingredienti naturali, privi di parabeni e di sostanze chimiche aggressive. Contiene un'alta concentrazione di CBD puro, che garantisce la massima efficacia in ogni applicazione. Inoltre, il suo formato di <strong data-start=\"2991\" data-end=\"2999\">15ml<\/strong> \u00e8 ideale da portare con s\u00e9 per godere di un'idratazione eccellente anche in viaggio.<\/p>\n<p data-start=\"3099\" data-end=\"3273\">Il <strong data-start=\"3102\" data-end=\"3118\">Balsamo per labbra CBD<\/strong> \u00e8 la scelta perfetta per chi \u00e8 alla ricerca di un prodotto che combina <strong data-start=\"3177\" data-end=\"3220\">cura, protezione e benessere naturali<\/strong>, con tutti i benefici del CBD per le labbra.<\/p>","protected":false},"excerpt":{"rendered":"<p>Il <strong data-start=\"108\" data-end=\"130\">Balsamo per labbra CBD 750mg<\/strong> \u00e8 un balsamo labbra naturale al CBD che idrata, protegge e ripara le labbra secche o screpolate. Con 750 mg di CBD puro e oli vegetali, offre una cura intensiva e una protezione contro il freddo, il vento e il sole. Il formato da 15 ml \u00e8 ideale da portare sempre con s\u00e9.<\/p>","protected":false},"featured_media":62789,"comment_status":"open","ping_status":"closed","template":"","meta":{"_acf_changed":false,"site-sidebar-layout":"default","site-content-layout":"","ast-site-content-layout":"default","site-content-style":"default","site-sidebar-style":"default","ast-global-header-display":"","ast-banner-title-visibility":"","ast-main-header-display":"","ast-hfb-above-header-display":"","ast-hfb-below-header-display":"","ast-hfb-mobile-header-display":"","site-post-title":"","ast-breadcrumbs-content":"","ast-featured-img":"","footer-sml-layout":"","theme-transparent-header-meta":"default","adv-header-id-meta":"","stick-header-meta":"","header-above-stick-meta":"","header-main-stick-meta":"","header-below-stick-meta":"","astra-migrate-meta-layouts":"set","ast-page-background-enabled":"default","ast-page-background-meta":{"desktop":{"background-color":"var(--ast-global-color-4)","background-image":"","background-repeat":"repeat","background-position":"center center","background-size":"auto","background-attachment":"scroll","background-type":"","background-media":"","overlay-type":"","overlay-color":"","overlay-opacity":"","overlay-gradient":""},"tablet":{"background-color":"","background-image":"","background-repeat":"repeat","background-position":"center center","background-size":"auto","background-attachment":"scroll","background-type":"","background-media":"","overlay-type":"","overlay-color":"","overlay-opacity":"","overlay-gradient":""},"mobile":{"background-color":"","background-image":"","background-repeat":"repeat","background-position":"center center","background-size":"auto","background-attachment":"scroll","background-type":"","background-media":"","overlay-type":"","overlay-color":"","overlay-opacity":"","overlay-gradient":""}},"ast-content-background-meta":{"desktop":{"background-color":"var(--ast-global-color-5)","background-image":"","background-repeat":"repeat","background-position":"center center","background-size":"auto","background-attachment":"scroll","background-type":"","background-media":"","overlay-type":"","overlay-color":"","overlay-opacity":"","overlay-gradient":""},"tablet":{"background-color":"var(--ast-global-color-5)","background-image":"","background-repeat":"repeat","background-position":"center center","background-size":"auto","background-attachment":"scroll","background-type":"","background-media":"","overlay-type":"","overlay-color":"","overlay-opacity":"","overlay-gradient":""},"mobile":{"background-color":"var(--ast-global-color-5)","background-image":"","background-repeat":"repeat","background-position":"center center","background-size":"auto","background-attachment":"scroll","background-type":"","background-media":"","overlay-type":"","overlay-color":"","overlay-opacity":"","overlay-gradient":""}}},"product_brand":[],"product_cat":[458],"product_tag":[],"class_list":{"0":"post-62787","1":"product","2":"type-product","3":"status-publish","4":"has-post-thumbnail","6":"product_cat-marios-market","7":"desktop-align-center","8":"tablet-align-center","9":"mobile-align-center","11":"first","12":"instock","13":"taxable","14":"shipping-taxable","15":"purchasable","16":"product-type-simple"},"acf":[],"yoast_head":"<!-- This site is optimized with the Yoast SEO Premium plugin v27.3 (Yoast SEO v27.3) - https:\/\/yoast.com\/product\/yoast-seo-premium-wordpress\/ -->\n<title>Lip Balm CBD 750mg | B\u00e1lsamo de Labios Hidratante<\/title>\n<meta name=\"description\" content=\"B\u00e1lsamo de labios de CBD con 750mg. Hidrata, protege y repara tus labios de forma natural. Formato 15ml ideal para uso diario.\" \/>\n<meta name=\"robots\" content=\"index, follow, max-snippet:-1, max-image-preview:large, max-video-preview:-1\" \/>\n<link rel=\"canonical\" href=\"https:\/\/iguanasmoke.com\/it\/prodotto\/balsamo-per-labbra-cbd-750-mg-2\/\" \/>\n<meta property=\"og:locale\" content=\"it_IT\" \/>\n<meta property=\"og:type\" content=\"article\" \/>\n<meta property=\"og:title\" content=\"Lip Balm CBD 750mg CBD 15ml\" \/>\n<meta property=\"og:description\" content=\"El Lip Balm CBD 750mg es un b\u00e1lsamo de labios de CBD natural que hidrata, protege y repara labios secos o agrietados. Con 750mg de CBD puro y aceites vegetales, ofrece cuidado intensivo y protecci\u00f3n contra el fr\u00edo, el viento y el sol. Formato 15ml ideal para llevar siempre contigo.\" \/>\n<meta property=\"og:url\" content=\"https:\/\/iguanasmoke.com\/it\/prodotto\/balsamo-per-labbra-cbd-750-mg-2\/\" \/>\n<meta property=\"og:site_name\" content=\"Iguana Smoke\" \/>\n<meta property=\"article:publisher\" content=\"https:\/\/www.facebook.com\/iguanasmoke\" \/>\n<meta property=\"article:modified_time\" content=\"2025-08-12T13:51:19+00:00\" \/>\n<meta property=\"og:image\" content=\"https:\/\/i0.wp.com\/iguanasmoke.com\/wp-content\/uploads\/2025\/08\/Lata-LYF-lip-balm.webp?fit=1000%2C1000&ssl=1\" \/>\n\t<meta property=\"og:image:width\" content=\"1000\" \/>\n\t<meta property=\"og:image:height\" content=\"1000\" \/>\n\t<meta property=\"og:image:type\" content=\"image\/webp\" \/>\n<meta name=\"twitter:card\" content=\"summary_large_image\" \/>\n<meta name=\"twitter:label1\" content=\"Prezzo\" \/>\n\t<meta name=\"twitter:data1\" content=\"8,90&nbsp;&euro;\" \/>\n\t<meta name=\"twitter:label2\" content=\"Disponibilit\u00e0\" \/>\n\t<meta name=\"twitter:data2\" content=\"In stock\" \/>\n<meta property=\"product:brand\" content=\"simple\" \/>\n<meta property=\"product:price:amount\" content=\"8.90\" \/>\n<meta property=\"product:price:currency\" content=\"EUR\" \/>\n<meta property=\"og:availability\" content=\"instock\" \/>\n<meta property=\"product:availability\" content=\"instock\" \/>\n<meta property=\"product:retailer_item_id\" content=\"LYF-LIPBALM\" \/>\n<meta property=\"product:condition\" content=\"new\" \/>\n<!-- \/ Yoast SEO Premium plugin. -->","yoast_head_json":{"title":"Balsamo labbra CBD 750mg | Balsamo labbra idratante","description":"Balsamo per labbra al CBD con 750 mg. Idrata, protegge e ripara le labbra in modo naturale. Formato 15ml ideale per l'uso quotidiano.","robots":{"index":"index","follow":"follow","max-snippet":"max-snippet:-1","max-image-preview":"max-image-preview:large","max-video-preview":"max-video-preview:-1"},"canonical":"https:\/\/iguanasmoke.com\/it\/prodotto\/balsamo-per-labbra-cbd-750-mg-2\/","og_locale":"it_IT","og_type":"article","og_title":"Lip Balm CBD 750mg CBD 15ml","og_description":"El Lip Balm CBD 750mg es un b\u00e1lsamo de labios de CBD natural que hidrata, protege y repara labios secos o agrietados. Con 750mg de CBD puro y aceites vegetales, ofrece cuidado intensivo y protecci\u00f3n contra el fr\u00edo, el viento y el sol. Formato 15ml ideal para llevar siempre contigo.","og_url":"https:\/\/iguanasmoke.com\/it\/prodotto\/balsamo-per-labbra-cbd-750-mg-2\/","og_site_name":"Iguana Smoke","article_publisher":"https:\/\/www.facebook.com\/iguanasmoke","article_modified_time":"2025-08-12T13:51:19+00:00","og_image":[{"width":1000,"height":1000,"url":"https:\/\/i0.wp.com\/iguanasmoke.com\/wp-content\/uploads\/2025\/08\/Lata-LYF-lip-balm.webp?fit=1000%2C1000&ssl=1","type":"image\/webp"}],"twitter_card":"summary_large_image","twitter_misc":{"Prezzo":"8,90&nbsp;&euro;","Disponibilit\u00e0":"In stock"},"schema":{"@context":"https:\/\/schema.org","@graph":[{"@type":"WebPage","@id":"https:\/\/iguanasmoke.com\/en\/product\/lip-balm-cbd-750mg-balsamo-de-labios\/","url":"https:\/\/iguanasmoke.com\/en\/product\/lip-balm-cbd-750mg-balsamo-de-labios\/","name":"Balsamo labbra CBD 750mg | Balsamo labbra idratante","isPartOf":{"@id":"https:\/\/iguanasmoke.com\/#website"},"primaryImageOfPage":{"@id":"https:\/\/iguanasmoke.com\/en\/product\/lip-balm-cbd-750mg-balsamo-de-labios\/#primaryimage"},"image":{"@id":"https:\/\/iguanasmoke.com\/en\/product\/lip-balm-cbd-750mg-balsamo-de-labios\/#primaryimage"},"thumbnailUrl":"https:\/\/iguanasmoke.com\/wp-content\/uploads\/2025\/08\/Lata-LYF-lip-balm.webp","datePublished":"2025-08-09T11:23:07+00:00","dateModified":"2025-08-12T13:51:19+00:00","description":"Balsamo per labbra al CBD con 750 mg. Idrata, protegge e ripara le labbra in modo naturale. Formato 15ml ideale per l'uso quotidiano.","breadcrumb":{"@id":"https:\/\/iguanasmoke.com\/en\/product\/lip-balm-cbd-750mg-balsamo-de-labios\/#breadcrumb"},"inLanguage":"it-IT","potentialAction":[{"@type":"ReadAction","target":["https:\/\/iguanasmoke.com\/en\/product\/lip-balm-cbd-750mg-balsamo-de-labios\/"]}]},{"@type":"ImageObject","inLanguage":"it-IT","@id":"https:\/\/iguanasmoke.com\/en\/product\/lip-balm-cbd-750mg-balsamo-de-labios\/#primaryimage","url":"https:\/\/iguanasmoke.com\/wp-content\/uploads\/2025\/08\/Lata-LYF-lip-balm.webp","contentUrl":"https:\/\/iguanasmoke.com\/wp-content\/uploads\/2025\/08\/Lata-LYF-lip-balm.webp","width":1000,"height":1000,"caption":"Lip Balm CBD 750mg \u2013 Cuidado e hidrataci\u00f3n intensiva para labios con CBD natural"},{"@type":"BreadcrumbList","@id":"https:\/\/iguanasmoke.com\/en\/product\/lip-balm-cbd-750mg-balsamo-de-labios\/#breadcrumb","itemListElement":[{"@type":"ListItem","position":1,"name":"home","item":"https:\/\/iguanasmoke.com\/"},{"@type":"ListItem","position":2,"name":"Tienda","item":"https:\/\/iguanasmoke.com\/tienda\/"},{"@type":"ListItem","position":3,"name":"Mario's Market","item":"https:\/\/iguanasmoke.com\/categoria\/marios-market\/"},{"@type":"ListItem","position":4,"name":"Lip Balm CBD 750mg CBD 15ml"}]},{"@type":"WebSite","@id":"https:\/\/iguanasmoke.com\/#website","url":"https:\/\/iguanasmoke.com\/","name":"Fumo di iguana","description":"Acquistare CBD online al miglior prezzo","publisher":{"@id":"https:\/\/iguanasmoke.com\/#organization"},"potentialAction":[{"@type":"SearchAction","target":{"@type":"EntryPoint","urlTemplate":"https:\/\/iguanasmoke.com\/?s={search_term_string}"},"query-input":{"@type":"PropertyValueSpecification","valueRequired":true,"valueName":"search_term_string"}}],"inLanguage":"it-IT"},{"@type":"Organization","@id":"https:\/\/iguanasmoke.com\/#organization","name":"Fumo di iguana","url":"https:\/\/iguanasmoke.com\/","logo":{"@type":"ImageObject","inLanguage":"it-IT","@id":"https:\/\/iguanasmoke.com\/#\/schema\/logo\/image\/","url":"https:\/\/iguanasmoke.com\/wp-content\/uploads\/2025\/01\/logoiguana-favi-1.png","contentUrl":"https:\/\/iguanasmoke.com\/wp-content\/uploads\/2025\/01\/logoiguana-favi-1.png","width":512,"height":512,"caption":"Iguana Smoke"},"image":{"@id":"https:\/\/iguanasmoke.com\/#\/schema\/logo\/image\/"},"sameAs":["https:\/\/www.facebook.com\/iguanasmoke","https:\/\/www.instagram.com\/iguanasmoke\/"]}]},"product_brand":"simple","product_price_amount":"8.90","product_price_currency":"EUR","og_availability":"instock","product_availability":"instock","product_retailer_item_id":"LYF-LIPBALM","product_condition":"new"},"_links":{"self":[{"href":"https:\/\/iguanasmoke.com\/it\/wp-json\/wp\/v2\/product\/62787","targetHints":{"allow":["GET"]}}],"collection":[{"href":"https:\/\/iguanasmoke.com\/it\/wp-json\/wp\/v2\/product"}],"about":[{"href":"https:\/\/iguanasmoke.com\/it\/wp-json\/wp\/v2\/types\/product"}],"replies":[{"embeddable":true,"href":"https:\/\/iguanasmoke.com\/it\/wp-json\/wp\/v2\/comments?post=62787"}],"wp:featuredmedia":[{"embeddable":true,"href":"https:\/\/iguanasmoke.com\/it\/wp-json\/wp\/v2\/media\/62789"}],"wp:attachment":[{"href":"https:\/\/iguanasmoke.com\/it\/wp-json\/wp\/v2\/media?parent=62787"}],"wp:term":[{"taxonomy":"product_brand","embeddable":true,"href":"https:\/\/iguanasmoke.com\/it\/wp-json\/wp\/v2\/product_brand?post=62787"},{"taxonomy":"product_cat","embeddable":true,"href":"https:\/\/iguanasmoke.com\/it\/wp-json\/wp\/v2\/product_cat?post=62787"},{"taxonomy":"product_tag","embeddable":true,"href":"https:\/\/iguanasmoke.com\/it\/wp-json\/wp\/v2\/product_tag?post=62787"}],"curies":[{"name":"wp","href":"https:\/\/api.w.org\/{rel}","templated":true}]}}