{"id":62878,"date":"2025-08-11T12:03:21","date_gmt":"2025-08-11T10:03:21","guid":{"rendered":"https:\/\/iguanasmoke.com\/?post_type=product&#038;p=62878"},"modified":"2026-02-10T15:38:41","modified_gmt":"2026-02-10T14:38:41","slug":"kit-di-sopravvivenza-da-spiaggia-in-cbd","status":"publish","type":"product","link":"https:\/\/iguanasmoke.com\/it\/producto\/kit-playero-cbd-de-supervivencia\/","title":{"rendered":"Kit di sopravvivenza da spiaggia CBD"},"content":{"rendered":"<h1 data-start=\"1609\" data-end=\"1642\"><span style=\"font-weight: 400;\">Kit di sopravvivenza da spiaggia CBD: <em>L'estate in modalit\u00e0 chill \u00e8 garantita<\/em><\/span><\/h1>\n<p data-start=\"273\" data-end=\"578\"><span style=\"font-weight: 400;\">Se vi piace scoprire nuovi aromi e assaporare fiori di CBD di alta qualit\u00e0, allora il <strong>Kit di sopravvivenza da spiaggia CBD\u00a0<\/strong>\u00e8 per voi. Abbiamo creato questo pacchetto esclusivo per permettervi di godervi il vostro momento di relax con TUTTO il necessario per una giornata in spiaggia.<\/span><\/p>\n<h2 data-start=\"273\" data-end=\"578\"><strong>Cosa comprende il kit di sopravvivenza CBD Beach? <\/strong><\/h2>\n<p data-start=\"273\" data-end=\"578\"><span style=\"font-weight: 400;\">Prima di tutto, in questo pacchetto potrete usufruire di <strong>2 x <a href=\"https:\/\/iguanasmoke.com\/it\/prodotto\/acquistare-cbd-fiore-pungiglione-cbd-pronto-a-rotolare-30gr\/\">Bocconcini di fiori di CBD - Pronti da arrotolare 30g<\/a>.\u00a0<\/strong>Di seguito, \u00e8 possibile scegliere tra i design dei vassoi pi\u00f9 cool<a href=\"https:\/\/iguanasmoke.com\/it\/categoria\/vassoi-avvolgibili\/\"><strong> 1 x Vassoio del bugiardino<\/strong><\/a>.<\/span><\/p>\n<p><span style=\"font-weight: 400;\">Infine, il vostro <strong>1 x<\/strong>\u00a0<a href=\"https:\/\/iguanasmoke.com\/it\/prodotto\/carta-da-rotolo-di-canapa-king-size-con-filtri-2\/\"><strong>carta da rotolo di canapa Giappone King Size con filtri<\/strong><\/a> y <strong>1 x <a href=\"https:\/\/iguanasmoke.com\/it\/prodotto\/supporto-per-pre-rotolo\/\">Porta rotolo Iguana Smoke<\/a>.<\/strong><\/span><\/p>\n<p data-start=\"273\" data-end=\"578\"><span style=\"font-weight: 400;\">Tutto \u00e8 stato progettato in modo che l'unica cosa da fare sia aprire la scatola e godersela. <strong>il vostro kit di sopravvivenza CBD da spiaggia<\/strong>.<\/span><\/p>\n<h2 data-start=\"273\" data-end=\"578\"><strong>Perch\u00e9 scegliere il kit di sopravvivenza da spiaggia CBD? <\/strong><\/h2>\n<ul>\n<li data-start=\"273\" data-end=\"578\"><span style=\"font-weight: 400;\">Selezione esclusiva di fiori CBD di prima qualit\u00e0 <\/span><\/li>\n<li data-start=\"273\" data-end=\"578\"><span style=\"font-weight: 400;\">CBD tra 10 e 15% e THC inferiore a 0,3% <\/span><\/li>\n<li data-start=\"273\" data-end=\"578\"><span style=\"font-weight: 400;\">Prodotto legale, sicuro e testato <\/span><\/li>\n<li data-start=\"273\" data-end=\"578\"><span style=\"font-weight: 400;\">Perfetto come regalo... o come regalo per se stessi. <\/span><\/li>\n<\/ul>\n<p><span style=\"font-weight: 400;\">Il <strong>Kit di sopravvivenza da spiaggia CBD<\/strong> non \u00e8 solo un pacchetto, \u00e8 il lasciapassare garantito per un'estate senza stress e piena di divertimento.\u00a0<\/span><\/p>\n<p>&nbsp;<\/p>\n<h3><b>Iguana Smoke \u00e8 il vostro negozio online di CBD\u00a0<\/b><\/h3>\n<p><span style=\"font-weight: 400;\">A<strong> Fumo di iguana<\/strong>, Crediamo che il consumo di CBD debba essere un'esperienza sicura. Ecco perch\u00e9 abbiamo prodotti come questo <strong>Kit di sopravvivenza da spiaggia CBD<\/strong>, Il marchio si rivolge alle nuove generazioni: persone che cercano un benessere senza complicazioni, con marchi autentici e affidabili.\u00a0<\/span><\/p>\n<p>La nostra missione \u00e8 chiara: offrirvi il meglio del mondo dei cannabinoidi a un prezzo equo. Inoltre, vi diamo la tranquillit\u00e0 che deriva dal sapere che state scegliendo un prodotto certificato, efficace e 100% legale. Il vostro momento di relax inizia qui da noi con i nostri fiori di CBD.<\/p>\n<p>Ancora dubbi? Scriveteci e saremo lieti di aiutarvi a trovare il prodotto giusto per voi.<\/p>\n<p>&nbsp;<\/p>\n<h6>\u2139\ufe0f<strong> Informazioni legali<\/strong><\/h6>\n<p><em><span style=\"font-weight: 400;\">*Prodotto destinato alla raccolta o all'aromaterapia, in conformit\u00e0 alla legislazione spagnola vigente. <\/span><\/em><\/p>\n<p><em><span style=\"font-weight: 400;\">**Derivato da canapa industriale certificata. Contiene meno dello 0,3 di THC e non contiene cannabinoidi illegali come HHC, HHC-P, THCP, THCP-O, H4CBD o sostanze elencate nell'Allegato I del Regio Decreto 2829\/1977, n\u00e9 sostanze controllate da convenzioni internazionali.\u00a0\u00a0<\/span><\/em><\/p>\n<p data-start=\"2593\" data-end=\"2831\">manca l'ombrello... ma questo lo lasciamo decidere a voi.<\/p>","protected":false},"excerpt":{"rendered":"<p><span style=\"font-size: 16px; font-weight: 400;\">Preparatevi perch\u00e9 questo kit render\u00e0 la vostra estate indimenticabile:\u00a0<\/span><\/p>\n<ul>\n<li>2 x <strong>Bocconcini di fiori di CBD - Pronti da arrotolare 30g<\/strong><\/li>\n<li>1 x Vassoio di rotolamento a scelta<\/li>\n<li>1 x Dimensione del re Carta bugiarda di canapa Giappone<\/li>\n<li>1 x Supporto per rotolo pre<\/li>\n<\/ul>\n<p><em><span style=\"font-weight: 400;\">Prezzo senza sconto: 64\u20ac | prezzo del pacchetto di sconti: 50\u20ac =&gt; <strong>risparmio di 14\u20ac con uno sconto di 22%<\/strong><\/span>\u00a0<\/em><\/p>\n<p><span style=\"font-weight: 400;\">Consultazione<strong>\u00a0<a href=\"https:\/\/iguanasmoke.com\/it\/analitica\/\">analisi di laboratorio.<\/a><\/strong><\/span><\/p>","protected":false},"featured_media":63024,"comment_status":"open","ping_status":"closed","template":"","meta":{"_acf_changed":false,"site-sidebar-layout":"default","site-content-layout":"","ast-site-content-layout":"default","site-content-style":"default","site-sidebar-style":"default","ast-global-header-display":"","ast-banner-title-visibility":"","ast-main-header-display":"","ast-hfb-above-header-display":"","ast-hfb-below-header-display":"","ast-hfb-mobile-header-display":"","site-post-title":"","ast-breadcrumbs-content":"","ast-featured-img":"","footer-sml-layout":"","theme-transparent-header-meta":"default","adv-header-id-meta":"","stick-header-meta":"","header-above-stick-meta":"","header-main-stick-meta":"","header-below-stick-meta":"","astra-migrate-meta-layouts":"set","ast-page-background-enabled":"default","ast-page-background-meta":{"desktop":{"background-color":"var(--ast-global-color-4)","background-image":"","background-repeat":"repeat","background-position":"center center","background-size":"auto","background-attachment":"scroll","background-type":"","background-media":"","overlay-type":"","overlay-color":"","overlay-opacity":"","overlay-gradient":""},"tablet":{"background-color":"","background-image":"","background-repeat":"repeat","background-position":"center center","background-size":"auto","background-attachment":"scroll","background-type":"","background-media":"","overlay-type":"","overlay-color":"","overlay-opacity":"","overlay-gradient":""},"mobile":{"background-color":"","background-image":"","background-repeat":"repeat","background-position":"center center","background-size":"auto","background-attachment":"scroll","background-type":"","background-media":"","overlay-type":"","overlay-color":"","overlay-opacity":"","overlay-gradient":""}},"ast-content-background-meta":{"desktop":{"background-color":"var(--ast-global-color-5)","background-image":"","background-repeat":"repeat","background-position":"center center","background-size":"auto","background-attachment":"scroll","background-type":"","background-media":"","overlay-type":"","overlay-color":"","overlay-opacity":"","overlay-gradient":""},"tablet":{"background-color":"var(--ast-global-color-5)","background-image":"","background-repeat":"repeat","background-position":"center center","background-size":"auto","background-attachment":"scroll","background-type":"","background-media":"","overlay-type":"","overlay-color":"","overlay-opacity":"","overlay-gradient":""},"mobile":{"background-color":"var(--ast-global-color-5)","background-image":"","background-repeat":"repeat","background-position":"center center","background-size":"auto","background-attachment":"scroll","background-type":"","background-media":"","overlay-type":"","overlay-color":"","overlay-opacity":"","overlay-gradient":""}}},"product_brand":[],"product_cat":[349],"product_tag":[],"class_list":{"0":"post-62878","1":"product","2":"type-product","3":"status-publish","4":"has-post-thumbnail","6":"product_cat-packs-y-ofertas-cbd","7":"desktop-align-center","8":"tablet-align-center","9":"mobile-align-center","11":"first","12":"instock","13":"sale","14":"taxable","15":"shipping-taxable","16":"purchasable","17":"product-type-composite"},"acf":[],"yoast_head":"<!-- This site is optimized with the Yoast SEO Premium plugin v27.3 (Yoast SEO v27.3) - https:\/\/yoast.com\/product\/yoast-seo-premium-wordpress\/ -->\n<title>Kit Playero CBD de Supervivencia | Iguana Smoke<\/title>\n<meta name=\"description\" content=\"Descubre el Kit Playero CBD de Supervivencia de Iguana Smoke. Incluye Picadura de Flores- Ready to Roll CBD 30g, bandeja, papeles y Porta Pre Roll.\" \/>\n<meta name=\"robots\" content=\"index, follow, max-snippet:-1, max-image-preview:large, max-video-preview:-1\" \/>\n<link rel=\"canonical\" href=\"https:\/\/iguanasmoke.com\/it\/prodotto\/kit-di-sopravvivenza-da-spiaggia-in-cbd\/\" \/>\n<meta property=\"og:locale\" content=\"it_IT\" \/>\n<meta property=\"og:type\" content=\"article\" \/>\n<meta property=\"og:title\" content=\"Kit Playero CBD de Supervivencia\" \/>\n<meta property=\"og:description\" content=\"Prep\u00e1rate porque este Kit te har\u00e1 el verano:\u00a0   2 x Picadura de Flores de CBD | Ready to Roll 30g  1 x Bandeja de liar a tu elecci\u00f3n  1 x Papel de Liar de c\u00e1\u00f1amo King Size Japon  1 x Porta Pre Roll  Precio sin descuento: 64\u20ac | precio pack descuento: 50\u20ac =&gt; ahorro de 14\u20ac con un descuento del 22%\u00a0  Consulta\u00a0el an\u00e1lisis de laboratorio.\" \/>\n<meta property=\"og:url\" content=\"https:\/\/iguanasmoke.com\/it\/prodotto\/kit-di-sopravvivenza-da-spiaggia-in-cbd\/\" \/>\n<meta property=\"og:site_name\" content=\"Iguana Smoke\" \/>\n<meta property=\"article:publisher\" content=\"https:\/\/www.facebook.com\/iguanasmoke\" \/>\n<meta property=\"article:modified_time\" content=\"2026-02-10T14:38:41+00:00\" \/>\n<meta property=\"og:image\" content=\"https:\/\/iguanasmoke.com\/wp-content\/uploads\/2025\/08\/Kit-Playero-sin-fondo.webp\" \/>\n\t<meta property=\"og:image:width\" content=\"1232\" \/>\n\t<meta property=\"og:image:height\" content=\"928\" \/>\n\t<meta property=\"og:image:type\" content=\"image\/webp\" \/>\n<meta name=\"twitter:card\" content=\"summary_large_image\" \/>\n<meta name=\"twitter:label1\" content=\"Prezzo\" \/>\n\t<meta name=\"twitter:data1\" content=\"50,00&nbsp;&euro;\" \/>\n\t<meta name=\"twitter:label2\" content=\"Disponibilit\u00e0\" \/>\n\t<meta name=\"twitter:data2\" content=\"In stock\" \/>\n<meta property=\"product:brand\" content=\"composite\" \/>\n<meta property=\"product:price:amount\" content=\"50.00\" \/>\n<meta property=\"product:price:currency\" content=\"EUR\" \/>\n<meta property=\"og:availability\" content=\"instock\" \/>\n<meta property=\"product:availability\" content=\"instock\" \/>\n<meta property=\"product:retailer_item_id\" content=\"IS-PACKKITPLAYERO\" \/>\n<meta property=\"product:condition\" content=\"new\" \/>\n<!-- \/ Yoast SEO Premium plugin. -->","yoast_head_json":{"title":"Kit di sopravvivenza da spiaggia CBD | Iguana Smoke","description":"Scoprite il kit di sopravvivenza da spiaggia Iguana Smoke CBD. Include Flower Sting - CBD pronto da rollare da 30 g, vassoio, cartine e supporto per pre-roll.","robots":{"index":"index","follow":"follow","max-snippet":"max-snippet:-1","max-image-preview":"max-image-preview:large","max-video-preview":"max-video-preview:-1"},"canonical":"https:\/\/iguanasmoke.com\/it\/prodotto\/kit-di-sopravvivenza-da-spiaggia-in-cbd\/","og_locale":"it_IT","og_type":"article","og_title":"Kit Playero CBD de Supervivencia","og_description":"Prep\u00e1rate porque este Kit te har\u00e1 el verano:\u00a0   2 x Picadura de Flores de CBD | Ready to Roll 30g  1 x Bandeja de liar a tu elecci\u00f3n  1 x Papel de Liar de c\u00e1\u00f1amo King Size Japon  1 x Porta Pre Roll  Precio sin descuento: 64\u20ac | precio pack descuento: 50\u20ac =&gt; ahorro de 14\u20ac con un descuento del 22%\u00a0  Consulta\u00a0el an\u00e1lisis de laboratorio.","og_url":"https:\/\/iguanasmoke.com\/it\/prodotto\/kit-di-sopravvivenza-da-spiaggia-in-cbd\/","og_site_name":"Iguana Smoke","article_publisher":"https:\/\/www.facebook.com\/iguanasmoke","article_modified_time":"2026-02-10T14:38:41+00:00","og_image":[{"width":1232,"height":928,"url":"https:\/\/iguanasmoke.com\/wp-content\/uploads\/2025\/08\/Kit-Playero-sin-fondo.webp","type":"image\/webp"}],"twitter_card":"summary_large_image","twitter_misc":{"Prezzo":"50,00&nbsp;&euro;","Disponibilit\u00e0":"In stock"},"schema":{"@context":"https:\/\/schema.org","@graph":[{"@type":"WebPage","@id":"https:\/\/iguanasmoke.com\/producto\/kit-playero-cbd-de-supervivencia\/","url":"https:\/\/iguanasmoke.com\/producto\/kit-playero-cbd-de-supervivencia\/","name":"Kit di sopravvivenza da spiaggia CBD | Iguana Smoke","isPartOf":{"@id":"https:\/\/iguanasmoke.com\/#website"},"primaryImageOfPage":{"@id":"https:\/\/iguanasmoke.com\/producto\/kit-playero-cbd-de-supervivencia\/#primaryimage"},"image":{"@id":"https:\/\/iguanasmoke.com\/producto\/kit-playero-cbd-de-supervivencia\/#primaryimage"},"thumbnailUrl":"https:\/\/iguanasmoke.com\/wp-content\/uploads\/2025\/08\/Kit-Playero-sin-fondo.webp","datePublished":"2025-08-11T10:03:21+00:00","dateModified":"2026-02-10T14:38:41+00:00","description":"Scoprite il kit di sopravvivenza da spiaggia Iguana Smoke CBD. Include Flower Sting - CBD pronto da rollare da 30 g, vassoio, cartine e supporto per pre-roll.","breadcrumb":{"@id":"https:\/\/iguanasmoke.com\/producto\/kit-playero-cbd-de-supervivencia\/#breadcrumb"},"inLanguage":"it-IT","potentialAction":[{"@type":"ReadAction","target":["https:\/\/iguanasmoke.com\/producto\/kit-playero-cbd-de-supervivencia\/"]}]},{"@type":"ImageObject","inLanguage":"it-IT","@id":"https:\/\/iguanasmoke.com\/producto\/kit-playero-cbd-de-supervivencia\/#primaryimage","url":"https:\/\/iguanasmoke.com\/wp-content\/uploads\/2025\/08\/Kit-Playero-sin-fondo.webp","contentUrl":"https:\/\/iguanasmoke.com\/wp-content\/uploads\/2025\/08\/Kit-Playero-sin-fondo.webp","width":1232,"height":928,"caption":"kit playero cbd"},{"@type":"BreadcrumbList","@id":"https:\/\/iguanasmoke.com\/producto\/kit-playero-cbd-de-supervivencia\/#breadcrumb","itemListElement":[{"@type":"ListItem","position":1,"name":"home","item":"https:\/\/iguanasmoke.com\/"},{"@type":"ListItem","position":2,"name":"Tienda","item":"https:\/\/iguanasmoke.com\/tienda\/"},{"@type":"ListItem","position":3,"name":"Packs y Ofertas","item":"https:\/\/iguanasmoke.com\/categoria\/packs-y-ofertas-cbd\/"},{"@type":"ListItem","position":4,"name":"Kit Playero CBD de Supervivencia"}]},{"@type":"WebSite","@id":"https:\/\/iguanasmoke.com\/#website","url":"https:\/\/iguanasmoke.com\/","name":"Fumo di iguana","description":"Acquistare CBD online al miglior prezzo","publisher":{"@id":"https:\/\/iguanasmoke.com\/#organization"},"potentialAction":[{"@type":"SearchAction","target":{"@type":"EntryPoint","urlTemplate":"https:\/\/iguanasmoke.com\/?s={search_term_string}"},"query-input":{"@type":"PropertyValueSpecification","valueRequired":true,"valueName":"search_term_string"}}],"inLanguage":"it-IT"},{"@type":"Organization","@id":"https:\/\/iguanasmoke.com\/#organization","name":"Fumo di iguana","url":"https:\/\/iguanasmoke.com\/","logo":{"@type":"ImageObject","inLanguage":"it-IT","@id":"https:\/\/iguanasmoke.com\/#\/schema\/logo\/image\/","url":"https:\/\/iguanasmoke.com\/wp-content\/uploads\/2025\/01\/logoiguana-favi-1.png","contentUrl":"https:\/\/iguanasmoke.com\/wp-content\/uploads\/2025\/01\/logoiguana-favi-1.png","width":512,"height":512,"caption":"Iguana Smoke"},"image":{"@id":"https:\/\/iguanasmoke.com\/#\/schema\/logo\/image\/"},"sameAs":["https:\/\/www.facebook.com\/iguanasmoke","https:\/\/www.instagram.com\/iguanasmoke\/"]}]},"product_brand":"composite","product_price_amount":"50.00","product_price_currency":"EUR","og_availability":"instock","product_availability":"instock","product_retailer_item_id":"IS-PACKKITPLAYERO","product_condition":"new"},"_links":{"self":[{"href":"https:\/\/iguanasmoke.com\/it\/wp-json\/wp\/v2\/product\/62878","targetHints":{"allow":["GET"]}}],"collection":[{"href":"https:\/\/iguanasmoke.com\/it\/wp-json\/wp\/v2\/product"}],"about":[{"href":"https:\/\/iguanasmoke.com\/it\/wp-json\/wp\/v2\/types\/product"}],"replies":[{"embeddable":true,"href":"https:\/\/iguanasmoke.com\/it\/wp-json\/wp\/v2\/comments?post=62878"}],"wp:featuredmedia":[{"embeddable":true,"href":"https:\/\/iguanasmoke.com\/it\/wp-json\/wp\/v2\/media\/63024"}],"wp:attachment":[{"href":"https:\/\/iguanasmoke.com\/it\/wp-json\/wp\/v2\/media?parent=62878"}],"wp:term":[{"taxonomy":"product_brand","embeddable":true,"href":"https:\/\/iguanasmoke.com\/it\/wp-json\/wp\/v2\/product_brand?post=62878"},{"taxonomy":"product_cat","embeddable":true,"href":"https:\/\/iguanasmoke.com\/it\/wp-json\/wp\/v2\/product_cat?post=62878"},{"taxonomy":"product_tag","embeddable":true,"href":"https:\/\/iguanasmoke.com\/it\/wp-json\/wp\/v2\/product_tag?post=62878"}],"curies":[{"name":"wp","href":"https:\/\/api.w.org\/{rel}","templated":true}]}}