{"id":63493,"date":"2025-09-11T10:32:33","date_gmt":"2025-09-11T08:32:33","guid":{"rendered":"https:\/\/iguanasmoke.com\/?post_type=product&#038;p=63493"},"modified":"2026-03-30T12:36:47","modified_gmt":"2026-03-30T10:36:47","slug":"cartuccia-10-oh-fragola","status":"publish","type":"product","link":"https:\/\/iguanasmoke.com\/it\/producto\/cartucho-10-oh-strawberry\/","title":{"rendered":"Cartuccia spaziale 10-OH - Fragola"},"content":{"rendered":"<h1 data-start=\"1609\" data-end=\"1642\"><span style=\"font-weight: 400\">Cartuccia spaziale 10-OH - Fragola<\/span><\/h1>\n<p><span style=\"font-weight: 400\">Preparatevi perch\u00e9 il<\/span><span style=\"font-weight: 400\">\u00a0<strong>10-OH Cartuccia di fragole<\/strong>, vi porter\u00e0 a navigare nello spazio di <strong>Fumo di iguana<\/strong>. <\/span><span style=\"font-weight: 400\">Perfetto per chi \u00e8 alla ricerca di un <strong>esperienza di svapo completa e potente<\/strong>, questo <strong>vaper 10-OH <\/strong>combina la forza del 10-OH (idrossi-esaidrocannabinolo) con l'iconico <strong>dolce aroma di fragole mature<\/strong>. La formula \u00e8 completata <strong>privo di agenti da taglio, nicotina e HHC<\/strong>, in modo da poter godere di un prodotto pulito, legale e di qualit\u00e0.\u00a0<\/span><\/p>\n<p><span style=\"font-weight: 400\">Esplora ora il <strong>Nuove molecole<\/strong> che hanno successo e sostituiscono il vecchio <em>HHC Space Vape<\/em>. Acquista <strong>vaper<\/strong><\/span><span style=\"font-weight: 400\"><strong> 10-OH <\/strong>significa portare in tasca la tecnologia della cannabis del futuro. <strong>Senza THC<\/strong>, <strong>ma c'\u00e8 un effetto<\/strong>; <strong>niente fumo<\/strong>, <strong>ma c'\u00e8 una nuvola<\/strong>; Non c'\u00e8 dubbio, perch\u00e9 <strong>questa cartuccia 10-OH Strawberry \u00e8 dolcezza.<\/strong><\/span><\/p>\n<p>&nbsp;<\/p>\n<h2><strong>Che cos'\u00e8 il 10-OH?<\/strong><\/h2>\n<p><span style=\"font-weight: 400\">Il <\/span><span style=\"font-weight: 400\"><b>10-OH<\/b> \u00e8 un metabolita dell'HHC, cio\u00e8 una sostanza che si genera quando l'organismo scompone l'HHC. A livello di laboratorio, si ottiene trasformando l'HHC nella sua forma idrossilata, ottenendo un cannabinoide pi\u00f9 stabile con un'affinit\u00e0 specifica per alcuni recettori del sistema endocannabinoide.<\/span><\/p>\n<p><span style=\"font-weight: 400\">Sebbene gli effetti possano variare da persona a persona, le esperienze spesso includono:<\/span><\/p>\n<ul>\n<li>Euforia moderata, senza lo sballo pi\u00f9 intenso che pu\u00f2 dare il THC.<\/li>\n<li>Rilassamento fisico, senza produrre una sensazione di eccessiva sedazione.<\/li>\n<li>Chiarezza mentale, che favorisce la concentrazione o l'interazione sociale.<\/li>\n<li>Meno ansia, il che la rende un'opzione interessante per chi non tollera bene il THC.<\/li>\n<\/ul>\n<p><span style=\"font-weight: 400\">Questi effetti mettono il <strong>10-OH in un punto intermedio tra HHC e THC<\/strong>pi\u00f9 intenso del primo, ma pi\u00f9 gestibile del secondo. Se siete alla ricerca di <strong>acquistare vaper 10-OH online<\/strong>, con effetti stimolanti ma senza paranoia o postumi mentali, questa \u00e8 la cartuccia che fa per voi. <\/span><\/p>\n<p><span style=\"font-weight: 400\">Per saperne di pi\u00f9 sul funzionamento di questa nuova molecola, consultate il nostro <\/span> <a href=\"https:\/\/iguanasmoke.com\/it\/che-cosa-e-10-oh-la-nuova-opzione-in-cannabinoidi\/\">Blog: Cos'\u00e8 il 10-OH? La nuova opzione cannabinoide<\/a>.<\/p>\n<p>&nbsp;<\/p>\n<h2>Profilo aromatico della cartuccia 10-OH Strawberry:<\/h2>\n<p><span style=\"font-weight: 400\">L'aroma di questo vaper riproduce fedelmente il <strong>gusto delle fragole quando sono mature<\/strong>. In esso troverete un <strong>nota dolce e fruttata<\/strong> con tocchi di <strong>acida e succulenta.<\/strong> La semplicit\u00e0 della sua <strong>aroma insieme all'innovazione della molecola 10-OH <\/strong>fanno di questo vaper un classico nel vostro cestino, che promette di non deludere.<\/span><\/p>\n<p>&nbsp;<\/p>\n<h2><strong>Caratteristiche principali:<\/strong><\/h2>\n<ul>\n<li><span style=\"font-weight: 400\"><strong>10-OH di alta qualit\u00e0<\/strong>, con un profilo naturale di cannabinoidi.<\/span><\/li>\n<li><span style=\"font-weight: 400\"><strong>Estratto di canapa biologico<\/strong>, privo di additivi e solventi.<\/span><\/li>\n<li><span style=\"font-weight: 400\">Disponibile in <strong>1ml e 2ml<\/strong>. <\/span><\/li>\n<li><span style=\"font-weight: 400\">A <strong>300 soffi (1ml) e 600 soffi (2ml)<\/strong>.<\/span><\/li>\n<li><span style=\"font-weight: 400\"><strong>Nessun THC rilevabile<\/strong>. <\/span><\/li>\n<li><span style=\"font-weight: 400\"><strong>Qualit\u00e0 garantita da Iguana Smoke<\/strong>.<\/span><\/li>\n<\/ul>\n<p>&nbsp;<\/p>\n<h2><strong>Vantaggi della cartuccia 10-OH Fresa:<\/strong><\/h2>\n<ul>\n<li><span style=\"font-weight: 400\">Contiene <b>10-OH: <\/b>un cannabinoide legale derivato dalla canapa, privo di THC.<\/span><\/li>\n<li><span style=\"font-weight: 400\"><strong>Effetto potente senza <\/strong>sentire gli effetti<strong> psicoattivi indesiderati: durata<\/strong> lungo (<strong>3-4 ore<\/strong>)<\/span><\/li>\n<li><span style=\"font-weight: 400\">Ideale per <strong>uso quotidiano:<\/strong>\u00a0<strong>nessun odore, nessuna combustione, nessuna tolleranza<\/strong>.<\/span><\/li>\n<li>Gusto di f<strong>uva matura e acerba<\/strong>, ma dolce e naturale.<\/li>\n<li>Un'esperienza sensoriale straordinaria: vi piacer\u00e0!<\/li>\n<\/ul>\n<p><span style=\"font-weight: 400\">Il <strong>vaper 10-OH <\/strong>\u00e8 il modo pi\u00f9 comodo e pulito per godere di tutti i vantaggi della <strong>benefici del 10-OH<\/strong>, nessuna manutenzione, nessun problema, nessuna seccatura.\u00a0<\/span><\/p>\n<p>&nbsp;<\/p>\n<h2><strong>Che cos'\u00e8 una cartuccia 10-OH monouso?<\/strong><\/h2>\n<p><span style=\"font-weight: 400\">A <strong>Cartuccia monouso 10-OH<\/strong> \u00e8 un piccolo cilindro con <strong>510, attacco da 1ml o 2ml<\/strong> che viene riempita di liquido 10-OH. La grande differenza rispetto ad altri tipi di cartucce \u00e8 che non \u00e8 necessario ricaricarle o riempirle: <strong>quando si esaurisce viene semplicemente scartato<\/strong>.\u00a0<\/span><\/p>\n<p><span style=\"font-weight: 400\">Ci sono anche <a href=\"https:\/\/iguanasmoke.com\/it\/categoria\/nuove-molecole\/10oh\/\">Vapers usa e getta 10-OH<\/a> (all-in-one) con batteria e cartuccia integrate, pronto all'uso subito dopo l'acquisto.\u00a0<\/span><\/p>\n<p>&nbsp;<\/p>\n<h2><span style=\"font-weight: 400\"><strong>Batterie per la cartuccia di fragole 10-OH<\/strong>:<\/span><\/h2>\n<p><span style=\"font-weight: 400\">Non dimenticate di acquistare un <strong>batteria 510<\/strong> <strong>affidabile<\/strong>, <strong>di lunga durata<\/strong>. Ecco perch\u00e9 in <strong>Fumo di iguana<\/strong> vi offriamo diversi modelli progettati per garantire una <strong>nebbia uniforme<\/strong>, <strong>gusto pulito<\/strong> e un <strong>esperienza di vaping confortevole e sicura<\/strong>.<\/span><\/p>\n<ul>\n<li><span style=\"font-weight: 400\"><a href=\"https:\/\/iguanasmoke.com\/it\/prodotto\/batteria-iguana-power-510-per-cartucce-da-1-ml-2\/\"><strong>Batteria 510 con filettatura per cartucce da 1 ml<\/strong><\/a>Le dimensioni compatte, discrete e facili da trasportare, e la sua potenza sono perfettamente calibrate per estrarre l'intero profilo aromatico del 10-OH senza surriscaldare il liquido. <em>Ha una potenza di 320 mAh.<\/em><\/span><\/li>\n<li><span style=\"font-weight: 400\"><a href=\"https:\/\/iguanasmoke.com\/it\/prodotto\/batteria-iguana-power-510-per-cartucce-da-2-ml-2\/\"><strong>Batteria 510 con filettatura per cartucce da 2 ml<\/strong><\/a>Cartucce 10-OH: offrono una maggiore autonomia, progettate per gli utenti che amano le sessioni pi\u00f9 lunghe o preferiscono cambiare le cartucce 10-OH meno frequentemente. Garantiscono <strong>potenza stabile e prestazioni costanti<\/strong>. <em>Ha una potenza di 400 mAh<\/em>.\u00a0<\/span><\/li>\n<li><a href=\"https:\/\/iguanasmoke.com\/it\/prodotto\/iguana-power-cartbox-battery-bateria-510-para-cartuchos\/\"><strong>Batteria tascabile Cartbox con filettatura 510<\/strong><\/a>; Compatibilit\u00e0 2-in-1: <strong><span style=\"font-weight: 400\">E se siete alla ricerca di versatilit\u00e0, questo modello \u00e8 compatibile con cartucce da 1ml e 2ml, combinando autonomia, discrezione e wattaggio regolabile. Ideale per chi desidera un unico dispositivo che si adatti a tutto. <em>Ha una potenza di 650 mAh<\/em>.\u00a0<\/span><\/strong><\/li>\n<\/ul>\n<p>&nbsp;<\/p>\n<h3><b>Dove acquistare le cartucce 10-OH<\/b><b> online?<\/b><\/h3>\n<p><span style=\"font-weight: 400\">A <strong>Fumo di iguana<\/strong>, Diamo priorit\u00e0 alla qualit\u00e0 e alla trasparenza. Il nostro <strong>Cartucce 10-OH<\/strong>\u00a0sono realizzati con estratti naturali ed ecologici, offrendo prodotti <\/span><span style=\"font-weight: 400\"><strong>sicuro e potente<\/strong>. Come nel caso del nostro <strong>10-OH Cartuccia di fragole<\/strong>, che si distingue per il suo intenso sapore di <strong>fragola<\/strong>.<\/span><\/p>\n<p><span style=\"font-weight: 400\">Questo \u00e8 il vostro posto sicuro per <strong>acquistare vaper 10-OH online nel Regno Unito.<\/strong> Tutti i nostri prodotti sono approvati dall'UE, a garanzia della loro legalit\u00e0 e sicurezza. Inoltre, se volete potete consultare<\/span><span style=\"font-weight: 400\"> <a href=\"https:\/\/iguanasmoke.com\/it\/analitica\/\">qui le analisi di laboratorio.<\/a>\u00a0<\/span><\/p>\n<p><span style=\"font-weight: 400\">Non dimenticate di esplorare altri <strong>vapers 10-OH <\/strong>come il <a href=\"https:\/\/iguanasmoke.com\/it\/prodotto\/vaper-10-oh-90-spazio-vape-fragola\/\">10-OH Spazio Vape Fragola Vaper<\/a> u <\/span><span style=\"font-weight: 400\">altro <strong>Prodotti TOP<\/strong> come il <a href=\"https:\/\/iguanasmoke.com\/it\/prodotto\/vaper-stv-space-vape-fragola-sativanolo\/\">STV Spazio Vape Vaper<\/a> o il <a href=\"https:\/\/iguanasmoke.com\/it\/prodotto\/acquistare-gemme-di-cbd-flower-cherry-haze-online\/\">Fiore CBD Cherry Haze<\/a>. <\/span><span style=\"font-weight: 400\">In breve, esplorate la nostra variet\u00e0 e trovate subito i vostri preferiti.<\/span><span style=\"font-weight: 400\">\u00a0<\/span><\/p>\n<p>Consegne rapide, grande attenzione e un negozio con un imballaggio discreto che va per primo - solo per il vostro piacere!<\/p>\n<p>&nbsp;<\/p>\n<h3><b>Iguana Smoke \u00e8 il vostro negozio online di CBD di fiducia<\/b><\/h3>\n<p><span style=\"font-weight: 400\">Noi di Iguana Smoke crediamo che il consumo di CBD debba essere un'esperienza sicura e piacevole. Ecco perch\u00e9 abbiamo prodotti di alta qualit\u00e0 che si rivolgono alle nuove generazioni: persone che cercano un benessere senza complicazioni, con marchi autentici e affidabili.\u00a0<\/span><\/p>\n<p>La nostra missione \u00e8 chiara: offrirvi il meglio del mondo dei cannabinoidi a un prezzo equo, con la tranquillit\u00e0 che deriva dalla consapevolezza di scegliere un prodotto certificato, efficace e 100% legale.<\/p>\n<p>Ancora dubbi? Scriveteci e saremo lieti di aiutarvi a trovare il prodotto giusto per voi.<\/p>\n<p>&nbsp;<\/p>\n<p><em><span style=\"font-weight: 400\">*Nota bene: il suo utilizzo \u00e8 destinato alla raccolta o all'aromaterapia secondo la legge spagnola. <\/span><\/em><\/p>\n<p><em><span style=\"font-weight: 400\">**Tutti i nostri prodotti sono derivati da canapa industriale certificata. Contengono meno dello 0,3 di THC e non contengono cannabinoidi illegali come HHC, HHC-P, THCP, THCP-O, H4CBD e quelli inclusi nell'Allegato I del Regio Decreto 2829\/1977, n\u00e9 sostanze controllate dalle convenzioni internazionali.\u00a0\u00a0<\/span><\/em><\/p>","protected":false},"excerpt":{"rendered":"<ul>\n<li>Sapore di fragola matura<\/li>\n<li>Connessione: tipo 510<\/li>\n<li>Capacit\u00e0: <span style=\"font-size: 16px\">1 ml (300 soffi) \/ 2 ml (600 soffi)<\/span><\/li>\n<li>10-OH a 90%<\/li>\n<li>THC: 0%, HHC: 0%, THC-P: 0%, Nicotina: 0%<\/li>\n<li>Non contiene VG, PG, PEG, MCT o altri agenti di taglio.<\/li>\n<\/ul>\n<p><span style=\"font-weight: 400\">Inoltre, se si desidera, \u00e8 possibile consultare<strong> <a href=\"https:\/\/iguanasmoke.com\/it\/analitica\/\">analisi di laboratorio.<\/a><\/strong><\/span><\/p>","protected":false},"featured_media":64593,"comment_status":"open","ping_status":"closed","template":"","meta":{"_acf_changed":false,"site-sidebar-layout":"default","site-content-layout":"","ast-site-content-layout":"default","site-content-style":"default","site-sidebar-style":"default","ast-global-header-display":"","ast-banner-title-visibility":"","ast-main-header-display":"","ast-hfb-above-header-display":"","ast-hfb-below-header-display":"","ast-hfb-mobile-header-display":"","site-post-title":"","ast-breadcrumbs-content":"","ast-featured-img":"","footer-sml-layout":"","theme-transparent-header-meta":"default","adv-header-id-meta":"","stick-header-meta":"","header-above-stick-meta":"","header-main-stick-meta":"","header-below-stick-meta":"","astra-migrate-meta-layouts":"set","ast-page-background-enabled":"default","ast-page-background-meta":{"desktop":{"background-color":"var(--ast-global-color-4)","background-image":"","background-repeat":"repeat","background-position":"center center","background-size":"auto","background-attachment":"scroll","background-type":"","background-media":"","overlay-type":"","overlay-color":"","overlay-opacity":"","overlay-gradient":""},"tablet":{"background-color":"","background-image":"","background-repeat":"repeat","background-position":"center center","background-size":"auto","background-attachment":"scroll","background-type":"","background-media":"","overlay-type":"","overlay-color":"","overlay-opacity":"","overlay-gradient":""},"mobile":{"background-color":"","background-image":"","background-repeat":"repeat","background-position":"center center","background-size":"auto","background-attachment":"scroll","background-type":"","background-media":"","overlay-type":"","overlay-color":"","overlay-opacity":"","overlay-gradient":""}},"ast-content-background-meta":{"desktop":{"background-color":"var(--ast-global-color-5)","background-image":"","background-repeat":"repeat","background-position":"center center","background-size":"auto","background-attachment":"scroll","background-type":"","background-media":"","overlay-type":"","overlay-color":"","overlay-opacity":"","overlay-gradient":""},"tablet":{"background-color":"var(--ast-global-color-5)","background-image":"","background-repeat":"repeat","background-position":"center center","background-size":"auto","background-attachment":"scroll","background-type":"","background-media":"","overlay-type":"","overlay-color":"","overlay-opacity":"","overlay-gradient":""},"mobile":{"background-color":"var(--ast-global-color-5)","background-image":"","background-repeat":"repeat","background-position":"center center","background-size":"auto","background-attachment":"scroll","background-type":"","background-media":"","overlay-type":"","overlay-color":"","overlay-opacity":"","overlay-gradient":""}}},"product_brand":[],"product_cat":[550,419],"product_tag":[],"class_list":{"0":"post-63493","1":"product","2":"type-product","3":"status-publish","4":"has-post-thumbnail","6":"product_cat-10oh","7":"product_cat-cartuchos-cbd","8":"desktop-align-center","9":"tablet-align-center","10":"mobile-align-center","12":"first","13":"instock","14":"taxable","15":"shipping-taxable","16":"purchasable","17":"product-type-variable"},"acf":[],"yoast_head":"<!-- This site is optimized with the Yoast SEO Premium plugin v27.3 (Yoast SEO v27.3) - https:\/\/yoast.com\/product\/yoast-seo-premium-wordpress\/ -->\n<title>Cartucho 10-OH Strawberry | Iguana Smoke<\/title>\n<meta name=\"description\" content=\"Disfruta de una experiencia de vapeo \u00fanica con el Cartucho 10-OH Strawberry. Su potente sabor a fresa te llevar\u00e1 al espacio. \u00a1Prueba ahora el vaper 10-OH!\" \/>\n<meta name=\"robots\" content=\"index, follow, max-snippet:-1, max-image-preview:large, max-video-preview:-1\" \/>\n<link rel=\"canonical\" href=\"https:\/\/iguanasmoke.com\/it\/prodotto\/cartuccia-10-oh-fragola\/\" \/>\n<meta property=\"og:locale\" content=\"it_IT\" \/>\n<meta property=\"og:type\" content=\"article\" \/>\n<meta property=\"og:title\" content=\"Cartucho 10-OH Space - Strawberry\" \/>\n<meta property=\"og:description\" content=\"Sabor a fresa madura  Conexi\u00f3n: tipo 510  Capacidad: 1 ml (300 caladas)\/ 2 ml (600 caladas)  10-OH al 90%  THC: 0%, HHC: 0%, THC-P: 0%, Nicotina: 0%  No contiene VG, PG, PEG, MCT o cualquier otro agente de corte  Adem\u00e1s, si quieres puedes consultar el an\u00e1lisis de laboratorio.\" \/>\n<meta property=\"og:url\" content=\"https:\/\/iguanasmoke.com\/it\/prodotto\/cartuccia-10-oh-fragola\/\" \/>\n<meta property=\"og:site_name\" content=\"Iguana Smoke\" \/>\n<meta property=\"article:publisher\" content=\"https:\/\/www.facebook.com\/iguanasmoke\" \/>\n<meta property=\"article:modified_time\" content=\"2026-03-30T10:36:47+00:00\" \/>\n<meta property=\"og:image\" content=\"https:\/\/iguanasmoke.com\/wp-content\/uploads\/2025\/08\/Bolsa-Cart-HHC-Strawberry-2025-10-OH-con-cartucho.webp\" \/>\n\t<meta property=\"og:image:width\" content=\"1000\" \/>\n\t<meta property=\"og:image:height\" content=\"1000\" \/>\n\t<meta property=\"og:image:type\" content=\"image\/webp\" \/>\n<meta name=\"twitter:card\" content=\"summary_large_image\" \/>\n<meta name=\"twitter:label1\" content=\"Disponibilit\u00e0\" \/>\n\t<meta name=\"twitter:data1\" content=\"In stock\" \/>\n<meta property=\"product:brand\" content=\"variable\" \/>\n<meta property=\"og:availability\" content=\"instock\" \/>\n<meta property=\"product:availability\" content=\"instock\" \/>\n<meta property=\"product:condition\" content=\"new\" \/>\n<!-- \/ Yoast SEO Premium plugin. -->","yoast_head_json":{"title":"Cartuccia di fumo 10-OH Strawberry | Iguana","description":"Godetevi un'esperienza di svapo unica con la cartuccia 10-OH Strawberry. Il suo potente sapore di fragola vi porter\u00e0 nello spazio - provate subito il vaper 10-OH!","robots":{"index":"index","follow":"follow","max-snippet":"max-snippet:-1","max-image-preview":"max-image-preview:large","max-video-preview":"max-video-preview:-1"},"canonical":"https:\/\/iguanasmoke.com\/it\/prodotto\/cartuccia-10-oh-fragola\/","og_locale":"it_IT","og_type":"article","og_title":"Cartucho 10-OH Space - Strawberry","og_description":"Sabor a fresa madura  Conexi\u00f3n: tipo 510  Capacidad: 1 ml (300 caladas)\/ 2 ml (600 caladas)  10-OH al 90%  THC: 0%, HHC: 0%, THC-P: 0%, Nicotina: 0%  No contiene VG, PG, PEG, MCT o cualquier otro agente de corte  Adem\u00e1s, si quieres puedes consultar el an\u00e1lisis de laboratorio.","og_url":"https:\/\/iguanasmoke.com\/it\/prodotto\/cartuccia-10-oh-fragola\/","og_site_name":"Iguana Smoke","article_publisher":"https:\/\/www.facebook.com\/iguanasmoke","article_modified_time":"2026-03-30T10:36:47+00:00","og_image":[{"width":1000,"height":1000,"url":"https:\/\/iguanasmoke.com\/wp-content\/uploads\/2025\/08\/Bolsa-Cart-HHC-Strawberry-2025-10-OH-con-cartucho.webp","type":"image\/webp"}],"twitter_card":"summary_large_image","twitter_misc":{"Disponibilit\u00e0":"In stock"},"schema":{"@context":"https:\/\/schema.org","@graph":[{"@type":"WebPage","@id":"https:\/\/iguanasmoke.com\/producto\/cartucho-10-oh-strawberry\/","url":"https:\/\/iguanasmoke.com\/producto\/cartucho-10-oh-strawberry\/","name":"Cartuccia di fumo 10-OH Strawberry | Iguana","isPartOf":{"@id":"https:\/\/iguanasmoke.com\/#website"},"primaryImageOfPage":{"@id":"https:\/\/iguanasmoke.com\/producto\/cartucho-10-oh-strawberry\/#primaryimage"},"image":{"@id":"https:\/\/iguanasmoke.com\/producto\/cartucho-10-oh-strawberry\/#primaryimage"},"thumbnailUrl":"https:\/\/iguanasmoke.com\/wp-content\/uploads\/2025\/08\/Bolsa-Cart-HHC-Strawberry-2025-10-OH-con-cartucho.webp","datePublished":"2025-09-11T08:32:33+00:00","dateModified":"2026-03-30T10:36:47+00:00","description":"Godetevi un'esperienza di svapo unica con la cartuccia 10-OH Strawberry. Il suo potente sapore di fragola vi porter\u00e0 nello spazio - provate subito il vaper 10-OH!","breadcrumb":{"@id":"https:\/\/iguanasmoke.com\/producto\/cartucho-10-oh-strawberry\/#breadcrumb"},"inLanguage":"it-IT","potentialAction":[{"@type":"ReadAction","target":["https:\/\/iguanasmoke.com\/producto\/cartucho-10-oh-strawberry\/"]}]},{"@type":"ImageObject","inLanguage":"it-IT","@id":"https:\/\/iguanasmoke.com\/producto\/cartucho-10-oh-strawberry\/#primaryimage","url":"https:\/\/iguanasmoke.com\/wp-content\/uploads\/2025\/08\/Bolsa-Cart-HHC-Strawberry-2025-10-OH-con-cartucho.webp","contentUrl":"https:\/\/iguanasmoke.com\/wp-content\/uploads\/2025\/08\/Bolsa-Cart-HHC-Strawberry-2025-10-OH-con-cartucho.webp","width":1000,"height":1000,"caption":"Bolsa y cartucho 10-OH Strawberry de Iguana Smoke, vaper 10-OH"},{"@type":"BreadcrumbList","@id":"https:\/\/iguanasmoke.com\/producto\/cartucho-10-oh-strawberry\/#breadcrumb","itemListElement":[{"@type":"ListItem","position":1,"name":"home","item":"https:\/\/iguanasmoke.com\/"},{"@type":"ListItem","position":2,"name":"Tienda","item":"https:\/\/iguanasmoke.com\/tienda\/"},{"@type":"ListItem","position":3,"name":"Vaper CBD","item":"https:\/\/iguanasmoke.com\/categoria\/vaper-cbd\/"},{"@type":"ListItem","position":4,"name":"Cartuchos","item":"https:\/\/iguanasmoke.com\/categoria\/vaper-cbd\/cartuchos-cbd\/"},{"@type":"ListItem","position":5,"name":"Cartucho 10-OH Space &#8211; Strawberry"}]},{"@type":"WebSite","@id":"https:\/\/iguanasmoke.com\/#website","url":"https:\/\/iguanasmoke.com\/","name":"Fumo di iguana","description":"Acquistare CBD online al miglior prezzo","publisher":{"@id":"https:\/\/iguanasmoke.com\/#organization"},"potentialAction":[{"@type":"SearchAction","target":{"@type":"EntryPoint","urlTemplate":"https:\/\/iguanasmoke.com\/?s={search_term_string}"},"query-input":{"@type":"PropertyValueSpecification","valueRequired":true,"valueName":"search_term_string"}}],"inLanguage":"it-IT"},{"@type":"Organization","@id":"https:\/\/iguanasmoke.com\/#organization","name":"Fumo di iguana","url":"https:\/\/iguanasmoke.com\/","logo":{"@type":"ImageObject","inLanguage":"it-IT","@id":"https:\/\/iguanasmoke.com\/#\/schema\/logo\/image\/","url":"https:\/\/iguanasmoke.com\/wp-content\/uploads\/2025\/01\/logoiguana-favi-1.png","contentUrl":"https:\/\/iguanasmoke.com\/wp-content\/uploads\/2025\/01\/logoiguana-favi-1.png","width":512,"height":512,"caption":"Iguana Smoke"},"image":{"@id":"https:\/\/iguanasmoke.com\/#\/schema\/logo\/image\/"},"sameAs":["https:\/\/www.facebook.com\/iguanasmoke","https:\/\/www.instagram.com\/iguanasmoke\/"]}]},"product_brand":"variable","og_availability":"instock","product_availability":"instock","product_condition":"new"},"_links":{"self":[{"href":"https:\/\/iguanasmoke.com\/it\/wp-json\/wp\/v2\/product\/63493","targetHints":{"allow":["GET"]}}],"collection":[{"href":"https:\/\/iguanasmoke.com\/it\/wp-json\/wp\/v2\/product"}],"about":[{"href":"https:\/\/iguanasmoke.com\/it\/wp-json\/wp\/v2\/types\/product"}],"replies":[{"embeddable":true,"href":"https:\/\/iguanasmoke.com\/it\/wp-json\/wp\/v2\/comments?post=63493"}],"wp:featuredmedia":[{"embeddable":true,"href":"https:\/\/iguanasmoke.com\/it\/wp-json\/wp\/v2\/media\/64593"}],"wp:attachment":[{"href":"https:\/\/iguanasmoke.com\/it\/wp-json\/wp\/v2\/media?parent=63493"}],"wp:term":[{"taxonomy":"product_brand","embeddable":true,"href":"https:\/\/iguanasmoke.com\/it\/wp-json\/wp\/v2\/product_brand?post=63493"},{"taxonomy":"product_cat","embeddable":true,"href":"https:\/\/iguanasmoke.com\/it\/wp-json\/wp\/v2\/product_cat?post=63493"},{"taxonomy":"product_tag","embeddable":true,"href":"https:\/\/iguanasmoke.com\/it\/wp-json\/wp\/v2\/product_tag?post=63493"}],"curies":[{"name":"wp","href":"https:\/\/api.w.org\/{rel}","templated":true}]}}