{"id":66917,"date":"2025-10-18T11:57:48","date_gmt":"2025-10-18T09:57:48","guid":{"rendered":"https:\/\/iguanasmoke.com\/?post_type=product&#038;p=66917"},"modified":"2026-01-29T09:26:25","modified_gmt":"2026-01-29T08:26:25","slug":"creepy-kush-indoor-edizione-limitata-di-halloween","status":"publish","type":"product","link":"https:\/\/iguanasmoke.com\/it\/producto\/creepy-kush-indoor-edicion-limitada-halloween\/","title":{"rendered":"Fiore CBD Creepy Kush Indoor (Edizione limitata di Halloween)"},"content":{"rendered":"<h1 data-start=\"1609\" data-end=\"1642\"><span style=\"font-weight: 400\">Fiore CBD Creepy Kush Indoor - Edizione limitata di Halloween<\/span><\/h1>\n<h2 data-start=\"368\" data-end=\"432\">Un fiore esclusivo e terribilmente buono<\/h2>\n<p data-start=\"549\" data-end=\"976\"><span style=\"font-weight: 400\">Se siete alla ricerca di fiori CBD Indoor di altissima qualit\u00e0, i fiori di <strong>Fiore CBD Creepy Kush Indoor<\/strong> \u00e8 senza dubbio una delle opzioni pi\u00f9 esclusive del mercato. Questa edizione limitata di Halloween ha <strong>solo 250 unit\u00e0<\/strong>. Ogni sacchetto di<strong> 2 g di fiore CBD Creepy Kush Indoo<\/strong>r viene fornito con l'iconico <strong>confezione di Iguana Zombie<\/strong>, una creazione speciale che rende omaggio alla stagione pi\u00f9 buia dell'anno.\u00a0<\/span><\/p>\n<p data-start=\"549\" data-end=\"976\"><span style=\"font-weight: 400\">Grazie alla sua <strong>coltivazione indoor (Indoor)<\/strong>, Questo fiore di CBD offre un livello di purezza superiore, <strong>stabilit\u00e0 e conservazione dei terpeni<\/strong>. Di conseguenza, ogni bocciolo si distingue sia per l'aspetto che per le sue caratteristiche. <strong>fragranza<\/strong>, ideale per chi apprezza il CBD al meglio.<\/span><\/p>\n<p data-start=\"549\" data-end=\"976\"><span style=\"font-weight: 400\"> A <strong>Fumo di iguana<\/strong>, selezioniamo con cura ogni lotto per offrirvi una <strong>CBD Premium Creepy Kush Indoor<\/strong>, progettato per i veri intenditori di cannabidiolo che apprezzano la differenza fin dal primo momento e desiderano possedere questa edizione, considerata un gioiello da collezione nel mondo del CBD.\u00a0<\/span><\/p>\n<h2 data-start=\"549\" data-end=\"976\"><\/h2>\n<p>&nbsp;<\/p>\n<h2 data-start=\"549\" data-end=\"976\"><strong>Che cosa significa che un fiore di CBD \u00e8 <em>Interno<\/em>? <\/strong><\/h2>\n<p data-start=\"549\" data-end=\"976\"><span style=\"font-weight: 400\">Il termine <strong>Interno<\/strong> si riferisce al <strong>coltivazione indoor<\/strong>, in un ambiente completamente controllato. Ci\u00f2 comporta una gestione precisa del <strong>illuminazione<\/strong>, il <strong>temperatura<\/strong>, il <strong>umidit\u00e0<\/strong> e il <strong>ventilazione<\/strong>, Questi sono fattori chiave per ottenere fiori di CBD della massima qualit\u00e0. <\/span><\/p>\n<p data-start=\"549\" data-end=\"976\"><span style=\"font-weight: 400\">Grazie a questo metodo di coltivazione: <\/span><\/p>\n<ul>\n<li data-start=\"549\" data-end=\"976\"><span style=\"font-weight: 400\">I fiori hanno un <strong>maggiore concentrazione di CBD<\/strong> e altri cannabinoidi. <\/span><\/li>\n<li data-start=\"549\" data-end=\"976\"><span style=\"font-weight: 400\">Il <strong>tricomi e resine<\/strong> si sviluppano in modo pi\u00f9 denso e uniforme. <\/span><\/li>\n<li data-start=\"549\" data-end=\"976\"><span style=\"font-weight: 400\">Il <strong>l'aroma \u00e8 pi\u00f9 intenso, pulito e definito<\/strong>, I terpeni sono conservati in condizioni ottimali. <\/span><\/li>\n<li data-start=\"549\" data-end=\"976\"><span style=\"font-weight: 400\">L'aspetto della gemma \u00e8 pi\u00f9 <strong>compatto, lucido e omogeneo<\/strong>. <\/span><\/li>\n<\/ul>\n<p><span style=\"font-weight: 400\">Per questo motivo, da <strong>acquistare fiori CBD Indoor<\/strong>, come il nostro <strong>Fiore di CBD<\/strong> <strong>Kush inquietante<\/strong> <strong>Interno<\/strong>, vi garantisce un'esperienza sensoriale pi\u00f9 raffinata, stabile e di alto livello.\u00a0<\/span><\/p>\n<p>&nbsp;<\/p>\n<h2><strong>Creepy Kush CBD Indoor: l'Iguana Zombie di Halloweem<\/strong><\/h2>\n<p><span style=\"font-weight: 400\">Il <strong>Fiore CBD Creeypypy Kush Indoor<\/strong> \u00e8 perfetto per chi \u00e8 alla ricerca di un <strong>esperienza equilibrata tra aroma, estetica ed effetto<\/strong>. La sua fragranza combina <strong>Note agrumate e dolci<\/strong>, Questo, insieme all'effetto morbido, lo rende uno dei pi\u00f9 ricercati. <\/span><\/p>\n<p><span style=\"font-weight: 400\">Il nome di <strong>Inquietante<\/strong> (o <em>Krippy<\/em>) \u00e8 nato a <strong>America Latina<\/strong> e per anni \u00e8 stato usato per parlare di <strong>marijuana molto potente<\/strong>, soprattutto in Paesi come la Colombia, il Cile o l'Ecuador. In questo contesto, ha fatto riferimento a gemme con livelli di THC molto elevati, tipici del mercato illegale. <\/span><\/p>\n<p><span style=\"font-weight: 400\">Tuttavia, il <strong>Creepy Kush Indoor da Iguana Smoke<\/strong> \u00e8 qualcosa di completamente diverso. \u00c8 un <strong>Fiore di CBD 100% legale in Spagna<\/strong>, Coltivata indoor, con meno di 0,3% di THC e nessun effetto psicoattivo. Tuttavia, mantiene la <strong>sapore e carattere intensi<\/strong> che ha reso famosa la genetica originale. <\/span><\/p>\n<p><span style=\"font-weight: 400\">Visivamente, si distingue per la sua <strong>cime dall'aspetto resinoso e compatto con toni scuri<\/strong>, ricoperta da un sottile strato di tricomi che riflettono la qualit\u00e0 della sua coltivazione. Inoltre, la sua <strong>alto contenuto di CBD<\/strong>, Il livello di THC inferiore a 0,3% la rende una scelta perfetta per godere di un elevato contenuto di THC inferiore a 0,3%, che la rende una scelta perfetta per godere di un elevato contenuto di THC inferiore a 0,3%. <strong>effetto rilassante senza effetto psicoattivo<\/strong>.\u00a0 \u00a0<\/span><\/p>\n<p>&nbsp;<\/p>\n<p><strong>Vantaggi della scelta di Creepy Kush CBD Indoor: <\/strong><\/p>\n<ol>\n<li style=\"list-style-type: none\">\n<ol>\n<li><span style=\"font-weight: 400\">Coltivazione indoor naturale e controllata 100% <\/span><\/li>\n<li><span style=\"font-weight: 400\">THC &lt;0,3%, secondo la legislazione europea <\/span><\/li>\n<li><span style=\"font-weight: 400\">Alto contenuto di CBD <\/span><\/li>\n<li><span style=\"font-weight: 400\">Aroma forte ed effetto rilassante, nessun effetto \"stoned\". <\/span><\/li>\n<li><span style=\"font-weight: 400\">Reinterpreta il concetto originale di \u201c<em>Raccapricciante<\/em>\u201c<\/span><\/li>\n<\/ol>\n<\/li>\n<\/ol>\n<p><span style=\"font-weight: 400\">Il nostro Creepy \u00e8 un cenno a quella leggenda, adattato ad un concetto <strong>legale, naturale e premium<\/strong>, senza perdere la sua personalit\u00e0 esotica e marcata.<\/span><\/p>\n<p>&nbsp;<\/p>\n<h3><b>Dove acquistare il vostro <\/b><strong>Fiori CBD Indoor<\/strong><b>?<\/b><\/h3>\n<p><span style=\"font-weight: 400\">Se state cercando <strong>acquistare Fiori di CBD<\/strong><strong>, <\/strong>questo \u00e8 il tuo posto sicuro per <strong>acquistare Flores CBD Indoor vaper Flores CBD Indoor in Spagna.<\/strong>\u00a0<\/span><span style=\"font-weight: 400\">Tutti i nostri prodotti sono <strong>approvato dall'UE<\/strong>, garantendo la sua legalit\u00e0 e sicurezza. Inoltre, se volete potete consultare<\/span><strong> <a href=\"https:\/\/iguanasmoke.com\/it\/analitica\/\">analisi di laboratorio.<\/a><\/strong><\/p>\n<p><span style=\"font-weight: 400\">Non dimenticate di esplorare altri gusti di <strong><a href=\"https:\/\/iguanasmoke.com\/it\/categoria\/fiori-di-cbd-4\/fiori-di-cbd-da-interno\/\">Fiori per interni CBD<\/a><\/strong> y <\/span><span style=\"font-weight: 400\">altro <strong><a href=\"https:\/\/iguanasmoke.com\/it\/categoria\/fiori-di-cbd-4\/fiori-di-serra-cbd\/\">Fiori di serra CBD<\/a><\/strong> <strong>TOP<\/strong> come <strong><a href=\"https:\/\/iguanasmoke.com\/it\/prodotto\/comprare-cbd-flower-ak-47\/\">Fiore CBD AK-47<\/a><\/strong> o il <strong><a href=\"https:\/\/iguanasmoke.com\/it\/prodotto\/acquistare-biscotti-tropicali-al-fiore-di-cbd\/\">Fiore CBD Tropical Cookies<\/a><\/strong>.\u00a0<\/span><span style=\"font-weight: 400\">In breve, sfogliate la nostra selezione di prodotti CBD e trovate i vostri preferiti. <\/span><\/p>\n<p><span style=\"font-weight: 400\">Ricordate che abbiamo solo <strong>250 unit\u00e0 in magazzino<\/strong>, Non aspettate troppo a lungo, perch\u00e9 quando finiranno non ci sar\u00e0 ricambio. Non \u00e8 solo un fiore, \u00e8 una <strong>esperienza limitata e mitica<\/strong>La leggenda del \u201c...\u201c<em>Krippy<\/em>\u201de la purezza pi\u00f9 avanzata del CBD Indoor. <\/span><\/p>\n<p><strong data-start=\"303\" data-end=\"345\">Consegna rapida e discreta in tutta la Spagna<\/strong>, con <strong data-start=\"351\" data-end=\"387\">attenzione stretta e personalizzata<\/strong> per rispondere a qualsiasi domanda prima e dopo l'acquisto.<\/p>\n<p>&nbsp;<\/p>\n<h3><b>Iguana Smoke \u00e8 il vostro negozio online di CBD\u00a0<\/b><\/h3>\n<p><span style=\"font-weight: 400\">A<strong> Fumo di iguana<\/strong>, Crediamo che il consumo di CBD debba essere un'esperienza sicura. Ecco perch\u00e9 abbiamo prodotti come questo <strong>Fiore CBD Creepy Kush<\/strong><strong> Interno<\/strong>, Il marchio si rivolge alle nuove generazioni: persone che cercano un benessere senza complicazioni, con marchi autentici e affidabili. <\/span><\/p>\n<p><span style=\"font-weight: 400\">La nostra missione \u00e8 chiara:<strong> Il meglio del mondo del CBD a un prezzo equo<\/strong>. Inoltre, vi garantiamo la tranquillit\u00e0 che deriva dalla consapevolezza di aver scelto un'azienda <strong>prodotto certificato, efficace e legale 100%<\/strong>. Fate il grande passo, acquistate oggi stesso il vostro CBD vaper e portate la vostra esperienza a un altro livello.\u00a0<\/span><\/p>\n<p>Ancora dubbi? Scriveteci e saremo lieti di aiutarvi a trovare il prodotto giusto per voi.<\/p>\n<p>&nbsp;<\/p>\n<h6>\u2139\ufe0f<strong> Informazioni legali<\/strong><\/h6>\n<p><em><span style=\"font-weight: 400\">*Prodotto destinato alla raccolta o all'aromaterapia, in conformit\u00e0 alla legislazione spagnola vigente. <\/span><\/em><\/p>\n<p><em><span style=\"font-weight: 400\">**Derivato da canapa industriale certificata. Contiene meno dello 0,3 di THC e non contiene cannabinoidi illegali come HHC, HHC-P, THCP, THCP-O, H4CBD o sostanze elencate nell'Allegato I del Regio Decreto 2829\/1977, n\u00e9 sostanze controllate da convenzioni internazionali.\u00a0\u00a0<\/span><\/em><\/p>","protected":false},"excerpt":{"rendered":"<p><span style=\"font-weight: 400\">Si distingue per l'esclusivit\u00e0 di <strong>250 pezzi. <\/strong>da <strong>Edizione limitata<\/strong> ispirato alla mitica genetica <em><strong>Inquietante<\/strong>:<\/em><\/span><\/p>\n<ul>\n<li><span style=\"font-weight: 400\">Coltivazione indoor premium Indoor <\/span><\/li>\n<li><span style=\"font-weight: 400\">CBD: tra 12-14% <\/span><\/li>\n<li><span style=\"font-weight: 400\">THC: &lt;0,3% <\/span><\/li>\n<li><span style=\"font-weight: 400\">100% legale in Europa <\/span><\/li>\n<li><span style=\"font-weight: 400\">Cime dense con toni scuri<\/span><\/li>\n<li><span style=\"font-weight: 400\">Aroma potente e design Iguana Zombie<\/span><\/li>\n<\/ul>\n<p><span style=\"font-weight: 400\">Consultazione<strong> <a href=\"https:\/\/iguanasmoke.com\/it\/analitica\/\">analisi di laboratorio.<\/a><\/strong><\/span><\/p>","protected":false},"featured_media":66919,"comment_status":"open","ping_status":"closed","template":"","meta":{"_acf_changed":false,"site-sidebar-layout":"default","site-content-layout":"","ast-site-content-layout":"default","site-content-style":"default","site-sidebar-style":"default","ast-global-header-display":"","ast-banner-title-visibility":"","ast-main-header-display":"","ast-hfb-above-header-display":"","ast-hfb-below-header-display":"","ast-hfb-mobile-header-display":"","site-post-title":"","ast-breadcrumbs-content":"","ast-featured-img":"","footer-sml-layout":"","theme-transparent-header-meta":"default","adv-header-id-meta":"","stick-header-meta":"","header-above-stick-meta":"","header-main-stick-meta":"","header-below-stick-meta":"","astra-migrate-meta-layouts":"set","ast-page-background-enabled":"default","ast-page-background-meta":{"desktop":{"background-color":"var(--ast-global-color-4)","background-image":"","background-repeat":"repeat","background-position":"center center","background-size":"auto","background-attachment":"scroll","background-type":"","background-media":"","overlay-type":"","overlay-color":"","overlay-opacity":"","overlay-gradient":""},"tablet":{"background-color":"","background-image":"","background-repeat":"repeat","background-position":"center center","background-size":"auto","background-attachment":"scroll","background-type":"","background-media":"","overlay-type":"","overlay-color":"","overlay-opacity":"","overlay-gradient":""},"mobile":{"background-color":"","background-image":"","background-repeat":"repeat","background-position":"center center","background-size":"auto","background-attachment":"scroll","background-type":"","background-media":"","overlay-type":"","overlay-color":"","overlay-opacity":"","overlay-gradient":""}},"ast-content-background-meta":{"desktop":{"background-color":"var(--ast-global-color-5)","background-image":"","background-repeat":"repeat","background-position":"center center","background-size":"auto","background-attachment":"scroll","background-type":"","background-media":"","overlay-type":"","overlay-color":"","overlay-opacity":"","overlay-gradient":""},"tablet":{"background-color":"var(--ast-global-color-5)","background-image":"","background-repeat":"repeat","background-position":"center center","background-size":"auto","background-attachment":"scroll","background-type":"","background-media":"","overlay-type":"","overlay-color":"","overlay-opacity":"","overlay-gradient":""},"mobile":{"background-color":"var(--ast-global-color-5)","background-image":"","background-repeat":"repeat","background-position":"center center","background-size":"auto","background-attachment":"scroll","background-type":"","background-media":"","overlay-type":"","overlay-color":"","overlay-opacity":"","overlay-gradient":""}}},"product_brand":[],"product_cat":[593,328],"product_tag":[],"class_list":{"0":"post-66917","1":"product","2":"type-product","3":"status-publish","4":"has-post-thumbnail","6":"product_cat-flores-cbd-indoor","7":"product_cat-comprar-flores-de-cbd-y-cogollos-de-cbd","8":"desktop-align-center","9":"tablet-align-center","10":"mobile-align-center","12":"first","13":"outofstock","14":"taxable","15":"shipping-taxable","16":"purchasable","17":"product-type-simple"},"acf":[],"yoast_head":"<!-- This site is optimized with the Yoast SEO Premium plugin v27.3 (Yoast SEO v27.3) - https:\/\/yoast.com\/product\/yoast-seo-premium-wordpress\/ -->\n<title>Flor CBD Creepy Kush Indoor \u2013 Edici\u00f3n Limitada Halloween | Iguana Smoke<\/title>\n<meta name=\"description\" content=\"Celebra Halloween con la Flor CBD Creepy Kush Indoor - Edici\u00f3n Limitada. Dise\u00f1o exclusivo Iguana Zombie. \u00a1Compra CBD Indoor legal y premium aqu\u00ed!\" \/>\n<meta name=\"robots\" content=\"index, follow, max-snippet:-1, max-image-preview:large, max-video-preview:-1\" \/>\n<link rel=\"canonical\" href=\"https:\/\/iguanasmoke.com\/it\/prodotto\/creepy-kush-indoor-edizione-limitata-di-halloween\/\" \/>\n<meta property=\"og:locale\" content=\"it_IT\" \/>\n<meta property=\"og:type\" content=\"article\" \/>\n<meta property=\"og:title\" content=\"Flor CBD Creepy Kush Indoor (Edici\u00f3n Limitada Halloween)\" \/>\n<meta property=\"og:description\" content=\"Destaca por su exclusividad de 250 unidades de Edici\u00f3n Limitada inspirada en la m\u00edtica gen\u00e9tica Creepy:   Cultivo interior premium Indoor   CBD: entre 12-14%   THC: &lt;0,3%   100% legal en Europa   Cogollos densos con tonos oscuros  Aroma potente y dise\u00f1o Iguana Zombie  Consulta el an\u00e1lisis de laboratorio.\" \/>\n<meta property=\"og:url\" content=\"https:\/\/iguanasmoke.com\/it\/prodotto\/creepy-kush-indoor-edizione-limitata-di-halloween\/\" \/>\n<meta property=\"og:site_name\" content=\"Iguana Smoke\" \/>\n<meta property=\"article:publisher\" content=\"https:\/\/www.facebook.com\/iguanasmoke\" \/>\n<meta property=\"article:modified_time\" content=\"2026-01-29T08:26:25+00:00\" \/>\n<meta property=\"og:image\" content=\"https:\/\/iguanasmoke.com\/wp-content\/uploads\/2025\/10\/Diseno-sin-titulo-21.webp\" \/>\n\t<meta property=\"og:image:width\" content=\"1000\" \/>\n\t<meta property=\"og:image:height\" content=\"1000\" \/>\n\t<meta property=\"og:image:type\" content=\"image\/webp\" \/>\n<meta name=\"twitter:card\" content=\"summary_large_image\" \/>\n<meta name=\"twitter:label1\" content=\"Prezzo\" \/>\n\t<meta name=\"twitter:data1\" content=\"14,90&nbsp;&euro;\" \/>\n\t<meta name=\"twitter:label2\" content=\"Disponibilit\u00e0\" \/>\n\t<meta name=\"twitter:data2\" content=\"Esaurito\" \/>\n<meta property=\"product:brand\" content=\"simple\" \/>\n<meta property=\"product:price:amount\" content=\"14.90\" \/>\n<meta property=\"product:price:currency\" content=\"EUR\" \/>\n<meta property=\"og:availability\" content=\"out of stock\" \/>\n<meta property=\"product:availability\" content=\"out of stock\" \/>\n<meta property=\"product:condition\" content=\"new\" \/>\n<!-- \/ Yoast SEO Premium plugin. -->","yoast_head_json":{"title":"Fiore CBD Creepy Kush Indoor - Edizione Limitata Halloween | Iguana Smoke","description":"Festeggia Halloween con il CBD Creepy Kush Indoor Flower - Edizione limitata. Esclusivo design Iguana Zombie. Acquista qui il CBD Indoor legale e di prima qualit\u00e0!","robots":{"index":"index","follow":"follow","max-snippet":"max-snippet:-1","max-image-preview":"max-image-preview:large","max-video-preview":"max-video-preview:-1"},"canonical":"https:\/\/iguanasmoke.com\/it\/prodotto\/creepy-kush-indoor-edizione-limitata-di-halloween\/","og_locale":"it_IT","og_type":"article","og_title":"Flor CBD Creepy Kush Indoor (Edici\u00f3n Limitada Halloween)","og_description":"Destaca por su exclusividad de 250 unidades de Edici\u00f3n Limitada inspirada en la m\u00edtica gen\u00e9tica Creepy:   Cultivo interior premium Indoor   CBD: entre 12-14%   THC: &lt;0,3%   100% legal en Europa   Cogollos densos con tonos oscuros  Aroma potente y dise\u00f1o Iguana Zombie  Consulta el an\u00e1lisis de laboratorio.","og_url":"https:\/\/iguanasmoke.com\/it\/prodotto\/creepy-kush-indoor-edizione-limitata-di-halloween\/","og_site_name":"Iguana Smoke","article_publisher":"https:\/\/www.facebook.com\/iguanasmoke","article_modified_time":"2026-01-29T08:26:25+00:00","og_image":[{"width":1000,"height":1000,"url":"https:\/\/iguanasmoke.com\/wp-content\/uploads\/2025\/10\/Diseno-sin-titulo-21.webp","type":"image\/webp"}],"twitter_card":"summary_large_image","twitter_misc":{"Prezzo":"14,90&nbsp;&euro;","Disponibilit\u00e0":"Esaurito"},"schema":{"@context":"https:\/\/schema.org","@graph":[{"@type":"WebPage","@id":"https:\/\/iguanasmoke.com\/producto\/creepy-kush-indoor-edicion-limitada-halloween\/","url":"https:\/\/iguanasmoke.com\/producto\/creepy-kush-indoor-edicion-limitada-halloween\/","name":"Fiore CBD Creepy Kush Indoor - Edizione Limitata Halloween | Iguana Smoke","isPartOf":{"@id":"https:\/\/iguanasmoke.com\/#website"},"primaryImageOfPage":{"@id":"https:\/\/iguanasmoke.com\/producto\/creepy-kush-indoor-edicion-limitada-halloween\/#primaryimage"},"image":{"@id":"https:\/\/iguanasmoke.com\/producto\/creepy-kush-indoor-edicion-limitada-halloween\/#primaryimage"},"thumbnailUrl":"https:\/\/iguanasmoke.com\/wp-content\/uploads\/2025\/10\/Diseno-sin-titulo-21.webp","datePublished":"2025-10-18T09:57:48+00:00","dateModified":"2026-01-29T08:26:25+00:00","description":"Festeggia Halloween con il CBD Creepy Kush Indoor Flower - Edizione limitata. Esclusivo design Iguana Zombie. Acquista qui il CBD Indoor legale e di prima qualit\u00e0!","breadcrumb":{"@id":"https:\/\/iguanasmoke.com\/producto\/creepy-kush-indoor-edicion-limitada-halloween\/#breadcrumb"},"inLanguage":"it-IT","potentialAction":[{"@type":"ReadAction","target":["https:\/\/iguanasmoke.com\/producto\/creepy-kush-indoor-edicion-limitada-halloween\/"]}]},{"@type":"ImageObject","inLanguage":"it-IT","@id":"https:\/\/iguanasmoke.com\/producto\/creepy-kush-indoor-edicion-limitada-halloween\/#primaryimage","url":"https:\/\/iguanasmoke.com\/wp-content\/uploads\/2025\/10\/Diseno-sin-titulo-21.webp","contentUrl":"https:\/\/iguanasmoke.com\/wp-content\/uploads\/2025\/10\/Diseno-sin-titulo-21.webp","width":1000,"height":1000,"caption":"Bolsa exclusiva de Creepy Kush Indoor, edici\u00f3n limitada de Halloween con la Iguana Zombie y su emblem\u00e1tico cogollo de CBD premium."},{"@type":"BreadcrumbList","@id":"https:\/\/iguanasmoke.com\/producto\/creepy-kush-indoor-edicion-limitada-halloween\/#breadcrumb","itemListElement":[{"@type":"ListItem","position":1,"name":"home","item":"https:\/\/iguanasmoke.com\/"},{"@type":"ListItem","position":2,"name":"Tienda","item":"https:\/\/iguanasmoke.com\/tienda\/"},{"@type":"ListItem","position":3,"name":"Flores de CBD","item":"https:\/\/iguanasmoke.com\/categoria\/comprar-flores-de-cbd-y-cogollos-de-cbd\/"},{"@type":"ListItem","position":4,"name":"Flor CBD Creepy Kush Indoor (Edici\u00f3n Limitada Halloween)"}]},{"@type":"WebSite","@id":"https:\/\/iguanasmoke.com\/#website","url":"https:\/\/iguanasmoke.com\/","name":"Fumo di iguana","description":"Acquistare CBD online al miglior prezzo","publisher":{"@id":"https:\/\/iguanasmoke.com\/#organization"},"potentialAction":[{"@type":"SearchAction","target":{"@type":"EntryPoint","urlTemplate":"https:\/\/iguanasmoke.com\/?s={search_term_string}"},"query-input":{"@type":"PropertyValueSpecification","valueRequired":true,"valueName":"search_term_string"}}],"inLanguage":"it-IT"},{"@type":"Organization","@id":"https:\/\/iguanasmoke.com\/#organization","name":"Fumo di iguana","url":"https:\/\/iguanasmoke.com\/","logo":{"@type":"ImageObject","inLanguage":"it-IT","@id":"https:\/\/iguanasmoke.com\/#\/schema\/logo\/image\/","url":"https:\/\/iguanasmoke.com\/wp-content\/uploads\/2025\/01\/logoiguana-favi-1.png","contentUrl":"https:\/\/iguanasmoke.com\/wp-content\/uploads\/2025\/01\/logoiguana-favi-1.png","width":512,"height":512,"caption":"Iguana Smoke"},"image":{"@id":"https:\/\/iguanasmoke.com\/#\/schema\/logo\/image\/"},"sameAs":["https:\/\/www.facebook.com\/iguanasmoke","https:\/\/www.instagram.com\/iguanasmoke\/"]}]},"product_brand":"simple","product_price_amount":"14.90","product_price_currency":"EUR","og_availability":"out of stock","product_availability":"out of stock","product_condition":"new"},"_links":{"self":[{"href":"https:\/\/iguanasmoke.com\/it\/wp-json\/wp\/v2\/product\/66917","targetHints":{"allow":["GET"]}}],"collection":[{"href":"https:\/\/iguanasmoke.com\/it\/wp-json\/wp\/v2\/product"}],"about":[{"href":"https:\/\/iguanasmoke.com\/it\/wp-json\/wp\/v2\/types\/product"}],"replies":[{"embeddable":true,"href":"https:\/\/iguanasmoke.com\/it\/wp-json\/wp\/v2\/comments?post=66917"}],"wp:featuredmedia":[{"embeddable":true,"href":"https:\/\/iguanasmoke.com\/it\/wp-json\/wp\/v2\/media\/66919"}],"wp:attachment":[{"href":"https:\/\/iguanasmoke.com\/it\/wp-json\/wp\/v2\/media?parent=66917"}],"wp:term":[{"taxonomy":"product_brand","embeddable":true,"href":"https:\/\/iguanasmoke.com\/it\/wp-json\/wp\/v2\/product_brand?post=66917"},{"taxonomy":"product_cat","embeddable":true,"href":"https:\/\/iguanasmoke.com\/it\/wp-json\/wp\/v2\/product_cat?post=66917"},{"taxonomy":"product_tag","embeddable":true,"href":"https:\/\/iguanasmoke.com\/it\/wp-json\/wp\/v2\/product_tag?post=66917"}],"curies":[{"name":"wp","href":"https:\/\/api.w.org\/{rel}","templated":true}]}}